{"id":1031,"date":"2017-08-29T13:55:45","date_gmt":"2017-08-29T13:55:45","guid":{"rendered":"http:\/\/winelove.vn\/9xweb\/?post_type=product&#038;p=1031"},"modified":"2023-05-08T04:14:37","modified_gmt":"2023-05-07T21:14:37","slug":"ge-ensamblaje-2012","status":"publish","type":"product","link":"http:\/\/winelove.vn\/9xweb\/?product=ge-ensamblaje-2012","title":{"rendered":"R\u01b0\u1ee3u Vang Ge Ensamblaje 5.4% ABV* &#8211; Vang Chile Cao C\u1ea5p"},"content":{"rendered":"<p><span style=\"font-family: arial, helvetica, sans-serif; font-size: 12pt; color: #000000;\">V\u1edbi nhi\u1ec1u th\u1ebf m\u1ea1nh v\u1ec1 \u0111\u1ecba l\u00ed tr\u00ean Chile ch\u00ednh l\u00e0 m\u1ed9t v\u01b0\u01a1ng\u00a0<\/span><span style=\"font-family: arial, helvetica, sans-serif; font-size: 12pt; color: #000000;\">qu\u1ed1c l\u00ed t\u01b0\u1edfng cho ngh\u00e0nh s\u1ea3n xu\u1ea5t r\u01b0\u1ee3u vang. R\u1ea5t nhi\u1ec1u nh\u00e0 s\u1ea3n xu\u1ea5t r\u01b0\u1ee3u vang\u00a0<\/span><span style=\"font-family: arial, helvetica, sans-serif; font-size: 12pt; color: #000000;\">n\u1ed5i ti\u1ebfng t\u1eeb c\u00e1c qu\u1ed1c gia kh\u00e1c \u0111\u00e3 \u0111\u1ebfn \u0111\u00e2y \u0111\u1ec3 l\u1eadp c\u01a1 s\u1edf \u0111\u1ec3 khai th\u00e1c c\u00e1c th\u1ebf m\u1ea1nh \u1edf\u00a0<\/span><span style=\"font-family: arial, helvetica, sans-serif; font-size: 12pt; color: #000000;\">\u0111\u00e2y. Nh\u01b0ng c\u00e1c nh\u00e0 s\u1ea3n xu\u1ea5t t\u1ea1i qu\u00ea nh\u00e0 v\u1eabn ph\u00e1t tri\u1ec3n m\u1ea1nh m\u1ebd h\u01a1n trong \u0111\u00f3 nh\u00e0\u00a0<\/span><span style=\"font-family: arial, helvetica, sans-serif; font-size: 12pt; color: #000000;\">s\u1ea3n xu\u1ea5t Emiliana l\u00e0 m\u1ed9t trong nh\u1eefng h\u00e3ng r\u01b0\u1ee3u d\u1eabn \u0111\u1ea7u t\u1ea1i \u0111\u1ea5t n\u01b0\u1edbc Chile. C\u00f3 r\u1ea5t\u00a0<\/span><span style=\"font-family: arial, helvetica, sans-serif; font-size: 12pt; color: #000000;\">nhi\u1ec1u chai vang thu\u1ed9c h\u00e3ng r\u01b0\u1ee3u n\u00e0y \u0111\u00e3 g\u00e2y ch\u1ea5n \u0111\u1ed9ng l\u00e0ng r\u01b0\u1ee3u vang th\u1ebf gi\u1edbi\u00a0<\/span><span style=\"font-family: arial, helvetica, sans-serif; font-size: 12pt; color: #000000;\">trong \u0111\u00f3 kh\u00f4ng th\u1ec3 n\u00e0o kh\u00f4ng k\u1ec3 \u0111\u1ebfn chai r\u01b0\u1ee3u vang Ge Ensamblaje \u0111\u01b0\u1ee3c t\u1ea1o\u00a0<\/span><span style=\"font-family: arial, helvetica, sans-serif; font-size: 12pt; color: #000000;\">n\u00ean t\u1eeb c\u00e1c gi\u1ed1ng nho Carmenere, Syrah v\u00e0 Cabernet Sauvignon. G\u1ecdi ngay\u00a0<strong><span style=\"color: #800000;\">hotline: 098.221.6068<\/span>\u00a0<\/strong>\u0111\u1ec3 nh\u1eadn b\u00e1o gi\u00e1 t\u1ed1t nh\u1ea5t.<\/span><\/p>\n<p>&nbsp;<\/p>\n<h2><span style=\"font-family: arial, helvetica, sans-serif; font-size: 18pt; color: #800000;\"><strong>Gi\u1edbi thi\u1ec7u v\u1ec1 r\u01b0\u1ee3u vang Ge Ensamblaje cao c\u1ea5p:<\/strong><\/span><\/h2>\n<p><span style=\"font-family: arial, helvetica, sans-serif; font-size: 12pt; color: #000000;\">V\u1edbi l\u00e3nh th\u1ed5 k\u00e9o d\u00e0i v\u00e0 \u0111\u1ecba h\u00ecnh nhi\u1ec1u \u0111\u1ed3i n\u00fai cao, Chile l\u00e0 qu\u1ed1c gia c\u00f3 nhi\u1ec1u v\u00f9ng\u00a0<\/span><span style=\"font-family: arial, helvetica, sans-serif; font-size: 12pt; color: #000000;\">kh\u00ed h\u1eadu kh\u00e1c nhau. Ph\u00eda B\u1eafc c\u00f3 kh\u00ed h\u1eadu sa m\u1ea1c \u0111i\u1ec3n h\u00ecnh v\u00e0 sa m\u1ea1c Atacama th\u1ef1c\u00a0<\/span><span style=\"font-family: arial, helvetica, sans-serif; font-size: 12pt; color: #000000;\">s\u1ef1 l\u00e0 sa m\u1ea1c kh\u00f4 nh\u1ea5t tr\u00ean th\u1ebf gi\u1edbi. Theo ghi nh\u1eadn, Arica r\u1ea5t \u00edt m\u01b0a, th\u1eadm ch\u00ed\u00a0<\/span><span style=\"font-family: arial, helvetica, sans-serif; font-size: 12pt; color: #000000;\">kh\u00f4ng m\u01b0a su\u1ed1t c\u1ea3 n\u0103m. M\u1eb7c d\u00f9 v\u1eady, sa m\u1ea1c Atacama kh\u00f4ng \u0111\u1eb7c bi\u1ec7t n\u00f3ng. Nhi\u1ec7t\u00a0<\/span><span style=\"font-family: arial, helvetica, sans-serif; font-size: 12pt; color: #000000;\">\u0111\u1ed9 trung b\u00ecnh kho\u1ea3ng 35 \u00b0 C ho\u1eb7c nhi\u1ec1u h\u01a1n m\u1ed9t ch\u00fat. <\/span><\/p>\n<p><span style=\"font-family: arial, helvetica, sans-serif; font-size: 12pt; color: #000000;\">Tr\u00ean \u0111\u1ec9nh n\u00fai Andes nhi\u1ec7t\u00a0<\/span><span style=\"font-family: arial, helvetica, sans-serif; font-size: 12pt; color: #000000;\">\u0111\u1ed9 c\u00f3 th\u1ec3 xu\u1ed1ng th\u1ea5p, \u0111\u1eb7c bi\u1ec7t l\u00e0 v\u00e0o ban \u0111\u00eam khi nhi\u1ec7t \u0111\u1ed9 th\u01b0\u1eddng gi\u1ea3m xu\u1ed1ng\u00a0<\/span><span style=\"font-family: arial, helvetica, sans-serif; font-size: 12pt; color: #000000;\">d\u01b0\u1edbi kh\u00f4ng. Khu v\u1ef1c gi\u1eefa c\u1ee7a \u0111\u1ea5t n\u01b0\u1edbc c\u00f3 kh\u00ed h\u1eadu \u00f4n \u0111\u1edbi h\u01a1n v\u1edbi m\u00f9a h\u00e8 n\u00f3ng v\u00e0\u00a0<\/span><span style=\"font-family: arial, helvetica, sans-serif; font-size: 12pt; color: #000000;\">m\u00f9a \u0111\u00f4ng \u00f4n h\u00f2a. Santiago c\u00f3 th\u1ec3 kh\u00e1 n\u00f3ng v\u00e0o m\u00f9a h\u00e8 v\u00e0 c\u00f9ng v\u1edbi s\u01b0\u01a1ng m\u00f9 d\u00e0y\u00a0<\/span><span style=\"font-family: arial, helvetica, sans-serif; font-size: 12pt; color: #000000;\">\u0111\u1eb7c n\u00ean s\u1ebd kh\u00f4ng th\u00edch h\u1ee3p du l\u1ecbch v\u00e0o m\u00f9a h\u00e8. Xa h\u01a1n v\u1ec1 ph\u00eda nam, m\u00f9a h\u00e8 m\u00e1t\u00a0<\/span><span style=\"font-family: arial, helvetica, sans-serif; font-size: 12pt; color: #000000;\">m\u1ebb h\u01a1n v\u00e0 m\u00f9a \u0111\u00f4ng l\u1ea1nh h\u01a1n m\u1ed9t ch\u00fat. Ph\u1ea7n n\u00e0y xung quanh c\u00e1c h\u1ed3 v\u00e0 n\u00fai l\u1eeda\u00a0<\/span><span style=\"font-family: arial, helvetica, sans-serif; font-size: 12pt; color: #000000;\">c\u1ee7a Chile m\u01b0a nhi\u1ec1u h\u01a1n so v\u1edbi c\u00e1c v\u00f9ng kh\u00e1c c\u1ee7a \u0111\u1ea5t n\u01b0\u1edbc. <\/span><\/p>\n<p><span style=\"font-family: arial, helvetica, sans-serif; font-size: 12pt; color: #000000;\">\u1ede ph\u00eda nam Chile,\u00a0<\/span><span style=\"font-family: arial, helvetica, sans-serif; font-size: 12pt; color: #000000;\">m\u00f9a h\u00e8 ng\u1eafn, kh\u00ed h\u1eadu m\u00e1t m\u1ebb, th\u1eadm ch\u00ed \u0111\u00f4i khi l\u1ea1nh, v\u00e0 tuy\u1ebft c\u00f3 th\u1ec3 r\u01a1i xu\u1ed1ng h\u1ea7u\u00a0<\/span><span style=\"font-family: arial, helvetica, sans-serif; font-size: 12pt; color: #000000;\">nh\u01b0 m\u1ed7i th\u00e1ng trong n\u0103m. L\u01b0\u1ee3ng m\u01b0a \u1edf \u0111\u1ea5t n\u01b0\u1edbc n\u00e0y gi\u1ea3m h\u1eb3n v\u1ec1 cu\u1ed1i n\u0103m c\u0169ng\u00a0<\/span><span style=\"font-family: arial, helvetica, sans-serif; font-size: 12pt; color: #000000;\">l\u00e0 m\u00f9a thu ho\u1ea1ch nho. T\u1eeb \u0111\u00f3 gi\u00fap nho ch\u00edn \u0111\u01b0\u1ee3c \u0111\u1ebfn \u0111\u1ed9 \u0111\u1eadm \u0111\u00e0 v\u00e0 nhi\u1ec7t \u0111\u1ed9 gi\u1eefa\u00a0<\/span><span style=\"font-family: arial, helvetica, sans-serif; font-size: 12pt; color: #000000;\">ng\u00e0y v\u00e0 \u0111\u00eam kh\u00e1 l\u1edbn l\u1ea1i c\u00e0ng l\u00e0m m\u00f9i h\u01b0\u01a1ng c\u1ee7a nh\u1eefng chai vang \u0111\u01b0\u1ee3c l\u00e0m ra d\u1eady\u00a0<\/span><span style=\"font-family: arial, helvetica, sans-serif; font-size: 12pt; color: #000000;\">m\u00f9i h\u01a1n bao gi\u1edd h\u1ebft.<\/span><\/p>\n<p><span style=\"font-family: arial, helvetica, sans-serif; font-size: 12pt; color: #000000;\">V\u1edbi th\u1eddi gian 16 th\u00e1ng \u1ee7 trong th\u00f9ng g\u1ed7 s\u1ed3i v\u00e0 tu\u1ed5i r\u01b0\u1ee3u ti\u1ec1m n\u0103ng l\u00ean \u0111\u1ebfn 15 n\u0103m, l\u00e0m t\u1eeb nh\u1eefng tr\u00e1i nho thu\u1ed9c ru\u1ed9ng nho Fundo Los Robles, \u0111\u01b0\u1ee3c tr\u1ed3ng t\u1ea1i ch\u00e2n c\u1ee7a v\u00f9ng n\u00fai Lo Moscoso trong ni\u00ean v\u1ee5 2012 \u1ea5m v\u00e0 kh\u00f4 h\u01a1n n\u0103m tr\u01b0\u1edbc, s\u1ea3n ph\u1ea9m r\u01b0\u1ee3u vang Ge Ensamblaje 2012 mang trong m\u00ecnh h\u01b0\u01a1ng v\u1ecb \u0111\u1eadm \u0111\u00e0, tr\u00e0n ng\u1eadp h\u01b0\u01a1ng qu\u1ea3 l\u00fd chua, d\u00e2u t\u00e2y,\u00a0m\u00e2m x\u00f4i. M\u00f9i h\u01b0\u01a1ng \u00a0vani,cam th\u1ea3o h\u00f2a qu\u1ec7n v\u00e0 n\u1ed5i b\u1eadt v\u00e0 s\u1eafc t\u00edm violet tinh t\u1ebf \u0111\u1eadm \u0111\u00e0. Khi th\u01b0\u1edfng th\u1ee9c r\u01b0\u1ee3u vang Ge Ensamblaje 2012,\u00a0r\u01b0\u1ee3u tr\u00f2n mi\u1ec7ng, s\u00e1nh, c\u00f3 n\u1ed3ng \u0111\u1ed9 v\u00e0 \u0111\u1ed9 c\u00e2n b\u1eb1ng tuy\u1ec7t v\u1eddi, t\u1ea1o c\u1ea3m gi\u00e1c t\u01b0\u01a1i m\u00e1t s\u1ea3ng kho\u00e1i, d\u01b0 v\u1ecb k\u00e9o d\u00e0i tr\u00ean \u0111\u1ea7u m\u00f4i.<\/span><\/p>\n<h2><span style=\"font-family: arial, helvetica, sans-serif; font-size: 18pt; color: #800000;\"><strong>\u0110\u1eb7c \u0111i\u1ec3m<\/strong>\u00a0vang Chile Ge Ensamblaje 2012:<\/span><\/h2>\n<p><span style=\"font-family: arial, helvetica, sans-serif; font-size: 12pt; color: #000000;\">Chai r\u01b0\u1ee3u vang Ge Ensamblaje \u0111\u01b0\u1ee3c r\u1ea5t nhi\u1ec1u th\u1ef1c kh\u00e1ch \u01b0u \u00e1i tin d\u00f9ng b\u1edfi m\u00e0u\u00a0<\/span><span style=\"font-family: arial, helvetica, sans-serif; font-size: 12pt; color: #000000;\">s\u1eafc b\u1eaft m\u1eaft c\u1ee7a chai vang. \u0110\u00f3 l\u00e0 m\u00e0u \u0111\u1ecf s\u1eabm pha \u00e1nh t\u00edm quy\u1ebfn r\u0169. \u0110\u1ec3 l\u00e0m n\u00ean\u00a0<\/span><span style=\"font-family: arial, helvetica, sans-serif; font-size: 12pt; color: #000000;\">m\u1ed9t chai r\u01b0\u1ee3u vang c\u00f3 \u0111\u01b0\u1ee3c \u0111\u1ed9 th\u01a1m ngon \u0111\u00edch th\u1ef1c nh\u01b0 v\u1eady ch\u00ednh l\u00e0 nh\u1edd s\u1ef1 k\u1ebft\u00a0<\/span><span style=\"font-family: arial, helvetica, sans-serif; font-size: 12pt; color: #000000;\">h\u1ee3p c\u1ee7a ba gi\u1ed1ng nho t\u01b0\u01a1i ngon. \u0110i\u1ec3m \u0111\u1eb7c bi\u1ec7t c\u1ee7a chai vang n\u00e0y m\u00e0 b\u1ea1n d\u1ec5 d\u00e0ng\u00a0<\/span><span style=\"font-family: arial, helvetica, sans-serif; font-size: 12pt; color: #000000;\">nh\u1eadn ra ch\u00ednh l\u00e0 c\u1ea5u tr\u00fac r\u01b0\u1ee3u v\u1eefng ch\u1eafc do ch\u1ea5t tannin \u1edf m\u1ee9c trung b\u00ecnh, h\u01a1n\u00a0<\/span><span style=\"font-family: arial, helvetica, sans-serif; font-size: 12pt; color: #000000;\">n\u1eefa h\u01b0\u01a1ng v\u1ecb berry \u0111en d\u1eady m\u00f9i. <\/span><\/p>\n<p><span style=\"font-family: arial, helvetica, sans-serif; font-size: 12pt; color: #000000;\">C\u00f2n c\u00f3 c\u1ea3 m\u00f9i th\u01a1m nh\u1eb9 nh\u00e0ng, thanh tho\u00e1t t\u1eeb\u00a0<\/span><span style=\"font-family: arial, helvetica, sans-serif; font-size: 12pt; color: #000000;\">h\u01b0\u01a1ng th\u1ea3o v\u00e0 hoa o\u1ea3i h\u01b0\u01a1ng. Nh\u00e3n chai r\u01b0\u1ee3u m\u00e0u tr\u1eafng s\u1eefa, b\u00ean tr\u00ean nh\u00e3n c\u00f3 in\u00a0<\/span><span style=\"font-family: arial, helvetica, sans-serif; font-size: 12pt; color: #000000;\">h\u00ecnh G\u00ca m\u00e0u v\u00e0ng n\u1ed5i b\u1eadt, n\u00fat chai r\u01b0\u1ee3u c\u00f3 m\u00e0u \u0111en huy\u1ec1n b\u00ed. K\u00edch th\u00edch v\u1ecb gi\u00e1c\u00a0<\/span><span style=\"font-family: arial, helvetica, sans-serif; font-size: 12pt; color: #000000;\">l\u00e0 v\u1ecb ng\u1ecdt c\u1ee7a qu\u1ea3 ch\u00edn nh\u01b0 m\u1eadn t\u00edm, vi\u1ec7t qu\u1ea5t, v\u00e0 m\u00e2m x\u00f4i c\u00f2n c\u00f3 ch\u00fat cay n\u1ed3ng\u00a0<\/span><span style=\"font-family: arial, helvetica, sans-serif; font-size: 12pt; color: #000000;\">c\u1ee7a ti\u00eau \u0111en v\u00e0 v\u1ecb cu\u1ed1i c\u00f9ng l\u00e0 ch\u00fat \u0111\u1eafng nh\u1eb9 c\u1ee7a socola \u0111en. <\/span><\/p>\n<p><span style=\"font-family: arial, helvetica, sans-serif; font-size: 12pt; color: #000000;\">Ch\u1ec9 trong m\u1ed9t chai r\u01b0\u1ee3u\u00a0<\/span><span style=\"font-family: arial, helvetica, sans-serif; font-size: 12pt; color: #000000;\">vang Ge Ensamblaje nh\u01b0 v\u1eady th\u00f4i m\u00e0 \u0111\u00e3 h\u1ed9i t\u1ee5 \u0111\u1ee7 c\u00e1c v\u1ecb ng\u1ecdt \u0111\u1eafng cay. C\u00f2n m\u1ee9c \u0111\u1ed9 c\u1ed3n c\u0169ng<\/span><br \/>\n<span style=\"font-family: arial, helvetica, sans-serif; font-size: 12pt; color: #000000;\">n\u1eb1m \u1edf m\u1ee9c trung b\u00ecnh l\u00e0 15%.<\/span><\/p>\n<p>&nbsp;<\/p>\n<h2><span style=\"font-family: arial, helvetica, sans-serif; font-size: 18pt; color: #800000;\"><strong>Quy tr\u00ecnh s\u1ea3n xu\u1ea5t vang Chile Ge Ensamblaje:<\/strong><\/span><\/h2>\n<p><span style=\"font-family: arial, helvetica, sans-serif; font-size: 12pt; color: #000000;\">Nh\u1eefng tr\u00e1i nho sau khi \u0111\u00e3 \u0111\u01b0\u1ee3c ch\u1ecdn l\u1ecdc s\u1ebd \u0111\u01b0\u1ee3c mang \u0111i x\u1eed l\u00ed qua nhi\u1ec1u b\u01b0\u1edbc s\u01a1\u00a0<\/span><span style=\"font-family: arial, helvetica, sans-serif; font-size: 12pt; color: #000000;\">ch\u1ebf. R\u1ed3i \u1ee7 v\u00e0 l\u00ean men su\u1ed1t 18 th\u00e1ng trong th\u00f9ng g\u1ed7 s\u1ed3i to l\u1edbn. Ti\u1ebfp \u0111\u1ebfn c\u00f4ng \u0111o\u1ea1n\u00a0<\/span><span style=\"font-family: arial, helvetica, sans-serif; font-size: 12pt; color: #000000;\">\u0111\u00f3ng r\u01b0\u1ee3u v\u00e0o chai. Chai r\u01b0\u1ee3u vang Ge Ensamblaje c\u00f3 tu\u1ed5i th\u1ecd 15 n\u0103m v\u1eady n\u00ean\u00a0b\u1ea1n mua c\u1ea5t tr\u1eef v\u00e0i chai\u00a0<\/span><span style=\"font-family: arial, helvetica, sans-serif; font-size: 12pt; color: #000000;\">trong kho r\u01b0\u1ee3u c\u1ee7a m\u00ecnh v\u00e0i n\u0103m ch\u01b0a d\u00f9ng \u0111\u1ebfn c\u0169ng kh\u00f4ng sao c\u1ea3.<\/span><\/p>\n<p><span style=\"font-family: arial, helvetica, sans-serif; font-size: 12pt; color: #000000;\">&gt;&gt;&gt; T\u00ecm hi\u1ec3u th\u00eam v\u1ec1\u00a0<span style=\"color: #ff6600;\"><a style=\"color: #ff6600;\" href=\"http:\/\/winelove.vn\/9xweb\/danh-muc\/ruou-vang-chile\" target=\"_blank\" rel=\"noopener noreferrer\">R\u01b0\u1ee3u vang Chile<\/a><\/span><\/span><\/p>\n<h3><span style=\"font-family: arial, helvetica, sans-serif; font-size: 12pt; color: #800000;\"><strong>K\u1ebft h\u1ee3p \u0111\u1ed3 \u0103n:<\/strong><\/span><\/h3>\n<p><span style=\"font-family: arial, helvetica, sans-serif; font-size: 12pt; color: #000000;\">\u0110\u00e2y l\u00e0 lo\u1ea1i r\u01b0\u1ee3u c\u00f3 ph\u1ea9m ch\u1ea5t, \u0111\u1eb7c t\u00ednh v\u00e0 tu\u1ed5i th\u1ecd \u0111\u1eb7c tr\u01b0ng. R\u01b0\u1ee3u vang Ge Ensamblaje 2012 L\u00fd t\u01b0\u1edfng nh\u1ea5t l\u00e0 khi k\u1ebft h\u1ee3p v\u1edbi c\u00e1c m\u00f3n l\u1ee3n n\u01b0\u1edbng, h\u01b0\u01a1u nai v\u00e0 b\u00f2 wagyu v\u00e0 nh\u1eefng \u0111\u1ed3 \u0103n k\u00e8m kh\u00e1c.<\/span><\/p>\n<h3><span style=\"font-family: arial, helvetica, sans-serif; font-size: 12pt; color: #800000;\"><strong>L\u01b0u \u00fd:<\/strong><\/span><\/h3>\n<p><span style=\"font-family: arial, helvetica, sans-serif; font-size: 12pt; color: #000000;\">D\u00f9ng Decanter l\u1eafc nhi\u1ec1u ho\u1eb7c m\u1edf vang m\u1ed9t ti\u1ebfng tr\u01b0\u1edbc khi u\u1ed1ng.<\/span><\/p>\n<p><span style=\"font-family: arial, helvetica, sans-serif; font-size: 12pt; color: #000000;\"><strong>\u00a0<\/strong><\/span><\/p>\n","protected":false},"excerpt":{"rendered":"<p><strong>Xu\u1ea5t x\u1ee9:\u00a0<\/strong>Emilianna<br \/>\n<strong>N\u1ed3ng \u0111\u1ed9:<\/strong> 15%<\/p>\n<p><strong>\u0110\u1eb7c \u0111i\u1ec3m<\/strong> : \u00a0V\u1edbi m\u00e0u m\u1eadn \u0111\u1ecf v\u1edbi t\u00f4ng m\u00e0u \u0111\u1ecf m\u1eadn s\u1eabm v\u00e0 s\u1eafc t\u00edm violet\u00a0v\u1edbi h\u01b0\u01a1ng th\u1ea3o, hoa o\u1ea3i h\u01b0\u01a1ng, vang Chi L\u00ea\u00a0G\u00ca Ensamblaje\u00a0kh\u00e1\u00a0thanh l\u1ecbch v\u00e0 \u0111\u1ed9 chua nh\u1eb9 nh\u00e0ng. H\u01b0\u01a1ng v\u1ecb d\u1ea7n d\u1ea7n h\u00e9 l\u1ed9 v\u1edbi h\u01b0\u01a1ng \u0111\u1ea7u t\u01b0\u01a1i m\u1edbi g\u1ee3i nh\u1edb v\u1ec1 mi\u1ec1n qu\u00ea, n\u01a1i nh\u1eefng gi\u00e0n nho ng\u1eadp trong h\u01b0\u01a1ng s\u1eafc c\u1ee7a h\u01b0\u01a1ng th\u1ea3o, o\u1ea3i \u01b0\u01a1ng v\u00e0 chi b\u1ea1c h\u00e0, tr\u01b0\u1edbc khi m\u1edf ra n\u1ed1t h\u01b0\u01a1ng tinh t\u1ebf c\u1ee7a qu\u1ea3 ch\u00edn, nh\u01b0 m\u1eadn t\u00edm, vi\u1ec7t qu\u1ea5t, m\u00e2m x\u00f4i c\u00f9ng ch\u00fat cay cay v\u00e0 ng\u0103m \u0111\u1eafng c\u1ee7a socola \u0111en, cafe v\u00e0 ti\u00eau \u0111en, l\u1eafng v\u1ecb th\u1eddi gian \u1ee7 y\u00ean trong th\u00f9ng r\u01b0\u1ee3u. H\u01b0\u01a1ng v\u1ecb c\u1ee7a tr\u00e1i c\u00e2y v\u00e0 r\u01b0\u1ee3u h\u00f2a quy\u1ec7n \u0111\u1eadm \u0111\u00e0 trong v\u1ecb gi\u00e1c ng\u01b0\u1eddi u\u1ed1ng. Ch\u00ednh n\u1ed3ng \u0111\u1ed9, \u0111\u1ed9 ch\u00e1t v\u1eeba ph\u1ea3i v\u00e0 \u0111\u1ed9 chua tinh t\u1ebf \u0111\u00e3 khi\u1ebfn lo\u1ea1i r\u01b0\u1ee3u n\u00e0y ngon d\u1ea7n theo n\u0103m th\u00e1ng.<\/p>\n","protected":false},"featured_media":1887,"comment_status":"open","ping_status":"closed","template":"","meta":[],"class_list":{"0":"post-1031","1":"product","2":"type-product","3":"status-publish","4":"has-post-thumbnail","6":"product_cat-ruou-vang-cao-cap","7":"product_cat-ruou-vang-chile","9":"first","10":"instock","11":"shipping-taxable","12":"purchasable","13":"product-type-simple"},"_links":{"self":[{"href":"http:\/\/winelove.vn\/9xweb\/index.php?rest_route=\/wp\/v2\/product\/1031"}],"collection":[{"href":"http:\/\/winelove.vn\/9xweb\/index.php?rest_route=\/wp\/v2\/product"}],"about":[{"href":"http:\/\/winelove.vn\/9xweb\/index.php?rest_route=\/wp\/v2\/types\/product"}],"replies":[{"embeddable":true,"href":"http:\/\/winelove.vn\/9xweb\/index.php?rest_route=%2Fwp%2Fv2%2Fcomments&post=1031"}],"wp:featuredmedia":[{"embeddable":true,"href":"http:\/\/winelove.vn\/9xweb\/index.php?rest_route=\/wp\/v2\/media\/1887"}],"wp:attachment":[{"href":"http:\/\/winelove.vn\/9xweb\/index.php?rest_route=%2Fwp%2Fv2%2Fmedia&parent=1031"}],"curies":[{"name":"wp","href":"https:\/\/api.w.org\/{rel}","templated":true}]}}