{"id":1116,"date":"2017-08-31T15:28:00","date_gmt":"2017-08-31T15:28:00","guid":{"rendered":"http:\/\/winelove.vn\/9xweb\/?post_type=product&#038;p=1116"},"modified":"2022-11-01T07:41:19","modified_gmt":"2022-11-01T00:41:19","slug":"saint-denis-reserva-2009","status":"publish","type":"product","link":"http:\/\/winelove.vn\/9xweb\/?product=saint-denis-reserva-2009","title":{"rendered":"Vang T\u00e2y Ban Nha Saint Denis Reserva 2009 5.4% ABV*"},"content":{"rendered":"<p><strong>Gi\u1edbi thi\u1ec7u s\u1ea3n ph\u1ea9m :<\/strong><\/p>\n<p><a href=\"http:\/\/winelove.vn\/9xweb\/danh-muc\/ruou-vang-tay-ban-nha\/\">R\u01b0\u1ee3u vang T\u00e2y Ban Nha<\/a> Saint Denis Reserva 2009 \u0111\u01b0\u1ee3c \u0111\u00e1nh gi\u00e1 l\u00e0 m\u1ed9t trong nh\u1eefng chai r\u01b0\u1ee3u vang th\u01b0\u1ee3ng h\u1ea1ng trong s\u1ed1 c\u00e1c d\u00f2ng vang n\u1ed5i ti\u1ebfng \u1edf T\u00e2y Ban Nha- n\u01a1i ra \u0111\u1eddi c\u00e1c lo\u1ea1i r\u01b0\u1ee3u vang \u0111\u01b0\u1ee3c \u01b0a chu\u1ed9ng nh\u1ea5t th\u1ebf gi\u1edbi .\u00a0Lo\u1ea1i r\u01b0\u1ee3u vang n\u00e0y \u0111\u01b0\u1ee3c nh\u1eefng ng\u01b0\u1eddi y\u00eau vang \u0111\u00f3n nh\u1eadn n\u1ed3ng nhi\u1ec7t \u0111\u1ebfn n\u1ed7i n\u00f3 \u0111\u00e3 \u0111\u01b0\u1ee3c s\u1ea3n xu\u1ea5t li\u00ean t\u1ee5c trong hai n\u0103m li\u1ec1n. V\u00e0o n\u0103m 2010, loaji r\u01b0\u1ee3u n\u00e0y \u0111\u00e3 \u0111\u01b0\u1ee3c s\u1ea3n xu\u1ea5t d\u01b0\u1edbi d\u1ea1ng\u00a0chai 3000ml\u00a0\u0111\u1ec3 ph\u1ee5c v\u1ee5 th\u1ef1c kh\u00e1ch l\u00e0 fan h\u00e2m m\u1ed9 c\u1ee7a m\u00ecnh.<\/p>\n<p><strong>\u0110\u1eb7c \u0111i\u1ec3m<\/strong> : <a href=\"http:\/\/winelove.vn\/9xweb\">R\u01b0\u1ee3u vang<\/a> Saint Denis Reserva 2009 c\u00f3 m\u1ed9t h\u01b0\u01a1ng v\u1ecb th\u01a1m ngon kh\u00f3 ch\u1ed1i t\u1eeb. H\u01b0\u01a1ng v\u1ecb c\u1ee7a n\u00f3 \u0111\u01b0\u1ee3c t\u1ea1o n\u00ean b\u1edbi ph\u1ee9c h\u1ee3p c\u1ee7a nhi\u1ec1u gia v\u1ecb. Nh\u01b0ng \u0111i\u1ec1u khi\u1ebfn ng\u01b0\u1eddi ta ch\u00fa \u00fd nh\u1ea5t kh\u00f4ng ph\u1ea3i ch\u1ec9 \u1edf gi\u1ed1ng nho \u0111\u1eb7c bi\u1ec7t t\u1ea1o n\u00ean n\u00f3, m\u00e0 c\u00f2n n\u1eb1m \u1edf m\u00f9i hoa qu\u1ea3 t\u01b0\u01a1i v\u00f9ng \u0111\u1ed3ng n\u1ed9i \u1edf \u0111\u1ea5t n\u01b0\u1edbc T\u00e2y Ban Nha, m\u00f9i qu\u1ea3 m\u1eadn ch\u00edn th\u01a1m ng\u1ecdt ng\u00e0o m\u00e0 say \u0111\u1eafm. Nh\u1eefng qu\u1ea3 m\u1eadn ch\u00edn trong r\u1eebng m\u01b0a nhi\u1ec7t \u0111\u1edbi \u0111\u00e3 \u0111\u01b0\u1ee3c \u0111em ch\u1eaft l\u1ecdc, tinh chi\u1ebft nh\u1eefng h\u01b0\u01a1ng v\u1ecb th\u01a1m ngon, tinh t\u00fay nh\u1ea5t \u0111\u1ec3 mang v\u00e0o chai r\u01b0\u1ee3u vang n\u00e0y. C\u00f9ng v\u1edbi \u0111\u00f3 m\u00e0 m\u00e0u \u0111\u1ecf ruby quy\u1ebfn r\u0169, m\u00f9i g\u1ed7 s\u1ed3i n\u1ed3ng n\u00e0n, c\u1ed5 \u0111i\u1ec3n k\u1ebft h\u1ee3p v\u1ecb tannin tr\u01b0\u1edfng th\u00e0nh, gi\u00fap h\u01b0\u01a1ng th\u01a1m, v\u1ecb ngon c\u1ee7a r\u01b0\u1ee3u lan t\u1ecfa kh\u1eafp khoang mi\u1ec7ng ngay t\u1eeb ng\u1ee5m r\u01b0\u1ee3u \u0111\u1ea7u ti\u00ean , t\u1ea1o d\u01b0 v\u1ecb d\u00e0i v\u00e0 s\u00e2u l\u1eafng, kh\u00f3 qu\u00ean n\u01a1i ng\u01b0\u1eddi th\u01b0\u1edfng th\u1ee9c .<\/p>\n<p>N\u1ed3ng \u0111\u1ed9 c\u1ed3n 14,5% \u1edf m\u1ee9c v\u1eeba ph\u1ea3i ph\u00f9 h\u1ee3p v\u1edbi h\u1ea7u h\u1ebft \u0111\u1ed1i t\u01b0\u1ee3ng s\u1eed d\u1ee5ng, th\u00edch h\u1ee3p v\u1edbi nh\u1eefng bu\u1ed5i party hay nh\u1eefng b\u1eefa \u0103n xum h\u1ecdp gia \u0111\u00ecnh .<\/p>\n<p><strong>Quy tr\u00ecnh ch\u1ebf bi\u1ebfn :<\/strong><\/p>\n<p>M\u00e0u c\u1ee7a r\u01b0\u1ee3u \u0111\u1ecf \u0111\u01b0\u1ee3c h\u00ecnh th\u00e0nh t\u1eeb v\u1ecf c\u1ee7a qu\u1ea3 nho, v\u1ecf v\u00e0 c\u00f9i nho \u0111\u01b0\u1ee3c l\u00ean men c\u00f9ng v\u1edbi n\u01b0\u1edbc nho. V\u1ecb ch\u00e1t t\u1eeb v\u1ecf c\u00e2y c\u0169ng \u0111\u01b0\u1ee3c k\u1ebft h\u1ee3p \u0111\u1ec3 t\u1ea1o th\u00e0nh m\u00e0u \u0111\u1ecf. Nho sau khi \u0111\u01b0\u1ee3c v\u1eaft v\u00e0 c\u1eaft cu\u1ed1ng s\u1ebd \u0111\u01b0\u1ee3c \u0111\u01b0a l\u00ean h\u1ec7 th\u1ed1ng l\u00ean men r\u1ed3i sau \u0111\u00f3 s\u1ebd \u0111\u01b0\u1ee3c \u00e9p. H\u01a1n m\u1ed9t n\u1eeda l\u01b0\u1ee3ng n\u01b0\u1edbc \u00e9p ra t\u1eeb qu\u1ea3 nho m\u1ed9t c\u00e1ch d\u1ec5 d\u00e0ng kh\u00f4ng c\u1ea7n \u0111\u1ebfn \u00e1p l\u1ef1c cao, ph\u1ea7n c\u00f2n l\u1ea1i s\u1ebd \u0111\u01b0\u1ee3c \u00e9p ra t\u1eeb h\u1ec7 th\u1ed1ng \u00e9p . \u0110\u1ec3 r\u01b0\u1ee3u \u0111\u1ea1t \u0111\u01b0\u1ee3c s\u1ef1 h\u00e0i h\u00f2a v\u00e0 \u1ed5n \u0111\u1ecbnh c\u1ee7a m\u00f9i v\u1ecb v\u00e0 ch\u1ea5t l\u01b0\u1ee3ng th\u00ec r\u01b0\u1ee3u ph\u1ea3i \u0111\u01b0\u1ee3c \u1ee7 nh\u1eb1m l\u00e0m cho kh\u00ed \u00f4xi t\u00e1c \u0111\u1ed9ng th\u1eadt ch\u1eadm, th\u01b0\u1eddng \u0111\u01b0\u1ee3c \u1ee7 trong kho\u1ea3ng 3 \u0111\u1ebfn 6 th\u00e1ng ho\u1eb7c 2 \u0111\u1ebfn 3 n\u0103m.<\/p>\n<p><strong>K\u1ebft h\u1ee3p \u0111\u1ed3 \u0103n :<\/strong><\/p>\n<p>K\u1ebft h\u1ee3p ho\u00e0n h\u1ea3o khi \u0103n c\u00f9ng c\u00e1c lo\u1ea1i th\u1ee9c \u0103n l\u00e0m t\u1eeb th\u1ecbt \u0111\u1ecf, c\u00e1c m\u00f3n n\u01b0\u1edbng , BBQ<\/p>\n<p><strong>L\u01b0u \u00fd :<\/strong><\/p>\n<p>D\u00f9ng Decanter l\u1eafc nhi\u1ec1u ho\u1eb7c m\u1edf vang v\u00e0i\u00a0ti\u1ebfng tr\u01b0\u1edbc khi u\u1ed1ng. Nhi\u1ec7t \u0111\u1ed9 l\u00fd t\u01b0\u1edfng khi d\u00f9ng kho\u1ea3ng 18 \u0111\u1ebfn 20 \u0111\u1ed9 C<\/p>\n","protected":false},"excerpt":{"rendered":"<p><strong>Xu\u1ea5t x\u1ee9:<\/strong>\u00a0Bodegas Santalba Rioja Alta<br \/>\n<strong>N\u1ed3ng \u0111\u1ed9:<\/strong> 14,5%<\/p>\n<p><strong>\u0110\u1eb7c \u0111i\u1ec3m<\/strong> : R\u01b0\u1ee3u vang Saint Denis Reserva c\u00f3 m\u1ed9t h\u01b0\u01a1ng v\u1ecb th\u01a1m ngon kh\u00f3 ch\u1ed1i t\u1eeb. H\u01b0\u01a1ng v\u1ecb c\u1ee7a n\u00f3 \u0111\u01b0\u1ee3c t\u1ea1o n\u00ean b\u1edbi ph\u1ee9c h\u1ee3p c\u1ee7a nhi\u1ec1u gia v\u1ecb, nh\u1eefng qu\u1ea3 m\u1eadn ch\u00edn trong r\u1eebng m\u01b0a nhi\u1ec7t \u0111\u1edbi \u0111\u00e3 \u0111\u01b0\u1ee3c \u0111em ch\u1eaft l\u1ecdc, tinh chi\u1ebft nh\u1eefng h\u01b0\u01a1ng v\u1ecb th\u01a1m ngon, tinh t\u00fay nh\u1ea5t \u0111\u1ec3 mang v\u00e0o chai r\u01b0\u1ee3u vang n\u00e0y. C\u00f9ng v\u1edbi \u0111\u00f3 m\u00e0 m\u00e0u \u0111\u1ecf ruby quy\u1ebfn r\u0169, m\u00f9i g\u1ed7 s\u1ed3i n\u1ed3ng n\u00e0n, c\u1ed5 \u0111i\u1ec3n k\u1ebft h\u1ee3p v\u1ecb tannin tr\u01b0\u1edfng th\u00e0nh, gi\u00fap h\u01b0\u01a1ng th\u01a1m, v\u1ecb ngon c\u1ee7a r\u01b0\u1ee3u lan t\u1ecfa kh\u1eafp khoang mi\u1ec7ng ngay t\u1eeb ng\u1ee5m r\u01b0\u1ee3u \u0111\u1ea7u ti\u00ean , t\u1ea1o d\u01b0 v\u1ecb d\u00e0i v\u00e0 s\u00e2u l\u1eafng, kh\u00f3 qu\u00ean n\u01a1i ng\u01b0\u1eddi th\u01b0\u1edfng th\u1ee9c .<\/p>\n","protected":false},"featured_media":6338,"comment_status":"open","ping_status":"closed","template":"","meta":[],"class_list":{"0":"post-1116","1":"product","2":"type-product","3":"status-publish","4":"has-post-thumbnail","6":"product_cat-ruou-vang-cao-cap","7":"product_cat-ruou-vang-tay-ban-nha","9":"first","10":"instock","11":"shipping-taxable","12":"purchasable","13":"product-type-simple"},"_links":{"self":[{"href":"http:\/\/winelove.vn\/9xweb\/index.php?rest_route=\/wp\/v2\/product\/1116"}],"collection":[{"href":"http:\/\/winelove.vn\/9xweb\/index.php?rest_route=\/wp\/v2\/product"}],"about":[{"href":"http:\/\/winelove.vn\/9xweb\/index.php?rest_route=\/wp\/v2\/types\/product"}],"replies":[{"embeddable":true,"href":"http:\/\/winelove.vn\/9xweb\/index.php?rest_route=%2Fwp%2Fv2%2Fcomments&post=1116"}],"wp:featuredmedia":[{"embeddable":true,"href":"http:\/\/winelove.vn\/9xweb\/index.php?rest_route=\/wp\/v2\/media\/6338"}],"wp:attachment":[{"href":"http:\/\/winelove.vn\/9xweb\/index.php?rest_route=%2Fwp%2Fv2%2Fmedia&parent=1116"}],"curies":[{"name":"wp","href":"https:\/\/api.w.org\/{rel}","templated":true}]}}