{"id":1125,"date":"2017-08-31T15:53:12","date_gmt":"2017-08-31T15:53:12","guid":{"rendered":"http:\/\/winelove.vn\/9xweb\/?post_type=product&#038;p=1125"},"modified":"2022-11-01T07:36:34","modified_gmt":"2022-11-01T00:36:34","slug":"lagranja-old-vines-2014","status":"publish","type":"product","link":"http:\/\/winelove.vn\/9xweb\/?product=lagranja-old-vines-2014","title":{"rendered":"Vang T\u00e2y Ban Nha Lagranja Old Vines 2014 5.4% ABV*"},"content":{"rendered":"<h2><strong>Gi\u1edbi thi\u1ec7u s\u1ea3n ph\u1ea9m :<\/strong><\/h2>\n<p>Lagranja Old Vines 2014 kh\u00f4ng ch\u1ec9 l\u00e0 m\u1ed9t chai vang n\u1ed5i ti\u1ebfng trong l\u00e0ng r\u01b0\u1ee3u vang kh\u1eafp th\u1ebf gi\u1edbi m\u00e0 c\u00f2n \u0111\u01b0\u1ee3c bi\u1ebft \u0111\u1ebfn nh\u01b0 m\u1ed9t \u0111\u1ee9a con c\u01b0ng c\u1ee7a nh\u00e0 r\u01b0\u1ee3u n\u1ed5i ti\u1ebfng x\u1ee9 T\u00e2y Ban Nha Bodegas Santalba Rioja Alta .<\/p>\n<p>V\u1edbi thi\u1ebft k\u1ebf b\u00ean ngo\u00e0i mang h\u01a1i h\u01b0\u1edbng vintage nh\u01b0 m\u1ed9t nh\u00e0 qu\u00fd t\u1ed9c x\u01b0a, Bodegas Santalba\u00a0 Rioja Alta c\u00f2n khi\u1ebfn fan h\u00e2m m\u1ed9 n\u1ee9c l\u00f2ng b\u1edfi ch\u1ea5t l\u01b0\u1ee3ng r\u01b0\u1ee3u tuy\u1ec7t v\u1eddi, l\u00e0 t\u00e2m huy\u1ebft c\u1ee7a nh\u00e0 r\u01b0\u1ee3u Santalba, l\u00e0m t\u1eeb gi\u1ed1ng nho hi\u1ebfm Lagranja ni\u00ean v\u1ee5 2014, \u0111em l\u1ea1i m\u1ed9t h\u01b0\u01a1ng v\u1ecb c\u00f3 ch\u00fat g\u00ec \u0111\u00f3 l\u1ea1 v\u00e0 \u0111\u1eb7c bi\u1ec7t cho m\u1ed7i ly r\u01b0\u1ee3u .<\/p>\n<h2><strong>\u0110\u1eb7c \u0111i\u1ec3m : <\/strong><\/h2>\n<p>Lagranja Old Vines 2014 c\u00f3 m\u00e0u \u0111\u1ecf ruby s\u00f3ng s\u00e1nh v\u00f4 c\u00f9ng quy\u1ebfn r\u0169. N\u00f3 m\u00ea ho\u1eb7c ng\u01b0\u1eddi th\u01b0\u1edfng th\u1ee9c b\u1eb1ng c\u00e1ch t\u00e1c \u0111\u1ed9ng m\u1ea1nh m\u1ebd v\u00e0o kh\u01b0\u1edbu gi\u00e1c c\u1ee7a h\u1ecd b\u1edfi m\u00f9i m\u1eadn ch\u00edn th\u01a1m ngon c\u1ee7a r\u1eebng tr\u00e1i c\u00e2y nhi\u1ec7t \u0111\u1edbi, v\u1ecb ng\u00f2n ng\u1ecdt c\u00f3 ch\u00fat t\u00ea t\u00ea \u0111\u1ea7u l\u01b0\u1ee1i khi\u1ebfn v\u1ecb gi\u00e1c c\u0169ng nh\u01b0 h\u00f2a quy\u1ec7n v\u00e0o t\u1eebng d\u00f2ng r\u01b0\u1ee3u vang ngay t\u1eeb l\u1ea7n nh\u1ea5p m\u00f4i \u0111\u1ea7u ti\u00ean . B\u00ean c\u1ea1nh \u0111\u00f3 l\u00e0 v\u1ecb tannin \u0111\u01b0\u1ee3c c\u00e2n b\u1eb1ng m\u1ed9t c\u00e1ch ho\u00e0n h\u1ea3o, k\u00e9o d\u00e0i d\u01b0 v\u1ecb r\u01b0\u1ee3u s\u1ebd khi\u1ebfn b\u1ea1n c\u1ea3m th\u1ea5y h\u00e0i l\u00f2ng<\/p>\n<p>R\u01b0\u1ee3u c\u00f3 n\u1ed3ng \u0111\u1ed9 c\u1ed3n 14,5% ph\u00f9 h\u1ee3p v\u1edbi h\u1ea7u h\u1ebft \u0111\u1ed1i t\u01b0\u1ee3ng s\u1eed d\u1ee5ng, k\u1ebft h\u1ee3p v\u1edbi v\u1ecb chua n\u1ed5i b\u1eadt ngay khi ti\u1ebfp x\u00fac v\u1edbi v\u00f2ng h\u1ecdng gi\u00fap k\u00edch th\u00edch v\u1ecb gi\u00e1c t\u1ed1t, ph\u00f9 h\u1ee3p v\u1edbi c\u00e1c b\u1eefa ti\u1ec7c v\u1edbi c\u00e1c m\u00f3n \u0103n mang h\u01a1i h\u01b0\u1edbng ch\u00e2u \u00c2u .<\/p>\n<h2><strong>Quy tr\u00ecnh ch\u1ebf bi\u1ebfn :<\/strong><\/h2>\n<p>M\u00e0u c\u1ee7a r\u01b0\u1ee3u \u0111\u1ecf \u0111\u01b0\u1ee3c h\u00ecnh th\u00e0nh t\u1eeb v\u1ecf c\u1ee7a qu\u1ea3 nho, v\u1ecf v\u00e0 c\u00f9i nho \u0111\u01b0\u1ee3c l\u00ean men c\u00f9ng v\u1edbi n\u01b0\u1edbc nho. V\u1ecb ch\u00e1t t\u1eeb v\u1ecf c\u00e2y c\u0169ng \u0111\u01b0\u1ee3c k\u1ebft h\u1ee3p \u0111\u1ec3 t\u1ea1o th\u00e0nh m\u00e0u \u0111\u1ecf. Nho sau khi \u0111\u01b0\u1ee3c v\u1eaft v\u00e0 c\u1eaft cu\u1ed1ng s\u1ebd \u0111\u01b0\u1ee3c \u0111\u01b0a l\u00ean h\u1ec7 th\u1ed1ng l\u00ean men r\u1ed3i sau \u0111\u00f3 s\u1ebd \u0111\u01b0\u1ee3c \u00e9p. H\u01a1n m\u1ed9t n\u1eeda l\u01b0\u1ee3ng n\u01b0\u1edbc \u00e9p ra t\u1eeb qu\u1ea3 nho m\u1ed9t c\u00e1ch d\u1ec5 d\u00e0ng kh\u00f4ng c\u1ea7n \u0111\u1ebfn \u00e1p l\u1ef1c cao, ph\u1ea7n c\u00f2n l\u1ea1i s\u1ebd \u0111\u01b0\u1ee3c \u00e9p ra t\u1eeb h\u1ec7 th\u1ed1ng \u00e9p . \u0110\u1ec3 r\u01b0\u1ee3u \u0111\u1ea1t \u0111\u01b0\u1ee3c s\u1ef1 h\u00e0i h\u00f2a v\u00e0 \u1ed5n \u0111\u1ecbnh c\u1ee7a m\u00f9i v\u1ecb v\u00e0 ch\u1ea5t l\u01b0\u1ee3ng th\u00ec r\u01b0\u1ee3u ph\u1ea3i \u0111\u01b0\u1ee3c \u1ee7 nh\u1eb1m l\u00e0m cho kh\u00ed \u00f4xi t\u00e1c \u0111\u1ed9ng th\u1eadt ch\u1eadm, th\u01b0\u1eddng \u0111\u01b0\u1ee3c \u1ee7 trong khoarng 8 th\u00e1ng tr\u01b0\u1edbc khi \u0111\u1ebfn tay ng\u01b0\u1eddi s\u1eed d\u1ee5ng.<\/p>\n<h2><strong>K\u1ebft h\u1ee3p \u0111\u1ed3 \u0103n :<\/strong><\/h2>\n<p>\u0103n k\u00e8m v\u1edbi c\u00e1c lo\u1ea1i th\u1ecbt\u00a0\u0111\u1ecf (th\u1ecbt heo, th\u1ecbt c\u1eebu).<\/p>\n<h2><strong>L\u01b0u \u00fd :<\/strong><\/h2>\n<p>th\u01b0\u1edfng th\u1ee9c ngon nh\u1ea5t\u00a0\u1edf nhi\u1ec7t\u00a0\u0111\u1ed9 l\u00fd t\u01b0\u1edfng kho\u1ea3ng 20\u00a0\u0111\u1ed9 C ho\u1eb7c th\u1ea5p h\u01a1n<\/p>\n","protected":false},"excerpt":{"rendered":"<p><strong>Xu\u1ea5t x\u1ee9:<\/strong>\u00a0Bodegas Santalba Rioja Alta<br \/>\n<strong>N\u1ed3ng \u0111\u1ed9:<\/strong> 14,5%<\/p>\n<p><strong>\u0110\u1eb7c \u0111i\u1ec3m : <\/strong>Lagranja Old Vines 2014 c\u00f3 m\u00e0u \u0111\u1ecf ruby s\u00f3ng s\u00e1nh v\u00f4 c\u00f9ng quy\u1ebfn r\u0169. N\u00f3 m\u00ea ho\u1eb7c ng\u01b0\u1eddi th\u01b0\u1edfng th\u1ee9c b\u1eb1ng c\u00e1ch t\u00e1c \u0111\u1ed9ng m\u1ea1nh m\u1ebd v\u00e0o kh\u01b0\u1edbu gi\u00e1c c\u1ee7a h\u1ecd b\u1edfi m\u00f9i m\u1eadn ch\u00edn th\u01a1m ngon c\u1ee7a r\u1eebng tr\u00e1i c\u00e2y nhi\u1ec7t \u0111\u1edbi, v\u1ecb ng\u00f2n ng\u1ecdt c\u00f3 ch\u00fat t\u00ea t\u00ea \u0111\u1ea7u l\u01b0\u1ee1i khi\u1ebfn v\u1ecb gi\u00e1c c\u0169ng nh\u01b0 h\u00f2a quy\u1ec7n v\u00e0o t\u1eebng d\u00f2ng r\u01b0\u1ee3u vang ngay t\u1eeb l\u1ea7n nh\u1ea5p m\u00f4i \u0111\u1ea7u ti\u00ean . B\u00ean c\u1ea1nh \u0111\u00f3 l\u00e0 v\u1ecb tannin \u0111\u01b0\u1ee3c c\u00e2n b\u1eb1ng m\u1ed9t c\u00e1ch ho\u00e0n h\u1ea3o, k\u00e9o d\u00e0i d\u01b0 v\u1ecb r\u01b0\u1ee3u s\u1ebd khi\u1ebfn b\u1ea1n c\u1ea3m th\u1ea5y h\u00e0i l\u00f2ng<\/p>\n","protected":false},"featured_media":6345,"comment_status":"open","ping_status":"closed","template":"","meta":[],"class_list":{"0":"post-1125","1":"product","2":"type-product","3":"status-publish","4":"has-post-thumbnail","6":"product_cat-ruou-vang-gia-re","7":"product_cat-ruou-vang-tay-ban-nha","9":"first","10":"instock","11":"shipping-taxable","12":"purchasable","13":"product-type-simple"},"_links":{"self":[{"href":"http:\/\/winelove.vn\/9xweb\/index.php?rest_route=\/wp\/v2\/product\/1125"}],"collection":[{"href":"http:\/\/winelove.vn\/9xweb\/index.php?rest_route=\/wp\/v2\/product"}],"about":[{"href":"http:\/\/winelove.vn\/9xweb\/index.php?rest_route=\/wp\/v2\/types\/product"}],"replies":[{"embeddable":true,"href":"http:\/\/winelove.vn\/9xweb\/index.php?rest_route=%2Fwp%2Fv2%2Fcomments&post=1125"}],"wp:featuredmedia":[{"embeddable":true,"href":"http:\/\/winelove.vn\/9xweb\/index.php?rest_route=\/wp\/v2\/media\/6345"}],"wp:attachment":[{"href":"http:\/\/winelove.vn\/9xweb\/index.php?rest_route=%2Fwp%2Fv2%2Fmedia&parent=1125"}],"curies":[{"name":"wp","href":"https:\/\/api.w.org\/{rel}","templated":true}]}}