{"id":1135,"date":"2017-08-31T16:18:01","date_gmt":"2017-08-31T16:18:01","guid":{"rendered":"http:\/\/winelove.vn\/9xweb\/?post_type=product&#038;p=1135"},"modified":"2022-10-28T17:21:34","modified_gmt":"2022-10-28T10:21:34","slug":"chateau-latour-grand-vin-2011","status":"publish","type":"product","link":"http:\/\/winelove.vn\/9xweb\/?product=chateau-latour-grand-vin-2011","title":{"rendered":"Chateau Latour Grand Vin 2011 5.4% ABV*"},"content":{"rendered":"<p>R\u01b0\u1ee3u vang Chateau Latour Grand Vin 2011<\/p>\n<p><strong>Gi\u1edbi thi\u1ec7u s\u1ea3n ph\u1ea9m :<\/strong><\/p>\n<p>R\u01b0\u1ee3u vang Chateau Latour Grand Vin 2011 l\u00e0 phi\u00ean b\u1ea3n sau c\u1ee7a ng\u01b0\u1eddi anh em ra \u0111\u1eddi v\u00e0o n\u0103m 2007, l\u00e0 m\u1ed9t chai r\u01b0\u1ee3u vang n\u1ed5i ti\u1ebfng ngon th\u1ee9 thi\u1ec7t \u0111\u1ebfn t\u1eeb nh\u00e0 r\u01b0\u1ee3u h\u00e0ng \u0111\u1ea7u n\u01b0\u1edbc Ph\u00e1p M\u00e9doc Pauillac Bordeaux . N\u00f3 c\u0169ng \u0111\u01b0\u1ee3c coi l\u00e0 m\u1ed9t trong nh\u1eefng chai <a href=\"https:\/\/winevn.com\/ruou-vang\">r\u01b0\u1ee3u vang \u0111\u1eb3ng c\u1ea5p<\/a> nh\u1ea5p trong c\u00e1c d\u00f2ng vang c\u1ee7a Ph\u00e1p, \u0111\u01b0\u1ee3c bi\u1ebft \u0111\u1ebfn nh\u01b0 m\u1ed9t n\u1eef ho\u00e0ng ng\u1ef1 tr\u1ecb c\u1ee7a vang Ph\u00e1p n\u00f3i ri\u00eang v\u00e0 r\u01b0\u1ee3u vang n\u00f3i chung. <a href=\"http:\/\/winelove.vn\/9xweb\/danh-muc\/ruou-vang-phap\/\">Chai r\u01b0\u1ee3u vang Ph\u00e1p<\/a> n\u00e0y ngay t\u1eeb c\u00e1i nh\u00ecn \u0111\u1ea7i ti\u00ean \u0111\u00e3 c\u00f3 th\u1ec3 th\u1ea5y n\u00f3 to\u00e1t l\u00ean m\u1ed9t kh\u00ed ch\u1ea5t sang tr\u1ecdng, qu\u00fd ph\u00e1i v\u00e0 \u0111\u1ea7y ki\u00eau h\u00e3nh m\u00e0 kh\u00f4ng ph\u1ea3i chai vang n\u00e0o c\u0169ng c\u00f3 \u0111\u01b0\u1ee3c .<\/p>\n<p><strong>\u0110\u1eb7c \u0111i\u1ec3m :<\/strong> Kh\u00f4ng ch\u1ec9 d\u00e1ng v\u1ebb b\u00ean ngo\u00e0i m\u00e0 <a href=\"http:\/\/winelove.vn\/9xweb\/ruou-vang\/chateau-latour-grand-vin-2011\/\">Chateau Latour Grand Vin 2011<\/a> c\u00f2n thu ph\u1ee5c ng\u01b0\u1eddi h\u00e2m m\u1ed9 b\u1eb1ng ch\u00ednh s\u1ef1 quy\u1ebfn r\u0169 \u0111\u1ebfn t\u1eeb t\u1eebng tinh th\u1ec3 r\u01b0\u1ee3u b\u00ean trong . \u0110\u01b0\u1ee3c l\u00e0m t\u1eeb nh\u1eefng tr\u00e1i nho \u0111\u01b0\u1ee3c tuy\u1ec3n ch\u1ecdn v\u00f4 c\u00f9ng nghi\u00eam kh\u1eafc v\u00e0 k\u0129 c\u00e0ng b\u1edfi nh\u00e0 r\u01b0\u1ee3u uy t\u00edn h\u00e0ng \u0111\u1ea7u th\u1ebf gi\u1edbi, vang Chateau Latour Grand Vin 2011 s\u1ebd \u0111em \u0111\u1ebfn cho b\u1ea1n \u0111i t\u1eeb ng\u1ea1c nhi\u00ean n\u00e0y \u0111\u1ebfn ng\u1ea1c nhi\u00ean kh\u00e1c t\u1eeb m\u00e0u s\u1eafc, h\u01b0\u01a1ng th\u01a1m, m\u00f9i v\u1ecb \u2026 R\u01b0\u1ee3u c\u00f3 m\u00e0u \u0111\u1ecf ruby quy\u1ebfn r\u0169, \u00e1nh l\u00ean nh\u01b0 nh\u1eefng h\u1ea1t kim c\u01b0\u01a1ng nh\u1ecf x\u00edu l\u1ea5p l\u00e1nh v\u00f4 c\u00f9ng h\u1ea5p d\u1eabn . H\u01b0\u01a1ng v\u1ecb r\u01b0\u1ee3u l\u00e0 s\u1ef1 k\u1ebft h\u1ee3p h\u00e0i h\u00f2a c\u1ee7a h\u01b0\u01a1ng tr\u00e1i c\u00e2y r\u1eebng ch\u00edn m\u1ecdng, h\u01b0\u01a1ng g\u1ed7 s\u1ed3i , v\u1ecb ng\u1ecdt c\u1ee7a qu\u1ea3 ch\u00edn, h\u01a1i ch\u00e1t c\u1ee7a v\u1ecf nho . B\u00ean c\u1ea1nh \u0111\u00f3 l\u00e0 v\u1ecb tannin c\u00e2n b\u1eb1ng \u0111\u1ebfn ho\u00e0n h\u1ea3o, gi\u00fap h\u01b0\u01a1ng v\u1ecb r\u01b0\u1ee3u lan t\u1ecfa trong khoang mi\u1ec7ng, \u0111\u1ed3ng th\u1eddi gi\u1eef d\u01b0 v\u1ecb k\u00e9o d\u00e0i l\u00e2u, mang l\u1ea1i s\u1ef1 h\u00e0i l\u00f2ng cho ng\u01b0\u1eddi th\u01b0\u1edfng th\u1ee9c .<\/p>\n<p>N\u1ed3ng \u0111\u1ed9 c\u1ed3n 13%vol \u0111\u1ea1t \u1edf ng\u01b0\u1ee1ng v\u1eeba ph\u1ea3i, ph\u00f9 h\u1ee3p v\u1edbi h\u1ea7u nh\u01b0 m\u1ecdi \u0111\u1ed1i t\u01b0\u1ee3ng th\u01b0\u1edfng th\u1ee9c, l\u00e0 s\u1ef1 l\u1ef1a ch\u1ecdn ho\u00e0n h\u1ea3o cho nh\u1eefng bu\u1ed5i party hay nh\u1eefng b\u1eefa \u0103n vui v\u1ebb.<\/p>\n<p><strong>Quy tr\u00ecnh ch\u1ebf bi\u1ebfn :<\/strong><\/p>\n<p>Nho \u0111\u01b0\u1ee3c h\u00e1i b\u1eb1ng tay t\u1eeb nh\u1eefng c\u00e2y nho 35 tu\u1ed5i trong nhi\u1ec1u v\u01b0\u1eddn nho tr\u1ea3i r\u1ed9ng 22 ha, \u0111\u01b0\u1ee3c tr\u1ed3ng v\u1edbi m\u1eadt \u0111\u1ed9 10.000 c\u00e2y\/ha tr\u00ean n\u1ec1n \u0111\u1ea5t s\u1ecfi th\u00f4. Nho khi ch\u00edn \u0111\u01b0\u1ee3c l\u1ef1a ch\u1ecdn li\u00ean t\u1ee5c trong qu\u00e1 tr\u00ecnh thu ho\u1ea1ch.Nh\u1eefng tr\u00e1i nho \u0111\u1ea1t ch\u1ea5t l\u01b0\u1ee3ng \u0111\u01b0\u1ee3c \u1ee7 kho\u1ea3ng 03 tu\u1ea7n trong th\u00f9ng th\u00e9p kh\u00f4ng g\u1ec9, sau \u0111\u00f3 \u0111\u01b0\u1ee3c \u1ee7 trong th\u00f9ng g\u1ed7 s\u1ed3i Ph\u00e1p (60% th\u00f9ng m\u1edbi) t\u1eeb 16 \u0111\u1ebfn 18 th\u00e1ng tr\u01b0\u1edbc khi \u0111\u1ebfn tay ng\u01b0\u1eddi s\u1eed d\u1ee5ng.<\/p>\n<p><strong>K\u1ebft h\u1ee3p \u0111\u1ed3 \u0103n :<\/strong><\/p>\n<p>C\u00f3 th\u1ec3 th\u01b0\u1edfng th\u1ee9c ri\u00eang kh\u00f4ng c\u1ea7n k\u00e8m v\u1edbi th\u1ee9c \u0103n, nh\u01b0ng s\u1ebd \u0111\u1eb7c bi\u1ec7t ngon khi k\u1ebft h\u1ee3p v\u1edbi th\u1ecbt b\u00f2 v\u00e0 th\u1ecbt nai.<\/p>\n<p><strong>L\u01b0u \u00fd :<\/strong><\/p>\n<p>Nhi\u1ec7t \u0111\u1ed9 l\u00fd t\u01b0\u1edfng \u0111\u1ec3 u\u1ed1ng Chateau Latour Grand Vin 2011 l\u00e0 t\u1eeb 16 \u0111\u1ebfn 18 \u0111\u1ed9 C. Tr\u01b0\u1edbc khi u\u1ed1ng n\u00ean \u0111\u1ec3 th\u1edf trong 1-2 gi\u1edd gi\u00fap l\u00e0m m\u1ec1m r\u01b0\u1ee3u v\u00e0 t\u1ecfa ra \u0111\u01b0\u1ee3c h\u1ebft m\u00f9i th\u01a1m n\u1eef t\u00ednh c\u1ee7a n\u00f3. B\u1ea3o qu\u1ea3n chai r\u01b0\u1ee3u n\u01a1i kh\u00f4 r\u00e1o tho\u00e1ng m\u00e1t,\u0111\u1ec3 n\u1eb1m, \u0111\u1eb7t n\u01a1i b\u00ecnh \u1ed5n, tr\u00e1nh \u00e1nh s\u00e1ng, nhi\u1ec7t \u0111\u1ed9 m\u1ea1nh.<\/p>\n","protected":false},"excerpt":{"rendered":"<p><strong>Xu\u1ea5t x\u1ee9:<\/strong>\u00a0M\u00e9doc Pauillac Bordeaux<br \/>\n<strong>N\u1ed3ng \u0111\u1ed9:<\/strong> 13,0%<\/p>\n<p><strong>\u0110\u1eb7c \u0111i\u1ec3m :<\/strong>\u00a0 R\u01b0\u1ee3u c\u00f3 m\u00e0u \u0111\u1ecf ruby quy\u1ebfn r\u0169, \u00e1nh l\u00ean nh\u01b0 nh\u1eefng h\u1ea1t kim c\u01b0\u01a1ng nh\u1ecf x\u00edu l\u1ea5p l\u00e1nh v\u00f4 c\u00f9ng h\u1ea5p d\u1eabn . H\u01af\u01a1ng v\u1ecb r\u01b0\u1ee3u l\u00e0 s\u1ef1 k\u1ebft h\u1ee3p h\u00e0i h\u00f2a c\u1ee7a h\u01b0\u01a1ng tr\u00e1i c\u00e2y r\u1eebng ch\u00edn m\u1ecdng, h\u01b0\u01a1ng g\u1ed7 s\u1ed3i , v\u1ecb ng\u1ecdt c\u1ee7a qu\u1ea3 ch\u00edn, h\u01a1i ch\u00e1t c\u1ee7a v\u1ecf nho . B\u00ean c\u1ea1nh \u0111\u00f3 l\u00e0 v\u1ecb tannin c\u00e2n b\u1eb1ng \u0111\u1ebfn ho\u00e0n h\u1ea3o, gi\u00fap h\u01b0\u01a1ng v\u1ecb r\u01b0\u1ee3u lan t\u1ecfa trong khoang mi\u1ec7ng, \u0111\u1ed3ng th\u1eddi gi\u1eef d\u01b0 v\u1ecb k\u00e9o d\u00e0i l\u00e2u, mang l\u1ea1i s\u1ef1 h\u00e0i l\u00f2ng cho ng\u01b0\u1eddi th\u01b0\u1edfng th\u1ee9c .<\/p>\n","protected":false},"featured_media":1886,"comment_status":"open","ping_status":"closed","template":"","meta":[],"class_list":{"0":"post-1135","1":"product","2":"type-product","3":"status-publish","4":"has-post-thumbnail","6":"product_cat-ruou-vang-cao-cap","7":"product_cat-ruou-vang-phap","9":"first","10":"instock","11":"shipping-taxable","12":"purchasable","13":"product-type-simple"},"_links":{"self":[{"href":"http:\/\/winelove.vn\/9xweb\/index.php?rest_route=\/wp\/v2\/product\/1135"}],"collection":[{"href":"http:\/\/winelove.vn\/9xweb\/index.php?rest_route=\/wp\/v2\/product"}],"about":[{"href":"http:\/\/winelove.vn\/9xweb\/index.php?rest_route=\/wp\/v2\/types\/product"}],"replies":[{"embeddable":true,"href":"http:\/\/winelove.vn\/9xweb\/index.php?rest_route=%2Fwp%2Fv2%2Fcomments&post=1135"}],"wp:featuredmedia":[{"embeddable":true,"href":"http:\/\/winelove.vn\/9xweb\/index.php?rest_route=\/wp\/v2\/media\/1886"}],"wp:attachment":[{"href":"http:\/\/winelove.vn\/9xweb\/index.php?rest_route=%2Fwp%2Fv2%2Fmedia&parent=1135"}],"curies":[{"name":"wp","href":"https:\/\/api.w.org\/{rel}","templated":true}]}}