{"id":1148,"date":"2017-08-31T16:38:05","date_gmt":"2017-08-31T16:38:05","guid":{"rendered":"http:\/\/winelove.vn\/9xweb\/?post_type=product&#038;p=1148"},"modified":"2022-10-28T17:20:33","modified_gmt":"2022-10-28T10:20:33","slug":"chateau-latour-martillac-2014","status":"publish","type":"product","link":"http:\/\/winelove.vn\/9xweb\/?product=chateau-latour-martillac-2014","title":{"rendered":"R\u01b0\u1ee3u Vang Chateau Latour Martillac 5.4% ABV* &#8211; Vang Ph\u00e1p Th\u01b0\u1ee3ng H\u1ea1ng Gi\u00e1 T\u1ed1t"},"content":{"rendered":"<p><span style=\"font-family: arial, helvetica, sans-serif; font-size: 12pt; color: #000000;\">R\u01b0\u1ee3u vang\u00a0Chateau Latour Martillac \u0111\u01b0\u1ee3c nh\u1eefng chuy\u00ean gia v\u1ec1 vang \u0111\u00e1nh gi\u00e1 kh\u00e1 cao b\u1edfi xu\u1ea5t x\u1ee9 t\u1eeb m\u1ed9t trong nh\u1eefng v\u00f9ng s\u1ea3n xu\u1ea5t n\u1ed5i ti\u1ebfng c\u1ee7a Ph\u00e1p. Vang Chateau Latour Martillac l\u00e0 s\u1ea3n ph\u1ea9m vang cao c\u1ea5p v\u1edbi ch\u1ea5t l\u01b0\u1ee3ng tuy\u1ec7t h\u1ea3o, li\u00ean h\u1ec7 ngay v\u1edbi\u00a0<span style=\"color: #800000;\"><strong>Winestore<\/strong><\/span><strong><span style=\"color: #800000;\">1977<\/span>\u00a0<\/strong>qua\u00a0<strong><span style=\"color: #800000;\">hotline: 098.221.6068<\/span>\u00a0<\/strong>\u0111\u1ec3 nh\u1eadn b\u00e1o gi\u00e1 v\u00e0 chi ti\u1ebft c\u00e1c ch\u01b0\u01a1ng tr\u00ecnh khuy\u1ebfn m\u00e3i c\u1ee7a d\u00f2ng s\u1ea3n ph\u1ea9m n\u00e0y.<\/span><\/p>\n<h2><span style=\"font-family: arial, helvetica, sans-serif; font-size: 18pt; color: #800000;\">Gi\u1edbi thi\u1ec7u v\u1ec1 r\u01b0\u1ee3u vang Chateau Latour Martillac<\/span><\/h2>\n<p><span style=\"font-family: arial, helvetica, sans-serif; font-size: 12pt; color: #000000;\">R\u01b0\u1ee3u vang Chateau Latour Martillac\u00a0l\u00e0 m\u1ed9t chai\u00a0vang\u00a0tuy\u1ec7t v\u1eddi \u0111\u1ebfn t\u1eeb\u00a0<\/span><span style=\"font-family: arial, helvetica, sans-serif; font-size: 12pt; color: #000000;\">Bordeaux\u00a0\u1edf Aquitaine l\u00e0 m\u1ed9t trong ba khu v\u1ef1c s\u1ea3n xu\u1ea5t r\u01b0\u1ee3u vang n\u1ed5i ti\u1ebfng\u00a0<\/span><span style=\"font-family: arial, helvetica, sans-serif; font-size: 12pt; color: #000000;\">nh\u1ea5t c\u1ee7a Ph\u00e1p (Burgundy, Champagne v\u00e0 Bordeaux). Vang Ph\u00e1p Chateau\u00a0<\/span><span style=\"font-family: arial, helvetica, sans-serif; font-size: 12pt; color: #000000;\">Latour Martillac n\u1eb1m tr\u00ean m\u1ed9t v\u00f9ng \u0111\u1ea5t \u0111\u1ed3i n\u00fai xinh \u0111\u1eb9p. <\/span><\/p>\n<p><span style=\"font-family: arial, helvetica, sans-serif; font-size: 12pt; color: #000000;\">N\u00f3 thu\u1ed9c v\u1ec1 gia \u0111\u00ecnh\u00a0<\/span><span style=\"font-family: arial, helvetica, sans-serif; font-size: 12pt; color: #000000;\">Kressmann t\u1eeb n\u0103m 1929, do Tristan v\u00e0 Lo\u00efc Kressmann qu\u1ea3n l\u00fd ng\u00e0y nay. L\u00e0\u00a0<\/span><span style=\"font-family: arial, helvetica, sans-serif; font-size: 12pt; color: #000000;\">m\u1ed9t trong nh\u1eefng chai vang \u0111\u1ecf n\u1ed5i ti\u1ebfng nh\u1ea5t th\u1ebf gi\u1edbi, th\u00e2n chai kh\u00e1 nh\u1ecf nh\u1eafn v\u00e0\u00a0<\/span><span style=\"font-family: arial, helvetica, sans-serif; font-size: 12pt; color: #000000;\">thanh l\u1ecbch c\u00f9ng ch\u1ea5t l\u01b0\u1ee3ng vang tuy\u1ec7t h\u1ea3o n\u00f3 \u0111\u00e3 chinh ph\u1ee5c \u0111\u01b0\u1ee3c c\u00e1c t\u00edn \u0111\u1ed3\u00a0<\/span><span style=\"font-family: arial, helvetica, sans-serif; font-size: 12pt; color: #000000;\">r\u01b0\u1ee3u vang tr\u00ean to\u00e0n th\u1ebf gi\u1edbi trong nhi\u1ec1u n\u0103m qua.<\/span><\/p>\n<h2><span style=\"font-family: arial, helvetica, sans-serif; font-size: 18pt; color: #800000;\">\u0110\u1eb7c \u0111i\u1ec3m c\u1ee7a vang Ph\u00e1p Chateau Latour Martillac<\/span><\/h2>\n<p><span style=\"font-family: arial, helvetica, sans-serif; font-size: 12pt; color: #000000;\">R\u01b0\u1ee3u vang Ph\u00e1p Chateau Latour Martillac l\u00e0 m\u1ed9t chai r\u01b0\u1ee3u vang c\u00f3 m\u00e0u s\u1eafc\u00a0<\/span><span style=\"font-family: arial, helvetica, sans-serif; font-size: 12pt; color: #000000;\">\u0111\u1ecf t\u00edm r\u1ea5t tinh t\u1ebf. Nh\u01b0ng so v\u1edbi c\u00e1c r\u01b0\u1ee3u vang kh\u00e1c n\u00f3 c\u00f3 \u0111\u00f4i ph\u1ea7n h\u01a1i ng\u1ea3 sang\u00a0<\/span><span style=\"font-family: arial, helvetica, sans-serif; font-size: 12pt; color: #000000;\">t\u00edm v\u00e0 h\u01a1i \u0111\u1eadm m\u1ed9t ch\u00fat.\u00a0<\/span><span style=\"font-family: arial, helvetica, sans-serif; font-size: 12pt; color: #000000;\">C\u0169ng nh\u01b0 r\u1ea5t nhi\u1ec1u <a href=\"http:\/\/winelove.vn\/9xweb\/danh-muc\/ruou-vang-phap\/\" target=\"_blank\" rel=\"noopener noreferrer\">chai r\u01b0\u1ee3u vang Ph\u00e1p<\/a> kh\u00e1c. N\u00f3 c\u00f3 m\u1ed9t \u0111\u1eb7c \u0111i\u1ec3m r\u1ea5t \u0111\u1eb7c\u00a0<\/span><span style=\"font-family: arial, helvetica, sans-serif; font-size: 12pt; color: #000000;\">tr\u01b0ng. \u0110\u00f3 l\u00e0 r\u01b0\u1ee3u th\u01b0\u1eddng \u0111\u01b0\u1ee3c \u1ee7 t\u1eeb nhi\u1ec1u gi\u1ed1ng nho kh\u00e1c nhau thay v\u00ec \u0111\u01b0\u1ee3c\u00a0<\/span><span style=\"font-family: arial, helvetica, sans-serif; font-size: 12pt; color: #000000;\">l\u00e0m t\u1eeb ch\u1ec9 m\u1ed9t gi\u1ed1ng. Nh\u01b0ng h\u01b0\u01a1ng v\u1ecb c\u1ee7a n\u00f3 kh\u00f4ng v\u1ecb nh\u1ea1t nh\u00f2a \u0111i. M\u00e0 thay\u00a0<\/span><span style=\"font-family: arial, helvetica, sans-serif; font-size: 12pt; color: #000000;\">v\u00e0o \u0111\u00f3 n\u00f3 l\u00e0 ph\u1ee9c h\u1ee3p c\u1ee7a t\u1ea5t c\u1ea3 c\u00e1c v\u1ecb nho c\u1ed9ng l\u1ea1i.<\/span><\/p>\n<p><span style=\"font-family: arial, helvetica, sans-serif; font-size: 12pt; color: #000000;\">R\u01b0\u1ee3u vang Chateau Latour Martillac n\u1ebfu nh\u01b0 b\u1ea1n \u0111\u00e3 t\u1eebng u\u1ed1ng qua s\u1ebd th\u1ea5y h\u01b0\u01a1ng v\u1ecb c\u1ee7a n\u00f3 l\u00e0\u00a0<\/span><span style=\"font-family: arial, helvetica, sans-serif; font-size: 12pt; color: #000000;\">ph\u1ee9c h\u1ee3p c\u1ee7a m\u00f9i nho kh\u00f4, m\u00f9i c\u1ecf ch\u00e1y v\u00e0 v\u1ecb nho \u0111\u1eb7c bi\u1ec7t \u0111\u1ebfn t\u1eeb v\u00f9ng\u00a0<\/span><span style=\"font-family: arial, helvetica, sans-serif; font-size: 12pt; color: #000000;\">Bordeaux c\u1ee7a n\u01b0\u1edbc Ph\u00e1p m\u1ed9ng m\u01a1. L\u1ea5y v\u1ecb nho l\u00e0m ch\u1ee7 \u0111\u1ea1o, v\u1edbi nh\u1eefng tr\u00e1i nho\u00a0<\/span><span style=\"font-family: arial, helvetica, sans-serif; font-size: 12pt; color: #000000;\">\u0111\u01b0\u1ee3c tuy\u1ec3n ch\u1ecdn t\u1eeb nhi\u1ec1u gi\u1ed1ng nho kh\u00e1c nhau, \u0111\u01b0\u1ee3c \u1ee7 trong nhi\u1ec1u th\u00e1ng \u0111\u1ec3 \u0111\u1ea1t\u00a0<\/span><span style=\"font-family: arial, helvetica, sans-serif; font-size: 12pt; color: #000000;\">\u0111\u1ebfn h\u01b0\u01a1ng v\u1ecb th\u01a1m ngon nh\u1ea5t . V\u1ecb ch\u00e1t c\u1ee7a v\u1ecf nho sau khi \u0111i qua cu\u1ed1ng h\u1ecdng s\u1ebd\u00a0<\/span><span style=\"font-family: arial, helvetica, sans-serif; font-size: 12pt; color: #000000;\">\u0111\u1ec3 l\u1ea1i d\u01b0 v\u1ecb khi\u1ebfn b\u1ea1n nh\u1edb m\u00e3i kh\u00f4ng qu\u00ean, \u0111\u1ed9 chua v\u1eeba ph\u1ea3i, kh\u00e1 m\u1eb7n, g\u1ea7n\u00a0<\/span><span style=\"font-family: arial, helvetica, sans-serif; font-size: 12pt; color: #000000;\">nh\u01b0 rong bi\u1ec3n trong mi\u1ec7ng v\u1edbi m\u1ed9t k\u1ebft th\u00fac t\u1eadp trung. Cho \u0111\u1ebfn hi\u1ec7n nay, n\u00f3 v\u1eabn\u00a0<\/span><span style=\"font-family: arial, helvetica, sans-serif; font-size: 12pt; color: #000000;\">\u0111\u01b0\u1ee3c xem l\u00e0 m\u1ed9t trong nh\u1eefng chai r\u01b0\u1ee3u vang Ph\u00e1p r\u1ea5t d\u1ec5 u\u1ed1ng.<\/span><\/p>\n<p><span style=\"font-family: arial, helvetica, sans-serif; font-size: 12pt; color: #000000;\">N\u1ed3ng \u0111\u1ed9 c\u1ed3n c\u1ee7a r\u01b0\u1ee3u vang Chateau Latour Martillac l\u00e0 13 %vol, kh\u00e1 th\u1ea5p \u0111\u1ed1i v\u1edbi r\u01b0\u1ee3u\u00a0<\/span><span style=\"font-family: arial, helvetica, sans-serif; font-size: 12pt; color: #000000;\">vang so v\u1edbi m\u1ee9c th\u00f4ng th\u01b0\u1eddng 14-15%vol, d\u1ec5 u\u1ed1ng. N\u1ebfu b\u1ea1n l\u00e0 ng\u01b0\u1eddi y\u00eau th\u00edch\u00a0<\/span><span style=\"font-family: arial, helvetica, sans-serif; font-size: 12pt; color: #000000;\">s\u1ef1 d\u1ecbu d\u00e0ng m\u1ec1m m\u1ea1i h\u01a1n l\u00e0 r\u01b0\u1ee3u m\u1ea1nh m\u1ebd th\u00ec n\u00f3 ch\u00ednh l\u00e0 s\u1ef1 l\u1ef1a ch\u1ecdn ho\u00e0n\u00a0<\/span><span style=\"font-family: arial, helvetica, sans-serif; font-size: 12pt; color: #000000;\">h\u1ea3o cho b\u1ea1n.<\/span><\/p>\n<h2><span style=\"font-family: arial, helvetica, sans-serif; font-size: 18pt; color: #800000;\">Quy tr\u00ecnh s\u1ea3n xu\u1ea5t vang Chateau Latour Martillac<\/span><\/h2>\n<p><span style=\"font-family: arial, helvetica, sans-serif; font-size: 12pt; color: #000000;\">C\u00f4ng ngh\u1ec7 l\u00e0m r\u01b0\u1ee3u truy\u1ec1n th\u1ed1ng k\u1ebft h\u1ee3p v\u1edbi k\u1ef9 thu\u1eadt hi\u1ec7n \u0111\u1ea1i. M\u00e0u c\u1ee7a r\u01b0\u1ee3u\u00a0<\/span><span style=\"font-family: arial, helvetica, sans-serif; font-size: 12pt; color: #000000;\">vang \u0111\u01b0\u1ee3c h\u00ecnh th\u00e0nh t\u1eeb v\u1ecf c\u1ee7a qu\u1ea3 nho, v\u1ecf v\u00e0 c\u00f9i nho \u0111\u01b0\u1ee3c l\u00ean men c\u00f9ng v\u1edbi\u00a0<\/span><span style=\"font-family: arial, helvetica, sans-serif; font-size: 12pt; color: #000000;\">n\u01b0\u1edbc nho. V\u1ecb ch\u00e1t t\u1eeb v\u1ecf c\u00e2y c\u0169ng \u0111\u01b0\u1ee3c k\u1ebft h\u1ee3p \u0111\u1ec3 t\u1ea1o th\u00e0nh m\u00e0u \u0111\u1ecf c\u1ee7a r\u01b0\u1ee3u.\u00a0<\/span><span style=\"font-family: arial, helvetica, sans-serif; font-size: 12pt; color: #000000;\">Nho sau khi \u0111\u01b0\u1ee3c v\u1eaft v\u00e0 c\u1eaft cu\u1ed1ng s\u1ebd \u0111\u01b0\u1ee3c \u0111\u01b0a l\u00ean h\u1ec7 th\u1ed1ng l\u00ean men r\u1ed3i sau \u0111\u00f3\u00a0<\/span><span style=\"font-family: arial, helvetica, sans-serif; font-size: 12pt; color: #000000;\">s\u1ebd \u0111\u01b0\u1ee3c \u00e9p. <\/span><\/p>\n<p><span style=\"font-family: arial, helvetica, sans-serif; font-size: 12pt; color: #000000;\">H\u01a1n m\u1ed9t n\u1eeda l\u01b0\u1ee3ng n\u01b0\u1edbc \u00e9p ra t\u1eeb qu\u1ea3 nho m\u1ed9t c\u00e1ch d\u1ec5 d\u00e0ng kh\u00f4ng\u00a0<\/span><span style=\"font-family: arial, helvetica, sans-serif; font-size: 12pt; color: #000000;\">c\u1ea7n \u0111\u1ebfn \u00e1p l\u1ef1c cao, ph\u1ea7n c\u00f2n l\u1ea1i s\u1ebd \u0111\u01b0\u1ee3c \u00e9p ra t\u1eeb h\u1ec7 th\u1ed1ng \u00e9p . \u0110\u1ec3 r\u01b0\u1ee3u \u0111\u1ea1t \u0111\u01b0\u1ee3c\u00a0<\/span><span style=\"font-family: arial, helvetica, sans-serif; font-size: 12pt; color: #000000;\">s\u1ef1 h\u00e0i h\u00f2a v\u00e0 \u1ed5n \u0111\u1ecbnh c\u1ee7a m\u00f9i v\u1ecb v\u00e0 ch\u1ea5t l\u01b0\u1ee3ng th\u00ec r\u01b0\u1ee3u ph\u1ea3i \u0111\u01b0\u1ee3c \u1ee7 nh\u1eb1m l\u00e0m\u00a0<\/span><span style=\"font-family: arial, helvetica, sans-serif; font-size: 12pt; color: #000000;\">cho kh\u00ed \u00f4xi t\u00e1c \u0111\u1ed9ng th\u1eadt ch\u1eadm, th\u01b0\u1eddng \u0111\u01b0\u1ee3c \u1ee7 trong kho\u1ea3ng 18-20 th\u00e1ng trong\u00a0<\/span><span style=\"font-family: arial, helvetica, sans-serif; font-size: 12pt; color: #000000;\">th\u00f9ng g\u1ed7 s\u1ed3i m\u1edbi tr\u01b0\u1edbc khi \u0111\u1ebfn tay ng\u01b0\u1eddi s\u1eed d\u1ee5ng. <\/span><\/p>\n<p><span style=\"font-family: arial, helvetica, sans-serif; font-size: 12pt; color: #000000;\">R\u01b0\u1ee3u vang Chateau Latour Martillac \u0111\u01b0\u1ee3c \u1ee7 b\u1eb1ng\u00a0<\/span><span style=\"font-family: arial, helvetica, sans-serif; font-size: 12pt; color: #000000;\">100% g\u1ed7 s\u1ed3i m\u1edbi \u1edf 11 \u0111\u1ed9 C, v\u00ec v\u1eady nh\u00e0 s\u1ea3n xu\u1ea5t c\u00f3 th\u1ec3 b\u1ed5 sung \u00edt l\u01b0u hu\u1ef3nh h\u01a1n\u00a0<\/span><span style=\"font-family: arial, helvetica, sans-serif; font-size: 12pt; color: #000000;\">\u0111\u1ec3 gi\u1eef cho h\u01b0\u01a1ng v\u1ecb t\u01b0\u01a1i m\u00e1t v\u00e0 duy tr\u00ec s\u1ef1 thanh l\u1ecbch c\u1ee7a r\u01b0\u1ee3u vang. R\u01b0\u1ee3u c\u00f3\u00a0<\/span><span style=\"font-family: arial, helvetica, sans-serif; font-size: 12pt; color: #000000;\">th\u1ec3 \u0111\u1ec3 b\u1ea3o qu\u1ea3n t\u1ed1t trong h\u1ea7m r\u01b0\u1ee3u t\u1eeb 2 \u0111\u1ebfn 8 n\u0103m.\u00a0<\/span><br \/>\n<span style=\"font-family: arial, helvetica, sans-serif; font-size: 12pt; color: #000000;\"><span style=\"color: #800000;\"><strong>K\u1ebft h\u1ee3p \u0111\u1ed3 \u0103n:<\/strong><\/span> \u0110\u01b0\u1ee3c d\u00f9ng v\u1edbi c\u00e1c m\u00f3n \u0103n ngu\u1ed9i nh\u01b0 x\u00fac x\u00edch, th\u1ecbt hun kh\u00f3i,\u00a0<\/span><span style=\"font-family: arial, helvetica, sans-serif; font-size: 12pt; color: #000000;\">d\u0103m b\u00f4ng&#8230;<\/span><br \/>\n<span style=\"font-family: arial, helvetica, sans-serif; font-size: 12pt; color: #000000;\"><span style=\"color: #800000;\"><strong>L\u01b0u \u00fd:<\/strong><\/span> N\u00ean th\u01b0\u1edfng th\u1ee9c r\u01b0\u1ee3u vang\u00a0Chateau Latour Martillac \u1edf nhi\u1ec7t \u0111\u1ed9 kho\u1ea3ng 16-20 \u0111\u1ed9 C<\/span><\/p>\n<p><span style=\"font-size: 12pt;\">Xem Th\u00eam Chai R\u01b0\u1ee3u S\u00e2m Banh C\u1ee7a Ph\u00e1p : <span style=\"color: #0000ff;\"><strong><a style=\"color: #0000ff;\" href=\"https:\/\/ruouvang24h.vn\/ruou-champagne-moet-chandon-imperial\">Champagne Moet<\/a><\/strong><\/span><\/span><\/p>\n","protected":false},"excerpt":{"rendered":"<p><strong>Xu\u1ea5t x\u1ee9:<\/strong>\u00a0Pessac-L\u00e9ognan Bordeaux<br \/>\n<strong>N\u1ed3ng \u0111\u1ed9:<\/strong> 13,0%<\/p>\n<p><strong>\u0110\u1eb7c \u0111i\u1ec3m:<\/strong> R\u01b0\u1ee3u vang Ph\u00e1p Chateau Latour Martillac 2014\u00a0l\u00e0 m\u1ed9t chai r\u01b0\u1ee3u vang c\u00f3 m\u00e0u s\u1eafc \u0111\u1ecf t\u00edm r\u1ea5t tinh t\u1ebf. H\u01b0\u01a1ng v\u1ecb c\u1ee7a n\u00f3 l\u00e0 ph\u1ee9c h\u1ee3p c\u1ee7a m\u00f9i nho kh\u00f4, m\u00f9i c\u1ecf ch\u00e1y v\u00e0 v\u1ecb nho \u0111\u1eb7c bi\u1ec7t \u0111\u1ebfn t\u1eeb v\u00f9ng Bordeaux c\u1ee7a n\u01b0\u1edbc Ph\u00e1p m\u1ed9ng m\u01a1. L\u1ea5y v\u1ecb nho l\u00e0m ch\u1ee7 \u0111\u1ea1o, v\u1edbi nh\u1eefng tr\u00e1i nho \u0111\u01b0\u1ee3c tuy\u1ec3n ch\u1ecdn t\u1eeb nhi\u1ec1u gi\u1ed1ng nho kh\u00e1c nhau, \u0111\u01b0\u1ee3c \u1ee7 trong nhi\u1ec1u th\u00e1ng \u0111\u1ec3 \u0111\u1ea1t \u0111\u1ebfn h\u01b0\u01a1ng v\u1ecb th\u01a1m ngon nh\u1ea5t . V\u1ecb ch\u00e1t c\u1ee7a v\u1ecf nho sau khi \u0111i qua cu\u1ed1ng h\u1ecdng s\u1ebd \u0111\u1ec3 l\u1ea1i d\u01b0 v\u1ecb khi\u1ebfn b\u1ea1n nh\u1edb m\u00e3i kh\u00f4ng qu\u00ean .<\/p>\n","protected":false},"featured_media":1272,"comment_status":"open","ping_status":"closed","template":"","meta":[],"class_list":{"0":"post-1148","1":"product","2":"type-product","3":"status-publish","4":"has-post-thumbnail","6":"product_cat-ruou-vang-cao-cap","7":"product_cat-ruou-vang-phap","9":"first","10":"instock","11":"shipping-taxable","12":"purchasable","13":"product-type-simple"},"_links":{"self":[{"href":"http:\/\/winelove.vn\/9xweb\/index.php?rest_route=\/wp\/v2\/product\/1148"}],"collection":[{"href":"http:\/\/winelove.vn\/9xweb\/index.php?rest_route=\/wp\/v2\/product"}],"about":[{"href":"http:\/\/winelove.vn\/9xweb\/index.php?rest_route=\/wp\/v2\/types\/product"}],"replies":[{"embeddable":true,"href":"http:\/\/winelove.vn\/9xweb\/index.php?rest_route=%2Fwp%2Fv2%2Fcomments&post=1148"}],"wp:featuredmedia":[{"embeddable":true,"href":"http:\/\/winelove.vn\/9xweb\/index.php?rest_route=\/wp\/v2\/media\/1272"}],"wp:attachment":[{"href":"http:\/\/winelove.vn\/9xweb\/index.php?rest_route=%2Fwp%2Fv2%2Fmedia&parent=1148"}],"curies":[{"name":"wp","href":"https:\/\/api.w.org\/{rel}","templated":true}]}}