{"id":1153,"date":"2017-08-31T16:50:34","date_gmt":"2017-08-31T16:50:34","guid":{"rendered":"http:\/\/winelove.vn\/9xweb\/?post_type=product&#038;p=1153"},"modified":"2022-10-28T17:20:20","modified_gmt":"2022-10-28T10:20:20","slug":"ruou-vang-chateau-haut-brion","status":"publish","type":"product","link":"http:\/\/winelove.vn\/9xweb\/?product=ruou-vang-chateau-haut-brion","title":{"rendered":"R\u01b0\u1ee3u Vang Chateau Haut Brion 5.4% ABV* &#8211; D\u00f2ng Vang Ph\u00e1p Cao C\u1ea5p #1 Th\u1ebf Gi\u1edbi"},"content":{"rendered":"<p><span style=\"font-family: arial, helvetica, sans-serif; font-size: 12pt; color: #000000;\">R\u01b0\u1ee3u vang Chateau Haut Brion d\u1eabn \u0111\u1ea7u trong b\u1ea3ng x\u1ebfp h\u1ea1ng Grand Crus 1885(Premier Grand Cru), c\u00f9ng v\u1edbi nh\u1eefng c\u00e1i t\u00ean n\u1ed5i ti\u1ebfng kh\u00e1c nh\u01b0 Chateau Margaux, Chateau Lafite Rothschild, Chateau Latour, Chateau Mouton Rothschild. \u0110\u00e2y l\u00e0 m\u1ed9t trong nh\u1eefng s\u1ea3n ph\u1ea9m vang Ph\u00e1p cao c\u1ea5p nh\u1ea5t c\u1ee7a\u00a0<span style=\"color: #800000;\"><strong>Winestore1977<\/strong><\/span>, li\u00ean h\u1ec7\u00a0<strong><span style=\"color: #800000;\">hotline: 098.221.6068<\/span>\u00a0<\/strong>\u0111\u1ec3 \u0111\u01b0\u1ee3c b\u00e1o gi\u00e1 vang t\u1ed1t nh\u1ea5t.<\/span><\/p>\n<p>&nbsp;<\/p>\n<h2><span style=\"font-family: arial, helvetica, sans-serif; font-size: 18pt; color: #800000;\"><strong>Gi\u1edbi thi\u1ec7u r\u01b0\u1ee3u vang Chateau Haut Brion:<\/strong><\/span><\/h2>\n<p><span style=\"font-family: arial, helvetica, sans-serif; font-size: 12pt; color: #000000;\">N\u1eb1m t\u1ea1i trung t\u00e2m v\u00f9ng Pessac( Bordeaux), c\u00e1c v\u01b0\u1eddn nho c\u1ee7a r\u01b0\u1ee3u vang Chateau Haut\u00a0<\/span><span style=\"font-family: arial, helvetica, sans-serif; font-size: 12pt; color: #000000;\">Brion s\u1edf h\u1eefu nh\u1eefng \u0111\u1eb7c t\u00ednh \u0111\u1ea5t \u0111\u1eb7c bi\u1ec7t gi\u00fap s\u1ea3n xu\u1ea5t \u0111\u01b0\u1ee3c nh\u1eefng lo\u1ea1i vang\u00a0<\/span><span style=\"font-family: arial, helvetica, sans-serif; font-size: 12pt; color: #000000;\">th\u01b0\u1ee3ng h\u1ea1ng v\u1edbi h\u01b0\u01a1ng v\u1ecb v\u00e0 m\u00e0u s\u1eafc tuy\u1ec7t v\u1eddi. V\u1ec1 m\u1eb7t th\u1ea9m m\u1ef9, r\u01b0\u1ee3u vang Chateau Haut\u00a0<\/span><span style=\"font-family: arial, helvetica, sans-serif; font-size: 12pt; color: #000000;\">Brion d\u1ec5 d\u00e0ng \u0111\u01b0\u1ee3c nh\u1eadn ra b\u1edfi lo\u1ea1i chai kh\u00f4ng ph\u1ea3i chai Bordeaux c\u1ed5 \u0111i\u1ec3n. <\/span><\/p>\n<p><span style=\"font-family: arial, helvetica, sans-serif; font-size: 12pt; color: #000000;\">R\u01b0\u1ee3u\u00a0<\/span><span style=\"font-family: arial, helvetica, sans-serif; font-size: 12pt; color: #000000;\">vang Chateau Haut Brion \u0111\u01b0\u1ee3c \u0111\u00e1nh gi\u00e1 c\u00f3 h\u01b0\u01a1ng v\u1ecb \u0111a d\u1ea1ng, \u0111\u1eb7c bi\u1ec7t h\u1ea5p d\u1eabn\u00a0<\/span><span style=\"font-family: arial, helvetica, sans-serif; font-size: 12pt; color: #000000;\">khi th\u01b0\u1edfng th\u1ee9c: \u0111\u01b0\u1ee3c b\u1eaft \u0111\u1ea7u b\u1eb1ng v\u1ecb hoa qu\u1ea3 v\u00e0 k\u1ebft th\u00fac b\u1eb1ng v\u1ecb ch\u00e1t nh\u1eb9 nh\u00e0ng\u00a0<\/span><span style=\"font-family: arial, helvetica, sans-serif; font-size: 12pt; color: #000000;\">c\u00e2n b\u1eb1ng v\u1edbi \u0111\u1ed9 r\u01b0\u1ee3u. Gi\u1ed1ng nh\u01b0 nh\u1eefng lo\u1ea1i grand crus kh\u00e1c, r\u01b0\u1ee3u vang\u00a0<\/span><span style=\"font-family: arial, helvetica, sans-serif; font-size: 12pt; color: #000000;\">Chateau Haut Brion c\u00f3 th\u1ec3 l\u01b0u gi\u1eef \u0111\u01b0\u1ee3c v\u00e0i th\u1eadp k\u1ef7, \u0111i\u1ec1u n\u00e0y ch\u00ednh l\u00e0 m\u1ed9t trong\u00a0<\/span><span style=\"font-family: arial, helvetica, sans-serif; font-size: 12pt; color: #000000;\">nh\u1eefng minh ch\u1ee9ng cho ch\u1ea5t l\u01b0\u1ee3ng tuy\u1ec7t v\u1eddi c\u1ee7a n\u00f3.<\/span><\/p>\n<p>&nbsp;<\/p>\n<p><span style=\"font-family: arial, helvetica, sans-serif; font-size: 18pt; color: #800000;\"><strong>\u0110\u1eb7c \u0111i\u1ec3m vang Ph\u00e1p cao c\u1ea5p Chateau Haut Brion:<\/strong> <\/span><\/p>\n<p><span style=\"font-family: arial, helvetica, sans-serif; font-size: 12pt; color: #000000;\">Chai r\u01b0\u1ee3u vang Chateau Haut Brion 2011 l\u00e0 m\u1ed9t n\u00e2ng c\u1ea5p tuy\u1ec7t h\u1ea3o t\u1eeb chai vang Ph\u00e1p,\u00a0<\/span><span style=\"font-family: arial, helvetica, sans-serif; font-size: 12pt; color: #000000;\">ch\u1ecb em huy\u1ec1n tho\u1ea1i c\u1ee7a m\u00ecnh Chateau Haut Brion 2006 &#8211; l\u00e0 m\u1ed9t trong nh\u1eefng chai\u00a0<\/span><span style=\"font-family: arial, helvetica, sans-serif; font-size: 12pt; color: #000000;\">vang \u0111\u01b0\u1ee3c r\u1ea5t nhi\u1ec1u ng\u01b0\u1eddi s\u00e0nh r\u01b0\u1ee3u vang \u01b0a chu\u1ed9ng. \u0110\u00e2y la m\u1ed9t trong nh\u1eefng s\u1ea3n\u00a0<\/span><span style=\"font-family: arial, helvetica, sans-serif; font-size: 12pt; color: #000000;\">ph\u1ea9m t\u00e2m \u0111\u1eafc nh\u1ea5t c\u1ee7a nh\u00e0 r\u01b0\u1ee3u n\u1ed5i ti\u1ebfng \u0111\u1ebfn t\u1eeb n\u01b0\u1edbc Ph\u00e1p Pessac-Leosgnan\u00a0<\/span><span style=\"font-family: arial, helvetica, sans-serif; font-size: 12pt; color: #000000;\">Bordeaux.<\/span><\/p>\n<div id=\"attachment_4396\" style=\"width: 610px\" class=\"wp-caption aligncenter\"><img loading=\"lazy\" decoding=\"async\" aria-describedby=\"caption-attachment-4396\" class=\"wp-image-4396 size-full\" src=\"http:\/\/winelove.vn\/9xweb\/wp-content\/uploads\/2017\/08\/Chateau-Haut-Brion-2006-1-1-e1538903652701.jpg\" alt=\"r\u01b0\u1ee3u vang Chateau Haut Brion 2006\" width=\"600\" height=\"600\" srcset=\"http:\/\/winelove.vn\/9xweb\/wp-content\/uploads\/2017\/08\/Chateau-Haut-Brion-2006-1-1-e1538903652701.jpg 600w, http:\/\/winelove.vn\/9xweb\/wp-content\/uploads\/2017\/08\/Chateau-Haut-Brion-2006-1-1-e1538903652701-300x300.jpg 300w, http:\/\/winelove.vn\/9xweb\/wp-content\/uploads\/2017\/08\/Chateau-Haut-Brion-2006-1-1-e1538903652701-100x100.jpg 100w\" sizes=\"(max-width: 600px) 100vw, 600px\" \/><p id=\"caption-attachment-4396\" class=\"wp-caption-text\">r\u01b0\u1ee3u vang Chateau Haut Brion 2006<\/p><\/div>\n<p><span style=\"font-family: arial, helvetica, sans-serif; font-size: 12pt; color: #000000;\"><span style=\"color: #ff6600;\"><a style=\"color: #ff6600;\" href=\"http:\/\/winelove.vn\/9xweb\/\">Chai r\u01b0\u1ee3u vang<\/a><\/span> n\u00e0y \u0111\u01b0\u1ee3c r\u1ea5t hi\u1ec1u tin \u0111\u1ed3 r\u01b0\u1ee3u vang y\u00eau th\u00edch b\u1edfi n\u00f3 l\u00e0 quy\u1ec7n\u00a0<\/span><span style=\"font-family: arial, helvetica, sans-serif; font-size: 12pt; color: #000000;\">ho\u00e0n h\u1ea3o c\u1ee7a nhi\u1ec1u lo\u1ea1i h\u01b0\u01a1ng v\u1ecb bao g\u1ed3m c\u00f3 h\u01b0\u1ee3ng v\u1ecb c\u1ee7a tr\u00e1i d\u00e2u r\u1eebng ch\u00edn\u00a0<\/span><span style=\"font-family: arial, helvetica, sans-serif; font-size: 12pt; color: #000000;\">m\u1ecdng, c\u1ee7a n\u1ea5m h\u01b0\u01a1ng v\u00e0 ca cao, k\u1ebft h\u1ee3p v\u1edbi m\u1ed9t ch\u00fat h\u01b0\u01a1ng l\u00faa m\u1ea1ch v\u00e0 m\u00f9i hoa<\/span><br \/>\n<span style=\"font-family: arial, helvetica, sans-serif; font-size: 12pt; color: #000000;\">qu\u1ea3 khi\u1ebfn r\u01b0\u1ee3u vang Chauteau Haut Brion \u0111\u00e3 \u0111\u1eb7c bi\u1ec7t l\u00e0 c\u00e0ng tr\u1edf n\u00ean quy\u1ebfn r\u0169 h\u01a1n.<\/span><\/p>\n<p>&nbsp;<\/p>\n<h2><span style=\"font-family: arial, helvetica, sans-serif; font-size: 18pt; color: #800000;\"><strong>Quy tr\u00ecnh s\u1ea3n xu\u1ea5t vang Ph\u00e1p Chateau Haut Brion:<\/strong><\/span><\/h2>\n<p><span style=\"font-family: arial, helvetica, sans-serif; font-size: 12pt; color: #000000;\">R\u01b0\u1ee3u vang Chauteau Haut Brion\u00a0 ch\u1eb3ng m\u1ea5t nhi\u1ec1u c\u00f4ng s\u1ee9c \u0111\u1ec3 quy\u1ebfn r\u0169 b\u1ea1n\u00a0<\/span><span style=\"font-family: arial, helvetica, sans-serif; font-size: 12pt; color: #000000;\">b\u1edfi b\u1ea3n th\u00e2n n\u00f3 \u0111\u00e3 t\u1ecfa ra m\u1ed9t h\u01b0\u01a1ng th\u01a1m ph\u1ee9c t\u1ea1p. <span style=\"color: #ff6600;\"><a style=\"color: #ff6600;\" href=\"http:\/\/winelove.vn\/9xweb\/danh-muc\/ruou-vang-phap\/\">Vang Ph\u00e1p<\/a><\/span> Chauteau Haut Brion\u00a0<\/span><span style=\"font-family: arial, helvetica, sans-serif; font-size: 12pt; color: #000000;\">\u0111\u01b0\u1ee3c l\u00e0m t\u1eeb 3 gi\u1ed1ng nho : 45% Canbernet Sauvignon, 37% Merlot, 18% Cabernet\u00a0<\/span><span style=\"font-family: arial, helvetica, sans-serif; font-size: 12pt; color: #000000;\">Franc.Nh\u1eefng tr\u00e1i nho \u0111\u01b0\u1ee3c thu ho\u1ea1ch ho\u00e0n to\u00e0n th\u1ee7 c\u00f4ng b\u1eb1ng tay. <\/span><\/p>\n<p><span style=\"font-family: arial, helvetica, sans-serif; font-size: 12pt; color: #000000;\">M\u00e0u c\u1ee7a r\u01b0\u1ee3u vang Chateau Haut Brion\u00a0<\/span><span style=\"font-family: arial, helvetica, sans-serif; font-size: 12pt; color: #000000;\">\u0111\u01b0\u1ee3c h\u00ecnh th\u00e0nh t\u1eeb v\u1ecf c\u1ee7a qu\u1ea3 nho , v\u1ecf v\u00e0 c\u00f9i nho d\u01b0\u1ee3c l\u00ean men c\u00f9ng v\u1edbi n\u01b0\u1edbc\u00a0<\/span><span style=\"font-family: arial, helvetica, sans-serif; font-size: 12pt; color: #000000;\">nho. V\u1ecb ch\u00e1t t\u1eeb v\u1ecf c\u00e2y c\u0169ng \u0111\u01b0\u1ee3c k\u1ebft h\u1ee3p \u0111\u1ec3 t\u1ea1o th\u00e0nh m\u00e0u \u0111\u1ecf. Nho sau khi \u0111\u01b0\u1ee3c\u00a0<\/span><span style=\"font-family: arial, helvetica, sans-serif; font-size: 12pt; color: #000000;\">v\u1eaft v\u00e0 c\u1eaft cu\u1ed1ng s\u1ebd \u0111\u01b0\u1ee3c \u0111\u01b0a l\u00ean h\u1ec7 th\u1ed1ng l\u00ean men r\u1ed3i sau \u0111\u00f3 s\u1ebd \u0111\u01b0\u1ee3c \u00e9p. \u0110\u1ec3 r\u01b0\u1ee3u\u00a0<\/span><span style=\"font-family: arial, helvetica, sans-serif; font-size: 12pt; color: #000000;\">vang \u0111\u1ea1t \u0111\u01b0\u1ee3c s\u1ef1 h\u00e0i h\u00f2a v\u00e0 \u1ed5n \u0111\u1ecbnh c\u1ee7a m\u00f9i v\u1ecb v\u00e0 ch\u1ea5t l\u01b0\u1ee3ng th\u00ec r\u01b0\u1ee3u s\u1ebd \u0111\u01b0\u1ee3c \u1ee7\u00a0<\/span><span style=\"font-family: arial, helvetica, sans-serif; font-size: 12pt; color: #000000;\">trong nh\u1eefng th\u00f9ng g\u1ed7 s\u1ed3i m\u1edbi trong kho\u1ea3ng 18-20 th\u00e1ng tr\u01b0\u1edbc khi \u0111\u01b0\u1ee3c \u0111\u01b0a \u0111\u1ebfn\u00a0<\/span><span style=\"font-family: arial, helvetica, sans-serif; font-size: 12pt; color: #000000;\">tay ng\u01b0\u1eddi s\u1eed d\u1ee5ng.<\/span><\/p>\n<p><span style=\"font-family: arial, helvetica, sans-serif; font-size: 12pt; color: #000000;\">Body r\u01b0\u1ee3u \u0111\u1ea7y \u0111\u1eb7n v\u00e0 kh\u1ecfe m\u1ea1nh, thi\u1ebft k\u1ebf nh\u00e3n chai tinh t\u1ebf, v\u1ecb r\u01b0\u1ee3u m\u1ea1nh m\u1ebd v\u00e0\u00a0<\/span><span style=\"font-family: arial, helvetica, sans-serif; font-size: 12pt; color: #000000;\">ph\u1ee9c h\u1ee3p. Khi nh\u1ea5p m\u1ed9t ng\u1ee5m r\u01b0\u1ee3u ta li\u1ec1n c\u1ea9m nh\u1eadn \u0111\u01b0\u1ee3c s\u1ef1 d\u1ebbo dai, nh\u1eb9 nh\u00e0ng\u00a0<\/span><span style=\"font-family: arial, helvetica, sans-serif; font-size: 12pt; color: #000000;\">lan t\u1ecfa m\u00f9i h\u01b0\u01a1ng, h\u01b0\u01a1ng v\u1ecb kh\u1eafp khoang mi\u1ec7ng m\u1ed9t v\u1ecb ngon h\u00e0i h\u00f2a v\u1edbi d\u01b0 v\u1ecb r\u1ea5t d<\/span><span style=\"font-family: arial, helvetica, sans-serif; font-size: 12pt; color: #000000;\">\u00e0i b\u1edfi ch\u1ea5t tannin c\u00e2n b\u1eb1ng tinh t\u1ebf \u0111\u1ebfn ho\u00e0n h\u1ea3o. N\u1ed3ng \u0111\u1ed9 c\u1ed3n nh\u1eb9 h\u01a1n c\u00f4 ch\u1ecb\u00a0<\/span><span style=\"font-family: arial, helvetica, sans-serif; font-size: 12pt; color: #000000;\">Chauteau Haut Brion 2006 l\u00e0 13,5% vol, ph\u00f9 h\u1ee3p v\u1edbi \u0111a s\u1ed1 \u0111\u1ed1i t\u01b0\u1ee3ng ng\u01b0\u1eddi\u00a0<\/span><span style=\"font-family: arial, helvetica, sans-serif; font-size: 12pt; color: #000000;\">th\u01b0\u1edfng th\u1ee9c, kh\u00f4ng ch\u1ec9 th\u00edch h\u1ee3p \u0111\u1ec3 nh\u00e2m nhi m\u00e0 c\u00f2n l\u1ea1i s\u1ef1 ho\u00e0n h\u1ea3o cho nh\u1eefng\u00a0<\/span><span style=\"font-family: arial, helvetica, sans-serif; font-size: 12pt; color: #000000;\">b\u1eefa ti\u1ec7c hay nh\u1eefng b\u1eefa \u0103n sum h\u1ecdp \u1ea5m c\u00fang.<\/span><\/p>\n<p><span style=\"font-family: arial, helvetica, sans-serif; font-size: 12pt; color: #000000;\">\u0110\u1ec3 th\u01b0\u1edfng th\u1ee9c \u0111\u01b0\u1ee3c r\u01b0\u1ee3u vang ngon\u00a0<\/span><span style=\"font-family: arial, helvetica, sans-serif; font-size: 12pt; color: #000000;\">nh\u1ea5t b\u1ea1n ph\u1ea3i Decanter tr\u01b0\u1edbc \u1edf nhi\u1ec7t \u0111\u1ed9 kho\u1ea3ng 16-18 \u0111\u1ed9 C. S\u1ebd th\u1eadt tuy\u1ec7t v\u1eddi khi\u00a0<\/span><span style=\"font-family: arial, helvetica, sans-serif; font-size: 12pt; color: #000000;\">b\u1ea1n k\u1ebft h\u1ee3p Chauteau Haut Brion 2011 v\u1edbi th\u1ecbt b\u00f2, \u0111\u1ed3 n\u01b0\u1edbng, pizza, salad hay th\u1ecbt\u00a0<\/span><span style=\"font-family: arial, helvetica, sans-serif; font-size: 12pt; color: #000000;\">c\u1eebu. \u0110\u00f3 s\u1ebd l\u00e0 lu\u00f4n l\u1ef1a ch\u1ecdn ho\u00e0n h\u1ea3o cho b\u1ea1n khi s\u1eed d\u1ee5ng r\u01b0\u1ee3u vang Chauteau\u00a0<\/span><span style=\"font-family: arial, helvetica, sans-serif; font-size: 12pt; color: #000000;\">Haut Brion.<\/span><\/p>\n","protected":false},"excerpt":{"rendered":"<p><strong>Xu\u1ea5t x\u1ee9:<\/strong>\u00a0Pessac-L\u00e9ognan Bordeaux<br \/>\n<strong>N\u1ed3ng \u0111\u1ed9:<\/strong> 13,5%<\/p>\n<p><strong>\u0110\u1eb7c \u0111i\u1ec3m :<\/strong> Chai r\u01b0\u1ee3u n\u00e0y \u0111\u01b0\u1ee3c r\u1ea5t nhi\u1ec1u t\u00edn \u0111\u1ed3 r\u01b0\u1ee3u vang \u01b0u b\u1edfi n\u00f3 l\u00e0 s\u1ef1 h\u00f2a quy\u00ean tuy\u1ec7t h\u1ea3o c\u1ee7a nhi\u1ec1u lo\u1ea1i h\u01b0\u01a1ng v\u1ecb g\u1ed3m c\u00f3\u00a0 h\u01b0\u01a1ng v\u1ecb tr\u00e1i c\u00e2u r\u1eebng ch\u00edn m\u1ecdng, c\u1ee7a n\u1ea5m h\u01b0\u01a1ng v\u00e0 ca cao, k\u1ebft h\u1ee3p v\u1edbi m\u1ed9t ch\u00fat h\u01b0\u01a1ng l\u00faa m\u1ea1ch v\u00e0 m\u00f9i hoa c\u1ecf khi\u1ebfn Chateau Haut-Brion 2011 \u0111\u00e3 \u0111\u1eb7c bi\u1ec7t l\u1ea1i c\u00e0ng tr\u1edf n\u00ean quy\u1ebfn r\u0169 h\u01a1n. Khi nh\u1ea5p m\u1ed9t ng\u1ee5m r\u01b0\u1ee3u,d\u00f2ng r\u01b0\u1ee3u vang v\u1eeba m\u1ea1nh m\u1ebd nh\u01b0ng c\u0169ng v\u00f4 c\u00f9ng d\u1ebbo dai, nh\u1eb9 nh\u00e0ng lan t\u1ecfa m\u00f9i th\u01a1m, h\u01b0\u01a1ng v\u1ecb kh\u1eafp khoang mi\u1ec7ng , m\u1ed9t v\u1ecb ngon h\u00e0i h\u00f2a v\u1edbi d\u01b0 v\u1ecb r\u1ea5t d\u00e0i b\u1edfi ch\u1ea5t tannin c\u00e2n b\u1eb1ng tinh t\u1ebf \u0111\u1ebfn ho\u00e0n h\u1ea3o.<\/p>\n","protected":false},"featured_media":1270,"comment_status":"open","ping_status":"closed","template":"","meta":[],"class_list":{"0":"post-1153","1":"product","2":"type-product","3":"status-publish","4":"has-post-thumbnail","6":"product_cat-ruou-vang-cao-cap","7":"product_cat-ruou-vang-phap","9":"first","10":"instock","11":"shipping-taxable","12":"purchasable","13":"product-type-simple"},"_links":{"self":[{"href":"http:\/\/winelove.vn\/9xweb\/index.php?rest_route=\/wp\/v2\/product\/1153"}],"collection":[{"href":"http:\/\/winelove.vn\/9xweb\/index.php?rest_route=\/wp\/v2\/product"}],"about":[{"href":"http:\/\/winelove.vn\/9xweb\/index.php?rest_route=\/wp\/v2\/types\/product"}],"replies":[{"embeddable":true,"href":"http:\/\/winelove.vn\/9xweb\/index.php?rest_route=%2Fwp%2Fv2%2Fcomments&post=1153"}],"wp:featuredmedia":[{"embeddable":true,"href":"http:\/\/winelove.vn\/9xweb\/index.php?rest_route=\/wp\/v2\/media\/1270"}],"wp:attachment":[{"href":"http:\/\/winelove.vn\/9xweb\/index.php?rest_route=%2Fwp%2Fv2%2Fmedia&parent=1153"}],"curies":[{"name":"wp","href":"https:\/\/api.w.org\/{rel}","templated":true}]}}