{"id":1156,"date":"2017-08-31T17:19:49","date_gmt":"2017-08-31T17:19:49","guid":{"rendered":"http:\/\/winelove.vn\/9xweb\/?post_type=product&#038;p=1156"},"modified":"2022-10-28T17:20:14","modified_gmt":"2022-10-28T10:20:14","slug":"chateau-de-camensac-2012","status":"publish","type":"product","link":"http:\/\/winelove.vn\/9xweb\/?product=chateau-de-camensac-2012","title":{"rendered":"R\u01b0\u1ee3u Vang Chateau de Camensac 5.4% ABV* &#8211; Vang Th\u01b0\u1ee3ng H\u1ea1ng Nh\u1eadp Kh\u1ea9u"},"content":{"rendered":"<p><span style=\"font-family: arial, helvetica, sans-serif; font-size: 12pt; color: #000000;\">R\u01b0\u1ee3u vang Chateau de Camensac x\u1ee9ng \u0111\u00e1ng v\u1edbi danh hi\u1ec7u m\u1ed9t trong nh\u1eefng chai r\u01b0\u1ee3u vang Ph\u00e1p \u0111\u01b0\u1ee3c c\u00e1c t\u00edn \u0111\u1ed3 r\u01b0\u1ee3u vang \u01b0a th\u00edch nh\u1ea5t. \u0110\u00f3 l\u00e0 chai r\u01b0\u1ee3u vang c\u00f3 kh\u1ea3 n\u0103ng thu h\u00fat \u00e1nh nh\u00ecn c\u1ee7a b\u1ea1n m\u1ed9t c\u00e1ch m\u1ea1nh m\u1ebd m\u1ed7i khi tr\u00f4ng th\u1ea5y. Li\u00ean h\u1ec7\u00a0<strong><span style=\"color: #800000;\">hotline: 098.221.6068<\/span>\u00a0<\/strong>\u0111\u1ec3 \u0111\u01b0\u1ee3c t\u01b0 v\u1ea5n v\u00e0 b\u00e1o gi\u00e1 r\u01b0\u1ee3u vang t\u1ed1t nh\u1ea5t.<\/span><\/p>\n<p>&nbsp;<\/p>\n<h2><span style=\"font-family: arial, helvetica, sans-serif; font-size: 18pt; color: #800000;\">Gi\u1edbi thi\u1ec7u r\u01b0\u1ee3u vang Chateau de Camensac:<\/span><\/h2>\n<p><span style=\"font-family: arial, helvetica, sans-serif; font-size: 12pt; color: #000000;\">R\u01b0\u1ee3u vang Chateau de Camensac l\u00e0 m\u1ed9t lo\u1ea1i r\u01b0\u1ee3u vang \u0111\u1ecf n\u1ed5i ti\u1ebfng t\u1eeb\u00a0<\/span><span style=\"font-family: arial, helvetica, sans-serif; font-size: 12pt; color: #000000;\">v\u00f9ng Haut-Medoc \u1edf ph\u00eda nam c\u1ee7a qu\u1eadn Medoc l\u1edbn nh\u1ea5t \u1edf Bordeaux c\u1ee7a Ph\u00e1p. \u0110\u1ea5t\u00a0<\/span><span style=\"font-family: arial, helvetica, sans-serif; font-size: 12pt; color: #000000;\">\u1edf v\u00f9ng Haut-Medoc ch\u1ee7 y\u1ebfu bao g\u1ed3m c\u00e1c l\u1edbp s\u1ecfi d\u00e0y \u0111\u01b0\u1ee3c cu\u1ed1n tr\u00f4i theo d\u00f2ng\u00a0<\/span><span style=\"font-family: arial, helvetica, sans-serif; font-size: 12pt; color: #000000;\">s\u00f4ng theo th\u1eddi gian v\u00e0 b\u00e2y gi\u1edd ng\u1ed3i tr\u00ean \u0111\u1ea5t s\u00e9t n\u1eb7ng. C\u00e1c d\u00e3y s\u1ecfi \u1ea5m \u00e1p, ti\u1ebft ki\u1ec7m\u00a0<\/span><span style=\"font-family: arial, helvetica, sans-serif; font-size: 12pt; color: #000000;\">n\u01b0\u1edbc cung c\u1ea5p \u0111i\u1ec1u ki\u1ec7n sinh tr\u01b0\u1edfng l\u00fd t\u01b0\u1edfng cho c\u00e1c lo\u1ea1i nho Canbernet\u00a0<\/span><span style=\"font-family: arial, helvetica, sans-serif; font-size: 12pt; color: #000000;\">Sauvignon ch\u00edn mu\u1ed9n, chi\u1ebfm \u01b0u th\u1ebf trong tr\u1ed3ng tr\u1ecdt \u1edf Medoc. Trong \u0111\u1ea5t li\u1ec1n, \u0111\u1ea5t\u00a0<\/span><span style=\"font-family: arial, helvetica, sans-serif; font-size: 12pt; color: #000000;\">chuy\u1ec3n th\u00e0nh c\u00e1c l\u1edbp tr\u1ea7m t\u00edch s\u00e2u c\u1ee7a \u0111\u1ea5t s\u00e9t, n\u01a1i m\u00e0 lo\u1ea1i nho Merlot ph\u00e1t tri\u1ec3n\u00a0<\/span><span style=\"font-family: arial, helvetica, sans-serif; font-size: 12pt; color: #000000;\">m\u1ea1nh.<\/span><\/p>\n<p>&nbsp;<\/p>\n<h2><span style=\"color: #800000; font-size: 18pt;\">\u0110\u1eb7c \u0111i\u1ec3m vang Ph\u00e1p Chateau de Camensac:<\/span><\/h2>\n<p><span style=\"font-family: arial, helvetica, sans-serif; font-size: 12pt; color: #000000;\">R\u01b0\u1ee3u vang Chateau de Camensac \u0111\u01b0\u1ee3c pha tr\u1ed9n 50% Canbernet Sauvignon v\u00e0 50% Merlot.\u00a0<\/span><span style=\"font-family: arial, helvetica, sans-serif; font-size: 12pt; color: #000000;\">C\u1eb7p \u0111\u00f4i n\u00e0y t\u1ea1o th\u00e0nh n\u1ec1n t\u1ea3ng cho r\u1ea5t nhi\u1ec1u lo\u1ea1i r\u01b0\u1ee3u vang tuy\u1ec7t v\u1eddi c\u1ee7a\u00a0<\/span><span style=\"font-family: arial, helvetica, sans-serif; font-size: 12pt; color: #000000;\">Bordeaux. Nh\u1edd s\u1ef1 pha tr\u1ed9n c\u1ed5 \u0111i\u1ec3n n\u00e0y, trong nhi\u1ec1u th\u1ebf k\u1ef7 Canbernet Sauvignon\u00a0<\/span><span style=\"font-family: arial, helvetica, sans-serif; font-size: 12pt; color: #000000;\">v\u00e0 Merlot \u0111\u00e3 tr\u1edf th\u00e0nh r\u01b0\u1ee3u vang tinh hoa c\u1ee7a Bordeaux, danh ti\u1ebfng v\u00e0 s\u1ef1 n\u1ed5i tr\u1ed9i\u00a0<\/span><span style=\"font-family: arial, helvetica, sans-serif; font-size: 12pt; color: #000000;\">c\u1ee7a h\u1ecd \u0111\u00e3 \u0111\u01b0a h\u1ecd v\u01b0\u1ee3t xa b\u1edd s\u00f4ng Garonne, Dordogne v\u00e0 Gironde \u0111\u1ebfn nh\u1eefng v\u00f9ng\u00a0<\/span><span style=\"font-family: arial, helvetica, sans-serif; font-size: 12pt; color: #000000;\">xa nh\u1ea5t c\u1ee7a th\u1ebf gi\u1edbi r\u01b0\u1ee3u vang. <\/span><\/p>\n<p><span style=\"font-family: arial, helvetica, sans-serif; font-size: 12pt; color: #000000;\">R\u01b0\u1ee3u vang Chateau de Camensac c\u00f3 m\u00e0u t\u00edm s\u00e2u, m\u00e0u c\u1ee7a\u00a0<\/span><span style=\"font-family: arial, helvetica, sans-serif; font-size: 12pt; color: #000000;\">r\u01b0\u1ee3u \u0111\u01b0\u1ee3c h\u00ecnh th\u00e0nh t\u1eeb v\u1ecf c\u1ee7a qu\u1ea3 nho, v\u1ecf v\u00e0 c\u00f9i nho \u0111\u01b0\u1ee3c l\u00ean men c\u00f9ng n\u01b0\u1edbc\u00a0<\/span><span style=\"font-family: arial, helvetica, sans-serif; font-size: 12pt; color: #000000;\">nho. V\u1ecb ch\u00e1t t\u1eeb v\u1ecf c\u00e2y c\u0169ng \u0111\u01b0\u1ee3c k\u1ebft h\u1ee3p \u0111\u1ec3 t\u1ea1o th\u00e0nh m\u00e0u \u0111\u1ecf. Nho sau khi \u0111\u01b0\u1ee3c\u00a0<\/span><span style=\"font-family: arial, helvetica, sans-serif; font-size: 12pt; color: #000000;\">v\u1eaft v\u00e0 c\u1eaft cu\u1ed1ng s\u1ebd \u0111\u01b0\u1ee3c \u0111\u01b0a l\u00ean h\u1ec7 th\u1ed1ng l\u00ean men r\u1ed3i sau \u0111\u00f3 m\u1edbi \u0111\u01b0\u1ee3c \u0111\u01b0a \u0111i\u00a0<\/span><span style=\"font-family: arial, helvetica, sans-serif; font-size: 12pt; color: #000000;\">\u00e9p.<\/span><\/p>\n<p><span style=\"font-family: arial, helvetica, sans-serif; font-size: 12pt; color: #000000;\">\u0110\u1ec3 r\u01b0\u1ee3u \u0111\u1ea1t \u0111\u01b0\u1ee3c s\u1ef1 h\u00e0i h\u00f2a v\u00e0 \u1ed5n \u0111\u1ecbnh c\u1ee7a m\u00f9i v\u1ecb, ch\u1ea5t l\u01b0\u1ee3ng th\u00ec s\u1ebd \u0111\u01b0\u1ee3c l\u00ean\u00a0<\/span><span style=\"font-family: arial, helvetica, sans-serif; font-size: 12pt; color: #000000;\">men trong c\u00e1c th\u00f9ng b\u1eb1ng th\u00e9p kh\u00f4ng r\u1ec9, sau \u0111\u00f3 r\u01b0\u1ee3u vang trong h\u1ed7n h\u1ee3p th\u00f9ng g\u1ed7\u00a0<\/span><span style=\"font-family: arial, helvetica, sans-serif; font-size: 12pt; color: #000000;\">s\u1ed3i gi\u00e0 v\u00e0 c\u00e2y l\u00e2u n\u0103m trong 17 \u0111\u1ebfn 20 th\u00e1ng tr\u01b0\u1edbc khi \u0111\u01b0\u1ee3c \u0111\u01b0a \u0111\u1ebfn tay ng\u01b0\u1eddi s\u1eed\u00a0<\/span><span style=\"font-family: arial, helvetica, sans-serif; font-size: 12pt; color: #000000;\">d\u1ee5ng.<\/span><\/p>\n<p>&nbsp;<\/p>\n<h2><span style=\"color: #800000; font-size: 18pt;\">S\u1ea3n xu\u1ea5t vang Chateau de Camensac cao c\u1ea5p:<\/span><\/h2>\n<p><span style=\"font-family: arial, helvetica, sans-serif; font-size: 12pt; color: #000000;\">R\u01b0\u1ee3u vang Chateau de Camensac x\u1ee9ng \u0111\u00e1ng v\u1edbi danh hi\u1ec7u m\u1ed9t trong nh\u1eefng <a href=\"http:\/\/winelove.vn\/9xweb\/danh-muc\/ruou-vang-phap\/\" target=\"_blank\" rel=\"noopener noreferrer\">chai vang Ph\u00e1p<\/a><\/span><span style=\"font-family: arial, helvetica, sans-serif; font-size: 12pt; color: #000000;\">\u00a0\u0111\u01b0\u1ee3c c\u00e1c t\u00edn \u0111\u1ed3 <a href=\"http:\/\/winelove.vn\/9xweb\/\" target=\"_blank\" rel=\"noopener noreferrer\">r\u01b0\u1ee3u vang \u01b0a th\u00edch nh\u1ea5t<\/a>. \u0110\u00f3 l\u00e0 chai r\u01b0\u1ee3u vang c\u00f3 kh\u1ea3 n\u0103ng\u00a0<\/span><span style=\"font-family: arial, helvetica, sans-serif; font-size: 12pt; color: #000000;\">thu h\u00fat \u00e1nh nh\u00ecn c\u1ee7a b\u1ea1n m\u1ed9t c\u00e1ch m\u1ea1nh m\u1ebd m\u1ed7i khi tr\u00f4ng th\u1ea5y hay trong b\u1ea5t c\u1ee9\u00a0<\/span><span style=\"font-family: arial, helvetica, sans-serif; font-size: 12pt; color: #000000;\">m\u1ed9t cu\u1ed9c tri\u1ec3n l\u00e3m r\u01b0\u1ee3u vang n\u00e0o m\u00e0 b\u1ea1n v\u00f4 t\u00ecnh \u0111i qua b\u1edfi thi\u1ebft k\u1ebf v\u1eeba tinh t\u1ebf,\u00a0<\/span><span style=\"font-family: arial, helvetica, sans-serif; font-size: 12pt; color: #000000;\">sang tr\u1ecdng nh\u01b0ng l\u1ea1i \u0111\u01a1n gi\u1ea3n, nh\u1eb9 nh\u00e0ng v\u1edbi s\u1ef1 k\u1ebft h\u1ee3p c\u1ee7a 2 gam m\u00e0u \u0111\u1ecf, \u0111en v\u00f4\u00a0<\/span><span style=\"font-family: arial, helvetica, sans-serif; font-size: 12pt; color: #000000;\">c\u00f9ng thu h\u00fat \u0111\u1ed3ng th\u1eddi r\u01b0\u1ee3u vang Chateau de Camensac l\u1ea1i to\u00e1t l\u00ean s\u1ef1 l\u1ecbch thi\u1ec7p quy\u1ebfn r\u0169\u00a0<\/span><span style=\"font-family: arial, helvetica, sans-serif; font-size: 12pt; color: #000000;\">kh\u00f4ng th\u1ec3 ch\u1ed1i t\u1eeb v\u1edbi thi\u1ebft k\u1ebf c\u1ed5 cao.<\/span><\/p>\n<p><span style=\"font-family: arial, helvetica, sans-serif; font-size: 12pt; color: #000000;\">R\u01b0\u1ee3u r\u1ea5t g\u1ecdn g\u00e0ng v\u00e0 \u0111\u01a1n gi\u1ea3n. N\u00f3 l\u00e0 s\u1ef1 h\u00f2a quy\u1ec7n tuy\u1ec7t h\u1ea3o c\u1ee7a nhi\u1ec1u lo\u1ea1i h\u01b0\u01a1ng\u00a0<\/span><span style=\"font-family: arial, helvetica, sans-serif; font-size: 12pt; color: #000000;\">v\u1ecb g\u1ed3m c\u00f3 h\u01b0\u01a1ng v\u1ecb bao g\u1ed3m h\u01b0\u01a1ng v\u1ecb tr\u00e1i c\u00e2y r\u1eebng ch\u00edn m\u1ecdng k\u1ebft h\u1ee3p d\u1ecbu d\u00e0ng\u00a0<\/span><span style=\"font-family: arial, helvetica, sans-serif; font-size: 12pt; color: #000000;\">c\u00f9ng nh\u1eefng lo\u1ea1i gia v\u1ecb \u0111\u1eb7c bi\u1ec7t v\u00e0 m\u00f9i hoa c\u1ecf khi\u1ebfn r\u01b0\u1ee3u vang Chateau de Camensac \u0111\u00e3 \u0111\u1eb7c\u00a0<\/span><span style=\"font-family: arial, helvetica, sans-serif; font-size: 12pt; color: #000000;\">bi\u1ec7t l\u00e0 c\u00e0ng tr\u1edf n\u00ean quy\u1ebfn r\u0169 h\u01a1n. Khi nh\u1ea5p m\u1ed9t ng\u1ee5m r\u01b0\u1ee3u ta \u0111\u00e3 c\u1ea3m nh\u1eadn \u0111\u01b0\u1ee3c\u00a0<\/span><span style=\"font-family: arial, helvetica, sans-serif; font-size: 12pt; color: #000000;\">s\u1ef1 m\u1ea1nh m\u1ebd nh\u01b0ng l\u1ea1i v\u00f4 c\u00f9ng d\u1ebbo dai, nh\u1eb9 nh\u00e0ng lan t\u1ecfa m\u00f9i th\u01a1m h\u01b0\u01a1ng v\u1ecb kh\u1eafp\u00a0<\/span><span style=\"font-family: arial, helvetica, sans-serif; font-size: 12pt; color: #000000;\">khoang mi\u1ec7ng, m\u1ed9t v\u1ecb ngon h\u00e0i h\u00f2a v\u1edbi d\u01b0 v\u1ecb r\u1ea5t d\u00e0i b\u1edfi ch\u1ea5t tannin c\u00e2n b\u1eb1ng tinh\u00a0<\/span><span style=\"font-family: arial, helvetica, sans-serif; font-size: 12pt; color: #000000;\">t\u1ebf \u0111\u1ebfn ho\u00e0n h\u1ea3o. <\/span><\/p>\n<p><span style=\"font-family: arial, helvetica, sans-serif; font-size: 12pt; color: #000000;\">V\u1edbi n\u1ed3ng \u0111\u1ed9 13% vol , Chateau de Camensac ph\u00f9 h\u1ee3p v\u1edbi \u0111a s\u1ed1\u00a0<\/span><span style=\"font-family: arial, helvetica, sans-serif; font-size: 12pt; color: #000000;\">\u0111\u1ed1i t\u01b0\u1ee3ng ng\u01b0\u1eddi th\u01b0\u1edfng th\u1ee9c. Chai vang Ph\u00e1p Chateau de Camensac tuy\u1ec7t h\u1ea3o\u00a0<\/span><span style=\"font-family: arial, helvetica, sans-serif; font-size: 12pt; color: #000000;\">n\u00e0y n\u00ean \u0111\u01b0\u1ee3c s\u1eed d\u1ee5ng \u1edf nhi\u1ec7t \u0111\u1ecd t\u1eeb 16-18 \u0111\u1ed9 C c\u00f9ng v\u1edbi c\u00e1c lo\u1ea1i th\u1ecbt \u0111\u1ecf nh\u01b0 th\u1ecbt\u00a0<\/span><span style=\"font-family: arial, helvetica, sans-serif; font-size: 12pt; color: #000000;\">b\u00f2 ho\u1eb7c th\u1ecbt c\u1eebu v\u00e0 m\u1ed9t \u00edt n\u1ea5m, ho\u1eb7c \u0111\u1ed3 n\u01b0\u1edbng, pizza, salad \u0111\u00f3 l\u00e0 s\u1ef1 l\u1ef1a ch\u1ecdn ho\u00e0n\u00a0<\/span><span style=\"font-family: arial, helvetica, sans-serif; font-size: 12pt; color: #000000;\">h\u1ea3o cho nh\u1eefng b\u1eefa ti\u1ec7c hay nh\u1eefng b\u1eefa \u0103n sum h\u1ecdp vui v\u1ebb.<\/span><\/p>\n","protected":false},"excerpt":{"rendered":"<p><strong>Xu\u1ea5t x\u1ee9:<\/strong>\u00a0Haut M\u00e9doc Bordeaux<br \/>\n<strong>N\u1ed3ng \u0111\u1ed9:<\/strong> 13,0%<\/p>\n<p><strong>\u0110\u1eb7c \u0111i\u1ec3m :<\/strong> Chai r\u01b0\u1ee3u n\u00e0y \u0111\u01b0\u1ee3c r\u1ea5t nhi\u1ec1u t\u00edn \u0111\u1ed3 r\u01b0\u1ee3u vang \u01b0u \u00e1i b\u1edfi n\u00f3 l\u00e0 s\u1ef1 h\u00f2a quy\u00ean tuy\u1ec7t h\u1ea3o c\u1ee7a nhi\u1ec1u lo\u1ea1i h\u01b0\u01a1ng v\u1ecb g\u1ed3m c\u00f3\u00a0 h\u01b0\u01a1ng v\u1ecb tr\u00e1i c\u00e2u r\u1eebng ch\u00edn m\u1ecdng, k\u1ebft h\u1ee3p d\u1ecbu d\u00e0ng c\u00f9ng nh\u1eefng lo\u1ea1i gia v\u1ecb \u0111\u1eb7c bi\u1ec7t v\u00e0 m\u00f9i hoa c\u1ecf khi\u1ebfn Chateau de Camensac 2012 \u0111\u00e3 \u0111\u1eb7c bi\u1ec7t l\u1ea1i c\u00e0ng tr\u1edf n\u00ean quy\u1ebfn r\u0169 h\u01a1n. Khi nh\u1ea5p m\u1ed9t ng\u1ee5m r\u01b0\u1ee3u,d\u00f2ng r\u01b0\u1ee3u vang v\u1eeba m\u1ea1nh m\u1ebd nh\u01b0ng c\u0169ng v\u00f4 c\u00f9ng d\u1ebbo dai, nh\u1eb9 nh\u00e0ng lan t\u1ecfa m\u00f9i th\u01a1m, h\u01b0\u01a1ng v\u1ecb kh\u1eafp khoang mi\u1ec7ng , m\u1ed9t v\u1ecb ngon h\u00e0i h\u00f2a v\u1edbi d\u01b0 v\u1ecb r\u1ea5t d\u00e0i b\u1edfi ch\u1ea5t tannin c\u00e2n b\u1eb1ng tinh t\u1ebf \u0111\u1ebfn ho\u00e0n h\u1ea3o<\/p>\n","protected":false},"featured_media":1269,"comment_status":"open","ping_status":"closed","template":"","meta":[],"class_list":{"0":"post-1156","1":"product","2":"type-product","3":"status-publish","4":"has-post-thumbnail","6":"product_cat-ruou-vang-cao-cap","7":"product_cat-ruou-vang-phap","9":"first","10":"instock","11":"shipping-taxable","12":"purchasable","13":"product-type-simple"},"_links":{"self":[{"href":"http:\/\/winelove.vn\/9xweb\/index.php?rest_route=\/wp\/v2\/product\/1156"}],"collection":[{"href":"http:\/\/winelove.vn\/9xweb\/index.php?rest_route=\/wp\/v2\/product"}],"about":[{"href":"http:\/\/winelove.vn\/9xweb\/index.php?rest_route=\/wp\/v2\/types\/product"}],"replies":[{"embeddable":true,"href":"http:\/\/winelove.vn\/9xweb\/index.php?rest_route=%2Fwp%2Fv2%2Fcomments&post=1156"}],"wp:featuredmedia":[{"embeddable":true,"href":"http:\/\/winelove.vn\/9xweb\/index.php?rest_route=\/wp\/v2\/media\/1269"}],"wp:attachment":[{"href":"http:\/\/winelove.vn\/9xweb\/index.php?rest_route=%2Fwp%2Fv2%2Fmedia&parent=1156"}],"curies":[{"name":"wp","href":"https:\/\/api.w.org\/{rel}","templated":true}]}}