{"id":1160,"date":"2017-08-31T17:22:00","date_gmt":"2017-08-31T17:22:00","guid":{"rendered":"http:\/\/winelove.vn\/9xweb\/?post_type=product&#038;p=1160"},"modified":"2022-10-28T17:20:10","modified_gmt":"2022-10-28T10:20:10","slug":"chateau-malescot-st-exupery-2008","status":"publish","type":"product","link":"http:\/\/winelove.vn\/9xweb\/?product=chateau-malescot-st-exupery-2008","title":{"rendered":"Chateau Malescot St Exupery 2008 5.4% ABV*"},"content":{"rendered":"<p>R\u01b0\u1ee3u vang\u00a0Chateau Malescot St Exupery 2008<\/p>\n<p><strong>Gi\u1edbi thi\u1ec7u s\u1ea3n ph\u1ea9m :<\/strong><\/p>\n<p><a href=\"http:\/\/winelove.vn\/9xweb\/ruou-vang\/chateau-malescot-st-exupery-2008\/\">R\u01b0\u1ee3u vang Chateau Malescot St Exupery 2008<\/a> \u0111\u01b0\u1ee3c c\u00e1c t\u00edn \u0111\u1ed3 r\u01b0\u1ee3u vang \u01b0u \u00e1i \u0111\u1eb7t cho bi\u1ec7t danh l\u00e0 qu\u00fd c\u00f4 Ph\u00e1p xu\u1ed1ng ph\u1ed1 \u0111i\u1ec7u \u0111\u00e0 trong m\u1ed9t chi\u1ebfc v\u00e1y ch\u1ea5m \u0111\u1ecf, \u0111\u01b0\u1ee3c x\u1ebfp h\u1ea1ng 3 trong b\u1ea3ng x\u1ebfp h\u1ea1ng v\u00e0ng n\u0103m 1855, vang Chateau Malescot St Exupery 2008 th\u1ef1c s\u1ef1 l\u00e0 chai r\u01b0\u1ee3u \u0111\u00e1ng \u0111\u1ec3 b\u1ea1n th\u01b0\u1edfng th\u1ee9c . C\u00e1i t\u00ean Ch\u00e2teau Malescot St. Exup\u00e9ry l\u00e0 s\u1ef1 k\u1ebft h\u1ee3p t\u00ean c\u1ee7a hai ch\u1ee7 s\u1edf h\u1eefu: Malescot Simon v\u00e0 Jean-Baptiste de Saint-Exup\u00e9ry (h\u1eadu du\u1ec7 c\u1ee7a nh\u00e0 v\u0103n Antoine de Saint-Exup\u00e9ry).<\/p>\n<p><strong>\u0110\u1eb7c t\u00ednh:<\/strong> Chateau Malescot St Exupery 2008 c\u00f3 h\u01b0\u01a1ng th\u01a1m c\u1ee7a qu\u1ea3 m\u00e2m x\u00f4i, nho \u0111en, vi\u1ec7t qu\u1ea5t h\u00f2a quy\u1ec7n c\u00f9ng g\u1ed7 tuy\u1ebft t\u00f9ng v\u00e0 cam th\u1ea3o do \u0111\u01b0\u1ee3c \u1ee7 trong th\u00f9ng g\u1ed7 s\u1ed3i tr\u01b0\u1edbc khi \u0111\u01b0\u1ee3c \u0111\u00f3ng chai t\u1eeb 14 &#8211; 16 th\u00e1ng. V\u1edbi m\u00e0u \u0111\u1ecf ruby Ch\u00e2teau Malescot Saint Exup\u00e9ry 2008 \u0111\u01b0\u1ee3c \u0111\u00e1nh gi\u00e1 l\u00e0 m\u1ed9t s\u1ef1 k\u1ebft h\u1ee3p th\u00e0nh c\u00f4ng trong ni\u00ean v\u1ee5 2008. Khi <a href=\"http:\/\/winelove.vn\/9xweb\">u\u1ed1ng r\u01b0\u1ee3u<\/a> s\u1ebd t\u1ea1o n\u00ean c\u1ea3m gi\u00e1c m\u1ec1m m\u01b0\u1ee3t tr\u00ean v\u00f2m mi\u1ec7ng, tinh t\u1ebf v\u00e0 h\u00e0i h\u00f2a gi\u1eefa v\u1ecb ch\u00e1t v\u00e0 v\u1ecb ng\u1ecdt, th\u1ec3 hi\u1ec7n s\u1ee9c s\u1ed1ng \u0111\u1ea7y s\u1eafc n\u00e9t v\u1edbi k\u1ebft th\u00fac kh\u00e1 thanh l\u1ecbch.\u00a0<a href=\"http:\/\/winelove.vn\/9xweb\/danh-muc\/ruou-vang-phap\/\">R\u01b0\u1ee3u vang Ph\u00e1p<\/a> Chateau Malescot St Exupery 2008 c\u00f3 m\u00f9i v\u1ecb r\u1ea5t th\u01a1m c\u1ee7a n\u1ea5m h\u01b0\u01a1ng v\u00e0 c\u1ee7a tr\u00e1i c\u00e2y \u0111en-l\u00e0 nh\u1eefng lo\u1ea1i qu\u1ea3 kh\u00e1 quan thu\u1ed9c v\u1edbi n\u00f4ng tr\u1ea1i ph\u01b0\u01a1ng T\u00e2y nh\u01b0 l\u00e0 nho \u0111en, t\u00e1o \u0111en v\u00e0 c\u00e1c lo\u1ea1i m\u1ee9t hoa qu\u1ea3 \u0111en kh\u00e1c. Th\u00eam v\u00e0o \u0111\u00f3, n\u00f3 c\u00f3 th\u1ec3 \u0111\u01b0\u1ee3c dung v\u00e0o l\u00e0m m\u1ed9t s\u1ed1 nguy\u00ean li\u1ec7u \u0111\u1ec3 ch\u1ebf bi\u1ebfn m\u00f3n \u0103n. Nh\u01b0 m\u1ed9t s\u1ed1 m\u00f3n h\u1ea7m ho\u1eb7c m\u1ed9t s\u1ed1 m\u00f3n theo ti\u00eau chu\u1ea9n n\u0103m sao kh\u00e1c.<\/p>\n<p>R\u01b0\u1ee3u vang Ph\u00e1p n\u00e0y c\u00f3 k\u1ebft c\u1ea5u \u0111\u1ec1u \u0111\u1eb7n v\u00e0 c\u00e2n \u0111\u1ed1i. Tannin c\u1ee7a n\u00f3 r\u1ea5t t\u1eadp chung khi\u1ebfn h\u1eadu v\u1ecb d\u00e0i l\u00e2u, c\u0169ng l\u00e0 l\u00ed do khi\u1ebfn cho n\u00f3 tr\u1edf th\u00e0nh chai r\u01b0\u1ee3u vang r\u1ea5t th\u00edch h\u1ee3p \u0111\u1ec3 \u0111\u01b0\u01a1c \u1ee7 l\u00e2u n\u0103m<\/p>\n<p>N\u1ed3ng \u0111\u1ed9 c\u1ed3n 13,5% vol, ph\u00f9 h\u1ee3p v\u1edbi \u0111a s\u1ed1 \u0111\u1ed1i t\u01b0\u1ee3ng ng\u01b0\u1eddi th\u01b0\u1edfng th\u1ee9c, kh\u00f4ng ch\u1ec9 th\u00edch h\u1ee3p \u0111\u1ec3 nh\u00e2m nhi m\u00e0 c\u00f2n l\u00e0 s\u1ef1 l\u1ef1a ch\u1ecdn ho\u00e0n h\u1ea3o d\u00e0nh cho nh\u1eefng b\u1eefa ti\u1ec7c hay nh\u1eefng b\u1eefa \u0103n sum h\u1ecdp vui v\u1ebb .<\/p>\n<p><strong>Quy tr\u00ecnh ch\u1ebf bi\u1ebfn :<\/strong><\/p>\n<p>M\u00e0u c\u1ee7a r\u01b0\u1ee3u \u0111\u01b0\u1ee3c h\u00ecnh th\u00e0nh t\u1eeb v\u1ecf c\u1ee7a qu\u1ea3 nho, v\u1ecf v\u00e0 c\u00f9i nho \u0111\u01b0\u1ee3c l\u00ean men c\u00f9ng v\u1edbi n\u01b0\u1edbc nho. V\u1ecb ch\u00e1t t\u1eeb v\u1ecf c\u00e2y c\u0169ng \u0111\u01b0\u1ee3c k\u1ebft h\u1ee3p \u0111\u1ec3 t\u1ea1o th\u00e0nh m\u00e0u \u0111\u1ecf. Nho sau khi \u0111\u01b0\u1ee3c v\u1eaft v\u00e0 c\u1eaft cu\u1ed1ng s\u1ebd \u0111\u01b0\u1ee3c \u0111\u01b0a l\u00ean h\u1ec7 th\u1ed1ng l\u00ean men r\u1ed3i sau \u0111\u00f3 s\u1ebd \u0111\u01b0\u1ee3c \u00e9p. H\u01a1n m\u1ed9t n\u1eeda l\u01b0\u1ee3ng n\u01b0\u1edbc \u00e9p ra t\u1eeb qu\u1ea3 nho m\u1ed9t c\u00e1ch d\u1ec5 d\u00e0ng kh\u00f4ng c\u1ea7n \u0111\u1ebfn \u00e1p l\u1ef1c cao, ph\u1ea7n c\u00f2n l\u1ea1i s\u1ebd \u0111\u01b0\u1ee3c \u00e9p ra t\u1eeb h\u1ec7 th\u1ed1ng \u00e9p . \u0110\u1ec3 r\u01b0\u1ee3u \u0111\u1ea1t \u0111\u01b0\u1ee3c s\u1ef1 h\u00e0i h\u00f2a v\u00e0 \u1ed5n \u0111\u1ecbnh c\u1ee7a m\u00f9i v\u1ecb v\u00e0 ch\u1ea5t l\u01b0\u1ee3ng th\u00ec r\u01b0\u1ee3u ph\u1ea3i \u0111\u01b0\u1ee3c \u1ee7 nh\u1eb1m l\u00e0m cho kh\u00ed \u00f4xi t\u00e1c \u0111\u1ed9ng th\u1eadt ch\u1eadm, R\u01b0\u1ee3u vang Ch\u00e2teau Malescot Saint Exup\u00e9ry 2008 c\u00f3 h\u01b0\u01a1ng th\u01a1m c\u1ee7a qu\u1ea3 m\u00e2m x\u00f4i, nho \u0111en, vi\u1ec7t qu\u1ea5t h\u00f2a quy\u1ec7n c\u00f9ng g\u1ed7 tuy\u1ebft t\u00f9ng v\u00e0 cam th\u1ea3o do \u0111\u01b0\u1ee3c \u1ee7 trong th\u00f9ng g\u1ed7 s\u1ed3i tr\u01b0\u1edbc khi \u0111\u01b0\u1ee3c \u0111\u00f3ng chai t\u1eeb 14 &#8211; 16 th\u00e1ng<\/p>\n<p><strong>K\u1ebft h\u1ee3p \u0111\u1ed3 \u0103n :<\/strong><\/p>\n<p>Ch\u00e2teau Malescot Saint Exup\u00e9ry 2008 ph\u00f9 h\u1ee3p \u0103n k\u00e8m v\u1edbi th\u1ecbt \u0111\u1ecf, g\u00e0, b\u00f2, c\u1eebu \u0111\u1eb7c bi\u1ec7t tuy\u1ec7t v\u1eddi khi k\u1ebft h\u1ee3p v\u1edbi c\u00e1c m\u00f3n \u0103n ch\u00e2u \u00c1, c\u00e1c m\u00f3n \u00dd v\u1edbi phomai v\u00e0 pasta th\u01a1m ngon.<\/p>\n<p><strong>L\u01b0u \u00fd :<\/strong><\/p>\n<p>M\u1edf r\u01b0\u1ee3u vang 45 ph\u00fat r\u01b0\u1edbc khi u\u1ed1ng. Th\u01b0\u1edfng th\u1ee9c r\u01b0\u1ee3u \u1edf nhi\u1ec7t \u0111\u1ed9 18oC. B\u1ea3o qu\u1ea3n \u0111\u1eb7t chai r\u01b0\u1ee3u vang n\u1eb1m \u0111\u1eb7t n\u01a1i tho\u00e1ng m\u00e1t, b\u00ecnh \u1ed5n, tr\u00e1nh nhi\u1ec7t \u0111\u1ed9, \u00e1nh s\u00e1ng m\u1ea1nh.<\/p>\n","protected":false},"excerpt":{"rendered":"<p><strong>Xu\u1ea5t x\u1ee9:<\/strong>\u00a0Margaux Medoc Bordeaux<br \/>\n<strong>N\u1ed3ng \u0111\u1ed9:<\/strong> 13,5%<\/p>\n<p><strong>\u0110\u1eb7c t\u00ednh:<\/strong> Ch\u00e2teau Malescot Saint Exup\u00e9ry 2008 c\u00f3 h\u01b0\u01a1ng th\u01a1m c\u1ee7a qu\u1ea3 m\u00e2m x\u00f4i, nho \u0111en, vi\u1ec7t qu\u1ea5t h\u00f2a quy\u1ec7n c\u00f9ng g\u1ed7 tuy\u1ebft t\u00f9ng v\u00e0 cam th\u1ea3o do \u0111\u01b0\u1ee3c \u1ee7 trong th\u00f9ng g\u1ed7 s\u1ed3i tr\u01b0\u1edbc khi \u0111\u01b0\u1ee3c \u0111\u00f3ng chai t\u1eeb 14 &#8211; 16 th\u00e1ng. V\u1edbi m\u00e0u \u0111\u1ecf ruby Ch\u00e2teau Malescot Saint Exup\u00e9ry 2008 \u0111\u01b0\u1ee3c \u0111\u00e1nh gi\u00e1 l\u00e0 m\u1ed9t s\u1ef1 k\u1ebft h\u1ee3p th\u00e0nh c\u00f4ng trong ni\u00ean v\u1ee5 2008. Khi u\u1ed1ng r\u01b0\u1ee3u s\u1ebd t\u1ea1o n\u00ean c\u1ea3m gi\u00e1c m\u1ec1m m\u01b0\u1ee3t tr\u00ean v\u00f2m mi\u1ec7ng, tinh t\u1ebf v\u00e0 h\u00e0i h\u00f2a gi\u1eefa v\u1ecb ch\u00e1t v\u00e0 v\u1ecb ng\u1ecdt, th\u1ec3 hi\u1ec7n s\u1ee9c s\u1ed1ng \u0111\u1ea7y s\u1eafc n\u00e9t v\u1edbi k\u1ebft th\u00fac kh\u00e1 thanh l\u1ecbch.\u00a0R\u01b0\u1ee3u vang Chateau Malescot Saint Exupery 2008 c\u00f3 m\u00f9i v\u1ecb r\u1ea5t th\u01a1m c\u1ee7a n\u1ea5m h\u01b0\u01a1ng v\u00e0 c\u1ee7a tr\u00e1i c\u00e2y \u0111en-l\u00e0 nh\u1eefng lo\u1ea1i qu\u1ea3 kh\u00e1 quan thu\u1ed9c v\u1edbi n\u00f4ng tr\u1ea1i ph\u01b0\u01a1ng T\u00e2y nh\u01b0 l\u00e0 nho \u0111en, t\u00e1o \u0111en v\u00e0 c\u00e1c lo\u1ea1i m\u1ee9t hoa qu\u1ea3 \u0111en kh\u00e1c.<\/p>\n","protected":false},"featured_media":2197,"comment_status":"open","ping_status":"closed","template":"","meta":[],"class_list":{"0":"post-1160","1":"product","2":"type-product","3":"status-publish","4":"has-post-thumbnail","6":"product_cat-ruou-vang-cao-cap","7":"product_cat-ruou-vang-phap","9":"first","10":"instock","11":"shipping-taxable","12":"purchasable","13":"product-type-simple"},"_links":{"self":[{"href":"http:\/\/winelove.vn\/9xweb\/index.php?rest_route=\/wp\/v2\/product\/1160"}],"collection":[{"href":"http:\/\/winelove.vn\/9xweb\/index.php?rest_route=\/wp\/v2\/product"}],"about":[{"href":"http:\/\/winelove.vn\/9xweb\/index.php?rest_route=\/wp\/v2\/types\/product"}],"replies":[{"embeddable":true,"href":"http:\/\/winelove.vn\/9xweb\/index.php?rest_route=%2Fwp%2Fv2%2Fcomments&post=1160"}],"wp:featuredmedia":[{"embeddable":true,"href":"http:\/\/winelove.vn\/9xweb\/index.php?rest_route=\/wp\/v2\/media\/2197"}],"wp:attachment":[{"href":"http:\/\/winelove.vn\/9xweb\/index.php?rest_route=%2Fwp%2Fv2%2Fmedia&parent=1160"}],"curies":[{"name":"wp","href":"https:\/\/api.w.org\/{rel}","templated":true}]}}