{"id":1166,"date":"2017-08-31T17:36:52","date_gmt":"2017-08-31T17:36:52","guid":{"rendered":"http:\/\/winelove.vn\/9xweb\/?post_type=product&#038;p=1166"},"modified":"2022-10-28T17:19:20","modified_gmt":"2022-10-28T10:19:20","slug":"chateau-tayac-plaisance-margaux-cru-bourgeois-2013","status":"publish","type":"product","link":"http:\/\/winelove.vn\/9xweb\/?product=chateau-tayac-plaisance-margaux-cru-bourgeois-2013","title":{"rendered":"R\u01b0\u1ee3u Vang Chateau Tayac Plaisance 5.4% ABV* &#8211; Vang Ph\u00e1p Margaux Cru"},"content":{"rendered":"<p><span style=\"font-family: arial, helvetica, sans-serif; font-size: 12pt;\">\u0110\u1ea5t n\u01b0\u1edbc Ph\u00e1p th\u01a1 m\u1ed9ng, l\u00e3ng m\u1ea1n l\u00e0 x\u1ee9 s\u1edf c\u1ee7a c\u00e1c lo\u1ea1i r\u01b0\u1ee3u vang. Trong s\u1ed1 r\u01b0\u1ee3u vang Ph\u00e1p, ph\u1ea3i k\u1ec3 \u0111\u1ebfn r\u01b0\u1ee3u vang Chateau Tayac Plaisance, n\u00e0ng th\u01a1 c\u1ee7a nh\u00e0 r\u01b0\u1ee3u ch\u1ee9 danh kh\u1eafp c\u1ea3 n\u01b0\u1edbc- TOVIN Bordeaux. V\u00f9ng T\u00e2y Nam n\u01b0\u1edbc Ph\u00e1p v\u1ed1n n\u1ed5i ti\u1ebfng v\u1edbi nh\u1eefng v\u01b0\u1eddn nho c\u00f3 di\u1ec7n t\u00edch l\u1edbn, \u0111\u1ed3ng th\u01b0\u1eddi ch\u1ea5t l\u01b0\u1ee3ng nho n\u01a1i \u0111\u00e2y lu\u00f4n nh\u1eadn \u0111\u01b0\u1ee3c s\u1ef1 \u0111\u00e1nh gi\u00e1 cao c\u1ee7a c\u00e1c nh\u00e0 r\u01b0\u1ee3u.<\/span><\/p>\n<p>&nbsp;<\/p>\n<h2><span style=\"font-family: arial, helvetica, sans-serif; font-size: 18pt; color: #800000;\"><strong>Gi\u1edbi thi\u1ec7u r\u01b0\u1ee3u vang Chateau Tayac Plaisance:<\/strong><\/span><\/h2>\n<p><span style=\"font-family: arial, helvetica, sans-serif; font-size: 12pt;\"><a href=\"http:\/\/winelove.vn\/9xweb\/danh-muc\/ruou-vang-phap\/\"><span style=\"color: #ff6600;\">R\u01b0\u1ee3u vang Ph\u00e1p<\/span><\/a> Chateau Tayac Plaisance Margaux Cru Bourgeois 2013 l\u00e0 m\u1ed9t chai r\u01b0\u1ee3u \u0111\u1ebfn t\u1eeb nh\u00e0 r\u01b0\u1ee3u n\u1ed5i ti\u1ebfng nh\u1ea5t n\u01b0\u1edbc Ph\u00e1p TOVIN Bordeaux . Lo\u1ea1i <span style=\"color: #ff6600;\"><a style=\"color: #ff6600;\" href=\"http:\/\/winelove.vn\/9xweb\">r\u01b0\u1ee3u vang<\/a><\/span> n\u00e0y l\u00e0 s\u1ef1 k\u1ebft h\u1ee3p c\u1ee7a nhi\u1ec1u gi\u1ed1ng nho kh\u00e1c nhau, h\u1ea7u h\u1ebft ch\u00fang \u0111\u1ec1u \u0111\u01b0\u1ee3c thu ho\u1ea1ch v\u1ec1 ho\u1eb7c l\u1ea5y t\u1eeb v\u01b0\u1eddn nho l\u1edbn nh\u1ea5t n\u1eb1m \u1edf ph\u00eda T\u00e2y Nam n\u01b0\u1edbc Ph\u00e1p.\u00a0<\/span><\/p>\n<p><span style=\"font-family: arial, helvetica, sans-serif; font-size: 12pt;\">Nho \u0111\u1ec3 s\u1ea3n xu\u1ea5t r\u01b0\u1ee3u vang Chateau Tayac Plaisance ch\u00ednh v\u00ec th\u1ebf \u0111\u01b0\u1ee3c l\u1ef1a ch\u1ecdn t\u1eeb ph\u1ea7n l\u1edbn nh\u1eefng v\u01b0\u1eddn nho r\u1ed9ng l\u1edbn nh\u1ea5t\u00a0<\/span><span style=\"font-family: arial, helvetica, sans-serif; font-size: 12pt;\">v\u00f9ng T\u00e2y Nam \u0111\u1ea5t n\u01b0\u1edbc, c\u00f9ng m\u1ed9t s\u1ed1 l\u01b0\u1ee3ng \u00edt h\u01a1n do c\u00e1c v\u01b0\u1eddn nho thu\u1ed9c s\u1edf h\u1eefu c\u1ee7a nh\u1eefng ng\u01b0\u1eddi d\u00e2n b\u1ea3n \u0111\u1ecba cung c\u1ea5p. C\u00e1c lo\u1ea1i nho kh\u00e1c nhau k\u1ebft h\u1ee3p l\u1ea1i t\u1ea1o n\u00ean m\u1ed9t Chateau Tayac Plaisance ho\u00e0n ch\u1ec9nh v\u00e0 d\u00f9 nho \u0111\u01b0\u1ee3c thu ho\u1ea1ch \u1edf \u0111\u00e2u th\u00ec n\u00f3\u00a0<\/span><span style=\"font-family: arial, helvetica, sans-serif; font-size: 12pt;\">b\u1eaft bu\u1ed9c ph\u1ea3i l\u00e0 nh\u1eefng tr\u00e1i nho ch\u1ea5t l\u01b0\u1ee3ng nh\u1ea5t, \u0111\u00e3 \u0111\u01b0\u1ee3c tr\u1ea3i qua qu\u00e1 tr\u00ecnh tuy\u1ec3n ch\u1ecdn v\u1edbi nhi\u1ec1u c\u00f4ng \u0111o\u1ea1n nghi\u00eam ng\u1eb7t, g\u1eaft gao.<\/span><\/p>\n<p>&nbsp;<\/p>\n<h2><span style=\"font-family: arial, helvetica, sans-serif; font-size: 18pt; color: #800000;\"><strong>\u0110\u1eb7c \u0111i\u1ec3m c\u1ea3m quan c\u1ee7a vang Ph\u00e1p Chateau Tayac Plaisance<\/strong><strong>:<\/strong> <\/span><\/h2>\n<p><span style=\"font-family: arial, helvetica, sans-serif; font-size: 12pt;\">Tr\u00ean th\u1ecb tr\u01b0\u1eddng hi\u1ec7n t\u1ea1i c\u00f3 nhi\u1ec1u lo\u1ea1i r\u01b0\u1ee3u vang, nh\u01b0ng vang \u0111\u1ecf v\u1eabn \u0111\u01b0\u1ee3c coi l\u00e0 ph\u1ed5 bi\u1ebfn v\u00e0 c\u00f3 l\u1ecbch s\u1eed l\u00e2u \u0111\u1eddi h\u01a1n c\u1ea3. C\u00f3 th\u1ec3 coi vang \u0111\u1ecf l\u00e0 n\u1eef ho\u00e0ng c\u1ee7a c\u00e1c lo\u1ea1i r\u01b0\u1ee3u vang v\u00ec l\u1ebd \u0111\u00f3. Chai vang Chateau Tayac Plaisance ch\u00ednh l\u00e0 m\u1ed9t h\u1eadu du\u1ec7 xu\u1ea5t s\u1eafc c\u1ee7a d\u00f2ng vang \u0111\u1ecf. M\u00e0u c\u1ee7a lo\u1ea1i r\u01b0\u1ee3u vang n\u00e0y \u0111\u1ee7 s\u1ee9c khi\u1ebfn n\u00f3 n\u1ed5i b\u1eadt gi\u1eefa d\u00f2ng ch\u1ea3y c\u1ee7a th\u1eddi gian. D\u1eabu th\u1eddi gian c\u00f3 tr\u00f4i qua t\u1eebng ng\u00e0y, th\u00ec m\u00e0u \u0111\u1ecf \u1ea5y v\u1eabn ki\u00eau h\u00e3nh v\u00e0 v\u1eb9n nguy\u00ean s\u1ee9c h\u00fat \u0111\u1ed1i v\u1edbi bi\u1ebft bao th\u1ebf h\u1ec7. <\/span><\/p>\n<p><span style=\"font-family: arial, helvetica, sans-serif; font-size: 12pt;\">M\u1ed9t tin vui cho nh\u1eefng ng\u01b0\u1eddi tr\u00f3t y\u00eau v\u00e0 say \u0111\u1eafm s\u1eafc \u0111\u1ecf c\u1ee7a r\u01b0\u1ee3u vang Chateau Tayac Plaisance l\u00e0 m\u00e0u r\u01b0\u1ee3u gi\u1eef \u0111\u01b0\u1ee3c r\u1ea5t l\u00e2u, r\u01b0\u1ee3u s\u1ebd kh\u00f4ng b\u1ecb phai hay chuy\u1ec3n m\u00e0u. N\u1ebfu coi r\u01b0\u1ee3u vang Chateau Tayac Plaisance l\u00e0 m\u1ed9t ng\u01b0\u1eddi ph\u1ee5 n\u1eef, h\u1eb3n \u0111\u00f3 ph\u1ea3i l\u00e0 m\u1ed9t ng\u01b0\u1eddi \u0111\u00e0n b\u00e0 \u0111\u1eb9p c\u1ea3 v\u1ec1 s\u1eafc v\u00f3c l\u1eabn t\u00e2m h\u1ed3n. B\u1edfi khi ta c\u00f2n ch\u01b0a h\u1ebft \u1ea5n t\u01b0\u1ee3ng v\u1edbi v\u1ebb b\u1ec1 ngo\u00e0i c\u1ee7a Chateau Tayac Plaisance, th\u00ec l\u1eadp t\u1ee9c l\u1ea1i \u0111\u1ed5 g\u1ee5c m\u1ed9t l\u1ea7n n\u1eefa tr\u01b0\u1edbc h\u01b0\u01a1ng v\u1ecb c\u1ee7a lo\u1ea1i r\u01b0\u1ee3u vang n\u00e0y. H\u01b0\u01a1ng th\u01a1m c\u1ee7a hoa tr\u00e1i, chocolate, c\u00e0 ph\u00ea, gia v\u1ecb v\u00e0 t\u1ea5t nhi\u00ean kh\u00f4ng th\u1ec3 thi\u1ebfu v\u1ecb n\u1ed3ng n\u00e0n c\u1ee7a tr\u00e1i c\u00e2y ch\u00edn m\u1ecdng, k\u1ebft h\u1ee3p v\u1edbi v\u1ecb tannin \u0111\u00e3 t\u1ea1o<\/span><br \/>\n<span style=\"font-family: arial, helvetica, sans-serif; font-size: 12pt;\">n\u00ean m\u00f9i v\u1ecb Chateau Tayac Plaisance. <\/span><\/p>\n<p><span style=\"font-family: arial, helvetica, sans-serif; font-size: 12pt;\">Th\u01b0\u1edfng th\u1ee9c m\u1ed9t ly r\u01b0\u1ee3u vang Chateau Tayac Plaisance v\u00e0 \u0111\u1ec3 n\u00f3 chi\u1ebfm l\u0129nh v\u1ecb gi\u00e1c, ch\u1eafc h\u1eb3n nh\u1eefng v\u1ecb kh\u00e1ch kh\u00f3 t\u00ednh\u00a0<\/span><span style=\"font-family: arial, helvetica, sans-serif; font-size: 12pt;\">nh\u1ea5t c\u0169ng s\u1ebd c\u1ea3m th\u1ea5y h\u00e0i l\u00f2ng v\u1ec1 h\u01b0\u01a1ng v\u1ecb ph\u00f3ng kho\u00e1ng c\u1ee7a lo\u1ea1i r\u01b0\u1ee3u vang n\u00e0y. V\u1edbi \u0111\u1ed9 c\u1ed3n 12.5 %, r\u01b0\u1ee3u vang Chateau Tayac Plaisance kh\u00e1 nh\u1eb9 nh\u00e0ng v\u00e0 ph\u00f9 h\u1ee3p v\u1edbi g\u1ea7n nh\u01b0 t\u1ea5t c\u1ea3 m\u1ecdi \u0111\u1ed1i t\u01b0\u1ee3ng s\u1eed d\u1ee5ng. Ch\u00ednh v\u00ec \u0111\u1ed9 c\u1ed3n nh\u1eb9 m\u00e0 trong nh\u1eefng bu\u1ed5i g\u1eb7p m\u1eb7t, nh\u1eefng b\u1eefa \u0103n \u0111\u1ea7m \u1ea5m c\u00f9ng gia \u0111\u00ecnh, r\u01b0\u1ee3u vang Chateau Tayac Plaisance lu\u00f4n l\u00e0 m\u1ed9t l\u1ef1a ch\u1ecdn ho\u00e0n h\u1ea3o. \u0110\u1eb7c bi\u1ec7t khi d\u00f9ng r\u01b0\u1ee3u vang Chateau Tayac Plaisance v\u1edbi c\u00e1c m\u00f3n th\u1ecbt c\u1eebu, c\u00e1 h\u1ed3i n\u01b0\u1edbng b\u1eefa ti\u1ec7c \u1ea5m c\u00fang s\u1ebd th\u00eam ph\u1ea7n\u00a0<\/span><span style=\"font-family: arial, helvetica, sans-serif; font-size: 12pt;\">ho\u00e0n thi\u1ec7n.<\/span><\/p>\n<p>&nbsp;<\/p>\n<h2><span style=\"font-family: arial, helvetica, sans-serif; font-size: 18pt; color: #800000;\">Quy tr\u00ecnh ch\u1ebf bi\u1ebfn r\u01b0\u1ee3u vang Ph\u00e1p Chateau Tayac Plaisance<\/span><\/h2>\n<p><span style=\"font-family: arial, helvetica, sans-serif; font-size: 12pt;\">Nh\u1eefng tr\u00e1i nho ch\u00edn m\u1ecdng v\u00e0 v\u1ecf c\u1ee7a n\u00f3, k\u1ebft h\u1ee3p c\u00f9ng v\u1edbi n\u01b0\u1edbc nho, th\u00f4ng qua qu\u00e1 tr\u00ecnh l\u00ean men \u0111\u00e3 t\u1ea1o n\u00ean m\u00e0u \u0111\u1ecf \u0111\u1eb7c tr\u01b0ng c\u1ee7a r\u01b0\u1ee3u vang Chateau Tayac Plaisance. B\u00ean c\u1ea1nh \u0111\u00f3, v\u1ecf c\u00e2y c\u00f3 v\u1ecb ch\u00e1t c\u0169ng \u0111\u01b0\u1ee3c t\u1eadn d\u1ee5ng m\u1ed9t c\u00e1ch \u0111\u1eafc l\u1ef1c<\/span><br \/>\n<span style=\"font-family: arial, helvetica, sans-serif; font-size: 12pt;\">trong vi\u1ec7c t\u1ea1o m\u00e0u c\u1ee7a r\u01b0\u1ee3u. C\u00f4ng \u0111o\u1ea1n \u0111\u1ea7u ti\u00ean, ng\u01b0\u1eddi ta s\u1ebd c\u1eaft cu\u1ed1ng nho, v\u1eaft ch\u00fang v\u00e0 \u0111\u01b0a v\u00e0o qu\u00e1 tr\u00ecnh x\u1eed l\u00ed l\u00ean men. N\u1ed1i ti\u1ebfp c\u00f4ng \u0111o\u1ea1n n\u00e0y, nho sau khi l\u00ean men s\u1ebd \u0111\u01b0\u1ee3c \u00e9p. <\/span><\/p>\n<p><span style=\"font-family: arial, helvetica, sans-serif; font-size: 12pt;\">T\u1eeb m\u1ed9t tr\u00e1i nho, ph\u1ea7n l\u1edbn l\u01b0\u1ee3ng n\u01b0\u1edbc \u0111\u01b0\u1ee3c \u00e9p ra kh\u00e1 d\u1ec5 d\u00e0ng, l\u01b0\u1ee3ng n\u01b0\u1edbc c\u00f2n l\u1ea1i c\u1ee7a tr\u00e1i nho ch\u01b0a \u0111\u01b0\u1ee3c \u00e9p ra h\u1ebft s\u1ebd \u0111\u01b0\u1ee3c h\u1ec7 th\u1ed1ng \u00e9p x\u1eed l\u00ed v\u1edbi \u00e1p l\u1ef1c cao. M\u1ed9t trong nh\u1eefng y\u00eau c\u1ea7u quan tr\u1ecdng c\u1ee7a r\u01b0\u1ee3u vang l\u00e0 m\u00f9i v\u1ecb ph\u1ea3i \u0111\u1ea1t \u0111\u1ebfn \u0111\u1ed9 h\u00e0i h\u00f2a, \u1ed5n \u0111\u1ecbnh. \u0110\u1ec3 \u0111\u1ea1t \u0111\u01b0\u1ee3c y\u00eau c\u1ea7u \u0111\u00f3, r\u01b0\u1ee3u b\u1eaft bu\u1ed9c ph\u1ea3i \u1ee7 t\u1eeb 18- 20 th\u00e1ng, trong m\u00f4i tr\u01b0\u1eddng \u0111\u1eb7c bi\u1ec7t l\u00e0 th\u00f9ng g\u1ed7 s\u1ed3i. Ch\u1ec9 khi tr\u1ea3i qua qu\u00e1 tr\u00ecnh s\u1ea3n xu\u1ea5t nghi\u00eam ng\u1eb7t nh\u01b0 v\u1eady, m\u1ed9t chai r\u01b0\u1ee3u vang Chateau Tayac Plaisance m\u1edbi c\u00f3 th\u1ec3 \u0111\u1ebfn v\u1edbi nh\u1eefng ng\u01b0\u1eddi y\u00eau qu\u00fd n\u00f3.<\/span><\/p>\n<p><span style=\"font-family: arial, helvetica, sans-serif; font-size: 12pt;\">G\u1ecdi ngay hotline:\u00a0<strong><span style=\"color: #800000;\">098.221.6068<\/span>\u00a0<\/strong>\u0111\u1ec3 \u0111\u01b0\u1ee3c t\u01b0 v\u1ea5n v\u00e0 b\u00e1o gi\u00e1 r\u01b0\u1ee3u vang t\u1ed1t nh\u1ea5t.<\/span><\/p>\n","protected":false},"excerpt":{"rendered":"<p><strong>Xu\u1ea5t x\u1ee9:<\/strong>\u00a0TOVIN Bordeaux<br \/>\n<strong>N\u1ed3ng \u0111\u1ed9:<\/strong> 12,5%<\/p>\n<p><strong>\u0110\u1eb7c \u0111i\u1ec3m :<\/strong> Chai vang n\u00e0y\u00a0n\u00e0y l\u00e0 m\u1ed9t chai r\u01b0\u1ee3u vang \u0111\u1ecf \u0111\u00edch th\u1ef1c, mang m\u1ed9t m\u00e0u \u0111\u1ecf truy\u1ec1n th\u1ed1ng \u0111\u00e3 \u0111\u1eddi truy\u1ec1n \u0111\u1eddi, kh\u00f4ng bi\u1ebft \u0111\u00e3 qua bao nhi\u00eau th\u1ebf h\u1ec7. \u0110i\u1ec1u tuy\u1ec7t v\u1eddi n\u1eefa l\u00e0 m\u00e0u r\u01b0\u1ee3u r\u1ea5t l\u00e2u b\u1ec1n, n\u00f3 c\u00f3 th\u1ec3 \u0111\u01b0\u1ee3c \u1ee7 trong m\u1ed9t th\u1eddi gian r\u1ea5t l\u00e2u. M\u00e0 b\u1ea1n s\u1ebd kh\u00f4ng bao gi\u1edd ph\u1ea3i lo vi\u1ec7c r\u01b0\u1ee3u b\u1ecb chuy\u1ec3n m\u00e0u. H\u01b0\u01a1ng th\u01a1m ng\u1eady m\u00f9i tr\u00e1i c\u00e2y r\u1eebng ch\u00edn m\u1ecdng, k\u1ebft h\u1ee3p m\u00f9i hoa t\u00e1n, chocolate, m\u1eadn \u0111en, c\u00e0 ph\u00ea, d\u00e2u d\u1ea1i, gia v\u1ecb, h\u01b0\u01a1ng hoa . B\u00ean c\u1ea1nh \u0111\u00f3 l\u00e0 v\u1ecb tannin m\u1ea1nh m\u1ebd, ng\u1ecdt ng\u00e0o, d\u01b0 v\u1ecb k\u00e9o d\u00e0i gi\u00fap m\u1ecdi tinh hoa c\u1ee7a r\u01b0\u1ee3u lan t\u1ecfa trong khoang mi\u1ec7ng \u0111em \u0111\u1ebfn s\u1ef1 h\u00e0i l\u00f2ng cho ng\u01b0\u1eddi th\u01b0\u1edfng th\u1ee9c<\/p>\n","protected":false},"featured_media":1263,"comment_status":"open","ping_status":"closed","template":"","meta":[],"class_list":{"0":"post-1166","1":"product","2":"type-product","3":"status-publish","4":"has-post-thumbnail","6":"product_cat-ruou-vang-cao-cap","7":"product_cat-ruou-vang-phap","9":"first","10":"instock","11":"shipping-taxable","12":"purchasable","13":"product-type-simple"},"_links":{"self":[{"href":"http:\/\/winelove.vn\/9xweb\/index.php?rest_route=\/wp\/v2\/product\/1166"}],"collection":[{"href":"http:\/\/winelove.vn\/9xweb\/index.php?rest_route=\/wp\/v2\/product"}],"about":[{"href":"http:\/\/winelove.vn\/9xweb\/index.php?rest_route=\/wp\/v2\/types\/product"}],"replies":[{"embeddable":true,"href":"http:\/\/winelove.vn\/9xweb\/index.php?rest_route=%2Fwp%2Fv2%2Fcomments&post=1166"}],"wp:featuredmedia":[{"embeddable":true,"href":"http:\/\/winelove.vn\/9xweb\/index.php?rest_route=\/wp\/v2\/media\/1263"}],"wp:attachment":[{"href":"http:\/\/winelove.vn\/9xweb\/index.php?rest_route=%2Fwp%2Fv2%2Fmedia&parent=1166"}],"curies":[{"name":"wp","href":"https:\/\/api.w.org\/{rel}","templated":true}]}}