{"id":1194,"date":"2017-08-31T18:47:41","date_gmt":"2017-08-31T18:47:41","guid":{"rendered":"http:\/\/winelove.vn\/9xweb\/?post_type=product&#038;p=1194"},"modified":"2022-10-28T17:18:25","modified_gmt":"2022-10-28T10:18:25","slug":"les-portes-de-bordeaux-sauvignon-blanc-2015","status":"publish","type":"product","link":"http:\/\/winelove.vn\/9xweb\/?product=les-portes-de-bordeaux-sauvignon-blanc-2015","title":{"rendered":"Les Portes de Bordeaux Sauvignon Blanc 2015 5.4% ABV*"},"content":{"rendered":"<p>R\u01b0\u1ee3u vang\u00a0Les Portes de Bordeaux Sauvignon Blanc 2015<\/p>\n<p><strong>Gi\u1edbi thi\u1ec7u s\u1ea3n ph\u1ea9m :<\/strong><\/p>\n<p>L\u00e0 chai r\u01b0\u1ee3u anh em v\u1edbi chai vang \u0111\u1ecf Les Portes de Bordeaux 2015 c\u1ee7a nh\u00e0 r\u01b0\u1ee3u SAVAS Bordeaux Ph\u00e1p , Les Portes de Bordeaux Sauvignon Blanc 2015 l\u00e0 m\u1ed9t trong s\u1ed1 r\u1ea5t \u00edt nh\u1eefng chai <a href=\"http:\/\/winelove.vn\/9xweb\/danh-muc\/ruou-vang-phap\/\">r\u01b0\u1ee3u vang tr\u1eafng Ph\u00e1p<\/a> c\u00f3 s\u1ed1 l\u01b0\u1ee3ng nh\u1eefng ng\u01b0\u1eddi y\u00eau th\u00edch \u0111\u00f4ng \u0111\u1ea3o nh\u1ea5t,l\u00e0 nh\u1eefng t\u00edn \u0111\u1ed3 r\u01b0\u1ee3u vang tr\u00ean kh\u1eafp th\u1ebf gi\u1edbi. H\u01b0\u01a1ng th\u01a1m c\u1ee7a m\u1ee9t tr\u00e1i c\u00e2y \u0111\u1ecdng l\u1ea1i trong v\u00f2m h\u1ecdng sau khi b\u1ea1n k\u1ebft th\u00fac ng\u1ee5m <a href=\"http:\/\/winelove.vn\/9xweb\">r\u01b0\u1ee3u vang<\/a>, m\u00e0u v\u00e0ng tr\u1eafng sang tr\u1ecdng, tinh t\u1ebf ph\u00f9 h\u1ee3p d\u00f9ng \u0111\u1ec3 khai v\u1ecb ho\u1eb7c tr\u00e1ng mi\u1ec7ng trong nh\u1eefng b\u1eefa ti\u1ec7c sang tr\u1ecdng.<\/p>\n<p><strong>\u0110\u1eb7c \u0111i\u1ec3m :<\/strong> R\u01b0\u1ee3u vang tr\u1eafng\u00a0<a href=\"http:\/\/winelove.vn\/9xweb\/ruou-vang\/les-portes-de-bordeaux-sauvignon-blanc-2015\/\">Les Portes de Bordeaux Sauvignon Blanc<\/a> 2015 l\u00e0 m\u1ed9t chai r\u01b0\u1ee3u vang ng\u1ecdt ng\u00e0o, v\u00f4 c\u00f9ng m\u1ec1m m\u01b0\u1ee3t v\u00e0 d\u1ec5 u\u1ed1ng. Gi\u1ed1ng nho Sauvignon Blanc \u0111em \u0111\u1ebfn cho chai r\u01b0\u1ee3u n\u00e0y h\u01b0\u01a1ng v\u1ecb th\u1eadt ng\u1ecdt ng\u00e0o v\u00e0 l\u00f4i cu\u1ed1n, d\u1ec5 khi\u1ebfn cho ng\u01b0\u1eddi th\u01b0\u1edfng th\u1ee9c ph\u1ea3i l\u00f2ng ngay t\u1eeb l\u1ea7n nh\u1ea5p m\u00f4i \u0111\u1ea7u ti\u00ean . Trong nh\u1eefng \u0111\u00eam ti\u1ec7c n\u00f3 n\u1ed5i m\u1eadt v\u1edbi m\u00e0u s\u1eafc v\u00e0ng r\u01a1m trong su\u1ed1t xen l\u1eabn s\u1eafc \u00e1nh xanh l\u1ea5p l\u00e1nh . Khi \u0111\u01b0\u1ee3c ng\u00e2m l\u1ea1nh \u0111\u1ec3 u\u1ed1ng th\u00ec ch\u00fang c\u00f2n c\u00f3 v\u1ebb h\u01a1i s\u1ee7i b\u1ecdt l\u0103n t\u0103n nh\u1eb9 nh\u00e0ng nh\u01b0 l\u00e0 s\u00e2m panh.<\/p>\n<p>\u0110\u1ed9 c\u1ed3n c\u1ee7a n\u00f3 ch\u1ec9 12%, \u0111\u00f3 l\u00e0 m\u1ed9t m\u1ee9c \u0111\u1ed9 t\u01b0\u01a1ng \u0111\u1ed1i nh\u1eb9 nh\u00e0ng, ph\u00f9 h\u1ee3p v\u1edbi h\u1ea7u h\u1ebft \u0111\u1ed1i t\u01b0\u1ee3ng s\u1eed d\u1ee5ng, r\u1ea5t ph\u00f9 h\u1ee3p cho nh\u1eefng bu\u1ed5i ti\u1ec7c nh\u1eb9 nh\u00e0ng hay nh\u1eefng b\u1eefa \u0103n \u1ea5m c\u0169ng sum h\u1ecdp gia \u0111\u00ecnh.<\/p>\n<p><strong>Quy tr\u00ecnh s\u1ea3n xu\u1ea5t :<\/strong><\/p>\n<p>C\u00e1c lo\u1ea1i hoa qu\u1ea3 th\u01a1m ngon c\u1ee7a chile sau khi thu ho\u1ea1ch b\u1eb1ng tay \u0111\u01b0\u1ee3c c\u1ea9n th\u1eadn \u00e9p l\u1ea5y n\u01b0\u1edbc, qu\u00e1 tr\u00ecnh l\u00ean men di\u1ec5n ra \u1edf nhi\u1ec7t \u0111\u1ed9 \u0111\u01b0\u1ee3c ki\u1ec3m so\u00e1t ch\u1eb7t ch\u1ebd. R\u01b0\u1ee3u vang \u0111\u01b0\u1ee3c l\u00e3o h\u00f3a trong th\u00f9ng g\u1ed7 s\u1ed3i l\u1edbn \u00edt nh\u1ea5t 6 th\u00e1ng, sau \u0111\u00f3 chuy\u1ec3n sang c\u00e1c th\u00f9ng th\u00e9p kh\u00f4ng g\u1ec9. C\u00e1c ho\u1ea1t \u0111\u1ed9ng ki\u1ec3m so\u00e1t ph\u00e2n t\u00edch \u0111\u01b0\u1ee3c ti\u1ebfn h\u00e0nh \u0111\u1ec1u \u0111\u1eb7n nh\u1eb1m \u0111\u1ea3m b\u1ea3o ch\u1ea5t l\u01b0\u1ee3ng r\u01b0\u1ee3u vang ngon v\u00e0 \u0111\u1ed3ng \u0111\u1ec1u.<\/p>\n<p><strong>K\u1ebft h\u1ee3p \u0111\u1ed3 \u0103n :<\/strong><\/p>\n<p>ph\u1ee5c v\u1ee5 v\u1edbi h\u1ea3i s\u1ea3n \u0103n hay \u0111\u1ed3 \u0103n t\u01b0\u01a1i s\u1ed1ng ki\u1ec3u Nh\u1eadt.<\/p>\n<p><strong>L\u01b0u \u00fd :<\/strong><\/p>\n<p>Th\u01b0\u1edfng th\u1ee9c \u1edf nhi\u1ec7t \u0111\u1ed9 18-20oC<\/p>\n","protected":false},"excerpt":{"rendered":"<p><strong>Xu\u1ea5t x\u1ee9:<\/strong>\u00a0SAVAS Bordeaux<br \/>\n<strong>N\u1ed3ng \u0111\u1ed9:<\/strong> 12,0%<\/p>\n<p><strong>\u0110\u1eb7c \u0111i\u1ec3m :<\/strong> R\u01b0\u1ee3u vang tr\u1eafng\u00a0 Les Portes de Bordeaux Sauvignon Blanc 2015 l\u00e0 m\u1ed9t chai r\u01b0\u1ee3u vang ng\u1ecdt ng\u00e0o, v\u00f4 c\u00f9ng m\u1ec1m m\u01b0\u1ee3t v\u00e0 d\u1ec5 u\u1ed1ng. Gi\u1ed1ng nho Sauvignon Blanc \u0111em \u0111\u1ebfn cho chai r\u01b0\u1ee3u n\u00e0y h\u01b0\u01a1ng v\u1ecb th\u1eadt ng\u1ecdt ng\u00e0o v\u00e0 l\u00f4i cu\u1ed1n, d\u1ec5 khi\u1ebfn cho ng\u01b0\u1eddi th\u01b0\u1edfng th\u1ee9c ph\u1ea3i l\u00f2ng ngay t\u1eeb l\u1ea7n nh\u1ea5p m\u00f4i \u0111\u1ea7u ti\u00ean . Trong nh\u1eefng \u0111\u00eam ti\u1ec7c n\u00f3 n\u1ed5i m\u1eadt v\u1edbi m\u00e0u s\u1eafc v\u00e0ng r\u01a1m trong su\u1ed1t xen l\u1eabn s\u1eafc \u00e1nh xanh l\u1ea5p l\u00e1nh . Khi \u0111\u01b0\u1ee3c ng\u00e2m l\u1ea1nh \u0111\u1ec3 u\u1ed1ng th\u00ec ch\u00fang c\u00f2n c\u00f3 v\u1ebb h\u01a1i s\u1ee7i b\u1ecdt l\u0103n t\u0103n nh\u1eb9 nh\u00e0ng nh\u01b0 l\u00e0 s\u00e2m panh.<\/p>\n","protected":false},"featured_media":1257,"comment_status":"open","ping_status":"closed","template":"","meta":[],"class_list":{"0":"post-1194","1":"product","2":"type-product","3":"status-publish","4":"has-post-thumbnail","6":"product_cat-ruou-vang-gia-re","7":"product_cat-ruou-vang-phap","9":"first","10":"instock","11":"shipping-taxable","12":"purchasable","13":"product-type-simple"},"_links":{"self":[{"href":"http:\/\/winelove.vn\/9xweb\/index.php?rest_route=\/wp\/v2\/product\/1194"}],"collection":[{"href":"http:\/\/winelove.vn\/9xweb\/index.php?rest_route=\/wp\/v2\/product"}],"about":[{"href":"http:\/\/winelove.vn\/9xweb\/index.php?rest_route=\/wp\/v2\/types\/product"}],"replies":[{"embeddable":true,"href":"http:\/\/winelove.vn\/9xweb\/index.php?rest_route=%2Fwp%2Fv2%2Fcomments&post=1194"}],"wp:featuredmedia":[{"embeddable":true,"href":"http:\/\/winelove.vn\/9xweb\/index.php?rest_route=\/wp\/v2\/media\/1257"}],"wp:attachment":[{"href":"http:\/\/winelove.vn\/9xweb\/index.php?rest_route=%2Fwp%2Fv2%2Fmedia&parent=1194"}],"curies":[{"name":"wp","href":"https:\/\/api.w.org\/{rel}","templated":true}]}}