{"id":1238,"date":"2017-09-03T15:07:15","date_gmt":"2017-09-03T15:07:15","guid":{"rendered":"http:\/\/winelove.vn\/9xweb\/?post_type=product&#038;p=1238"},"modified":"2022-10-28T17:17:34","modified_gmt":"2022-10-28T10:17:34","slug":"louis-eschanuer-merlot-cabernet-sauvignon-blanc","status":"publish","type":"product","link":"http:\/\/winelove.vn\/9xweb\/?product=louis-eschanuer-merlot-cabernet-sauvignon-blanc","title":{"rendered":"Louis Eschanuer Merlot Cabernet Sauvignon Blanc 5.4% ABV*"},"content":{"rendered":"<p>R\u01b0\u1ee3u vang\u00a0Louis Eschanuer Merlot Cabernet Sauvignon Blanc<\/p>\n<ul>\n<li><strong>Xu\u1ea5t x\u1ee9:<\/strong> Bordeaux &#8211; Ph\u00e1p<\/li>\n<li><strong>Gi\u1ed1ng nho:<\/strong> Cabernet Sauvignon.<\/li>\n<li><strong>Th\u1ec3 t\u00edch:<\/strong> 750ml<\/li>\n<li><strong>N\u1ed3ng \u0111\u1ed9:<\/strong> 13,5%<\/li>\n<li><strong>\u0110\u1eb7c \u0111i\u1ec3m c\u1ea3m quan: <\/strong><\/li>\n<\/ul>\n<p>M\u00e0u s\u1eafc: chai r\u01b0\u1ee3u vang n\u00e0y c\u00f3 m\u00e0u s\u1eafc tinh t\u1ebf m\u00e0 m\u00e3nh li\u1ec7t, m\u00e0u s\u1eafc thay \u0111\u1ed5i t\u1eeb \u0111\u1ecf \u0111\u1eadm \u0111\u1ebfn m\u00e0u t\u00edm.<\/p>\n<p>H\u01b0\u01a1ng v\u1ecb: <a href=\"http:\/\/winelove.vn\/9xweb\/danh-muc\/ruou-vang-phap\/\">r\u01b0\u1ee3u vang Ph\u00e1p<\/a> <a href=\"http:\/\/winelove.vn\/9xweb\/ruou-vang\/louis-eschanuer-merlot-cabernet-sauvignon-blanc\/\">Louis Eschanuer Merlot Cabernet Sauvignon Blanc<\/a>\u00a0c\u00f3 h\u01b0\u01a1ng v\u1ecb \u0111\u1eb7c tr\u01b0ng c\u1ee7a gi\u1ed1ng nho Cabernet Sauvignon. T\u1eeb h\u01b0\u01a1ng v\u1ecb c\u1ee7a nh\u1eefng lo\u1ea1i tr\u00e1i c\u00e2y nhi\u1ec7t \u0111\u1edbi m\u00e0u \u0111\u1ecf ho\u1eb7c h\u01b0\u01a1ng v\u1ecb c\u1ee7a qu\u1ea3 l\u00fd chua \u0111\u1ebfn ti\u00eau xanh, h\u01b0\u01a1ng v\u1ecb c\u1ee7a c\u00e1c lo\u1ea1i gia v\u1ecb v\u00e0 th\u1eadm ch\u00ed c\u1ea3 c\u1ea3 kh\u00f4.<\/p>\n<ul>\n<li><strong>G\u1ee3i \u00fd th\u01b0\u1edfng th\u1ee9c:<\/strong> chai <a href=\"http:\/\/winelove.vn\/9xweb\">r\u01b0\u1ee3u vang<\/a> n\u00e0y s\u1ebd l\u00e0 m\u1ed9t s\u1ef1 k\u1ebft h\u1ee3p h\u00e0i h\u00f2a v\u1edbi c\u00e1c m\u00f3n \u0103n t\u1eeb th\u1ecbt \u0111\u1ecf, th\u1ecbt th\u00fa r\u1eebng, th\u1ecbt g\u00e0 ho\u1eb7c c\u00e1c lo\u1ea1i th\u1ecbt ngu\u1ed9i v\u00e0 c\u0169ng c\u00f3 th\u1ec3 d\u00f9ng chung v\u1edbi c\u00e1c lo\u1ea1i ph\u00f4 mai ho\u1eb7c salad.<\/li>\n<\/ul>\n<p>Nhi\u1ec7t \u0111\u1ed9 th\u01b0\u1edfng th\u1ee9c l\u00fd t\u01b0\u1edfng t\u1eeb 16-18 \u0111\u1ed9 C.<\/p>\n","protected":false},"excerpt":{"rendered":"<p><strong>Xu\u1ea5t x\u1ee9:<\/strong>\u00a0Bordeaux<br \/>\n<strong>N\u1ed3ng \u0111\u1ed9:<\/strong> 13,5%<\/p>\n","protected":false},"featured_media":1884,"comment_status":"open","ping_status":"closed","template":"","meta":[],"class_list":{"0":"post-1238","1":"product","2":"type-product","3":"status-publish","4":"has-post-thumbnail","6":"product_cat-ruou-vang-gia-re","7":"product_cat-ruou-vang-phap","9":"first","10":"instock","11":"shipping-taxable","12":"purchasable","13":"product-type-simple"},"_links":{"self":[{"href":"http:\/\/winelove.vn\/9xweb\/index.php?rest_route=\/wp\/v2\/product\/1238"}],"collection":[{"href":"http:\/\/winelove.vn\/9xweb\/index.php?rest_route=\/wp\/v2\/product"}],"about":[{"href":"http:\/\/winelove.vn\/9xweb\/index.php?rest_route=\/wp\/v2\/types\/product"}],"replies":[{"embeddable":true,"href":"http:\/\/winelove.vn\/9xweb\/index.php?rest_route=%2Fwp%2Fv2%2Fcomments&post=1238"}],"wp:featuredmedia":[{"embeddable":true,"href":"http:\/\/winelove.vn\/9xweb\/index.php?rest_route=\/wp\/v2\/media\/1884"}],"wp:attachment":[{"href":"http:\/\/winelove.vn\/9xweb\/index.php?rest_route=%2Fwp%2Fv2%2Fmedia&parent=1238"}],"curies":[{"name":"wp","href":"https:\/\/api.w.org\/{rel}","templated":true}]}}