{"id":1294,"date":"2017-09-05T02:55:20","date_gmt":"2017-09-05T02:55:20","guid":{"rendered":"http:\/\/winelove.vn\/9xweb\/?post_type=product&#038;p=1294"},"modified":"2022-10-28T17:16:07","modified_gmt":"2022-10-28T10:16:07","slug":"chateaux-optimum-aoc","status":"publish","type":"product","link":"http:\/\/winelove.vn\/9xweb\/?product=chateaux-optimum-aoc","title":{"rendered":"R\u01b0\u01a1\u0323u Vang Optimum Chateau Bellevue la Foret 5.4% ABV* &#8211; Vang Ph\u00e1p Nh\u1eadp Kh\u1ea9u"},"content":{"rendered":"<h2><span style=\"font-size: 18pt; color: #800000;\">Gi\u1edbi thi\u1ec7u r\u01b0\u1ee3u vang Optimum Chateau Bellevue la Foret<\/span><\/h2>\n<p><span style=\"font-family: arial, helvetica, sans-serif; font-size: 12pt; color: #000000;\">Ph\u00e1p l\u00e0 qu\u1ed1c gia \u0111\u1ee9ng \u0111\u1ea7u th\u1ebf gi\u1edbi v\u1ec1 \u0111\u1ed9 s\u00e0nh \u0103n, s\u00e0nh v\u1ec1 th\u01b0\u1edfng th\u1ee9c v\u00e0 \u0111\u1eb7c bi\u1ec7t l\u00e0 l\u00e0m r\u01b0\u1ee3u vang&#8230; Ng\u00e0y nay, \u0111\u00e3 c\u00f3 m\u1ed9t s\u1ed1 n\u01b0\u1edbc ti\u1ebfn r\u1ea5t nhanh v\u1ec1 r\u01b0\u1ee3u vang nh\u01b0: M\u1ef9, \u00dac, Chile, T\u00e2y Ban Nha&#8230; song ch\u01b0a c\u00f3 n\u01b0\u1edbc n\u00e0o qua m\u1eb7t Ph\u00e1p trong m\u00f4n v\u0103n ho\u0301a r\u01b0\u1ee3u vang n\u00e0y. Nh\u00e0 s\u1ea3n xu\u1ea5t <a href=\"http:\/\/winelove.vn\/9xweb\/danh-muc\/ruou-vang-phap\/\">Chateau<\/a> bellevue la foret l\u00e0 m\u1ed9t trong nh\u1eefng t\u00ean tu\u1ed5i tr\u1ebb c\u00f3 m\u1eb7t trong ng\u00e0nh r\u01b0\u1ee3u vang Ph\u00e1p \u0111\u01b0\u1ee3c th\u00e0nh l\u1eadp t\u1eeb n\u0103m 1974 b\u1edfi Partrick Germain, m\u1ef9 h\u1ecdc v\u1ec1 s\u1ea3n xu\u1ea5t r\u01b0\u1ee3u vang c\u1ee7a h\u00e3ng l\u00e0 t\u1ed1i \u0111a h\u00f3a nh\u1eefng ph\u1ea9m ch\u1ea5t t\u1ed1t nh\u1ea5t c\u1ee7a h\u1ecd.<\/span><\/p>\n<p><span style=\"font-family: arial, helvetica, sans-serif; font-size: 12pt; color: #000000;\">R\u01b0\u1ee3u vang Optimum Chateau bellevue la foret 1.5L , 0.75L l\u00e0 chai r\u01b0\u1ee3u th\u01a1m ngon \u0111\u00e3 t\u1eebng \u0111\u1ea1t gi\u1ea3i huy ch\u01b0\u01a1ng v\u00e0ng Concours des Feminalise 2008 v\u00e0 huy ch\u01b0\u01a1ng \u0111\u1ed3ng International Wine Spirit Competition 2009. \u0110\u00e2y l\u00e0 m\u1ed9t trong hai chai vang c\u00f3 nhi\u1ec1u gi\u1ea3i th\u01b0\u1edfng nh\u1ea5t v\u00f9ng Bordeaux v\u00e0 n\u1eb1m trong nh\u1eefng trai vang \u0111\u1eaft ti\u1ec1n nh\u1ea5t c\u1ee7a v\u00f9ng Fronton<\/span><\/p>\n<p>&nbsp;<\/p>\n<h2><span style=\"font-size: 18pt; color: #800000;\">\u0110\u1eb7c \u0111i\u1ec3m c\u1ee7a r\u01b0\u1ee3u Optimum Chateau Bellevue la Foret<\/span><\/h2>\n<p><span style=\"font-family: arial, helvetica, sans-serif; font-size: 12pt; color: #000000;\">Chai vang n\u00e0y l\u00e0 s\u1ef1 k\u1ebft h\u1ee3p tuy\u1ec7t v\u1eddi t\u1eeb nho Cuve\u00e9s &#8211; N\u00e9grette, Syrah, Cabernet Sauvignon c\u1ee7a v\u00f9ng Fronton, Haute-Garonne ph\u00eda T\u00e2y Nam c\u1ee7a Ph\u00e1p.<\/span><\/p>\n<p><span style=\"font-family: arial, helvetica, sans-serif; font-size: 12pt; color: #000000;\">R\u01b0\u1ee3u vang Optimum Chateau Bellevue la Foret c\u00f3 ma\u0300u \u0111\u1ecf t\u00edm \u0111\u1eadm, s\u00e1nh. Cho h\u01b0\u01a1ng th\u01a1m n\u1ed3ng v\u00e0 ph\u1ee9c h\u1ee3p ca cao, m\u00f9i m\u1ee9t qu\u1ea3, m\u00f9i vani, m\u00f9i kh\u00f3i, v\u00e0 m\u00f9i g\u1ed7 s\u1ed3i. R\u01b0\u1ee3u c\u00f3 h\u01b0\u01a1ng v\u1ecb m\u1ea1nh, \u0111\u1eadm \u0111\u00e0 v\u00e0 l\u00e0m tr\u00f2n trong mi\u1ec7ng, t\u01b0\u01a1i v\u00e0 m\u1ea1nh m\u1ebd, v\u1edbi m\u1ed9t k\u1ebft th\u00fac d\u00e0i c\u1ee7a h\u1ea1t ti\u00eau \u0111en, chocolat v\u00e0 cam th\u1ea3o.<\/span><\/p>\n<p><span style=\"font-family: arial, helvetica, sans-serif; font-size: 12pt; color: #000000;\">R\u01b0\u1ee3u Optimum dung t\u00edch 750ml hay 0.75 l\u00edt l\u00e0 chai r\u01b0\u1ee3u vang \u0111\u1ecf cao c\u1ea5p c\u1ee7a Ph\u00e1p. R\u01b0\u1ee3u \u0111\u01b0\u1ee3c \u0111\u1ef1ng trong m\u1ed9t chai th\u1ee7y tinh \u0111en cao c\u1ea5p, sang tr\u1ecdng. Nh\u00e3n chai \u0111\u01b0\u1ee3c thi\u1ebft k\u1ebf thanh l\u1ecbch v\u00e0 \u0111\u01a1n gi\u1ea3n. Nh\u01b0ng n\u00f3 c\u0169ng kh\u00f4ng k\u00e9m ph\u1ea7n n\u1ed5i b\u1eadt.<\/span><\/p>\n<p><span style=\"font-family: arial, helvetica, sans-serif; font-size: 12pt; color: #000000;\">R\u01b0\u1ee3u vang Ph\u00e1p Optimum c\u1ee7a Ph\u00e1p \u0111\u01b0\u1ee3c nh\u1eadp kh\u1ea9u nguy\u00ean chai v\u1ec1 Vi\u1ec7t Nam theo quy c\u00e1ch 3 chai tr\u00ean m\u1ed9t th\u00f9ng. N\u00f3 s\u1ebd r\u1ea5t ti\u1ec7n d\u1ee5ng cho nh\u1eefng b\u1eefa ti\u1ec7c c\u00f3 nhi\u1ec1u ng\u01b0\u1eddi v\u00e0 m\u00f3n \u0103n. N\u00f3 s\u1ebd gi\u00fap b\u1ea1n ti\u1ebft ki\u1ec7m chi ph\u00ed v\u00e0 th\u1eddi gian cho m\u1ed7i chai r\u01b0\u1ee3u<\/span><\/p>\n<p><span style=\"font-family: arial, helvetica, sans-serif; font-size: 12pt; color: #000000;\">r\u01b0\u1ee3u v\u1edbi n\u1ed3ng \u0111\u1ed9 13,3 % Vol, kh\u00e1 nh\u1eb9 \u0111\u01b0\u1ee3c ng\u00e2m \u1ee7 k\u0129 c\u00e0ng, khi\u1ebfn th\u1ef1c kh\u00e1ch nh\u01b0 say nh\u01b0 s\u1ea3ng kho\u00e1i \u0111\u00e1ng y\u00eau nh\u01b0 l\u1ea7n g\u1eb7p g\u1ee1 \u0111\u1ea7u ti\u00ean. Qu\u1ea3 th\u1ef1c r\u01b0\u1ee3u vang Optimum r\u1ea5t th\u01a1m \u00eam d\u1ecbu c\u0169ng r\u1ea5t d\u1ec5 u\u1ed1ng cho c\u1ea3 nam v\u00e0 n\u1eef.<\/span><\/p>\n<p><span style=\"font-family: arial, helvetica, sans-serif; font-size: 12pt; color: #000000;\">Kh\u00f4ng ch\u1ec9 l\u00e0 m\u1ed9t \u0111\u1ed3 u\u1ed1ng \u0111\u1eb3ng c\u1ea5p, vang Optimum c\u00f2n mang l\u1ea1i nhi\u1ec1u l\u1ee3i \u00edch s\u1ee9c kh\u1ecfe cho con ng\u01b0\u1eddi n\u1ebfu u\u1ed1ng v\u1eeba \u0111\u1ee7, \u0111\u1eb7c bi\u1ec7t l\u00e0 ph\u00e1i \u0111\u1eb9p. H\u1ee3p ch\u1ea5t flanonoid c\u00f3 trong vang \u0111\u1ecf gi\u00fap b\u1ea3o v\u1ec7 c\u00e1c t\u1ebf b\u00e0o da kh\u00f4ng b\u1ecb c\u00e1c ph\u00f3ng x\u1ea1 c\u1ee7a tia c\u1ef1c t\u00edm, l\u00e0m h\u1ecfng\u00a0th\u00e0nh ph\u1ea7n polyphenol c\u00f3 th\u1ec3 \u1ee9c ch\u1ebf qu\u00e1 tr\u00ecnh t\u1ed5ng h\u1ee3p m\u1ed9t lo\u1ea1i protein li\u00ean quan t\u1edbi b\u1ec7nh tim m\u1ea1ch.\u00a0Ch\u1ea5t resveratrol trong vang \u0111\u1ecf Optimum c\u00f3 kh\u1ea3 n\u0103ng ch\u1ed1ng l\u1ea1i c\u00e1c y\u1ebfu t\u1ed1 g\u00e2y vi\u00eam nhi\u1ec5m gi\u00fap cho c\u01a1 th\u1ec3 ch\u1ed1ng l\u1ea1i c\u00e1c b\u1ec7nh kh\u00e1c c\u00f3 th\u1ec3 m\u1eafc ph\u1ea3i. V\u00e0 m\u1ed9t ly vang tr\u01b0\u1edbc khi \u0111i ng\u1ee7 s\u1ebd gi\u00fap b\u1ea1n ng\u1ee7 ngon gi\u1ea5c h\u01a1n r\u1ea5t nhi\u1ec1u.<\/span><\/p>\n<p>&nbsp;<\/p>\n<h2><span style=\"font-size: 18pt; color: #800000;\">C\u00e1ch l\u00e0m r\u01b0\u1ee3u vang Optimum Chateau bellevue la foret<\/span><\/h2>\n<p><span style=\"font-family: arial, helvetica, sans-serif; font-size: 12pt; color: #000000;\">Nh\u1eefng qu\u1ea3 nho \u0111\u01b0\u1ee3c l\u1ef1a ch\u1ecdn k\u1ef9 l\u01b0\u1ee1ng b\u1edfi m\u1ed9t quy tr\u00ecnh \u0111\u01b0\u1ee3c ki\u1ec3m so\u00e1t ch\u1eb7t ch\u1ebd, r\u01b0\u1ee3u \u0111\u01b0\u1ee3c \u1ee7 trong nh\u1eefng th\u00f9ng g\u1ed7 s\u1ed3i 12 th\u00e1ng ( 1\/3 th\u00f9ng g\u1ed7 s\u1ed3i m\u1edbi, 1\/3 th\u00f9ng g\u1ed7 s\u1ed3i 1 n\u0103m tu\u00f4\u0309i v\u00e0 1\/3 th\u00f9ng g\u1ed7 s\u1ed3i 2 n\u0103m tu\u00f4\u0309i).<\/span><\/p>\n<p><span style=\"font-family: arial, helvetica, sans-serif; font-size: 12pt; color: #000000;\">R\u1ea5t th\u00edch h\u1ee3p khi s\u1eed d\u1ee5ng chai r\u01b0\u1ee3u n\u00e0y c\u00f9ng v\u1edbi gan ng\u1ed7ng, b\u00f2 n\u01b0\u1edbng l\u00e1 th\u01a1m, g\u00e0 n\u01b0\u1edbng v\u1edbi n\u1ea5m v\u00e0 b\u00e1nh x\u1ed1p n\u01b0\u1edbng \u0111en.<\/span><\/p>\n","protected":false},"excerpt":{"rendered":"<p><strong>Xu\u1ea5t x\u1ee9:<\/strong> Fronton<br \/>\n<strong>N\u1ed3ng \u0111\u1ed9:<\/strong> 14,5%<\/p>\n","protected":false},"featured_media":1626,"comment_status":"open","ping_status":"closed","template":"","meta":[],"class_list":{"0":"post-1294","1":"product","2":"type-product","3":"status-publish","4":"has-post-thumbnail","6":"product_cat-ruou-vang-cao-cap","7":"product_cat-ruou-vang-phap","9":"first","10":"instock","11":"shipping-taxable","12":"purchasable","13":"product-type-simple"},"_links":{"self":[{"href":"http:\/\/winelove.vn\/9xweb\/index.php?rest_route=\/wp\/v2\/product\/1294"}],"collection":[{"href":"http:\/\/winelove.vn\/9xweb\/index.php?rest_route=\/wp\/v2\/product"}],"about":[{"href":"http:\/\/winelove.vn\/9xweb\/index.php?rest_route=\/wp\/v2\/types\/product"}],"replies":[{"embeddable":true,"href":"http:\/\/winelove.vn\/9xweb\/index.php?rest_route=%2Fwp%2Fv2%2Fcomments&post=1294"}],"wp:featuredmedia":[{"embeddable":true,"href":"http:\/\/winelove.vn\/9xweb\/index.php?rest_route=\/wp\/v2\/media\/1626"}],"wp:attachment":[{"href":"http:\/\/winelove.vn\/9xweb\/index.php?rest_route=%2Fwp%2Fv2%2Fmedia&parent=1294"}],"curies":[{"name":"wp","href":"https:\/\/api.w.org\/{rel}","templated":true}]}}