{"id":1342,"date":"2017-09-05T16:41:35","date_gmt":"2017-09-05T16:41:35","guid":{"rendered":"http:\/\/winelove.vn\/9xweb\/?post_type=product&#038;p=1342"},"modified":"2022-11-01T07:18:42","modified_gmt":"2022-11-01T00:18:42","slug":"ventisquero-grey-cabernet-sauvignon-merlot-carmenere","status":"publish","type":"product","link":"http:\/\/winelove.vn\/9xweb\/?product=ventisquero-grey-cabernet-sauvignon-merlot-carmenere","title":{"rendered":"R\u01b0\u1ee3u Vang Ventisquero Grey Cabernet Sauvignon Merlot Carmenere 5.4% ABV*"},"content":{"rendered":"<h2><span style=\"color: #800000;\">Gi\u1edbi thi\u1ec7u Ventisquero Grey Red<\/span><\/h2>\n<p><span style=\"font-family: arial, helvetica, sans-serif; font-size: 12pt; color: #000000;\">B\u1ea1n \u0111\u00e3 t\u1eebng bi\u1ebft \u0111\u1ebfn th\u00f4ng tin r\u1eb1ng c\u00e1c chuy\u00ean gia thu\u1ed9c \u0110\u1ea1i h\u1ecdc Alberta, Canada \u0111\u00e3 ph\u00e1t hi\u1ec7n ra r\u1eb1ng ho\u1ea1t ch\u1ea5t resveratrol c\u00f3 trong r\u01b0\u1ee3u vang \u0111\u1ecf c\u00f3 t\u00e1c \u0111\u1ed9ng \u0111\u1ebfn s\u1ee9c kh\u1ecfe t\u01b0\u01a1ng \u0111\u01b0\u01a1ng v\u1edbi n\u0103ng l\u01b0\u1ee3ng b\u1ea1n ti\u00eau hao trong 1 gi\u1edd t\u1eadp th\u1ec3 d\u1ee5c. Theo Jason Dyck &#8211; t\u00e1c gi\u1ea3 nghi\u00ean c\u1ee9u th\u00ec t\u00e1c d\u1ee5ng c\u1ee7a r\u01b0\u1ee3u vang \u0111\u1ecf v\u1edbi s\u1ee9c kh\u1ecfe \u0111\u00e3 \u0111\u01b0\u1ee3c ghi nh\u1eadn t\u1eeb l\u00e2u nh\u01b0 l\u00e0m gi\u1ea3m thi\u1ec3u nguy c\u01a1 m\u1eafc ch\u1ee9ng m\u1ea5t tr\u00ed nh\u1edb, c\u1ea3i thi\u1ec7n ch\u1ee9c n\u0103ng tim m\u1ea1ch, ch\u1ed1ng l\u00e3o h\u00f3a hay th\u1eadm ch\u00ed gi\u1ea3m nguy c\u01a1 m\u1eafc ung th\u01b0. Nghi\u00ean c\u1ee9u n\u00e0y ch\u1ec9 ra th\u00eam m\u1ed9t c\u00f4ng d\u1ee5ng n\u1eefa c\u1ee7a r\u01b0\u1ee3u vang \u0111\u1ecf &#8211; \u0111\u00f3 ch\u00ednh l\u00e0 t\u00e1c d\u1ee5ng ti\u00eau hao n\u0103ng l\u01b0\u1ee3ng ngang v\u1edbi 1 gi\u1edd luy\u1ec7n t\u1eadp hi\u1ec7u qu\u1ea3. Theo c\u00e1c chuy\u00ean gia, resveratrol c\u00f3 th\u1ec3 c\u1ea3i thi\u1ec7n kh\u1ea3 n\u0103ng ho\u1ea1t \u0111\u1ed9ng v\u1eadt l\u00fd, t\u0103ng ch\u1ee9c n\u0103ng tim m\u1ea1ch v\u00e0 t\u0103ng c\u01b0\u1eddng c\u01a1 b\u1eafp &#8211; \u0111\u00e2y ch\u00ednh l\u00e0 nh\u1eefng hi\u1ec7u \u1ee9ng xu\u1ea5t hi\u1ec7n m\u1ed7i khi ch\u00fang ta t\u1eadp th\u1ec3 d\u1ee5c. <\/span><\/p>\n<p><span style=\"font-family: arial, helvetica, sans-serif; font-size: 12pt; color: #000000;\">Tuy nhi\u00ean, c\u1ea7n l\u01b0u \u00fd r\u1eb1ng li\u1ec1u l\u01b0\u1ee3ng \u0111\u1ec3 c\u00f3 \u0111\u01b0\u1ee3c t\u00e1c d\u1ee5ng n\u00e0y ch\u1ec9 l\u00e0 1-2 ly r\u01b0\u1ee3u vang \u0111\u1ecf m\u1ed7i ng\u00e0y, n\u1ebfu nhi\u1ec1u h\u01a1n, vang \u0111\u1ecf c\u00f3 th\u1ec3 ph\u1ea3n t\u00e1c d\u1ee5ng v\u1edbi c\u00e1c nguy c\u01a1: teo c\u01a1 b\u1eafp, l\u00e0m gi\u00e1n \u0111o\u1ea1n qu\u00e1 tr\u00ecnh ph\u1ee5c h\u1ed3i c\u01a1 th\u1ec3. Ph\u00e1t hi\u1ec7n n\u00e0y l\u00e0 m\u1ed9t gi\u1ea3i ph\u00e1p t\u1ed1t cho nh\u1eefng b\u1ec7nh nh\u00e2n m\u1ea5t kh\u1ea3 n\u0103ng v\u1eadn \u0111\u1ed9ng v\u00e0 ngo\u00e0i r\u01b0\u1ee3u vang \u0111\u1ecf, resveratrol c\u00f2n \u0111\u01b0\u1ee3c t\u00ecm th\u1ea5y r\u1ea5t nhi\u1ec1u trong c\u00e1c lo\u1ea1i th\u1ef1c ph\u1ea9m nh\u01b0 vi\u1ec7t qu\u1ea5t, b\u01a1 l\u1ea1c, nho \u0111\u1ecf, chocolate \u0111en. N\u1ebfu v\u00e0i ly vang m\u1ed7i ng\u00e0y m\u00e0 \u0111em l\u1ea1i l\u1ee3i \u00edch cho s\u1ee9c kh\u1ecfe nh\u01b0 v\u1eady th\u00ec ch\u1eafc h\u1eb3n ai c\u0169ng n\u00ean c\u00f3 trong t\u1ee7 r\u01b0\u1ee3u nh\u00e0 m\u00ecnh m\u1ed9t v\u00e0i chai vang \u0111\u1ecf. <\/span><\/p>\n<p><span style=\"font-family: arial, helvetica, sans-serif; font-size: 12pt; color: #000000;\">Nh\u01b0ng l\u1ef1a ch\u1ecdn lo\u1ea1i vang n\u00e0o l\u00e0 th\u00edch h\u1ee3p th\u00ec b\u1ea1n n\u00ean t\u00ecm hi\u1ec3u th\u1eadt k\u0129. \u0110\u1ec3 \u0111\u1ea3m b\u1ea3o b\u1ea3o cho s\u1ee9c kh\u1ecfe th\u00ec c\u1ea7n m\u1ed9t chai vang c\u00f3 th\u01b0\u01a1ng hi\u1ec7u uy t\u00edn \u0111\u1ea3m b\u1ea3o an to\u00e0n v\u1ec7 sinh trong qu\u00e1 tr\u00ecnh s\u1ea3n xu\u1ea5t kh\u00f4ng nh\u1eefng th\u1ebf h\u01b0\u01a1ng v\u1ecb m\u00e0 n\u00f3 mang l\u1ea1i ph\u1ea3i th\u1eadt \u0111\u1eb7c bi\u00ea\u0323t. \u0110\u1eebng ngh\u0129 \u0111\u00f3 l\u00e0 nh\u1eefng y\u00eau c\u1ea7u qu\u00e1 cao v\u00ec chai r\u01b0\u01a1\u0323u vang Ventisquero Grey red c\u00f3 th\u1ec3 \u0111\u00e1p \u1ee9ng h\u1ebft \u0111\u01b0\u1ee3c c\u00e1c y\u00eau c\u1ea7u m\u00e0 b\u1ea1n \u0111\u1eb7t ra.<\/span><\/p>\n<p>&nbsp;<\/p>\n<h2><span style=\"font-size: 18pt; color: #800000;\">\u0110\u1eb7c \u0111i\u1ec3m r\u01b0\u01a1\u0323u vang Ventisquero Grey Red<\/span><\/h2>\n<p><span style=\"font-family: arial, helvetica, sans-serif; font-size: 12pt; color: #000000;\">R\u01b0\u1ee3u Ventisquero Grey \u0111\u1ecf\u00a0 c\u00f3 m\u00e0u \u0111\u1ecf ruby \u00e1nh t\u00edm. Chai vang n\u00e0y l\u00e0 s\u1ef1 k\u1ebft h\u1ee3p tinh t\u1ebf gi\u1eefa m\u00e0u s\u1eafc c\u1ee7a r\u01b0\u1ee3u vang v\u00e0 thi\u1ebft k\u1ebf tao nh\u00e3 b\u00ean ngo\u00e0i v\u1ecf r\u01b0\u1ee3u t\u1ea1o n\u00ean s\u1ef1 \u0111\u1ed3ng \u0111i\u1ec7u cho to\u00e0n b\u1ed9 di\u1ec7n m\u1ea1o c\u1ee7a chai r\u01b0\u1ee3u vang n\u00e0y. Nh\u01b0 g\u00f3i g\u1ecdn trong \u0111\u00f3 c\u1ea3 h\u01a1i th\u1edf c\u1ee7a thi\u00ean nhi\u00ean \u0111\u00e2\u0301t n\u01b0\u1edbc Chile, h\u01b0\u01a1ng th\u01a1m c\u1ee7a r\u01b0\u1ee3u vang v\u00f4 c\u00f9ng \u1ea5n t\u01b0\u1ee3ng v\u1edbi s\u1ef1 n\u1ed3ng\u00a0 c\u1ee7a c\u00e1c lo\u1ea1i tr\u00e1i c\u00e2y \u0111\u1ecf m\u1ecdng. <\/span><\/p>\n<p><span style=\"font-family: arial, helvetica, sans-serif; font-size: 12pt; color: #000000;\">B\u00ean c\u1ea1nh \u0111\u00f3 s\u1ef1 g\u00f3p m\u1eb7t c\u1ee7a c\u00e1c loa\u0323i th\u1ea3o m\u1ed9c thanh nh\u00e3 c\u00f9ng h\u01b0\u01a1ng v\u1ecb h\u00f2a quy\u1ec7n chocolate b\u00ed \u1ea9n l\u00e0m cho b\u1ea5t k\u00ec ai c\u0169ng \u0111\u1ec1u g\u1eadt \u0111\u1ea7u h\u00e0i l\u00f2ng tr\u01b0\u1edbc h\u01b0\u01a1ng v\u1ecb m\u00ea ho\u1eb7c c\u1ee7a Ventisquero Grey \u0111\u1ecf ngay t\u1eeb l\u1ea7n \u0111\u1ea7u th\u01b0\u1edfng th\u1ee9c. \u0110\u01b0\u1ee3c t\u1ea1o n\u00ean nh\u1edd c\u00e1c gi\u1ed1ng nho gi\u00e0 d\u1eb7n nhi\u1ec1u n\u0103m tu\u1ed5i nh\u01b0ng kh\u00f4ng ph\u1ea3i v\u00ec th\u1ebf m\u00e0 n\u00f3 l\u00e0m m\u1ea5t \u0111i s\u1ef1 m\u1ec1m ma\u0323i b\u1ec1n b\u1ec9 v\u1ed1n c\u00f3. H\u00e3y c\u00f9ng th\u01b0\u1edfng th\u1ee9c m\u1ed9t ly r\u01b0\u1ee3u vang Ventisquero Grey \u0111\u1ecf t\u1eeb khi nh\u1eefng gi\u1ecdt r\u01b0\u1ee3u \u0111\u1ea7u ti\u00ean ch\u1ea1m m\u00f4i t\u1edbi khi k\u1ebft th\u00fac b\u1ea1n s\u1ebd nh\u1eadn ra d\u01b0 v\u1ecb s\u00e2u l\u1eafng c\u1ee7a s\u1ef1 h\u00f2a quy\u1ec7n v\u00e0 \u0111\u1ed9 c\u00e2n b\u1eb1ng k\u00e9o d\u00e0i \u0111\u1ebfn b\u1ea5t t\u1eadn.<\/span><\/p>\n<p>&nbsp;<\/p>\n<h2><span style=\"font-size: 18pt; color: #800000;\">Ph\u01b0\u01a1ng th\u1ee9c s\u1ea3n xu\u1ea5t r\u01b0\u01a1\u0323u vang\u00a0Ventisquero Grey Red<\/span><\/h2>\n<p><span style=\"font-family: arial, helvetica, sans-serif; font-size: 12pt; color: #000000;\">Nh\u1eefng tr\u00e1i nho th\u01a1m ngon \u0111\u01b0\u1ee3c thu ho\u1ea1ch b\u1eb1ng tay h\u1ebft s\u1ee9c c\u1ea9n th\u1eadn v\u00e0 t\u1ec9 m\u1ec9. Nho \u0111\u01b0\u1ee3c s\u01a1 ch\u1ebf v\u00e0 \u0111\u01b0\u1ee3c \u0111\u01b0a v\u00e0o qu\u00e1 tr\u00ecnh v\u1eaft \u00e9p r\u1ed3i l\u00ean men ti\u1ebfp n\u1ed1i ngay sau \u0111\u00f3 l\u00e0 b\u01b0\u1edbc r\u01b0\u1ee3u \u0111\u01b0\u1ee3c \u1ee7 trong th\u00f9ng g\u1ed7 s\u1ed3i Ph\u00e1p m\u1ed9t th\u1eddi gian d\u00e0i. \u0110\u00e2y ch\u00ednh l\u00e0 b\u00ed quy\u1ebft s\u1ea3n xu\u1ea5t t\u1ea1o n\u00ean \u0111i\u1ec3m \u0111\u1eb7c bi\u1ec7t <a href=\"http:\/\/winelove.vn\/9xweb\/\">c\u1ee7a r\u01b0\u1ee3u vang<\/a> Ventisquero Grey \u0111\u1ecf h\u1ea3o h\u1ea1ng.<\/span><\/p>\n","protected":false},"excerpt":{"rendered":"<p><strong>Xu\u1ea5t x\u1ee9:<\/strong> Chile<br \/>\n<strong>N\u1ed3ng \u0111\u1ed9:<\/strong> 14,5%<\/p>\n","protected":false},"featured_media":1429,"comment_status":"open","ping_status":"closed","template":"","meta":[],"class_list":{"0":"post-1342","1":"product","2":"type-product","3":"status-publish","4":"has-post-thumbnail","6":"product_cat-ruou-vang-chile","7":"product_cat-ruou-vang-gia-re","9":"first","10":"instock","11":"shipping-taxable","12":"purchasable","13":"product-type-simple"},"_links":{"self":[{"href":"http:\/\/winelove.vn\/9xweb\/index.php?rest_route=\/wp\/v2\/product\/1342"}],"collection":[{"href":"http:\/\/winelove.vn\/9xweb\/index.php?rest_route=\/wp\/v2\/product"}],"about":[{"href":"http:\/\/winelove.vn\/9xweb\/index.php?rest_route=\/wp\/v2\/types\/product"}],"replies":[{"embeddable":true,"href":"http:\/\/winelove.vn\/9xweb\/index.php?rest_route=%2Fwp%2Fv2%2Fcomments&post=1342"}],"wp:featuredmedia":[{"embeddable":true,"href":"http:\/\/winelove.vn\/9xweb\/index.php?rest_route=\/wp\/v2\/media\/1429"}],"wp:attachment":[{"href":"http:\/\/winelove.vn\/9xweb\/index.php?rest_route=%2Fwp%2Fv2%2Fmedia&parent=1342"}],"curies":[{"name":"wp","href":"https:\/\/api.w.org\/{rel}","templated":true}]}}