{"id":1397,"date":"2017-09-06T15:07:30","date_gmt":"2017-09-06T15:07:30","guid":{"rendered":"http:\/\/winelove.vn\/9xweb\/?post_type=product&#038;p=1397"},"modified":"2022-10-28T15:13:33","modified_gmt":"2022-10-28T08:13:33","slug":"amarone-valpolicella-doc-classico","status":"publish","type":"product","link":"http:\/\/winelove.vn\/9xweb\/?product=amarone-valpolicella-doc-classico","title":{"rendered":"R\u01b0\u1ee3u Vang \u00dd Cao C\u1ea5p Amarone Valpolicella DOC Classico 5.4% ABV*"},"content":{"rendered":"<h2><span style=\"font-family: arial, helvetica, sans-serif; font-size: 18pt; color: #800000;\">Gi\u1edbi thi\u1ec7u r\u01b0\u1ee3u vang\u00a0Amarone Valpolicella DOC Classico:<\/span><\/h2>\n<p><span style=\"font-family: arial, helvetica, sans-serif; font-size: 12pt;\">R\u01b0\u1ee3u vang Amarone della Valpolicella Classico DOC\u00a0l\u00e0 m\u1ed9t lo\u1ea1i vang c\u1ed5 \u0111i\u1ec3n, mang s\u1ef1 k\u1ebft h\u1ee3p gi\u1eefa truy\u1ec1n th\u1ed1ng, \u0111i\u1ec1u ki\u1ec7n th\u1ee7y th\u1ed5, kh\u00ed h\u1eadu v\u00e0 b\u00ed quy\u1ebft l\u00e0m vang c\u1ee7a gia \u0111\u00ecnh Allegrini. R\u01b0\u1ee3u c\u00f3 c\u1ea5u tr\u00fac v\u00e0 chi\u1ec1u s\u00e2u, v\u1edbi h\u01b0\u01a1ng th\u01a1m tr\u00e1i c\u00e2y v\u00e0 gia v\u1ecb tr\u01b0\u1edfng th\u00e0nh.<\/span><\/p>\n<p><span style=\"font-family: arial, helvetica, sans-serif; font-size: 12pt;\">Kh\u00f4ng nh\u1eefng v\u1eady, khi nh\u1ea5p m\u1ed9t ng\u1ee5m r\u01b0\u1ee3u vang Amarone della Valpolicella Classico DOC, b\u1ea1n s\u1ebd c\u1ea3m nh\u1eadn \u0111\u01b0\u1ee3c s\u1ef1 \u0111\u00fang v\u1ecb, c\u00e2n b\u1eb1ng gi\u1eefa \u0111\u1ed9 chua v\u00e0 ch\u1ea5t tannin tuy\u1ec7t v\u1eddi.<\/span><\/p>\n<p><span style=\"font-family: arial, helvetica, sans-serif; font-size: 12pt;\"><strong>Gi\u1ed1ng nho:\u00a0<\/strong>Corvina Veronese 80%, Rondinella 15%, Oseleta 5%<\/span><\/p>\n<p><span style=\"font-size: 12pt; font-family: arial, helvetica, sans-serif;\">&gt;&gt;&gt; T\u00ecm hi\u1ec3u ki\u1ebfn th\u1ee9c v\u1ec1 <span style=\"color: #ff6600;\"><a style=\"color: #ff6600;\" href=\"http:\/\/winelove.vn\/9xweb\/ruou-vang-y\/\">r\u01b0\u1ee3u vang \u00dd<\/a><\/span><\/span><\/p>\n<p>&nbsp;<\/p>\n<h2><span style=\"font-family: arial, helvetica, sans-serif; font-size: 18pt; color: #800000;\">\u0110\u1eb7c \u0111i\u1ec3m vang\u00a0Amarone Valpolicella:<\/span><\/h2>\n<p><span style=\"font-family: arial, helvetica, sans-serif; font-size: 12pt;\">R\u01b0\u1ee3u vang Amarone Valpolicella DOC Classico k\u1ebft h\u1ee3p tuy\u1ec7t v\u1eddi v\u1edbi th\u1ecbt th\u00fa r\u1eebng, th\u1ecbt quay, th\u1ecbt n\u01b0\u1edbng, th\u1ecbt h\u1ea7m v\u00e0 ph\u00f4 mai. R\u01b0\u1ee3u c\u00f2n \u0111\u1eb7c bi\u1ec7t ph\u00f9 h\u1ee3p v\u1edbi nh\u1eefng m\u00f3n \u0103n th\u1ecbnh so\u1ea1n, \u0111\u01b0\u1ee3c chu\u1ea9n b\u1ecb k\u0129 l\u01b0\u1ee1ng. V\u1edbi h\u01b0\u01a1ng v\u1ecb \u0111\u1ed9c \u0111\u00e1o c\u00f3 th\u1ec3 k\u1ebft h\u1ee3p d\u1ec5 d\u00e0ng v\u1edbi c\u00e1c m\u00f3n \u0103n m\u1edbi, c\u00f3 v\u1ecb ng\u1ecdt \u0111\u1eb7c bi\u1ec7t v\u00e0 v\u1ecb chua. Ch\u00ednh v\u00ec v\u1eady, ng\u01b0\u1eddi ta th\u01b0\u1eddng k\u1ebft h\u1ee3p vang R\u01b0\u1ee3u vang Amarone Valpolicella DOC Classico v\u1edbi c\u00e1c m\u00f3n \u0103n ch\u00e2u \u00c1 v\u00e0 Trung \u0110\u00f4ng.<\/span><\/p>\n<p><span style=\"font-family: arial, helvetica, sans-serif; font-size: 12pt;\">Nhi\u1ec7t \u0111\u1ed9 t\u1ed1t nh\u1ea5t \u0111\u1ec3 th\u01b0\u1edfng th\u1ee9c chai vang \u00dd\u00a0n\u00e0y l\u00e0 18 \u0111\u1ed9 v\u00e0 n\u00ean m\u1edf chai r\u01b0\u1ee3u 1 gi\u1edd tr\u01b0\u1edbc khi th\u01b0\u1edfng th\u1ee9c.<\/span><\/p>\n<p><span style=\"font-family: arial, helvetica, sans-serif; font-size: 12pt;\">C\u00e1c gi\u1ed1ng nho Corvina, Corvinone, Rondinella v\u00e0 Oseleta l\u00e0m r\u01b0\u1ee3u vang R\u01b0\u1ee3u vang Amarone Valpolicella DOC Classico<strong>\u00a0<\/strong>\u0111\u1ec1u \u0111\u01b0\u1ee3c \u0111\u1ec3 kh\u00f4 r\u00e1o \u0111\u1ebfn t\u1eadn th\u00e1ng 12 v\u00e0 \u0111\u1ec1u \u0111\u01b0\u1ee3c ki\u1ec3m tra k\u0129 l\u01b0\u1ee1ng h\u00e0ng ng\u00e0y \u0111\u1ec3 \u0111\u1ea3m b\u1ea3o ch\u00fang cho ch\u1ea5t l\u01b0\u1ee3ng v\u00e0 h\u01b0\u01a1ng v\u1ecb th\u01a1m ngon nh\u1ea5t. Sau \u0111\u00f3, nho \u0111\u01b0\u1ee3c thu ho\u1ea1ch t\u1eebng ch\u00f9m b\u1eb1ng tay v\u00e0o cu\u1ed1i th\u00e1ng 9. Ti\u1ebfp \u0111\u1ebfn, n\u00f3 s\u1ebd \u0111\u01b0\u1ee3c l\u00e0m kh\u00f4 t\u1ef1 nhi\u00ean trong v\u00f2ng 3 \u0111\u1ebfn 4 th\u00e1ng \u0111\u1ec3 nho m\u1ea5t \u0111i 40 \u0111\u1ebfn 45% l\u01b0\u1ee3ng n\u01b0\u1edbc.<\/span><\/p>\n<p><span style=\"font-family: arial, helvetica, sans-serif; font-size: 12pt;\">Nho \u0111\u01b0\u1ee3c b\u1ecf cu\u1ed1ng v\u00e0 \u00e9p nh\u1eb9 nh\u00e0ng v\u00e0o \u0111\u1ea7u th\u00e1ng 1, v\u00e0 \u0111\u01b0\u1ee3c l\u00ean men trong nh\u1eefng th\u00f9ng th\u00e9p kh\u00f4ng g\u1ec9 \u1edf nhi\u1ec7t \u0111\u1ed9 8 \u0111\u1ebfn 22 \u0111\u1ed9 trong v\u00f2ng 25 ng\u00e0y.<\/span><\/p>\n<p><span style=\"font-family: arial, helvetica, sans-serif; font-size: 12pt;\">Th\u00f4ng th\u01b0\u1eddng, ng\u01b0\u1eddi ta ti\u1ebfn h\u00e0nh \u1ee7 r\u01b0\u1ee3u trong nh\u1eefng<b>\u00a0<\/b>th\u00f9ng g\u1ed7 s\u1ed3i\u00a018 th\u00e1ng v\u00e0 k\u1ebft h\u1ee3p v\u1edbi nhau trong v\u00f2ng 7 th\u00e1ng.<\/span><\/p>\n<p><span style=\"font-size: 12pt;\">G\u1ecdi ngay\u00a0<strong>hotline:098.221.6068\u00a0<\/strong>\u0111\u1ec3 \u0111\u01b0\u1ee3c Winestore1977 t\u01b0 v\u1ea5n v\u00e0 b\u00e1o gi\u00e1 <span style=\"color: #ff6600;\"><a style=\"color: #ff6600;\" href=\"http:\/\/winelove.vn\/9xweb\/\">r\u01b0\u1ee3u vang<\/a><\/span> t\u1ed1t nh\u1ea5t<\/span><\/p>\n","protected":false},"excerpt":{"rendered":"<p><strong>Xu\u1ea5t x\u1ee9:<\/strong> Veneto<br \/>\n<strong>N\u1ed3ng \u0111\u1ed9:<\/strong> 16,5%<\/p>\n","protected":false},"featured_media":1472,"comment_status":"open","ping_status":"closed","template":"","meta":[],"class_list":{"0":"post-1397","1":"product","2":"type-product","3":"status-publish","4":"has-post-thumbnail","6":"product_cat-ruou-vang-cao-cap","7":"product_cat-ruou-vang-y","9":"first","10":"instock","11":"shipping-taxable","12":"purchasable","13":"product-type-simple"},"_links":{"self":[{"href":"http:\/\/winelove.vn\/9xweb\/index.php?rest_route=\/wp\/v2\/product\/1397"}],"collection":[{"href":"http:\/\/winelove.vn\/9xweb\/index.php?rest_route=\/wp\/v2\/product"}],"about":[{"href":"http:\/\/winelove.vn\/9xweb\/index.php?rest_route=\/wp\/v2\/types\/product"}],"replies":[{"embeddable":true,"href":"http:\/\/winelove.vn\/9xweb\/index.php?rest_route=%2Fwp%2Fv2%2Fcomments&post=1397"}],"wp:featuredmedia":[{"embeddable":true,"href":"http:\/\/winelove.vn\/9xweb\/index.php?rest_route=\/wp\/v2\/media\/1472"}],"wp:attachment":[{"href":"http:\/\/winelove.vn\/9xweb\/index.php?rest_route=%2Fwp%2Fv2%2Fmedia&parent=1397"}],"curies":[{"name":"wp","href":"https:\/\/api.w.org\/{rel}","templated":true}]}}