{"id":1418,"date":"2017-09-06T15:28:00","date_gmt":"2017-09-06T15:28:00","guid":{"rendered":"http:\/\/winelove.vn\/9xweb\/?post_type=product&#038;p=1418"},"modified":"2022-10-28T15:10:52","modified_gmt":"2022-10-28T08:10:52","slug":"gianni-gagliardo-barolo","status":"publish","type":"product","link":"http:\/\/winelove.vn\/9xweb\/?product=gianni-gagliardo-barolo","title":{"rendered":"R\u01b0\u1ee3u Vang Gianni Gagliardo Barolo 5.4% ABV* &#8211; Vang \u00dd Ch\u00ednh H\u00e3ng"},"content":{"rendered":"<p><span style=\"font-family: arial, helvetica, sans-serif; font-size: 18pt; color: #800000;\"><strong>\u0110\u1eb7c \u0111i\u1ec3m c\u1ee7a r\u01b0\u1ee3u vang Gianni Gagliardo Barolo:<\/strong> <\/span><\/p>\n<p><span style=\"font-family: arial, helvetica, sans-serif; font-size: 12pt;\">R\u01b0\u1ee3u vang Gianni Gagliardo Barolo\u00a0c\u00f3 m\u00e0u \u0111\u1ecf ruby nh\u1eb9, trong su\u1ed1t v\u1edbi h\u01b0\u01a1ng hoa t\u00edm, hoa h\u1ed3ng, m\u00e2m x\u00f4i. Khi th\u01b0\u1edfng th\u1ee9c\u00a0ly\u00a0vang \u00dd n\u00e0y, b\u1ea1n s\u1ebd c\u1ea3m nh\u1eadn \u0111\u01b0\u1ee3c s\u1ef1 nh\u1eb9 nh\u00e0ng, v\u1ecb m\u00e2m x\u00f4i xen l\u1eabn socola \u0111en v\u00e0 d\u01b0 v\u1ecb cu\u1ed1n h\u00fat.<\/span><\/p>\n<p><span style=\"font-family: arial, helvetica, sans-serif; font-size: 12pt;\">Gianni Gagliardo Barolo\u00a0l\u00fd t\u01b0\u1edfng khi th\u01b0\u1edfng th\u1ee9c k\u00e8m v\u1edbi th\u1ecbt \u0111\u1ecf, ph\u00f4 mai, c\u01a1m \u1edf nhi\u1ec7t \u0111\u1ed9 16 \u0111\u1ed9.<\/span><\/p>\n<p><span style=\"font-size: 12pt; font-family: arial, helvetica, sans-serif;\">&gt;&gt;&gt; T\u00ecm hi\u1ec3u ki\u1ebfn th\u1ee9c v\u1ec1 <span style=\"color: #ff6600;\"><a style=\"color: #ff6600;\" href=\"http:\/\/winelove.vn\/9xweb\/ruou-vang-y\/\">r\u01b0\u1ee3u vang \u00dd<\/a><\/span><\/span><\/p>\n<p>&nbsp;<\/p>\n<p><span style=\"font-family: arial, helvetica, sans-serif; font-size: 18pt; color: #800000;\"><strong>Quy tr\u00ecnh s\u1ea3n xu\u1ea5t Gianni Gagliardo Barolo<\/strong>: <\/span><\/p>\n<p><span style=\"font-family: arial, helvetica, sans-serif; font-size: 12pt;\">Nho l\u00e0m<strong>\u00a0<\/strong>r\u01b0\u1ee3u vang\u00a0Gianni Gagliardo PREVE Barolo Riserva\u00a0\u0111\u01b0\u1ee3c h\u00e1i b\u1eb1ng tay r\u1ed3i \u0111\u01b0\u1ee3c l\u00ean men 7 \u0111\u1ebfn 12 ng\u00e0y t\u00f9y thu\u1ed9c v\u00e0o v\u01b0\u1eddn nho v\u00e0 kh\u00f4ng cho th\u00eam con men hay l\u00e0m \u1ea5m th\u00f9ng.<\/span><\/p>\n<p><span style=\"font-size: 12pt; font-family: arial, helvetica, sans-serif;\">&gt;&gt;&gt; C\u00e1c <span style=\"color: #ff6600;\"><a style=\"color: #ff6600;\" href=\"http:\/\/winelove.vn\/9xweb\/danh-muc\/ruou-vang-y\/\">s\u1ea3n ph\u1ea9m r\u01b0\u1ee3u vang \u00dd<\/a><\/span> c\u1ee7a Winestore1977<\/span><\/p>\n<p><span style=\"font-family: arial, helvetica, sans-serif; font-size: 12pt;\">Nho \u0111\u01b0\u1ee3c thu ho\u1ea1ch t\u1eeb 2 v\u01b0\u1eddn nho v\u00e0 \u0111\u01b0\u1ee3c l\u00ean men ri\u00eang r\u1ebd, r\u1ed3i sau \u0111\u00f3 \u0111\u01b0\u1ee3c \u1ee7 trong nh\u1eefng\u00a0th\u00f9ng g\u1ed7 s\u1ed3i\u00a0c\u1ee7a Ph\u00e1p trong kho\u1ea3ng 24 th\u00e1ng v\u00e0 pha tr\u1ed9n v\u1edbi nhau tr\u01b0\u1edbc khi \u0111\u01b0\u1ee3c \u1ee7 th\u00eam trong chai th\u00eam 1 n\u0103m.<\/span><\/p>\n","protected":false},"excerpt":{"rendered":"<p><strong>Xu\u1ea5t x\u1ee9:<\/strong> Piedmont<br \/>\n<strong>N\u1ed3ng \u0111\u1ed9:<\/strong> 14,5%<\/p>\n","protected":false},"featured_media":1461,"comment_status":"open","ping_status":"closed","template":"","meta":[],"class_list":{"0":"post-1418","1":"product","2":"type-product","3":"status-publish","4":"has-post-thumbnail","6":"product_cat-ruou-vang-cao-cap","7":"product_cat-ruou-vang-y","9":"first","10":"instock","11":"shipping-taxable","12":"purchasable","13":"product-type-simple"},"_links":{"self":[{"href":"http:\/\/winelove.vn\/9xweb\/index.php?rest_route=\/wp\/v2\/product\/1418"}],"collection":[{"href":"http:\/\/winelove.vn\/9xweb\/index.php?rest_route=\/wp\/v2\/product"}],"about":[{"href":"http:\/\/winelove.vn\/9xweb\/index.php?rest_route=\/wp\/v2\/types\/product"}],"replies":[{"embeddable":true,"href":"http:\/\/winelove.vn\/9xweb\/index.php?rest_route=%2Fwp%2Fv2%2Fcomments&post=1418"}],"wp:featuredmedia":[{"embeddable":true,"href":"http:\/\/winelove.vn\/9xweb\/index.php?rest_route=\/wp\/v2\/media\/1461"}],"wp:attachment":[{"href":"http:\/\/winelove.vn\/9xweb\/index.php?rest_route=%2Fwp%2Fv2%2Fmedia&parent=1418"}],"curies":[{"name":"wp","href":"https:\/\/api.w.org\/{rel}","templated":true}]}}