{"id":1422,"date":"2017-09-06T15:31:02","date_gmt":"2017-09-06T15:31:02","guid":{"rendered":"http:\/\/winelove.vn\/9xweb\/?post_type=product&#038;p=1422"},"modified":"2022-10-28T15:10:43","modified_gmt":"2022-10-28T08:10:43","slug":"gianni-gagliardo-barolo-preve","status":"publish","type":"product","link":"http:\/\/winelove.vn\/9xweb\/?product=gianni-gagliardo-barolo-preve","title":{"rendered":"R\u01b0\u1ee3u vang Gianni Gagliardo Barolo Preve 5.4% ABV* &#8211; Vang \u00dd Th\u01b0\u1ee3ng H\u1ea1ng"},"content":{"rendered":"<h2><span style=\"font-family: arial, helvetica, sans-serif; font-size: 18pt; color: #800000;\"><strong>\u0110\u1eb7c \u0111i\u1ec3m r\u01b0\u1ee3u vang Gianni Gagliardo Barolo Preve<\/strong>: <\/span><\/h2>\n<p><span style=\"font-family: arial, helvetica, sans-serif; font-size: 12pt;\">R\u01b0\u1ee3u vang Gianni Gagliardo Barolo Preve c\u00f3 m\u00e0u \u0111\u1ecf th\u1eafm xen l\u1eabn \u00e1nh cam, mang h\u01b0\u01a1ng th\u01a1m c\u1ee7a m\u00e2m x\u00f4i, anh \u0111\u00e0o xen l\u1eabn h\u01b0\u01a1ng thu\u1ed1c l\u00e1 v\u00e0 g\u1ed7 s\u1ed3i. R\u01b0\u1ee3u \u0111\u1ea7y \u0111\u1eb7n, m\u1ea1nh m\u1ebd v\u1edbi v\u1ecb thu\u1ed9c da, th\u01a1m nh\u1eb9 \u1ea9n ch\u1ee9a trong v\u1ecb tannin c\u00e2n b\u1eb1ng.<\/span><\/p>\n<p><span style=\"font-family: arial, helvetica, sans-serif; font-size: 12pt;\">Nho l\u00e0m\u00a0r\u01b0\u1ee3u vang Gianni Gagliardo Barolo Preve \u0111\u01b0\u1ee3c h\u00e1i b\u1eb1ng tay r\u1ed3i \u0111\u01b0\u1ee3c l\u00ean men 8 \u0111\u1ebfn 12 ng\u00e0y t\u00f9y thu\u1ed9c v\u00e0o v\u01b0\u1eddn nho v\u00e0 kh\u00f4ng cho th\u00eam con men hay l\u00e0m \u1ea5m th\u00f9ng.<\/span><\/p>\n<p><span style=\"font-size: 12pt; font-family: arial, helvetica, sans-serif;\">&gt;&gt;&gt; T\u00ecm hi\u1ec3u ki\u1ebfn th\u1ee9c v\u1ec1 <span style=\"color: #ff6600;\"><a style=\"color: #ff6600;\" href=\"http:\/\/winelove.vn\/9xweb\/ruou-vang-y\/\">r\u01b0\u1ee3u vang \u00dd<\/a><\/span><\/span><\/p>\n<p><span style=\"font-family: arial, helvetica, sans-serif; font-size: 12pt;\"><strong>Gi\u1ed1ng nho:<\/strong>\u00a0100% Nebbiolo<\/span><\/p>\n<p>&nbsp;<\/p>\n<h2><span style=\"font-family: arial, helvetica, sans-serif; font-size: 18pt; color: #800000;\"><strong>Quy tr\u00ecnh s\u1ea3n xu\u1ea5t\u00a0vang Gianni Gagliardo Barolo Preve<\/strong>: <\/span><\/h2>\n<p><span style=\"font-family: arial, helvetica, sans-serif; font-size: 12pt;\">Nho \u0111\u01b0\u1ee3c thu ho\u1ea1ch t\u1eeb 2 v\u01b0\u1eddn nho v\u00e0 \u0111\u01b0\u1ee3c l\u00ean men ri\u00eang r\u1ebd, r\u1ed3i sau \u0111\u00f3 \u0111\u01b0\u1ee3c \u1ee7 trong nh\u1eefng\u00a0th\u00f9ng g\u1ed7 s\u1ed3i\u00a0c\u1ee7a Ph\u00e1p trong kho\u1ea3ng 24 th\u00e1ng v\u00e0 pha tr\u1ed9n v\u1edbi nhau tr\u01b0\u1edbc khi \u0111\u01b0\u1ee3c \u1ee7 th\u00eam trong chai th\u00eam 6 th\u00e1ng.<\/span><\/p>\n<p><span style=\"font-family: arial, helvetica, sans-serif; font-size: 12pt;\">B\u1ea1n n\u00ean th\u01b0\u1edfng th\u1ee9c\u00a0r\u01b0\u1ee3u vang Gianni Gagliardo Barolo Preve v\u1edbi th\u1ecbt b\u00f2, th\u1ecbt c\u1eebu, n\u1ea5m hay ph\u00f4 mai \u0111\u1ec3 c\u00f3 h\u01b0\u01a1ng v\u1ecb tuy\u1ec7t v\u1eddi nh\u1ea5t.<\/span><\/p>\n<p><span style=\"font-size: 12pt; font-family: arial, helvetica, sans-serif;\">G\u1ecdi ngay\u00a0<strong>hotline:098.221.6068\u00a0<\/strong>\u0111\u1ec3 \u0111\u01b0\u1ee3c Winestore1977 t\u01b0 v\u1ea5n v\u00e0 b\u00e1o gi\u00e1 <span style=\"color: #ff6600;\"><a style=\"color: #ff6600;\" href=\"http:\/\/winelove.vn\/9xweb\/\">r\u01b0\u1ee3u vang<\/a><\/span> t\u1ed1t nh\u1ea5t<\/span><\/p>\n","protected":false},"excerpt":{"rendered":"<p><strong>Xu\u1ea5t x\u1ee9:<\/strong> Piedmont<br \/>\n<strong>N\u1ed3ng \u0111\u1ed9:<\/strong> 15,0%<\/p>\n","protected":false},"featured_media":4030,"comment_status":"open","ping_status":"closed","template":"","meta":[],"class_list":{"0":"post-1422","1":"product","2":"type-product","3":"status-publish","4":"has-post-thumbnail","6":"product_cat-ruou-vang-cao-cap","7":"product_cat-ruou-vang-y","8":"product_tag-ruou-vang-y","10":"first","11":"instock","12":"shipping-taxable","13":"purchasable","14":"product-type-simple"},"_links":{"self":[{"href":"http:\/\/winelove.vn\/9xweb\/index.php?rest_route=\/wp\/v2\/product\/1422"}],"collection":[{"href":"http:\/\/winelove.vn\/9xweb\/index.php?rest_route=\/wp\/v2\/product"}],"about":[{"href":"http:\/\/winelove.vn\/9xweb\/index.php?rest_route=\/wp\/v2\/types\/product"}],"replies":[{"embeddable":true,"href":"http:\/\/winelove.vn\/9xweb\/index.php?rest_route=%2Fwp%2Fv2%2Fcomments&post=1422"}],"wp:featuredmedia":[{"embeddable":true,"href":"http:\/\/winelove.vn\/9xweb\/index.php?rest_route=\/wp\/v2\/media\/4030"}],"wp:attachment":[{"href":"http:\/\/winelove.vn\/9xweb\/index.php?rest_route=%2Fwp%2Fv2%2Fmedia&parent=1422"}],"curies":[{"name":"wp","href":"https:\/\/api.w.org\/{rel}","templated":true}]}}