{"id":2271,"date":"2017-11-01T10:08:19","date_gmt":"2017-11-01T10:08:19","guid":{"rendered":"http:\/\/winelove.vn\/9xweb\/?post_type=product&#038;p=2271"},"modified":"2022-10-28T15:09:54","modified_gmt":"2022-10-28T08:09:54","slug":"brecciarolo-gold","status":"publish","type":"product","link":"http:\/\/winelove.vn\/9xweb\/?product=brecciarolo-gold","title":{"rendered":"R\u01b0\u1ee3u Vang Brecciarolo Gold 5.4% ABV* &#8211; D\u00f2ng Vang \u00dd Nh\u1eadp Kh\u1ea9u"},"content":{"rendered":"<p><span style=\"font-family: arial, helvetica, sans-serif; font-size: 12pt; color: #000000;\">M\u1ed9t c\u00e1i t\u00ean v\u00f4 c\u00f9ng xinh \u0111\u1eb9p cho m\u1ed9t chai r\u01b0\u1ee3u vang ngon \u0111\u00f3 ch\u00ednh l\u00e0 r\u01b0\u1ee3u\u00a0<\/span><span style=\"font-family: arial, helvetica, sans-serif; font-size: 12pt; color: #000000;\">vang Brecciarolo Gold &#8211; d\u00f2ng vang \u00dd nh\u1eadp kh\u1ea9u v\u00f4 c\u00f9ng ch\u1ea5t l\u01b0\u1ee3ng. \u0110\u01b0\u1ee3c l\u00e0m t\u1eeb hai gi\u1ed1ng nho n\u1ed5i ti\u1ebfng\u00a0<\/span><span style=\"font-family: arial, helvetica, sans-serif; font-size: 12pt; color: #000000;\">Montepulciano v\u00e0 Sangiovese, tr\u1ed3ng nhi\u1ec1u nh\u1ea5t \u1edf v\u00f9ng Marche mi\u1ec1n Nam n\u01b0\u1edbc\u00a0<\/span><span style=\"font-family: arial, helvetica, sans-serif; font-size: 12pt; color: #000000;\">\u00dd.<\/span><\/p>\n<p>&nbsp;<\/p>\n<h2><span style=\"font-family: arial, helvetica, sans-serif; font-size: 18pt; color: #800000;\"><strong>Gi\u1edbi thi\u1ec7u r\u01b0\u1ee3u vang Brecciarolo Gold:<\/strong><\/span><\/h2>\n<p><span style=\"font-family: arial, helvetica, sans-serif; font-size: 12pt;\">R\u01b0\u1ee3u vang Brecciarolo Gold \u0111\u01b0\u1ee3c s\u1ea3n xu\u1ea5t t\u1eeb 2 gi\u1ed1ng nho n\u1ed5i ti\u1ebfng c\u1ee7a c\u01b0\u1eddng qu\u1ed1c r\u01b0\u1ee3u vang Italy, Montepulciano v\u00e0 Sangiovese b\u1edfi 2 nh\u00e0 r\u01b0\u1ee3u n\u1ed5i ti\u1ebfng th\u1ebf gi\u1edbi Ercole v\u00e0 Angela Velenosi . R\u01b0\u1ee3u vang Brecciarolo Gold kh\u00f4ng ch\u1ec9 n\u1ecfi ti\u1ebfng kh\u1eafp l\u00e0ng r\u01b0\u1ee3u th\u1ebf gi\u1edbi b\u1edfi h\u01b0\u01a1ng v\u1ecb th\u01a1m ngon kh\u00f3 c\u01b0\u1ee1ng m\u00e0 c\u00f2n b\u1edfi ngo\u1ea1i h\u00ecnh l\u00f4i cu\u1ed1n, v\u1ecf chai m\u00e0u \u0111en tuy\u1ec1n, \u0111\u01a1n gi\u1ea3n m\u00e0 tinh t\u1ebf, sang tr\u1ecdng.<\/span><\/p>\n<p style=\"text-align: center;\"><img loading=\"lazy\" decoding=\"async\" class=\"aligncenter size-full wp-image-4446\" src=\"http:\/\/winelove.vn\/9xweb\/wp-content\/uploads\/2017\/11\/gioi-thieu-ruou-vang-brecciarolo-gold.jpg\" alt=\"gi\u1edbi thi\u1ec7u r\u01b0\u1ee3u vang brecciarolo gold\" width=\"500\" height=\"354\" srcset=\"http:\/\/winelove.vn\/9xweb\/wp-content\/uploads\/2017\/11\/gioi-thieu-ruou-vang-brecciarolo-gold.jpg 500w, http:\/\/winelove.vn\/9xweb\/wp-content\/uploads\/2017\/11\/gioi-thieu-ruou-vang-brecciarolo-gold-300x212.jpg 300w, http:\/\/winelove.vn\/9xweb\/wp-content\/uploads\/2017\/11\/gioi-thieu-ruou-vang-brecciarolo-gold-105x75.jpg 105w\" sizes=\"(max-width: 500px) 100vw, 500px\" \/><\/p>\n<p><span style=\"font-family: arial, helvetica, sans-serif; font-size: 12pt; color: #000000;\">\u0110\u00e2y ch\u00ednh l\u00e0 lo\u1ea1i r\u01b0\u1ee3u vang \u0111\u1ecf th\u01a1m ngon c\u00f3 th\u1ec3 v\u00ed nh\u01b0 m\u1ed9t vi\u00ean ng\u1ecdc ruby v\u00f4\u00a0<\/span><span style=\"font-family: arial, helvetica, sans-serif; font-size: 12pt; color: #000000;\">gi\u00e1, \u0111\u1eb7c bi\u1ec7t h\u01a1n c\u1ea3 l\u00e0 v\u1edbi h\u01b0\u01a1ng th\u01a1m h\u1ea5p d\u1eabn v\u00e0 tinh t\u1ebf c\u1ee7a tr\u00e1i c\u00e2y \u0111\u1ecf m\u1ecdng,\u00a0<\/span><span style=\"font-family: arial, helvetica, sans-serif; font-size: 12pt; color: #000000;\">v\u1ecb cay v\u00e0 b\u1ed5 sung th\u00eam h\u1eafc \u00edn nh\u1eb9 nh\u00e0ng v\u00e0 m\u00f9i kh\u00f3i.<\/span><\/p>\n<p>&nbsp;<\/p>\n<h2><span style=\"font-family: arial, helvetica, sans-serif; font-size: 18pt; color: #800000;\">\u0110\u1eb7c \u0111i\u1ec3m r\u01b0\u1ee3u vang \u00dd Brecciarolo Gold:<\/span><\/h2>\n<p><span style=\"font-family: arial, helvetica, sans-serif; font-size: 12pt; color: #000000;\">R\u01b0\u1ee3u vang \u0111\u1ecf c\u1ee7a \u00dd Brecciarolo Gold \u0111\u01b0\u1ee3c l\u00e0m t\u1eeb hai gi\u1ed1ng nho n\u1ed5i ti\u1ebfng 70%\u00a0<\/span><span style=\"font-family: arial, helvetica, sans-serif; font-size: 12pt; color: #000000;\">Montepulciano v\u00e0 30% Sangiovese.\u00a0<\/span><span style=\"font-family: arial, helvetica, sans-serif; font-size: 12pt; color: #000000;\">Nho Montepulciano l\u00e0 lo\u1ea1i nho \u0111\u01b0\u1ee3c tr\u1ed3ng ph\u1ed5 bi\u1ebfn th\u1ee9 hai \u1edf n\u01b0\u1edbc \u00dd. L\u00e0m n\u00ean\u00a0<\/span><span style=\"font-family: arial, helvetica, sans-serif; font-size: 12pt; color: #000000;\">nh\u1eefng <span style=\"color: #ff6600;\"><a style=\"color: #ff6600;\" href=\"http:\/\/winelove.vn\/9xweb\/danh-muc\/ruou-vang-y\/\">chai r\u01b0\u1ee3u vang \u00dd<\/a><\/span> tinh t\u1ebf v\u1edbi m\u00f9i h\u01b0\u01a1ng hoa qu\u1ea3 hoang d\u00e3, ng\u1ecdt ng\u00e0o. Lo\u1ea1i\u00a0<\/span><span style=\"font-family: arial, helvetica, sans-serif; font-size: 12pt; color: #000000;\">nho n\u00e0y c\u00f3 th\u1ec3 th\u00edch \u1ee9ng v\u1edbi c\u00e1c \u0111i\u1ec1u ki\u1ec7n m\u00f4i tr\u01b0\u1eddng kh\u00e1c nhau. C\u00e1c lo\u1ea1i r\u01b0\u1ee3u\u00a0<\/span><span style=\"font-family: arial, helvetica, sans-serif; font-size: 12pt; color: #000000;\">\u0111\u01b0\u1ee3c s\u1ea3n xu\u1ea5t t\u1eeb gi\u1ed1ng nho n\u00e0y c\u00f3 h\u00e0m l\u01b0\u1ee3ng tannin cao.\u00a0<\/span><span style=\"font-family: arial, helvetica, sans-serif; font-size: 12pt; color: #000000;\">Nho Sangiovese l\u00e0 gi\u1ed1ng nho th\u1ed5 s\u1ea3n c\u1ee7a n\u01b0\u1edbc \u00dd, n\u00f3 \u0111\u01b0\u1ee3c tr\u1ed3ng trong nh\u1eefng\u00a0<\/span><span style=\"font-family: arial, helvetica, sans-serif; font-size: 12pt; color: #000000;\">th\u00e1ng kh\u00f4 h\u1ea1n nh\u1ea5t \u0111\u1ec3 t\u1ea1o cho nho c\u00f3 \u0111\u01b0\u1ee3c m\u1ed9t s\u1ef1 \u0111\u1eadm \u0111\u00e0. Qu\u1ea3 nho ch\u00edn h\u00e9o v\u00e0\u00a0<\/span><span style=\"font-family: arial, helvetica, sans-serif; font-size: 12pt; color: #000000;\">ch\u00edn s\u1edbm l\u00e0m n\u00f3 th\u00eam c\u00f4 \u0111\u1eb7c.<\/span><\/p>\n<p style=\"text-align: center;\"><img loading=\"lazy\" decoding=\"async\" class=\"aligncenter size-full wp-image-4445\" src=\"http:\/\/winelove.vn\/9xweb\/wp-content\/uploads\/2017\/11\/dac-diem-vang-y-brecciarolo-gold.jpg\" alt=\"\u0111\u1eb7c \u0111i\u1ec3m vang \u00fd brecciarolo gold\" width=\"500\" height=\"333\" srcset=\"http:\/\/winelove.vn\/9xweb\/wp-content\/uploads\/2017\/11\/dac-diem-vang-y-brecciarolo-gold.jpg 500w, http:\/\/winelove.vn\/9xweb\/wp-content\/uploads\/2017\/11\/dac-diem-vang-y-brecciarolo-gold-300x200.jpg 300w\" sizes=\"(max-width: 500px) 100vw, 500px\" \/><\/p>\n<p><span style=\"font-family: arial, helvetica, sans-serif; font-size: 12pt; color: #000000;\">S\u1ef1 k\u1ebft h\u1ee3p hai gi\u1ed1ng nho n\u00f3i tr\u00ean mang \u0111\u1ebfn cho r\u01b0\u1ee3u vang Brecciarolo Gold\u00a0<\/span><span style=\"font-family: arial, helvetica, sans-serif; font-size: 12pt; color: #000000;\">s\u1ef1 l\u00f4i cu\u1ed1n b\u1edfi h\u01b0\u01a1ng vi\u0323 c\u00e2n b\u0103\u0300ng, tro\u0300n tri\u0323a va\u0300 ph\u01b0\u0301c h\u01a1\u0323p, ch\u00e2\u0301t tannin nh\u1eb9, m\u00ea\u0300m\u00a0<\/span><span style=\"font-family: arial, helvetica, sans-serif; font-size: 12pt; color: #000000;\">ma\u0323i cu\u0300ng v\u1edbi \u0111\u00f3 l\u00e0 d\u01b0 vi\u0323 l\u00e2u da\u0300i, b\u00ea\u0300n bi\u0309 tr\u00ean \u0111\u00e2\u0300u l\u01b0\u01a1\u0303i khi th\u01b0\u1edfng th\u1ee9c. V\u1edbi\u00a0<\/span><span style=\"font-family: arial, helvetica, sans-serif; font-size: 12pt; color: #000000;\">h\u01b0\u01a1ng th\u01a1m nh\u1eb9 nh\u00e0ng mang \u0111\u1ebfn s\u1ef1 tho\u1ea3i m\u00e1i, th\u01b0 gi\u00e3n. R\u01b0\u1ee3u vang n\u00e0y to\u00e1t\u00a0<\/span><span style=\"font-family: arial, helvetica, sans-serif; font-size: 12pt; color: #000000;\">l\u00ean v\u1ecb \u00eam \u00e1i v\u00e0 m\u1ec1m m\u01b0\u1ee3t nh\u01b0 nhung. C\u00f9ng v\u1edbi \u0111\u00f3 l\u00e0 s\u1ef1 l\u00f4i cu\u1ed1n b\u1edfi thi\u1ebft k\u1ebf v\u1ecf\u00a0<\/span><span style=\"font-family: arial, helvetica, sans-serif; font-size: 12pt; color: #000000;\">chai m\u00e0u \u0111en tuy\u1ec1n, \u0111\u01a1n gi\u1ea3n m\u00e0 sang tr\u1ecdng, tinh t\u1ebf.<\/span><\/p>\n<p><span style=\"font-family: arial, helvetica, sans-serif; font-size: 12pt; color: #000000;\">Chai vang Brecciarolo n\u00e0y ho\u00e0n to\u00e0n c\u00f3 th\u1ec3 chinh ph\u1ee5c \u0111\u01b0\u1ee3c nh\u1eefng kh\u00e1ch h\u00e0ng kh\u00f3 t\u00ednh\u00a0<\/span><span style=\"font-family: arial, helvetica, sans-serif; font-size: 12pt; color: #000000;\">nh\u1ea5t. Kh\u00f4ng ch\u1ec9 c\u00f3 gi\u00e1 tr\u1ecb v\u1ec1 m\u1eb7t \u1ea9m th\u1ef1c, n\u00f3 c\u00f2n c\u00f3 t\u00e1c d\u1ee5ng gi\u00fap ch\u00fang ta th\u01b0\u00a0<\/span><span style=\"font-family: arial, helvetica, sans-serif; font-size: 12pt; color: #000000;\">gi\u00e3n, tho\u1ea3i m\u00e1i, gi\u1ea3m stress.\u00a0<\/span><span style=\"font-family: arial, helvetica, sans-serif; font-size: 12pt; color: #000000;\">V\u1edbi n\u1ed3ng \u0111\u1ed9 l\u00e0 15%, \u0111\u00e2y \u0111\u01b0\u1ee3c coi l\u00e0 n\u1ed3ng \u0111\u1ed9 kh\u00e1 d\u1ec5 u\u1ed1ng, \u1ed5n \u0111\u1ecbnh. Ph\u00f9 h\u1ee3p\u00a0<\/span><span style=\"font-family: arial, helvetica, sans-serif; font-size: 12pt; color: #000000;\">v\u1edbi nhi\u1ec1u kh\u00e1ch h\u00e0ng. Chai vang n\u00e0y ch\u00ednh l\u00e0 m\u1ed9t \u00fd t\u01b0\u1edfng tuy\u1ec7t v\u1eddi cho b\u1ea1n\u00a0<\/span><span style=\"font-family: arial, helvetica, sans-serif; font-size: 12pt; color: #000000;\">sau nh\u1eefng ng\u00e0y l\u00e0m vi\u1ec7c m\u1ec7t m\u1ecfi. N\u00f3 c\u0169ng r\u1ea5t ph\u00f9 h\u1ee3p trong b\u1eefa c\u01a1m gia \u0111\u00ecnh\u00a0<\/span><span style=\"font-family: arial, helvetica, sans-serif; font-size: 12pt; color: #000000;\">ho\u1eb7c nh\u1eefng bu\u1ed5i ti\u1ec7c t\u00f9ng. Chai vang \u00dd Brecciarolo Gold l\u00e0 m\u1ed9t m\u00f3n qu\u00e0 v\u00f4 c\u00f9ng ho\u00e0n\u00a0<\/span><span style=\"font-family: arial, helvetica, sans-serif; font-size: 12pt; color: #000000;\">h\u1ea3o, mi\u1ec5n ch\u00ea.<\/span><\/p>\n<p style=\"text-align: center;\"><img loading=\"lazy\" decoding=\"async\" class=\"aligncenter size-full wp-image-4448\" src=\"http:\/\/winelove.vn\/9xweb\/wp-content\/uploads\/2017\/11\/vang-y-cao-cap-brecciarolo-gold.jpg\" alt=\"vang \u00fd cao c\u1ea5p brecciarolo gold\" width=\"500\" height=\"375\" srcset=\"http:\/\/winelove.vn\/9xweb\/wp-content\/uploads\/2017\/11\/vang-y-cao-cap-brecciarolo-gold.jpg 500w, http:\/\/winelove.vn\/9xweb\/wp-content\/uploads\/2017\/11\/vang-y-cao-cap-brecciarolo-gold-300x225.jpg 300w\" sizes=\"(max-width: 500px) 100vw, 500px\" \/><\/p>\n<p>&nbsp;<\/p>\n<h2><span style=\"font-family: arial, helvetica, sans-serif; font-size: 18pt; color: #800000;\"><strong>Quy tr\u00ecnh s\u1ea3n xu\u1ea5t vang \u00dd Brecciarolo Gold:<\/strong><\/span><\/h2>\n<p><span style=\"font-family: arial, helvetica, sans-serif; font-size: 12pt; color: #000000;\">C\u00e1c nh\u00e0\u00a0s\u1ea3n xu\u1ea5t \u0111\u00e3 k\u1ebft h\u1ee3p th\u1ee7 c\u00f4ng truy\u1ec1n th\u1ed1ng v\u00e0 c\u00f4ng ngh\u1ec7 ti\u00ean ti\u1ebfn \u0111\u1ec3\u00a0<\/span><span style=\"font-family: arial, helvetica, sans-serif; font-size: 12pt; color: #000000;\">l\u00e0m n\u00ean r\u01b0\u1ee3u vang\u00a0n\u00e0y. M\u00e0u c\u1ee7a r\u01b0\u1ee3u \u0111\u1ecf c\u00f3 \u0111\u01b0\u1ee3c t\u1eeb v\u1ecf c\u1ee7a qu\u1ea3 nho, v\u1ecf v\u00e0 c\u00f9i\u00a0<\/span><span style=\"font-family: arial, helvetica, sans-serif; font-size: 12pt; color: #000000;\">nho \u0111em l\u00ean men c\u00f9ng v\u1edbi n\u01b0\u1edbc nho.\u00a0<\/span><span style=\"font-family: arial, helvetica, sans-serif; font-size: 12pt; color: #000000;\">Nho sau khi \u0111\u01b0\u1ee3c thu ho\u1ea1ch b\u1eb1ng tay m\u1ed9t c\u00e1ch c\u1ea9n th\u1eadn v\u1eaft v\u00e0 c\u1eaft cu\u1ed1ng s\u1ebd\u00a0<\/span><span style=\"font-family: arial, helvetica, sans-serif; font-size: 12pt; color: #000000;\">\u0111\u01b0\u1ee3c \u0111\u01b0a l\u00ean h\u1ec7 th\u1ed1ng l\u00ean men r\u1ed3i sau \u0111\u00f3 s\u1ebd \u0111\u01b0\u1ee3c \u00e9p. H\u01a1n m\u1ed9t n\u1eeda l\u01b0\u1ee3ng n\u01b0\u1edbc\u00a0<\/span><span style=\"font-family: arial, helvetica, sans-serif; font-size: 12pt; color: #000000;\">\u00e9p ra t\u1eeb qu\u1ea3 nho d\u1ec5 d\u00e0ng kh\u00f4ng c\u1ea7n \u0111\u1ebfn \u00e1p l\u1ef1c cao, ph\u1ea7n c\u00f2n l\u1ea1i s\u1ebd \u0111\u01b0\u1ee3c \u00e9p ra\u00a0<\/span><span style=\"font-family: arial, helvetica, sans-serif; font-size: 12pt; color: #000000;\">t\u1eeb h\u1ec7 th\u1ed1ng \u00e9p.<\/span><\/p>\n<p style=\"text-align: center;\"><img loading=\"lazy\" decoding=\"async\" class=\"aligncenter size-full wp-image-4447\" src=\"http:\/\/winelove.vn\/9xweb\/wp-content\/uploads\/2017\/11\/san-xuat-ruou-vang-brecciarolo-gold.jpg\" alt=\"s\u1ea3n xu\u1ea5t r\u01b0\u1ee3u vang brecciarolo gold\" width=\"500\" height=\"375\" srcset=\"http:\/\/winelove.vn\/9xweb\/wp-content\/uploads\/2017\/11\/san-xuat-ruou-vang-brecciarolo-gold.jpg 500w, http:\/\/winelove.vn\/9xweb\/wp-content\/uploads\/2017\/11\/san-xuat-ruou-vang-brecciarolo-gold-300x225.jpg 300w\" sizes=\"(max-width: 500px) 100vw, 500px\" \/><\/p>\n<p><span style=\"font-family: arial, helvetica, sans-serif; font-size: 12pt; color: #000000;\">\u0110\u1ec3 r\u01b0\u1ee3u \u0111\u1ea1t \u0111\u01b0\u1ee3c s\u1ef1 h\u00e0i h\u00f2a v\u00e0 \u1ed5n \u0111\u1ecbnh c\u1ee7a m\u00f9i v\u1ecb v\u00e0 ch\u1ea5t\u00a0<\/span><span style=\"font-family: arial, helvetica, sans-serif; font-size: 12pt; color: #000000;\">l\u01b0\u1ee3ng th\u00ec r\u01b0\u1ee3u ph\u1ea3i \u0111\u01b0\u1ee3c \u1ee7 nh\u1eb1m l\u00e0m cho kh\u00ed \u00f4xi t\u00e1c \u0111\u1ed9ng th\u1eadt ch\u1eadm, th\u01b0\u1eddng\u00a0<\/span><span style=\"font-family: arial, helvetica, sans-serif; font-size: 12pt; color: #000000;\">\u0111\u01b0\u1ee3c \u1ee7 trong kho\u1ea3ng 3 \u0111\u1ebfn 6 th\u00e1ng ho\u1eb7c 2 \u0111\u1ebfn 3 n\u0103m. C\u00e1c ho\u1ea1t \u0111\u1ed9ng ph\u00e2n t\u00edch,\u00a0<\/span><span style=\"font-family: arial, helvetica, sans-serif; font-size: 12pt; color: #000000;\">ki\u1ec3m so\u00e1t \u0111\u01b0\u1ee3c ti\u1ebfn h\u00e0nh \u0111\u1ec1u \u0111\u1eb7n nh\u1ea5t \u0111\u1ec3 \u0111\u1ea3m b\u1ea3o ch\u1ea5t l\u01b0\u1ee3ng r\u01b0\u1ee3u vang ngon\u00a0<\/span><span style=\"font-family: arial, helvetica, sans-serif; font-size: 12pt; color: #000000;\">v\u00e0 \u0111\u1ed3ng \u0111\u1ec1u.<\/span><br \/>\n<span style=\"font-family: arial, helvetica, sans-serif; font-size: 12pt; color: #000000;\"><strong>L\u01b0u \u00fd:<\/strong> s\u1ebd ngon h\u01a1n n\u1ebfu b\u1ea1n n\u00ean \u0111\u1ec3 r\u01b0\u1ee3u \u1edf nhi\u1ec7t \u0111\u1ed9 t\u1eeb 18 \u0111\u1ebfn 20 \u0111\u1ed9 C.\u00a0<\/span><span style=\"font-family: arial, helvetica, sans-serif; font-size: 12pt; color: #000000;\">N\u00ean decanter l\u1eafc nhi\u1ec1u ho\u1eb7c m\u1edf vang v\u00e0i ti\u1ebfng tr\u01b0\u1edbc khi u\u1ed1ng<\/span><br \/>\n<span style=\"font-family: arial, helvetica, sans-serif; font-size: 12pt; color: #000000;\"><strong>K\u1ebft h\u1ee3p \u0111\u1ed3 \u0103n:<\/strong> ho\u00e0n h\u1ea3o khi \u0103n c\u00f9ng c\u00e1c lo\u1ea1i th\u1ecbt \u0111\u1ecf, t\u1eeb th\u1ecbt c\u1eebu n\u01b0\u1edbng, h\u1ea7m\u00a0<\/span><span style=\"font-family: arial, helvetica, sans-serif; font-size: 12pt; color: #000000;\">c\u00e0 chua v\u00e0 b\u00e1nh pizza c\u00e1c m\u00f3n n\u01b0\u1edbng , BBQ<\/span><\/p>\n<p><span style=\"font-size: 12pt;\"><span style=\"color: #ff0000;\"><strong>\u21d2<\/strong><\/span> Xem Th\u00eam H\u00e3ng R\u01b0\u1ee3u Vang S\u1ee7i N\u1ed5i Ti\u1ebfng Nh\u1ea5t C\u1ee7a \u00dd: <a href=\"https:\/\/ruouvang24h.vn\/ruou-vang-bottega\"><strong>Champagne Bottega<\/strong><\/a><\/span><\/p>\n<p>&nbsp;<\/p>\n","protected":false},"excerpt":{"rendered":"<p><strong>Xu\u1ea5t x\u1ee9: <\/strong>Italia<\/p>\n<p><strong>N\u1ed3ng \u0111\u1ed9:\u00a0<\/strong>15%<\/p>\n<p><strong>\u0110\u1eb7c \u0111i\u1ec3m:<\/strong>Brecciarolo Gold ch\u00ednh h\u00e3ng \u0111\u01b0\u1ee3c v\u00ed nh\u01b0 m\u1ed9t vi\u00ean ng\u1ecdc ruby v\u00f4 gi\u00e1, v\u1edbi h\u01b0\u01a1ng th\u01a1m tinh t\u1ebf v\u00e0 h\u1ea5p d\u1eabn c\u1ee7a tr\u00e1i c\u00e2y \u0111\u1ecf m\u1ecdng, gia v\u1ecb cay v\u00e0 b\u1ed5 sung b\u1edfi m\u00f9i kh\u00f3i v\u00e0 h\u1eafc \u00edn nh\u1eb9 nh\u00e0ng. Trong v\u00f2m h\u1ecdng, r\u01b0\u1ee3u vang to\u00e1t l\u00ean v\u1ecb \u00eam \u00e1i v\u00e0 m\u1ec1m m\u01b0\u1ee3t nh\u01b0 nhung. R\u01b0\u1ee3u \u0111\u1ea1t \u0111\u1ed9 c\u00e2n b\u1eb1ng ho\u00e0n h\u1ea3o gi\u1eefa v\u1ecb chua axit, v\u1ecb mocha, th\u1ea3o m\u1ed9c n\u01b0\u1edbng v\u00e0 g\u1ed7 s\u1ed3i.<\/p>\n","protected":false},"featured_media":2272,"comment_status":"open","ping_status":"closed","template":"","meta":[],"class_list":{"0":"post-2271","1":"product","2":"type-product","3":"status-publish","4":"has-post-thumbnail","6":"product_cat-ruou-vang-gia-re","7":"product_cat-ruou-vang-y","9":"first","10":"instock","11":"shipping-taxable","12":"purchasable","13":"product-type-simple"},"_links":{"self":[{"href":"http:\/\/winelove.vn\/9xweb\/index.php?rest_route=\/wp\/v2\/product\/2271"}],"collection":[{"href":"http:\/\/winelove.vn\/9xweb\/index.php?rest_route=\/wp\/v2\/product"}],"about":[{"href":"http:\/\/winelove.vn\/9xweb\/index.php?rest_route=\/wp\/v2\/types\/product"}],"replies":[{"embeddable":true,"href":"http:\/\/winelove.vn\/9xweb\/index.php?rest_route=%2Fwp%2Fv2%2Fcomments&post=2271"}],"wp:featuredmedia":[{"embeddable":true,"href":"http:\/\/winelove.vn\/9xweb\/index.php?rest_route=\/wp\/v2\/media\/2272"}],"wp:attachment":[{"href":"http:\/\/winelove.vn\/9xweb\/index.php?rest_route=%2Fwp%2Fv2%2Fmedia&parent=2271"}],"curies":[{"name":"wp","href":"https:\/\/api.w.org\/{rel}","templated":true}]}}