{"id":2277,"date":"2017-11-01T10:22:14","date_gmt":"2017-11-01T10:22:14","guid":{"rendered":"http:\/\/winelove.vn\/9xweb\/?post_type=product&#038;p=2277"},"modified":"2023-05-22T12:31:01","modified_gmt":"2023-05-22T05:31:01","slug":"torridoro-negroamaro","status":"publish","type":"product","link":"http:\/\/winelove.vn\/9xweb\/?product=torridoro-negroamaro","title":{"rendered":"R\u01b0\u1ee3u Vang Torrid Oro Negroamaro 5.4% ABV*"},"content":{"rendered":"<p><span style=\"font-family: arial, helvetica, sans-serif; font-size: 12pt; color: #000000;\">M\u1ed9t c\u00e1i t\u00ean v\u1ed1n kh\u00f4ng c\u00f2n xa l\u1ea1 v\u1edbi nh\u1eefng t\u00edn \u0111\u1ed3 y\u00eau th\u00edch r\u01b0\u1ee3u vang tr\u00ean to\u00e0n\u00a0<\/span><span style=\"font-family: arial, helvetica, sans-serif; font-size: 12pt; color: #000000;\">th\u1ebf gi\u1edbi \u0111\u00f3 ch\u00ednh l\u00e0 chai r\u01b0\u1ee3u vang Torrid Oro Negroamaro, \u0111\u00e2y l\u00e0 chai r\u01b0\u1ee3u vang<\/span><span style=\"font-family: arial, helvetica, sans-serif; font-size: 12pt; color: #000000;\">\u00a0nh\u1eb9 s\u1ed1ng \u0111\u1ed9ng, v\u1edbi h\u01b0\u01a1ng th\u01a1m m\u00e3nh li\u1ec7t \u0111ang r\u1ea5t \u0111\u01b0\u1ee3c y\u00eau th\u00edch t\u1ea1i th\u1ecb\u00a0<\/span><span style=\"font-family: arial, helvetica, sans-serif; font-size: 12pt; color: #000000;\">tr\u01b0\u1eddng r\u01b0\u1ee3u vang Vi\u1ec7t Nam. \u0110\u01b0\u1ee3c l\u00e0m n\u00ean b\u1edfi s\u1ef1 nhi\u1ec7t huy\u1ebft, \u0111am m\u00ea kh\u00e1t\u00a0<\/span><span style=\"font-family: arial, helvetica, sans-serif; font-size: 12pt; color: #000000;\">v\u1ecdng \u0111em \u0111\u1ebfn cho ng\u01b0\u1eddi s\u1eed d\u1ee5ng nh\u1eefng s\u1ea3n ph\u1ea9m r\u01b0\u1ee3u vang tuy\u1ec7t v\u1eddi c\u1ee7a t\u1eadp\u00a0<\/span><span style=\"font-family: arial, helvetica, sans-serif; font-size: 12pt; color: #000000;\">\u0111o\u00e0n Angelo Rocca &amp; Figli g\u1ed3m hai nha\u0300 sa\u0309n xu\u00e2\u0301t Rocca va\u0300 Dezzani n\u1eb1m t\u1ea1i hai\u00a0<\/span><span style=\"font-family: arial, helvetica, sans-serif; font-size: 12pt; color: #000000;\">vu\u0300ng tr\u1ed3ng nho n\u1ed5i ti\u00ea\u0301ng Italia la\u0300 Piemont va\u0300 Puglia. \u201cHai gia \u0111i\u0300nh, hai nha\u0300 sa\u0309n\u00a0<\/span><span style=\"font-family: arial, helvetica, sans-serif; font-size: 12pt; color: #000000;\">xu\u00e2\u0301t &#8211; M\u1ed9t ni\u1ec1m \u0111am m\u00ea &#8211; Nh\u01b0\u0303ng chai vang tuy\u00ea\u0323t ha\u0309o\u201d.<\/span><\/p>\n<p>&nbsp;<\/p>\n<h2><span style=\"font-family: arial, helvetica, sans-serif; font-size: 18pt; color: #800000;\"><strong>Gi\u1edbi thi\u1ec7u r\u01b0\u1ee3u vang Torrid Oro Negroamaro:<\/strong><\/span><\/h2>\n<p><span style=\"font-family: arial, helvetica, sans-serif; font-size: 12pt; color: #000000;\">Nh\u1eafc \u0111\u1ebfn \u0111\u1ea5t n\u01b0\u1edbc Italia\u00a0, ch\u00fang ta nh\u1edb ngay t\u1edbi \u201c\u0111\u1ea5t n\u01b0\u1edbc h\u00ecnh chi\u1ebfc \u1ee7ng\u201d c\u1ee7a\u00a0<\/span><span style=\"font-family: arial, helvetica, sans-serif; font-size: 12pt; color: #000000;\">l\u1ecbch s\u1eed v\u00e0 n\u1ec1n v\u0103n ho\u00e1 gi\u00e0u c\u00f3, nh\u1eefng m\u00f3n \u0103n th\u01a1m ngon, \u0111\u1ecba \u0111i\u1ec3m du l\u1ecbch n\u1ed5i\u00a0<\/span><span style=\"font-family: arial, helvetica, sans-serif; font-size: 12pt; color: #000000;\">ti\u1ebfng v\u00e0 kh\u00f4ng th\u1ec3 kh\u00f4ng nh\u1eafc \u0111\u1ebfn r\u01b0\u1ee3u vang, m\u1ed9t th\u1ee9c u\u1ed1ng kh\u00f4ng th\u1ec3 thi\u1ebfu\u00a0<\/span><span style=\"font-family: arial, helvetica, sans-serif; font-size: 12pt; color: #000000;\">c\u1ee7a ng\u01b0\u1eddi d\u00e2n n\u01b0\u1edbc n\u00e0y, g\u00f3p ph\u1ea7n l\u00e0m n\u00ean v\u0103n h\u00f3a tr\u00f9 ph\u00fa c\u1ee7a \u00dd, c\u00f3 \u1ea3nh\u00a0<\/span><span style=\"font-family: arial, helvetica, sans-serif; font-size: 12pt; color: #000000;\">h\u01b0\u1edfng t\u1edbi n\u1ec1n s\u1ea3n xu\u1ea5t r\u01b0\u1ee3u vang c\u1ee7a t\u1ea5t c\u1ea3 c\u00e1c n\u01b0\u1edbc tr\u00ean th\u1ebf gi\u1edbi.<\/span><\/p>\n<p><span style=\"font-family: arial, helvetica, sans-serif; font-size: 12pt; color: #000000;\">R\u01b0\u1ee3u vang Torrid Oro Negroamaro v\u1ed1n kh\u00f4ng c\u00f2n xa l\u1ea1 v\u1edbi nh\u1eefng t\u00edn \u0111\u1ed3 y\u00eau th\u00edch r\u01b0\u1ee3u vang tr\u00ean to\u00e0n th\u1ebf gi\u1edbi. Vang Torrid Oro Negroam\u00e2ro \u0111\u01b0\u01a1\u0323c la\u0300m t\u01b0\u0300 gi\u00f4\u0301ng nho qu\u00f4\u0301c t\u00ea\u0301 n\u00f4\u0309i ti\u00ea\u0301ng Negroamaro cu\u0300ng th\u00f4\u0309 nh\u01b0\u01a1\u0303ng \u0111\u0103\u0323c bi\u00ea\u0323t \u0111a\u0309o Sicily ta\u0323i vu\u0300ng Puglia \u2013 n\u01a1i t\u00e2\u0323p trung nhi\u00ea\u0300u v\u01b0\u01a1\u0300n nho co\u0301 \u0111\u0103\u0309ng c\u00e2\u0301p DOC, DOCG nhi\u00ea\u0300u nh\u00e2\u0301t khu v\u01b0\u0323c mi\u00ea\u0300n Nam Italia. <\/span><\/p>\n<p><span style=\"font-family: arial, helvetica, sans-serif; font-size: 12pt; color: #000000;\">V\u01a1\u0301i khi\u0301 h\u00e2\u0323u kh\u00f4 no\u0301ng, ca\u0301c qua\u0309 nho n\u01a1i \u0111\u00e2y th\u01b0\u01a1\u0300ng co\u0301 \u0111\u00f4\u0323 \u0111\u01b0\u01a1\u0300ng cao cu\u0300ng s\u01b0\u0323 kho\u0309e kho\u0103\u0301n trong h\u01b0\u01a1ng vi\u0323. R\u01b0\u1ee3u vang Torrid Oro Negroamaro la\u0300 do\u0300ng vang la\u0300m n\u00ean th\u01b0\u01a1ng hi\u00ea\u0323u cu\u0309a nha\u0300 sa\u0309n xu\u00e2\u0301t Rocca va\u0300 \u0111\u01b0\u01a1\u0323c \u01b0u a\u0301i v\u01a1\u0301i bi\u00ea\u0323t danh \u201cThe farmily\u2019s choice\u201d.<\/span><\/p>\n<p><span style=\"font-size: 12pt; font-family: arial, helvetica, sans-serif; color: #000000;\">&gt;&gt;&gt; T\u00ecm hi\u1ec3u ki\u1ebfn th\u1ee9c v\u1ec1 <span style=\"color: #ff6600;\"><a style=\"color: #ff6600;\" href=\"http:\/\/winelove.vn\/9xweb\/danh-muc\/ruou-vang-y\/\">r\u01b0\u1ee3u vang \u00dd<\/a><\/span><\/span><\/p>\n<p>&nbsp;<\/p>\n<h2><span style=\"font-family: arial, helvetica, sans-serif; font-size: 18pt; color: #800000;\">\u0110\u1eb7c \u0111i\u1ec3m vang \u00dd\u00a0Torrid Oro Negroamaro:<\/span><\/h2>\n<p><span style=\"font-family: arial, helvetica, sans-serif; font-size: 12pt; color: #000000;\">L\u00e0 s\u1ea3n ph\u1ea9m r\u01b0\u1ee3u vang cao c\u1ea5p c\u1ee7a t\u1eadp \u0111o\u00e0n Angelo Rocca &amp; Figli, \u0111\u00e2y la\u0300 m\u00f4\u0323t\u00a0<\/span><span style=\"font-family: arial, helvetica, sans-serif; font-size: 12pt; color: #000000;\">th\u01b0\u01a1ng hi\u00ea\u0323u l\u01a1\u0301n v\u01a1\u0301i nhi\u00ea\u0300u gia\u0309i th\u01b0\u01a1\u0309ng danh gia\u0301 trong ca\u0301c cu\u00f4\u0323c thi r\u01b0\u01a1\u0323u qu\u00f4\u0301c t\u1ebf.\u00a0<\/span><span style=\"font-family: arial, helvetica, sans-serif; font-size: 12pt; color: #000000;\">Cu\u0300ng s\u1ef1 hi\u00ea\u0323n di\u00ea\u0323n cu\u0309a sa\u0309n ph\u1ea9m ta\u0323i h\u01a1n 40 qu\u00f4\u0301c gia tr\u00ean th\u00ea\u0301 gi\u01a1\u0301i. R\u01b0\u1ee3u vang\u00a0<\/span><span style=\"font-family: arial, helvetica, sans-serif; font-size: 12pt; color: #000000;\">Torrid oro Negroamaro \u0111\u01b0\u01a1\u0323c la\u0300m t\u01b0\u0300 gi\u00f4\u0301ng nho \u0111\u0103\u0323c tr\u01b0ng vu\u0300ng Puglia \u2013 n\u01a1i t\u00e2\u0323p\u00a0<\/span><span style=\"font-family: arial, helvetica, sans-serif; font-size: 12pt; color: #000000;\">trung nhi\u00ea\u0300u v\u01b0\u01a1\u0300n nho co\u0301 \u0111\u0103\u0309ng c\u00e2\u0301p DOC, DOCG nhi\u00ea\u0300u nh\u00e2\u0301t khu v\u01b0\u0323c mi\u00ea\u0300n Nam\u00a0<\/span><span style=\"font-family: arial, helvetica, sans-serif; font-size: 12pt; color: #000000;\">Italia. <\/span><\/p>\n<p><span style=\"font-family: arial, helvetica, sans-serif; font-size: 12pt; color: #000000;\">V\u01a1\u0301i khi\u0301 h\u00e2\u0323u kh\u00f4 no\u0301ng, cu\u0300ng s\u01b0\u0323 ca\u0301c qua\u0309 nho n\u01a1i \u0111\u00e2y th\u01b0\u01a1\u0300ng co\u0301 \u0111\u00f4\u0323 \u0111\u01b0\u01a1\u0300ng\u00a0<\/span><span style=\"font-family: arial, helvetica, sans-serif; font-size: 12pt; color: #000000;\">cao cu\u0300ng s\u01b0\u0323 kho\u0309e kho\u0103\u0301n trong h\u01b0\u01a1ng vi\u0323.\u00a0<\/span><span style=\"font-family: arial, helvetica, sans-serif; font-size: 12pt; color: #000000;\">Negroamaro \u2013 m\u00f4\u0323t trong nh\u01b0\u0303ng gi\u00f4\u0301ng nho n\u00f4\u0309i ti\u00ea\u0301ng n\u01b0\u01a1\u0301c Y\u0301 \u0111\u01b0\u01a1\u0323c m\u00ea\u0323nh danh\u00a0<\/span><span style=\"font-family: arial, helvetica, sans-serif; font-size: 12pt; color: #000000;\">\u201cvi\u0323 cha\u0301t ma\u0300u \u0111en\u201d. R\u01b0\u01a1\u0323u co\u0301 ma\u0300u \u0111o\u0309 ruby t\u01b0\u01a1i sa\u0301ng, mu\u0300i h\u01b0\u01a1ng ma\u0303nh li\u00ea\u0323t, ph\u01b0\u0301c\u00a0<\/span><span style=\"font-family: arial, helvetica, sans-serif; font-size: 12pt; color: #000000;\">h\u01a1\u0323p cu\u0309a ca\u0301c loa\u0323i tra\u0301i c\u00e2y chi\u0301n va\u0300 mu\u0300i gia vi\u0323, ha\u0323t ti\u00eau xen l\u00e2\u0303n h\u01b0\u01a1ng th\u01a1m g\u00f4\u0303 s\u00f4\u0300i. R\u01b0\u1ee3u vang\u00a0<\/span><span style=\"font-family: arial, helvetica, sans-serif; font-size: 12pt; color: #000000;\">Torrid oro Negroamaro mang trong mi\u0300nh h\u01b0\u01a1ng vi\u0323 tro\u0300n tri\u0323a, c\u00e2n b\u0103\u0300ng va\u0300 m\u01b0\u01a1\u0323t ma\u0300 cu\u0300ng d\u01b0 vi\u0323\u00a0<\/span><span style=\"font-family: arial, helvetica, sans-serif; font-size: 12pt; color: #000000;\">l\u00e2u da\u0300i, s\u00e2u l\u0103\u0301ng khi k\u00ea\u0301t thu\u0301c.<\/span><\/p>\n<p><span style=\"font-family: arial, helvetica, sans-serif; font-size: 12pt; color: #000000;\">N\u1ed3ng \u0111\u1ed9 l\u00e0 14% vol- 750ml, kh\u00e1 nh\u1eb9 nh\u00e0ng \u0111\u01b0\u1ee3c ng\u00e2m \u1ee7 k\u0129 c\u00e0ng, \u0111\u00e2y c\u0169ng l\u00e0\u00a0<\/span><span style=\"font-family: arial, helvetica, sans-serif; font-size: 12pt; color: #000000;\">m\u1ed9t m\u1ee9c \u0111\u1ed9 t\u01b0\u01a1ng \u0111\u1ed1i ph\u00f9 h\u1ee3p \u0111\u1ed1i v\u1edbi nhi\u1ec1u ng\u01b0\u1eddi s\u1eed d\u1ee5ng, k\u1ec3 c\u1ea3 l\u00e0 ng\u01b0\u1eddi m\u1edbi\u00a0<\/span><span style=\"font-family: arial, helvetica, sans-serif; font-size: 12pt; color: #000000;\">b\u1eaft \u0111\u1ea7u v\u1edbi r\u01b0\u1ee3u vang, l\u00e0 l\u1ef1a ch\u1ecdn ph\u00f9 h\u1ee3p cho nh\u1eefng bu\u1ed5i t\u1ed1i l\u00e3ng m\u1ea1n, nh\u1eefng\u00a0<\/span><span style=\"font-family: arial, helvetica, sans-serif; font-size: 12pt; color: #000000;\">party vui v\u1ebb hay nh\u1eefng b\u1eefa \u0103n sum h\u1ecdp .<\/span><\/p>\n<p>&nbsp;<\/p>\n<h2><span style=\"font-family: arial, helvetica, sans-serif; font-size: 18pt; color: #800000;\"><strong>Quy tr\u00ecnh s\u1ea3n xu\u1ea5t vang\u00a0Torrid Oro Negroamaro:<\/strong><\/span><\/h2>\n<p><span style=\"font-family: arial, helvetica, sans-serif; font-size: 12pt; color: #000000;\">M\u00e0u c\u1ee7a r\u01b0\u1ee3u Torrid Oro Negroamaro \u0111\u1ecf c\u00f3 \u0111\u01b0\u1ee3c t\u1eeb v\u1ecf c\u1ee7a qu\u1ea3 nho, v\u1ecf v\u00e0 c\u00f9i nho \u0111em l\u00ean men c\u00f9ng\u00a0<\/span><span style=\"font-family: arial, helvetica, sans-serif; font-size: 12pt; color: #000000;\">v\u1edbi n\u01b0\u1edbc nho. \u0110\u1ec3 t\u1ea1o \u0111\u01b0\u1ee3c m\u00e0u \u0111\u1ecf c\u1ee7a r\u01b0\u1ee3u c\u0169ng nh\u1edd v\u1ecb ch\u00e1t c\u1ee7a v\u1ecf c\u00e2y. C\u00e1c\u00a0<\/span><span style=\"font-family: arial, helvetica, sans-serif; font-size: 12pt; color: #000000;\">lo\u1ea1i hoa qu\u1ea3 th\u01a1m ngon c\u1ee7a \u00dd\u00a0sau khi thu ho\u1ea1ch b\u1eb1ng tay m\u1ed9t c\u00e1ch c\u1ea9n th\u1eadn, c\u1eaft\u00a0<\/span><span style=\"font-family: arial, helvetica, sans-serif; font-size: 12pt; color: #000000;\">cu\u1ed1ng \u00e9p l\u1ea5y n\u01b0\u1edbc. H\u01a1n m\u1ed9t n\u1eeda l\u01b0\u1ee3ng n\u01b0\u1edbc \u00e9p ra t\u1eeb qu\u1ea3 nho d\u1ec5 d\u00e0ng kh\u00f4ng\u00a0<\/span><span style=\"font-family: arial, helvetica, sans-serif; font-size: 12pt; color: #000000;\">c\u1ea7n \u0111\u1ebfn \u00e1p l\u1ef1c cao, ph\u1ea7n c\u00f2n l\u1ea1i s\u1ebd \u0111\u01b0\u1ee3c \u00e9p ra t\u1eeb h\u1ec7 th\u1ed1ng \u00e9p. <\/span><\/p>\n<p><span style=\"font-family: arial, helvetica, sans-serif; font-size: 12pt; color: #000000;\">\u0110\u1ec3 r\u01b0\u1ee3u \u0111\u1ea1t \u0111\u01b0\u1ee3c\u00a0<\/span><span style=\"font-family: arial, helvetica, sans-serif; font-size: 12pt; color: #000000;\">s\u1ef1 h\u00e0i h\u00f2a v\u00e0 \u1ed5n \u0111\u1ecbnh c\u1ee7a m\u00f9i v\u1ecb v\u00e0 ch\u1ea5t l\u01b0\u1ee3ng th\u00ec r\u01b0\u1ee3u ph\u1ea3i \u0111\u01b0\u1ee3c \u1ee7 nh\u1eb1m l\u00e0m\u00a0<\/span><span style=\"font-family: arial, helvetica, sans-serif; font-size: 12pt; color: #000000;\">cho kh\u00ed \u00f4xi t\u00e1c \u0111\u1ed9ng th\u1eadt ch\u1eadm, th\u01b0\u1eddng \u0111\u01b0\u1ee3c \u1ee7 trong kho\u1ea3ng 3 \u0111\u1ebfn 6 th\u00e1ng ho\u1eb7c\u00a0<\/span><span style=\"font-family: arial, helvetica, sans-serif; font-size: 12pt; color: #000000;\">2 \u0111\u1ebfn 3 n\u0103m. C\u00e1c ho\u1ea1t \u0111\u1ed9ng ph\u00e2n t\u00edch, ki\u1ec3m so\u00e1t \u0111\u01b0\u1ee3c ti\u1ebfn h\u00e0nh \u0111\u1ec1u \u0111\u1eb7n nh\u1ea5t\u00a0<\/span><span style=\"font-family: arial, helvetica, sans-serif; font-size: 12pt; color: #000000;\">\u0111\u1ec3 \u0111\u1ea3m b\u1ea3o ch\u1ea5t l\u01b0\u1ee3ng r\u01b0\u1ee3u vang ngon v\u00e0 \u0111\u1ed3ng \u0111\u1ec1u.<\/span><br \/>\n<span style=\"font-family: arial, helvetica, sans-serif; font-size: 12pt; color: #000000;\"><span style=\"color: #800000;\"><strong>L\u01b0u \u00fd:<\/strong><\/span> B\u1ea1n n\u00ean th\u01b0\u1edfng th\u1ee9c r\u01b0\u1ee3u vang n\u00e0y \u1edf nhi\u1ec7t \u0111\u1ed9 18 \u0111\u1ebfn 20 \u0111\u1ed9 C.\u00a0<\/span><span style=\"font-family: arial, helvetica, sans-serif; font-size: 12pt; color: #000000;\">N\u00ean decanter l\u1eafc nhi\u1ec1u ho\u1eb7c m\u1edf vang v\u00e0i ti\u1ebfng tr\u01b0\u1edbc khi u\u1ed1ng. B\u1ea3o qu\u1ea3n chai\u00a0<\/span><span style=\"font-family: arial, helvetica, sans-serif; font-size: 12pt; color: #000000;\">tr\u00e1nh \u00e1nh s\u00e1ng nhi\u1ec7t \u0111\u1ed9.<\/span><br \/>\n<span style=\"font-family: arial, helvetica, sans-serif; font-size: 12pt; color: #000000;\"><span style=\"color: #800000;\"><strong>G\u1ee3i \u00fd m\u00f3n \u0103n k\u1ebft h\u1ee3p:<\/strong> <\/span>ho\u00e0n h\u1ea3o khi \u0103n c\u00f9ng c\u00e1c lo\u1ea1i th\u1ecbt \u0111\u1ecf, c\u00e1c m\u00f3n n\u01b0\u1edbng,\u00a0<\/span><span style=\"font-family: arial, helvetica, sans-serif; font-size: 12pt; color: #000000;\">BBQ<\/span><\/p>\n","protected":false},"excerpt":{"rendered":"<p>M\u1ed9t c\u00e1i t\u00ean v\u1ed1n kh\u00f4ng c\u00f2n xa l\u1ea1 v\u1edbi nh\u1eefng t\u00edn \u0111\u1ed3 y\u00eau th\u00edch r\u01b0\u1ee3u vang tr\u00ean to\u00e0n\u00a0th\u1ebf gi\u1edbi \u0111\u00f3 ch\u00ednh l\u00e0 chai r\u01b0\u1ee3u vang Torrid Oro Negroamaro, \u0111\u00e2y l\u00e0 chai r\u01b0\u1ee3u vang\u00a0nh\u1eb9 s\u1ed1ng \u0111\u1ed9ng, v\u1edbi h\u01b0\u01a1ng th\u01a1m m\u00e3nh li\u1ec7t \u0111ang r\u1ea5t \u0111\u01b0\u1ee3c y\u00eau th\u00edch t\u1ea1i th\u1ecb\u00a0tr\u01b0\u1eddng r\u01b0\u1ee3u vang Vi\u1ec7t Nam. \u0110\u01b0\u1ee3c l\u00e0m n\u00ean b\u1edfi [&hellip;]<\/p>\n","protected":false},"featured_media":6293,"comment_status":"open","ping_status":"closed","template":"","meta":[],"class_list":{"0":"post-2277","1":"product","2":"type-product","3":"status-publish","4":"has-post-thumbnail","6":"product_cat-ruou-vang-gia-re","7":"product_cat-ruou-vang-y","9":"first","10":"instock","11":"shipping-taxable","12":"purchasable","13":"product-type-simple"},"_links":{"self":[{"href":"http:\/\/winelove.vn\/9xweb\/index.php?rest_route=\/wp\/v2\/product\/2277"}],"collection":[{"href":"http:\/\/winelove.vn\/9xweb\/index.php?rest_route=\/wp\/v2\/product"}],"about":[{"href":"http:\/\/winelove.vn\/9xweb\/index.php?rest_route=\/wp\/v2\/types\/product"}],"replies":[{"embeddable":true,"href":"http:\/\/winelove.vn\/9xweb\/index.php?rest_route=%2Fwp%2Fv2%2Fcomments&post=2277"}],"wp:featuredmedia":[{"embeddable":true,"href":"http:\/\/winelove.vn\/9xweb\/index.php?rest_route=\/wp\/v2\/media\/6293"}],"wp:attachment":[{"href":"http:\/\/winelove.vn\/9xweb\/index.php?rest_route=%2Fwp%2Fv2%2Fmedia&parent=2277"}],"curies":[{"name":"wp","href":"https:\/\/api.w.org\/{rel}","templated":true}]}}