{"id":2471,"date":"2017-11-11T17:01:25","date_gmt":"2017-11-11T17:01:25","guid":{"rendered":"http:\/\/winelove.vn\/9xweb\/?post_type=product&#038;p=2471"},"modified":"2022-10-28T17:12:02","modified_gmt":"2022-10-28T10:12:02","slug":"marquise-de-lafond","status":"publish","type":"product","link":"http:\/\/winelove.vn\/9xweb\/?product=marquise-de-lafond","title":{"rendered":"R\u01b0\u01a1\u0323u Vang Marquise De Lafond 5.4% ABV* &#8211; Vang Ph\u00e1p Nh\u1eadp Kh\u1ea9u Gi\u00e1 T\u1ed1t"},"content":{"rendered":"<h2><span style=\"font-family: arial, helvetica, sans-serif; font-size: 18pt; color: #800000;\">Gi\u01a1\u0301i thi\u00ea\u0323u r\u01b0\u1ee3u vang Ph\u00e1p Marquise De Lafond<\/span><\/h2>\n<p><span style=\"font-family: arial, helvetica, sans-serif; font-size: 12pt; color: #000000;\">N\u01b0\u1edbc Ph\u00e1p m\u1ed9t \u0111\u1ea5t n\u01b0\u1edbc xinh \u0111\u1eb9p v\u1edbi nh\u1eefng c\u00f4ng tr\u00ecnh ki\u1ebfn tr\u00fac n\u1ed5i b\u1eadt, v\u1edbi kinh \u0111\u00f4 th\u1eddi trang Paris v\u00e0 m\u1ed9t \u0111i\u1ec1u th\u1eadt thi\u1ebfu s\u00f3t n\u1ebfu n\u00f3i t\u1edbi Ph\u00e1p m\u00e0 kh\u00f4ng nh\u1eafc t\u1edbi \u0111\u00f3 l\u00e0 r\u01b0\u1ee3u vang. Th\u1eadt kh\u00f4ng h\u1ed5 danh l\u00e0 x\u1ee9 s\u1edf r\u01b0\u1ee3u vang n\u1ed3ng n\u00e0n quy\u1ebfn r\u0169, n\u01b0\u1edbc Ph\u00e1p c\u00f3 kho\u1ea3ng 40 000 nh\u00e0 m\u00e1y s\u1ea3n xu\u1ea5t r\u01b0\u1ee3u vang mang \u0111\u1ebfn cho th\u1ebf gi\u1edbi nh\u1eefng ly vang tuy\u1ec7t h\u1ea3o nh\u1ea5t. <\/span><\/p>\n<p><span style=\"font-family: arial, helvetica, sans-serif; font-size: 12pt; color: #000000;\">Tr\u00ean c\u00e1c c\u00e1nh \u0111\u1ed3ng nho b\u1ea1t ng\u00e0n, b\u1ea1n d\u1ec5 d\u00e0ng b\u1eaft g\u1eb7p nh\u1eefng ng\u01b0\u1eddi n\u00f4ng d\u00e2n c\u1ea7n m\u1eabn \u0111ang vun x\u1edbi nh\u1eefng v\u01b0\u1eddn nho m\u1ecdng n\u01b0\u1edbc. T\u1eeb nh\u1eefng chu\u0300m nho n\u0103\u0323ng tri\u0303u qua\u0309 \u0111\u00f3 ng\u01b0\u1eddi ta s\u1ea3n xu\u1ea5t n\u00ean m\u1ed9t th\u1ee9c u\u1ed1ng \u0111\u01b0\u1ee3c c\u1ea3 th\u1ebf gi\u1edbi ng\u01b0\u1ee1ng m\u1ed9. \u0110\u1eb7c bi\u1ec7t l\u00e0 v\u00f9ng Bordeaux, v\u1ed1n \u0111\u01b0\u1ee3c bi\u1ebft \u0111\u1ebfn l\u00e0 x\u1ee9 s\u1edf c\u1ee7a c\u00e1c gi\u1ed1ng nho ph\u1ed5 bi\u1ebfn tr\u00ean to\u00e0n th\u1ebf gi\u1edbi. Bordeaux \u0111\u01b0\u1ee3c x\u00e2y d\u1ef1ng b\u00ean b\u1edd s\u00f4ng Garonne, l\u00e0 m\u1ed9t th\u00e0nh ph\u1ed1 c\u1ea3ng nh\u1ed9n nh\u1ecbp v\u1edbi ki\u1ebfn tr\u00fac tuy\u1ec7t v\u1eddi, c\u00e1c di t\u00edch l\u1ecbch s\u1eed, ngh\u1ec7 thu\u1eadt v\u00e0 v\u0103n h\u00f3a n\u1ed5i ti\u1ebfng th\u1ebf gi\u1edbi. V\u1edbi c\u00e1c \u0111\u1ecba danh n\u1ed5i b\u1eadt g\u1ed3m c\u00e1c nh\u00e0 th\u1edd th\u1eddi trung c\u1ed5, c\u00e1c c\u00e2y c\u1ea7u c\u0169 duy\u00ean d\u00e1ng nh\u01b0 Ponte de Pierre. <\/span><\/p>\n<p><span style=\"font-family: arial, helvetica, sans-serif; font-size: 12pt; color: #000000;\">Chuy\u1ebfn vi\u1ebfng th\u0103m Bordeaux s\u1ebd ho\u00e0n h\u1ea3o n\u1ebfu du kh\u00e1ch c\u00f3 m\u1ed9t chuy\u1ebfn \u0111i xuy\u00ean qua nh\u1eefng v\u00f9ng \u1ee7 r\u01b0\u1ee3u vang xung quanh, chi\u00eam ng\u01b0\u1ee1ng nh\u1eefng ng\u00f4i l\u00e0ng \u0111\u1eb9p nh\u01b0 tranh v\u1ebd, nh\u1eefng v\u01b0\u1eddn nho v\u00e0 nh\u1eefng l\u00e2u \u0111\u00e0i \u0111\u1eb9p tuy\u1ec7t v\u1eddi. V\u00f9ng \u0111\u1ea5t n\u00e0y \u0111\u01b0\u1ee3c cho l\u00e0 khu v\u01b0\u0323c tr\u1ed3ng nho r\u1ed9ng l\u1edbn v\u1edbi quy m\u00f4 \u0111\u1ea7u t\u01b0 l\u1edbn nh\u1ea5t v\u00e0 l\u00e0 n\u01a1i s\u1ea3n xu\u1ea5t gi\u1ed1ng nho m\u0169i nh\u1ecdn t\u1ea1o n\u00ean s\u1ef1 ph\u00e1t tri\u1ec3n n\u00f4ng nghi\u1ec7p t\u1ea1i <a href=\"http:\/\/winelove.vn\/9xweb\/danh-muc\/ruou-vang-phap\/\" target=\"_blank\" rel=\"noopener noreferrer\">Ph\u00e1p<\/a>. Do v\u1eady r\u01b0\u1ee3u vang Marquise De Lafond khi \u0111\u01b0\u1ee3c s\u1ea3n xu\u00e2\u0301t t\u1eeb gi\u1ed1ng nho Cabernet Sauvignon \u1edf \u0111\u00e2y s\u1ebd mang h\u01b0\u01a1ng v\u1ecb \u0111\u1eb7c tr\u01b0ng c\u1ee7a x\u1ee9 s\u1edf l\u00e3ng m\u1ea1n n\u00e0y.<\/span><\/p>\n<p>&nbsp;<\/p>\n<h2><span style=\"font-family: arial, helvetica, sans-serif; font-size: 18pt; color: #800000;\">\u0110\u0103\u0323c \u0111i\u00ea\u0309m r\u01b0\u01a1\u0323u vang Pha\u0301p Marquise De Lafond:<\/span><\/h2>\n<p><span style=\"font-family: arial, helvetica, sans-serif; font-size: 12pt; color: #000000;\">V\u1edbi ki\u1ec3u d\u00e1ng thanh l\u1ecbch, thi\u1ebft k\u1ebf \u0111\u01a1n gi\u1ea3n sang tr\u1ecdng <a href=\"http:\/\/winelove.vn\/9xweb\/\" target=\"_blank\" rel=\"noopener noreferrer\">r\u01b0\u1ee3u vang<\/a>\u00a0Marquise De Lafond lu\u00f4n thu h\u00fat \u00e1nh nh\u00ecn c\u1ee7a ng\u01b0\u1eddi s\u1eed d\u1ee5ng. C\u00f3 th\u1ec3 n\u00f3i thi\u1ebft k\u1ebf c\u1ee7a Marquise De Lafond mang \u0111\u1eadm d\u1ea5u \u1ea5n c\u1ee7a ki\u1ebfn tr\u00fac ch\u00e2u \u00c2u th\u1ebf k\u1ef7 XVI. C\u00e2y c\u1ea7u d\u00e0i \u0111\u1ebfn 232m v\u00e0 r\u1ed9ng 22m \u0111\u01b0\u1ee3c chia th\u00e0nh nhi\u1ec1u nh\u1ecbp d\u1eabn nh\u1ecf theo phong c\u00e1ch La M\u00e3. M\u00e0u c\u1ee7a r\u01b0\u1ee3u \u0111\u01b0\u1ee3c h\u00ecnh th\u00e0nh t\u1eeb v\u1ecf c\u1ee7a qu\u1ea3 nho, v\u1ecf v\u00e0 c\u00f9i nho \u0111\u01b0\u1ee3c l\u00ean men c\u00f9ng v\u1edbi n\u01b0\u1edbc nho. V\u1ecb ch\u00e1t t\u1eeb v\u1ecf c\u00e2y c\u0169ng \u0111\u01b0\u1ee3c k\u1ebft h\u1ee3p l\u1ea1i \u0111\u1ec3 t\u1ea1o n\u00ean m\u00e0u \u0111\u1ecf \u0111\u1eb7c tr\u01b0ng c\u1ee7a r\u01b0\u1ee3u vang Marquise De Lafond.<\/span><\/p>\n<p><span style=\"font-family: arial, helvetica, sans-serif; font-size: 12pt; color: #000000;\">R\u01b0\u1ee3u vang Marquise De Lafond c\u00f3 h\u01b0\u01a1ng v\u1ecb ngon ng\u1ecdt \u0111\u1eb7c tr\u01b0ng ri\u00eang c\u1ee7a gi\u1ed1ng nho Cabernet Sauvignon. U\u1ed1ng r\u01b0\u1ee3u vang Marquise De Lafond, ng\u01b0\u1eddi th\u01b0\u1edfng th\u1ee9c s\u1ebd \u0111\u1eafm ch\u00ecm trong h\u01b0\u01a1ng c\u1ee7a g\u1ed7 s\u1ed3i, vanila c\u00f9ng v\u1edbi h\u01b0\u01a1ng qu\u1ea3 m\u1eadn ch\u00edn th\u01a1m ph\u1ee9c. Th\u00eam v\u00e0o \u0111\u00f3 l\u00e0 h\u01b0\u01a1ng th\u01a1m ng\u00e0o ng\u1ea1t \u0111\u1eadm \u0111\u00e0 c\u1ee7a qu\u1ea3 l\u00fd chua \u0111en, c\u00f3 t\u00e1c d\u1ee5ng c\u1ea3i thi\u1ec7n tr\u00ed nh\u1edb, b\u1ed5 n\u00e3o v\u00e0 t\u0103ng c\u01b0\u1eddng qu\u00e1 tr\u00ecnh b\u01a1m m\u00e1u \u0111\u1ebfn t\u1eebng b\u1ed9 ph\u1eadn c\u01a1 th\u1ec3. S\u1ef1 h\u00e0i h\u00f2a khi th\u01b0\u1edfng th\u1ee9c ch\u00fang v\u1edbi c\u00e1c m\u00f3n \u0103n nh\u01b0 th\u1ecbt c\u1eebu n\u01b0\u1edbng, b\u00f2 b\u00edt t\u1ebft, s\u00f2 n\u01b0\u1edbng ph\u00f4 mai,\u2026 Ngo\u00e0i ra, c\u00e1c m\u00f3n nhi\u1ec1u ch\u1ea5t x\u01a1 nh\u01b0 rau xanh ho\u1eb7c n\u1ea5u c\u0169ng g\u00f3p ph\u1ea7n t\u0103ng c\u01b0\u1eddng h\u01b0\u01a1ng v\u1ecb tr\u00e1i c\u00e2y trong r\u01b0\u1ee3u vang Ph\u00e1p Marquise De Lafond.<\/span><\/p>\n<p>&nbsp;<\/p>\n<h2><span style=\"font-family: arial, helvetica, sans-serif; font-size: 18pt; color: #800000;\">Ph\u01b0\u01a1ng pha\u0301p sa\u0309n xu\u00e2\u0301t vang Pha\u0301p\u00a0Marquise De Lafond<\/span><\/h2>\n<p><span style=\"font-family: arial, helvetica, sans-serif; font-size: 12pt; color: #000000;\">Nho sau khi \u0111\u01b0\u1ee3c v\u1eaft v\u00e0 c\u1eaft cu\u1ed1ng s\u1ebd \u0111\u01b0\u1ee3c \u0111\u01b0a l\u00ean h\u1ec7 th\u1ed1ng l\u00ean men r\u1ed3i sau \u0111\u00f3 s\u1ebd \u0111\u01b0\u1ee3c \u00e9p. H\u01a1n m\u1ed9t n\u1eeda l\u01b0\u1ee3ng n\u01b0\u1edbc \u00e9p ra t\u1eeb qu\u1ea3 nho m\u1ed9t c\u00e1ch d\u1ec5 d\u00e0ng m\u00e0 kh\u00f4ng c\u1ea7n \u0111\u1ebfn \u00e1p l\u1ef1c cao, ph\u1ea7n c\u00f2n l\u1ea1i s\u1ebd \u0111\u01b0\u1ee3c \u00e9p ra t\u1eeb h\u1ec7 th\u1ed1ng \u00e9p.<\/span><\/p>\n<p><span style=\"font-family: arial, helvetica, sans-serif; font-size: 12pt; color: #000000;\">\u0110\u1ec3 r\u01b0\u1ee3u vang \u0111\u1ea1t \u0111\u01b0\u1ee3c s\u1ef1 h\u00e0i h\u00f2a v\u00e0 \u1ed5n \u0111\u1ecbnh c\u1ee7a m\u00f9i v\u1ecb, ch\u1ea5t l\u01b0\u1ee3ng th\u00ec r\u01b0\u1ee3u ph\u1ea3i \u0111\u01b0\u1ee3c \u1ee7 trong c\u00e1c th\u00f9ng g\u1ed7 s\u00f4\u0300i m\u1edbi nh\u1eb1m l\u00e0m cho kh\u00ed \u00f4xi t\u00e1c \u0111\u1ed9ng th\u1eadt ch\u1eadm, th\u01b0\u1eddng th\u00ec r\u01b0\u1ee3u vang Marquise De Lafond s\u1ebd \u0111\u01b0\u1ee3c \u1ee7 trong kho\u1ea3ng v\u00e0i th\u00e1ng tr\u01b0\u1edbc khi \u0111\u1ebfn tay ng\u01b0\u1eddi s\u1eed d\u1ee5ng.<\/span><\/p>\n","protected":false},"excerpt":{"rendered":"<p>Gi\u01a1\u0301i thi\u00ea\u0323u r\u01b0\u1ee3u vang Ph\u00e1p Marquise De Lafond N\u01b0\u1edbc Ph\u00e1p m\u1ed9t \u0111\u1ea5t n\u01b0\u1edbc xinh \u0111\u1eb9p v\u1edbi nh\u1eefng c\u00f4ng tr\u00ecnh ki\u1ebfn tr\u00fac n\u1ed5i b\u1eadt, v\u1edbi kinh \u0111\u00f4 th\u1eddi trang Paris v\u00e0 m\u1ed9t \u0111i\u1ec1u th\u1eadt thi\u1ebfu s\u00f3t n\u1ebfu n\u00f3i t\u1edbi Ph\u00e1p m\u00e0 kh\u00f4ng nh\u1eafc t\u1edbi \u0111\u00f3 l\u00e0 r\u01b0\u1ee3u vang. Th\u1eadt kh\u00f4ng h\u1ed5 danh l\u00e0 x\u1ee9 s\u1edf r\u01b0\u1ee3u [&hellip;]<\/p>\n","protected":false},"featured_media":2472,"comment_status":"open","ping_status":"closed","template":"","meta":[],"class_list":{"0":"post-2471","1":"product","2":"type-product","3":"status-publish","4":"has-post-thumbnail","6":"product_cat-ruou-vang-gia-re","7":"product_cat-ruou-vang-phap","9":"first","10":"instock","11":"shipping-taxable","12":"purchasable","13":"product-type-simple"},"_links":{"self":[{"href":"http:\/\/winelove.vn\/9xweb\/index.php?rest_route=\/wp\/v2\/product\/2471"}],"collection":[{"href":"http:\/\/winelove.vn\/9xweb\/index.php?rest_route=\/wp\/v2\/product"}],"about":[{"href":"http:\/\/winelove.vn\/9xweb\/index.php?rest_route=\/wp\/v2\/types\/product"}],"replies":[{"embeddable":true,"href":"http:\/\/winelove.vn\/9xweb\/index.php?rest_route=%2Fwp%2Fv2%2Fcomments&post=2471"}],"wp:featuredmedia":[{"embeddable":true,"href":"http:\/\/winelove.vn\/9xweb\/index.php?rest_route=\/wp\/v2\/media\/2472"}],"wp:attachment":[{"href":"http:\/\/winelove.vn\/9xweb\/index.php?rest_route=%2Fwp%2Fv2%2Fmedia&parent=2471"}],"curies":[{"name":"wp","href":"https:\/\/api.w.org\/{rel}","templated":true}]}}