{"id":2735,"date":"2017-11-22T13:39:24","date_gmt":"2017-11-22T13:39:24","guid":{"rendered":"http:\/\/winelove.vn\/9xweb\/?post_type=product&#038;p=2735"},"modified":"2022-10-28T17:07:20","modified_gmt":"2022-10-28T10:07:20","slug":"chateau-caroline","status":"publish","type":"product","link":"http:\/\/winelove.vn\/9xweb\/?product=chateau-caroline","title":{"rendered":"R\u01b0\u1ee3u Vang Chateau Caroline 5.4% ABV* &#8211; Mua Vang Ph\u00e1p Ngon Nh\u1eadp Kh\u1ea9u"},"content":{"rendered":"<h2><span style=\"font-family: arial, helvetica, sans-serif; font-size: 18pt; color: #800000;\">Gi\u1edbi thi\u1ec7u v\u1ec1 r\u01b0\u1ee3u vang Chateau Caroline<\/span><\/h2>\n<p><span style=\"font-family: arial, helvetica, sans-serif; font-size: 12pt; color: #000000;\">M\u1ed9t d\u00f2ng r\u01b0\u1ee3u v\u00f4 c\u00f9ng \u0111\u01a1n gia\u0309n va\u0300 c\u00f4\u0309 \u0111i\u00ea\u0309n \u0111\u1ebfn t\u1eeb th\u01b0\u01a1ng hi\u1ec7u Medoc &amp; Haut Medoc Ph\u00e1p, \u0111\u00f3 ch\u00ednh l\u00e0 r\u01b0\u1ee3u vang Chateau Caroline. Mang phong c\u00e1ch c\u1ee7a \u0111\u00e2\u0301t <a href=\"http:\/\/winelove.vn\/9xweb\/danh-muc\/ruou-vang-phap\/\" target=\"_blank\" rel=\"noopener noreferrer\">Pha\u0301p d\u00f2ng r\u01b0\u1ee3u\u00a0vang\u00a0\u0111\u1ecf<\/a> Chateau\u00a0Caroline\u00a0na\u0300y c\u00f3 m\u00e0u \u0111\u1ecf ruby quy\u1ebfn r\u0169 \u0111\u01b0\u1ee3c s\u1ea3n xu\u1ea5t t\u1ea1i v\u00f9ng \u0111\u1ea5t n\u1ed5i ti\u1ebfng c\u1ee7a ng\u00e0nh r\u01b0\u1ee3u\u00a0vang \u0111i\u00ea\u0309n hi\u0300nh la\u0300 vu\u0300ng Bordeaux danh ti\u00ea\u0301ng.<\/span><\/p>\n<p><span style=\"font-family: arial, helvetica, sans-serif; font-size: 12pt; color: #000000;\">C\u00f2n g\u00ec tuy\u1ec7t v\u1eddi h\u01a1n khi b\u1ea1n th\u01b0\u1edfng th\u1ee9c <a href=\"http:\/\/winelove.vn\/9xweb\/\" target=\"_blank\" rel=\"noopener noreferrer\">chai r\u01b0\u1ee3u<\/a> n\u00e0y trong nh\u1eefng chuy\u1ebfn d\u00e3 ngo\u1ea1i c\u00f9ng v\u1edbi b\u00e1nh ng\u1ecdt v\u00e0 hoa qu\u1ea3, n\u00f3 s\u1ebd mang l\u1ea1i cho b\u1ea1n c\u1ea3m gi\u00e1c t\u01b0\u01a1i m\u1edbi v\u00e0 tr\u00e0n \u0111\u1ea7y n\u0103ng l\u01b0\u1ee3ng.<\/span><\/p>\n<p>&nbsp;<\/p>\n<h2><span style=\"font-family: arial, helvetica, sans-serif; font-size: 18pt; color: #800000;\">\u0110\u1eb7c \u0111i\u1ec3m vang Chateau Caroline<\/span><\/h2>\n<p><span style=\"font-family: arial, helvetica, sans-serif; font-size: 12pt; color: #000000;\">R\u01b0\u1ee3u vang Chateau Caroline \u0111\u01b0\u1ee3c l\u00e0m t\u1eeb 100% gi\u1ed1ng nho: Cabernet Sauvignon. S\u1edf h\u1eefu trong m\u00ecnh gi\u1ed1ng nho c\u1ed5 \u0111i\u1ec3n Cabernet Sauvignon, lo\u1ea1i\u00a0vang\u00a0n\u00e0y g\u00e2y ra c\u1ea3m gi\u00e1c kh\u00e1 n\u1ed3ng khi u\u1ed1ng ch\u00fang. Gi\u1ed1ng nho Cabernet Sauvignon \u0111\u01b0\u1ee3c tr\u1ed3ng ph\u1ed5 bi\u1ebfn tr\u00ean kh\u1eafp th\u1ebf gi\u1edbi. N\u00f3 ph\u1ed5 bi\u1ebfn v\u00ec d\u1ec5 tr\u1ed3ng, th\u00edch \u1ee9ng v\u1edbi nhi\u1ec1u v\u00f9ng th\u1ee7y th\u1ed5 kh\u00e1c nhau\u00a0 do l\u1edbp v\u1ecf d\u00e0y v\u00e0 th\u00e2n c\u00e2y c\u1ee9ng c\u00e1p, c\u00f3 kh\u1ea3 n\u0103ng ch\u1ed1ng th\u1ed1i v\u00e0 s\u01b0\u01a1ng gi\u00e1, c\u00e0ng gi\u00e0 c\u00e0ng cho tr\u00e1i \u0111\u1eadm h\u01b0\u01a1ng v\u00e0 \u0111\u1eb7c bi\u1ec7t lu\u00f4n gi\u1eef \u0111\u01b0\u1ee3c s\u1ef1 nh\u1ea5t qu\u00e1n trong c\u1ea5u tr\u00fac v\u00e0 h\u01b0\u01a1ng v\u1ecb, cho ra nh\u1eefng h\u01b0\u01a1ng v\u1ecb tr\u00e1i c\u00e2y \u0111en nh\u01b0 anh \u0111\u00e0o, m\u1eadn v\u00e0 blackcurrants. <\/span><\/p>\n<p><span style=\"font-family: arial, helvetica, sans-serif; font-size: 12pt; color: #000000;\">V\u1ecb ch\u00e1t c\u1ee7a tannin nh\u1eb9, m\u1ec1m m\u1ea1i v\u00e0 m\u01b0\u1ee3t m\u00e0 do c\u1ea5u tr\u00fac \u0111\u1ed3ng nh\u1ea5t , ph\u1ee9c h\u1ee3p v\u00e0 \u1ed5n \u0111\u1ecbnh\u00a0h\u00e0i h\u00f2a \u0111\u1ecdng l\u1ea1i sau khi u\u1ed1ng d\u00e0i. H\u01b0\u01a1ng v\u1ecb c\u1ee7a r\u01b0\u1ee3u vang\u00a0n\u00e0y \u0111\u1ecdng l\u1ea1i nhi\u1ec1u \u0111i\u1ec1u b\u1ea5t ng\u1edd trong ti\u1ec1m th\u1ee9c c\u1ee7a ng\u01b0\u1eddi th\u01b0\u1edfng th\u1ee9c.<\/span><\/p>\n<p><span style=\"font-family: arial, helvetica, sans-serif; font-size: 12pt; color: #000000;\">V\u1edbi \u0111\u1eb7c t\u00ednh h\u1ea5p d\u1eabn v\u00e0 d\u1ec5 k\u1ebft h\u1ee3p c\u1ee7a gi\u1ed1ng nho Cabernet Sauvignon, nh\u1eefng th\u1ef1c ph\u1ea9m c\u00f3 th\u1ec3 k\u1ebft h\u1ee3p \u0111\u01b0\u1ee3c v\u1edbi n\u00f3 r\u1ea5t \u0111a d\u1ea1ng. V\u00e0 \u0111\u1eb7c bi\u1ec7t n\u00f3 c\u00f3 kh\u1ea3 n\u0103ng \u00e1p \u0111\u1ea3o c\u00e1c m\u00f3n \u0103n nh\u1eb9 v\u00e0 tinh t\u1ebf. H\u00e0m l\u01b0\u1ee3ng tannin cao do v\u1eady kh\u00f4ng n\u00ean k\u1ebft h\u1ee3p c\u00f9ng c\u00e1c m\u00f3n \u0103n nhi\u1ec1u gia v\u1ecb cay l\u1ea1i khi\u1ebfn n\u1ed5i b\u1eadt s\u1ef1 \u0111\u1eafng c\u1ee7a tannin. Nh\u01b0ng c\u00e1c m\u00f3n \u0103n ch\u1ee9a \u00edt gia v\u1ecb nh\u01b0 h\u1ea1t ti\u00eau \u0111en l\u1ea1i l\u00e0m gi\u1ea3m s\u1ef1 nh\u1eadn th\u1ee9c c\u1ee7a tannin n\u00ean b\u1eaft c\u1eb7p v\u1edbi c\u00e1c m\u00f3n c\u1ed5 \u0111i\u1ec3n nh\u01b0 b\u00f2 b\u00edt t\u1ebft ho\u1eb7c c\u00e1 ng\u1eeb s\u1ebd ngon h\u01a1n. <\/span><\/p>\n<p><span style=\"font-family: arial, helvetica, sans-serif; font-size: 12pt; color: #000000;\">Thi\u00ea\u0301t k\u00ea\u0301 mang\u00a0ki\u00ea\u0309u da\u0301ng sang tro\u0323ng va\u0300 b\u0103\u0301t m\u0103\u0301t r\u01b0\u1ee3u vang Chateau Caroline hoa\u0300n toa\u0300n thi\u0301ch h\u01a1\u0323p trong ca\u0301c b\u01b0\u0303a ti\u00ea\u0323c quan tro\u0323ng, hay la\u0300m qua\u0300 bi\u00ea\u0301u cho \u0111\u00f4\u0301i ta\u0301c hay \u0111\u01a1n gia\u0309n la\u0300 ba\u0323n be\u0300 va\u0300 ng\u01b0\u01a1\u0300i th\u00e2n<\/span><\/p>\n<p>&nbsp;<\/p>\n<h2><span style=\"font-family: arial, helvetica, sans-serif; font-size: 18pt; color: #800000;\">Ph\u01b0\u01a1ng pha\u0301p l\u00e0m r\u01b0\u1ee3u vang Chateau Caroline<\/span><\/h2>\n<p><span style=\"font-family: arial, helvetica, sans-serif; font-size: 12pt; color: #000000;\">Th\u01a1\u0300i gian thu hoa\u0323ch nho th\u01b0\u01a1\u0300ng la\u0300\u00a0 v\u00e0o gi\u1eefa th\u00e1ng 4, lu\u0301c na\u0300y nho \u0111a\u0303 \u0111a\u0309m ba\u0309o v\u00ea\u0300 \u0111\u00f4\u0323 chi\u0301n, ma\u0300u s\u0103\u0301c cu\u0303ng nh\u01b0 c\u00e2\u0300n b\u0103\u0300ng v\u00ea\u0300 l\u01b0\u01a1\u0323ng \u0111\u01b0\u01a1\u0300ng va\u0300 axit co\u0301 trong tra\u0301i nho. Nho \u0111\u01b0\u1ee3c l\u1ef1a ch\u1ecdn r\u1ea5t k\u1ef9 c\u00e0ng, \u0111\u1ea3m b\u1ea3o an to\u00e0n trong nh\u00e0 m\u00e1y r\u01b0\u1ee3u v\u00e0 n\u01b0\u01a1\u0301c e\u0301p nho \u0111\u01b0\u01a1\u0323c l\u01b0u tr\u01b0\u0303 trong th\u00f9ng ch\u1ee9a b\u1eb1ng th\u00e9p kh\u00f4ng g\u1ec9. R\u01b0\u1ee3u vang tr\u1ea3i qua qu\u00e1 tr\u00ecnh l\u00ean men ch\u1eadm \u1edf nhi\u1ec7t \u0111\u1ed9 \u0111\u01b0\u1ee3c ki\u1ec3m so\u00e1t l\u00e0 18 \u00b0C. Sau \u0111\u00f3 r\u01b0\u1ee3u \u0111\u01b0\u1ee3c \u1ee7 trong th\u00f9ng g\u1ed7 s\u1ed3i Ph\u00e1p kho\u1ea3ng 10 th\u00e1ng. Ch\u00ednh\u00a0 qu\u00e3ng th\u1eddi gian n\u00e0y ma\u0300 h\u01b0\u01a1ng th\u01a1m t\u01b0\u0300 g\u1ed7 s\u1ed3i \u0111\u00e3 ng\u1ea5m v\u00e0o r\u01b0\u1ee3u l\u00e0m n\u00ean m\u00f9i th\u01a1m \u0111i theo m\u00e3i v\u1ec1 sau. \u00a0<\/span><\/p>\n<p><span style=\"font-family: arial, helvetica, sans-serif; font-size: 12pt; color: #000000;\">\u0110\u01b0\u1ee3c s\u1ea3n xu\u1ea5t b\u1eb1ng ph\u01b0\u01a1ng ph\u00e1p c\u00f4ng nghi\u1ec7p s\u1eed d\u1ee5ng nh\u01b0 m\u1ed9t d\u00f2ng vang u\u1ed1ng h\u00e0ng ng\u00e0y.\u00a0R\u01b0\u1ee3u vang Chateau Caroline mang l\u1ea1i nh\u1eefng h\u01b0\u01a1ng v\u1ecb t\u01b0\u01a1i m\u1edbi v\u1edbi nhi\u1ec1u s\u1ef1 tr\u1ebb trung, n\u0103ng \u0111\u1ed9ng. Nh\u1eefng tr\u00e1i nho \u0111\u01b0\u1ee3c l\u1ea5y l\u00e0m r\u01b0\u1ee3u \u0111\u1ec1u \u0111\u01b0\u1ee3c nh\u00e0 s\u1ea3n xu\u1ea5t quy ho\u1ea1ch c\u1ea9n th\u1eadn, h\u01b0\u1edbng t\u1edbi m\u1ed9t lo\u1ea1i r\u01b0\u1ee3u ch\u1ea5t l\u01b0\u1ee3ng mang th\u01b0\u01a1ng hi\u1ec7u \u0111\u1eb3ng c\u1ea5p.<\/span><\/p>\n<p><span style=\"font-family: arial, helvetica, sans-serif; font-size: 12pt; color: #000000;\"><span style=\"color: #800000;\"><strong>G\u1ee3i \u00fd th\u01b0\u1edfng th\u1ee9c:<\/strong><\/span> V\u1edbi \u0111\u1eb7c t\u00ednh d\u1eabn v\u00e0 d\u1ec5 k\u1ebft h\u1ee3p c\u1ee7a gi\u1ed1ng nho Cabernet Sauvignon, nh\u1eefng th\u1ef1c ph\u1ea9m c\u00f3 th\u1ec3 k\u1ebft h\u1ee3p \u0111\u01b0\u1ee3c v\u1edbi n\u00f3 r\u1ea5t \u0111a d\u1ea1ng. V\u00e0 \u0111\u1eb7c bi\u1ec7t n\u00f3 c\u00f3 kh\u1ea3 n\u0103ng \u00e1p \u0111\u1ea3o c\u00e1c m\u00f3n \u0103n nh\u1eb9 v\u00e0 tinh t\u1ebf. H\u00e0m l\u01b0\u1ee3ng tannin cao do v\u1eady kh\u00f4ng n\u00ean k\u1ebft h\u1ee3p c\u00f9ng c\u00e1c m\u00f3n \u0103n nhi\u1ec1u gia v\u1ecb cay l\u1ea1i khi\u1ebfn n\u1ed5i b\u1eadt s\u1ef1 \u0111\u1eafng c\u1ee7a tannin. <\/span><\/p>\n<p><span style=\"font-family: arial, helvetica, sans-serif; font-size: 12pt; color: #000000;\">Nh\u01b0ng c\u00e1c m\u00f3n \u0103n ch\u1ee9a \u00edt gia v\u1ecb nh\u01b0 h\u1ea1t ti\u00eau \u0111en l\u1ea1i l\u00e0m gi\u1ea3m s\u1ef1 nh\u1eadn th\u1ee9c c\u1ee7a tannin n\u00ean b\u1eaft c\u1eb7p v\u1edbi c\u00e1c m\u00f3n c\u1ed5 \u0111i\u1ec3n nh\u01b0 b\u00f2 b\u00edt t\u1ebft ho\u1eb7c c\u00e1 ng\u1eeb s\u1ebd ngon h\u01a1n.<\/span><\/p>\n<p>&nbsp;<\/p>\n","protected":false},"excerpt":{"rendered":"<p>Gi\u1edbi thi\u1ec7u v\u1ec1 r\u01b0\u1ee3u vang Chateau Caroline M\u1ed9t d\u00f2ng r\u01b0\u1ee3u v\u00f4 c\u00f9ng \u0111\u01a1n gia\u0309n va\u0300 c\u00f4\u0309 \u0111i\u00ea\u0309n \u0111\u1ebfn t\u1eeb th\u01b0\u01a1ng hi\u1ec7u Medoc &amp; Haut Medoc Ph\u00e1p, \u0111\u00f3 ch\u00ednh l\u00e0 r\u01b0\u1ee3u vang Chateau Caroline. Mang phong c\u00e1ch c\u1ee7a \u0111\u00e2\u0301t Pha\u0301p d\u00f2ng r\u01b0\u1ee3u\u00a0vang\u00a0\u0111\u1ecf Chateau\u00a0Caroline\u00a0na\u0300y c\u00f3 m\u00e0u \u0111\u1ecf ruby quy\u1ebfn r\u0169 \u0111\u01b0\u1ee3c s\u1ea3n xu\u1ea5t t\u1ea1i v\u00f9ng \u0111\u1ea5t n\u1ed5i [&hellip;]<\/p>\n","protected":false},"featured_media":2736,"comment_status":"open","ping_status":"closed","template":"","meta":[],"class_list":{"0":"post-2735","1":"product","2":"type-product","3":"status-publish","4":"has-post-thumbnail","6":"product_cat-ruou-vang-cao-cap","7":"product_cat-ruou-vang-phap","9":"first","10":"instock","11":"shipping-taxable","12":"purchasable","13":"product-type-simple"},"_links":{"self":[{"href":"http:\/\/winelove.vn\/9xweb\/index.php?rest_route=\/wp\/v2\/product\/2735"}],"collection":[{"href":"http:\/\/winelove.vn\/9xweb\/index.php?rest_route=\/wp\/v2\/product"}],"about":[{"href":"http:\/\/winelove.vn\/9xweb\/index.php?rest_route=\/wp\/v2\/types\/product"}],"replies":[{"embeddable":true,"href":"http:\/\/winelove.vn\/9xweb\/index.php?rest_route=%2Fwp%2Fv2%2Fcomments&post=2735"}],"wp:featuredmedia":[{"embeddable":true,"href":"http:\/\/winelove.vn\/9xweb\/index.php?rest_route=\/wp\/v2\/media\/2736"}],"wp:attachment":[{"href":"http:\/\/winelove.vn\/9xweb\/index.php?rest_route=%2Fwp%2Fv2%2Fmedia&parent=2735"}],"curies":[{"name":"wp","href":"https:\/\/api.w.org\/{rel}","templated":true}]}}