{"id":2743,"date":"2017-11-22T13:43:59","date_gmt":"2017-11-22T13:43:59","guid":{"rendered":"http:\/\/winelove.vn\/9xweb\/?post_type=product&#038;p=2743"},"modified":"2022-10-28T17:07:01","modified_gmt":"2022-10-28T10:07:01","slug":"chateauneut-du-pape","status":"publish","type":"product","link":"http:\/\/winelove.vn\/9xweb\/?product=chateauneut-du-pape","title":{"rendered":"R\u01b0\u1ee3u Vang Chateauneut Du Pape 5.4% ABV* &#8211; Vang Ph\u00e1p Th\u01b0\u1ee3ng H\u1ea1ng"},"content":{"rendered":"<h2><span style=\"font-family: arial, helvetica, sans-serif; font-size: 18pt; color: #800000;\">Gi\u1edbi thi\u1ec7u v\u1ec1 r\u01b0\u1ee3u vang Chateauneut Du Pape<\/span><\/h2>\n<p><span style=\"font-family: arial, helvetica, sans-serif; font-size: 12pt; color: #000000;\">Chateauneut-du-Pape l\u00e0 m\u1ed9t l\u00e0ng t\u1ea1i ph\u00eda nam Rhone Valley c\u1ee7a Ph\u00e1p \u0111\u00e3 c\u00f3 l\u1ecbch s\u1eed l\u00e2u \u0111\u1eddi v\u1ec1 s\u1ea3n xu\u1ea5t r\u01b0\u1ee3u vang. V\u00f9ng n\u00e0y n\u1ed5i ti\u1ebfng v\u1edbi d\u00f2ng <a href=\"http:\/\/winelove.vn\/9xweb\/danh-muc\/ruou-vang-phap\/\" target=\"_blank\" rel=\"noopener noreferrer\">vang \u0111\u1ecf Ph\u00e1p<\/a> cho h\u01b0\u01a1ng v\u1ecb m\u00e3nh li\u1ec7t v\u00e0 \u0111\u1eadm \u0111\u00e0, c\u1ea3m gi\u00e1c s\u00e2u l\u1eafng, l\u00e0m t\u1eeb ba gi\u1ed1ng nho truy\u1ec1n th\u1ed1ng ph\u00eda nam Rhone Valley \u0111\u00f3 l\u00e0: Grenache, Syrah v\u00e0 Mourvedre.<\/span><\/p>\n<p><span style=\"font-family: arial, helvetica, sans-serif; font-size: 12pt; color: #000000;\">R\u01b0\u1ee3u vang Chateauneut Du Pape v\u1edbi xu\u1ea5t x\u1ee9 t\u1eeb\u00a0Chateauneuf du pape v\u00f9ng\u00a0Rh\u00f4ne \u2013 Ph\u00e1p, l\u00e0 m\u1ed9t lo\u1ea1i r\u01b0\u1ee3u n\u1ed5i ti\u1ebfng, d\u1ec5 hi\u1ec3u v\u00e0 d\u1ec5 d\u00e0ng \u0111\u1ec3 \u0111\u00e1nh gi\u00e1 cao. Chinh ph\u1ee5c m\u1ecdi t\u1ea7ng l\u1edbp t\u1eeb\u00a0tr\u1ebb t\u1edbi\u00a0ng\u01b0\u1eddi gi\u00e0 &#8211;\u00a0\u0111\u00e0n \u00f4ng hay ph\u1ee5 n\u1eef \u0111\u1ebfn c\u00e1c chuy\u00ean gia th\u1eed <a href=\"http:\/\/winelove.vn\/9xweb\/\" target=\"_blank\" rel=\"noopener noreferrer\">n\u1ebfm\u00a0r\u01b0\u1ee3u vang<\/a> kh\u00f3 t\u00ednh nh\u1ea5t.<\/span><\/p>\n<p>&nbsp;<\/p>\n<h2><span style=\"font-family: arial, helvetica, sans-serif; font-size: 18pt; color: #800000;\">\u0110\u1eb7c \u0111i\u1ec3m c\u1ee7a r\u01b0\u1ee3u vang Pha\u0301p Chateauneut Du Pape<\/span><\/h2>\n<p><span style=\"font-family: arial, helvetica, sans-serif; font-size: 12pt; color: #000000;\">R\u01b0\u1ee3u \u0111\u01b0\u1ee3c l\u00e0m t\u1eeb b\u1ed9 ba gi\u1ed1ng nho:\u00a0Grenache, Syrah v\u00e0 Mourvedre. Grenache l\u00e0 gi\u1ed1ng nho \u201cho\u00e0ng \u0111\u1ebf\u201d trong c\u00e1c v\u01b0\u1eddn nho t\u1ea1i \u0111\u00e2y. N\u00f3 \u0111\u01b0\u1ee3c s\u1eed d\u1ee5ng \u0111\u1ec3 l\u00e0m t\u1ea5t c\u1ea3 c\u00e1c lo\u1ea1i r\u01b0\u1ee3u vang Chateauneut v\u1edbi t\u1ef7 l\u1ec7 kh\u00e1c nhau, nhi\u1ec1u chai vang c\u00f2n \u0111\u01b0\u1ee3c l\u00e0m ho\u00e0n to\u00e0n t\u1eeb nh\u1eefng gi\u1ed1ng nho n\u00e0y. C\u00e1c gi\u1ed1ng nho n\u1eb1m trong thung l\u0169ng Rhone, kh\u00ed h\u1eadu \u0110\u1ecba Trung H\u1ea3i l\u00e0 v\u1ecb tr\u00ed l\u00fd t\u01b0\u1edfng \u0111\u1ec3 nh\u1eefng c\u00e2y nho tr\u1ed3ng t\u1ea1i n\u01a1i \u0111\u00e2y cung c\u1ea5p tr\u00e1i mang h\u01b0\u01a1ng v\u1ecb \u0111\u1eb7c bi\u1ec7t nh\u1ea5t.<\/span><\/p>\n<p><span style=\"font-family: arial, helvetica, sans-serif; font-size: 12pt; color: #000000;\">Nho Grenache \u1edf \u0111\u00e2y c\u00f3 ch\u1ea5t l\u01b0\u1ee3ng t\u1ed1t h\u01a1n c\u00e1c v\u00f9ng kh\u00e1c c\u1ee7a Ph\u00e1p, g\u00f3p ph\u1ea7n t\u1ea1o n\u00ean v\u1ecb hoa qu\u1ea3 ch\u00edn \u0111\u1ecf h\u1ea5p d\u1eabn v\u00e0 n\u1ed3ng \u0111\u1ed9 c\u1ed3n cao. Sau Grenache th\u00ec nho Syrah v\u00e0 Mourvedre ph\u1ed5 bi\u1ebfn th\u1ee9 hai. Nho Syrah ph\u00e1t tri\u1ec3n t\u01b0\u01a1i t\u1ed1t h\u01a1n \u1edf nh\u1eefng khu v\u1ef1c c\u00f3 kh\u00ed h\u1eadu l\u1ea1nh, mang l\u1ea1i c\u1ea5u tr\u00fac s\u0103n ch\u1eafc v\u00e0 v\u1ecb tr\u00e1i c\u00e2y s\u1eabm m\u00e0u cho r\u01b0\u1ee3u vang. Ng\u01b0\u1ee3c l\u1ea1i, gi\u1ed1ng nho Mourvedre \u01b0a n\u1eafng v\u00e0 ch\u00edn mu\u1ed9n l\u1ea1i t\u1ecf ra c\u1ef1c k\u1ef3 th\u00edch h\u1ee3p v\u1edbi nh\u1eefng v\u00f9ng kh\u00f4 n\u00f3ng h\u01a1n.<\/span><\/p>\n<p><span style=\"font-family: arial, helvetica, sans-serif; font-size: 12pt; color: #000000;\">R\u01b0\u1ee3u vang Chateauneut Du Pape l\u00e0m t\u1eeb ba tr\u00e1i nho n\u00e0y c\u00f3 ma\u0300u \u0111\u1ecf Ruby \u0111\u00e2\u0323m b\u00f3ng th\u1ec3 hi\u1ec7n s\u1ef1 kho\u0309e kho\u1eafn, tr\u00f2n tr\u1ecba c\u1ee7a r\u01b0\u1ee3u. H\u01b0\u01a1ng v\u1ecb n\u1ed3ng n\u00e0n c\u1ee7a tr\u00e1i m\u00e2m x\u00f4i v\u00e0 hoa qu\u1ea3 ch\u00edn \u0111\u1ecf ph\u1ea3ng ph\u1ea5t v\u1ecb \u0111\u1eafng s\u00f4-c\u00f4-la nh\u1eb9 nh\u00e0ng. H\u01b0\u01a1ng v\u1ecb \u0111\u1eadm \u0111\u00e0 c\u1ee7a gia v\u1ecb, ti\u00eau \u0111en v\u00e0 m\u1eadn ch\u00edn.\u00a0Lo\u1ea1i\u00a0vang\u00a0n\u00e0y \u0111\u1ea1t \u0111\u01b0\u1ee3c \u0111\u1ebfn s\u1ef1 tuy\u1ec7t h\u1ea3o b\u1edfi d\u01b0 v\u1ecb m\u1ea1nh m\u1ebd s\u00e2u l\u1eafng\u00a0v\u00e0 b\u1ec1n b\u1ec9.<\/span><\/p>\n<p><span style=\"font-family: arial, helvetica, sans-serif; font-size: 12pt; color: #000000;\">R\u01b0\u1ee3u c\u00f3 n\u1ed3ng \u0111\u1ed9 14%vol cho 750ml. \u0110\u00e2y l\u00e0 n\u1ed3ng \u0111\u1ed9 trung b\u00ecnh, kh\u00e1 d\u1ec5 u\u1ed1ng. D\u00f9ng r\u01b0\u1ee3u vang Chateauneut Du Pape \u0111\u1ec3 b\u1eaft \u0111\u1ea7u b\u1eefa tr\u01b0a l\u00e0 m\u1ed9t \u00fd t\u01b0\u1edfng tuy\u1ec7t v\u1eddi. Chai vang n\u00e0y ph\u00f9 h\u1ee3p v\u1edbi c\u00e1c lo\u1ea1i th\u1ecbt \u0111\u1ecf nh\u01b0 th\u1ecbt b\u00f2, th\u1ecbt l\u1ee3n, phomai, b\u00e1nh m\u00ec v\u1edbi n\u01b0\u1edbc s\u1ed1t hay c\u00e1c m\u00f3n \u0103n m\u00e0 b\u1ea1n th\u00edch.<\/span><\/p>\n<p>&nbsp;<\/p>\n<h2><span style=\"font-family: arial, helvetica, sans-serif; font-size: 18pt; color: #800000;\">C\u00e1ch l\u00e0m r\u01b0\u1ee3u vang Chateauneut Du Pape<\/span><\/h2>\n<p><span style=\"font-family: arial, helvetica, sans-serif; font-size: 12pt; color: #000000;\">Nho \u0111\u01b0\u1ee3c thu ho\u1ea1ch ho\u00e0n to\u00e0n b\u1eb1ng tay sau \u0111\u00f3 ph\u1ea3i qua l\u1ef1a ch\u1ecdn k\u1ef9 c\u00e0ng, \u00a0b\u1ecf cu\u1ed1ng r\u1ed3i m\u1edbi \u0111em ng\u00e2m.\u00a0Sau \u0111\u00f3 \u0111\u01b0\u1ee3c \u1ee7 kh\u00f4ng t\u00e1ch v\u1ecf \u0111\u1ec3 gi\u00fap h\u01b0\u01a1ng vi\u0323 c\u00f3 c\u1ea5u tr\u00fac t\u1ed1t h\u01a1n. T\u1eebng lo\u1ea1i nho \u0111\u01b0\u1ee3c ng\u00e2m v\u00e0 \u1ee7 trong nh\u1eefng th\u00f9ng ri\u00eang. Qu\u00e1 tr\u00ecnh x\u1eed l\u00ed ri\u00eang bi\u1ec7t n\u00e0y k\u00e9o d\u00e0i t\u1eeb 1-3 n\u0103m t\u00f9y gi\u1ed1ng nho \u0111\u1ec3 t\u1ea1o ra nguy\u00ean li\u1ec7u cho quy tr\u00ecnh pha tr\u1ed9n sau \u0111\u00f3. Th\u1eddi gian \u1ee7 trung b\u00ecnh c\u1ee7a lo\u1ea1i r\u01b0\u1ee3u n\u00e0y l\u00e0 1 n\u0103m. <\/span><\/p>\n<p><span style=\"font-family: arial, helvetica, sans-serif; font-size: 12pt; color: #000000;\">Nh\u00e0 s\u1ea3n xu\u1ea5t \u0111\u00e3 s\u1eed d\u1ee5ng k\u0129 thu\u1eadt ch\u1ecdn l\u1ecdc v\u00e0 pha tr\u1ed9n \u0111\u1eb7c bi\u1ec7t \u0111\u1ec3 \u0111\u1ea3m b\u1ea3o h\u01b0\u01a1ng v\u1ecb r\u01b0\u1ee3u vang Chateauneut Du Pape sau khi pha tr\u1ed9n \u0111\u01b0\u1ee3c \u0111\u1ed3ng nh\u1ea5t v\u00e0 v\u1eabn th\u1ec3 hi\u1ec7n \u0111\u01b0\u1ee3c nh\u1eefng \u0111\u1eb7c \u0111i\u1ec3m n\u1ed5i b\u1eadt c\u1ee7a t\u1eebng lo\u1ea1i nho nguy\u00ean li\u1ec7u. K\u1ef9 thu\u1eadt pha tr\u1ed9n nhi\u1ec1u nho ph\u1ee9c t\u1ea1p t\u1ea1o ra\u00a0m\u1ed9t c\u1ea3m gi\u00e1c tr\u01b0\u1edfng th\u00e0nh,\u00a0m\u01b0\u1ee3t m\u00e0 h\u01a1n m\u1ed9t Ch\u00e2teauneut c\u1ed5 \u0111i\u1ec3n. R\u01b0\u1ee3u \u0111\u01b0\u1ee3c \u0111\u00f3ng chai ho\u00e0n ch\u1ec9nh t\u1ea1i h\u00e3ng\u00a0\u0111\u1ec3 c\u00e1c b\u1ea1n c\u00f3 th\u1ec3 t\u1eadn h\u01b0\u1edfng n\u00f3 t\u1eeb th\u1eddi \u0111i\u1ec3m b\u1ea1n mua n\u00f3 hay nh\u1eadn n\u00f3 nh\u01b0 l\u00e0 m\u1ed9t m\u00f3n qu\u00e0.<\/span><\/p>\n","protected":false},"excerpt":{"rendered":"<p>Gi\u1edbi thi\u1ec7u v\u1ec1 r\u01b0\u1ee3u vang Chateauneut Du Pape Chateauneut-du-Pape l\u00e0 m\u1ed9t l\u00e0ng t\u1ea1i ph\u00eda nam Rhone Valley c\u1ee7a Ph\u00e1p \u0111\u00e3 c\u00f3 l\u1ecbch s\u1eed l\u00e2u \u0111\u1eddi v\u1ec1 s\u1ea3n xu\u1ea5t r\u01b0\u1ee3u vang. V\u00f9ng n\u00e0y n\u1ed5i ti\u1ebfng v\u1edbi d\u00f2ng vang \u0111\u1ecf Ph\u00e1p cho h\u01b0\u01a1ng v\u1ecb m\u00e3nh li\u1ec7t v\u00e0 \u0111\u1eadm \u0111\u00e0, c\u1ea3m gi\u00e1c s\u00e2u l\u1eafng, l\u00e0m t\u1eeb ba gi\u1ed1ng [&hellip;]<\/p>\n","protected":false},"featured_media":2744,"comment_status":"open","ping_status":"closed","template":"","meta":[],"class_list":{"0":"post-2743","1":"product","2":"type-product","3":"status-publish","4":"has-post-thumbnail","6":"product_cat-ruou-vang-cao-cap","7":"product_cat-ruou-vang-phap","9":"first","10":"instock","11":"shipping-taxable","12":"purchasable","13":"product-type-simple"},"_links":{"self":[{"href":"http:\/\/winelove.vn\/9xweb\/index.php?rest_route=\/wp\/v2\/product\/2743"}],"collection":[{"href":"http:\/\/winelove.vn\/9xweb\/index.php?rest_route=\/wp\/v2\/product"}],"about":[{"href":"http:\/\/winelove.vn\/9xweb\/index.php?rest_route=\/wp\/v2\/types\/product"}],"replies":[{"embeddable":true,"href":"http:\/\/winelove.vn\/9xweb\/index.php?rest_route=%2Fwp%2Fv2%2Fcomments&post=2743"}],"wp:featuredmedia":[{"embeddable":true,"href":"http:\/\/winelove.vn\/9xweb\/index.php?rest_route=\/wp\/v2\/media\/2744"}],"wp:attachment":[{"href":"http:\/\/winelove.vn\/9xweb\/index.php?rest_route=%2Fwp%2Fv2%2Fmedia&parent=2743"}],"curies":[{"name":"wp","href":"https:\/\/api.w.org\/{rel}","templated":true}]}}