{"id":2813,"date":"2017-11-22T15:11:25","date_gmt":"2017-11-22T15:11:25","guid":{"rendered":"http:\/\/winelove.vn\/9xweb\/?post_type=product&#038;p=2813"},"modified":"2023-05-08T04:15:18","modified_gmt":"2023-05-07T21:15:18","slug":"charles-westler-cuvee-prestige","status":"publish","type":"product","link":"http:\/\/winelove.vn\/9xweb\/?product=charles-westler-cuvee-prestige","title":{"rendered":"R\u01b0\u1ee3u Vang N\u00f4\u0309 Charles Westler Cuv\u00e9e Prestige 5.4% ABV* &#8211; Vang N\u1ed5 Ph\u00e1p Cao C\u1ea5p"},"content":{"rendered":"<h2><span style=\"font-family: arial, helvetica, sans-serif; font-size: 18pt; color: #800000;\">Gi\u1edbi thi\u1ec7u r\u01b0\u1ee3u vang n\u00f4\u0309 Charles Westler Cuv\u00e9e Prestige<\/span><\/h2>\n<p><span style=\"font-family: arial, helvetica, sans-serif; font-size: 12pt; color: #000000;\">\u0110\u1ea5t n\u01b0\u1edbc Ph\u00e1p xinh \u0111\u1eb9p lu\u00f4n l\u00e0 \u0111i\u1ec3m \u0111\u1ebfn l\u00ed t\u01b0\u1edfng cho nh\u1eefng ai \u0111am m\u00ea kh\u00e1m ph\u00e1 v\u00e0 y\u00eau th\u00edch b\u1ea7u kh\u00f4ng kh\u00ed l\u00e3ng m\u1ea1n. Trong s\u1ed1 v\u00f4 v\u00e0n nh\u1eefng \u0111i\u1ec1u t\u1ea1o n\u00ean s\u1ee9c h\u00fat \u0111\u1eb7c bi\u1ec7t c\u1ee7a Ph\u00e1p, s\u1ebd th\u1eadt l\u00e0 m\u1ed9t s\u1ef1 thi\u1ebfu s\u00f3t l\u1edbn khi ch\u00fang ta kh\u00f4ng nh\u1eafc t\u1edbi r\u01b0\u1ee3u vang n\u00f4\u0309. Ph\u00e1p c\u00f3 n\u1ec1n c\u00f4ng nghi\u1ec7p s\u1ea3n xu\u1ea5t\u00a0 r\u01b0\u1ee3u vang \u0111\u00e1ng t\u1ef1 h\u00e0o c\u1ea3 v\u1ec1 s\u1ea3n l\u01b0\u1ee3ng ch\u1ea5t l\u01b0\u1ee3ng h\u1ea3o h\u1ea1ng. <\/span><\/p>\n<p><span style=\"font-family: arial, helvetica, sans-serif; font-size: 12pt; color: #000000;\">N\u1ebfu nh\u01b0 vang \u0111\u1ecf g\u1ee3i cho ta s\u1ef1 sang tr\u1ecdng, \u0111\u1eb3ng c\u1ea5p v\u1edbi h\u01b0\u01a1ng v\u1ecb n\u1ed3ng n\u00e0n, th\u00ec s\u1ef1 tr\u1ebb trung \u0111\u1ea7y tr\u00e0n n\u0103ng l\u01b0\u1ee3ng l\u1ea1i l\u00e0 \u0111i\u1ec3m m\u1ea1nh c\u1ee7a c\u1ee7a d\u00f2ng r\u01b0\u1ee3u vang n\u00f4\u0309. Charles Westler Cuv\u00e9e Prestige l\u00e0 m\u1ed9t d\u00f2ng vang n\u00f4\u0309 n\u1ed5i b\u1eadt, nh\u1eadn \u0111\u01b0\u1ee3c s\u1ef1 y\u00eau th\u00edch c\u1ee7a \u0111\u00f4ng \u0111\u1ea3o \u0111\u1ed1i t\u01b0\u1ee3ng th\u01b0\u1edfng th\u1ee9c.<\/span><\/p>\n<p><span style=\"font-family: arial, helvetica, sans-serif; font-size: 12pt; color: #000000;\">Tr\u1ea3i d\u00e0i \u0111\u1ea5t n\u01b0\u1edbc Ph\u00e1p r\u1ed9ng l\u1edbn l\u00e0 c\u00e1c v\u00f9ng tr\u1ed3ng nho c\u00f3 ni\u00ean \u0111\u1ea1i l\u00e2u n\u0103m. Gi\u1ed1ng nho Blend \u0111\u01b0\u1ee3c tr\u1ed3ng tr\u00ean \u0111\u1ea5t c\u00e1t, v\u1edbi s\u1ef1 \u00a0m\u1ec1m d\u1ebbo v\u1ed1n c\u00f3 \u0111\u01b0\u1ee3c c\u00e2n b\u1eb1ng khi g\u1eafn k\u1ebft v\u1edbi c\u00e1c gia v\u1ecb kh\u00e1c t\u1ea1o n\u00ean m\u1ed9t ch\u1ec9nh th\u1ec3 r\u01b0\u1ee3u <a href=\"http:\/\/winelove.vn\/9xweb\/danh-muc\/ruou-vang-phap\/\" target=\"_blank\" rel=\"noopener noreferrer\">vang Ph\u00e1p<\/a> ho\u00e0n ch\u1ec9nh v\u00e0 thu h\u00fat. M\u00f9i th\u01a1m \u0111\u1eadm n\u00e9t \u0111\u1ec3 l\u1ea1i nhi\u1ec1u d\u01b0 v\u1ecb ph\u1ee9c h\u1ee3p v\u00e0 s\u1ef1 k\u1ebft tinh t\u1eeb nh\u1eefng tr\u00e1i nho chuy\u00ean d\u00f9ng s\u1ea3n xu\u1ea5t r\u01b0\u1ee3u vang tr\u1eafng khi\u1ebfn d\u00f2ng vang Charles Westler (Cuv\u00e9e Prestige) tr\u1edf n\u00ean \u00e2\u0301n t\u01b0\u1ee3ng h\u01a1n bao gi\u1edd h\u1ebft.<\/span><\/p>\n<p>&nbsp;<\/p>\n<h2><span style=\"font-family: arial, helvetica, sans-serif; font-size: 18pt; color: #800000;\">\u0110\u1eb7c \u0111i\u1ec3m r\u01b0\u1ee3u vang n\u00f4\u0309 Charles Westler Cuv\u00e9e Prestige<\/span><\/h2>\n<p><span style=\"font-family: arial, helvetica, sans-serif; font-size: 12pt; color: #000000;\">Champagne Charles Westler l\u00e0 m\u1ed9t lo\u1ea1i r\u01b0\u1ee3u vang n\u1ed5 \u0111\u01b0\u1ee3c s\u1ea3n xu\u1ea5t t\u1eeb nh\u1eefng tr\u00e1i nho Blend t\u1ed1t nh\u1ea5t trong nh\u1eefng v\u01b0\u1eddn nho c\u1ee7a thung l\u0169ng Marne n\u01b0\u1edbc Ph\u00e1p. R\u01b0\u1ee3u c\u00f3 m\u00e0u tr\u1eafng, s\u00e1ng l\u00ean \u00e1nh v\u00e0ng l\u1ea5p l\u00e1nh nh\u01b0 nh\u1eefng tia n\u1eafng ban mai tinh khi\u1ebft. C\u1ea3m quan \u0111\u1ea7u ti\u00ean khi ta \u0111\u1ec3 Champagne Charles Westler ti\u1ebfp x\u00fac v\u1edbi v\u1ecb gi\u00e1c ch\u00ednh l\u00e0 v\u1ecb ng\u1ecdt nh\u1eb9 v\u00e0 thanh, d\u1ecbu d\u00e0ng c\u00f9ng v\u1edbi n\u1ed3ng \u0111\u1ed9 axit th\u1ea5p khi\u1ebfn ng\u01b0\u1eddi th\u01b0\u1edfng th\u1ee9c c\u1ea3m th\u1ea5y th\u01b0 gi\u00e3n, v\u00f4 c\u00f9ng d\u1ec5 ch\u1ecbu. <\/span><\/p>\n<p><span style=\"font-family: arial, helvetica, sans-serif; font-size: 12pt; color: #000000;\">D\u00f2ng Champagne Cao C\u1ea5p n\u00e0y nh\u01b0 m\u00f3n qu\u00e0 c\u1ee7a thi\u00ean nhi\u00ean khi n\u00f3 mang t\u1edbi cho ng\u01b0\u1eddi th\u01b0\u1edfng th\u1ee9c h\u01b0\u01a1ng v\u1ecb hoa qu\u1ea3 c\u1ee7a t\u00e1o, l\u00ea nh\u1eb9 nh\u00e0ng xen l\u1eabn ta\u0323o n\u00ean h\u01b0\u01a1ng vi\u0323 m\u1ed9c m\u1ea1c. L\u01b0\u1ee3ng axit malic \u0111\u00e3 \u0111\u01b0\u1ee3c chuy\u1ec3n h\u00f3a th\u00e0nh axit lactic m\u1ec1m m\u1ea1i h\u01a1n v\u00e0 \u0111\u00e2y c\u00f3 th\u1ec3 coi l\u00e0 m\u1ed9t \u0111i\u1ec3m c\u1ed9ng l\u1edbn c\u1ee7a r\u01b0\u1ee3u vang Champagne Charles Westler khi v\u1eabn \u0111\u1ea3m b\u1ea3o h\u01b0\u01a1ng v\u1ecb \u0111\u1eb7c bi\u1ec7t v\u00e0 v\u1eabn t\u1ea1o \u0111\u01b0\u1ee3c s\u1ef1 tho\u1ea3i m\u00e1i \u0111\u1ed1i v\u1edbi ng\u01b0\u1eddi d\u00f9ng.<\/span><\/p>\n<p><span style=\"font-family: arial, helvetica, sans-serif; font-size: 12pt; color: #000000;\">R\u01b0\u1ee3u vang n\u00f4\u0309 Charles Westler Cuv\u00e9e Prestige l\u00e0 g\u1ee3i \u00fd th\u00fa v\u1ecb cho c\u00e1c b\u1eefa ti\u1ec7c \u1ea5m cu\u0301ng, vui v\u1ebb b\u00ean ng\u01b0\u1eddi th\u00e2n v\u00e0 b\u1ea1n b\u00e8. Ch\u00fang \u0111\u01b0\u1ee3c khuy\u1ebfn kh\u00edch \u01b0\u1edbp l\u1ea1nh trong \u0111\u00e1 m\u1ed9t th\u1eddi gian tr\u01b0\u1edbc khi d\u00f9ng \u0111\u1ec3 \u0111\u1ea1t \u0111\u01b0\u1ee3c ch\u1ea5t l\u01b0\u1ee3ng t\u1ed1t nh\u1ea5t v\u1ec1 h\u01b0\u01a1ng v\u1ecb. D\u00f2ng r\u01b0\u1ee3u vang n\u00e0y v\u00f4 c\u00f9ng ph\u00f9 h\u1ee3p khi \u0111\u01b0\u1ee3c d\u00f9ng c\u00f9ng c\u00e1c m\u00f3n \u0103n ch\u1ebf bi\u1ebfn t\u1eeb h\u1ea3i s\u1ea3n.<\/span><\/p>\n<p>&nbsp;<\/p>\n<h2><span style=\"font-family: arial, helvetica, sans-serif; font-size: 18pt; color: #800000;\">Quy tr\u00ecnh s\u1ea3n xu\u1ea5t r\u01b0\u1ee3u vang n\u00f4\u0309 Charles Westler Cuv\u00e9e Prestige<\/span><\/h2>\n<p><span style=\"font-family: arial, helvetica, sans-serif; font-size: 12pt; color: #000000;\">Nh\u1eefng ng\u01b0\u1eddi th\u1ee3 l\u00e0nh ngh\u1ec1 ti\u1ebfn h\u00e0nh thu ho\u1ea1ch nho Blend t\u1eeb nh\u1eefng v\u01b0\u1eddn nho c\u1ee7a thung l\u0169ng Marne n\u01b0\u1edbc Ph\u00e1p v\u00e0o th\u1eddi \u0111i\u1ec3m ch\u00fang \u0111\u1ea1t ch\u1ea5t l\u01b0\u1ee3ng t\u1ed1t nh\u1ea5t v\u1ec1 m\u00e0u s\u1eafc, m\u00f9i v\u1ecb, h\u01b0\u01a1ng th\u01a1m&#8230; Nh\u1eefng tr\u00e1i nho \u0111\u01b0\u1ee3c thu ho\u1ea1ch b\u1eb1ng ph\u01b0\u01a1ng ph\u00e1p th\u1ee7 c\u00f4ng h\u1ebft s\u1ee9c c\u1ea9n th\u1eadn, t\u1ec9 m\u1ec9. Nho sau khi \u0111\u01b0\u1ee3c s\u01a1 ch\u1ebf s\u1ebd \u0111\u01b0\u1ee3c \u00e9p l\u1ea5y n\u01b0\u1edbc v\u00e0 tr\u1ea3i qua qu\u00e1 tr\u00ecnh l\u00ean men d\u01b0\u1edbi s\u1ef1 gi\u00e1m s\u00e1t nghi\u00eam ng\u1eb7t. Lo\u1ea1i r\u01b0\u1ee3u n\u00e0y \u0111\u01b0\u1ee3c l\u00ean men t\u1eeb ph\u01b0\u01a1ng ph\u00e1p cacbonat h\u00f3a hai l\u1ea7n trong c\u00e1c th\u00f9ng g\u1ed7 s\u1ed3i k\u00edn. <\/span><\/p>\n<p><span style=\"font-family: arial, helvetica, sans-serif; font-size: 12pt; color: #000000;\">Cu\u1ed1i c\u00f9ng, r\u01b0\u1ee3u s\u1ebd \u0111\u01b0\u1ee3c \u1ee7 trong nh\u1eefng th\u00f9ng g\u1ed7 s\u1ed3i Ph\u00e1p trong m\u1ed9t kho\u1ea3ng th\u1eddi gian d\u00e0i tr\u01b0\u1edbc khi \u0111\u1ebfn v\u1edbi ng\u01b0\u1eddi th\u01b0\u1edfng th\u1ee9c tr\u00ean to\u00e0n th\u1ebf gi\u1edbi. T\u1ea5t c\u1ea3 c\u00e1c kh\u00e2u trong qu\u00e1 tr\u00ecnh s\u1ea3n xu\u1ea5t r\u01b0\u1ee3u vang tr\u1eafng Charles Westler (Cuv\u00e9e Prestige) \u0111\u1ec1u \u0111\u01b0\u1ee3c ti\u1ebfn h\u00e0nh d\u01b0\u1edbi s\u1ef1 gi\u00e1m s\u00e1t nghi\u00eam ng\u1eb7t v\u00e0 t\u1ec9 m\u1ec9.<\/span><\/p>\n","protected":false},"excerpt":{"rendered":"<p>Gi\u1edbi thi\u1ec7u r\u01b0\u1ee3u vang n\u00f4\u0309 Charles Westler Cuv\u00e9e Prestige \u0110\u1ea5t n\u01b0\u1edbc Ph\u00e1p xinh \u0111\u1eb9p lu\u00f4n l\u00e0 \u0111i\u1ec3m \u0111\u1ebfn l\u00ed t\u01b0\u1edfng cho nh\u1eefng ai \u0111am m\u00ea kh\u00e1m ph\u00e1 v\u00e0 y\u00eau th\u00edch b\u1ea7u kh\u00f4ng kh\u00ed l\u00e3ng m\u1ea1n. Trong s\u1ed1 v\u00f4 v\u00e0n nh\u1eefng \u0111i\u1ec1u t\u1ea1o n\u00ean s\u1ee9c h\u00fat \u0111\u1eb7c bi\u1ec7t c\u1ee7a Ph\u00e1p, s\u1ebd th\u1eadt l\u00e0 m\u1ed9t s\u1ef1 thi\u1ebfu [&hellip;]<\/p>\n","protected":false},"featured_media":2814,"comment_status":"open","ping_status":"closed","template":"","meta":[],"class_list":{"0":"post-2813","1":"product","2":"type-product","3":"status-publish","4":"has-post-thumbnail","6":"product_cat-ruou-vang-cao-cap","7":"product_cat-ruou-vang-phap","9":"first","10":"instock","11":"shipping-taxable","12":"purchasable","13":"product-type-simple"},"_links":{"self":[{"href":"http:\/\/winelove.vn\/9xweb\/index.php?rest_route=\/wp\/v2\/product\/2813"}],"collection":[{"href":"http:\/\/winelove.vn\/9xweb\/index.php?rest_route=\/wp\/v2\/product"}],"about":[{"href":"http:\/\/winelove.vn\/9xweb\/index.php?rest_route=\/wp\/v2\/types\/product"}],"replies":[{"embeddable":true,"href":"http:\/\/winelove.vn\/9xweb\/index.php?rest_route=%2Fwp%2Fv2%2Fcomments&post=2813"}],"wp:featuredmedia":[{"embeddable":true,"href":"http:\/\/winelove.vn\/9xweb\/index.php?rest_route=\/wp\/v2\/media\/2814"}],"wp:attachment":[{"href":"http:\/\/winelove.vn\/9xweb\/index.php?rest_route=%2Fwp%2Fv2%2Fmedia&parent=2813"}],"curies":[{"name":"wp","href":"https:\/\/api.w.org\/{rel}","templated":true}]}}