{"id":2914,"date":"2017-11-23T15:46:44","date_gmt":"2017-11-23T15:46:44","guid":{"rendered":"http:\/\/winelove.vn\/9xweb\/?post_type=product&#038;p=2914"},"modified":"2023-05-08T22:47:25","modified_gmt":"2023-05-08T15:47:25","slug":"valdivieso-caballo-loco-number-fifteen","status":"publish","type":"product","link":"http:\/\/winelove.vn\/9xweb\/?product=valdivieso-caballo-loco-number-fifteen","title":{"rendered":"R\u01b0\u1ee3u Vang Valdivieso Caballo Loco Number Fifteen 5.4% ABV* &#8211; Vang Chile Ngon"},"content":{"rendered":"<h2><span style=\"font-family: arial, helvetica, sans-serif; font-size: 18pt; color: #800000;\">Gi\u1edbi thi\u1ec7u r\u01b0\u1ee3u vang Valdivieso Caballo Loco Number Fifteen<\/span><\/h2>\n<p><span style=\"font-family: arial, helvetica, sans-serif; font-size: 12pt; color: #000000;\">R\u01b0\u1ee3u vang Valdivieso Caballo Loco Number Fifteen \u2013 H\u01b0\u01a1ng v\u1ecb vang m\u1ea1nh m\u1ebd \u0111\u1ebfn t\u1eeb Chile m\u00ea ho\u1eb7c nh\u1eefng ng\u01b0\u1eddi s\u00e0nh vang ngay t\u1eeb c\u00e1i nh\u00ecn \u0111\u1ea7u ti\u00ean, r\u01b0\u1ee3u vang Valdivieso Caballo Loco Number Fifteen g\u00e2y \u1ea5n t\u01b0\u1ee3ng v\u1edbi v\u1ecb vang m\u1ea1nh m\u1ebd, l\u00e0 m\u1ed9t trong nh\u1eefng c\u00e1i t\u00ean \u0111\u1ea1i di\u1ec7n cho <a href=\"http:\/\/winelove.vn\/9xweb\/danh-muc\/ruou-vang-chile\/\" target=\"_blank\" rel=\"noopener noreferrer\">r\u01b0\u1ee3u vang T\u00e2n Th\u1ebf Gi\u1edbi Chile<\/a> vang danh th\u1ebf gi\u1edbi.<\/span><\/p>\n<p><span style=\"font-family: arial, helvetica, sans-serif; font-size: 12pt; color: #000000;\">Chai <a href=\"http:\/\/winelove.vn\/9xweb\/\" target=\"_blank\" rel=\"noopener noreferrer\">r\u01b0\u1ee3u vang tuy\u1ec7t h\u1ea3o<\/a> n\u00e0y \u0111\u01b0\u1ee3c l\u00e0m t\u1eeb nh\u1eefng tra\u0301i nho Cabernet Sauvignon ch\u1ea5t l\u01b0\u1ee3ng cao c\u1ee7a nh\u1eefng c\u00e2y nho tu\u1ed5i th\u1ecd trung b\u00ecnh tr\u00ean 40 n\u0103m, \u0111\u01b0\u1ee3c thu ho\u1ea1ch ho\u00e0n to\u00e0n b\u1eb1ng tay v\u00e0 ch\u1ecdn l\u1ef1a k\u1ef9.\u00a0<\/span><\/p>\n<p><span style=\"font-family: arial, helvetica, sans-serif; font-size: 12pt; color: #000000;\">Ngu\u1ed3n nguy\u00ean li\u1ec7u th\u01b0\u1ee3ng h\u1ea1ng k\u1ebft h\u1ee3p v\u1edbi ph\u01b0\u01a1ng ph\u00e1p \u1ee7 r\u01b0\u1ee3u b\u00ed truy\u1ec1n c\u1ee7a thung l\u0169ng Maipo n\u1ed5i ti\u1ebfng c\u1ee7a Chile, r\u01b0\u1ee3u vang Valdivieso Caballo Loco Number Fifteen ra \u0111\u1eddi l\u00e0 s\u1ef1 k\u1ebft h\u1ee3p ho\u00e0n h\u1ea3o c\u1ee7a nh\u1eefng g\u00ec tinh hoa nh\u1ea5t.<\/span><\/p>\n<p>&nbsp;<\/p>\n<h2><span style=\"font-family: arial, helvetica, sans-serif; font-size: 18pt; color: #800000;\">\u0110\u1eb7c \u0111i\u1ec3m c\u1ee7a r\u01b0\u1ee3u vang Valdivieso Caballo Loco Number Fifteen<\/span><\/h2>\n<p><span style=\"font-family: arial, helvetica, sans-serif; font-size: 12pt; color: #000000;\">Chai r\u01b0\u1ee3u n\u00e0y kh\u00f4ng mang t\u00ean c\u1ee7a m\u1ed9t ni\u00ean v\u1ee5 nho c\u1ee5 th\u1ec3 m\u00e0 mang t\u00ean m\u1ed9t con s\u1ed1, m\u1ed7i phi\u00ean b\u1ea3n l\u00e0 duy nh\u1ea5t, ch\u1ee9a 50% c\u1ee7a m\u00f9a nho hi\u1ec7n t\u1ea1i v\u00e0 50% c\u1ee7a c\u00e1c m\u00f9a nho tr\u01b0\u1edbc, \u0111\u01b0\u1ee3c gi\u1eef l\u1ea1i \u0111\u1ec3 pha tr\u1ed9n th\u00e0nh c\u00e1c chai Caballo Loco N\u00b015.<\/span><\/p>\n<p><span style=\"font-family: arial, helvetica, sans-serif; font-size: 12pt; color: #000000;\">R\u01b0\u1ee3u\u00a0vang\u00a0Valdivieso Caballo Loco\u00a0c\u1ea5p \u0111\u1ed9 Grand Cru l\u00e0 m\u1ed9t trong nh\u1eefng s\u1ea3n ph\u1ea9m c\u00f3 c\u1ea5p \u0111\u1ed9 cao c\u1ee7a\u00a0Valdivieso, \u0111\u01b0\u1ee3c l\u00e0m t\u1eeb gi\u1ed1ng nho Cabernet Sauvignon. V\u1ed1n m\u1ea1nh m\u1ebd c\u00e1 t\u00ednh \u0111\u01b0\u1ee3c v\u00ed nh\u01b0 ng\u01b0\u1eddi \u0111\u00e0n \u00f4ng l\u1ef1c l\u01b0\u1ee1ng v\u00e0 \u0111\u01b0\u1ee3c ch\u1ecdn l\u1ecdc nh\u1eefng tr\u00e1i nho ngon nh\u1ea5t tr\u00ean c\u00e2y. R\u01b0\u1ee3u c\u00f3 m\u00e0u: \u0111\u1ecf \u0111\u1eadm cu\u1ed1n h\u00fat v\u1edbi m\u00f9i\u00a0 \u0111\u01b0\u1ee3c t\u1ea1o n\u00ean t\u1eeb ph\u1ee9c h\u1ee3p v\u1edbi h\u01b0\u01a1ng th\u01a1m r\u1ea5t \u0111\u1eadm. H\u01b0\u01a1ng qu\u1ea3 ch\u00edn m\u1ecdng, d\u00e2u \u0111en, anh \u0111\u00e0o \u0111en, tho\u1ea3ng h\u01b0\u01a1ng ti\u00eau \u0111en, qu\u1ebf, c\u00e0 ph\u00ea v\u00e0 ph\u1ea3ng ph\u1ea5t ch\u00fat h\u01b0\u01a1ng tinh d\u1ea7u b\u1ea1c h\u00e0 h\u00f2a quy\u1ec7n v\u1edbi vani ng\u1ecdt ng\u00e0o.<\/span><\/p>\n<p><span style=\"font-family: arial, helvetica, sans-serif; font-size: 12pt; color: #000000;\">C\u1ea5u tr\u00fac ch\u1eb7t ch\u1ebd, v\u1ecb tannin m\u1ec1m m\u1ecbn, acid d\u1ecbu l\u00e0 k\u1ebft qu\u1ea3 sau qu\u00e1 tr\u00ecnh l\u00ean men v\u00e0 tr\u01b0\u1edfng th\u00e0nh.\u00a0V\u1edbi l\u01b0\u1ee3ng tannin cao v\u00e0 nhi\u1ec1u vi l\u01b0\u1ee3ng kho\u00e1ng ch\u1ea5t l\u00e0m cho chai r\u01b0\u1ee3u vang\u00a0Valdivieso Caballo Loco\u00a0mang kh\u1ea9u v\u1ecb\u00a0\u0111\u1eadm \u0111\u00e0, c\u00e1 t\u00ednh nh\u01b0ng c\u0169ng r\u1ea5t m\u1ec1m m\u1ea1i v\u1ec1 sau, h\u1eadu v\u1ecb k\u00e9o d\u00e0i. Trong l\u00fac nh\u00e2m nhi t\u1eebng ng\u1ee5m s\u1ebd th\u1ea5y r\u1ea5t b\u1ea5t ng\u1edd v\u00e0 th\u00fa v\u1ecb b\u1edfi h\u01b0\u01a1ng v\u1ecb v\u00e0 kh\u1ea9u v\u1ecb c\u1ee7a n\u00f3.<\/span><\/p>\n<p><span style=\"font-family: arial, helvetica, sans-serif; font-size: 12pt; color: #000000;\">R\u01b0\u1ee3u\u00a0vang\u00a0Valdivieso Caballo Loco c\u00f3 n\u1ed3ng \u0111\u1ed9 14.5% d\u00e0nh cho nh\u1eefng qu\u00fd \u00f4ng phong \u0111\u1ed9 hay nh\u1eefng qu\u00fd c\u00f4 c\u00e1 t\u00ednh.\u00a0chai vang n\u00e0y hi\u1ec7n nay c\u00f3 gi\u00e1 l\u00e0 <strong>1.400.000VND<\/strong>, ph\u00f9 h\u1ee3p v\u1edbi c\u00e1c bu\u1ed5i ti\u1ec7c sang tr\u1ecdng hay g\u1eb7p m\u1eb7t cu\u1ed1i n\u0103m<\/span><\/p>\n<p><span style=\"font-family: arial, helvetica, sans-serif; font-size: 12pt; color: #000000;\">L\u01b0u \u00fd:\u00a0<\/span><span style=\"font-family: arial, helvetica, sans-serif; font-size: 12pt; color: #000000;\">D\u00f9ng th\u00edch h\u1ee3p \u1edf nhi\u1ec7t \u0111\u1ed9 18\u00b0C. \u00a0R\u01b0\u1ee3u c\u00f3 th\u1ec3 u\u1ed1ng ngay c\u0169ng \u0111\u00e3 r\u1ea5t ngon, c\u00f3 th\u1ec3 l\u01b0u tr\u1eef \u0111\u1ebfn 10 n\u0103m.<\/span><br \/>\n<span style=\"font-family: arial, helvetica, sans-serif; font-size: 12pt; color: #000000;\"> Th\u01b0\u1edfng th\u1ee9c v\u00e0 th\u1ef1c ph\u1ea9m k\u1ebft h\u1ee3p: L\u00fd t\u01b0\u1edfng khi k\u1ebft h\u1ee3p v\u1edbi c\u00e1c lo\u1ea1i phomai, x\u00fac x\u00edch, th\u1ecbt b\u00f2, th\u1ecbt c\u1eebu v\u00e0 th\u1ecbt l\u1ee3n quay ho\u1eb7c n\u01b0\u1edbng.<\/span><\/p>\n<h2><span style=\"font-family: arial, helvetica, sans-serif; font-size: 18pt; color: #800000;\">Quy tri\u0300nh r\u01b0\u1ee3u vang Valdivieso Caballo Loco Number Fifteen<\/span><\/h2>\n<p><span style=\"font-family: arial, helvetica, sans-serif; font-size: 12pt; color: #000000;\">\u0110\u1ed9i ng\u0169 c\u00e1c nh\u00e0 tr\u1ed3ng nho v\u00e0 ng\u01b0\u1eddi l\u00e0m r\u01b0\u1ee3u c\u1ee7a \u0111\u00e3 n\u1ed7 l\u1ef1c r\u1ea5t l\u1edbn c\u00f9ng v\u1edbi ni\u1ec1m \u0111am m\u00ea t\u1ea1o ra m\u1ed9t lo\u1ea1i r\u01b0\u1ee3u vang c\u00f3 ch\u1ea5t l\u01b0\u1ee3ng cao nh\u1ea5t. M\u1ed7i chai r\u01b0\u1ee3u vang Valdivieso Caballo Loco Number Fifteen th\u1ec3 hi\u1ec7n ni\u1ec1m \u0111am m\u00ea v\u00e0 nh\u1eefng n\u1ed7 l\u1ef1c t\u1ed1t nh\u1ea5t \u0111\u1ec3 \u0111\u1ea3m b\u1ea3o vi\u1ec7c t\u1eadn h\u01b0\u1edfng nh\u1eefng kho\u1ea3nh kh\u1eafc \u0111\u1eb7c bi\u1ec7t c\u1ee7a cu\u1ed9c s\u1ed1ng, \u0111i\u1ec1u m\u00e0 kh\u00e1ch h\u00e0ng tr\u00ean to\u00e0n th\u1ebf gi\u1edbi x\u1ee9ng \u0111\u00e1ng \u0111\u01b0\u1ee3c h\u01b0\u1edfng.<\/span><\/p>\n<p><span style=\"font-family: arial, helvetica, sans-serif; font-size: 12pt; color: #000000;\">Vi\u1ec7c thu h\u00e1i ho\u00e0n to\u00e0n b\u1eb1ng tay, sau \u0111\u00f3 t\u1eebng ch\u00f9m nho s\u1eafp x\u1ebfp v\u00e0o nh\u1eefng khay nh\u1ef1a \u0111\u1ee5c l\u1ed7, ho\u1eb7c nh\u1eefng khay g\u1ed7 v\u1edbi kho\u1ea3ng c\u00e1ch kh\u00f4ng qu\u00e1 g\u1ea7n \u0111\u1ec3 kh\u00f4ng kh\u00ed \u0111\u01b0\u1ee3c l\u01b0u th\u00f4ng. Sau \u0111\u00f3 \u0111\u01b0\u1ee3c \u0111\u01b0a v\u1ec1 x\u01b0\u1edfng s\u1ea3n xu\u1ea5t. Nho sau khi \u0111\u01b0\u01a1\u0323c nghi\u00ea\u0300n se\u0303 \u0111\u01b0\u01a1\u0323c \u0111\u01b0a \u0111i l\u00ean men. Qu\u00e1 tr\u00ecnh l\u00ean men ph\u1ee5 thu\u1ed9c nhi\u1ec1u v\u00e0o nhi\u1ec7t \u0111\u1ed9. Qu\u00e1 tr\u00ecnh s\u1ea3n xu\u1ea5t r\u1ea5t c\u1ea9n th\u1eadn qua t\u1eebng c\u00f4ng \u0111o\u1ea1n. Sau \u0111\u00f3 r\u01b0\u1ee3u \u0111\u01b0\u1ee3c \u1ee7 trong c\u00e1c th\u00f9ng g\u1ed7 s\u1ed3i Ph\u00e1p 2 n\u0103m. R\u1ed3i \u0111em \u0111\u1ec3 trong chai \u00edt nh\u1ea5t 4 th\u00e1ng tr\u01b0\u1edbc khi \u0111em ra th\u1ecb tr\u01b0\u1eddng ti\u00eau th\u1ee5.<\/span><\/p>\n<p>&nbsp;<\/p>\n","protected":false},"excerpt":{"rendered":"<p>Gi\u1edbi thi\u1ec7u r\u01b0\u1ee3u vang Valdivieso Caballo Loco Number Fifteen R\u01b0\u1ee3u vang Valdivieso Caballo Loco Number Fifteen \u2013 H\u01b0\u01a1ng v\u1ecb vang m\u1ea1nh m\u1ebd \u0111\u1ebfn t\u1eeb Chile m\u00ea ho\u1eb7c nh\u1eefng ng\u01b0\u1eddi s\u00e0nh vang ngay t\u1eeb c\u00e1i nh\u00ecn \u0111\u1ea7u ti\u00ean, r\u01b0\u1ee3u vang Valdivieso Caballo Loco Number Fifteen g\u00e2y \u1ea5n t\u01b0\u1ee3ng v\u1edbi v\u1ecb vang m\u1ea1nh m\u1ebd, l\u00e0 m\u1ed9t trong [&hellip;]<\/p>\n","protected":false},"featured_media":2915,"comment_status":"open","ping_status":"closed","template":"","meta":[],"class_list":{"0":"post-2914","1":"product","2":"type-product","3":"status-publish","4":"has-post-thumbnail","6":"product_cat-ruou-vang-cao-cap","7":"product_cat-ruou-vang-chile","9":"first","10":"instock","11":"shipping-taxable","12":"purchasable","13":"product-type-simple"},"_links":{"self":[{"href":"http:\/\/winelove.vn\/9xweb\/index.php?rest_route=\/wp\/v2\/product\/2914"}],"collection":[{"href":"http:\/\/winelove.vn\/9xweb\/index.php?rest_route=\/wp\/v2\/product"}],"about":[{"href":"http:\/\/winelove.vn\/9xweb\/index.php?rest_route=\/wp\/v2\/types\/product"}],"replies":[{"embeddable":true,"href":"http:\/\/winelove.vn\/9xweb\/index.php?rest_route=%2Fwp%2Fv2%2Fcomments&post=2914"}],"wp:featuredmedia":[{"embeddable":true,"href":"http:\/\/winelove.vn\/9xweb\/index.php?rest_route=\/wp\/v2\/media\/2915"}],"wp:attachment":[{"href":"http:\/\/winelove.vn\/9xweb\/index.php?rest_route=%2Fwp%2Fv2%2Fmedia&parent=2914"}],"curies":[{"name":"wp","href":"https:\/\/api.w.org\/{rel}","templated":true}]}}