{"id":2916,"date":"2017-11-23T15:47:45","date_gmt":"2017-11-23T15:47:45","guid":{"rendered":"http:\/\/winelove.vn\/9xweb\/?post_type=product&#038;p=2916"},"modified":"2022-11-01T06:30:40","modified_gmt":"2022-10-31T23:30:40","slug":"valdivieso-sparking-extra-vang-no","status":"publish","type":"product","link":"http:\/\/winelove.vn\/9xweb\/?product=valdivieso-sparking-extra-vang-no","title":{"rendered":"R\u01b0\u01a1\u0323u Vang N\u1ed5 Valdivieso Sparking Extra 5.4% ABV* &#8211; Vang N\u1ed5 Ngon Chile"},"content":{"rendered":"<h2><span style=\"font-size: 18pt; color: #800000;\">Gi\u1edbi thi\u1ec7u\u00a0r\u01b0\u01a1\u0323u vang n\u1ed5 Valdivieso Sparking Extra <\/span><\/h2>\n<p><span style=\"font-family: arial, helvetica, sans-serif; font-size: 12pt; color: #000000;\">R\u01b0\u1ee3u vang Chile \u0111\u01b0\u1ee3c th\u1ecb tr\u01b0\u1eddng r\u01b0\u1ee3u vang th\u1ebf gi\u1edbi \u0111\u00f3n nh\u1eadn nhi\u1ec7t th\u00e0nh b\u1edfi ch\u1ea5t l\u01b0\u1ee3ng cao v\u00e0 \u0111\u1ed3ng \u0111\u1ec1u, m\u1ed9t s\u1ed1 d\u00f2ng vang n\u1ed5i ti\u1ebfng v\u1edbi s\u1ef1 \u0111\u1eb3ng c\u1ea5p ho\u00e0n h\u1ea3o t\u1eeb di\u1ec7n m\u1ea1o cho t\u1edbi h\u01b0\u01a1ng v\u1ecb \u0111\u01b0\u1ee3c \u0111\u1ecbnh gi\u00e1 r\u1ea5t cao. Th\u00f4ng th\u01b0\u1eddng nh\u1eefng d\u00f2ng vang Chile n\u00e0y \u0111\u01b0\u1ee3c l\u00e0m t\u1eeb c\u00e1c gi\u1ed1ng nho Bordeaux nh\u01b0 Cabernet Sauvignon v\u00e0 Merlot. Ngo\u00e0i ra, nho Pinot Noir t\u1ea1i nh\u1eefng v\u00f9ng c\u00f3 kh\u00ed h\u1eadu m\u00e1t h\u01a1n c\u1ee7a Chile c\u0169ng \u0111ang b\u1eaft \u0111\u1ea7u t\u1ea1o \u0111\u01b0\u1ee3c s\u1ef1 ch\u00fa \u00fd l\u1edbn trong nh\u1eefng th\u00e1nh \u0111\u1ecba tr\u1ed3ng nho.<\/span><\/p>\n<p><span style=\"font-family: arial, helvetica, sans-serif; font-size: 12pt; color: #000000;\">Trong s\u1ed1 c\u00e1c s\u1ea3n ph\u1ea9m \u1ea5n t\u01b0\u1ee3ng <a href=\"http:\/\/winelove.vn\/9xweb\/danh-muc\/ruou-vang-chile\/\" target=\"_blank\" rel=\"noopener noreferrer\">c\u1ee7a r\u01b0\u1ee3u vang Chile<\/a>, d\u00f2ng vang n\u1ed5 nh\u1eadn \u0111\u01b0\u1ee3c nhi\u1ec1u \u0111\u00e1nh gi\u00e1 t\u00edch c\u1ef1c t\u1eeb ph\u00eda c\u00e1c chuy\u00ean gia r\u01b0\u1ee3u vang \u0111\u1ea7u ng\u00e0nh c\u0169ng nh\u01b0 s\u1ef1 ph\u1ea3n h\u1ed3i \u0111\u1ea7y \u01b0u \u00e1i c\u1ee7a th\u1ef1c kh\u00e1ch tr\u00ean th\u1ebf gi\u1edbi. Valdivieso Sparking Extra l\u00e0 \u0111\u1ea1i di\u1ec7n ti\u00eau bi\u1ec3u cho d\u00f2ng vang n\u1ed5 Chile, n\u00f3 \u0111\u01b0\u1ee3c xem l\u00e0 l\u1ef1a ch\u1ecdn ho\u00e0n h\u1ea3o, quen thu\u1ed9c trong c\u00e1c b\u1eefa ti\u1ec7c, li\u00ean hoan, ti\u1ec7c c\u01b0\u1edbi. \u00a0Xu\u1ea5t ph\u00e1t t\u1eeb \u00fd ngh\u0129a ch\u00fac m\u1eebng th\u00e0nh c\u00f4ng hay h\u1ea1nh ph\u00fac \u0111\u1ee7 \u0111\u1ea7y, ti\u1ebfng n\u1ed5 khi khui r\u01b0\u01a1\u0323u v\u00e0 c\u1ea3nh t\u01b0\u1ee3ng s\u1ee7i b\u1ecdt c\u1ee7a r\u01b0\u1ee3u vang Valdivieso Sparking Extra nh\u01b0 l\u00e0m d\u00e2ng tr\u00e0o c\u1ea3m x\u00fac cho m\u1ecdi ng\u01b0\u1eddi.<\/span><\/p>\n<p>&nbsp;<\/p>\n<h2><span style=\"font-size: 18pt; color: #800000;\">\u0110\u1eb7c \u0111i\u1ec3m r\u01b0\u1ee3u vang n\u00f4\u0309 Valdivieso Sparking Extra\u00a0<\/span><\/h2>\n<p><span style=\"font-family: arial, helvetica, sans-serif; font-size: 12pt; color: #000000;\">R\u01b0\u01a1\u0323u vang n\u1ed5 Valdivieso Sparking Extra c\u00f3 m\u00e0u tr\u1eafng v\u00e0 khi \u0111\u01b0\u1ee3c r\u00f3t ra ly th\u00ec b\u1ea1n s\u1ebd th\u1ea5y nh\u1eefng bong b\u00f3ng nh\u1ecf li ti s\u1ebd \u0111\u01b0\u1ee3c phun tr\u00e0o l\u00ean th\u1eb3ng \u0111\u1ee9ng r\u1ea5t \u0111\u1eb9p m\u1eaft. Khi th\u01b0\u1edfng th\u1ee9c d\u00f2ng vang n\u00e0y, ta s\u1ebd th\u1ea5y h\u01b0\u01a1ng th\u01a1m thanh khi\u1ebft c\u1ee7a nh\u1eefng lo\u1ea1i tr\u00e1i c\u00e2y \u0111\u1eb7c tr\u01b0ng c\u1ee7a thi\u00ean nhi\u00ean \u00f4n \u0111\u1edbi. <\/span><\/p>\n<p><span style=\"font-family: arial, helvetica, sans-serif; font-size: 12pt; color: #000000;\">M\u00f9i h\u01b0\u01a1ng ch\u1ee7 \u0111\u1ea1o c\u1ee7a chai vang n\u1ed5 n\u00e0y v\u00f4 c\u00f9ng tinh t\u1ebf d\u01b0\u1edbi s\u1ef1 k\u1ebft h\u1ee3p c\u1ee7a tr\u00e1i t\u00e1o xanh c\u00f9ng v\u1ecb cam qu\u00fdt \u0111\u1eb7c tr\u01b0ng t\u1ea1o n\u00ean h\u01b0\u01a1ng v\u1ecb th\u01a1m ng\u1ecdt cho d\u00f2ng r\u01b0\u1ee3u h\u1ea3o h\u1ea1ng n\u00e0y. Trong v\u00f2m h\u1ecdng, r\u01b0\u1ee3u vang c\u00f3 v\u1ecb b\u00f9ng b\u1ed5 v\u1edbi v\u1ecb chua axit r\u00f5 n\u00e9t v\u00e0 tr\u00e1i c\u00e2y ng\u1ecdt ng\u00e0o nh\u01b0 cu\u0309a chanh, \u0111\u00e0o, m\u1eadt ong c\u00f9ng h\u1eadu v\u1ecb kho\u00e1ng ch\u1ea5t, saline v\u00e0 axit l\u01b0u luy\u1ebfn k\u00e9o d\u00e0i.<\/span><\/p>\n<p><span style=\"font-family: arial, helvetica, sans-serif; font-size: 12pt; color: #000000;\">V\u1edbi n\u1ed3ng \u0111\u1ed9 c\u1ed3n th\u1ea5p ch\u1ec9 12.5% \u0111\u1ed9, r\u01b0\u1ee3u vang Valdivieso Sparking Extra\u00a0\u0111\u01b0\u1ee3c coi nh\u01b0 m\u1ed9t m\u00f3n \u0103n tinh th\u1ea7n kh\u00f4ng th\u1ec3 v\u1eafng m\u1eb7t trong m\u1ecdi cu\u1ed9c vui. C\u0169ng do h\u01b0\u01a1ng v\u1ecb nh\u1eb9 nh\u00e0ng, ch\u00fang r\u1ea5t d\u1ec5 ph\u1ed1i h\u1ee3p v\u1edbi th\u1ee9c \u0103n \u0111\u1eb7c bi\u1ec7t l\u00e0 c\u00e1c m\u00f3n ch\u1ebf bi\u1ebfn t\u1eeb th\u1ecbt v\u00e0 \u0111\u01b0\u1ee3c th\u01b0\u1edfng th\u1ee9c tr\u01b0\u1edbc khi \u0103n.<\/span><\/p>\n<p>&nbsp;<\/p>\n<h2><span style=\"font-size: 18pt; color: #800000;\">Quy tr\u00ecnh s\u1ea3n xu\u1ea5t r\u01b0\u1ee3u vang n\u00f4\u0309 Valdivieso Sparking Extra\u00a0<\/span><\/h2>\n<p><span style=\"font-family: arial, helvetica, sans-serif; font-size: 12pt; color: #000000;\">B\u01b0\u1edbc v\u00e0o qu\u00e1 tr\u00ecnh s\u1ea3n xu\u1ea5t r\u01b0\u01a1\u0323u vang n\u1ed5 Valdivieso Sparking Extra, nh\u1eefng ng\u01b0\u1eddi th\u1ee3 l\u00e0nh ngh\u1ec1 \u1ee7 men nho v\u00e0 l\u00ean men hai l\u1ea7n trong c\u00e1c th\u00f9ng g\u1ed7 s\u1ed3i k\u00edn kh\u00ed. \u0110i\u1ec1u \u0111\u00f3 khi\u1ebfn m\u00e0u s\u1eafc c\u1ee7a ch\u00fang th\u00eam ph\u1ea7n \u0111a d\u1ea1ng ph\u1ee5 thu\u1ed9c v\u00e0o gi\u1ed1ng nho l\u00e0m r\u01b0\u1ee3u.<\/span><\/p>\n<p><span style=\"font-family: arial, helvetica, sans-serif; font-size: 12pt; color: #000000;\">R\u01b0\u01a1\u0323u vang n\u1ed5 Valdivieso Sparking Extra s\u1eed d\u1ee5ng gi\u1ed1ng nho tr\u1eafng trong c\u00f4ng t\u00e1c ch\u1ebf bi\u1ebfn n\u00ean th\u01b0\u1eddng mang m\u00e0u cam tr\u1eafng v\u00e0 \u0111\u01b0\u1ee3c \u0111\u1ef1ng trong nh\u1eefng l\u1ecd th\u1ee7y tinh sang tr\u1ecdng. R\u01b0\u1ee3u \u0111\u01b0\u1ee3c s\u1ea3n xu\u1ea5t ra c\u00f3 m\u00e0u nh\u1ea1t h\u01a1n v\u00e0 c\u00f3 r\u1ea5t \u00edt v\u1ecb ch\u00e1t c\u1ee7a v\u1ecf c\u00e2y. Ch\u1ec9 c\u00f3 n\u01b0\u1edbc nho sau khi \u0111\u01b0\u1ee3c \u00e9p s\u1ebd \u0111\u01b0\u1ee3c \u0111\u01b0a l\u00ean h\u1ec7 th\u1ed1ng l\u00ean men. C\u00f4ng \u0111o\u1ea1n cu\u1ed1i c\u00f9ng c\u1ee7a qu\u00e1 tr\u00ecnh s\u1ea3n xu\u1ea5t r\u01b0\u01a1\u0323u vang n\u1ed5 Valdivieso Sparking Extra, r\u01b0\u1ee3u s\u1ebd \u0111\u01b0\u1ee3c \u1ee7 trong nh\u1eefng th\u00f9ng g\u1ed7 s\u1ed3i Ph\u00e1p trong m\u1ed9t kho\u1ea3ng th\u1eddi gian 12 th\u00e1ng tr\u01b0\u1edbc khi \u0111\u01b0\u1ee3c \u0111\u00f3ng chai v\u00e0 \u0111\u1ebfn v\u1edbi ng\u01b0\u1eddi th\u01b0\u1edfng th\u1ee9c tr\u00ean to\u00e0n th\u1ebf gi\u1edbi trong m\u1ed9t di\u1ec7n m\u1ea1o ho\u00e0n h\u1ea3o nh\u1ea5t.<\/span><\/p>\n<p><span style=\"font-size: 12pt;\">Xem Th\u00eam D\u00f2ng R\u01b0\u1ee3u Vang Ngon C\u1ee7a Chile : <a href=\"https:\/\/ruouvang24h.vn\/ruou-vang-tagua-tagua\"><span style=\"color: #0000ff;\"><strong>R\u01b0\u1ee3u Vang Tagua<\/strong><\/span><\/a><\/span><\/p>\n","protected":false},"excerpt":{"rendered":"<p>Gi\u1edbi thi\u1ec7u\u00a0r\u01b0\u01a1\u0323u vang n\u1ed5 Valdivieso Sparking Extra R\u01b0\u1ee3u vang Chile \u0111\u01b0\u1ee3c th\u1ecb tr\u01b0\u1eddng r\u01b0\u1ee3u vang th\u1ebf gi\u1edbi \u0111\u00f3n nh\u1eadn nhi\u1ec7t th\u00e0nh b\u1edfi ch\u1ea5t l\u01b0\u1ee3ng cao v\u00e0 \u0111\u1ed3ng \u0111\u1ec1u, m\u1ed9t s\u1ed1 d\u00f2ng vang n\u1ed5i ti\u1ebfng v\u1edbi s\u1ef1 \u0111\u1eb3ng c\u1ea5p ho\u00e0n h\u1ea3o t\u1eeb di\u1ec7n m\u1ea1o cho t\u1edbi h\u01b0\u01a1ng v\u1ecb \u0111\u01b0\u1ee3c \u0111\u1ecbnh gi\u00e1 r\u1ea5t cao. Th\u00f4ng th\u01b0\u1eddng nh\u1eefng [&hellip;]<\/p>\n","protected":false},"featured_media":2917,"comment_status":"open","ping_status":"closed","template":"","meta":[],"class_list":{"0":"post-2916","1":"product","2":"type-product","3":"status-publish","4":"has-post-thumbnail","6":"product_cat-ruou-vang-chile","7":"product_cat-ruou-vang-gia-re","9":"first","10":"instock","11":"shipping-taxable","12":"purchasable","13":"product-type-simple"},"_links":{"self":[{"href":"http:\/\/winelove.vn\/9xweb\/index.php?rest_route=\/wp\/v2\/product\/2916"}],"collection":[{"href":"http:\/\/winelove.vn\/9xweb\/index.php?rest_route=\/wp\/v2\/product"}],"about":[{"href":"http:\/\/winelove.vn\/9xweb\/index.php?rest_route=\/wp\/v2\/types\/product"}],"replies":[{"embeddable":true,"href":"http:\/\/winelove.vn\/9xweb\/index.php?rest_route=%2Fwp%2Fv2%2Fcomments&post=2916"}],"wp:featuredmedia":[{"embeddable":true,"href":"http:\/\/winelove.vn\/9xweb\/index.php?rest_route=\/wp\/v2\/media\/2917"}],"wp:attachment":[{"href":"http:\/\/winelove.vn\/9xweb\/index.php?rest_route=%2Fwp%2Fv2%2Fmedia&parent=2916"}],"curies":[{"name":"wp","href":"https:\/\/api.w.org\/{rel}","templated":true}]}}