{"id":2947,"date":"2017-11-23T16:00:46","date_gmt":"2017-11-23T16:00:46","guid":{"rendered":"http:\/\/winelove.vn\/9xweb\/?post_type=product&#038;p=2947"},"modified":"2022-11-01T06:22:01","modified_gmt":"2022-10-31T23:22:01","slug":"origen-sauvignon-blanc","status":"publish","type":"product","link":"http:\/\/winelove.vn\/9xweb\/?product=origen-sauvignon-blanc","title":{"rendered":"R\u01b0\u1ee3u Vang Origen Sauvignon Blanc 5.4% ABV* &#8211; Vang Chile Nh\u1eadp Kh\u1ea9u"},"content":{"rendered":"<h2><span style=\"font-family: arial, helvetica, sans-serif; font-size: 18pt; color: #800000;\">Gi\u1edbi thi\u1ec7u v\u1ec1 r\u01b0\u1ee3u vang Origen Sauvignon Blanc<\/span><\/h2>\n<p><span style=\"font-family: arial, helvetica, sans-serif; font-size: 12pt; color: #000000;\">Origen l\u00e0 m\u1ed9t trong nh\u1eefng th\u01b0\u01a1ng hi\u1ec7u r\u01b0\u1ee3u vang c\u1ee7a h\u00e3ng Vi\u00f1a Carta Vieja. H\u00e3ng n\u00e0y \u0111\u01b0\u1ee3c th\u00e0nh l\u1eadp v\u00e0o \u0111\u1ea7u th\u1ebf k\u1ef7 th\u1ee9 19 khi Carlos Adolfo del Pedregal r\u1eddi n\u01b0\u1edbc \u00dac t\u1edbi \u0111\u1ecbnh c\u01b0 t\u1ea1i Loncomilla Valley c\u1ee7a Chile \u0111\u1ec3 th\u1ef1c hi\u1ec7n m\u1ee5c ti\u00eau tr\u1edf th\u00e0nh m\u1ed9t trong nh\u1eefng nh\u00e0 s\u1ea3n xu\u1ea5t r\u01b0\u1ee3u vang ngon nh\u1ea5t trong c\u00e1c n\u01b0\u1edbc tr\u00ean Th\u1ebf gi\u1edbi.<\/span><\/p>\n<p><span style=\"font-family: arial, helvetica, sans-serif; font-size: 12pt; color: #000000;\">Tr\u00ean nh\u00e3n <a href=\"http:\/\/winelove.vn\/9xweb\/danh-muc\/ruou-vang-chile\/\" target=\"_blank\" rel=\"noopener noreferrer\">chai r\u01b0\u1ee3u vang Chile<\/a> c\u00f3 h\u00e0ng ch\u1eef \u201cORIGEN BY DEL PEDREGAL FAMILY\u201d \u0111\u01b0\u1ee3c vi\u1ebft c\u00e1ch \u0111i\u1ec7u, k\u00e8m theo h\u00ecnh \u1ea3nh m\u1ed9t chi\u1ebfc c\u00e2y tr\u1ee5i l\u00e1 tr\u00ean n\u1ec1n ngang.<\/span><\/p>\n<p><span style=\"font-family: arial, helvetica, sans-serif; font-size: 12pt; color: #000000;\">R\u01b0\u1ee3u vang \u0111o\u0309 Carlos Adolfo del Pedregal s\u1ea3n xu\u1ea5t c\u00f3 phong c\u00e1ch \u0111\u1ed9c \u0111\u00e1o v\u00e0 \u0111\u1eb7c tr\u01b0ng ri\u00eang, v\u1edbi v\u1ebb hi\u1ec7n \u0111\u1ea1i, sang tr\u1ecdng v\u00e0 \u0111\u1ed9 \u0111\u1eadm \u0111\u00e0 t\u1ed1i \u01b0u. Nh\u1eefng h\u01b0\u01a1ng v\u1ecb v\u00e0 \u0111\u1eb7c t\u00ednh v\u1ed1n c\u00f3 <a href=\"http:\/\/winelove.vn\/9xweb\/\" target=\"_blank\" rel=\"noopener noreferrer\">c\u1ee7a r\u01b0\u1ee3u vang<\/a> v\u00f9ng Loncomilla \u0111\u01b0\u1ee3c \u00f4ng c\u1ea3i ti\u1ebfn l\u00ean r\u1ea5t nhi\u1ec1u m\u00e0 chai r\u01b0\u01a1\u0323u vang Origen Sauvignon Blanc l\u00e0 m\u1ed9t \u0111i\u1ec3m nh\u1ea5n \u0111\u1eb7c bi\u1ec7t.<\/span><\/p>\n<p>&nbsp;<\/p>\n<h2><span style=\"font-family: arial, helvetica, sans-serif; font-size: 18pt; color: #800000;\">\u0110\u1eb7c \u0111i\u1ec3m c\u1ee7a r\u01b0\u1ee3u vang Origen Sauvignon Blanc<\/span><\/h2>\n<p><span style=\"font-family: arial, helvetica, sans-serif; font-size: 12pt; color: #000000;\">\u0110\u01b0\u1ee3c l\u00e0m t\u1eeb gi\u1ed1ng nho Sauvignon Blanc, \u0111\u00e2y l\u00e0 gi\u1ed1ng nho da xanh n\u1ed5i ti\u1ebfng c\u00f3 ngu\u1ed3n g\u1ed1c t\u1eeb n\u01b0\u1edbc Ph\u00e1p, l\u00e0 nguy\u00ean li\u1ec7u \u0111\u1ec3 t\u1ea1o n\u00ean nh\u1eefng chai\u00a0vang\u00a0tr\u1eafng th\u01b0\u1ee3ng h\u1ea1ng. Gi\u1ed1ng nho n\u00e0y \u0111\u01b0\u1ee3c g\u1ecdi v\u1edbi c\u00e1i t\u00ean kh\u00e1 d\u1ec5 th\u01b0\u01a1ng l\u00e0 \u201ct\u1eafc k\u00e8 hoa\u201d, b\u1edfi kh\u1ea3 n\u0103ng t\u1ea1o ra nh\u1eefng h\u01b0\u01a1ng v\u1ecb h\u1ea5p d\u1eabn trong qu\u00e1 tr\u00ecnh ch\u00edn c\u1ee7a n\u00f3.<\/span><\/p>\n<p><span style=\"font-family: arial, helvetica, sans-serif; font-size: 12pt; color: #000000;\">R\u01b0\u1ee3u\u00a0vang\u00a0Origen Sauvignon Blanc c\u00f3 m\u00e0u v\u00e0ng \u00f3ng \u00e1nh quy\u1ebfn r\u0169 \u0111\u01b0\u1ee3c ph\u00e1t tri\u1ec3n c\u00f9ng v\u1edbi h\u01b0\u01a1ng v\u1ecb axit chanh v\u00e0 b\u01b0\u1edfi ho\u0300a quy\u1ec7n c\u00f9ng m\u00f9i h\u01b0\u01a1ng d\u1ecbu nh\u1eb9 c\u1ee7a m\u0103ng t\u00e2y v\u00e0 tr\u00e1i c\u00e2y t\u01b0\u01a1i g\u1ee3i l\u00ean h\u01b0\u01a1ng c\u1ee7a \u0111\u00e0o tr\u1eafng, qu\u1ea3 l\u00ea c\u0169ng nh\u01b0 h\u01b0\u01a1ng th\u1ea3o m\u1ed9c. V\u1edbi v\u1ecb t\u01b0\u01a1i v\u00e0 c\u1ea3m gi\u00e1c m\u1ecbn m\u00e0ng trong v\u00f2m mi\u1ec7ng. Tinh t\u1ebf v\u00e0 c\u00e2n b\u1eb1ng c\u1ee7a v\u1ecb chua nh\u1eb9 pha ch\u00fat v\u1ecb ch\u00e1t. Ch\u1ee7 \u0111\u1ea1o l\u00e0 s\u1ef1 ph\u00f3ng kho\u00e1ng c\u00f2n \u0111\u1ecdng l\u1ea1i sau khi u\u1ed1ng. R\u01b0\u1ee3u vang Origen Sauvignon Blanc\u00a0\u0111em \u0111\u1ebfn cho ng\u01b0\u1eddi d\u00f9ng m\u1ed9t c\u1ea3m gi\u00e1c t\u01b0\u01a1i m\u1edbi v\u00e0 c\u00e2n b\u1eb1ng l\u01b0u gi\u1eef m\u00e3i trong mi\u1ec7ng. Lo\u1ea1i\u00a0vang\u00a0Sauvignon blanc\u00a0k\u1ebft h\u1ee3p gi\u1eefa s\u1ef1 t\u01b0\u01a1i m\u1edbi v\u00e0 thanh l\u1ecbch. H\u1eadu v\u1ecb kh\u00e1 s\u00e2u cho m\u1ed9t chai r\u01b0\u1ee3u\u00a0vang\u00a0v\u1eeba gi\u00e1 ti\u1ec1n.<\/span><\/p>\n<p><span style=\"font-family: arial, helvetica, sans-serif; font-size: 12pt; color: #000000;\">V\u1edbi n\u1ed3ng \u0111\u1ed9 12%vol r\u1ea5t nh\u1eb9 nh\u00e0ng, chi\u1ec1u h\u00e8 gi\u00f3 nh\u1eb9 m\u00e1t l\u00e0nh ng\u1ed3i v\u1ec9a h\u00e8 ph\u1ed1 c\u0169 ng\u1eafm d\u00f2ng \u0111\u1eddi qua l\u1ea1i s\u1ed1ng ch\u1eadm, nh\u1ea5p m\u1ed9t ng\u1ee5m\u00a0vang\u00a0ngon m\u00e1t l\u1ea1nh nh\u1ea5m nh\u00e1p h\u00e0ng th\u1ebf k\u1ef7 l\u00e0m\u00a0vang\u00a0c\u1ee7a h\u00e3ng Vi\u00f1a Carta Vieja l\u00e0 m\u1ed9t \u0111i\u1ec1u v\u00f4 c\u00f9ng th\u00fa v\u1ecb.<\/span><\/p>\n<p><span style=\"font-family: arial, helvetica, sans-serif; font-size: 12pt; color: #000000;\">Ph\u00f9 h\u1ee3p khi d\u00f9ng c\u00f9ng c\u00e1c m\u00f3n \u0103n nh\u1eb9 nh\u01b0 salad tr\u1ed9n, th\u1ecbt tr\u1eafng, \u0111\u1eb7c bi\u1ec7t l\u00e0 c\u00e1c m\u00f3n h\u1ea3i s\u1ea3n, ngon h\u01a1n khi ng\u00e2m l\u1ea1nh. Gi\u1eef \u1edf nhi\u1ec7t \u0111\u1ed9 12 \u00baC khi th\u01b0\u1edfng th\u1ee9c.<\/span><\/p>\n<p><span style=\"font-family: arial, helvetica, sans-serif; font-size: 12pt; color: #000000;\">Hi\u1ec7n nay chai vang n\u00e0y c\u00f3 gi\u00e1 l\u00e0: 175.000VND. R\u01b0\u1ee3u vang Origen Sauvignon Blanc l\u00e0 m\u1ed9t l\u1ef1a ch\u1ecdn ho\u00e0n h\u1ea3o v\u1edbi ai \u01b0a th\u00edch r\u01b0\u1ee3u\u00a0vang\u00a0, mu\u1ed1n kh\u00e1m ph\u00e1 m\u1ed9t lo\u1ea1i r\u01b0\u1ee3u c\u00f3 h\u01b0\u01a1ng v\u1ecb kh\u00f3 qu\u00ean.<\/span><\/p>\n<p>&nbsp;<\/p>\n<h2><span style=\"font-family: arial, helvetica, sans-serif; font-size: 18pt; color: #800000;\">Quy tri\u0300nh l\u00e0m r\u01b0\u1ee3u vang Origen Sauvignon Blanc<\/span><\/h2>\n<p><span style=\"font-family: arial, helvetica, sans-serif; font-size: 12pt; color: #000000;\">Tr\u00ean m\u1ed7i hectare ru\u1ed9ng \u0111\u1ea5t, ch\u1ec9 \u0111\u01b0\u1ee3c thu ho\u1ea1ch b\u0103\u0300ng ma\u0301y \u0111\u00ea\u0309 ti\u00ea\u0301t ki\u00ea\u0323m th\u01a1\u0300i gian va\u0300 c\u00f4ng s\u01b0\u0301c lao \u0111\u00f4\u0323ng va\u0300 thu hoa\u0323ch va\u0300o th\u01a1\u0300i \u0111i\u00ea\u0309m nh\u00e2\u0301t \u0111i\u0323nh \u0111\u1ec3 \u0111\u1ea3m b\u1ea3o r\u1eb1ng nh\u1eefng tr\u00e1i nho \u0111\u1ee7 d\u01b0\u01a1\u0303ng ch\u00e2\u0301t \u0111\u1ec3 c\u00f3 \u0111\u01b0\u1ee3c ph\u1ea9m ch\u1ea5t t\u1ed1t. Nho \u0111\u01b0\u1ee3c thu ho\u1ea1ch ho\u00e0n to\u00e0n b\u1eb1ng tay m\u1ed9t c\u00e1ch k\u1ef9 l\u01b0\u1ee1ng \u1edf c\u00e1c v\u01b0\u1eddn nho c\u00f3 tr\u00ean 20 n\u0103m tu\u1ed5i, tr\u00e1nh d\u1eadp n\u00e1t nho, th\u1eddi \u0111i\u1ec3m thu ho\u1ea1ch v\u00e0o th\u00e1ng 3 h\u00e0ng n\u0103m. Sau \u0111\u00f3 \u0111\u01b0\u1ee3c \u0111em \u0111i c\u1eaft v\u00e0 v\u1eaft cu\u1ed1ng, \u00e9p l\u1ea5y n\u01b0\u1edbc. <\/span><\/p>\n<p><span style=\"font-family: arial, helvetica, sans-serif; font-size: 12pt; color: #000000;\">Nh\u1eefng c\u00e2y nho ngon tr\u1ea3i qua qu\u00e1 tr\u00ecnh ng\u00e2m \u1ee7 kh\u00e1 l\u00e2u v\u1edbi l\u01b0\u1ee3ng th\u1eddi gian trong kho\u1ea3ng t\u1eeb 6 \u0111\u1ebfn 8 th\u00e1ng. \u1ee6 trong th\u00f9ng g\u1ed7 s\u1ed3i kho\u1ea3ng 10 th\u00e1ng. Sau khi \u0111em r\u01b0\u1ee3u vang Origen Sauvignon Blanc v\u00e0o chai th\u1ee7y tinh, nh\u00e0 s\u1ea3n xu\u1ea5t c\u00f2n gi\u1eef ch\u00fang l\u1ea1i trong h\u1ea7m r\u01b0\u1ee3u th\u00eam 6 th\u00e1ng tr\u01b0\u1edbc khi \u0111em ra th\u1ecb tr\u01b0\u1eddng. H\u1ecd l\u00e0m v\u1eady \u0111\u1ec3 h\u01b0\u01a1ng v\u1ecb cho \u0111\u01b0\u1ee3c s\u1ebd th\u01a1m ngon v\u00e0 \u0111\u1ea7y \u0111\u1ee7 h\u01a1n. R\u01b0\u1ee3u vang n\u00e0y c\u00f3 th\u1ec3 \u0111\u1ec3 \u0111\u01b0\u1ee3c \u0111\u1ebfn 5 n\u0103m.<\/span><\/p>\n<p><span style=\"font-size: 12pt;\">Xem Th\u00eam D\u00f2ng R\u01b0\u1ee3u Vang Ngon C\u1ee7a Chile : <a href=\"https:\/\/ruouvang24h.vn\/ruou-vang-tagua-tagua\"><span style=\"color: #0000ff;\"><strong>R\u01b0\u1ee3u Vang Tagua Tagua<\/strong><\/span><\/a><\/span><\/p>\n","protected":false},"excerpt":{"rendered":"<p>Gi\u1edbi thi\u1ec7u v\u1ec1 r\u01b0\u1ee3u vang Origen Sauvignon Blanc Origen l\u00e0 m\u1ed9t trong nh\u1eefng th\u01b0\u01a1ng hi\u1ec7u r\u01b0\u1ee3u vang c\u1ee7a h\u00e3ng Vi\u00f1a Carta Vieja. H\u00e3ng n\u00e0y \u0111\u01b0\u1ee3c th\u00e0nh l\u1eadp v\u00e0o \u0111\u1ea7u th\u1ebf k\u1ef7 th\u1ee9 19 khi Carlos Adolfo del Pedregal r\u1eddi n\u01b0\u1edbc \u00dac t\u1edbi \u0111\u1ecbnh c\u01b0 t\u1ea1i Loncomilla Valley c\u1ee7a Chile \u0111\u1ec3 th\u1ef1c hi\u1ec7n m\u1ee5c ti\u00eau tr\u1edf [&hellip;]<\/p>\n","protected":false},"featured_media":2948,"comment_status":"open","ping_status":"closed","template":"","meta":[],"class_list":{"0":"post-2947","1":"product","2":"type-product","3":"status-publish","4":"has-post-thumbnail","6":"product_cat-ruou-vang-chile","7":"product_cat-ruou-vang-gia-re","9":"first","10":"instock","11":"shipping-taxable","12":"purchasable","13":"product-type-simple"},"_links":{"self":[{"href":"http:\/\/winelove.vn\/9xweb\/index.php?rest_route=\/wp\/v2\/product\/2947"}],"collection":[{"href":"http:\/\/winelove.vn\/9xweb\/index.php?rest_route=\/wp\/v2\/product"}],"about":[{"href":"http:\/\/winelove.vn\/9xweb\/index.php?rest_route=\/wp\/v2\/types\/product"}],"replies":[{"embeddable":true,"href":"http:\/\/winelove.vn\/9xweb\/index.php?rest_route=%2Fwp%2Fv2%2Fcomments&post=2947"}],"wp:featuredmedia":[{"embeddable":true,"href":"http:\/\/winelove.vn\/9xweb\/index.php?rest_route=\/wp\/v2\/media\/2948"}],"wp:attachment":[{"href":"http:\/\/winelove.vn\/9xweb\/index.php?rest_route=%2Fwp%2Fv2%2Fmedia&parent=2947"}],"curies":[{"name":"wp","href":"https:\/\/api.w.org\/{rel}","templated":true}]}}