{"id":3044,"date":"2017-11-24T15:56:34","date_gmt":"2017-11-24T15:56:34","guid":{"rendered":"http:\/\/winelove.vn\/9xweb\/?post_type=product&#038;p=3044"},"modified":"2023-05-08T22:56:50","modified_gmt":"2023-05-08T15:56:50","slug":"vang-ngot-queen-1868","status":"publish","type":"product","link":"http:\/\/winelove.vn\/9xweb\/?product=vang-ngot-queen-1868","title":{"rendered":"R\u01b0\u1ee3u Vang Ng\u1ecdt Queen 1868 5.4% ABV* &#8211; Vang T\u00e2y Ban Nha Nh\u1eadp Kh\u1ea9u"},"content":{"rendered":"<h2><span style=\"font-size: 18pt; color: #800000;\">Gi\u1edbi thi\u1ec7u r\u01b0\u1ee3u vang ng\u1ecdt Queen 1868<\/span><\/h2>\n<p><span style=\"font-family: arial, helvetica, sans-serif; font-size: 12pt; color: #000000;\">Th\u01b0\u1eddng khi nh\u1eafc \u0111\u1ebfn r\u01b0\u1ee3u vang ng\u01b0\u1eddi ta th\u01b0\u1eddng ngh\u0129 n\u00f3 ch\u1ec9 l\u00e0 th\u1ee9c u\u1ed1ng d\u00e0nh cho ph\u00e1i m\u1ea1nh. Nh\u01b0ng tr\u00ean th\u1ef1c t\u1ebf th\u00ec r\u01b0\u1ee3u vang l\u00e0 m\u1ed9t lo\u1ea1i \u0111\u1ed3 u\u1ed1ng c\u00f3 c\u1ed3n sang tr\u1ecdng n\u00f3 kh\u00e1c c\u00e1c lo\u1ea1i r\u01b0\u1ee3u d\u00e2n gian nh\u01b0 r\u01b0\u1ee3u n\u1ebfp, r\u01b0\u1ee3u g\u1ea1o. N\u1ebfu bi\u1ebft c\u00e1ch u\u1ed1ng \u1edf m\u1ee9c \u0111i\u1ec1u \u0111\u1ed9 n\u00f3 c\u00f2n gi\u00fap ch\u00fang ta c\u1ea3i thi\u1ec7n r\u1ea5t nhi\u1ec1u v\u1ec1 s\u1ee9c kh\u1ecfe. V\u1edbi lo\u1ea1i \u0111\u1ed3 u\u1ed1ng n\u00e0y tr\u00ean th\u1ebf gi\u1edbi c\u00f2n \u01b0u \u00e1i d\u00e0nh ri\u00eang g\u1ecdi n\u00f3 l\u00e0 m\u1ed9t n\u00e9t v\u0103n h\u00f3a. M\u00e0 \u0111\u00e3 l\u00e0 v\u0103n h\u00f3a r\u01b0\u1ee3u \u00a0vang th\u00ec kh\u00f4ng bao gi\u1edd ph\u00e2n chia t\u1ea7ng l\u1edbp, gi\u1edbi t\u00ednh. <\/span><\/p>\n<p><span style=\"font-family: arial, helvetica, sans-serif; font-size: 12pt; color: #000000;\">Tr\u00ean nhi\u1ec1u cu\u1ed9c kh\u1ea3o s\u00e1t c\u1ee7a c\u00e1c h\u00e3ng r\u01b0\u1ee3u vang n\u1ed5i ti\u1ebfng tr\u00ean th\u1ebf gi\u1edbi c\u00f2n ch\u1ec9 ra r\u1eb1ng s\u1ed1 l\u01b0\u1ee3ng n\u1eef gi\u1edbi u\u1ed1ng r\u01b0\u1ee3u vang th\u01b0\u1eddng xuy\u00ean c\u0169ng g\u1ea7n c\u00e2n b\u1eb1ng v\u1edbi nam gi\u1edbi. V\u00ec h\u1ecd hi\u1ec3u \u0111\u01b0\u1ee3c r\u01b0\u1ee3u vang gi\u00fap \u00edch cho c\u01a1 th\u1ec3 c\u1ee7a h\u1ecd ra sao, n\u00e2ng cao s\u1eafc \u0111\u1eb9p m\u00e0 c\u00f2n khi\u1ebfn tinh th\u1ea7n c\u1ee7a h\u1ecd ph\u1ea5n ch\u1ea5n h\u01a1n r\u1ea5t nhi\u1ec1u. Nh\u01b0ng n\u1ebfu m\u1ed9t s\u1ed1 ch\u1ecb em ph\u1ee5 n\u1eef c\u0169ng th\u00edch u\u1ed1ng r\u01b0\u1ee3u vang m\u00e0 \u0111ang ng\u1ea7n ng\u1ea1i v\u00ec s\u1ee3 nh\u1eefng chai vang c\u00f3 n\u1ed3ng \u0111\u1ed9 c\u1ed3n qu\u00e1 cao hay kh\u00f4ng th\u00edch v\u1ecb \u0111\u1eafng v\u00e0 ch\u00e1t \u0111\u00e2\u0323m c\u00f3 trong r\u01b0\u1ee3u vang th\u01b0\u1eddng th\u00ec h\u00e3y ch\u1ecdn l\u1ef1a cho m\u00ecnh m\u1ed9t chai r\u01b0\u1ee3u vang ng\u1ecdt. V\u00ec lo\u1ea1i r\u01b0\u1ee3u n\u00e0y ra \u0111\u1eddi l\u00e0 \u0111\u1ec3 d\u00e0nh cho ph\u00e1i n\u1eef.<\/span><\/p>\n<p><span style=\"font-family: arial, helvetica, sans-serif; font-size: 12pt; color: #000000;\">Chai r\u01b0\u1ee3u vang ng\u1ecdt Queen 1868 \u2013 \u0111\u00e2y ch\u00ednh l\u00e0 c\u00e1i t\u00ean \u0111\u01b0\u1ee3c ph\u00e1i n\u1eef l\u1ef1a ch\u1ecdn nhi\u1ec1u nh\u1ea5t khi nh\u1eafc \u0111\u1ebfn <a href=\"http:\/\/winelove.vn\/9xweb\/danh-muc\/ruou-vang-tay-ban-nha\/\">vang ng\u1ecdt c\u1ee7a T\u00e2y Ban Nha<\/a>. Khi th\u01b0\u1edfng th\u1ee9c chai vang n\u00e0y h\u1ecd c\u1ea3m nh\u1eadn \u0111\u01b0\u1ee3c r\u1eb1ng nh\u1eefng tr\u00e1i nho l\u00e0m ra chai vang \u0111\u00e3 \u1edf \u0111\u1ed9 ch\u00edn gi\u00e0 \u0111\u1ebfn m\u1ee9c h\u00e9o qu\u1eaft l\u1ea1i khi\u1ebfn cho v\u1ecb nho tr\u01a1\u0309 n\u00ean ng\u1ecdt ng\u00e0o \u1ea5m n\u1ed3ng nh\u01b0 nh\u1eefng gi\u1ecdt m\u1eadt.<\/span><\/p>\n<h2><span style=\"font-size: 18pt; color: #800000;\">\u0110\u1eb7c \u0111i\u1ec3m r\u01b0\u01a1\u0323u vang ng\u1ecdt T\u00e2y Ban Nha Queen 1868<\/span><\/h2>\n<p><span style=\"font-family: arial, helvetica, sans-serif; font-size: 12pt; color: #000000;\">V\u1edbi ph\u00e1i n\u1eef s\u1ebd ch\u1eb3ng kh\u00f3 kh\u0103n g\u00ec trong vi\u1ec7c c\u1ea3m nh\u1eadn h\u1ebft m\u00f9i v\u1ecb r\u01b0\u1ee3u vang ng\u1ecdt Queen 1868. B\u1edfi v\u00ec ph\u1ee5 n\u1eef \u0111\u00e3 \u0111\u01b0\u1ee3c th\u01b0\u1ee3ng \u0111\u1ebf ban t\u1eb7ng cho c\u00e1c gi\u00e1c quan nh\u1ea1y b\u00e9n h\u01a1n nam gi\u1edbi. T\u1eeb b\u1edd m\u00f4i c\u0103ng m\u1ecdng \u0111\u1ebfn v\u1ecb gi\u00e1c nh\u1ea1y c\u1ea3m m\u00e0 ngay khi gi\u1ecdt r\u01b0\u1ee3u nh\u1ecf \u0111\u1ea7u ti\u00ean ch\u1ea1m v\u00e0o b\u1edd m\u00f4i \u1ea5y c\u00e1c m\u1ea1ch m\u00e1u trong t\u1eebng t\u1ebf b\u00e0o \u0111\u00e3 b\u1ecb k\u00edch th\u00edch khi\u1ebfn cho \u0111\u00f4i m\u00f4i chuy\u1ec3n sang m\u00e0u \u0111\u1ecf th\u1eafm h\u01a1n. V\u1ecb gi\u00e1c t\u1eeb \u0111\u00f3 c\u0169ng s\u1ed1ng d\u1eady khao kh\u00e1t mu\u1ed1n t\u1eadn h\u01b0\u1edfng h\u1ebft v\u1ecb th\u01a1m ngon t\u1eeb th\u1ee9c r\u01b0\u1ee3u n\u00e0y. <\/span><\/p>\n<p><span style=\"font-family: arial, helvetica, sans-serif; font-size: 12pt; color: #000000;\">C\u00e1c h\u01b0\u01a1ng v\u1ecb tr\u00e1i c\u00e2y c\u1ee9 th\u1ebf m\u00e0 tr\u00e0n v\u00e0o \u0111\u1ec3\u00a0 tho\u0309a m\u00e3n nhu c\u1ea7u t\u1eadn h\u01b0\u1edfng, \u0111\u1ed9 th\u01a1m ngon c\u1ee7a v\u1ecb gi\u00e1c. \u0110\u00e3 l\u00e0 vang ng\u1ecdt th\u00ec v\u1ecb ng\u1ecdt s\u1ebd chi\u1ebfm \u01b0u th\u1ebf h\u01a1n c\u1ea3 nh\u01b0ng kh\u00f4ng v\u00ec th\u1ebf m\u00e0 \u0111\u00f4\u0323 ng\u1ecdt c\u1ee7a chai vang n\u00e0y l\u00ean \u0111\u1ebfn m\u1ee9c qu\u00e1 g\u1eaft. N\u1ebfu ng\u1ecdt l\u1ecbm nh\u01b0 th\u1ebf ng\u01b0\u1eddi ta s\u1ebd g\u1ecdi ch\u00fang l\u00e0 n\u01b0\u1edbc siro ch\u1ee9 kh\u00f4ng ph\u1ea3i r\u01b0\u1ee3u vang. Khi th\u01b0\u1edfng th\u1ee9c b\u1ea1n s\u1ebd v\u1eabn c\u1ea3m nh\u1eadn \u0111\u01b0\u1ee3c ch\u00fat g\u00ec \u0111\u00f3 h\u01a1i cay cay m\u1ed9t ch\u00fat v\u00ec \u0111\u00f3 ch\u00ednh l\u00e0 s\u1ef1 th\u1ea9m th\u1ea5u t\u1eeb g\u1ed7 s\u1ed3i v\u00e0 ch\u1ea5t kho\u00e1ng t\u1eeb \u0111\u1ea5t.<\/span><\/p>\n<p><span style=\"font-family: arial, helvetica, sans-serif; font-size: 12pt; color: #000000;\">Nhi\u1ec1u khi b\u1ea1n mu\u1ed1n mua r\u01b0\u1ee3u vang ng\u1ecdt Queen 1868 nh\u01b0ng e ng\u1ea1i r\u1eb1ng kh\u00f4ng th\u1ec3 d\u00f9ng h\u1ebft ch\u00fang trong l\u1ea7n \u0111\u1ea7u ti\u00ean m\u1edf n\u1eafp v\u00e0 sau \u0111\u00f3 chai vang s\u1ebd b\u1ecb h\u1ecfng. Vi\u1ec7c \u0111\u00f3 s\u1ebd kh\u00f4ng di\u1ec5n ra n\u1ebfu b\u1ea1n bi\u1ebft c\u00e1ch b\u1ea3o qu\u1ea3n ch\u00fang. \u0110\u1ea7u ti\u00ean sau khi d\u00f9ng r\u01b0\u1ee3u vang xong m\u00e0 v\u1eabn ch\u01b0a h\u1ebft r\u01b0\u1ee3u, b\u1ea1n c\u1ea7n \u0111\u00e2\u0323y n\u1eafp chai l\u1ea1i ngay sau khi s\u1eed d\u1ee5ng \u0111\u1ec3 gi\u1ea3m thi\u1ec3u l\u01b0\u1ee3ng oxy c\u00f3 trong chai xu\u1ed1ng m\u1ee9c th\u1ea5p nh\u1ea5t, b\u1edfi oxy c\u00f3 nhi\u1ec1u trong chai r\u01b0\u1ee3u s\u1ebd c\u00e0ng khi\u1ebfn r\u01b0\u1ee3u b\u1ecb oxy h\u00f3a nhanh h\u01a1n v\u00e0 nhanh h\u1ecfng h\u01a1n nhi\u1ec1u, v\u00ec th\u1ebf h\u00e3y \u0111\u00f3ng n\u00fat b\u1ea7n\u00a0 ngay sau khi b\u1ea1n kh\u00f4ng u\u1ed1ng r\u01b0\u1ee3u n\u1eefa.<\/span><\/p>\n<p><span style=\"font-family: arial, helvetica, sans-serif; font-size: 12pt; color: #000000;\">V\u1edbi m\u1ed9t chai vang m\u1ee9c gi\u00e1 v\u1eeba ph\u1ea3i \u2013 n\u1ed3ng \u0111\u1ed9 c\u1ed3n kh\u00f4ng qu\u00e1 cao (10%) nh\u01b0 chai vang ng\u1ecdt Queen 1868 x\u1ee9ng \u0111\u00e1ng tr\u1edf th\u00e0nh s\u1ef1 l\u1ef1a ch\u1ecdn \u0111\u00e1ng tin c\u1eady c\u1ee7a ch\u1ecb em ph\u00e1i n\u1eef.<\/span><\/p>\n","protected":false},"excerpt":{"rendered":"<p>Gi\u1edbi thi\u1ec7u r\u01b0\u1ee3u vang ng\u1ecdt Queen 1868 Th\u01b0\u1eddng khi nh\u1eafc \u0111\u1ebfn r\u01b0\u1ee3u vang ng\u01b0\u1eddi ta th\u01b0\u1eddng ngh\u0129 n\u00f3 ch\u1ec9 l\u00e0 th\u1ee9c u\u1ed1ng d\u00e0nh cho ph\u00e1i m\u1ea1nh. Nh\u01b0ng tr\u00ean th\u1ef1c t\u1ebf th\u00ec r\u01b0\u1ee3u vang l\u00e0 m\u1ed9t lo\u1ea1i \u0111\u1ed3 u\u1ed1ng c\u00f3 c\u1ed3n sang tr\u1ecdng n\u00f3 kh\u00e1c c\u00e1c lo\u1ea1i r\u01b0\u1ee3u d\u00e2n gian nh\u01b0 r\u01b0\u1ee3u n\u1ebfp, r\u01b0\u1ee3u g\u1ea1o. N\u1ebfu [&hellip;]<\/p>\n","protected":false},"featured_media":5315,"comment_status":"open","ping_status":"closed","template":"","meta":[],"class_list":{"0":"post-3044","1":"product","2":"type-product","3":"status-publish","4":"has-post-thumbnail","6":"product_cat-ruou-vang-gia-re","7":"product_cat-ruou-vang-tay-ban-nha","9":"first","10":"instock","11":"shipping-taxable","12":"purchasable","13":"product-type-simple"},"_links":{"self":[{"href":"http:\/\/winelove.vn\/9xweb\/index.php?rest_route=\/wp\/v2\/product\/3044"}],"collection":[{"href":"http:\/\/winelove.vn\/9xweb\/index.php?rest_route=\/wp\/v2\/product"}],"about":[{"href":"http:\/\/winelove.vn\/9xweb\/index.php?rest_route=\/wp\/v2\/types\/product"}],"replies":[{"embeddable":true,"href":"http:\/\/winelove.vn\/9xweb\/index.php?rest_route=%2Fwp%2Fv2%2Fcomments&post=3044"}],"wp:featuredmedia":[{"embeddable":true,"href":"http:\/\/winelove.vn\/9xweb\/index.php?rest_route=\/wp\/v2\/media\/5315"}],"wp:attachment":[{"href":"http:\/\/winelove.vn\/9xweb\/index.php?rest_route=%2Fwp%2Fv2%2Fmedia&parent=3044"}],"curies":[{"name":"wp","href":"https:\/\/api.w.org\/{rel}","templated":true}]}}