{"id":3050,"date":"2017-11-24T15:58:59","date_gmt":"2017-11-24T15:58:59","guid":{"rendered":"http:\/\/winelove.vn\/9xweb\/?post_type=product&#038;p=3050"},"modified":"2023-05-08T22:58:34","modified_gmt":"2023-05-08T15:58:34","slug":"1853-vitis","status":"publish","type":"product","link":"http:\/\/winelove.vn\/9xweb\/?product=1853-vitis","title":{"rendered":"R\u01b0\u1ee3u Vang 1853\u00a0Vitis 5.4% ABV* &#8211; Vang T\u00e2y Ban Nha Nh\u1eadp Kh\u1ea9u"},"content":{"rendered":"<h2><span style=\"font-size: 18pt; color: #800000;\">Gi\u1edbi thi\u1ec7u r\u01b0\u1ee3u vang 1853\u00a0Vitis<\/span><\/h2>\n<p><span style=\"font-family: arial, helvetica, sans-serif; font-size: 12pt; color: #000000;\">R\u01b0\u1ee3u vang 1853 Vitis\u00a0\u0111\u01b0\u1ee3c s\u1ea3n xu\u1ea5t t\u1eeb nh\u00e0 m\u00e1y r\u01b0\u1ee3u vang Bodegas Lozano T\u00e2y Ban Nha. V\u1eady b\u1ea1n bi\u1ebft g\u00ec v\u1ec1 h\u00e3ng r\u01b0\u1ee3u h\u00e0ng \u0111\u1ea7u T\u00e2y Ban Nha n\u00e0y. N\u0103m 1853 \u00f4ng Juan Ram\u00f3n Lozano b\u1eaft \u0111\u1ea7u l\u1ecbch s\u1eed c\u1ee7a nh\u00e0 m\u00e1y r\u01b0\u1ee3u, khi nh\u00e0 m\u00e1y c\u1ee7a gia \u0111\u00ecnh Lozano c\u00f3 nh\u1eefng v\u01b0\u1eddn nho \u0111\u1ea7u ti\u00ean trong Villarrobledo, h\u00ecnh th\u00e0nh ch\u1ee7 y\u1ebfu b\u1edfi gi\u1ed1ng nho Albarino.\u00a0K\u1ec3 t\u1eeb \u0111\u00f3, b\u1ed1n th\u1ebf h\u1ec7 \u0111\u00e3 qu\u1ea3n l\u00fd nh\u00e0 m\u00e1y r\u01b0\u1ee3u, lu\u00f4n \u0111\u1eb7t h\u1ebft c\u00f4ng s\u1ee9c v\u00e0 ni\u1ec1m tin v\u00e0o c\u00f4ng vi\u1ec7c v\u00e0 c\u00e1c nh\u00e0 m\u00e1y r\u01b0\u1ee3u Bodegas Lozano lu\u00f4n s\u1eed d\u1ee5ng c\u00e1c k\u1ef9 thu\u1eadt truy\u1ec1n th\u1ed1ng trong vi\u1ec7c x\u00e2y d\u1ef1ng. N\u0103m 1985, c\u00e1c c\u01a1 s\u1edf c\u0169 \u0111\u00e3 \u0111\u01b0\u1ee3c mua l\u1ea1i.\u00a0<\/span><\/p>\n<p><span style=\"font-family: arial, helvetica, sans-serif; font-size: 12pt; color: #000000;\">K\u1ec3 t\u1eeb \u0111\u00f3, \u0111\u00e3 c\u00f3 nhi\u1ec1u cu\u1ed9c c\u1ea3i ti\u1ebfn \u0111\u01b0\u1ee3c ph\u00e1t tri\u1ec3n m\u1ea1nh m\u1ebd mang l\u1ea1i s\u1ef1 gia t\u0103ng \u0111\u00e1ng k\u1ec3 v\u1ec1 kh\u1ea3 n\u0103ng s\u1ea3n xu\u1ea5t r\u01b0\u1ee3u vang. N\u0103m 2005 Lozano \u0111a d\u1ea1ng h\u00f3a kinh doanh v\u00e0 b\u1eaft \u0111\u1ea7u \u0111\u1ec3 h\u1ecd d\u00e0nh nhi\u1ec1u s\u1ef1 \u0111\u1ea7u t\u01b0 c\u1ea3 v\u1ec1 kinh t\u1ebf v\u00e0 tr\u00ed l\u1ef1c cho vi\u1ec7c t\u1eadp trung tr\u1ed3ng nho \u0111\u1ec3 s\u1ea3n xu\u1ea5t r\u01b0\u1ee3u vang m\u00e0 tr\u01b0\u1edbc \u0111\u00f3 ngo\u00e0i r\u01b0\u1ee3u vang h\u1ecd c\u00f2n s\u1ea3n xu\u1ea5t c\u00e1c lo\u1ea1i n\u01b0\u1edbc \u00e9p hoa qu\u1ea3. V\u1edbi ti\u00eau ch\u00ed c\u00e1c s\u1ea3n ph\u1ea9m r\u01b0\u1ee3u vang \u0111\u01b0\u1ee3c s\u1ea3n xu\u1ea5t ra lu\u00f4n c\u00f3 \u0111\u01b0\u1ee3c ch\u1ea5t l\u01b0\u1ee3ng cao nh\u1ea5t v\u00e0 cung c\u1ea5p m\u1ed9t gi\u00e1 tr\u1ecb kh\u00e1c bi\u1ec7t cho t\u1ea5t c\u1ea3 kh\u00e1ch h\u00e0ng tin c\u1eady h\u00e3ng r\u01b0\u1ee3u. <\/span><\/p>\n<p><span style=\"font-family: arial, helvetica, sans-serif; font-size: 12pt; color: #000000;\">Nh\u00e0 m\u00e1y r\u01b0\u1ee3u Bodegas Lozano \u0111\u00e3 ph\u1ea3i tr\u1ea3i qua nhi\u1ec1u giai \u0111o\u1ea1n k\u1ebf th\u1eeba ti\u1ebfp n\u1ed1i ,\u0111\u1ec3 c\u00f3 \u0111\u01b0\u1ee3c th\u00e0nh qu\u1ea3 nh\u01b0 hi\u1ec7n nay. V\u1edbi t\u1ea5t c\u1ea3 nh\u1eefng \u0111i\u1ec1u \u0111\u00f3 v\u1ec1 m\u1ed9t h\u00e3ng r\u01b0\u1ee3u vang n\u1ed5i ti\u1ebfng \u0111\u00e3 thay l\u1eddi gi\u1edbi thi\u1ec7u cho chai vang 1853 Vitis. V\u1edbi m\u1ed9t nh\u00e0 r\u01b0\u1ee3u t\u1ea7m c\u1ee1, c\u00f3 \u0111\u1ee7 kinh nghi\u1ec7m truy\u1ec1n th\u1ed1ng v\u00e0 nh\u1eefng thi\u1ebft b\u1ecb hi\u1ec7n \u0111\u1ea1i nh\u1eefng chai vang nh\u01b0 1853 Vitis \u0111\u01b0\u1ee3c s\u1ea3n xu\u1ea5t ra t\u1ea1i \u0111\u00e2y lu\u00f4n mang m\u1ed9t ch\u1ea5t l\u01b0\u1ee3ng th\u01a1m ngon nh\u1ea5t.<\/span><\/p>\n<h2><span style=\"font-size: 18pt; color: #800000;\">\u0110\u1eb7c \u0111i\u1ec3m r\u01b0\u1ee3u vang 1853 Vitis\u00a0<\/span><\/h2>\n<p><span style=\"font-family: arial, helvetica, sans-serif; font-size: 12pt; color: #000000;\">R\u01b0\u1ee3u vang 1853 Vitis \u0111\u01b0\u1ee3c l\u00e0m b\u1eb1ng chai th\u1ee7y tinh trong su\u1ed1t cao c\u1ea5p b\u00ean ngo\u00e0i d\u00e1n nh\u00e3n m\u00e0u \u0111en \u0111\u1ecf c\u00f9ng s\u1ed1 1853 \u1edf trung t\u00e2m. N\u00fat chai m\u00e0u \u0111en th\u1eabm c\u00f3 v\u1ea1ch \u0111\u1ecf. \u0110\u00e2y ch\u00ednh l\u00e0 thi\u1ebft k\u1ebf c\u1ee7a chai r\u01b0\u1ee3u \u0111ang r\u1ea5t \u0111\u01b0\u1ee3c \u01b0a th\u00edch. V\u1edbi m\u1ed9t chai r\u01b0\u1ee3u vang cao c\u1ea5p kh\u00f4ng ch\u1ec9 \u0111\u1eb7c bi\u1ec7t \u1edf ch\u1ea5t r\u01b0\u1ee3u b\u00ean trong m\u00e0 v\u1ecf chai vang c\u0169ng c\u1ea7n \u0111\u01b0\u1ee3c thi\u1ebft k\u1ebf \u0111\u1eb9p m\u1eaft thu h\u00fat. N\u00f3 mang m\u1ed9t v\u1ebb \u0111\u1eb9p sang tr\u1ecdng v\u00e0 l\u1ecbch s\u1ef1 v\u01b0\u1ee3t b\u1eadc m\u00e0 \u00edt c\u00f3 chai r\u01b0\u1ee3u vang n\u00e0o c\u00f3 \u0111\u01b0\u1ee3c.<\/span><\/p>\n<p><span style=\"font-family: arial, helvetica, sans-serif; font-size: 12pt; color: #000000;\"> B\u00ean c\u1ea1nh h\u01b0\u01a1ng hoa lan t\u1ecfa c\u00f2n c\u00f3 c\u1ea3 m\u00f9i n\u1ed3ng n\u00e0n, t\u1eeb nhi\u1ec1u lo\u1ea1i tr\u00e1i c\u00e2y ch\u00edn m\u1ecdng kh\u00e1c nhau nh\u01b0 m\u1eadn \u0111en v\u00e0 d\u00e2u t\u00e2y \u0111\u1ecf h\u00f2a quy\u1ec7n v\u1edbi v\u1ecb ng\u1ecdt ng\u00e0o c\u1ee7a valina \u0111\u00e3 t\u1ea1o n\u00ean m\u1ed9t b\u1ea3n h\u00f2a ca m\u01b0\u1ee3t m\u00e0. Chai r\u01b0\u1ee3u vang 1853 Vitis c\u00f3 m\u00e0u \u0111\u1ecf ng\u1ecdc m\u1ea1nh m\u1ebd v\u00e0 quy\u1ebfn r\u0169 nh\u01b0ng n\u00f3 s\u1ebd chuy\u1ec3n sang m\u00e0u h\u1ed3ng h\u1ea1t l\u1ef1u theo th\u1eddi gian. <\/span><\/p>\n<p><span style=\"font-family: arial, helvetica, sans-serif; font-size: 12pt; color: #000000;\">V\u1edbi m\u1ed9t <a href=\"http:\/\/winelove.vn\/9xweb\/danh-muc\/ruou-vang-tay-ban-nha\/\" target=\"_blank\" rel=\"noopener noreferrer\">chai r\u01b0\u1ee3u T\u00e2y Ban Nha<\/a>\u00a0th\u01a1m ngon nh\u01b0 v\u1eady ch\u00ednh l\u00e0 nh\u1edd mang h\u01b0\u01a1ng th\u01a1m t\u1eeb vani, h\u01b0\u01a1ng cam th\u1ea3o c\u00f9ng qua\u0309 m\u1eadn \u0111\u1ecf v\u00e0 anh \u0111\u00e0o t\u1eeb \u0111\u00f3 \u0111\u00e3 \u0111em l\u1ea1i c\u1ea3m gi\u00e1c ng\u1ecdt ng\u00e0o m\u00e3nh li\u1ec7t cho chai r\u01b0\u1ee3u vang. Nh\u01b0ng sau s\u1ef1 ng\u1ecdt ng\u00e0o \u1ea5y l\u00e0 m\u1ed9t ch\u00fat v\u1ecb ch\u00e1t nh\u1eb9 t\u1eeb ch\u1ea5t tannin chi\u1ebft xu\u1ea5t t\u1eeb v\u1ecf c\u00e2y v\u00e0 g\u1ed7 s\u1ed3i.<\/span><\/p>\n<p><span style=\"font-family: arial, helvetica, sans-serif; font-size: 12pt; color: #000000;\">N\u1ed3ng \u0111\u1ed9\u00a014,5% vol \u0111\u00e2y c\u00f3 l\u1ebd l\u00e0 m\u1ed9t n\u1ed3ng \u0111\u1ed9 c\u1ed3n kh\u00e1 nh\u1eb9 v\u00ec th\u1ebf n\u00f3 r\u1ea5t d\u1ec5 u\u1ed1ng so v\u1edbi c\u00e1c lo\u1ea1i r\u01b0\u1ee3u m\u1ea1nh th\u00ec chai vang n\u00e0y kh\u00f4ng h\u1ec1 k\u00e9n ng\u01b0\u1eddi th\u01b0\u1edfng th\u1ee9c. Nh\u01b0ng v\u1ecb m\u01b0\u1ee3t m\u00e0 nh\u01b0 nhung \u1ea5y c\u00f9ng v\u1edbi h\u1eadu v\u1ecb s\u00e2u l\u1eafng l\u01b0u luy\u1ebfn s\u1ebd mang l\u1ea1i c\u1ea3m gi\u00e1c d\u1ec5 ch\u1ecbu nh\u1ea5t khi \u0111\u01b0\u1ee3c d\u00f9ng trong c\u00e1c b\u1eefa \u0103n ch\u00ednh c\u00f9ng nh\u1eefng ng\u01b0\u1eddi th\u00e2n th\u01b0\u01a1ng c\u1ee7a b\u1ea1n.<\/span><\/p>\n","protected":false},"excerpt":{"rendered":"<p>Gi\u1edbi thi\u1ec7u r\u01b0\u1ee3u vang 1853\u00a0Vitis R\u01b0\u1ee3u vang 1853 Vitis\u00a0\u0111\u01b0\u1ee3c s\u1ea3n xu\u1ea5t t\u1eeb nh\u00e0 m\u00e1y r\u01b0\u1ee3u vang Bodegas Lozano T\u00e2y Ban Nha. V\u1eady b\u1ea1n bi\u1ebft g\u00ec v\u1ec1 h\u00e3ng r\u01b0\u1ee3u h\u00e0ng \u0111\u1ea7u T\u00e2y Ban Nha n\u00e0y. N\u0103m 1853 \u00f4ng Juan Ram\u00f3n Lozano b\u1eaft \u0111\u1ea7u l\u1ecbch s\u1eed c\u1ee7a nh\u00e0 m\u00e1y r\u01b0\u1ee3u, khi nh\u00e0 m\u00e1y c\u1ee7a gia \u0111\u00ecnh Lozano [&hellip;]<\/p>\n","protected":false},"featured_media":3051,"comment_status":"open","ping_status":"closed","template":"","meta":[],"class_list":{"0":"post-3050","1":"product","2":"type-product","3":"status-publish","4":"has-post-thumbnail","6":"product_cat-ruou-vang-tay-ban-nha","8":"first","9":"instock","10":"shipping-taxable","11":"purchasable","12":"product-type-simple"},"_links":{"self":[{"href":"http:\/\/winelove.vn\/9xweb\/index.php?rest_route=\/wp\/v2\/product\/3050"}],"collection":[{"href":"http:\/\/winelove.vn\/9xweb\/index.php?rest_route=\/wp\/v2\/product"}],"about":[{"href":"http:\/\/winelove.vn\/9xweb\/index.php?rest_route=\/wp\/v2\/types\/product"}],"replies":[{"embeddable":true,"href":"http:\/\/winelove.vn\/9xweb\/index.php?rest_route=%2Fwp%2Fv2%2Fcomments&post=3050"}],"wp:featuredmedia":[{"embeddable":true,"href":"http:\/\/winelove.vn\/9xweb\/index.php?rest_route=\/wp\/v2\/media\/3051"}],"wp:attachment":[{"href":"http:\/\/winelove.vn\/9xweb\/index.php?rest_route=%2Fwp%2Fv2%2Fmedia&parent=3050"}],"curies":[{"name":"wp","href":"https:\/\/api.w.org\/{rel}","templated":true}]}}