{"id":318,"date":"2017-08-15T04:50:08","date_gmt":"2017-08-15T04:50:08","guid":{"rendered":"http:\/\/winelove.vn\/9xweb\/?post_type=product&#038;p=318"},"modified":"2022-10-28T15:42:36","modified_gmt":"2022-10-28T08:42:36","slug":"primo-sangiovese-merlot","status":"publish","type":"product","link":"http:\/\/winelove.vn\/9xweb\/?product=primo-sangiovese-merlot","title":{"rendered":"R\u01b0\u1ee3u Vang Primo Sangiovese Merlot 5.4% ABV* &#8211; Vang \u00dd Ngon Gi\u00e1 T\u1ed1t"},"content":{"rendered":"<p><span style=\"font-family: arial, helvetica, sans-serif; font-size: 12pt; color: #000000;\">\u0110\u1ebfn v\u1edbi \u0111\u1ea5t n\u01b0\u1edbc \u00dd trang tr\u1ecdng v\u00e0 c\u1ed5 k\u00ednh, n\u1ebfu kh\u00f4ng th\u01b0\u1edfng th\u1ee9c m\u1ed9t ly r\u01b0\u1ee3u\u00a0<\/span><span style=\"font-family: arial, helvetica, sans-serif; font-size: 12pt; color: #000000;\">vang th\u00ec c\u00f3 l\u1ebd b\u1ea1n s\u1ebd ph\u1ea3i h\u1ed1i ti\u1ebfc v\u00ec ch\u01b0a c\u1ea3m nh\u1eadn \u00dd qua th\u1ee9c u\u1ed1ng g\u1eafn li\u1ec1n v\u1edbi\u00a0<\/span><span style=\"font-family: arial, helvetica, sans-serif; font-size: 12pt; color: #000000;\">t\u00ean tu\u1ed5i c\u1ee7a qu\u1ed1c gia n\u00e0y. Trong s\u1ed1 nh\u1eefng d\u00f2ng r\u01b0\u1ee3u vang n\u1ed5i ti\u1ebfng th\u1ebf gi\u1edbi c\u1ee7a\u00a0<\/span><span style=\"font-family: arial, helvetica, sans-serif; font-size: 12pt; color: #000000;\">\u00dd, r\u01b0\u1ee3u vang Primo Sangiovese Merlot thu h\u00fat ng\u01b0\u1eddi th\u01b0\u1edfng th\u1ee9c b\u1edfi h\u01b0\u01a1ng v\u1ecb\u00a0<\/span><span style=\"font-family: arial, helvetica, sans-serif; font-size: 12pt; color: #000000;\">n\u1ed3ng n\u00e0n, quy\u1ebfn r\u0169.<\/span><\/p>\n<p>&nbsp;<\/p>\n<h2><span style=\"font-size: 18pt; color: #800000; font-family: arial, helvetica, sans-serif;\">Gi\u1edbi thi\u1ec7u r\u01b0\u1ee3u vang Primo Sangiovese Merlot:<\/span><\/h2>\n<p><span style=\"font-family: arial, helvetica, sans-serif; font-size: 12pt; color: #000000;\">R\u01b0\u1ee3u vang Primo Sangiovese Merlot l\u00e0 con \u0111\u1ebb c\u1ee7a v\u00f9ng Canosa di Puglia. Nguy\u00ean\u00a0<\/span><span style=\"font-family: arial, helvetica, sans-serif; font-size: 12pt; color: #000000;\">li\u1ec7u ch\u00ednh quy\u1ebft \u0111\u1ecbnh h\u01b0\u01a1ng v\u1ecb c\u1ee7a r\u01b0\u1ee3u vang ch\u00ednh l\u00e0 nh\u1eefng tr\u00e1i nho. Primo\u00a0<\/span><span style=\"font-family: arial, helvetica, sans-serif; font-size: 12pt; color: #000000;\">Sangiovese Merlot \u0111\u01b0\u1ee3c l\u00e0m t\u1eeb gi\u1ed1ng nho merlot. Ngu\u1ed3n g\u1ed1c xu\u1ea5t x\u1ee9 c\u1ee7a gi\u1ed1ng\u00a0<\/span><span style=\"font-family: arial, helvetica, sans-serif; font-size: 12pt; color: #000000;\">nho n\u00e0y l\u00e0 t\u1eeb Bordeaux (Sangiovese 70% \u2013 Merlot 30%).<\/span><\/p>\n<p style=\"text-align: center;\"><img loading=\"lazy\" decoding=\"async\" class=\"aligncenter size-full wp-image-4492\" src=\"http:\/\/winelove.vn\/9xweb\/wp-content\/uploads\/2017\/08\/gioi-thieu-ruou-vang-primo-sangiovese-merlot.jpg\" alt=\"gi\u1edbi thi\u1ec7u r\u01b0\u1ee3u vang Primo Sangiovese Merlot\" width=\"400\" height=\"513\" srcset=\"http:\/\/winelove.vn\/9xweb\/wp-content\/uploads\/2017\/08\/gioi-thieu-ruou-vang-primo-sangiovese-merlot.jpg 400w, http:\/\/winelove.vn\/9xweb\/wp-content\/uploads\/2017\/08\/gioi-thieu-ruou-vang-primo-sangiovese-merlot-234x300.jpg 234w\" sizes=\"(max-width: 400px) 100vw, 400px\" \/><\/p>\n<p><span style=\"font-family: arial, helvetica, sans-serif; font-size: 12pt; color: #000000;\">Tr\u00ean th\u1ebf gi\u1edbi, khu v\u1ef1c\u00a0<\/span><span style=\"font-family: arial, helvetica, sans-serif; font-size: 12pt; color: #000000;\">hi\u1ec7n nay tr\u1ed3ng, ph\u00e1t tri\u1ec3n v\u00e0 coi gi\u1ed1ng merlot l\u00e0 gi\u1ed1ng nho ch\u1ee7 \u0111\u1ea1o ch\u00ednh l\u00e0 \u00dd v\u00e0\u00a0<\/span><span style=\"font-family: arial, helvetica, sans-serif; font-size: 12pt; color: #000000;\">California. N\u1ebfu nh\u01b0 ph\u00eda tr\u00e1i s\u00f4ng Rironde c\u00f3 Cabernet Sauvignon c\u00f3 c\u00e1c l\u00e0ng\u00a0<\/span><span style=\"font-family: arial, helvetica, sans-serif; font-size: 12pt; color: #000000;\">tr\u1ed3ng nho l\u00e2u \u0111\u1eddi th\u00ec ph\u00eda ph\u1ea3i c\u00f3 Merlot n\u1ed5i ti\u1ebfng. \u0110i\u1ec3n h\u00ecnh l\u00e0 2 l\u00e0ng Pemerol v\u00e0\u00a0<\/span><span style=\"font-family: arial, helvetica, sans-serif; font-size: 12pt; color: #000000;\">Emilion. Gi\u1ed1ng nho Merlot nh\u1eadn \u0111\u01b0\u1ee3c s\u1ef1 \u01b0a chu\u1ed9ng c\u1ee7a nh\u1eefng ng\u01b0\u1eddi th\u1ee3 s\u1ea3n xu\u1ea5t\u00a0<\/span><span style=\"font-family: arial, helvetica, sans-serif; font-size: 12pt; color: #000000;\">r\u01b0\u1ee3u vang l\u00e0nh ngh\u1ec1 l\u00e0 nh\u1edd v\u00e0o ch\u1ea5t l\u01b0\u01a1ng tuy\u1ec7t h\u1ea3o c\u1ee7a n\u00f3. Gi\u1ed1ng nho n\u00e0y c\u00f3 v\u1ecf\u00a0<\/span><span style=\"font-family: arial, helvetica, sans-serif; font-size: 12pt; color: #000000;\">m\u1ecfng, qu\u1ea3 to, nh\u00ecn r\u1ea5t b\u1eaft m\u1eaft, c\u00f9ng v\u1edbi \u0111\u00f3 l\u00e0 h\u01b0\u01a1ng v\u1ecb th\u00ec kh\u00f4ng c\u1ea7n b\u00e0n c\u00e3i.<\/span><\/p>\n<p>&nbsp;<\/p>\n<h2><span style=\"font-size: 18pt; color: #800000; font-family: arial, helvetica, sans-serif;\">V\u1ec1 quy tr\u00ecnh s\u1ea3n xu\u1ea5t Primo Sangiovese Merlot:<\/span><\/h2>\n<p><span style=\"font-family: arial, helvetica, sans-serif; font-size: 12pt; color: #000000;\">Sau khi thu ho\u1ea1ch nh\u1eefng tr\u00e1i nho t\u01b0\u01a1i ngon, \u0111\u1ea1t ch\u1ea5t l\u01b0\u1ee3ng t\u1eeb c\u00e1c c\u00e1nh \u0111\u1ed3ng nho\u00a0<\/span><span style=\"font-family: arial, helvetica, sans-serif; font-size: 12pt; color: #000000;\">Canosa di Puglia v\u1ec1. Nh\u1eefng ng\u01b0\u1eddi th\u1ee3 s\u1ea3n xu\u1ea5t r\u01b0\u1ee3u vang l\u00e0nh ngh\u1ec1 b\u1eaft \u0111\u1ea7u ti\u1ebfn\u00a0<\/span><span style=\"font-family: arial, helvetica, sans-serif; font-size: 12pt; color: #000000;\">h\u00e0nh nghi\u1ec1n nho v\u00e0 ng\u00e2m nho. Qu\u00e1 tr\u00ecnh ng\u00e2m nho s\u1ebd di\u1ec5n ra \u1edf m\u00f4i tr\u01b0\u1eddng \u0111\u01b0\u1ee3c\u00a0<\/span><span style=\"font-family: arial, helvetica, sans-serif; font-size: 12pt; color: #000000;\">ki\u1ec3m so\u00e1t nghi\u00eam ng\u1eb7t v\u1ec1 nhi\u1ec7t \u0111\u1ed9 trong su\u1ed1t 8-10 ng\u00e0y.<\/span><\/p>\n<p><span style=\"font-family: arial, helvetica, sans-serif; font-size: 12pt; color: #000000;\">Ngay sau \u0111\u00f3, r\u01b0\u1ee3u vang Primo Sangiovese Merlot \u0111\u01b0\u1ee3c\u00a0<\/span><span style=\"font-family: arial, helvetica, sans-serif; font-size: 12pt; color: #000000;\">l\u00ean men Malolactic v\u00e0 \u0111\u01b0\u1ee3c ch\u1ee9a b\u1eb1ng c\u00e1c th\u00f9ng th\u00e9p kh\u00f4ng r\u1ec9 trong kho\u1ea3ng th\u1eddi\u00a0<\/span><span style=\"font-family: arial, helvetica, sans-serif; font-size: 12pt; color: #000000;\">gian 6 th\u00e1ng. L\u00fac n\u00e0y, r\u01b0\u1ee3u vang s\u1ebd \u0111\u01b0\u1ee3c l\u00e3o h\u00f3a trong nh\u1eefng th\u00f9ng g\u1ed7 s\u1ed3i M\u1ef9 v\u00e0\u00a0<\/span><span style=\"font-family: arial, helvetica, sans-serif; font-size: 12pt; color: #000000;\">Ph\u00e1p kho\u1ea3ng 4-5 th\u00e1ng tr\u01b0\u1edbc khi \u0111\u1ebfn v\u1edbi ng\u01b0\u1eddi th\u01b0\u1edfng th\u1ee9c tr\u00ean to\u00e0n th\u1ebf gi\u1edbi.<\/span><\/p>\n<p>&nbsp;<\/p>\n<h2><span style=\"font-size: 18pt; color: #800000; font-family: arial, helvetica, sans-serif;\">V\u1ec1 \u0111\u1eb7c \u0111i\u1ec3m c\u1ee7a vang \u00dd Primo Sangiovese Merlot: <\/span><\/h2>\n<p><span style=\"font-family: arial, helvetica, sans-serif; font-size: 12pt; color: #000000;\">R\u01b0\u1ee3u vang Primo Sangiovese Merlot mang m\u00e0u c\u00f3 m\u00e0u \u0111\u1ecf ruby s\u00e2u s\u1eafc, quy\u1ebfn r\u0169.\u00a0<\/span><span style=\"font-family: arial, helvetica, sans-serif; font-size: 12pt; color: #000000;\">N\u1ebfu \u0111\u01b0\u1ee3c g\u1ecdi t\u00ean h\u01b0\u01a1ng v\u1ecb c\u1ee7a r\u01b0\u1ee3u <span style=\"color: #ff6600;\"><a style=\"color: #ff6600;\" href=\"http:\/\/winelove.vn\/9xweb\/danh-muc\/ruou-vang-y\/\">vang \u00dd<\/a><\/span> Primo Sangiovese Merlot b\u1eb1ng nh\u1eefng\u00a0<\/span><span style=\"font-family: arial, helvetica, sans-serif; font-size: 12pt; color: #000000;\">t\u00ednh t\u1eeb, th\u00ec c\u00f3 l\u1ebd d\u1eef d\u1ed9i v\u00e0 dai d\u1eb3ng l\u00e0 nh\u1eefng l\u1ef1a ch\u1ecdn ph\u00f9 h\u1ee3p nh\u1ea5t, g\u1ee3i n\u00ean b\u1ee9c\u00a0<\/span><span style=\"font-family: arial, helvetica, sans-serif; font-size: 12pt; color: #000000;\">ch\u00e2n dung ph\u00e1c h\u1ecda h\u01b0\u01a1ng v\u1ecb c\u1ee7a lo\u1ea1i r\u01b0\u1ee3u vang n\u00e0y. <\/span><\/p>\n<p><span style=\"font-family: arial, helvetica, sans-serif; font-size: 12pt; color: #000000;\">Th\u01b0\u1edfng th\u1ee9c m\u1ed9t ly r\u01b0\u1ee3u\u00a0<\/span><span style=\"font-family: arial, helvetica, sans-serif; font-size: 12pt; color: #000000;\">vang Primo Sangiovese Merlot, ta s\u1ebd ngay l\u1eadp t\u1ee9c c\u1ea3m nh\u1eadn \u0111\u01b0\u1ee3c s\u1ef1 k\u1ebft h\u1ee3p \u0111\u1ea7y\u00a0<\/span><span style=\"font-family: arial, helvetica, sans-serif; font-size: 12pt; color: #000000;\">tinh t\u1ebf c\u1ee7a m\u00f9i tr\u00e1i c\u00e2y ch\u00edn m\u1ecdng, bao g\u1ed3m qu\u1ea3 m\u00e2m x\u00f4i, d\u00e2u r\u1eebng, m\u1eadn \u0111\u1ecf, d\u00e2u\u00a0<\/span><span style=\"font-family: arial, helvetica, sans-serif; font-size: 12pt; color: #000000;\">t\u00e2y, anh \u0111\u00e0o&#8230;v\u1edbi ch\u00fat h\u01b0\u01a1ng th\u01a1m ph\u1ea3ng ph\u1ea5t c\u1ee7a vani. H\u01b0\u01a1ng li\u1ec7u b\u00ed m\u1eadt- ch\u1ea5t\u00a0<\/span><span style=\"font-family: arial, helvetica, sans-serif; font-size: 12pt; color: #000000;\">tannin t\u1ef1 nhi\u00ean \u0111\u00e3 gi\u00fap h\u01b0\u01a1ng v\u1ecb r\u01b0\u1ee3u vang tr\u1edf n\u00ean v\u1eeba v\u1eb7n, c\u00e2n b\u1eb1ng \u0111\u1ebfn ho\u00e0n\u00a0<\/span><span style=\"font-family: arial, helvetica, sans-serif; font-size: 12pt; color: #000000;\">h\u1ea3o, tinh t\u1ebf. Ch\u1ea5t tannin n\u00e0y \u0111\u01b0\u1ee3c Primo Sangiovese Merlot th\u1ea9m th\u1ea5u trong qu\u00e1\u00a0<\/span><span style=\"font-family: arial, helvetica, sans-serif; font-size: 12pt; color: #000000;\">tr\u00ecnh \u1ee7 r\u01b0\u1ee3u.<\/span><\/p>\n<p style=\"text-align: center;\"><img loading=\"lazy\" decoding=\"async\" class=\"aligncenter size-full wp-image-4487\" src=\"http:\/\/winelove.vn\/9xweb\/wp-content\/uploads\/2017\/08\/dac-diem-vang-primo-sangiovese-merlot.jpg\" alt=\"\u0111\u1eb7c \u0111i\u1ec3m vang Primo Sangiovese Merlot\" width=\"400\" height=\"533\" srcset=\"http:\/\/winelove.vn\/9xweb\/wp-content\/uploads\/2017\/08\/dac-diem-vang-primo-sangiovese-merlot.jpg 400w, http:\/\/winelove.vn\/9xweb\/wp-content\/uploads\/2017\/08\/dac-diem-vang-primo-sangiovese-merlot-225x300.jpg 225w\" sizes=\"(max-width: 400px) 100vw, 400px\" \/><\/p>\n<p><span style=\"font-family: arial, helvetica, sans-serif; font-size: 12pt; color: #000000;\">Qu\u00e1 tr\u00ecnh \u1ee7 r\u01b0\u1ee3u trong nh\u1eefng th\u00f9ng g\u1ed7 s\u1ed3i l\u00e2u n\u0103m v\u1edbi m\u1ed9t kho\u1ea3ng\u00a0<\/span><span style=\"font-family: arial, helvetica, sans-serif; font-size: 12pt; color: #000000;\">th\u1eddi gian d\u00e0i c\u00e0ng l\u00e0m cho ch\u1ea5t tannin ho\u00e0n to\u00e0n t\u1ef1 nhi\u00ean ph\u00e1t huy h\u1ebft t\u00e1c d\u1ee5ng\u00a0<\/span><span style=\"font-family: arial, helvetica, sans-serif; font-size: 12pt; color: #000000;\">th\u1ea7n k\u00ec gi\u00fap cho ch\u1ea5t l\u01b0\u1ee3ng r\u01b0\u1ee3u vang tr\u1edf n\u00ean \u1ea5n t\u01b0\u1ee3ng.\u00a0<\/span><span style=\"font-family: arial, helvetica, sans-serif; font-size: 12pt; color: #000000;\">Nhi\u1ec7t \u0111\u1ed9 th\u01b0\u1edfng th\u1ee9c l\u00fd t\u01b0\u1edfng \u0111\u1ec3 th\u01b0\u1edfng th\u1ee9c Primo Sangiovese Merlot l\u00e0 18 \u00b0 C.\u00a0<\/span><span style=\"font-family: arial, helvetica, sans-serif; font-size: 12pt; color: #000000;\">V\u1edbi n\u1ed3ng \u0111\u1ed9 c\u1ed3n l\u00e0 12.0% vol, lo\u1ea1i r\u01b0\u1ee3u vang n\u00e0y \u0111\u01b0\u1ee3c nh\u1eadn x\u00e9t l\u00e0 kh\u00e1 nh\u1eb9 nh\u00e0ng\u00a0<\/span><span style=\"font-family: arial, helvetica, sans-serif; font-size: 12pt; color: #000000;\">v\u00e0 ph\u00f9 h\u1ee3p v\u1edbi \u0111\u1ea1i \u0111a s\u1ed1 \u0111\u1ed1i t\u01b0\u1ee3ng th\u01b0\u1edfng th\u1ee9c. <\/span><\/p>\n<p><span style=\"font-family: arial, helvetica, sans-serif; font-size: 12pt; color: #000000;\">B\u00e0n v\u1ec1 s\u1ef1 k\u1ebft h\u1ee3p gi\u1eefa r\u01b0\u1ee3u vang\u00a0<\/span><span style=\"font-family: arial, helvetica, sans-serif; font-size: 12pt; color: #000000;\">Primo Sangiovese Merlot v\u00e0 \u1ea9m th\u1ef1c, lo\u1ea1i r\u01b0\u1ee3u vang n\u00e0y \u0111\u1eb7c bi\u1ec7t ph\u00f9 h\u1ee3p \u0103n k\u00e8m\u00a0<\/span><span style=\"font-family: arial, helvetica, sans-serif; font-size: 12pt; color: #000000;\">c\u00f9ng x\u00fac x\u00edch, c\u00e1c lo\u1ea1i th\u1ecbt v\u00e0 pho m\u00e1t. B\u00ean c\u1ea1nh \u0111\u00f3, nh\u1eefng m\u00f3n \u0103n \u0110\u00f4ng \u00c1, \u0111\u1eb7c\u00a0<\/span><span style=\"font-family: arial, helvetica, sans-serif; font-size: 12pt; color: #000000;\">bi\u1ec7t l\u00e0 c\u00e1c m\u00f3n \u0103n m\u1eb7n trong c\u00e1c m\u00e2m c\u1ed7 truy\u1ec1n th\u1ed1ng c\u0169ng s\u1ebd v\u00f4 c\u00f9ng ph\u00f9 h\u1ee3p\u00a0<\/span><span style=\"font-family: arial, helvetica, sans-serif; font-size: 12pt; color: #000000;\">v\u1edbi r\u01b0\u1ee3u vang Primo Sangiovese Merlot.<\/span><\/p>\n<p><span style=\"font-family: arial, helvetica, sans-serif; font-size: 12pt; color: #000000;\">G\u1ecdi ngay:\u00a0<strong>098.221.6068<\/strong>\u00a0\u0111\u1ec3 \u0111\u01b0\u1ee3c t\u01b0 v\u1ea5n v\u00e0 b\u00e1o gi\u00e1 r\u01b0\u1ee3u !<\/span><\/p>\n<p><span style=\"color: #ff0000; font-size: 12pt;\"><strong>\u21d2 <span style=\"color: #000000;\">Xem Th\u00eam: <span style=\"color: #ff0000;\"><a style=\"color: #ff0000;\" href=\"https:\/\/ruouvang24h.vn\/ruou-vang-bich\">R\u01b0\u1ee3u Vang B\u1ecbch \u00dd<\/a><\/span><\/span><\/strong><\/span><\/p>\n","protected":false},"excerpt":{"rendered":"<p><span style=\"font-size: 16px; color: #000000;\"><strong>Xu\u1ea5t x\u1ee9:\u00a0<\/strong> Puglia<\/span><br \/>\n<span style=\"font-size: 16px; color: #000000;\"> <strong>N\u1ed3ng \u0111\u1ed9:\u00a0<\/strong>12%<\/span><br \/>\n<span style=\"font-size: 16px; color: #000000;\"><strong>\u0110\u1eb7c \u0111i\u1ec3m:<\/strong>\u00a0R\u01b0\u1ee3u vang\u00a0<a href=\"http:\/\/winelove.vn\/9xweb\/ruou-vang\/primo-sangiovese-merlot\/\">Primo Sangiovese Merlot<\/a>\u00a0c\u00f3 m\u00e0u c\u00f3 m\u00e0u \u0111\u1ecf ruby s\u00e2u s\u1eafc.\u00a0H\u01b0\u01a1ng v\u1ecb c\u1ee7a\u00a0R\u01b0\u1ee3u vang \u00dd\u00a0Primo Sangiovese Merlot v\u00f4 c\u00f9ng d\u1eef d\u1ed9i\u00a0v\u00e0 dai d\u1eb3ng. \u0110\u00f3 l\u00e0 s\u1ef1 k\u1ebft h\u1ee3p \u0111\u1ea7y tinh t\u1ebf c\u1ee7a m\u00f9i tr\u00e1i c\u00e2y r\u1eebng ch\u00edn m\u1ecdng v\u1edbi ch\u00fat\u00a0h\u01b0\u01a1ng th\u01a1m ph\u1ea3ng ph\u1ea5t c\u1ee7a anh \u0111\u00e0o, m\u1eadn v\u00e0 vani. Nh\u1edd ch\u1ea5t tannin t\u1ef1 nhi\u00ean,\u00a0<a href=\"http:\/\/winelove.vn\/9xweb\">r\u01b0\u1ee3u\u00a0vang<\/a> n\u00e0y tr\u1edf n\u00ean v\u1eeba v\u1eb7n, v\u00e0 c\u00e2n b\u1eb1ng \u0111\u1ebfn ho\u00e0n h\u1ea3o. Ch\u1ea5t tannins n\u00e0y \u0111\u01b0\u1ee3c h\u1ea5p th\u1ee5\u00a0trong qu\u00e1 tr\u00ecnh \u1ee7 r\u01b0\u1ee3u c\u00f9ng v\u1edbi th\u00f9ng g\u1ed7 s\u1ed3i l\u00e2u n\u0103m, n\u00f3 l\u00e0 ch\u1ea5t tannin ho\u00e0n to\u00e0n t\u1ef1\u00a0nhi\u00ean.<\/span><\/p>\n","protected":false},"featured_media":1098,"comment_status":"open","ping_status":"closed","template":"","meta":[],"class_list":{"0":"post-318","1":"product","2":"type-product","3":"status-publish","4":"has-post-thumbnail","6":"product_cat-ruou-vang-gia-re","7":"product_cat-ruou-vang-y","9":"first","10":"instock","11":"shipping-taxable","12":"purchasable","13":"product-type-simple"},"_links":{"self":[{"href":"http:\/\/winelove.vn\/9xweb\/index.php?rest_route=\/wp\/v2\/product\/318"}],"collection":[{"href":"http:\/\/winelove.vn\/9xweb\/index.php?rest_route=\/wp\/v2\/product"}],"about":[{"href":"http:\/\/winelove.vn\/9xweb\/index.php?rest_route=\/wp\/v2\/types\/product"}],"replies":[{"embeddable":true,"href":"http:\/\/winelove.vn\/9xweb\/index.php?rest_route=%2Fwp%2Fv2%2Fcomments&post=318"}],"wp:featuredmedia":[{"embeddable":true,"href":"http:\/\/winelove.vn\/9xweb\/index.php?rest_route=\/wp\/v2\/media\/1098"}],"wp:attachment":[{"href":"http:\/\/winelove.vn\/9xweb\/index.php?rest_route=%2Fwp%2Fv2%2Fmedia&parent=318"}],"curies":[{"name":"wp","href":"https:\/\/api.w.org\/{rel}","templated":true}]}}