{"id":3325,"date":"2017-12-14T16:48:42","date_gmt":"2017-12-14T16:48:42","guid":{"rendered":"http:\/\/winelove.vn\/9xweb\/?post_type=product&#038;p=3325"},"modified":"2019-12-22T16:08:15","modified_gmt":"2019-12-22T09:08:15","slug":"hop-qua-tet-07","status":"publish","type":"product","link":"http:\/\/winelove.vn\/9xweb\/?product=hop-qua-tet-07","title":{"rendered":"Gi\u1ecf Qu\u00e0 T\u1ebft B\u1eb1ng Da Cao C\u1ea5p T\u1eb7ng S\u1ebfp \u2013 2020"},"content":{"rendered":"<table style=\"height: 219px; width: 100%; border-collapse: collapse; background-color: #30e6b2;\">\n<tbody>\n<tr style=\"height: 43px;\">\n<td style=\"width: 57.1972%; height: 43px;\"><span style=\"font-size: 12pt;\"><strong>Th\u00e0nh Ph\u1ea7n<\/strong><\/span><\/td>\n<td style=\"width: 14.4852%; height: 43px;\"><span style=\"font-size: 12pt;\"><strong>Xu\u1ea5t X\u1ee9<\/strong><\/span><\/td>\n<td style=\"width: 14.3401%; height: 43px;\"><span style=\"font-size: 12pt;\"><strong>Tr\u1ecdng L\u01b0\u1ee3ng<\/strong><\/span><\/td>\n<td style=\"width: 13.9775%; height: 43px;\"><span style=\"font-size: 12pt;\"><strong>S\u1ed1 L\u01b0\u1ee3ng<\/strong><\/span><\/td>\n<\/tr>\n<tr style=\"height: 22px;\">\n<td style=\"width: 57.1972%; height: 22px;\"><span style=\"font-size: 12pt;\">Chi<\/span><span style=\"font-size: 12pt;\"> Vas 18<\/span><\/td>\n<td style=\"width: 14.4852%; height: 22px;\"><span style=\"font-size: 12pt;\">Scotland<\/span><\/td>\n<td style=\"width: 14.3401%; height: 22px;\"><span style=\"font-size: 12pt;\">750ML<\/span><\/td>\n<td style=\"width: 13.9775%; height: 22px;\"><span style=\"font-size: 12pt;\">1<\/span><\/td>\n<\/tr>\n<tr style=\"height: 22px;\">\n<td style=\"width: 57.1972%; height: 22px;\"><span style=\"font-size: 12pt;\">Tr\u00e0 \u00d4 Long<\/span><\/td>\n<td style=\"width: 14.4852%; height: 22px;\"><span style=\"font-size: 12pt;\">Vi\u1ec7t Nam<\/span><\/td>\n<td style=\"width: 14.3401%; height: 22px;\"><span style=\"font-size: 12pt;\">340g<\/span><\/td>\n<td style=\"width: 13.9775%; height: 22px;\"><span style=\"font-size: 12pt;\">1<\/span><\/td>\n<\/tr>\n<tr style=\"height: 22px;\">\n<td style=\"width: 57.1972%; height: 22px;\"><span style=\"font-size: 12pt;\">Cafe Tchibo<\/span><\/td>\n<td style=\"width: 14.4852%; height: 22px;\"><span style=\"font-size: 12pt;\">\u0110\u1ee9c<\/span><\/td>\n<td style=\"width: 14.3401%; height: 22px;\"><span style=\"font-size: 12pt;\">150g<\/span><\/td>\n<td style=\"width: 13.9775%; height: 22px;\"><span style=\"font-size: 12pt;\">1<\/span><\/td>\n<\/tr>\n<tr style=\"height: 22px;\">\n<td style=\"width: 57.1972%; height: 22px;\"><span style=\"font-size: 12pt;\">Nho Raising<\/span><\/td>\n<td style=\"width: 14.4852%; height: 22px;\"><span style=\"font-size: 12pt;\">USA<\/span><\/td>\n<td style=\"width: 14.3401%; height: 22px;\"><span style=\"font-size: 12pt;\">200g<\/span><\/td>\n<td style=\"width: 13.9775%; height: 22px;\"><span style=\"font-size: 12pt;\">1<\/span><\/td>\n<\/tr>\n<tr style=\"height: 22px;\">\n<td style=\"width: 57.1972%; height: 22px;\"><span style=\"font-size: 12pt;\">B\u00e1nh Kensington<\/span><\/td>\n<td style=\"width: 14.4852%; height: 22px;\"><span style=\"font-size: 12pt;\">Ba Lan<\/span><\/td>\n<td style=\"width: 14.3401%; height: 22px;\"><span style=\"font-size: 12pt;\">113g<\/span><\/td>\n<td style=\"width: 13.9775%; height: 22px;\"><span style=\"font-size: 12pt;\">1<\/span><\/td>\n<\/tr>\n<tr style=\"height: 22px;\">\n<td style=\"width: 57.1972%; height: 22px;\"><span style=\"font-size: 12pt;\">B\u00e1nh qu\u1ebf Prirouette<\/span><\/td>\n<td style=\"width: 14.4852%; height: 22px;\"><span style=\"font-size: 12pt;\">Indonesia<\/span><\/td>\n<td style=\"width: 14.3401%; height: 22px;\"><span style=\"font-size: 12pt;\">382g<\/span><\/td>\n<td style=\"width: 13.9775%; height: 22px;\"><span style=\"font-size: 12pt;\">1<\/span><\/td>\n<\/tr>\n<tr style=\"height: 22px;\">\n<td style=\"width: 57.1972%; height: 22px;\"><span style=\"font-size: 12pt;\">K\u1eb9o Plum In Chocolate<\/span><\/td>\n<td style=\"width: 14.4852%; height: 22px;\"><span style=\"font-size: 12pt;\">Ba Lan<\/span><\/td>\n<td style=\"width: 14.3401%; height: 22px;\"><span style=\"font-size: 12pt;\">100g<\/span><\/td>\n<td style=\"width: 13.9775%; height: 22px;\"><span style=\"font-size: 12pt;\">1<\/span><\/td>\n<\/tr>\n<tr style=\"height: 22px;\">\n<td style=\"width: 57.1972%; height: 22px;\"><span style=\"font-size: 12pt;\">B\u00e1nh Royal<\/span><\/td>\n<td style=\"width: 14.4852%; height: 22px;\"><span style=\"font-size: 12pt;\">Ba Lan<\/span><\/td>\n<td style=\"width: 14.3401%; height: 22px;\"><span style=\"font-size: 12pt;\">432g<\/span><\/td>\n<td style=\"width: 13.9775%; height: 22px;\"><span style=\"font-size: 12pt;\">1<\/span><\/td>\n<\/tr>\n<\/tbody>\n<\/table>\n<p><span style=\"font-size: 12pt;\"><span style=\"color: #0000ff;\">\u25ba<\/span>\u00a0Chi\u1ebft Kh\u1ea5u C\u1ef1c Cao Cho Ng\u01b0\u1eddi Gi\u1edbi Thi\u1ec7u<\/span><\/p>\n<p><span style=\"font-size: 12pt;\"><span style=\"color: #0000ff;\">\u25ba<\/span>\u00a0Qu\u00fd Kh\u00e1ch C\u00f3 Th\u1ec3 T\u00f9y \u00dd Thay \u0110\u1ed5i Th\u00e0nh Ph\u1ea7n Trong H\u1ed9p Qu\u00e0 C\u00f3 S\u1eb5n<\/span><\/p>\n<p><span style=\"font-size: 12pt;\"><span style=\"color: #0000ff;\">\u25ba<\/span>\u00a0Ch\u00fang T\u00f4i C\u00f3 Tr\u00ean 3000 M\u1eabu R\u01b0\u1ee3u Vang V\u00e0 Tr\u00ean 100 C\u00e1c Lo\u1ea1i B\u00e1nh K\u1eb9o Nh\u1eadp Kh\u1ea9u Kh\u00e1c Nhau. C\u00e1c B\u1ea1n C\u00f3 Th\u1ec3 T\u00f9y \u00dd S\u1eafp X\u1ebfp V\u00e0 L\u1ef1a Ch\u1ecdn<\/span><\/p>\n<p><span style=\"font-size: 12pt;\"><span style=\"color: #0000ff;\">\u25ba<\/span>\u00a0C\u00e1c C\u00f4ng Ty Hay T\u1ed5 Ch\u1ee9c \u0110\u1eb7t H\u00e0ng V\u1edbi S\u1ed1 L\u01b0\u1ee3ng Nhi\u1ec1u. Vui L\u00f2ng Li\u00ean H\u1ec7: 0948.662.658 \u0110\u1ec3 Nh\u1eadn Gi\u00e1 Chi\u1ebft Kh\u1ea5u<\/span><\/p>\n<p><span style=\"font-size: 12pt;\"><span style=\"color: #0000ff;\">\u25ba<\/span>\u00a0Ship H\u00e0ng To\u00e0n Qu\u1ed1c \u2013 \u0110\u00f3ng G\u00f3i Ch\u1eafc Ch\u1eafn C\u1ea9n Th\u1eadn<\/span><\/p>\n<p>&nbsp;<\/p>\n<p>&nbsp;<\/p>\n","protected":false},"excerpt":{"rendered":"<p>Th\u00e0nh Ph\u1ea7n Xu\u1ea5t X\u1ee9 Tr\u1ecdng L\u01b0\u1ee3ng S\u1ed1 L\u01b0\u1ee3ng Chi Vas 18 Scotland 750ML 1 Tr\u00e0 \u00d4 Long Vi\u1ec7t Nam 340g 1 Cafe Tchibo \u0110\u1ee9c 150g 1 Nho Raising USA 200g 1 B\u00e1nh Kensington Ba Lan 113g 1 B\u00e1nh qu\u1ebf Prirouette Indonesia 382g 1 K\u1eb9o Plum In Chocolate Ba Lan 100g 1 B\u00e1nh Royal Ba Lan [&hellip;]<\/p>\n","protected":false},"featured_media":6319,"comment_status":"open","ping_status":"closed","template":"","meta":[],"class_list":{"0":"post-3325","1":"product","2":"type-product","3":"status-publish","4":"has-post-thumbnail","6":"product_cat-qua-tet","8":"first","9":"instock","10":"shipping-taxable","11":"purchasable","12":"product-type-simple"},"_links":{"self":[{"href":"http:\/\/winelove.vn\/9xweb\/index.php?rest_route=\/wp\/v2\/product\/3325"}],"collection":[{"href":"http:\/\/winelove.vn\/9xweb\/index.php?rest_route=\/wp\/v2\/product"}],"about":[{"href":"http:\/\/winelove.vn\/9xweb\/index.php?rest_route=\/wp\/v2\/types\/product"}],"replies":[{"embeddable":true,"href":"http:\/\/winelove.vn\/9xweb\/index.php?rest_route=%2Fwp%2Fv2%2Fcomments&post=3325"}],"wp:featuredmedia":[{"embeddable":true,"href":"http:\/\/winelove.vn\/9xweb\/index.php?rest_route=\/wp\/v2\/media\/6319"}],"wp:attachment":[{"href":"http:\/\/winelove.vn\/9xweb\/index.php?rest_route=%2Fwp%2Fv2%2Fmedia&parent=3325"}],"curies":[{"name":"wp","href":"https:\/\/api.w.org\/{rel}","templated":true}]}}