{"id":414,"date":"2017-08-15T12:06:59","date_gmt":"2017-08-15T12:06:59","guid":{"rendered":"http:\/\/winelove.vn\/9xweb\/?post_type=product&#038;p=414"},"modified":"2023-05-08T14:59:03","modified_gmt":"2023-05-08T07:59:03","slug":"tropical-mango-moscato","status":"publish","type":"product","link":"http:\/\/winelove.vn\/9xweb\/?product=tropical-mango-moscato","title":{"rendered":"Cocktail Tropical Mango Moscato 5.4% ABV* &#8211; Cocktail Tr\u00e1i C\u00e2y C\u1ee7a \u00dd"},"content":{"rendered":"<h2><span style=\"font-family: arial, helvetica, sans-serif; font-size: 18pt; color: #800000;\"><strong>Gi\u1edbi thi\u1ec7u r\u01b0\u1ee3u cocktail Tropical Mango Moscato:<\/strong><\/span><\/h2>\n<p><span style=\"font-family: arial, helvetica, sans-serif; font-size: 12pt;\">R\u01b0\u1ee3u Cocktail Tropical Mango Moscato l\u00e0 m\u1ed9t chai r\u01b0\u1ee3u v\u00f4 c\u00f9ng \u0111\u1eb7c bi\u1ec7t \u0111\u1ebfn t\u1eeb c\u01b0\u1eddng qu\u1ed1c r\u01b0\u1ee3u vang Italy. \u0110\u01b0\u1ee3c ra \u0111\u1eddi t\u1eeb c\u00f4ng th\u1ee9c pha tr\u1ed9n v\u00f4 c\u00f9ng \u0111\u1eb7c bi\u1ec7t gi\u1eefa nho v\u00e0 c\u00e1c lo\u1ea1i tr\u00e1i c\u00e2y nhi\u1ec7t \u0111\u1edbi : 88% Moscato, 10% th\u1ecbt tr\u00e1i xo\u00e0i t\u1ef1 nhi\u00ean, 2%\u00a0 th\u1ecbt qu\u1ea3 l\u1ea1c ti\u00ean t\u1ef1 nhi\u00ean, \u0111\u00e3 t\u1ea1o ra m\u1ed9t <span style=\"color: #ff6600;\"><a style=\"color: #ff6600;\" href=\"http:\/\/winelove.vn\/9xweb\/\">s\u1ea3n ph\u1ea9m r\u01b0\u1ee3u vang<\/a><\/span> th\u01a1m ngon d\u1ecbu nh\u1eb9 l\u00e0m n\u1ee9c l\u00f2ng bi\u1ebft bao ng\u01b0\u1eddi \u0111am m\u00ea r\u01b0\u1ee3u vang tr\u00ean to\u00e0n th\u1ebf gi\u1edbi.<\/span><\/p>\n<p>&nbsp;<\/p>\n<h2><span style=\"color: #800000;\">\u0110\u1eb7c \u0111i\u1ec3m c\u1ee7a r\u01b0\u1ee3u Cocktail Tropical Mango Moscato:<\/span><\/h2>\n<p><span style=\"font-family: arial, helvetica, sans-serif; font-size: 12pt;\">R\u01b0\u1ee3u Cocktail Tropical Mango Moscato c\u00f3 m\u00e0u v\u00e0ng r\u01a1m nh\u1ea1t. L\u00e0 s\u1ef1 k\u1ebft h\u1ee3p tuy\u1ec7t di\u1ec7u gi\u1eefa nho Moscato v\u00e0 th\u1ecbt tr\u00e1i xo\u00e0i do v\u1eady n\u00f3 gi\u1eef \u0111\u01b0\u1ee3c h\u01b0\u01a1ng v\u00e0 v\u1ecb \u0111\u1eb7c tr\u01b0ng c\u1ee7a mi\u1ec1n nhi\u1ec7t \u0111\u1edbi. Nh\u1eefng \u0111i\u1ec3m nh\u1ea5n t\u01b0\u01a1i s\u00e1ng l\u00e0 v\u1ec1 tr\u00e1i c\u00e2y nhi\u1ec7t \u0111\u1edbi c\u00f9ng xo\u00e0i ch\u00edn \u0111\u01b0\u1ee3c c\u00e2n \u0111\u1ed1i b\u1eb1ng s\u1ef1 ho\u00e0n thi\u1ec7n t\u01b0\u01a1i t\u1eafn v\u00e0 s\u1ea3ng kho\u1ea3i.<\/span><\/p>\n<p><span style=\"font-family: arial, helvetica, sans-serif; font-size: 12pt;\">Moscato l\u00e0 d\u00f2ng <span style=\"color: #ff6600;\"><a style=\"color: #ff6600;\" href=\"http:\/\/winelove.vn\/9xweb\/danh-muc\/ruou-vang-y\/\">r\u01b0\u1ee3u vang \u00dd<\/a><\/span> nh\u1eadp kh\u1ea9u v\u1edbi n\u1ed3ng \u0111\u1ed9 c\u1ed3n 5,5%vol, c\u00f3 h\u01b0\u01a1ng th\u01a1m nh\u1eb9 nh\u00e0ng,d\u1ecbu d\u00e0ng,say m\u00ea trong d\u01b0 \u00e2m l\u1eafng \u0111\u1ecdng, thanh cao. Ph\u00f9 h\u1ee3p cho ch\u1ecb em ph\u1ee5 n\u1eef c\u0169ng nh\u01b0 b\u1eefa tr\u00e1ng mi\u1ec7ng.<\/span><\/p>\n<h2><span style=\"font-family: arial, helvetica, sans-serif; font-size: 18pt; color: #800000;\"><strong>Quy tr\u00ecnh s\u1ea3n xu\u1ea5t r\u01b0\u1ee3u Cocktail Tropical Mango Moscato:<\/strong><\/span><\/h2>\n<p><span style=\"font-family: arial, helvetica, sans-serif; font-size: 12pt;\">Nho \u0111\u01b0\u1ee3c tr\u1ed3ng theo ph\u01b0\u01a1ng ph\u00e1p Guyot c\u1ed5 \u0111i\u1ec3n, v\u00e0 c\u00f4ng ngh\u1ec7 hi\u1ec7n \u0111\u1ea1i \u0111\u01b0\u1ee3c \u00e1p d\u1ee5ng trong qu\u00e1 tr\u00ecnh s\u1ea3n xu\u1ea5t r\u01b0\u1ee3u vang. Nho sau khi \u00e9p, ph\u1ea3i \u0111\u01b0\u1ee3c l\u00ean men trong th\u1eddi gian ng\u1eafn, r\u1ed3i \u0111\u01b0\u1ee3c l\u00e0m l\u1ea1nh m\u1ed9t c\u00e1ch nhanh ch\u00f3ng t\u1edbi nhi\u1ec7t \u0111\u1ed9 nh\u1ec9nh h\u01a1n nhi\u1ec7t \u0111\u1ed9 \u0111\u00f3ng b\u0103ng \u0111\u1ec3 ng\u1eebng ho\u1ea1t \u0111\u1ed9ng c\u1ee7a n\u1ea5m men v\u00e0\u00a0 g\u1ea1n l\u1ecdc c\u1eb7n. Qu\u00e1 tr\u00ecnh l\u00ean men th\u1ee9 c\u1ea5p x\u1ea3y ra v\u00e0 xo\u00e0i \u0111\u01b0\u1ee3c th\u00eam v\u00e0o r\u1ed3i \u0111\u01b0\u1ee3c ph\u1ed1i tr\u1ed9n tr\u01b0\u1edbc khi \u0111\u00f3ng chai. Qu\u00e1 tr\u00ecnh s\u1ea3n xu\u1ea5t n\u00e0y l\u00e0m cho Tropical Mango Moscato t\u01b0\u01a1i s\u00e1ng v\u00e0 th\u01a1m m\u00e1t.<\/span><\/p>\n<p><span style=\"font-family: arial, helvetica, sans-serif; font-size: 12pt; color: #800000;\"><strong>K\u1ebft h\u1ee3p \u0111\u1ed3 \u0103n:<\/strong><\/span><\/p>\n<p><span style=\"font-family: arial, helvetica, sans-serif; font-size: 12pt;\">Tropical Mango Moscato \u0111\u01b0\u1ee3c th\u01b0\u1edfng th\u1ee9c nh\u01b0 r\u01b0\u1ee3u khai v\u1ecb ho\u1eb7c d\u00f9ng v\u00e0o cu\u1ed1i b\u1eefa \u0103n, v\u1edbi tr\u00e1i c\u00e2y, pho m\u00e1t ch\u00edn v\u00e0\u00a0 c\u00e1c m\u00f3n tr\u00e1ng mi\u1ec7ng.<\/span><\/p>\n<p><span style=\"font-family: arial, helvetica, sans-serif; font-size: 12pt; color: #800000;\"><strong>L\u01b0u \u00fd:<\/strong><\/span><\/p>\n<p><span style=\"font-family: arial, helvetica, sans-serif; font-size: 12pt;\">B\u1ea3o qu\u1ea3n r\u01b0\u1ee3u \u1edf nhi\u1ec7t \u0111\u1ed9 t\u1eeb 15-18oC<\/span><\/p>\n<p>&nbsp;<\/p>\n","protected":false},"excerpt":{"rendered":"<p><strong>Xu\u1ea5t x\u1ee9:\u00a0<\/strong>Italy<strong><br \/>\n<\/strong><strong>N\u1ed3ng \u0111\u1ed9: <\/strong>5.5%<\/p>\n<p><strong>\u0110\u1eb7c \u0111i\u1ec3m :<\/strong> Tropical Mango Moscato c\u00f3 m\u00e0u v\u00e0ng r\u01a1m nh\u1ea1t. L\u00e0 s\u1ef1 k\u1ebft h\u1ee3p tuy\u1ec7t di\u1ec7u gi\u1eefa nho Moscato v\u00e0 th\u1ecbt tr\u00e1i xo\u00e0i do v\u1eady n\u00f3 gi\u1eef \u0111\u01b0\u1ee3c h\u01b0\u01a1ng v\u00e0 v\u1ecb \u0111\u1eb7c tr\u01b0ng c\u1ee7a mi\u1ec1n nhi\u1ec7t \u0111\u1edbi. Nh\u1eefng \u0111i\u1ec3m nh\u1ea5n t\u01b0\u01a1i s\u00e1ng l\u00e0 v\u1ec1 tr\u00e1i c\u00e2y nhi\u1ec7t \u0111\u1edbi c\u00f9ng xo\u00e0i ch\u00edn \u0111\u01b0\u1ee3c c\u00e2n \u0111\u1ed1i b\u1eb1ng s\u1ef1 ho\u00e0n thi\u1ec7n t\u01b0\u01a1i t\u1eafn v\u00e0 s\u1ea3ng kho\u1ea3i<\/p>\n","protected":false},"featured_media":2199,"comment_status":"open","ping_status":"closed","template":"","meta":[],"class_list":{"0":"post-414","1":"product","2":"type-product","3":"status-publish","4":"has-post-thumbnail","6":"product_cat-ruou-vang-y","8":"first","9":"instock","10":"shipping-taxable","11":"purchasable","12":"product-type-simple"},"_links":{"self":[{"href":"http:\/\/winelove.vn\/9xweb\/index.php?rest_route=\/wp\/v2\/product\/414"}],"collection":[{"href":"http:\/\/winelove.vn\/9xweb\/index.php?rest_route=\/wp\/v2\/product"}],"about":[{"href":"http:\/\/winelove.vn\/9xweb\/index.php?rest_route=\/wp\/v2\/types\/product"}],"replies":[{"embeddable":true,"href":"http:\/\/winelove.vn\/9xweb\/index.php?rest_route=%2Fwp%2Fv2%2Fcomments&post=414"}],"wp:featuredmedia":[{"embeddable":true,"href":"http:\/\/winelove.vn\/9xweb\/index.php?rest_route=\/wp\/v2\/media\/2199"}],"wp:attachment":[{"href":"http:\/\/winelove.vn\/9xweb\/index.php?rest_route=%2Fwp%2Fv2%2Fmedia&parent=414"}],"curies":[{"name":"wp","href":"https:\/\/api.w.org\/{rel}","templated":true}]}}