{"id":4658,"date":"2018-11-03T12:58:44","date_gmt":"2018-11-03T05:58:44","guid":{"rendered":"http:\/\/winelove.vn\/9xweb\/?post_type=product&#038;p=4658"},"modified":"2023-05-08T22:35:15","modified_gmt":"2023-05-08T15:35:15","slug":"ruou-vang-margaux-brio-de-cantenac-brown","status":"publish","type":"product","link":"http:\/\/winelove.vn\/9xweb\/?product=ruou-vang-margaux-brio-de-cantenac-brown","title":{"rendered":"R\u01b0\u1ee3u Vang Margaux Brio De Cantenac Brown 5.4% ABV* &#8211; Vang Ph\u00e1p Cao C\u1ea5p"},"content":{"rendered":"<h2><span style=\"font-family: arial, helvetica, sans-serif; font-size: 18pt; color: #800000;\">Gi\u1edbi thi\u1ec7u\u00a0r\u01b0\u1ee3u vang Margaux Brio De Cantenac Brown<\/span><\/h2>\n<p><span style=\"font-family: arial, helvetica, sans-serif; font-size: 12pt; color: #000000;\">Khi nh\u1eafc \u0111\u1ebfn n\u01b0\u1edbc Ph\u00e1p ngo\u00e0i khung c\u1ea3nh l\u00e3ng m\u1ea1n th\u00ec r\u01b0\u1ee3u vang \u0111\u01b0\u1ee3c \u0111\u00e1nh gi\u00e1 l\u00e0 m\u1ed9t \u0111i\u1ec3m kh\u00e1 n\u1ed5i b\u1eadt c\u1ee7a \u0111\u1ea5t n\u01b0\u1edbc n\u00e0y. N\u00f3i \u0111\u1ebfn chai vang cao c\u1ea5p nh\u1ea5t tr\u00ean th\u1ebf gi\u1edbi hi\u1ec7n nay ch\u00fang ta bi\u1ebft r\u1eb1ng ch\u1ec9 c\u00f3 vang Ph\u00e1p. Vang Ph\u00e1p c\u00f3 truy\u1ec1n th\u1ed1ng t\u1eeb v\u00e0i tr\u0103m n\u0103m tr\u01b0\u1edbc v\u1ec1 vi\u1ec7c ch\u0103m s\u00f3c v\u01b0\u1eddn nho, thu ho\u1ea1ch, l\u1ef1a ch\u1ecdn, \u1ee7 v\u00e0 th\u01b0\u01a1ng m\u1ea1i h\u00f3a ng\u00e0nh r\u01b0\u1ee3u vang. Ch\u00ednh v\u00ec th\u1ebf m\u00e0 h\u1ecd l\u00e0m ra nh\u1eefng chai vang t\u1eeb b\u00ecnh th\u01b0\u1eddng \u0111\u1ebfn danh ti\u1ebfng tr\u00ean th\u1ebf gi\u1edbi. Hi\u1ec7n nay, nh\u1eefng <a href=\"http:\/\/winelove.vn\/9xweb\/danh-muc\/ruou-vang-phap\/\" target=\"_blank\" rel=\"noopener noreferrer\">d\u00f2ng r\u01b0\u1ee3u vang Ph\u00e1p<\/a> ph\u1ed5 bi\u1ebfn l\u00e0: r\u01b0\u1ee3u vang tr\u1eafng, r\u01b0\u01a1\u0323u vang h\u1ed3ng, vang \u0111\u1ecf,Champagne, vang s\u1ee7i t\u0103m v\u00e0 vang c\u00f3 pha th\u00eam r\u01b0\u1ee3u m\u1ea1nh.<\/span><\/p>\n<p><span style=\"font-family: arial, helvetica, sans-serif; font-size: 12pt; color: #000000;\"> Ng\u01b0\u1eddi Ph\u00e1p t\u1ef1 h\u00e0o r\u01b0\u1ee3u c\u1ee7a h\u1ecd \u0111\u1ea1t ch\u1ea5t l\u01b0\u1ee3ng h\u1ea3o h\u00e0ng ch\u00ednh nh\u1edd nh\u1eefng gi\u1ed1ng nho l\u00e0m r\u01b0\u1ee3u \u0111\u01b0\u1ee3c l\u1ef1a ch\u1ecdn k\u1ef9 l\u01b0\u1ee1ng, trong \u0111\u00f3 6 gi\u1ed1ng nho \u0111\u01b0\u1ee3c s\u1eed d\u1ee5ng l\u00e0m r\u01b0\u1ee3u vang Ph\u00e1p g\u1ed3m nho Cabernet Sauvignon, nho Pinot Noir, nho Merlot, nho Syrah, nho Cabernet Franc v\u00e0 nho Malbec. R\u01b0\u1ee3u vang kh\u00f4ng \u0111\u01a1n thu\u1ea7n ch\u1ec9 l\u00e0 m\u1ed9t th\u1ee9 \u0111\u1ed3 u\u1ed1ng gi\u1ea3i kh\u00e1t, <a href=\"http:\/\/winelove.vn\/9xweb\/\" target=\"_blank\" rel=\"noopener noreferrer\">th\u01b0\u1edfng th\u1ee9c r\u01b0\u1ee3u vang<\/a> \u0111\u01b0\u1ee3c ng\u01b0\u1eddi Ph\u00e1p xem l\u00e0 c\u1ea3 m\u1ed9t ngh\u1ec7 thu\u1eadt. R\u01b0\u1ee3u vang c\u00f2n xu\u1ea5t hi\u1ec7n trong nhi\u1ec1u t\u00e1c ph\u1ea9m ngh\u1ec7 thu\u1eadt, thi ca c\u1ee7a ng\u01b0\u1eddi Ph\u00e1p. <\/span><\/p>\n<p><span style=\"font-family: arial, helvetica, sans-serif; font-size: 12pt; color: #000000;\">C\u00f3 th\u1ec3 n\u00f3i, ng\u01b0\u1eddi Ph\u00e1p u\u1ed1ng r\u01b0\u1ee3u vang c\u0169ng nhi\u1ec1u nh\u01b0 ng\u01b0\u01a1\u0300i Vi\u1ec7t u\u1ed1ng tr\u00e0, r\u01b0\u1ee3u vang tr\u1edf th\u00e0nh m\u1ed9t ph\u1ea7n trong cu\u1ed9c s\u1ed1ng c\u1ee7a ng\u01b0\u1eddi Ph\u00e1p. M\u1ed7i v\u00f9ng c\u1ee7a n\u01b0\u1edbc Ph\u00e1p l\u1ea1i c\u00f3 m\u1ed9t lo\u1ea1i r\u01b0\u1ee3u \u0111\u1eb7c tr\u01b0ng ri\u00eang t\u1ea1o n\u00ean b\u1ee9c tranh \u0111a m\u00e0u s\u1eafc v\u1ec1 h\u01b0\u01a1ng v\u1ecb c\u1ee7a r\u01b0\u1ee3u vang Ph\u00e1p, m\u00e0 ch\u00fang ta ch\u01b0a kh\u00e1m ph\u00e1 h\u1ebft. Ch\u00ednh chai r\u01b0\u1ee3u vang Margaux Brio De Cantenac Brown khi m\u00e0 b\u1ea1n th\u01b0\u1edfng th\u1ee9c b\u1ea1n s\u1ebd c\u1ea3m nh\u1eadn ph\u1ea7n n\u00e0o \u0111\u01b0\u1ee3c t\u00ecnh y\u00eau v\u00e0 s\u1ef1 tinh t\u1ebf c\u1ee7a ng\u01b0\u1eddi Ph\u00e1p g\u1eedi g\u1eafm v\u00e0o trong \u0111\u00f3, \u0111\u00e2y \u0111u\u0301ng l\u00e0 m\u1ed9t m\u00f3n qu\u00e0 tuy\u1ec7t v\u1eddi t\u1eeb \u0111\u1ea5t n\u01b0\u1edbc Ph\u00e1p xinh \u0111\u1eb9p d\u00e0nh ri\u00eang cho nh\u1eefng ai y\u00eau th\u00edch r\u01b0\u1ee3u vang.<\/span><\/p>\n<h2><span style=\"font-family: arial, helvetica, sans-serif; font-size: 18pt; color: #800000;\">\u0110\u1eb7c \u0111i\u1ec3m\u00a0vang Margaux Brio\u00a0<\/span><span style=\"font-family: arial, helvetica, sans-serif; font-size: 18pt; color: #800000;\">De Cantenac Brown:<\/span><\/h2>\n<p><span style=\"font-family: arial, helvetica, sans-serif; font-size: 12pt; color: #000000;\">Ch\u00ednh s\u1ef1 k\u1ebft h\u1ee3p c\u1ee7a 63% nho Cabernet Sauvignon v\u00e0 25 % merlot ph\u1ea7n c\u00f2n l\u1ea1i l\u00e0 nho Cabernet Franc khi\u1ebfn cho lo\u1ea1i r\u01b0\u1ee3u n\u00e0y c\u00f3 m\u00e0u \u0111\u1ecf s\u1eabm gi\u1ed1ng hoa violet. V\u1edbi m\u00f9i h\u01b0\u01a1ng m\u1ea1nh m\u1ebd c\u1ee7a tr\u00e1i d\u00e2u r\u1eebng hoang d\u1ea1i khi\u1ebfn cho chai vang th\u00eam ph\u1ea7n quy\u1ebfn r\u0169. Nh\u1eefng lo\u1ea1i tr\u00e1i c\u00e2y t\u01b0\u01a1i ng\u1ecdt gi\u00e0u kho\u00e1ng ch\u1ea5t v\u1ecb th\u01a1m ngon k\u00e9o d\u00e0i \u0111\u1ebfn t\u1eadn c\u00f9ng.\u00a0S\u1ef1 k\u1ebft h\u1ee3p gi\u1eefa c\u00e1c lo\u1ea1i nho k\u1ec3 tr\u00ean mang \u0111\u1ebfn cho chai r\u01b0\u1ee3u vang Margaux Brio De Cantenac Brown s\u1ef1 c\u00e2n b\u1eb1ng d\u1ec5 ch\u1ecbu c\u1ee7a tannin m\u01b0\u1ee3t m\u00e0 d\u01b0\u1eddng nh\u01b0 ch\u00ednh b\u1ea1n c\u0169ng c\u1ea3m nh\u1eadn \u0111\u01b0\u1ee3c ch\u1ea5t tannin \u0111ang tan ch\u1ea3y trong khoang mi\u1ec7ng c\u1ee7a b\u1ea1n.<\/span><\/p>\n<p><span style=\"font-family: arial, helvetica, sans-serif; font-size: 12pt; color: #000000;\">V\u1edbi n\u1ed3ng \u0111\u1ed9 l\u00e0 14% vol, \u0111\u00e2y \u0111\u01b0\u1ee3c coi l\u00e0 n\u1ed3ng \u0111\u1ed9 kh\u00e1 d\u1ec5 u\u1ed1ng, \u1ed5n \u0111\u1ecbnh, n\u00e9t tinh t\u1ebf c\u1ee7a r\u01b0\u1ee3u vang Ph\u00e1p \u0111\u1ebfn ngay t\u1eeb c\u00e1ch th\u01b0\u1edfng th\u1ee9c r\u01b0\u1ee3u cu\u0303ng nh\u01b0 k\u00ea\u0301t h\u01a1\u0323p \u0111\u00f4\u0300 \u0103n. \u00c2\u0309m th\u1ef1c Ph\u00e1p g\u1eafn li\u1ec1n v\u1edbi r\u01b0\u1ee3u vang, c\u00e1c b\u1eefa \u0103n c\u1ee7a ng\u01b0\u1eddi Ph\u00e1p \u0111\u1ec1u d\u00f9ng c\u00f9ng v\u1edbi r\u01b0\u1ee3u vang. H\u1ea7u h\u1ebft c\u00e1c m\u00f3n \u0103n \u0111\u1ec1u k\u1ebft h\u1ee3p v\u1edbi r\u01b0\u1ee3u vang, \u0111\u00e2y l\u00e0 c\u00e1ch k\u1ebft h\u1ee3p t\u1ea1o n\u00ean s\u1ef1 h\u1ed7 tr\u1ee3 v\u00e0 b\u1ed5 sung h\u01b0\u01a1ng v\u1ecb cho nhau. <\/span><\/p>\n<p><span style=\"font-family: arial, helvetica, sans-serif; font-size: 12pt; color: #000000;\">Ng\u01b0\u1eddi Ph\u00e1p c\u00f2n c\u00f3 c\u00e2u: Viande blanche vin blanc, viande rouge vin\u00a0 rouge c\u00f3 th\u1ec3 hi\u1ec3u l\u00e0: Th\u1ecbt tr\u1eafng r\u01b0\u1ee3u tr\u1eafng, th\u1ecbt \u0111\u1ecf r\u01b0\u1ee3u \u0111\u1ecf. Nh\u01b0ng \u0111\u00e2y l\u00e0 c\u1ea3 m\u1ed9t ngh\u1ec7 thu\u1eadt ph\u1ee9c t\u1ea1p v\u00e0 h\u1ebft s\u1ee9c c\u1ea7u k\u1ef3 v\u1ec1 c\u00e1ch ph\u1ed1i h\u1ee3p h\u01b0\u01a1ng v\u1ecb h\u00e0i h\u00f2a gi\u1eefa r\u01b0\u1ee3u v\u00e0 m\u00f3n \u0103n.\u00a0V\u00ec v\u1eady v\u1edbi chai vang \u0111\u1ecf\u00a0Margaux Brio De Cantenac Brown n\u00e0y b\u1ea1n n\u00ean th\u01b0\u1edfng th\u1ee9c c\u00f9ng c\u00e1c m\u00f3n t\u1eeb th\u1ecbt b\u00f2 ch\u1ebf bi\u1ebfn theo nhi\u1ec1u ki\u1ec3u kh\u00e1c nhau.<\/span><\/p>\n<p>&nbsp;<\/p>\n<h2><span style=\"font-family: arial, helvetica, sans-serif; font-size: 18pt; color: #800000;\">Quy tri\u0300nh sa\u0309n xu\u00e2\u0301t r\u01b0\u01a1\u0323u\u00a0<\/span><span style=\"font-family: arial, helvetica, sans-serif; font-size: 18pt; color: #800000;\">Margaux Brio\u00a0<\/span><span style=\"font-family: arial, helvetica, sans-serif; font-size: 18pt; color: #800000;\">De Cantenac Brown:<\/span><\/h2>\n<p><span style=\"font-family: arial, helvetica, sans-serif; font-size: 12pt; color: #000000;\">Cu\u0303ng nh\u01b0 bao qu\u00f4\u0301c gia kha\u0301c, m\u00f4\u0303i khi cho ra \u0111\u01a1\u0300i m\u00f4\u0323t chai r\u01b0\u01a1\u0323u vang nha\u0300 sa\u0309n xu\u00e2\u0301t \u0111\u00ea\u0300u pha\u0309i ch\u0103m chu\u0301t m\u00f4\u0323t ca\u0301ch ky\u0303 l\u01b0\u01a1\u0303ng nh\u00e2\u0301t \u0111\u00ea\u0309 \u0111a\u0309m ba\u0309o v\u00ea\u0300 h\u01b0\u01a1ng vi\u0323 cu\u0303ng nh\u01b0 ch\u00e2\u0301t l\u01b0\u01a1\u0323ng cu\u0309a chai r\u01b0\u01a1\u0323u sau na\u0300y. Chai r\u01b0\u01a1\u0323u vang\u00a0Margaux Brio De Cantenac Brown cu\u0303ng nh\u01b0 v\u00e2\u0323y, t\u01b0\u0300 lu\u0301c thu hoa\u0323ch cho t\u01a1\u0301i lu\u0301c tha\u0300nh ph\u00e2\u0309m la\u0300 ca\u0309 m\u00f4\u0323t qua\u0301 tri\u0300nh da\u0300i ma\u0300 r\u01b0\u01a1\u0323u pha\u0309i tra\u0309i qua, sau giai \u0111oa\u0323n \u0111\u00e2\u0300u e\u0301p nho l\u00e2\u0301y n\u01b0\u01a1\u0301c thi\u0300 ti\u00ea\u0301p tu\u0323c qua giai \u0111oa\u0323n l\u00ean men va\u0300 ng\u00e2m u\u0309.<\/span><\/p>\n<p><span style=\"font-family: arial, helvetica, sans-serif; font-size: 12pt; color: #000000;\">R\u01b0\u1ee3u vang Margaux Brio De Cantenac Brown \u0111\u01b0\u01a1\u0323c ng\u00e2m u\u0309 trong thu\u0300ng g\u00f4\u0303 s\u00f4\u0300i khoa\u0309ng 6 \u0111\u00ea\u0301n 9 tha\u0301ng r\u00f4\u0300i m\u01a1\u0301i \u0111\u01b0\u01a1\u0323c \u0111o\u0301ng chai, ti\u00ea\u0301p tu\u0323c \u00f4\u0309n \u0111i\u0323nh trong chai khoa\u0309ng va\u0300i tha\u0301ng sau \u0111o\u0301 m\u01a1\u0301i \u0111\u01b0\u01a1\u0323c \u0111\u01b0a ra thi\u0323 tr\u01b0\u01a1\u0300ng. T\u00e2\u0301t ca\u0309 \u0111i\u00ea\u0300u na\u0300y \u0111\u00ea\u0309 \u0111a\u0309m ba\u0309o r\u0103\u0300ng r\u01b0\u01a1\u0323u \u0111a\u0303 th\u00e2\u0323t s\u01b0\u0323 \u00f4\u0309n \u0111i\u0323nh va\u0300 hoa\u0300n ha\u0309o khi t\u01a1\u0301i tay ng\u01b0\u01a1\u0300i ti\u00eau du\u0300ng.<\/span><\/p>\n<p><span style=\"font-size: 12pt;\">Xem Th\u00eam Chai R\u01b0\u1ee3u S\u00e2m Banh C\u1ee7a Ph\u00e1p : <span style=\"color: #0000ff;\"><strong><a style=\"color: #0000ff;\" href=\"https:\/\/ruouvang24h.vn\/ruou-champagne-moet-chandon-imperial\">Champagne Moet<\/a><\/strong><\/span><\/span><\/p>\n<p>&nbsp;<\/p>\n","protected":false},"excerpt":{"rendered":"<p>Gi\u1edbi thi\u1ec7u\u00a0r\u01b0\u1ee3u vang Margaux Brio De Cantenac Brown Khi nh\u1eafc \u0111\u1ebfn n\u01b0\u1edbc Ph\u00e1p ngo\u00e0i khung c\u1ea3nh l\u00e3ng m\u1ea1n th\u00ec r\u01b0\u1ee3u vang \u0111\u01b0\u1ee3c \u0111\u00e1nh gi\u00e1 l\u00e0 m\u1ed9t \u0111i\u1ec3m kh\u00e1 n\u1ed5i b\u1eadt c\u1ee7a \u0111\u1ea5t n\u01b0\u1edbc n\u00e0y. N\u00f3i \u0111\u1ebfn chai vang cao c\u1ea5p nh\u1ea5t tr\u00ean th\u1ebf gi\u1edbi hi\u1ec7n nay ch\u00fang ta bi\u1ebft r\u1eb1ng ch\u1ec9 c\u00f3 vang Ph\u00e1p. Vang [&hellip;]<\/p>\n","protected":false},"featured_media":4676,"comment_status":"closed","ping_status":"closed","template":"","meta":[],"class_list":{"0":"post-4658","1":"product","2":"type-product","3":"status-publish","4":"has-post-thumbnail","6":"product_cat-ruou-vang-cao-cap","7":"product_cat-ruou-vang-phap","9":"first","10":"instock","11":"shipping-taxable","12":"purchasable","13":"product-type-simple"},"_links":{"self":[{"href":"http:\/\/winelove.vn\/9xweb\/index.php?rest_route=\/wp\/v2\/product\/4658"}],"collection":[{"href":"http:\/\/winelove.vn\/9xweb\/index.php?rest_route=\/wp\/v2\/product"}],"about":[{"href":"http:\/\/winelove.vn\/9xweb\/index.php?rest_route=\/wp\/v2\/types\/product"}],"replies":[{"embeddable":true,"href":"http:\/\/winelove.vn\/9xweb\/index.php?rest_route=%2Fwp%2Fv2%2Fcomments&post=4658"}],"wp:featuredmedia":[{"embeddable":true,"href":"http:\/\/winelove.vn\/9xweb\/index.php?rest_route=\/wp\/v2\/media\/4676"}],"wp:attachment":[{"href":"http:\/\/winelove.vn\/9xweb\/index.php?rest_route=%2Fwp%2Fv2%2Fmedia&parent=4658"}],"curies":[{"name":"wp","href":"https:\/\/api.w.org\/{rel}","templated":true}]}}