{"id":5051,"date":"2018-12-29T18:41:09","date_gmt":"2018-12-29T11:41:09","guid":{"rendered":"http:\/\/winelove.vn\/9xweb\/?post_type=product&#038;p=5051"},"modified":"2023-05-08T23:05:27","modified_gmt":"2023-05-08T16:05:27","slug":"ruou-vang-laurent-miquel-pere-et-fils-chadonnay-viognier","status":"publish","type":"product","link":"http:\/\/winelove.vn\/9xweb\/?product=ruou-vang-laurent-miquel-pere-et-fils-chadonnay-viognier","title":{"rendered":"R\u01b0\u1ee3u Vang Laurent Miquel Pere Et Fils Chadonnay Viognier 5.4% ABV* &#8211; Vang Ph\u00e1p"},"content":{"rendered":"<h2><span style=\"font-size: 18pt; color: #800000;\">Gi\u1edbi thi\u1ec7u r\u01b0\u1ee3u vang Laurent Miquel Pere Et Fils Chadonnay Viognier<\/span><\/h2>\n<p><span style=\"font-family: arial, helvetica, sans-serif; font-size: 12pt; color: #000000;\">T\u1eeb th\u1ebf k\u1ec9 6 TCN, ngh\u1ec1 tr\u00f4\u0300ng nho b\u1eaft \u0111\u1ea7u h\u00ecnh th\u00e0nh v\u00e0 ph\u00e1t tri\u1ec3n \u1edf mi\u1ec1n nam n\u01b0\u1edbc Ph\u00e1p, khi \u0111\u00e2y c\u00f2n l\u00e0 v\u00f9ng chi\u1ebfm \u0111\u00f3ng c\u1ee7a ng\u01b0\u1eddi Hy L\u1ea1p. Tr\u1ea3i qua bao th\u1ebf k\u1ec9, n\u1ec1n c\u00f4ng nghi\u1ec7p <a href=\"http:\/\/winelove.vn\/9xweb\/danh-muc\/ruou-vang-phap\/\" target=\"_blank\" rel=\"noopener noreferrer\">s\u1ea3n xu\u1ea5t r\u01b0\u1ee3u vang Ph\u00e1p<\/a> kh\u00f4ng ch\u1ec9 n\u00fap d\u01b0\u1edbi c\u00e1i b\u00f3ng c\u1ee7a ng\u01b0\u1eddi Hy L\u1ea1p nh\u01b0 m\u1ed9t s\u1ef1 s\u1eafp \u0111\u1eb7t c\u1ee7a \u0111\u1ecbnh m\u1ec7nh l\u1ecbch s\u1eed, \u0111\u1ea5t n\u01b0\u1edbc Ph\u00e1p c\u00f9ng nh\u1eefng d\u00f2ng r\u01b0\u1ee3u vang ch\u1ea5t l\u01b0\u1ee3ng \u0111\u00e3 g\u00e2y ti\u1ebfng vang l\u1edbn v\u00e0 th\u1ed1ng l\u0129nh th\u1ecb tr\u01b0\u1eddng s\u1ea3n xu\u1ea5t r\u01b0\u1ee3u vang tr\u00ean th\u1ebf gi\u1edbi.<\/span><\/p>\n<p><span style=\"font-family: arial, helvetica, sans-serif; font-size: 12pt; color: #000000;\">Nh\u00e0 r\u01b0\u1ee3u Laurent Miquel \u0111\u01b0\u1ee3c bi\u1ebft t\u1edbi l\u00e0 m\u1ed9t h\u00e3ng r\u01b0\u1ee3u uy t\u00edn t\u1ea1i Ph\u00e1p. Nh\u1eefng s\u1ea3n ph\u1ea9m ch\u1ea5t l\u01b0\u1ee3ng c\u1ee7a nh\u00e0 r\u01b0\u1ee3u n\u00e0y \u0111\u00e3 \u0111\u01b0a danh ti\u1ebfng c\u1ee7a nh\u1eefng d\u00f2ng vang tr\u1eafng n\u1ed5i danh kh\u1eafp n\u01b0\u1edbc Ph\u00e1p v\u00e0 v\u01b0\u1ee3t ra c\u1ea3 l\u00e3nh th\u1ed5 \u0111\u1ea5t n\u01b0\u1edbc. R\u01b0\u1ee3u vang tr\u1eafng Laurent Miquel Pere Et Fils Chadonnay Viognier l\u00e0 m\u1ed9t s\u1ea3n ph\u1ea9m nh\u01b0 th\u1ebf. D\u00f2ng r\u01b0\u1ee3u vang n\u00e0y l\u00e0 m\u1ed9t \u0111\u1ee9a con \u0111\u00e1ng t\u1ef1 h\u00e0o, g\u00f3p ph\u1ea7n l\u00e0m n\u00ean t\u00ean tu\u1ed5i c\u1ee7a\u00a0vang tr\u1eafng v\u00f9ng Languedoc n\u01b0\u1edbc Ph\u00e1p.<\/span><\/p>\n<p><span style=\"font-family: arial, helvetica, sans-serif; font-size: 12pt; color: #000000;\">R\u01b0\u1ee3u vang Laurent Miquel Pere Et Fils Chadonnay Viognier g\u00e2y \u1ea5n t\u01b0\u1ee3ng v\u1ec1 m\u00f9i v\u1ecb v\u00e0 h\u01b0\u01a1ng th\u01a1m b\u1ec1n l\u00e2u v\u00e0 quy\u1ebfn r\u0169. \u0110\u1eb7c bi\u1ec7t \u0111\u1ed9 ngon ng\u1ecdt, m\u01b0\u1ee3t m\u00e0 c\u1ee7a lo\u1ea1i r\u01b0\u1ee3u vang tr\u1eafng n\u00e0y nh\u01b0 m\u00f3n qu\u00e0 c\u1ee7a \u0111\u1ea5t n\u01b0\u1edbc Ph\u00e1p d\u00e0nh t\u1eb7ng nh\u1eefng ng\u01b0\u1eddi th\u01b0\u1edfng th\u1ee9c tinh t\u1ebf. R\u01b0\u1ee3u vang Laurent Miquel Pere Et Fils Chadonnay Viognier \u0111\u01b0\u1ee3c s\u1ea3n xu\u1ea5t t\u1eeb 65% gi\u1ed1ng nho Chardonnay v\u00e0 35% gi\u1ed1ng Viognier. N\u00f3i v\u1ec1 ch\u1ea5t l\u01b0\u1ee3ng c\u1ee7a nh\u1eefng gi\u1ed1ng nho n\u00e0y c\u00f3 th\u1ec3 coi l\u00e0 s\u1ef1 l\u1ef1a ch\u1ecdn ho\u00e0n h\u1ea3o \u0111\u1ec3 s\u1ea3n xu\u1ea5t r\u01b0\u1ee3u vang tr\u1eafng.<\/span><\/p>\n<h2><span style=\"font-size: 18pt; color: #800000;\">\u0110\u1eb7c \u0111i\u1ec3m vang Laurent Miquel Pere Et Fils Chadonnay Viognie<\/span><\/h2>\n<p><span style=\"font-family: arial, helvetica, sans-serif; font-size: 12pt; color: #000000;\">Vang Ph\u00e1p Laurent Miquel Pere Et Fils Chardonnay Viognier n\u1ed5i b\u1eadt v\u1edbi ma\u0300u v\u00e0ng r\u01a1m t\u01b0\u01a1i s\u00e1ng. Ngay t\u1eeb l\u1ea7n \u0111\u1ea7u l\u00e0m quen, lo\u1ea1i r\u01b0\u1ee3u n\u00e0y \u0111\u00e3 thu h\u00fat m\u1ecdi gi\u00e1c quan v\u1edbi h\u01b0\u01a1ng th\u01a1m k\u1ebft h\u1ee3p c\u1ee7a cam qu\u00fdt v\u00e0 \u0111\u00e0o tr\u1eafng, h\u00f2a quy\u1ec7n c\u00f9ng h\u01b0\u01a1ng v\u1ecb \u0111\u1ed9c \u0111\u00e1o c\u1ee7a nho Viognier v\u00e0 nho Chardonnay. \u0110\u00e2y v\u1ed1n l\u00e0 nh\u1eefng lo\u1ea1i nho n\u1ed5i ti\u1ebfng v\u1edbi ch\u1ea5t l\u01b0\u1ee3ng th\u01a1m ngon, h\u01b0\u01a1ng th\u01a1m c\u00f3 \u0111\u1ed9 acid cao. <\/span><\/p>\n<p><span style=\"font-family: arial, helvetica, sans-serif; font-size: 12pt; color: #000000;\">B\u1edfi v\u1eady n\u00f3 c\u00f3 th\u1ec3 t\u1ea1o ra d\u00f2ng vang tr\u1eafng Laurent Miquel Pere Et Fils Chadonnay Viognier trung h\u00f2a gi\u1eefa v\u1ecb chua v\u00e0 ng\u1ecdt. \u00a0Th\u01b0\u1edfng th\u1ee9c m\u1ed9t ly vang tr\u1eafng, trong v\u00f2m mi\u1ec7ng ngay l\u1eadp t\u1ee9c s\u1ebd ng\u1eadp tr\u00e0n h\u01b0\u01a1ng chanh v\u00e0 c\u00e1c lo\u1ea1i tr\u00e1i c\u00e2y qua\u0309 ma\u0300u tr\u0103\u0301ng. R\u01b0\u1ee3u \u0111em t\u1edbi d\u01b0 v\u1ecb b\u1ea5t t\u1eadn v\u1edbi c\u1ea3m quan thanh l\u1ecbch v\u00e0 v\u1ecb c\u1ee7a tr\u00e1i c\u00e2y t\u01b0\u01a1i m\u00e1t.<\/span><\/p>\n<p><span style=\"font-family: arial, helvetica, sans-serif; font-size: 12pt; color: #000000;\">Chai\u00a0r\u01b0\u1ee3u vang Laurent Miquel Pere Et Fils Chadonnay Viognier\u00a0l\u00e0 l\u1ef1a ch\u1ecdn ho\u00e0n h\u1ea3o \u0111\u1ec3 khai v\u1ecb. R\u01b0\u1ee3u \u0111\u1eb7c bi\u1ec7t ph\u00f9 h\u1ee3p v\u1edbi c\u00e1c m\u00f3n \u0103n \u0111\u01b0\u1ee3c ch\u1ebf bi\u1ebfn t\u1eeb c\u00e1 v\u00e0 th\u1ecbt tr\u1eafng. Nhi\u1ec7t \u0111\u1ed9 ph\u00f9 h\u1ee3p \u0111\u1ec3 s\u1eed d\u1ee5ng l\u00e0 t\u1eeb 10- 12\u00b0C. Laurent Miquel Pere Et Fils Chadonnay Viognier\u00a0c\u00f3 n\u1ed3ng \u0111\u1ed9 nh\u1eb9 nh\u00e0ng &#8211; 13%, v\u00ec th\u1ebf n\u00f3 d\u1ec5 d\u00e0ng chinh ph\u1ee5c \u0111\u01b0\u1ee3c nhi\u1ec1u \u0111\u1ed1i t\u01b0\u1ee3ng ng\u01b0\u1eddi th\u01b0\u1edfng th\u1ee9c.<\/span><\/p>\n<p>&nbsp;<\/p>\n<h2><span style=\"font-size: 18pt; color: #800000;\">Quy tr\u00ecnh s\u1ea3n xu\u1ea5t\u00a0 Laurent Miquel Pere Et Fils Chadonnay Viognier<\/span><\/h2>\n<p><span style=\"font-family: arial, helvetica, sans-serif; font-size: 12pt; color: #000000;\">Nh\u1eefng tr\u00e1i nho Viognier v\u00e0 Chardonnay t\u01b0\u01a1i ngon, \u0111\u1ea1t ch\u1ea5t l\u01b0\u1ee3ng t\u1eeb c\u00e1c c\u00e1nh \u0111\u1ed3ng nho khu v\u1ef1c Languedoc \u0111\u01b0\u1ee3c thu ho\u1ea1ch h\u1ebft s\u1ee9c c\u1ea9n th\u1eadn v\u00e0 k\u0129 l\u01b0\u1ee1ng b\u1eb1ng tay. Nh\u1eefng ng\u01b0\u1eddi th\u1ee3 s\u1ea3n xu\u1ea5t r\u01b0\u1ee3u vang l\u00e2u n\u0103m\u00a0 b\u1eaft \u0111\u1ea7u ti\u1ebfn h\u00e0nh nghi\u1ec1n nho v\u00e0 ng\u00e2m nho. Qu\u00e1 tr\u00ecnh ng\u00e2m nho s\u1ebd di\u1ec5n ra \u1edf m\u00f4i tr\u01b0\u1eddng \u0111\u01b0\u1ee3c ki\u1ec3m so\u00e1t nghi\u00eam ng\u1eb7t v\u1ec1 nhi\u1ec7t \u0111\u1ed9. <\/span><\/p>\n<p><span style=\"font-family: arial, helvetica, sans-serif; font-size: 12pt; color: #000000;\">Ngay sau \u0111\u00f3, r\u01b0\u1ee3u \u0111\u01b0\u1ee3c l\u00ean men v\u00e0 l\u00e3o h\u00f3a trong nh\u1eefng th\u00f9ng g\u1ed7 s\u1ed3i Ph\u00e1p trong kho\u1ea3ng d\u00e0i l\u00ean \u0111\u1ebfn 12 th\u00e1ng tr\u01b0\u1edbc khi \u0111\u1ebfn v\u1edbi ng\u01b0\u1eddi th\u01b0\u1edfng th\u1ee9c v\u00e0 ghi d\u1ea5u \u1ea5n tr\u00ean to\u00e0n th\u1ebf gi\u1edbi.<\/span><\/p>\n<p>&nbsp;<\/p>\n","protected":false},"excerpt":{"rendered":"<p>Gi\u1edbi thi\u1ec7u r\u01b0\u1ee3u vang Laurent Miquel Pere Et Fils Chadonnay Viognier T\u1eeb th\u1ebf k\u1ec9 6 TCN, ngh\u1ec1 tr\u00f4\u0300ng nho b\u1eaft \u0111\u1ea7u h\u00ecnh th\u00e0nh v\u00e0 ph\u00e1t tri\u1ec3n \u1edf mi\u1ec1n nam n\u01b0\u1edbc Ph\u00e1p, khi \u0111\u00e2y c\u00f2n l\u00e0 v\u00f9ng chi\u1ebfm \u0111\u00f3ng c\u1ee7a ng\u01b0\u1eddi Hy L\u1ea1p. Tr\u1ea3i qua bao th\u1ebf k\u1ec9, n\u1ec1n c\u00f4ng nghi\u1ec7p s\u1ea3n xu\u1ea5t r\u01b0\u1ee3u vang Ph\u00e1p [&hellip;]<\/p>\n","protected":false},"featured_media":5231,"comment_status":"closed","ping_status":"closed","template":"","meta":[],"class_list":{"0":"post-5051","1":"product","2":"type-product","3":"status-publish","4":"has-post-thumbnail","6":"product_cat-ruou-vang-gia-re","7":"product_cat-ruou-vang-phap","9":"first","10":"instock","11":"shipping-taxable","12":"purchasable","13":"product-type-simple"},"_links":{"self":[{"href":"http:\/\/winelove.vn\/9xweb\/index.php?rest_route=\/wp\/v2\/product\/5051"}],"collection":[{"href":"http:\/\/winelove.vn\/9xweb\/index.php?rest_route=\/wp\/v2\/product"}],"about":[{"href":"http:\/\/winelove.vn\/9xweb\/index.php?rest_route=\/wp\/v2\/types\/product"}],"replies":[{"embeddable":true,"href":"http:\/\/winelove.vn\/9xweb\/index.php?rest_route=%2Fwp%2Fv2%2Fcomments&post=5051"}],"wp:featuredmedia":[{"embeddable":true,"href":"http:\/\/winelove.vn\/9xweb\/index.php?rest_route=\/wp\/v2\/media\/5231"}],"wp:attachment":[{"href":"http:\/\/winelove.vn\/9xweb\/index.php?rest_route=%2Fwp%2Fv2%2Fmedia&parent=5051"}],"curies":[{"name":"wp","href":"https:\/\/api.w.org\/{rel}","templated":true}]}}