{"id":5060,"date":"2019-01-02T20:18:42","date_gmt":"2019-01-02T13:18:42","guid":{"rendered":"http:\/\/winelove.vn\/9xweb\/?post_type=product&#038;p=5060"},"modified":"2023-05-08T14:33:25","modified_gmt":"2023-05-08T07:33:25","slug":"ruou-vang-camembert-syrah-marsenlan-vdp","status":"publish","type":"product","link":"http:\/\/winelove.vn\/9xweb\/?product=ruou-vang-camembert-syrah-marsenlan-vdp","title":{"rendered":"R\u01b0\u1ee3u Vang Camembert Syrah Marsenlan VDP 5.4% ABV* &#8211; Vang Ph\u00e1p Nh\u1eadp Kh\u1ea9u"},"content":{"rendered":"<h2><span style=\"font-size: 18pt; color: #800000;\">Gi\u1edbi thi\u1ec7u v\u1ec1 r\u01b0\u1ee3u vang Camembert Syrah Marsenlan VDP<\/span><\/h2>\n<p><span style=\"font-family: arial, helvetica, sans-serif; font-size: 12pt; color: #000000;\">Louis Eschenauer \u0111\u01b0\u1ee3c bi\u1ebft t\u1edbi l\u00e0 h\u00e3ng r\u01b0\u1ee3u vang l\u00e2u \u0111\u1eddi c\u1ee7a Ph\u00e1p, ra \u0111\u1eddi t\u1eeb n\u0103m 1821, v\u1edbi nh\u1eefng nh\u00e3n hi\u1ec7u n\u1ed5i ti\u1ebfng tr\u00ean kh\u1eafp Th\u1ebf Gi\u1edbi v\u1edbi nh\u1eefng gam h\u00e0ng n\u1ed5i b\u1eadt v\u1ec1 c\u1ea3 ch\u1ea5t l\u01b0\u1ee3ng v\u00e0 m\u1eabu m\u00e3 s\u1ea3n ph\u1ea9m<\/span><\/p>\n<p><span style=\"font-family: arial, helvetica, sans-serif; font-size: 12pt; color: #000000;\">L\u00e0 hi\u1ec7n th\u00e2n c\u1ee7a \u0111\u1ea5t n\u01b0\u1edbc Ph\u00e1p xinh \u0111\u1eb9p v\u00e0 tr\u00f9 ph\u00fa.\u00a0Vang Camembert l\u00e0 ni\u1ec1m t\u1ef1 h\u00e0o c\u1ee7a ngh\u1ec7 nh\u00e2n l\u00e0m r\u01b0\u1ee3u n\u01a1i \u0111\u00e2y v\u00e0 l\u00e0 ni\u1ec1m khao kh\u00e1t c\u1ee7a nh\u1eefng ng\u01b0\u1eddi y\u00eau r\u01b0\u1ee3u tr\u00ean kh\u1eafp th\u1ebf gi\u1edbi. N\u1ed5i ti\u1ebfng v\u1edbi h\u01b0\u01a1ng v\u1ecb say \u0111\u0103\u0301m v\u00e0 quy\u1ebfn r\u0169, \u0111\u1eadm \u0111\u00e0 v\u1ecb tr\u00e1i c\u00e2y v\u00e0 m\u1eb7n m\u00e0 \u0111\u1ebfn t\u1eeb c\u00e1c lo\u1ea1i gia v\u1ecb \u0111\u01b0\u1ee3c ch\u1ecdn l\u1ef1a.<\/span><\/p>\n<p><span style=\"font-family: arial, helvetica, sans-serif; font-size: 12pt; color: #000000;\"><a href=\"http:\/\/winelove.vn\/9xweb\/danh-muc\/ruou-vang-phap\/\" target=\"_blank\" rel=\"noopener noreferrer\">R\u01b0\u1ee3u vang Ph\u00e1p<\/a> Camembert Syrah\/ Marsenlan VDP c\u00f3 th\u1ec3 \u0111\u01b0\u1ee3c d\u00f9ng trong c\u00e1c b\u1eefa t\u1ed1i nh\u00e0 h\u00e0ng sang tr\u1ecdng, trong nh\u1eefng b\u1eefa ti\u1ec7c xa hoa v\u00e0 \u0111\u1eaft \u0111\u1ecf v\u00e0 c\u0169ng c\u00f3 th\u1ec3 l\u00e0 m\u00f3n qu\u00e0 thanh l\u1ecbch th\u1ec3 hi\u1ec7n t\u00e2m \u00fd v\u00e0 s\u1ef1 ch\u00e2n th\u00e0nh c\u1ee7a ng\u01b0\u1eddi t\u1eb7ng.<\/span><\/p>\n<p>&nbsp;<\/p>\n<h2><span style=\"font-size: 18pt; color: #800000;\">\u0110\u1eb7c \u0111i\u1ec3m c\u1ee7a r\u01b0\u1ee3u vang Ph\u00e1p Camembert Syrah Marsenlan VDP<\/span><\/h2>\n<p><span style=\"font-family: arial, helvetica, sans-serif; font-size: 12pt; color: #000000;\">R\u01b0\u1ee3u vang Camembert Syrah Marsenlan VDP \u0111\u01b0\u1ee3c l\u00e0m ra t\u1eeb hai gi\u1ed1ng nho Syrah v\u00e0 Marselan t\u1ea1i v\u00f9ng Pay D&#8217;oc. M\u1ed9t lo\u1ea1i nho \u0111\u01b0\u1ee3c c\u00f4ng nh\u1eadn tr\u00ean to\u00e0n th\u1ebf gi\u1edbi, Syrah, ph\u1ed5 bi\u1ebfn \u1edf mi\u1ec1n Nam n\u01b0\u1edbc Ph\u00e1p, mang \u0111\u1ebfn cho qu\u1ea3 \u0111en, ch\u00edn v\u00e0 trong mi\u1ec7ng m\u01b0\u1ee3t m\u00e0 v\u00e0 linh ho\u1ea1t. Gi\u1ed1ng nho nguy\u00ean b\u1ea3n, Marselan, \u0111\u1ecba trung h\u1ea3i trong m\u01b0\u1eddi l\u0103m n\u0103m qua v\u00e0 ho\u00e0n h\u1ea3o th\u00edch nghi v\u1edbi kh\u00ed h\u1eadu \u1ea5m \u00e1p v\u00e0 \u0111\u1ea7y n\u1eafng c\u1ee7a n\u00f3. <\/span><\/p>\n<p><span style=\"font-family: arial, helvetica, sans-serif; font-size: 12pt; color: #000000;\">R\u01b0\u1ee3u Vang Ph\u00e1p Camembert khi nh\u00ecn c\u00f3 m\u00e0u \u0111\u1ecf ruby phong ph\u00fa v\u00e0 \u0111\u1eb9p m\u1eaft. H\u01b0\u01a1ng th\u01a1m phong ph\u00fa c\u1ee7a c\u00e1c lo\u1ea1i tr\u00e1i c\u00e2y nhi\u1ec7t \u0111\u1edbi nh\u01b0 m\u1eadn, anh \u0111\u00e0o, qu\u1ea3 m\u1ecdng \u0111en ch\u00edn, c\u00f9ng c\u00e1c s\u1eafc th\u00e1i tinh t\u1ebf c\u1ee7a gia v\u1ecb. H\u01b0\u01a1ng v\u1ecb r\u1ea5t ngon ng\u1ecdt v\u1edbi k\u1ebft c\u1ea5u m\u1ec1m m\u1ea1i th\u01a1m ngon cho ng\u01b0\u1eddi th\u01b0\u1edfng th\u1ee9c.<\/span><\/p>\n<p><span style=\"font-family: arial, helvetica, sans-serif; font-size: 12pt; color: #000000;\">R\u01b0\u1ee3u c\u00f3 v\u1ecb ch\u00e1t t\u1ed1t b\u1edfi tannin cao v\u00e0 s\u00e2u c\u1ee7a Syrah, h\u01b0\u01a1ng th\u01a1m n\u1ed3ng c\u00f3 ch\u00fat tho\u00e1ng c\u1ee7a Marselan. Ngo\u00e0i ra c\u00f2n c\u00f3 h\u01b0\u01a1ng cafe, anh \u0111\u00e0o \u0111\u1ecf, caramen \u1edf cu\u1ed1i chu k\u1ef3<\/span><\/p>\n<p><span style=\"font-family: arial, helvetica, sans-serif; font-size: 12pt; color: #000000;\">N\u1ed3ng \u0111\u1ed9: 13.5%Vol- 750ml, kh\u00e1 nh\u1eb9 nh\u00e0ng \u0111\u01b0\u1ee3c ng\u00e2m \u1ee7 k\u0129 c\u00e0ng, \u0111\u00e2y c\u0169ng l\u00e0 m\u1ed9t m\u1ee9c \u0111\u1ed9 t\u01b0\u01a1ng \u0111\u1ed1i ph\u00f9 h\u1ee3p \u0111\u1ed1i v\u1edbi nhi\u1ec1u ng\u01b0\u1eddi s\u1eed d\u1ee5ng, k\u1ec3 c\u1ea3 l\u00e0 ng\u01b0\u1eddi m\u1edbi b\u1eaft \u0111\u1ea7u v\u1edbi r\u01b0\u1ee3u vang. R\u01b0\u1ee3u vang Camembert Syrah Marsenlan VDP s\u1ebd l\u00e0 chai r\u01b0\u1ee3u \u0111\u01b0\u1ee3c c\u00e1c b\u1ed3i b\u00e0n g\u1ee3i \u00fd cho th\u1ef1c kh\u00e1ch d\u00f9ng c\u00f9ng b\u1eefa t\u1ed1i nhi\u1ec1u nh\u1ea5t. <\/span><\/p>\n<p><span style=\"font-family: arial, helvetica, sans-serif; font-size: 12pt; color: #000000;\">Nh\u1eefng m\u00f3n \u0103n d\u01b0\u1eddng nh\u01b0 \u0111\u1ea1t \u0111\u1ebfn chu\u1ea9n m\u1ef1c khi k\u1ebft h\u1ee3p c\u00f9ng h\u01b0\u01a1ng v\u1ecb h\u1ea3o h\u1ea1ng c\u1ee7a r\u01b0\u1ee3u vang Camembert Syrah Marsenlan VDP, ph\u00f9 h\u1ee3p v\u1edbi c\u00e1c m\u00f3n \u0103n ph\u01b0\u01a1ng T\u00e2y nh\u01b0 salad ph\u00f4 mai, b\u00edt t\u1ebft, s\u01b0\u1eddn n\u01b0\u1edbng,\u2026 v\u00e0 khi\u1ebfn nh\u1eefng m\u00f3n \u0103n d\u01b0\u1eddng nh\u01b0 tan ch\u1ea3y ngay trong mi\u1ec7ng c\u00e1c v\u1ecb th\u1ef1c kh\u00e1ch.<\/span><\/p>\n<h2><span style=\"font-size: 18pt; color: #800000;\">Quy tri\u0300nh l\u00e0m r\u01b0\u1ee3u vang Ph\u00e1p Camembert Syrah Marsenlan VDP<\/span><\/h2>\n<p><span style=\"font-family: arial, helvetica, sans-serif; font-size: 12pt; color: #000000;\">Thu ho\u1ea1ch nho l\u00e0m r\u01b0\u1ee3u vang \u0111\u01b0\u1ee3c th\u1ef1c hi\u1ec7n ho\u00e0n to\u00e0n b\u1eb1ng tay, sau qu\u00e1 tr\u00ecnh tuy\u1ec3n ch\u1ecdn t\u1ef7 m\u1ef7, c\u00e1c tr\u00e1i nho \u0111\u01b0\u1ee3c \u0111em v\u1ec1 nh\u00e0 m\u00e1y c\u1ea9n th\u1eadn nh\u1eb1m tr\u00e1nh d\u1eadp n\u00e1t nho. Sau \u0111\u00f3 \u00e9p l\u1ea5y n\u01b0\u1edbc, qu\u00e1 tr\u00ecnh l\u00ean men di\u1ec5n ra v\u1edbi nhi\u1ec7t \u0111\u1ed9 \u0111\u01b0\u1ee3c ki\u1ec3m so\u00e1t ch\u1eb7t ch\u1ebd \u0111\u1ec3 mang l\u1ea1i h\u01b0\u01a1ng v\u1ecb \u0111\u1eadm \u0111\u00e0 c\u00f9ng c\u00e1c lo\u1ea1i gia v\u1ecb th\u01a1m. <\/span><\/p>\n<p><span style=\"font-family: arial, helvetica, sans-serif; font-size: 12pt; color: #000000;\">R\u01b0\u1ee3u vang Camembert Syrah Marsenlan VDP \u0111\u01b0\u1ee3c l\u00e3o h\u00f3a trong th\u00f9ng g\u1ed7 s\u1ed3i l\u1edbn \u00edt nh\u1ea5t 8-12 th\u00e1ng theo ph\u01b0\u01a1ng ph\u00e1p truy\u1ec1n th\u1ed1ng , sau \u0111\u00f3 chuy\u1ec3n sang c\u00e1c th\u00f9ng th\u00e9p kh\u00f4ng g\u1ec9. C\u00e1c ho\u1ea1t \u0111\u1ed9ng ph\u00e2n t\u00edch, ki\u1ec3m so\u00e1t \u0111\u01b0\u1ee3c ti\u1ebfn h\u00e0nh \u0111\u1ec1u \u0111\u1eb7n nh\u1ea5t \u0111\u1ec3 \u0111\u1ea3m b\u1ea3o ch\u1ea5t l\u01b0\u1ee3ng r\u01b0\u1ee3u vang ngon v\u00e0 \u0111\u1ed3ng \u0111\u1ec1u.<\/span><\/p>\n<p><span style=\"font-family: arial, helvetica, sans-serif; font-size: 12pt; color: #000000;\">L\u01b0u \u00fd: R\u01b0\u1ee3u u\u1ed1ng ngon nh\u1ea5t \u1edf nhi\u1ec7t \u0111\u1ed9 16-18 \u0111\u1ed9C<\/span><\/p>\n<p><span style=\"font-family: arial, helvetica, sans-serif; font-size: 12pt; color: #000000;\">Tr\u01b0\u1edbc khi u\u1ed1ng n\u00ean \u0111\u1ec3 r\u01b0\u1ee3u \u00edt nh\u1ea5t 30 ph\u00fat trong b\u00ecnh\u00a0decanter \u0111\u1ec3 r\u01b0\u1ee3u t\u1ecfa h\u01b0\u01a1ng th\u01a1m \u0111\u1ec1u \u0111\u1eb7n.<\/span><\/p>\n<p>&nbsp;<\/p>\n","protected":false},"excerpt":{"rendered":"<p>Gi\u1edbi thi\u1ec7u v\u1ec1 r\u01b0\u1ee3u vang Camembert Syrah Marsenlan VDP Louis Eschenauer \u0111\u01b0\u1ee3c bi\u1ebft t\u1edbi l\u00e0 h\u00e3ng r\u01b0\u1ee3u vang l\u00e2u \u0111\u1eddi c\u1ee7a Ph\u00e1p, ra \u0111\u1eddi t\u1eeb n\u0103m 1821, v\u1edbi nh\u1eefng nh\u00e3n hi\u1ec7u n\u1ed5i ti\u1ebfng tr\u00ean kh\u1eafp Th\u1ebf Gi\u1edbi v\u1edbi nh\u1eefng gam h\u00e0ng n\u1ed5i b\u1eadt v\u1ec1 c\u1ea3 ch\u1ea5t l\u01b0\u1ee3ng v\u00e0 m\u1eabu m\u00e3 s\u1ea3n ph\u1ea9m L\u00e0 hi\u1ec7n th\u00e2n [&hellip;]<\/p>\n","protected":false},"featured_media":5241,"comment_status":"closed","ping_status":"closed","template":"","meta":[],"class_list":{"0":"post-5060","1":"product","2":"type-product","3":"status-publish","4":"has-post-thumbnail","6":"product_cat-ruou-vang-gia-re","7":"product_cat-ruou-vang-phap","9":"first","10":"instock","11":"shipping-taxable","12":"purchasable","13":"product-type-simple"},"_links":{"self":[{"href":"http:\/\/winelove.vn\/9xweb\/index.php?rest_route=\/wp\/v2\/product\/5060"}],"collection":[{"href":"http:\/\/winelove.vn\/9xweb\/index.php?rest_route=\/wp\/v2\/product"}],"about":[{"href":"http:\/\/winelove.vn\/9xweb\/index.php?rest_route=\/wp\/v2\/types\/product"}],"replies":[{"embeddable":true,"href":"http:\/\/winelove.vn\/9xweb\/index.php?rest_route=%2Fwp%2Fv2%2Fcomments&post=5060"}],"wp:featuredmedia":[{"embeddable":true,"href":"http:\/\/winelove.vn\/9xweb\/index.php?rest_route=\/wp\/v2\/media\/5241"}],"wp:attachment":[{"href":"http:\/\/winelove.vn\/9xweb\/index.php?rest_route=%2Fwp%2Fv2%2Fmedia&parent=5060"}],"curies":[{"name":"wp","href":"https:\/\/api.w.org\/{rel}","templated":true}]}}