{"id":5102,"date":"2019-01-11T09:42:40","date_gmt":"2019-01-11T02:42:40","guid":{"rendered":"http:\/\/winelove.vn\/9xweb\/?post_type=product&#038;p=5102"},"modified":"2022-10-31T22:27:54","modified_gmt":"2022-10-31T15:27:54","slug":"ruou-vang-sangavi-moscatel-white-sweet","status":"publish","type":"product","link":"http:\/\/winelove.vn\/9xweb\/?product=ruou-vang-sangavi-moscatel-white-sweet","title":{"rendered":"R\u01b0\u1ee3u Vang Sangavi Moscatel White Sweet 5.4% ABV*"},"content":{"rendered":"<h2><span style=\"color: #800000; font-family: arial, helvetica, sans-serif; font-size: 18pt;\">Gi\u1edbi thi\u1ec7u r\u01b0\u1ee3u vang Sangavi Moscatel White Sweet<\/span><\/h2>\n<p><span style=\"color: #000000; font-family: arial, helvetica, sans-serif; font-size: 12pt;\">B\u00ean c\u1ea1nh c\u00e1c lo\u1ea1i vang c\u00f3 n\u1ed3ng \u0111\u1ed9 c\u1ed3n cao v\u00e0 h\u1ed7n h\u1ee3p \u0111\u1ee7 v\u1ecb cay, \u0111\u1eafng v\u00e0 ng\u1ecdt th\u00ec hi\u1ec7n c\u00e1c th\u1ef1c kh\u00e1ch r\u01b0\u1ee3u vang kh\u00e1 \u01b0a chu\u1ed9ng c\u00e1c lo\u1ea1i vang ng\u1ecdt v\u1edbi n\u1ed3ng \u0111\u1ed9 c\u1ed3n th\u1ea5p. V\u00e0 vi\u1ec7c ch\u1ecdn mua lo\u1ea1i r\u01b0\u1ee3u vang ng\u1ecdt nh\u01b0 th\u1ebf n\u00e0o s\u1ebd c\u00f2n ph\u1ee5 thu\u1ed9c v\u00e0o m\u1ee5c \u0111\u00edch s\u1eed d\u1ee5ng c\u1ee7a b\u1ea1n. N\u1ebfu b\u1ea1n mua \u0111\u1ec3 m\u1edf m\u1ed9t bu\u1ed5i ti\u1ec7c th\u00ec ch\u00ednh b\u1ea1n ph\u1ea3i l\u00e0 m\u1ed9t ng\u01b0\u1eddi c\u00f3 v\u1ecb gi\u00e1c tinh t\u1ebf v\u00e0 trung h\u00f2a \u0111\u1ec3 n\u1ebfm th\u1eed r\u01b0\u1ee3u tr\u01b0\u1edbc. \u0110\u1ea3m b\u1ea3o r\u1eb1ng lo\u1ea1i r\u01b0\u1ee3u vang b\u1ea1n ch\u1ecdn ph\u00f9 h\u1ee3p v\u1edbi h\u1ea7u h\u1ebft s\u1edf th\u00edch c\u1ee7a m\u1ecdi ng\u01b0\u1eddi. H\u01a1n n\u1eefa c\u00f2n \u0111\u1ec3 ch\u1eafc ch\u1eafn \u0111\u01b0\u1ee3c h\u01b0\u01a1ng v\u1ecb ph\u00f9 h\u1ee3p v\u1edbi c\u00e1c m\u00f3n \u0103n trong b\u1eefa ti\u1ec7c \u0111\u00f3. <\/span><\/p>\n<p><span style=\"color: #000000; font-family: arial, helvetica, sans-serif; font-size: 12pt;\">N\u1ebfu mua \u0111\u1ec3 bi\u1ebfu t\u1eb7ng, l\u00e0m qu\u00e0 l\u1ec5 th\u00ec c\u00e1c b\u1ea1n n\u00ean ch\u1ecdn k\u0129 h\u01a1n m\u1ed9t ch\u00fat. B\u1ea1n ph\u1ea3i th\u1eadt s\u1ef1 hi\u1ec3u ng\u01b0\u1eddi b\u1ea1n mu\u1ed1n t\u1eb7ng h\u1ecd th\u00edch lo\u1ea1i vang ng\u1ecdt nh\u01b0 th\u1ebf n\u00e0o. N\u1ebfu c\u1ea3m th\u1ea5y qu\u00e1 kh\u00f3 kh\u0103n cho vi\u1ec7c l\u1ef1a ch\u1ecdn th\u00ec b\u1ea1n n\u00ean ch\u1ecdn chai r\u01b0\u1ee3u vang Sangavi Moscatel White Sweet v\u00ec n\u00f3 c\u00f3 th\u1ec3 \u0111\u00e1p \u1ee9ng t\u1ea5t c\u1ea3 y\u00eau c\u1ea7u c\u1ee7a b\u1ea1n. D\u00f9 l\u00e0 \u0111\u1ec3 th\u01b0\u1edfng th\u1ee9c trong b\u1eefa ti\u1ec7c hay l\u00e0m qu\u00e0 bi\u1ebfu t\u1eb7ng. \u0110\u00e2y l\u00e0 m\u1ed9t chai vang \u0111\u1ebfn t\u1eeb \u0111\u1ea5t n\u01b0\u1edbc T\u00e2y Ban Nha.<\/span><\/p>\n<p>&nbsp;<\/p>\n<h2><span style=\"color: #800000; font-family: arial, helvetica, sans-serif; font-size: 18pt;\">\u0110\u1eb7c \u0111i\u1ec3m\u00a0r\u01b0\u1ee3u vang Sangavi Moscatel White\u00a0Sweet<\/span><\/h2>\n<p><span style=\"color: #000000; font-family: arial, helvetica, sans-serif; font-size: 12pt;\">C\u00f3 l\u1ebd \u0111\u00e2y l\u00e0 m\u1ed9t chai vang c\u00f3 m\u1ed9t s\u1ef1 k\u1ebft h\u1ee3p tuy\u1ec7t h\u1ea3o gi\u1eefa nho Moscato v\u00e0 Chardonnay. Do v\u1eady chai vang tr\u1eafng Sangavi Moscatel White Sweet v\u1eabn gi\u1eef \u0111\u01b0\u1ee3c h\u01b0\u01a1ng v\u00e0 v\u1ecb \u0111\u1eb7c tr\u01b0ng c\u1ee7a tr\u00e1i c\u00e2y mi\u1ec1n nhi\u1ec7t \u0111\u1edbi. B\u1ea1n s\u1ebd th\u1ea5y tuy\u1ec7t v\u1eddi l\u00e0m sao n\u1ebfu nh\u1eefng ng\u00e0y h\u00e8 n\u00f3ng b\u1ee9c, oi \u1ea3 c\u1ee7a b\u1ea1n s\u1ebd tr\u1edf n\u00ean tuy\u1ec7t v\u1eddi h\u01a1n khi \u0111\u01b0\u1ee3c t\u1eadn h\u01b0\u1edfng m\u1ed9t ly vang ng\u1ecdt m\u00e1t l\u1ea1nh n\u00e0y. Mang h\u01b0\u01a1ng th\u01a1m c\u1ee7a m\u1eadt ong, \u0111\u00e0o v\u00e0 d\u1ee9a m\u00f9i h\u01b0\u01a1ng \u1ea5y lan t\u1ecfa l\u00ean va\u0300 th\u1ee9c u\u1ed1ng c\u00f3 m\u00e0u v\u00e0ng chanh t\u01b0\u01a1i m\u00e1t l\u1ea5p l\u00e1nh, s\u1eafc n\u00e9t \u1ea5y.<\/span><\/p>\n<p><span style=\"color: #000000; font-family: arial, helvetica, sans-serif; font-size: 12pt;\">Th\u1ee9c u\u1ed1ng n\u00e0y l\u00e0 s\u1ef1 l\u1ef1a ch\u1ecdn ho\u00e0n h\u1ea3o cho h\u1ea7u h\u1ebft t\u1ea5t c\u1ea3 m\u1ecdi th\u1ef1c kh\u00e1ch ngay c\u1ea3 nh\u1eefng ng\u01b0\u1eddi kh\u00f3 t\u00ednh nh\u1ea5t. V\u1edbi \u0111\u1ed9 c\u1ed3n v\u1eeba ph\u1ea3i , th\u00edch h\u1ee3p cho nh\u1eefng bu\u1ed5i ti\u1ec7c sum h\u1ecdp \u0111\u1ea7m \u1ea5m t\u1ea1o n\u00ean s\u1ef1 g\u1eafn k\u1ebft\u00a0 gi\u1eefa nh\u1eefng\u00a0 ng\u01b0\u1eddi th\u00e2n y\u00eau.<\/span><\/p>\n<p><span style=\"color: #000000; font-family: arial, helvetica, sans-serif; font-size: 12pt;\">B\u00ean c\u1ea1nh \u0111\u00f3 \u0111\u1ec3 b\u1ea3o qu\u1ea3n r\u01b0\u1ee3u vang \u0111\u01b0\u1ee3c l\u00e2u d\u00e0i h\u01a1n b\u1ea1n c\u0169ng c\u1ea7n \u0111\u1ec3 chai trong t\u1ee7 l\u1ea1nh \u0111\u1ec3 b\u1ea3o qu\u1ea3n r\u01b0\u1ee3u th\u00eam \u0111\u01b0\u1ee3c 2 t\u1edbi 3 ng\u00e0y n\u1eefa, ch\u00fa \u00fd khi \u0111\u1ec3 chai r\u01b0\u1ee3u trong t\u1ee7 l\u1ea1nh b\u1ea1n c\u0169ng nh\u1edb \u0111\u1eebng \u0111\u1ec3 chai n\u1eb1m nghi\u00eang b\u1edfi \u0111i\u1ec1u n\u00e0y c\u00e0ng l\u00e0m t\u0103ng qu\u00e1 tr\u00ecnh oxy h\u00f3a khi\u1ebfn r\u01b0\u1ee3u nhanh h\u1ecfng h\u01a1n. Th\u00f4ng th\u01b0\u1eddng lo\u1ea1i r\u01b0\u1ee3u vang ng\u1ecdt s\u1ebd k\u00edch th\u00edch v\u1ecb gi\u00e1c c\u1ee7a ng\u01b0\u1eddi u\u1ed1ng. N\u00ean th\u00edch h\u1ee3p d\u00f9ng \u0111\u1ec3 khai v\u1ecb hay l\u00e0m th\u1ee9c u\u1ed1ng ch\u00ednh. <\/span><\/p>\n<p><span style=\"color: #000000; font-family: arial, helvetica, sans-serif; font-size: 12pt;\">Ph\u00f9 h\u1ee3p v\u1edbi c\u00e1c m\u00f3n h\u1ea3i s\u1ea3n. Ch\u00ednh chai <a href=\"http:\/\/winelove.vn\/9xweb\/danh-muc\/ruou-vang-tay-ban-nha\/\" target=\"_blank\" rel=\"noopener noreferrer\">vang tr\u1eafng ng\u1ecdt T\u00e2y Ban Nha<\/a> n\u00e0y s\u1ebd l\u00e0m t\u0103ng th\u00eam d\u01b0 v\u1ecb t\u01b0\u01a1i m\u1edbi cho c\u00e1c m\u00f3n h\u1ea3i s\u1ea3n h\u01a1n n\u1eefa n\u1ebfu trong qu\u00e1 tr\u00ecnh ch\u1ebf bi\u1ebfn m\u00f3n \u0103n b\u1ea1n c\u00f3 th\u1ec3 cho th\u00eam m\u1ed9t ch\u00fat r\u01b0\u1ee3u v\u00e0o \u0111\u1ec3 l\u00e0m gi\u1ea3m \u0111\u1ed9 tanh c\u1ee7a th\u1ef1c ph\u1ea9m v\u00e0 d\u01b0\u1eddng nh\u01b0 r\u01b0\u1ee3u vang Sangavi Moscatel White Sweet sinh ra l\u00e0 \u0111\u1ec3 d\u00e0nh cho ch\u00fang. R\u01b0\u1ee3u vang Sangavi Moscatel White Sweet x\u1ee9ng \u0111\u00e1ng l\u00e0 m\u1ed9t trong nh\u1eefng chai vang tr\u1eafng ng\u1ecdt h\u1ea3o h\u1ea1ng \u0111\u00e1nh th\u1ee9c m\u1ecdi gi\u00e1c quan c\u1ee7a c\u00e1c v\u1ecb kh\u00e1ch y\u00eau qu\u00fd.<\/span><\/p>\n<p>&nbsp;<\/p>\n<h2><span style=\"font-family: arial, helvetica, sans-serif; font-size: 18pt; color: #800000;\">Ph\u01b0\u01a1ng th\u1ee9c s\u1ea3n xu\u1ea5t Sangavi Moscatel White\u00a0Sweet<\/span><\/h2>\n<p><span style=\"color: #000000; font-family: arial, helvetica, sans-serif; font-size: 12pt;\">Ng\u00e0y nay, ng\u01b0\u1eddi ta c\u00f3 th\u1ec3 h\u00e1i nho b\u0103\u0300ng tay hay d\u00f9ng m\u00e1y,ph\u01b0\u01a1ng ph\u00e1p h\u00e1i nho b\u0103\u0300ng tay v\u1eabn \u0111\u01b0\u1ee3c chu\u1ed9ng h\u01a1n \u0111\u1ec3 l\u00e0m lo\u1ea1i r\u01b0\u1ee3u vang ngon nh\u1ea5t, v\u00e0 ph\u01b0\u01a1ng ph\u00e1p n\u00e0y v\u1eabn c\u00f2n \u0111\u01b0\u1ee3c d\u00f9ng nhi\u1ec1u \u1edf T\u00e2y Ban Nha. Tr\u00e1i nho s\u1ebd \u0111\u01b0\u1ee3c nh\u1eb7t b\u1ecf cu\u1ed1ng v\u00e0 l\u00e1. N\u1ebfu \u0111\u1ec3 cu\u1ed1ng qu\u00e1 l\u00e2u tr\u00ean tr\u00e1i sau khi h\u00e1i, tr\u00e1i nho c\u00f3 th\u1ec3 \u0111\u1ec3 l\u1ea1i v\u1ecb \u0111\u1eafng trong r\u01b0\u1ee3u.\u00a0<\/span><\/p>\n<p><span style=\"color: #000000; font-family: arial, helvetica, sans-serif; font-size: 12pt;\">\u1ee6 r\u01b0\u1ee3u l\u00e0 m\u1ed9t qu\u00e1 tr\u00ecnh k\u00e9o d\u00e0i v\u00e0 ph\u1ee9c t\u1ea1p, \u0111em l\u1ea1i gi\u00e1 tr\u1ecb tinh t\u00fay cho c\u00e1c lo\u1ea1i r\u01b0\u1ee3u c\u00f3 s\u1eb5n. T\u1eeb m\u1ed9t lo\u1ea1i r\u01b0\u1ee3u th\u00f4ng th\u01b0\u1eddng, qua qu\u00e1 tr\u00ecnh \u1ee7 s\u1ebd l\u00e0m t\u0103ng l\u00ean nh\u1eefng ph\u1ea9m ch\u1ea5t \u0111\u1eb7c tr\u01b0ng. Qu\u00e1 tr\u00ecnh \u1ee7 r\u01b0\u1ee3u tr\u1ea3i qua hai giai \u0111o\u1ea1n: oxy h\u00f3a v\u00e0 l\u00e0m d\u1ecbu.<\/span><\/p>\n<p><span style=\"font-size: 12pt;\"><strong>Xem Th\u00eam: <a href=\"https:\/\/ruouvang24h.vn\/ruou-vang-bich\"><span style=\"color: #ff0000;\">Mua R\u01b0\u1ee3u Vang B\u1ecbch \u1ede \u0110\u00e2u<\/span><\/a><\/strong><\/span><\/p>\n<p>&nbsp;<\/p>\n","protected":false},"excerpt":{"rendered":"<p>Gi\u1edbi thi\u1ec7u r\u01b0\u1ee3u vang Sangavi Moscatel White Sweet B\u00ean c\u1ea1nh c\u00e1c lo\u1ea1i vang c\u00f3 n\u1ed3ng \u0111\u1ed9 c\u1ed3n cao v\u00e0 h\u1ed7n h\u1ee3p \u0111\u1ee7 v\u1ecb cay, \u0111\u1eafng v\u00e0 ng\u1ecdt th\u00ec hi\u1ec7n c\u00e1c th\u1ef1c kh\u00e1ch r\u01b0\u1ee3u vang kh\u00e1 \u01b0a chu\u1ed9ng c\u00e1c lo\u1ea1i vang ng\u1ecdt v\u1edbi n\u1ed3ng \u0111\u1ed9 c\u1ed3n th\u1ea5p. V\u00e0 vi\u1ec7c ch\u1ecdn mua lo\u1ea1i r\u01b0\u1ee3u vang ng\u1ecdt nh\u01b0 [&hellip;]<\/p>\n","protected":false},"featured_media":6342,"comment_status":"closed","ping_status":"closed","template":"","meta":[],"class_list":{"0":"post-5102","1":"product","2":"type-product","3":"status-publish","4":"has-post-thumbnail","6":"product_cat-ruou-vang-gia-re","7":"product_cat-ruou-vang-tay-ban-nha","9":"first","10":"instock","11":"shipping-taxable","12":"purchasable","13":"product-type-simple"},"_links":{"self":[{"href":"http:\/\/winelove.vn\/9xweb\/index.php?rest_route=\/wp\/v2\/product\/5102"}],"collection":[{"href":"http:\/\/winelove.vn\/9xweb\/index.php?rest_route=\/wp\/v2\/product"}],"about":[{"href":"http:\/\/winelove.vn\/9xweb\/index.php?rest_route=\/wp\/v2\/types\/product"}],"replies":[{"embeddable":true,"href":"http:\/\/winelove.vn\/9xweb\/index.php?rest_route=%2Fwp%2Fv2%2Fcomments&post=5102"}],"wp:featuredmedia":[{"embeddable":true,"href":"http:\/\/winelove.vn\/9xweb\/index.php?rest_route=\/wp\/v2\/media\/6342"}],"wp:attachment":[{"href":"http:\/\/winelove.vn\/9xweb\/index.php?rest_route=%2Fwp%2Fv2%2Fmedia&parent=5102"}],"curies":[{"name":"wp","href":"https:\/\/api.w.org\/{rel}","templated":true}]}}