{"id":5126,"date":"2019-01-20T14:36:46","date_gmt":"2019-01-20T07:36:46","guid":{"rendered":"http:\/\/winelove.vn\/9xweb\/?post_type=product&#038;p=5126"},"modified":"2023-05-08T14:32:26","modified_gmt":"2023-05-08T07:32:26","slug":"ruou-vang-daphnee-graves-aoc","status":"publish","type":"product","link":"http:\/\/winelove.vn\/9xweb\/?product=ruou-vang-daphnee-graves-aoc","title":{"rendered":"R\u01b0\u1ee3u Vang Daphnee Graves AOC 5.4% ABV* &#8211; Vang Ph\u00e1p Cao C\u1ea5p Th\u01b0\u1ee3ng H\u1ea1ng"},"content":{"rendered":"<h2><span style=\"font-size: 18pt; color: #800000;\">Gi\u1edbi thi\u1ec7u r\u01b0\u1ee3u vang Daphnee Graves AOC<\/span><\/h2>\n<p><span style=\"font-family: arial, helvetica, sans-serif; font-size: 12pt; color: #000000;\">R\u01b0\u1ee3u vang l\u00e0 c\u1ea3 m\u1ed9t truy\u1ec1n th\u1ed1ng ngh\u1ec7 thu\u1eadt v\u0103n h\u00f3a c\u1ee7a n\u01b0\u1edbc Ph\u00e1p. H\u1ecd \u0111\u00e3 c\u00f3 c\u1ea3 h\u00e0ng ng\u00e0n n\u0103m v\u00e0 c\u1ea3 h\u00e0ng ng\u00e0n cu\u1ed1n s\u00e1ch \u0111\u1ec3 h\u01b0\u1edbng d\u1eabn, di\u1ec5n t\u1ea3 v\u00e0 ca t\u1ee5ng. H\u1ecd c\u00f3 c\u1ea3 m\u1ed9t s\u1ed1 l\u1edbn t\u1eeb ng\u1eef \u0111\u1eb7c bi\u1ec7t \u0111\u1ec3 di\u00ea\u0303n ta\u0309 h\u1ebft c\u00e1c d\u1ea1ng c\u1ee7a r\u01b0\u1ee3u vang.<\/span><\/p>\n<p><span style=\"font-family: arial, helvetica, sans-serif; font-size: 12pt; color: #000000;\">Graves l\u00e0 m\u1ed9t qu\u1eadn s\u1ea3n xu\u1ea5t r\u01b0\u1ee3u vang \u1edf v\u00f9ng Bordeaux, n\u1ed5i ti\u1ebfng nh\u01a1\u0300 ,s\u1ea3n xu\u1ea5t ra c\u1ea3 r\u01b0\u1ee3u vang tr\u1eafng v\u00e0 vang \u0111\u1ecf c\u00f3 ch\u1ea5t l\u01b0\u1ee3ng xu\u1ea5t s\u1eafc, trong \u0111\u00f3 \u0111\u00e1ng ch\u00fa \u00fd l\u00e0 r\u01b0\u1ee3u vang Daphnee Graves AOC<\/span><\/p>\n<p><span style=\"font-family: arial, helvetica, sans-serif; font-size: 12pt; color: #000000;\">\u0110\u00e2y l\u00e0 m\u1ed9t <a href=\"http:\/\/winelove.vn\/9xweb\/danh-muc\/ruou-vang-phap\/\">chai r\u01b0\u1ee3u vang Ph\u00e1p h\u1ea5p d\u1eabn<\/a>, th\u01a1m ngon. \u0110\u1eb7c bi\u1ec7t khi k\u1ebft h\u1ee3p v\u1edbi c\u00e1c m\u00f3n \u0103n h\u01b0\u01a1ng v\u1ecb th\u01a1m ngon \u0111\u1eb7c s\u1eafc c\u1ee7a c\u00e1c m\u00f3n \u0103n kh\u00f4ng b\u1ecb m\u1ea5t \u0111i m\u00e0 c\u00f2n c\u00f3 th\u00eam \u0111\u01b0\u1ee3c nh\u1eefng d\u01b0 v\u1ecb \u0111\u1ed9c \u0111\u00e1o b\u1ea5t ng\u1edd.\u00a0\u0110\u1ed9 axit kh\u00f4ng qu\u00e1 cao mang \u0111\u1ebfn s\u1ef1 d\u1ec5 ch\u1ecbu khi th\u01b0\u1edfng th\u1ee9c.<\/span><\/p>\n<p>&nbsp;<\/p>\n<h2><span style=\"font-size: 18pt; color: #800000;\">\u0110\u1eb7c \u0111i\u1ec3m c\u1ee7a r\u01b0\u1ee3u vang Ph\u00e1p Daphnee Graves AOC<\/span><\/h2>\n<p><span style=\"font-family: arial, helvetica, sans-serif; font-size: 12pt; color: #000000;\">R\u01b0\u1ee3u vang \u0111\u1ecf Graves \u0111\u01b0\u1ee3c l\u00e0m t\u1eeb c\u00e1c gi\u1ed1ng nho \u0111\u1ecf ph\u1ed5 bi\u1ebfn nh\u01b0 Cabernet Sauvignon, Merlot, Malbec v\u00e0 Petit Verdot. T\u1ec9 l\u1ec7 c\u00e1c gi\u1ed1ng nho pha tr\u1ed9n s\u1ebd t\u00f9y thu\u1ed9c v\u00e0o c\u00f4ng th\u1ee9c ri\u00eang c\u1ee7a nh\u00e0 s\u1ea3n xu\u1ea5t Maison Bouey. \u0110\u1ea5t \u0111ai v\u00f9ng Graves c\u1ee7a Bordeaux c\u00f3 \u0111\u1eb7c \u0111i\u1ec3m tho\u00e1t n\u01b0\u1edbc v\u00e0 ph\u1ea3n nhi\u1ec7t t\u1ed1t , v\u00ec v\u1eady r\u1ea5t th\u00edch h\u1ee3p tr\u1ed3ng c\u00e1c gi\u1ed1ng nho l\u00e0m r\u01b0\u1ee3u vang. \u0110\u1eb7c bi\u1ec7t Graves l\u00e0 m\u1ed9t trong nh\u1eefng v\u00f9ng tr\u1ed3ng nho Cabernet Sauvignon l\u00ed t\u01b0\u1edfng nh\u1ea5t to\u00e0n v\u00f9ng Bordeaux.<\/span><\/p>\n<p><span style=\"font-family: arial, helvetica, sans-serif; font-size: 12pt; color: #000000;\">R\u01b0\u1ee3u vang Daphnee Graves AOC khi nh\u00ecn s\u1ebd c\u00f3 ma\u0300u \u0111\u1ecf \u0111\u1eadm s\u00e2u. N\u00f3 ch\u00ednh l\u00e0 n\u1eef th\u1ee7y th\u1ea7n xinh \u0111\u1eb9p t\u1eebng khi\u1ebfn th\u1ea7n Apollo rung \u0111\u1ed9ng trong th\u1ea7n tho\u1ea1i hy l\u1ea1p. L\u00e0 hi\u1ec7n th\u00e2n c\u1ee7a d\u00f2ng r\u01b0\u1ee3u vang mang h\u01b0\u01a1ng v\u1ecb thanh nh\u00e3, m\u1ec1m m\u1ea1i, d\u1ecbu \u00eam<\/span><\/p>\n<p><span style=\"font-family: arial, helvetica, sans-serif; font-size: 12pt; color: #000000;\">R\u01b0\u1ee3u c\u00f3 n\u1ed3ng \u0111\u1ed9 l\u00e0 13% vol-750ml. \u0110\u00e2y l\u00e0 m\u1ed9t n\u1ed3ng \u0111\u1ed9 nh\u1eb9 nh\u00e0ng v\u00e0 \u1ed5n \u0111\u1ecbnh d\u1ec5 u\u1ed1ng, n\u00f3 kh\u00f4ng ch\u1ec9 ph\u00f9 h\u1ee3p v\u1edbi c\u00e1c b\u1eefa \u0103n trong gia \u0111\u00ecnh c\u1ee7a b\u1ea1n m\u00e0 ngay c\u1ea3 trong nh\u1eefng bu\u1ed5i ti\u1ec7c t\u00f9ng hay party b\u1ea1n b\u00e8 n\u00f3 c\u0169ng l\u00e0 m\u1ed9t g\u1ee3i \u00fd kh\u00f4ng t\u1ed3i d\u00e0nh cho b\u1ea1n<\/span><\/p>\n<p><span style=\"font-family: arial, helvetica, sans-serif; font-size: 12pt; color: #000000;\">Chai\u00a0r\u01b0\u1ee3u vang n\u00e0y\u00a0r\u1ea5t th\u00edch h\u1ee3p \u0111\u1ec3 u\u1ed1ng v\u1edbi c\u00e1c m\u00f3n th\u1ecbt h\u1ea7m v\u00e0 ph\u00f4 mai, d\u00f9ng k\u00e8m v\u1edbi m\u00f3n \u0103n ch\u1ee9a nhi\u1ec1u protein nh\u01b0 th\u1ecbt c\u1eebu n\u01b0\u1edbng hay th\u1ecbt b\u00f2.<\/span><\/p>\n<h2><span style=\"font-size: 18pt; color: #800000;\">Quy tri\u0300nh l\u00e0m r\u01b0\u1ee3u vang Ph\u00e1p Daphnee Graves AOC<\/span><\/h2>\n<p><span style=\"font-family: arial, helvetica, sans-serif; font-size: 12pt; color: #000000;\">Khi nho ch\u00edn th\u00ec \u0111\u1ed9 acid s\u1ebd gi\u1ea3m xu\u1ed1ng v\u00e0 l\u01b0\u1ee3ng \u0111\u01b0\u1eddng s\u1ebd t\u0103ng l\u00ean. Th\u1eddi \u0111i\u1ec3m th\u00edch h\u1ee3p \u0111\u1ec3 g\u1eb7t h\u00e1i nho l\u00e0m r\u01b0\u1ee3u vang Daphnee Graves AOC l\u00e0 v\u00e0o th\u00e1ng 10. nh\u1eb1m \u0111\u1ea1t l\u01b0\u1ee3ng acid v\u00e0 l\u01b0\u1ee3ng \u0111\u01b0\u1eddng nh\u01b0 mong mu\u1ed1n \u0111\u1ec3 ch\u1ebf bi\u1ebfn theo kh\u1ea9u v\u1ecb ri\u00eang c\u1ee7a m\u00ecnh. B\u01b0\u1edbc \u0111\u1ea7u l\u00e0 l\u1ea5y n\u01b0\u1edbc t\u1eeb nh\u1eefng qu\u1ea3 nho. Quy tr\u00ecnh n\u00e0y \u0111\u01b0\u1ee3c th\u1ef1c hi\u1ec7n qua h\u1ec7 th\u1ed1ng v\u1eaft v\u00e0 t\u01b0\u1edbc cu\u1ed1ng. H\u1ec7 th\u1ed1ng n\u00e0y s\u1ebd t\u01b0\u1edbc c\u00e1c cu\u1ed1ng t\u1eeb nh\u1eefng ch\u00f9m nho v\u00e0 v\u1eaft n\u01b0\u1edbc ra kh\u1ecfi v\u1ecf nho. N\u01b0\u1edbc nho khi ch\u1ea3y ra t\u1eeb h\u1ec7 th\u1ed1ng V\u1eaft v\u00e0 T\u01b0\u1edbc cu\u1ed1ng c\u00f2n \u0111\u1ee5c v\u00e0 c\u00f3 c\u1eb7n. \u0110\u1ec3 \u0111\u1ea1t \u0111\u01b0\u1ee3c m\u1ea7u tinh khi\u1ebft cho r\u01b0\u1ee3u \u1edf giai \u0111o\u1ea1n cu\u1ed1i ng\u01b0\u1eddi ta \u0111\u01b0a h\u1ec7 th\u1ed1ng l\u1ecdc v\u00e0 l\u00e0m m\u1ecbn v\u00e0o d\u00e2y chuy\u1ec1n s\u1ea3n xu\u1ea5t. N\u01b0\u1edbc n\u00e0y \u0111\u01b0\u1ee3c g\u1ecdi l\u00e0 n\u01b0\u1edbc ch\u1ea5t l\u01b0\u1ee3ng 1. <\/span><\/p>\n<p><span style=\"font-family: arial, helvetica, sans-serif; font-size: 12pt; color: #000000;\">\u0110\u1ec3 l\u00e0m ra r\u01b0\u1ee3u vang Daphnee Graves AOC th\u00ec n\u01b0\u1edbc ch\u1ea5t l\u01b0\u1ee3ng 1 s\u1ebd \u0111\u01b0\u1ee3c \u0111\u01b0a tr\u1ef1c ti\u1ebfp \u0111\u1ebfn b\u1ed3n l\u00ean men r\u1ed3i sau \u0111\u00f3 \u0111\u01b0a qua h\u1ec7 th\u1ed1ng \u00e9p. R\u01b0\u1ee3u \u0111\u01b0\u1ee3c l\u00ean men v\u00e0 th\u00f4ng th\u01b0\u1eddng \u0111\u01b0\u1ee3c \u1ee7 trong kho\u1ea3ng 3 \u0111\u1ebfn 6 th\u00e1ng ho\u1eb7c 2 \u0111\u1ebfn 3 n\u0103m.<\/span><\/p>\n<p><span style=\"font-family: arial, helvetica, sans-serif; font-size: 12pt; color: #000000;\">L\u01b0u \u00fd: R\u01b0\u1ee3u u\u1ed1ng ngon nh\u1ea5t \u1edf nhi\u1ec7t \u0111\u1ed9 16-18 \u0111\u1ed9C<\/span><\/p>\n<p><span style=\"font-family: arial, helvetica, sans-serif; font-size: 12pt; color: #000000;\">Tr\u01b0\u1edbc khi u\u1ed1ng n\u00ean \u0111\u1ec3 r\u01b0\u1ee3u \u00edt nh\u1ea5t 30 ph\u00fat trong b\u00ecnh\u00a0decanter \u0111\u1ec3 r\u01b0\u1ee3u t\u1ecfa h\u01b0\u01a1ng th\u01a1m \u0111\u1ec1u \u0111\u1eb7n.<\/span><\/p>\n","protected":false},"excerpt":{"rendered":"<p>Gi\u1edbi thi\u1ec7u r\u01b0\u1ee3u vang Daphnee Graves AOC R\u01b0\u1ee3u vang l\u00e0 c\u1ea3 m\u1ed9t truy\u1ec1n th\u1ed1ng ngh\u1ec7 thu\u1eadt v\u0103n h\u00f3a c\u1ee7a n\u01b0\u1edbc Ph\u00e1p. H\u1ecd \u0111\u00e3 c\u00f3 c\u1ea3 h\u00e0ng ng\u00e0n n\u0103m v\u00e0 c\u1ea3 h\u00e0ng ng\u00e0n cu\u1ed1n s\u00e1ch \u0111\u1ec3 h\u01b0\u1edbng d\u1eabn, di\u1ec5n t\u1ea3 v\u00e0 ca t\u1ee5ng. H\u1ecd c\u00f3 c\u1ea3 m\u1ed9t s\u1ed1 l\u1edbn t\u1eeb ng\u1eef \u0111\u1eb7c bi\u1ec7t \u0111\u1ec3 di\u00ea\u0303n ta\u0309 [&hellip;]<\/p>\n","protected":false},"featured_media":5340,"comment_status":"closed","ping_status":"closed","template":"","meta":[],"class_list":{"0":"post-5126","1":"product","2":"type-product","3":"status-publish","4":"has-post-thumbnail","6":"product_cat-ruou-vang-cao-cap","7":"product_cat-ruou-vang-phap","9":"first","10":"instock","11":"shipping-taxable","12":"purchasable","13":"product-type-simple"},"_links":{"self":[{"href":"http:\/\/winelove.vn\/9xweb\/index.php?rest_route=\/wp\/v2\/product\/5126"}],"collection":[{"href":"http:\/\/winelove.vn\/9xweb\/index.php?rest_route=\/wp\/v2\/product"}],"about":[{"href":"http:\/\/winelove.vn\/9xweb\/index.php?rest_route=\/wp\/v2\/types\/product"}],"replies":[{"embeddable":true,"href":"http:\/\/winelove.vn\/9xweb\/index.php?rest_route=%2Fwp%2Fv2%2Fcomments&post=5126"}],"wp:featuredmedia":[{"embeddable":true,"href":"http:\/\/winelove.vn\/9xweb\/index.php?rest_route=\/wp\/v2\/media\/5340"}],"wp:attachment":[{"href":"http:\/\/winelove.vn\/9xweb\/index.php?rest_route=%2Fwp%2Fv2%2Fmedia&parent=5126"}],"curies":[{"name":"wp","href":"https:\/\/api.w.org\/{rel}","templated":true}]}}