{"id":5127,"date":"2019-01-20T14:39:55","date_gmt":"2019-01-20T07:39:55","guid":{"rendered":"http:\/\/winelove.vn\/9xweb\/?post_type=product&#038;p=5127"},"modified":"2023-05-08T14:33:21","modified_gmt":"2023-05-08T07:33:21","slug":"ruou-vang-canaulier-pomerol-aoc","status":"publish","type":"product","link":"http:\/\/winelove.vn\/9xweb\/?product=ruou-vang-canaulier-pomerol-aoc","title":{"rendered":"R\u01b0\u1ee3u Vang Canaulier Pomerol AOC 5.4% ABV* &#8211; Mua Vang Ph\u00e1p Cao C\u1ea5p Gi\u00e1 T\u1ed1t"},"content":{"rendered":"<h2><span style=\"font-size: 18pt; color: #800000;\">Gi\u1edbi thi\u1ec7u v\u1ec1 r\u01b0\u1ee3u vang Canaulier Pomerol AOC<\/span><\/h2>\n<p><span style=\"font-family: arial, helvetica, sans-serif; font-size: 12pt; color: #000000;\">Nh\u00e0 s\u1ea3n xu\u1ea5t r\u01b0\u1ee3u vang Maison Bouey t\u1ea1i \u0111\u1ea5t n\u01b0\u1edbc Ph\u00e1p xinh \u0111\u1eb9p, \u0111\u00e3 ch\u1ee9ng minh r\u1eb1ng h\u01b0\u01a1ng v\u1ecb c\u1ee7a r\u01b0\u1ee3u vang kh\u00f4ng h\u1ec1 b\u1ecb b\u00f3 bu\u1ed9c trong m\u1ed9t gi\u1edbi h\u1ea1n n\u00e0o h\u1ebft. R\u01b0\u1ee3u vang Canaulier Pomerol AOC mang v\u1ecb r\u01b0\u1ee3u vang \u0111\u1eb7c tr\u01b0ng c\u1ee7a <a href=\"http:\/\/winelove.vn\/9xweb\/danh-muc\/ruou-vang-phap\/\">Ph\u00e1p<\/a>, n\u1ed3ng n\u00e0n m\u00e0 l\u1ea1i r\u1ea5t \u0111\u1ed7i tinh t\u1ebf. Ch\u1ee9ng t\u1ecf r\u01b0\u1ee3u \u0111\u01b0\u1ee3c t\u1ea1o n\u00ean t\u1eeb nh\u1eefng g\u00ec tinh tu\u0301y nh\u1ea5t c\u1ee7a \u0111\u1ea5t n\u01b0\u1edbc Ph\u00e1p, th\u1ec3 hi\u1ec7n t\u1eeb nh\u1eefng tr\u00e1i nho tuy\u1ec7t h\u1ea3o nh\u1ea5t \u0111\u01b0\u1ee3c canh t\u00e1c theo quy tr\u00ecnh nghi\u00eam ng\u1eb7t c\u00f3 t\u1eeb l\u00e2u \u0111\u1eddi, cho \u0111\u1ebfn b\u00e0n tay kh\u00e9o l\u00e9o c\u1ee7a nh\u1eefng ngh\u1ec7 nh\u00e2n l\u00e0m r\u01b0\u1ee3u, th\u1eadm ch\u00ed \u1edf c\u1ea3 thi\u1ebft k\u1ebf sang tr\u1ecdng c\u1ee7a chai r\u01b0\u1ee3u.<\/span><\/p>\n<p><span style=\"font-family: arial, helvetica, sans-serif; font-size: 12pt; color: #000000;\">R\u01b0\u1ee3u vang \u0111\u1ecf ch\u00ednh l\u00e0 linh h\u1ed3n c\u1ee7a nh\u1eefng b\u1eefa t\u1ed1i ph\u01b0\u01a1ng T\u00e2y, b\u1edfi ch\u00ednh r\u01b0\u1ee3u s\u1ebd ho\u00e0n thi\u1ec7n h\u01b0\u01a1ng v\u1ecb c\u1ee7a c\u00e1c m\u00f3n \u0103n. Li\u1ec7u m\u00f3n b\u00edt t\u1ebft n\u00f3ng h\u1ed5i c\u00f3 th\u1ec3 ngon h\u01a1n n\u1eefa kh\u00f4ng? C\u00e2u tr\u1ea3 l\u1eddi l\u00e0 c\u00f3 b\u1edfi r\u01b0\u1ee3u vang Canaulier Pomerol AOC s\u1ebd l\u00e0m mi\u1ebfng th\u1ecbt nh\u01b0 tan ch\u1ea3y trong mi\u1ec7ng, l\u00e0m th\u1ef1c kh\u00e1ch b\u1ea5t ng\u1edd v\u00e0 th\u00edch th\u00fa, ch\u1ec9 mu\u1ed1n ti\u1ebfp t\u1ee5c c\u00f3 th\u00eam r\u01b0\u1ee3u v\u00e0 th\u1ecbt b\u00f2 \u0111\u1ec3 bu\u1ed5i t\u1ed1i n\u00e0y c\u00f3 th\u1ec3 k\u00e9o d\u00e0i m\u00e3i th\u00f4i.<\/span><\/p>\n<p>&nbsp;<\/p>\n<h2><span style=\"font-size: 18pt; color: #800000;\">\u0110\u1eb7c \u0111i\u1ec3m c\u1ee7a r\u01b0\u1ee3u vang Ph\u00e1p Canaulier Pomerol AOC<\/span><\/h2>\n<p><span style=\"font-family: arial, helvetica, sans-serif; font-size: 12pt; color: #000000;\">R\u01b0\u1ee3u vang Canaulier Pomerol AOC c\u00f3 ma\u0300u \u0111\u1ecf \u0111\u1eadm \u0111\u1eb7c \u0111\u1eb9p m\u1eaft. \u0110\u1ed9 d\u00e0i h\u00e0i h\u00f2a c\u1ee7a r\u01b0\u1ee3u tr\u1edf n\u00ean c\u00f3 ti\u1ec1m n\u0103ng h\u01a1n c\u00f9ng nh\u1eefng d\u01b0 v\u1ecb h\u00e0i h\u00f2a d\u1ec5 ch\u1ecbu \u1edf \u0111i\u1ec3m cu\u1ed1i. N\u00e9t \u0111\u1eb9p phong ph\u00fa c\u1ee7a r\u01b0\u01a1\u0323u vang l\u00e0m n\u00ean d\u1ea5u \u1ea5n t\u01b0\u01a1i m\u1edbi c\u1ee7a nhi\u1ec1u tr\u00e1i c\u00e2y c\u00e1 t\u00ednh.<\/span><\/p>\n<p><span style=\"font-family: arial, helvetica, sans-serif; font-size: 12pt; color: #000000;\">\u0110\u00e2y l\u00e0 d\u00f2ng r\u01b0\u1ee3u vang nh\u1eb9 nh\u00e0ng, y\u00eau ki\u1ec1u, l\u00e0 m\u00f3n qu\u00e0 t\u1eb7ng k\u00e8m nh\u1eefng chi\u1ebfc b\u00e1nh ng\u1ecdt t\u1eeb v\u00f9ng Bordeaux l\u00e0 m\u1ed9t ph\u1ea7n \u0111\u1eb7c s\u1ea3n truy\u1ec1n th\u1ed1ng v\u00f9ng Aquitaine. M\u1ed9t chai r\u01b0\u1ee3u vang \u0111\u1eb3ng c\u1ea5p v\u00e0 th\u00edch h\u1ee3p v\u1edbi nh\u1eefng ng\u01b0\u1eddi s\u00e0nh vang v\u00e0 l\u00e0m qu\u00e0 bi\u1ebfu t\u1eb7ng<\/span><\/p>\n<p><span style=\"font-family: arial, helvetica, sans-serif; font-size: 12pt; color: #000000;\">R\u01b0\u1ee3u c\u00f3 n\u1ed3ng \u0111\u1ed9 l\u00e0 13% vol-750ml. \u0110\u00e2y l\u00e0 m\u1ed9t n\u1ed3ng \u0111\u1ed9 nh\u1eb9 nh\u00e0ng v\u00e0 \u1ed5n \u0111\u1ecbnh d\u1ec5 u\u1ed1ng. R\u01b0\u1ee3u c\u00f3 th\u1ec3 d\u00f9ng trong b\u1eefa \u0103n gia \u0111\u00ecnh ho\u1eb7c c\u00e1c bu\u1ed5i ti\u1ec7c l\u1edbn. Th\u1ef1c kh\u00e1ch m\u1ed9t khi \u0111\u00e3 n\u1ebfm r\u01b0\u1ee3u vang Canaulier Pomerol AOC s\u1ebd mu\u1ed1n th\u01b0\u1edfng th\u1ee9c th\u00eam n\u1eefa. Canaulier Pomerol AOC r\u1ea5t h\u1ee3p v\u1edbi c\u00e1c m\u00f3n ki\u1ec3u Ph\u00e1p: th\u1ecbt b\u00f2 h\u1ea7m, gan ng\u1ed7ng, b\u00edt t\u1ebft,\u2026 Chai vang n\u00e0y th\u01b0\u1eddng \u0111\u01b0\u1ee3c mua l\u00e0m qu\u00e0 bi\u1ebfu t\u1eb7ng trong c\u00e1c d\u1ecbp l\u1ec5 t\u1ebft.<\/span><\/p>\n<h2><span style=\"color: #800000; font-family: arial, helvetica, sans-serif; font-size: 18pt;\">Quy tri\u0300nh l\u00e0m r\u01b0\u1ee3u vang Canaulier Pomerol AOC<\/span><\/h2>\n<p><span style=\"font-family: arial, helvetica, sans-serif; font-size: 12pt; color: #000000;\">Nho \u0111\u01b0\u1ee3c h\u00e1i b\u1eb1ng tay nh\u1eb9 nh\u00e0ng v\u00e0 \u0111\u01b0\u1ee3c \u0111\u1eb7t v\u00e0o nh\u1eefng chi\u1ebfc th\u00f9ng nh\u1ecf tho\u00e1ng m\u00e1t mang \u0111\u1ebfn t\u1eebng ch\u00f9m t\u1ea1i nh\u00e0 m\u00e1y r\u01b0\u1ee3u. Sau \u0111\u00f3 nho \u0111\u01b0\u1ee3c ch\u1ecdn ti\u1ebfp t\u1ee5c s\u1eed d\u1ee5ng m\u1ed9t b\u1ea3ng ph\u00e2n lo\u1ea1i n\u00e2ng cao. Th\u1eddi \u0111i\u1ec3m \u0111\u1ec3 g\u1eb7t h\u00e1i nho l\u00e0 v\u00e0o th\u00e1ng 10, sau \u0111\u00f3 l\u1ea5y n\u01b0\u1edbc t\u1eeb nh\u1eefng qu\u1ea3 nho. Quy tr\u00ecnh n\u00e0y \u0111\u01b0\u1ee3c th\u1ef1c hi\u1ec7n qua h\u1ec7 th\u1ed1ng v\u1eaft v\u00e0 t\u01b0\u1edbc cu\u1ed1ng. H\u1ec7 th\u1ed1ng n\u00e0y s\u1ebd t\u01b0\u1edbc c\u00e1c cu\u1ed1ng t\u1eeb nh\u1eefng ch\u00f9m nho v\u00e0 v\u1eaft n\u01b0\u1edbc ra kh\u1ecfi v\u1ecf nho. N\u01b0\u1edbc nho khi ch\u1ea3y ra t\u1eeb h\u1ec7 th\u1ed1ng V\u1eaft v\u00e0 T\u01b0\u1edbc cu\u1ed1ng c\u00f2n \u0111\u1ee5c v\u00e0 c\u00f3 c\u1eb7n.<\/span><\/p>\n<p><span style=\"font-family: arial, helvetica, sans-serif; font-size: 12pt; color: #000000;\">\u0110\u1ec3 \u0111\u1ea1t \u0111\u01b0\u1ee3c m\u1ea7u tinh khi\u1ebft cho r\u01b0\u1ee3u \u1edf giai \u0111o\u1ea1n cu\u1ed1i ng\u01b0\u1eddi ta \u0111\u01b0a h\u1ec7 th\u1ed1ng l\u1ecdc v\u00e0 l\u00e0m m\u1ecbn v\u00e0o d\u00e2y chuy\u1ec1n s\u1ea3n xu\u1ea5t. H\u1ec7 th\u1ed1ng l\u1ecdc s\u1ebd l\u00e0m cho n\u01b0\u1edbc nho trong h\u01a1n. H\u1ec7 th\u1ed1ng l\u00e0m m\u1ecbn s\u1ebd l\u1ecdc \u0111\u01b0\u1ee3c c\u00e1c ph\u1ea7n t\u1eed nh\u1ecf nh\u1ea5t \u0111\u1ec3 r\u01b0\u1ee3u \u0111\u1ea1t \u0111\u01b0\u1ee3c ma\u0300u trong su\u1ed1t.\u00a0N\u01b0\u1edbc n\u00e0y \u0111\u01b0\u1ee3c g\u1ecdi l\u00e0 n\u01b0\u1edbc ch\u1ea5t l\u01b0\u1ee3ng 1. \u0110\u1ec3 l\u00e0m ra r\u01b0\u1ee3u vang \u0111\u1ecf Canaulier Pomerol AOC th\u00ec n\u01b0\u1edbc ch\u1ea5t l\u01b0\u1ee3ng 1 s\u1ebd \u0111\u01b0\u1ee3c \u0111\u01b0a tr\u1ef1c ti\u1ebfp \u0111\u1ebfn b\u1ed3n l\u00ean men r\u1ed3i sau \u0111\u00f3 \u0111\u01b0a qua h\u1ec7 th\u1ed1ng \u00e9p. R\u01b0\u1ee3u \u0111\u01b0\u1ee3c l\u00ean men v\u00e0 th\u00f4ng th\u01b0\u1eddng \u0111\u01b0\u1ee3c \u1ee7 trong kho\u1ea3ng 3 \u0111\u1ebfn 6 th\u00e1ng ho\u1eb7c 2 \u0111\u1ebfn 3 n\u0103m.<\/span><\/p>\n<p><span style=\"font-family: arial, helvetica, sans-serif; font-size: 12pt; color: #000000;\">L\u01b0u \u00fd: Nhi\u1ec7t \u0111\u1ed9 ph\u1ee5c v\u1ee5 t\u1ed1t nh\u1ea5t: 16 \u00b0 -18 \u00b0 C.<\/span><\/p>\n","protected":false},"excerpt":{"rendered":"<p>Gi\u1edbi thi\u1ec7u v\u1ec1 r\u01b0\u1ee3u vang Canaulier Pomerol AOC Nh\u00e0 s\u1ea3n xu\u1ea5t r\u01b0\u1ee3u vang Maison Bouey t\u1ea1i \u0111\u1ea5t n\u01b0\u1edbc Ph\u00e1p xinh \u0111\u1eb9p, \u0111\u00e3 ch\u1ee9ng minh r\u1eb1ng h\u01b0\u01a1ng v\u1ecb c\u1ee7a r\u01b0\u1ee3u vang kh\u00f4ng h\u1ec1 b\u1ecb b\u00f3 bu\u1ed9c trong m\u1ed9t gi\u1edbi h\u1ea1n n\u00e0o h\u1ebft. R\u01b0\u1ee3u vang Canaulier Pomerol AOC mang v\u1ecb r\u01b0\u1ee3u vang \u0111\u1eb7c tr\u01b0ng c\u1ee7a Ph\u00e1p, n\u1ed3ng [&hellip;]<\/p>\n","protected":false},"featured_media":5341,"comment_status":"closed","ping_status":"closed","template":"","meta":[],"class_list":{"0":"post-5127","1":"product","2":"type-product","3":"status-publish","4":"has-post-thumbnail","6":"product_cat-ruou-vang-cao-cap","7":"product_cat-ruou-vang-phap","9":"first","10":"instock","11":"shipping-taxable","12":"purchasable","13":"product-type-simple"},"_links":{"self":[{"href":"http:\/\/winelove.vn\/9xweb\/index.php?rest_route=\/wp\/v2\/product\/5127"}],"collection":[{"href":"http:\/\/winelove.vn\/9xweb\/index.php?rest_route=\/wp\/v2\/product"}],"about":[{"href":"http:\/\/winelove.vn\/9xweb\/index.php?rest_route=\/wp\/v2\/types\/product"}],"replies":[{"embeddable":true,"href":"http:\/\/winelove.vn\/9xweb\/index.php?rest_route=%2Fwp%2Fv2%2Fcomments&post=5127"}],"wp:featuredmedia":[{"embeddable":true,"href":"http:\/\/winelove.vn\/9xweb\/index.php?rest_route=\/wp\/v2\/media\/5341"}],"wp:attachment":[{"href":"http:\/\/winelove.vn\/9xweb\/index.php?rest_route=%2Fwp%2Fv2%2Fmedia&parent=5127"}],"curies":[{"name":"wp","href":"https:\/\/api.w.org\/{rel}","templated":true}]}}