{"id":5138,"date":"2019-01-20T15:18:26","date_gmt":"2019-01-20T08:18:26","guid":{"rendered":"http:\/\/winelove.vn\/9xweb\/?post_type=product&#038;p=5138"},"modified":"2023-05-08T14:37:57","modified_gmt":"2023-05-08T07:37:57","slug":"ruou-vang-kidia-gran-reserva-cabernet-sauvignon","status":"publish","type":"product","link":"http:\/\/winelove.vn\/9xweb\/?product=ruou-vang-kidia-gran-reserva-cabernet-sauvignon","title":{"rendered":"R\u01b0\u1ee3u Vang Kidia Gran Reserva Cabernet Sauvignon 5.4% ABV* &#8211; Vang \u0110\u1ecf Chile"},"content":{"rendered":"<h2><span style=\"font-size: 18pt; color: #800000;\">Gi\u1edbi thi\u1ec7u r\u01b0\u1ee3u vang Kidia Gran Reserva Cabernet Sauvignon<\/span><\/h2>\n<p><span style=\"font-family: arial, helvetica, sans-serif; font-size: 12pt; color: #000000;\">Chile l\u00e0 m\u1ed9t th\u00e1nh \u0111\u1ecba c\u1ee7a r\u01b0\u1ee3u vang \u0111\u1ecf. D\u1eabu r\u1eb1ng truy\u1ec1n th\u1ed1ng s\u1ea3n xu\u1ea5t r\u01b0\u1ee3u vang c\u1ee7a Chile c\u00f2n \u0111\u01b0\u1ee3c coi l\u00e0 t\u00e2n binh so v\u1edbi c\u00e1c c\u01b0\u1eddng qu\u1ed1c v\u1ec1 r\u01b0\u1ee3u vang tr\u00ean th\u1ebf gi\u1edbi nh\u01b0 \u00dd, Ph\u00e1p, T\u00e2y Ban Nha. M\u1ed7i v\u00f9ng tr\u00ean \u0111\u1ea5t n\u01b0\u1edbc Chile l\u1ea1i t\u01b0\u01a1ng \u1ee9ng v\u1edbi phong c\u00e1ch s\u1ea3n xu\u1ea5t r\u01b0\u1ee3u vang ri\u00eang. Nh\u01b0ng t\u1ef1u chung l\u1ea1i r\u01b0\u1ee3u vang n\u01b0\u1edbc n\u00e0y mang n\u00e9t \u0111\u1ed9c \u0111\u00e1o, kh\u00f4ng b\u1ecb h\u00f2a l\u1eabn v\u1edbi b\u1ea5t k\u00ec s\u1ea3n ph\u1ea9m n\u00e0o kh\u00e1c. R\u01b0\u1ee3u <a href=\"http:\/\/winelove.vn\/9xweb\/danh-muc\/ruou-vang-chile\/\">vang Chile<\/a> g\u00e2y \u0111\u01b0\u1ee3c s\u1ef1 ch\u00fa \u00fd tr\u00ean th\u1ecb tr\u01b0\u1eddng r\u01b0\u1ee3u vang th\u1ebf gi\u1edbi, c\u0169ng nh\u01b0 trong l\u00f2ng ng\u01b0\u1eddi th\u01b0\u1edfng th\u1ee9c m\u1ed9t ph\u1ea7n l\u00e0 nh\u1edd v\u00e0o s\u1ed1 l\u01b0\u1ee3ng, ph\u1ea7n kh\u00e1c quan tr\u1ecdng v\u00e0 gi\u1eef vai tr\u00f2 ti\u00ean quy\u1ebft h\u01a1n t\u1ea5t c\u1ea3 c\u00e1c y\u1ebfu t\u1ed1 ch\u00ednh l\u00e0 ch\u1ea5t l\u01b0\u1ee3ng tuy\u1ec7t h\u1ea3o, cao c\u1ea5p, h\u01b0\u01a1ng v\u1ecb m\u01b0\u1ee3t m\u00e0, d\u00e0i l\u00e2u c\u1ee7a c\u00e1c d\u00f2ng r\u01b0\u1ee3u vang.<\/span><\/p>\n<p><span style=\"font-family: arial, helvetica, sans-serif; font-size: 12pt; color: #000000;\">M\u1ed9t trong nh\u1eefng ni\u1ec1m t\u1ef1 h\u00e0o c\u1ee7a r\u01b0\u1ee3u vang Chile l\u00e0 d\u00f2ng r\u01b0\u1ee3u vang Kidia Gran Reserva Cabernet Sauvignon. Nguy\u00ean li\u1ec7u ch\u00ednh \u0111\u1ec3 s\u1ea3n xu\u1ea5t lo\u1ea1i r\u01b0\u1ee3u vang n\u00e0y l\u00e0 gi\u1ed1ng nho Cabernet Sauvignon n\u1ed5i ti\u1ebfng v\u1ec1 ch\u1ea5t l\u01b0\u1ee3ng th\u01a1m ngon, h\u01b0\u01a1ng v\u1ecb \u0111\u1eb7c bi\u1ec7t, \u0111\u01b0\u1ee3c xem l\u00e0 l\u1ef1a ch\u1ecdn ho\u00e0n h\u1ea3o \u0111\u1ec3 s\u1ea3n xu\u1ea5t r\u01b0\u1ee3u vang \u0111\u1ecf. R\u01b0\u1ee3u vang Kidia Gran Reserva Cabernet Sauvignon h\u1ee9a h\u1eb9n s\u1ebd l\u00e0 l\u1eddi ch\u00e0o m\u1eebng n\u1ed3ng n\u00e0n, \u1ea5n t\u01b0\u1ee3ng c\u1ee7a Chile d\u00e0nh cho gi\u1edbi m\u1ed9 \u0111\u1ea1o c\u0169ng nh\u01b0 t\u1ea5t c\u1ea3 nh\u1eefng ai y\u00eau th\u00edch r\u01b0\u1ee3u vang v\u00e0 mong mu\u1ed1n kh\u00e1m ph\u00e1 \u0111\u1ea5t n\u01b0\u1edbc hi\u1ec1n h\u00f2a n\u00e0y.<\/span><\/p>\n<p>&nbsp;<\/p>\n<h2><span style=\"font-size: 18pt; color: #800000;\">\u0110\u1eb7c \u0111i\u1ec3m r\u01b0\u1ee3u vang \u0111\u1ecf Kidia Gran Reserva\u00a0<\/span><span style=\"font-size: 18pt; color: #800000;\">cabernet sauvignon<\/span><\/h2>\n<p><span style=\"font-family: arial, helvetica, sans-serif; font-size: 12pt; color: #000000;\">R\u01b0\u1ee3u vang Kidia Gran Reserva Cabernet Sauvignon c\u00f3 m\u00e0u \u0111\u1ecf ruby cu\u1ed1n h\u00fat m\u1ecdi \u00e1nh nh\u00ecn, t\u1ea1o n\u00ean \u1ea5n t\u01b0\u1ee3ng ban \u0111\u1ea7u v\u00f4 c\u00f9ng hi\u1ec7n \u0111\u1ea1i, thu h\u00fat. C\u00f3 th\u1ec3 coi r\u01b0\u1ee3u vang \u0111\u1ecf Kidia Gran Reserva l\u00e0 b\u1ea3n h\u00f2a ca c\u1ee7a nh\u1eefng h\u01b0\u01a1ng li\u1ec7u \u0111\u1eb7c bi\u1ec7t. Lo\u1ea1i r\u01b0\u1ee3u vang n\u00e0y g\u00e2y \u1ea5n t\u01b0\u1ee3ng m\u1ea1nh m\u1ebd b\u1edfi h\u01b0\u01a1ng v\u1ecb ph\u1ee9c h\u1ee3p c\u1ee7a nh\u1eefng lo\u1ea1i tr\u00e1i c\u00e2y v\u1ecf \u0111\u1ecf ch\u00edn m\u1ecdng n\u1ed3ng n\u00e0n nh\u01b0, d\u00e2u, m\u1eadn \u0111\u1ecf,&#8230;c\u00f9ng m\u1ed9t ch\u00fat v\u1ecb ch\u00e1t d\u1ecbu nh\u1eb9 l\u01b0u l\u1ea1i trong khoang mi\u1ec7ng k\u1ebft h\u1ee3p v\u1edbi ch\u1ea5t tanin m\u1ec1m m\u1ea1i s\u00e2u l\u1eafng. <\/span><\/p>\n<p><span style=\"font-family: arial, helvetica, sans-serif; font-size: 12pt; color: #000000;\">C\u00f4ng th\u1ee9c ho\u00e0n h\u1ea3o \u0111\u1ee7 s\u1ee9c c\u00e2n b\u1eb1ng c\u00e1c h\u01b0\u01a1ng v\u1ecb tr\u1edf khi\u1ebfn ch\u00fang tr\u1edf n\u00ean h\u00e0i h\u00f2a, th\u1ed1ng nh\u1ea5t th\u00e0nh m\u1ed9t d\u01b0 v\u1ecb k\u00e9o d\u00e0i trong khoang mi\u1ec7ng ngay c\u1ea3 khi cu\u1ed9c h\u00e0nh tr\u00ecnh th\u01b0\u1edfng th\u1ee9c\u00a0r\u01b0\u1ee3u vang Kidia Gran Reserva Cabernet Sauvignon \u0111\u00e3 t\u1ea1m kh\u00e9p l\u1ea1i.<\/span><\/p>\n<p><span style=\"font-family: arial, helvetica, sans-serif; font-size: 12pt; color: #000000;\">R\u01b0\u1ee3u vang Kidia Gran Reserva Cabernet Sauvignon \u0111\u1eb7c bi\u1ec7t ph\u00f9 h\u1ee3p khi \u0111\u01b0\u1ee3c d\u00f9ng b\u1eefa v\u1edbi c\u00e1c lo\u1ea1i th\u1ecbt \u0111\u1ecf, th\u1ecbt b\u00f2, th\u1ecbt c\u1eebu, s\u01b0\u1eddn n\u01b0\u1edbng v\u00e0 fomai&#8230; R\u01b0\u1ee3u vang v\u00e0 \u1ea9m th\u1ef1c \u0111\u1ed3ng th\u1eddi l\u00e0 nh\u1eefng ch\u1ea5t x\u00fac t\u00e1c \u0111\u1ea9y h\u01b0\u01a1ng v\u1ecb tuy\u1ec7t v\u1eddi b\u00f9ng n\u1ed5 th\u1eadt s\u1ef1. M\u1ed9t l\u01b0u \u00fd khi th\u01b0\u1edfng th\u1ee9c lo\u1ea1i r\u01b0\u1ee3u n\u00e0y \u1edf \u00a0nhi\u1ec7t \u0111\u1ed9 t\u1eeb 15-20 \u0111\u1ed9 C r\u01b0\u1ee3u s\u1ebd ngon v\u00e0 h\u1ea5p d\u1eabn h\u01a1n.<\/span><\/p>\n<p><span style=\"font-family: arial, helvetica, sans-serif; font-size: 12pt; color: #000000;\">\u0110\u1ed9 c\u1ed3n 14%vol c\u1ee7a lo\u1ea1i r\u01b0\u1ee3u vang n\u00e0y \u0111\u01b0\u1ee3c \u0111\u00e1nh gi\u00e1 l\u00e0 kh\u00e1 nh\u1eb9 nh\u00e0ng, h\u1ee9a h\u1eb9n s\u1ebd ph\u00f9 h\u1ee3p v\u1edbi b\u1ea5t c\u1ee9 ai mong mu\u1ed1n \u0111\u01b0\u1ee3c tr\u1ea3i nghi\u1ec7m h\u01b0\u01a1ng v\u1ecb tuy\u1ec7t v\u1eddi c\u1ee7a n\u00f3. Trong nh\u1eefng b\u1eefa ti\u1ec7c sang tr\u1ecdng hay ch\u1ec9 \u0111\u01a1n gi\u1ea3n l\u00e0 nh\u1eefng b\u1eefa t\u1ed1i \u0111\u1ea7m \u1ea5m b\u00ean gia \u0111\u00ecnh, r\u01b0\u1ee3u vang l\u00e0 l\u1ef1a ch\u1ecdn th\u00fa v\u1ecb \u0111\u1ec3 g\u1eafn k\u1ebft m\u1ecdi th\u00e0nh vi\u00ean.<\/span><\/p>\n<h2><span style=\"font-size: 18pt; color: #800000;\">Quy tr\u00ecnh s\u1ea3n xu\u1ea5t Kidia Gran Reserva\u00a0<\/span><span style=\"font-size: 18pt; color: #800000;\">cabernet sauvignon<\/span><\/h2>\n<p><span style=\"font-family: arial, helvetica, sans-serif; font-size: 12pt; color: #000000;\">Gi\u1ed1ng nho tr\u1ee9 danh kh\u1eafp \u0111\u1ea5t n\u01b0\u1edbc Chile v\u00e0 n\u1ed5i ti\u1ebfng kh\u1eafp c\u00e1c th\u00e1nh \u0111\u1ecba tr\u1ed3ng nho- Cabernet Sauvignon s\u1ebd \u0111\u01b0\u1ee3c nh\u1eefng ng\u01b0\u1eddi th\u1ee3 l\u00e0nh ngh\u1ec1 thu ho\u1ea1ch v\u00e0o th\u1eddi \u0111i\u1ec3m nho \u0111\u1ea1t ch\u1ea5t l\u01b0\u1ee3ng t\u1ed1t nh\u1ea5t. Nh\u1eefng tr\u00e1i nho \u0111\u01b0\u1ee3c thu ho\u1ea1ch b\u1eb1ng ph\u01b0\u01a1ng ph\u00e1p th\u1ee7 c\u00f4ng h\u1ebft s\u1ee9c c\u1ea9n th\u1eadn, t\u1ec9 m\u1ec9. <\/span><\/p>\n<p><span style=\"font-family: arial, helvetica, sans-serif; font-size: 12pt; color: #000000;\">Nho sau khi s\u01a1 ch\u1ebf s\u1ebd \u0111\u01b0\u1ee3c \u00e9p l\u1ea5y n\u01b0\u1edbc v\u00e0 tr\u1ea3i qua qu\u00e1 tr\u00ecnh l\u00ean men d\u01b0\u1edbi s\u1ef1 gi\u00e1m s\u00e1t nghi\u00eam ng\u1eb7t. Cu\u1ed1i c\u00f9ng, r\u01b0\u1ee3u s\u1ebd \u0111\u01b0\u1ee3c \u1ee7 trong nh\u1eefng th\u00f9ng g\u1ed7 s\u1ed3i Ph\u00e1p trong m\u1ed9t kho\u1ea3ng th\u1eddi gian d\u00e0i tr\u01b0\u1edbc khi \u0111\u1ebfn v\u1edbi ng\u01b0\u1eddi th\u01b0\u1edfng th\u1ee9c tr\u00ean to\u00e0n th\u1ebf gi\u1edbi.<\/span><\/p>\n","protected":false},"excerpt":{"rendered":"<p>Gi\u1edbi thi\u1ec7u r\u01b0\u1ee3u vang Kidia Gran Reserva Cabernet Sauvignon Chile l\u00e0 m\u1ed9t th\u00e1nh \u0111\u1ecba c\u1ee7a r\u01b0\u1ee3u vang \u0111\u1ecf. D\u1eabu r\u1eb1ng truy\u1ec1n th\u1ed1ng s\u1ea3n xu\u1ea5t r\u01b0\u1ee3u vang c\u1ee7a Chile c\u00f2n \u0111\u01b0\u1ee3c coi l\u00e0 t\u00e2n binh so v\u1edbi c\u00e1c c\u01b0\u1eddng qu\u1ed1c v\u1ec1 r\u01b0\u1ee3u vang tr\u00ean th\u1ebf gi\u1edbi nh\u01b0 \u00dd, Ph\u00e1p, T\u00e2y Ban Nha. M\u1ed7i v\u00f9ng tr\u00ean \u0111\u1ea5t [&hellip;]<\/p>\n","protected":false},"featured_media":5349,"comment_status":"closed","ping_status":"closed","template":"","meta":[],"class_list":{"0":"post-5138","1":"product","2":"type-product","3":"status-publish","4":"has-post-thumbnail","6":"product_cat-ruou-vang-cao-cap","7":"product_cat-ruou-vang-chile","9":"first","10":"instock","11":"shipping-taxable","12":"purchasable","13":"product-type-simple"},"_links":{"self":[{"href":"http:\/\/winelove.vn\/9xweb\/index.php?rest_route=\/wp\/v2\/product\/5138"}],"collection":[{"href":"http:\/\/winelove.vn\/9xweb\/index.php?rest_route=\/wp\/v2\/product"}],"about":[{"href":"http:\/\/winelove.vn\/9xweb\/index.php?rest_route=\/wp\/v2\/types\/product"}],"replies":[{"embeddable":true,"href":"http:\/\/winelove.vn\/9xweb\/index.php?rest_route=%2Fwp%2Fv2%2Fcomments&post=5138"}],"wp:featuredmedia":[{"embeddable":true,"href":"http:\/\/winelove.vn\/9xweb\/index.php?rest_route=\/wp\/v2\/media\/5349"}],"wp:attachment":[{"href":"http:\/\/winelove.vn\/9xweb\/index.php?rest_route=%2Fwp%2Fv2%2Fmedia&parent=5138"}],"curies":[{"name":"wp","href":"https:\/\/api.w.org\/{rel}","templated":true}]}}