{"id":5144,"date":"2019-01-21T08:10:03","date_gmt":"2019-01-21T01:10:03","guid":{"rendered":"http:\/\/winelove.vn\/9xweb\/?post_type=product&#038;p=5144"},"modified":"2022-10-31T22:24:56","modified_gmt":"2022-10-31T15:24:56","slug":"ruou-vang-ventisquero-yelcho-reserva-sauvignon-blanc","status":"publish","type":"product","link":"http:\/\/winelove.vn\/9xweb\/?product=ruou-vang-ventisquero-yelcho-reserva-sauvignon-blanc","title":{"rendered":"R\u01b0\u1ee3u Vang Ventisquero Yelcho Reserva Sauvignon Blanc 5.4% ABV* &#8211; Vang Chile"},"content":{"rendered":"<h2><span style=\"font-size: 18pt; color: #800000;\">Gi\u1edbi thi\u1ec7u r\u01b0\u1ee3u vang Ventisquero Yelcho Reserva Sauvignon Blanc<\/span><\/h2>\n<p><span style=\"font-family: arial, helvetica, sans-serif; font-size: 12pt; color: #000000;\">M\u1ed7i m\u1ed9t lo\u1ea1i r\u01b0\u1ee3u vang n\u00f3 \u0111\u01b0\u1ee3c l\u00e0m theo m\u1ed9t c\u00f4ng th\u1ee9c kh\u00e1c nhau v\u00e0 b\u1eb1ng m\u1ed9t lo\u1ea1i nho kh\u00e1c nhau cho n\u00ean m\u00f9i v\u1ecb c\u1ee7a n\u00f3 c\u0169ng kh\u00e1c bi\u1ec7t. M\u00f9i v\u1ecb c\u1ee7a m\u1ed7i lo\u1ea1i r\u01b0\u1ee3u vang \u0111\u1ec1u c\u00f3 n\u00e9t \u0111\u1eb7c bi\u1ec7t c\u1ee7a n\u00f3 v\u00e0 n\u00f3 th\u00edch h\u1ee3p v\u1edbi m\u1ed9t lo\u1ea1i \u0111\u1ed3 \u0103n n\u00e0o \u0111\u00f3. B\u00e2y gi\u1edd con ng\u01b0\u1eddi c\u00f3 khuynh h\u01b0\u1edbng l\u00e0 nh\u1eefng ng\u01b0\u1eddi \u0111i l\u00e0m c\u00f4ng sau m\u1ed9t ng\u00e0y l\u00e0m vi\u1ec7c m\u1ec7t m\u1ecfi h\u1ecd mu\u1ed1n gh\u00e9 v\u00e0o m\u1ed9t qu\u00e1n nho nh\u1ecf, k\u00eau m\u1ed9t ly r\u01b0\u1ee3u u\u1ed1ng m\u00e0 kh\u00f4ng c\u1ea7n ph\u1ea3i \u0103n, nh\u01b0 m\u1ed9t lo\u1ea1i khai v\u1ecb th\u00ec \u0111o\u0301 chi\u0301nh l\u00e0 lo\u1ea1i r\u01b0\u1ee3u vang l\u00e0m b\u1eb1ng nho tr\u1eafng. <\/span><\/p>\n<p><span style=\"font-family: arial, helvetica, sans-serif; font-size: 12pt; color: #000000;\">Nho Sauvignon Blanc th\u01b0\u1eddng t\u1ea1o n\u00ean nh\u1eefng chai vang l\u00e0m th\u1ee9c u\u1ed1ng khai v\u1ecb r\u1ea5t ho\u00e0n h\u1ea3o. H\u00e3y t\u1eadn h\u01b0\u1edfng nh\u1eefng ng\u00e0y cu\u1ed1i tu\u1ea7n c\u1ee7a b\u1ea1n b\u1eb1ng m\u1ed9t cu\u1ed9c h\u1ed9i h\u1ecdp ng\u1ed3i n\u00f3i chuy\u1ec7n t\u00e1n d\u00f3c v\u1edbi b\u1ea1n b\u00e8 cho n\u00f3 th\u01b0 gi\u00e3n sau m\u1ed9t tu\u1ea7n l\u00e0m vi\u1ec7c c\u0103ng th\u1eb3ng b\u1eb1ng nh\u1eefng ly vang tr\u1eafng \u0111\u01b0\u1ee3c l\u00e0m t\u1eeb lo\u1ea1i nho Sauvignon Blanc. V\u00ed d\u1ee5 nh\u01b0 chai r\u01b0\u1ee3u vang Ventisquero Yelcho Reserva Sauvignon Blanc.<\/span><\/p>\n<p>&nbsp;<\/p>\n<h2><span style=\"font-size: 18pt; color: #800000;\">\u0110\u1eb7c \u0111i\u1ec3m\u00a0r\u01b0\u01a1\u0323u vang Ventisquero Yelcho Reserva Sauvignon Blanc<\/span><\/h2>\n<p><span style=\"font-family: arial, helvetica, sans-serif; font-size: 12pt; color: #000000;\">\u0110\u01b0\u1ee3c l\u00e0m t\u1eeb nho: 60% gi\u1ed1ng nho Sauvignon blanc v\u00e0 40% gi\u1ed1ng nho Chardonnay. \u0110\u1ec3 l\u00e0m n\u00ean m\u1ed9t chai\u00a0vang\u00a0l\u00e0m t\u1eeb gi\u1ed1ng nho Sauvignon blanc qu\u1ea3 l\u00e0 \u0111i\u1ec1u kh\u00f4ng h\u1ec1 d\u1ec5 da\u0300ng ch\u00fat n\u00e0o b\u1edfi v\u00ec gi\u1ed1ng nho ph\u1ea3i \u0111\u01b0\u1ee3c ch\u0103m s\u00f3c v\u00f4 c\u00f9ng t\u1ec9 m\u1ea9n v\u00e0 c\u1ea9n th\u1eadn trong qu\u00e1 tr\u00ecnh sinh tr\u01b0\u1edfng v\u00e0 ph\u00e1t tri\u1ec3n b\u1edfi lo\u1ea1i nho n\u00e0y ph\u1ee5 thu\u1ed9c r\u1ea5t nhi\u1ec1u v\u00e0o \u0111i\u1ec1u ki\u1ec7n th\u1eddi ti\u1ebft v\u00e0 d\u1ec5 m\u1eafc c\u00e1c b\u1ec7nh nho ho\u1eb7c c\u00f3 th\u1ec3 b\u1ecb th\u1ed1i nhanh do v\u1ecf c\u1ee7a n\u00f3 kh\u00e1 m\u1ecfng v\u00e0 nh\u1ea1y c\u1ea3m. C\u00f2n gi\u1ed1ng nho th\u1ee9 hai l\u00e0 nho Chardonnay \u0111\u00e2y l\u00e0 m\u1ed9t trong nh\u1eefng gi\u1ed1ng nho th\u01b0\u1eddng d\u00f9ng \u0111\u1ec3 t\u1ea1o n\u00ean nh\u1eefng chai r\u01b0\u1ee3u vang tr\u1eafng n\u1ed5i ti\u1ebfng tr\u00ean th\u1ebf gi\u1edbi. <\/span><\/p>\n<p><span style=\"font-family: arial, helvetica, sans-serif; font-size: 12pt; color: #000000;\">N\u00f3 c\u0169ng \u0111\u01b0\u1ee3c bi\u1ebft \u0111\u1ebfn l\u00e0 gi\u1ed1ng nho \u0111\u01b0\u1ee3c tr\u1ed3ng ph\u1ed5 bi\u1ebfn v\u00e0 r\u1ed9ng r\u00e3i nh\u1ea5t.\u00a0V\u1edbi s\u1ef1 k\u1ebft h\u1ee3p gi\u1eefa 2 gi\u1ed1ng nho na\u0300y \u0111\u00e3 gi\u00fap cho chai r\u01b0\u1ee3u vang Ventisquero Yelcho Reserva Sauvignon Blanc c\u00f3 s\u1eafc m\u00e0u v\u00e0ng r\u01a1m t\u01b0\u01a1i t\u1eafn \u0111\u1eb9p m\u1eaft c\u00f9ng h\u01b0\u01a1ng th\u01a1m c\u1ee7a tr\u00e1i c\u00e2y t\u01b0\u01a1i m\u00e1t\u00a0nh\u01b0 h\u1ea1t d\u1ebb, hoa lan tr\u1eafng, tho\u1ea3ng m\u00f9i c\u1ecf kh\u00f4 k\u00e8m ch\u00fat ng\u1eady ng\u1eady c\u1ee7a h\u1ea1t \u00f3c ch\u00f3. V\u1ecb acid c\u00e2n b\u1eb1ng m\u1ed9t c\u00e1ch tuy\u1ec7t h\u1ea3o. Khi th\u01b0\u1edfng th\u1ee9c t\u1eebng ly vang tr\u1eafng n\u00e0y ch\u1eafc h\u1eb3n b\u1ea1n s\u1ebd c\u1ea3m nh\u1eadn \u0111\u01b0\u1ee3c s\u1ef1 t\u01b0\u01a1i m\u1edbi c\u00f9ng d\u01b0 v\u1ecb s\u00e2u l\u1eafng, th\u00fa v\u1ecb. \u00a0<\/span><\/p>\n<p><span style=\"font-family: arial, helvetica, sans-serif; font-size: 12pt; color: #000000;\">N\u1ed3ng \u0111\u1ed9 l\u00e0 13.5% n\u00f3 kh\u00e1 nh\u1eb9 nh\u00e0ng v\u1edbi nhi\u1ec1u \u0111\u1ed1i t\u01b0\u1ee3ng s\u1eed d\u1ee5ng kh\u00e1c nhau. Chai r\u01b0\u1ee3u vang Ventisquero Yelcho Reserva Sauvignon Blanc ph\u00f9 h\u1ee3p v\u1edbi c\u1ea3 nh\u1eefng bu\u1ed5i sum h\u1ecdp gia \u0111\u00ecnh \u0111\u1ea7m \u1ea5m hay party nh\u1eb9 nh\u00e0ng ngo\u00e0i s\u00e2n. V\u00ec h\u01b0\u01a1ng th\u01a1m \u0111\u1eb7c s\u1eafc c\u1ee7a chai vang khi\u1ebfn cho c\u00e1c m\u00f3n \u0103n\u00a0 kh\u00f4ng b\u1ecb m\u1ea5t \u0111i\u00a0 v\u1ecb ngon m\u00e0 c\u00f2n gom g\u00f3p th\u00eam \u0111\u01b0\u1ee3c nh\u1eefng d\u01b0 v\u1ecb v\u00f4 c\u00f9ng \u0111\u1ed9c \u0111\u00e1o v\u00e0 b\u1ea5t ng\u1edd.<\/span><\/p>\n<p>&nbsp;<\/p>\n<h2><span style=\"font-size: 18pt; color: #800000;\">Ph\u01b0\u01a1ng th\u1ee9c s\u1ea3n xu\u1ea5t\u00a0Ventisquero Yelcho Reserva Sauvignon Blanc<\/span><\/h2>\n<p><span style=\"font-family: arial, helvetica, sans-serif; font-size: 12pt; color: #000000;\">C\u00e1c tr\u00e1i nho \u0111\u01b0\u1ee3c mang \u0111i \u00e9p, ch\u00fang c\u1ea7n m\u1ed9t kho\u1ea3ng th\u1eddi gian \u0111\u1ec3 n\u01b0\u1edbc \u00e9p l\u1eafng xu\u1ed1ng. Trong giai \u0111o\u1ea1n n\u00e0y, b\u1ea5t k\u1ef3 ch\u1ea5t c\u1eb7n n\u00e0o trong n\u01b0\u1edbc \u00e9p c\u0169ng s\u1ebd d\u1ea7n d\u1ea7n l\u1eafng xu\u1ed1ng d\u01b0\u1edbi \u0111\u00e1y b\u1ec3. N\u01b0\u1edbc \u00e9p ph\u00eda tr\u00ean c\u1ee7a l\u1edbp c\u1eb7n n\u00e0y nh\u1edd \u0111\u00f3 r\u1ea5t s\u1ea1ch v\u00e0 \u0111\u01b0\u1ee3c chuy\u1ec3n sang m\u1ed9t b\u1ec3 ch\u1ee9a kh\u00e1c \u0111\u1ec3 l\u00ean men. Qu\u00e1 tr\u00ecnh n\u01b0\u1edbc \u00e9p \u0111\u01b0\u1ee3c t\u00e1ch ra kh\u1ecfi l\u1edbp c\u1eb7n \u1edf \u0111\u00e1y b\u1ec3 \u0111\u01b0\u1ee3c g\u1ecdi l\u00e0 qu\u00e1 tr\u00ecnh l\u1eafng c\u1eb7n trong th\u00f9ng. <\/span><\/p>\n<p><span style=\"font-family: arial, helvetica, sans-serif; font-size: 12pt; color: #000000;\">\u0110\u1ed1i v\u1edbi n\u01b0\u1edbc \u00e9p trong su\u1ed1t \u0111\u01b0\u1ee3c t\u00e1ch kh\u1ecfi th\u00ec qu\u00e1 tr\u00ecnh l\u00ean men s\u1ebd x\u1ea3y ra. c\u00e1c lo\u1ea1i n\u1ea5m men t\u1ef1 nhi\u00ean, c\u00e1c lo\u1ea1i \u0111\u01b0\u1eddng trong n\u01b0\u1edbc \u00e9p c\u1ee7a chai r\u01b0\u1ee3u vang Ventisquero Yelcho Reserva Sauvignon Blanc s\u1ebd tr\u1edf th\u00e0nh l\u01b0\u1ee3ng c\u1ea7n thi\u1ebft \u0111\u1ec3 n\u1ea5m men b\u1eaft \u0111\u1ea7u ho\u1ea1t \u0111\u1ed9ng. K\u1ebft thu\u0301c s\u1ebd l\u00e0 qu\u00e1 tr\u00ecnh \u1ee7 k\u00e9o d\u00e0i t\u1eeb 12 \u0111\u1ebfn 14 th\u00e1ng li\u00ean ti\u1ebfp gi\u00fap cho h\u01b0\u01a1ng v\u1ecb r\u01b0\u1ee3u tr\u1edf n\u00ean \u0111\u1eadm \u0111\u00e0 <a href=\"http:\/\/winelove.vn\/9xweb\/\">vang<\/a> t\u01b0\u01a1i m\u00e1t h\u01a1n khi \u0111\u1ebfn t\u1ea5t c\u00e1c th\u1ef1c kh\u00e1ch tr\u00ean th\u1ebf gi\u1edbi.\u00a0<\/span><\/p>\n<p><strong><span style=\"font-size: 12pt; color: #ff0000;\">\u25ba <\/span>Xem Th\u00eam : <span style=\"color: #0000ff;\"><a style=\"color: #0000ff;\" href=\"https:\/\/ruouvang24h.vn\/ruou-vang-mancura\">R\u01b0\u1ee3u Vang Mancura<\/a><\/span><\/strong><\/p>\n","protected":false},"excerpt":{"rendered":"<p>Gi\u1edbi thi\u1ec7u r\u01b0\u1ee3u vang Ventisquero Yelcho Reserva Sauvignon Blanc M\u1ed7i m\u1ed9t lo\u1ea1i r\u01b0\u1ee3u vang n\u00f3 \u0111\u01b0\u1ee3c l\u00e0m theo m\u1ed9t c\u00f4ng th\u1ee9c kh\u00e1c nhau v\u00e0 b\u1eb1ng m\u1ed9t lo\u1ea1i nho kh\u00e1c nhau cho n\u00ean m\u00f9i v\u1ecb c\u1ee7a n\u00f3 c\u0169ng kh\u00e1c bi\u1ec7t. M\u00f9i v\u1ecb c\u1ee7a m\u1ed7i lo\u1ea1i r\u01b0\u1ee3u vang \u0111\u1ec1u c\u00f3 n\u00e9t \u0111\u1eb7c bi\u1ec7t c\u1ee7a n\u00f3 v\u00e0 n\u00f3 [&hellip;]<\/p>\n","protected":false},"featured_media":5359,"comment_status":"closed","ping_status":"closed","template":"","meta":[],"class_list":{"0":"post-5144","1":"product","2":"type-product","3":"status-publish","4":"has-post-thumbnail","6":"product_cat-ruou-vang-chile","7":"product_cat-ruou-vang-gia-re","9":"first","10":"instock","11":"shipping-taxable","12":"purchasable","13":"product-type-simple"},"_links":{"self":[{"href":"http:\/\/winelove.vn\/9xweb\/index.php?rest_route=\/wp\/v2\/product\/5144"}],"collection":[{"href":"http:\/\/winelove.vn\/9xweb\/index.php?rest_route=\/wp\/v2\/product"}],"about":[{"href":"http:\/\/winelove.vn\/9xweb\/index.php?rest_route=\/wp\/v2\/types\/product"}],"replies":[{"embeddable":true,"href":"http:\/\/winelove.vn\/9xweb\/index.php?rest_route=%2Fwp%2Fv2%2Fcomments&post=5144"}],"wp:featuredmedia":[{"embeddable":true,"href":"http:\/\/winelove.vn\/9xweb\/index.php?rest_route=\/wp\/v2\/media\/5359"}],"wp:attachment":[{"href":"http:\/\/winelove.vn\/9xweb\/index.php?rest_route=%2Fwp%2Fv2%2Fmedia&parent=5144"}],"curies":[{"name":"wp","href":"https:\/\/api.w.org\/{rel}","templated":true}]}}