{"id":5479,"date":"2019-07-11T20:00:48","date_gmt":"2019-07-11T13:00:48","guid":{"rendered":"http:\/\/winelove.vn\/9xweb\/?post_type=product&#038;p=5479"},"modified":"2022-10-31T22:18:47","modified_gmt":"2022-10-31T15:18:47","slug":"ruou-vang-wynns-riesling-coonawarra","status":"publish","type":"product","link":"http:\/\/winelove.vn\/9xweb\/?product=ruou-vang-wynns-riesling-coonawarra","title":{"rendered":"R\u01b0\u1ee3u Vang Wynns Riesling Coonawarra 5.4% ABV* &#8211; R\u01b0\u1ee3u Vang U\u0301c"},"content":{"rendered":"<h2><span style=\"font-family: arial, helvetica, sans-serif; font-size: 18pt; color: #800000;\">Gi\u1edbi thi\u1ec7u v\u1ec1 r\u01b0\u1ee3u vang Wynns Riesling Coonawarra<\/span><\/h2>\n<p><span style=\"font-family: arial, helvetica, sans-serif; font-size: 12pt; color: #000000;\">T\u1ea1i th\u1ecb tr\u01b0\u1eddng ch\u00e2u \u00c1, r\u01b0\u1ee3u vang \u00dac \u0111ang chinh ph\u1ee5c \u0111\u00f4ng \u0111\u1ea3o ng\u01b0\u1eddi ti\u00eau d\u00f9ng nh\u1edd s\u1ea3n l\u01b0\u1ee3ng d\u1ed3i d\u00e0o, gi\u00e1 c\u1ea3 c\u1ea1nh tranh v\u00e0 \u0111\u1eb7c bi\u1ec7t l\u00e0 y\u1ebfu t\u1ed1 m\u1edbi l\u1ea1. Ngo\u00e0i ra, h\u01b0\u01a1ng v\u1ecb c\u0169ng l\u00e0 m\u1ed9t \u0111\u1eb7c tr\u01b0ng r\u00f5 n\u00e9t c\u1ee7a r\u01b0\u1ee3u vang \u00dac. \u0110a s\u1ed1 vang \u00dac c\u00f3 m\u00f9i th\u01a1m tr\u00e1i c\u00e2y ch\u00edn v\u00e0 t\u1ea1o n\u00ean c\u1ea3m nh\u1eadn r\u00f5 n\u00e9t m\u00e0 kh\u00f4ng c\u1ea7n ph\u1ea3i c\u00f3 kh\u1ee9u gi\u00e1c v\u00e0 v\u1ecb gi\u00e1c th\u1eadt tinh t\u1ebf \u0111\u1ec3 nh\u1eadn bi\u1ebft. V\u1edbi \u0111\u1eb7c \u0111i\u1ec3m t\u01b0\u01a1i m\u00e1t v\u00e0 th\u01a1m m\u00f9i tr\u00e1i c\u00e2y, r\u01b0\u1ee3u vang \u00dac r\u1ea5t th\u00edch h\u1ee3p v\u1edbi c\u00e1c m\u00f3n \u0103n c\u00f3 nhi\u1ec1u gia v\u1ecb. B\u00ean c\u1ea1nh c\u00e1c d\u00f2ng vang \u0111\u1ecf th\u01b0\u1ee3ng h\u1ea1ng th\u00ec vang tr\u1eafng \u0111\u1ebfn t\u1eeb \u0111\u1ea5t n\u01b0\u1edbc n\u00e0y th\u1ef1c s\u1ef1 l\u00e0 nh\u1eefng vi\u00ean ng\u1ecdc ch\u01b0a \u0111\u01b0\u1ee3c kh\u00e1m ph\u00e1. Wynns Coonawarra Estate Riesling l\u1ea7n \u0111\u1ea7u ti\u00ean \u0111\u01b0\u1ee3c s\u1ea3n xu\u1ea5t v\u00e0o n\u0103m 1962 v\u00e0 \u0111\u00e3 n\u1ed5i ti\u1ebfng l\u00e0 m\u1ed9t trong nh\u1eefng lo\u1ea1i r\u01b0\u1ee3u vang tr\u1eafng ph\u00f9 h\u1ee3p nh\u1ea5t, \u0111\u00e1ng gi\u00e1 nh\u1ea5t c\u1ee7a \u00dac. T\u1eeb m\u1ed9t khu v\u1ef1c n\u1ed5i ti\u1ebfng v\u1edbi c\u00e1c lo\u1ea1i r\u01b0\u1ee3u vang \u0111\u1ecf c\u1ee7a n\u00f3, Riesling n\u00e0y ch\u1ee9ng minh r\u1eb1ng Coonawarra c\u0169ng c\u00f3 th\u1ec3 t\u1ea1o ra nh\u1eefng ng\u01b0\u1eddi da tr\u1eafng c\u00f3 ch\u1ea5t l\u01b0\u1ee3ng cao nh\u1ea5t.<\/span><\/p>\n<h2><span style=\"font-family: arial, helvetica, sans-serif; font-size: 18pt; color: #800000;\">\u0110\u1eb7c \u0111i\u1ec3m c\u1ee7a r\u01b0\u1ee3u vang Wynns Riesling Coonawarra<\/span><\/h2>\n<p><span style=\"font-family: arial, helvetica, sans-serif; font-size: 12pt; color: #000000;\">Chai\u00a0r\u01b0\u1ee3u\u00a0\u0111\u01b0\u1ee3c\u00a0l\u00e0m\u00a0t\u1eeb 100% nho Riesling. Gi\u1ed1ng\u00a0nho\u00a0n\u00e0y \u0111\u01b0\u1ee3c c\u00e1c chuy\u00ean gia v\u1ec1 r\u01b0\u1ee3u vang x\u1ebfp h\u1ea1ng l\u00e0 m\u1ed9t trong c\u00e1c gi\u1ed1ng\u00a0nho\u00a0s\u1ea3n xu\u1ea5t r\u01b0\u1ee3u vang tr\u1eafng t\u1ed1t nh\u1ea5t th\u1ebf gi\u1edbi. R\u01b0\u1ee3u vang t\u1eeb\u00a0nho Riesling\u00a0kh\u00e1 k\u00e9n ng\u01b0\u1eddi d\u00f9ng nh\u01b0ng khi \u0111\u00e3 h\u1ecd \u0111\u00e3 c\u1ea3m nh\u1eadn \u0111\u01b0\u1ee3c \u0111\u1ea7y \u0111\u1ee7 h\u01b0\u01a1ng v\u1ecb th\u00ec s\u1ebd v\u00f4 c\u00f9ng trung th\u00e0nh, b\u1ecf m\u1eb7c nh\u1eefng bi\u1ebfn \u0111\u1ed9ng c\u1ee7a th\u1eddi gian v\u00e0 c\u00e1c tr\u00e0o l\u01b0u tr\u00ean th\u1ebf gi\u1edbi.<\/span><\/p>\n<p><span style=\"font-family: arial, helvetica, sans-serif; font-size: 12pt; color: #000000;\">\u0110\u00e2y l\u00e0 m\u1ed9t v\u00ed d\u1ee5 tuy\u1ec7t v\u1eddi th\u01a1m c\u1ee7a m\u1ed9t kh\u00ed h\u1eadu m\u00e1t m\u1ebb Riesling v\u1edbi m\u1ed9t n\u1ed3ng \u0111\u1ed9 t\u1ed1t c\u1ee7a h\u01b0\u01a1ng v\u1ecb hoa v\u00e0 m\u1ed9t kh\u1ea9u v\u1ecb nh\u1eb9 nh\u00e0ng nh\u01b0ng s\u1ed1ng \u0111\u1ed9ng. M\u00e0u xanh l\u00e1 c\u00e2y nh\u1ea1t, \u0111\u1ed9 tinh khi\u1ebft c\u1ee7a qu\u1ea3 Riesling \u0111\u01b0\u1ee3c ch\u1ee9ng minh, v\u1edbi hoa l\u00e1 m\u00e0u tr\u1eafng v\u1edbi h\u01b0\u01a1ng th\u01a1m cam qu\u00fdt v\u00e0 m\u1ed9t s\u1ef1 m\u1ec1m m\u1ea1i tr\u00e1i c\u00e2y h\u1ea5p d\u1eabn. M\u1ed9t kh\u1ea9u v\u1ecb \u0111\u1ea7y \u0111\u1ee7 h\u01b0\u01a1ng v\u1ecb v\u1edbi chanh v\u00e0 hoa c\u00e2n b\u1eb1ng b\u1edfi axit t\u1ef1 nhi\u00ean m\u1ec1m.<\/span><\/p>\n<p><span style=\"font-family: arial, helvetica, sans-serif; font-size: 12pt; color: #000000;\">\u0110\u1ed9 c\u1ed3n :\u00a012.5% kh\u00e1 nh\u1eb9 nh\u00e0ng \u0111\u01b0\u1ee3c ng\u00e2m \u1ee7 kh\u00e1 k\u0129 c\u00e0ng, \u0111\u00e2y c\u0169ng l\u00e0 m\u1ed9t m\u1ee9c \u0111\u1ed9 t\u01b0\u01a1ng \u0111\u1ed1i ph\u00f9 h\u1ee3p \u0111\u1ed1i v\u1edbi ng\u01b0\u1eddi s\u1eed d\u1ee5ng k\u1ec3 ng\u01b0\u1eddi c\u00f3 tu\u1ed5i v\u00e0 ph\u1ee5 n\u1eef. Chai vang n\u00e0y ph\u00f9 h\u1ee3p d\u00f9ng l\u00e0m \u0111\u1ed3 u\u1ed1ng khai v\u1ecb cho nh\u1eefng bu\u1ed5i party nh\u1eb9 nh\u00e0ng. Ph\u1ee5c v\u1ee5 trong nhi\u1ec7t \u0111\u1ed9 l\u00fd t\u01b0\u1edfng:12-14 \u0111\u1ed9 C. Th\u00edch h\u1ee3p cho u\u1ed1ng ngay b\u00e2y gi\u1edd v\u1edbi m\u1ed9t c\u1ea5u tr\u00fac s\u1ebd th\u01b0\u1edfng cho clearing ng\u1eafn h\u1ea1n.<\/span><\/p>\n<h2><span style=\"font-family: arial, helvetica, sans-serif; font-size: 18pt; color: #800000;\">Quy tri\u0300nh sa\u0309n xu\u00e2\u0301t r\u01b0\u1ee3u vang Wynns Riesling Coonawarra<\/span><\/h2>\n<p><span style=\"font-family: arial, helvetica, sans-serif; font-size: 12pt; color: #000000;\">\u0110\u01b0\u1ee3c ph\u00e1t tri\u1ec3n d\u1ef1a v\u00e0o c\u00f4ng ngh\u1ec7 hi\u1ec7n \u0111\u1ea1i, v\u1edbi ch\u1ea5t l\u01b0\u1ee3ng cao, \u0111\u1ea3m b\u1ea3o c\u00e1c ti\u00eau chu\u1ea9n t\u01b0\u01a1i m\u00e1t (fresh) v\u00e0 trong su\u1ed1t (clean). Thu ho\u1ea1ch \u1edf \u0111\u1ed9 ch\u00edn t\u1ed1i \u01b0u, nho sau khi \u0111\u01b0\u1ee3c c\u1eaft cu\u1ed1ng v\u00e0 e\u0301p s\u1ebd \u0111\u01b0\u1ee3c \u0111\u01b0a l\u00ean h\u1ec7 th\u1ed1ng \u0111\u1ec3 l\u00ean men r\u1ed3i sau \u0111\u00f3 s\u1ebd \u0111\u01b0\u1ee3c \u00e9p. Ph\u01b0\u01a1ng ph\u00e1p l\u00e0m r\u01b0\u1ee3u tinh t\u1ebf khi\u1ebfn vang tr\u1edf n\u00ean h\u00e0i h\u00f2a c\u00e1 t\u00ednh h\u01a1n \u0111\u00f3 l\u00e0 ph\u01b0\u01a1ng ph\u00e1p Botrytis (\u0111\u1ec3 kh\u00f4 v\u00e0 l\u00ean men b\u1edfi ch\u1ee7ng n\u1ea5m Botrytis cinerea). R\u01b0\u1ee3u \u0111\u01b0\u1ee3c \u1ee7 \u00edt nh\u1ea5t 12 th\u00e1ng tr\u01b0\u1edbc khi \u0111em \u0111\u1ebfn tay ng\u01b0\u1eddi d\u00f9ng.<\/span><\/p>\n<p><span style=\"font-size: 12pt;\"><span style=\"color: #ff0000;\"><strong>\u25ba <\/strong><\/span>Xem Th\u00eam Chai R\u01b0\u1ee3u Vang N\u1ed5i Ti\u1ebfng Nh\u1ea5t C\u1ee7a H\u00e3ng Penfolds: <span style=\"color: #ff0000;\"><strong><a style=\"color: #ff0000;\" href=\"https:\/\/ruouvang24h.vn\/ruou-vang-penfolds-bin-389\">R\u01b0\u1ee3u Vang Penfolds Bin 389<\/a><\/strong><\/span><\/span><\/p>\n<p>&nbsp;<\/p>\n","protected":false},"excerpt":{"rendered":"<p>Gi\u1edbi thi\u1ec7u v\u1ec1 r\u01b0\u1ee3u vang Wynns Riesling Coonawarra T\u1ea1i th\u1ecb tr\u01b0\u1eddng ch\u00e2u \u00c1, r\u01b0\u1ee3u vang \u00dac \u0111ang chinh ph\u1ee5c \u0111\u00f4ng \u0111\u1ea3o ng\u01b0\u1eddi ti\u00eau d\u00f9ng nh\u1edd s\u1ea3n l\u01b0\u1ee3ng d\u1ed3i d\u00e0o, gi\u00e1 c\u1ea3 c\u1ea1nh tranh v\u00e0 \u0111\u1eb7c bi\u1ec7t l\u00e0 y\u1ebfu t\u1ed1 m\u1edbi l\u1ea1. Ngo\u00e0i ra, h\u01b0\u01a1ng v\u1ecb c\u0169ng l\u00e0 m\u1ed9t \u0111\u1eb7c tr\u01b0ng r\u00f5 n\u00e9t c\u1ee7a r\u01b0\u1ee3u vang [&hellip;]<\/p>\n","protected":false},"featured_media":5782,"comment_status":"closed","ping_status":"closed","template":"","meta":[],"class_list":{"0":"post-5479","1":"product","2":"type-product","3":"status-publish","4":"has-post-thumbnail","6":"product_cat-ruou-vang-gia-re","8":"first","9":"instock","10":"shipping-taxable","11":"purchasable","12":"product-type-simple"},"_links":{"self":[{"href":"http:\/\/winelove.vn\/9xweb\/index.php?rest_route=\/wp\/v2\/product\/5479"}],"collection":[{"href":"http:\/\/winelove.vn\/9xweb\/index.php?rest_route=\/wp\/v2\/product"}],"about":[{"href":"http:\/\/winelove.vn\/9xweb\/index.php?rest_route=\/wp\/v2\/types\/product"}],"replies":[{"embeddable":true,"href":"http:\/\/winelove.vn\/9xweb\/index.php?rest_route=%2Fwp%2Fv2%2Fcomments&post=5479"}],"wp:featuredmedia":[{"embeddable":true,"href":"http:\/\/winelove.vn\/9xweb\/index.php?rest_route=\/wp\/v2\/media\/5782"}],"wp:attachment":[{"href":"http:\/\/winelove.vn\/9xweb\/index.php?rest_route=%2Fwp%2Fv2%2Fmedia&parent=5479"}],"curies":[{"name":"wp","href":"https:\/\/api.w.org\/{rel}","templated":true}]}}