{"id":5568,"date":"2019-05-24T03:18:49","date_gmt":"2019-05-23T20:18:49","guid":{"rendered":"http:\/\/winelove.vn\/9xweb\/?post_type=product&#038;p=5568"},"modified":"2022-10-28T12:54:10","modified_gmt":"2022-10-28T05:54:10","slug":"ruou-vang-argese-rosso","status":"publish","type":"product","link":"http:\/\/winelove.vn\/9xweb\/?product=ruou-vang-argese-rosso","title":{"rendered":"R\u01b0\u1ee3u Vang Argese Rosso 5.4% ABV* &#8211; R\u01b0\u1ee3u Vang 18 \u0110\u1ed9 Gi\u00e1 S\u1ed1c"},"content":{"rendered":"<p><span style=\"font-family: arial, helvetica, sans-serif; font-size: 12pt; color: #000000;\"><strong>\u00a0R\u01b0\u1ee3u vang Argese Rosso<\/strong> \u0111\u01b0\u1ee3c bi\u1ebft \u0111\u1ebfn l\u00e0 m\u1ed9t chai r\u01b0\u1ee3u vang c\u00f3 n\u1ed3ng \u0111\u1ed9 cao l\u00ean t\u1edbi 18% v\u00e0 l\u00e0 m\u1ed9t chai r\u01b0\u1ee3u vang \u0111i\u1ec3n h\u00ecnh c\u1ee7a n\u01b0\u1edbc \u00dd, r\u01b0\u1ee3u \u0111\u01b0\u1ee3c l\u00e0m t\u1eeb 100% gi\u1ed1ng nho Primitivo n\u1ed5i ti\u1ebfng b\u1edfi nh\u00e0 s\u1ea3n xu\u1ea5t Tenute Girolamo l\u1eebng danh, chai r\u01b0\u1ee3u vang n\u00e0y mang trong m\u00ecnh m\u00e0u s\u1eafc h\u00e0i h\u00f2a c\u00f9ng ch\u1ea5t l\u01b0\u1ee3ng tuy\u1ec7t h\u1ea3o, n\u00f3 \u0111\u00e1p \u1ee9ng \u0111\u01b0\u1ee3c \u0111\u1ea7y \u0111\u1ee7 nh\u1eefng y\u00eau c\u1ea7u kh\u1eaft khe nh\u1ea5t c\u1ee7a th\u1ef1c kh\u00e1ch v\u1ec1 m\u1ed9t chai r\u01b0\u1ee3u vang \u0111\u1eb3ng c\u1ea5p.<\/span><\/p>\n<p><span style=\"font-size: 14pt;\"><strong>C\u00e1c b\u1ea1n c\u00f3 th\u1ec3 xem th\u00eam to\u00e0n b\u1ed9: <a href=\"http:\/\/winelove.vn\/9xweb\/danh-muc\/ruou-vang-y\/\">R\u01b0\u1ee3u Vang \u00dd<\/a><\/strong><\/span><\/p>\n<p><img loading=\"lazy\" decoding=\"async\" class=\"aligncenter size-full wp-image-5574\" src=\"http:\/\/winelove.vn\/9xweb\/wp-content\/uploads\/2019\/05\/R\u01b0\u1ee3u-Vang-Argese-Rosso-1.jpg\" alt=\"R\u01b0\u1ee3u Vang Argese Rosso\" width=\"600\" height=\"600\" srcset=\"http:\/\/winelove.vn\/9xweb\/wp-content\/uploads\/2019\/05\/R\u01b0\u1ee3u-Vang-Argese-Rosso-1.jpg 600w, http:\/\/winelove.vn\/9xweb\/wp-content\/uploads\/2019\/05\/R\u01b0\u1ee3u-Vang-Argese-Rosso-1-300x300.jpg 300w, http:\/\/winelove.vn\/9xweb\/wp-content\/uploads\/2019\/05\/R\u01b0\u1ee3u-Vang-Argese-Rosso-1-100x100.jpg 100w, http:\/\/winelove.vn\/9xweb\/wp-content\/uploads\/2019\/05\/R\u01b0\u1ee3u-Vang-Argese-Rosso-1-150x150.jpg 150w, http:\/\/winelove.vn\/9xweb\/wp-content\/uploads\/2019\/05\/R\u01b0\u1ee3u-Vang-Argese-Rosso-1-45x45.jpg 45w\" sizes=\"(max-width: 600px) 100vw, 600px\" \/><\/p>\n<h2><span style=\"font-size: 14pt;\"><strong><span style=\"font-family: arial, helvetica, sans-serif; color: #000000;\">Gi\u00e1 r\u01b0\u1ee3u vang\u00a0Argese Rosso<\/span><\/strong><\/span><\/h2>\n<p><span style=\"font-family: arial, helvetica, sans-serif; font-size: 12pt; color: #000000;\"><strong>R\u01b0\u1ee3u Vang Argese Rosso<\/strong> c\u00f3 m\u1ee9c gi\u00e1 \u1edf ph\u00e2n kh\u00fac tr\u00ean nh\u01b0ng l\u1ea1i v\u00f4 c\u00f9ng h\u1ee3p l\u00fd v\u1edbi m\u1ed9t chai r\u01b0\u1ee3u vang \u0111\u1eb3ng c\u1ea5p v\u00e0 ch\u1ea5t l\u01b0\u1ee3ng c\u1ee7a \u00dd, v\u1ec1 gi\u00e1 c\u1ee7a chai r\u01b0\u1ee3u vang n\u00e0y dao \u0111\u1ed9ng \u1edf m\u1ee9c kho\u1ea3ng 1.900.000 \u0111\u1ebfn 2.100.000 t\u00f9y theo t\u1eebng th\u1eddi \u0111i\u1ec3m m\u00e0 m\u1ee9c gi\u00e1 c\u00f3 th\u1ec3 thay \u0111\u1ed5i l\u00ean ho\u1eb7c xu\u1ed1ng. Hi\u1ec7n nay chai r\u01b0\u1ee3u vang n\u00e0y n\u00e0y \u0111\u01b0\u1ee3c ph\u00e2n ph\u1ed1i t\u1ea1i\u00a0winestore1977.com v\u1edbi gi\u00e1 si\u00eau khuy\u1ebfn m\u00e3i, l\u00e0 nh\u00e0 ph\u00e2n ph\u1ed1i l\u1edbn, ch\u00fang t\u00f4i c\u00f3 nh\u1eefng ch\u00ednh s\u00e1ch t\u1ed1t v\u00e0 chi\u1ebft kh\u1ea5u cao cho t\u1ea5t c\u1ea3 nh\u1eefng th\u1ef1c kh\u00e1ch c\u00f3 nhu c\u1ea7u s\u1eed d\u1ee5ng r\u01b0\u1ee3u vang. \u0110\u1ebfn v\u1edbi ch\u00fang t\u00f4i b\u1ea1n s\u1ebd nh\u1eadn \u0111\u01b0\u1ee3c nhi\u1ec1u \u01b0u \u0111\u00e3i l\u1edbn v\u00e0 \u0111\u01b0\u1ee3c t\u01b0 v\u1ea5n,h\u1ed7 tr\u1ee3 m\u1ed9t c\u00e1ch t\u1eadn t\u00ecnh nh\u1ea5t.<\/span><\/p>\n<h2><span style=\"font-size: 14pt;\"><strong><span style=\"font-family: arial, helvetica, sans-serif; color: #000000;\">Gi\u1edbi thi\u1ec7u v\u1ec1 r\u01b0\u1ee3u vang\u00a0Argese Rosso<\/span><\/strong><\/span><\/h2>\n<p><span style=\"font-family: arial, helvetica, sans-serif; font-size: 12pt; color: #000000;\"><strong>R\u01b0\u1ee3u vang\u00a0Argese Rosso<\/strong> l\u00e0m m\u1ed9t trong nh\u1eefng \u0111\u1ee9a con tinh th\u1ea7n s\u00e1ng gi\u00e1 nh\u1ea5t c\u1ee7a nh\u00e0 s\u1ea3n xu\u1ea5t\u00a0Tenute Girolamo, l\u00e0 m\u1ed9t chai r\u01b0\u1ee3u vang \u0111\u1eb7c bi\u1ec7t v\u1edbi n\u1ed3ng \u0111\u1ed9 cao m\u00e0 hi\u1ebfm nh\u00e0 s\u1ea3n xu\u1ea5t n\u00e0o c\u00f3 th\u1ec3 l\u00e0m ra \u0111\u01b0\u1ee3c. Ngay t\u1eeb khi m\u1edbi cho ra m\u1eaft d\u00f2ng s\u1ea3n ph\u1ea9m n\u00e0y, nh\u00e0 s\u1ea3n xu\u1ea5t\u00a0Tenute Girolamo \u0111\u00e3 nh\u1eadn \u0111\u01b0\u1ee3c r\u1ea5t nhi\u1ec1u ph\u1ea3n h\u1ed3i t\u00edch c\u1ef1c t\u1eeb kh\u00e1ch h\u00e0ng, c\u00f3 th\u1ec3 n\u00f3i chai r\u01b0\u1ee3u vang\u00a0Argese Rosso \u0111\u00e3 g\u00f3p ph\u1ea7n \u0111\u01b0a t\u00ean tu\u1ed5i c\u1ee7a nh\u00e0 s\u1ea3n xu\u1ea5t n\u00e0y \u0111\u1ebfn g\u1ea7n h\u01a1n v\u1edbi th\u1ecb tr\u01b0\u1eddng r\u01b0\u1ee3u vang th\u1ebf gi\u1edbi. N\u00f3 c\u0169ng l\u00e0 \u0111i\u1ec3m nh\u1ea5n tuy\u1ec7t v\u1eddi, thu h\u00fat h\u00e0ng ng\u00e0n th\u1ef1c kh\u00e1ch \u0111\u1ebfn v\u1edbi \u0111\u1ea5t n\u01b0\u1edbc \u00dd xinh \u0111\u1eb9p \u0111\u1ec3 c\u00f9ng th\u01b0\u1edfng th\u1ee9c h\u01b0\u01a1ng v\u1ecb \u0111\u1eb7c tr\u01b0ng c\u1ee7a n\u00f3.<\/span><\/p>\n<h2><span style=\"font-size: 14pt;\"><strong><span style=\"font-family: arial, helvetica, sans-serif; color: #000000;\">\u0110\u1eb7c \u0111i\u1ec3m r\u01b0\u1ee3u vang\u00a0Argese Rosso<\/span><\/strong><\/span><\/h2>\n<p><span style=\"font-family: arial, helvetica, sans-serif; font-size: 12pt; color: #000000;\">\u0110\u01b0\u1ee3c ra \u0111\u1eddi t\u1ea1i v\u00f9ng Puglia,m\u1ed9t trong nh\u1eefng v\u00f9ng tr\u1ed3ng nho v\u00e0 s\u1ea3n xu\u1ea5t r\u01b0\u1ee3u vang n\u1ed5i ti\u1ebfng n\u1eb1m \u1edf mi\u1ec1n Nam n\u01b0\u1edbc \u00dd, r\u01b0\u1ee3u l\u00e0 s\u1ef1 k\u1ebft tinh ho\u00e0n h\u1ea3o c\u1ee7a 100% gi\u1ed1ng nho Primitivo n\u1ed5i ti\u1ebfng b\u1eadc nh\u1ea5t t\u1ea1i n\u01a1i \u0111\u00e2y, r\u01b0\u1ee3u vang\u00a0Argese Rosso mang trong m\u00ecnh m\u00e0u \u0111\u1ecf ruby s\u00e2u \u0111\u1eadm h\u00f2a l\u1eabn m\u1ed9t ch\u00fat \u00e1nh t\u00edm t\u1ea1o n\u00ean s\u1ef1 huy\u1ec1n b\u00ed m\u1ed9t c\u00e1ch ho\u00e0n h\u1ea3o. R\u01b0\u1ee3u c\u00f3 thi\u1ebft k\u1ebf nh\u00e3 nh\u1eb7n v\u00e0 thanh l\u1ecbch, v\u1edbi \u0111\u1ed9t ph\u00e1 l\u00e0 n\u00fat si ch\u1ee9 kh\u00f4ng ph\u1ea3i n\u00fat b\u1ea5c nh\u01b0 nh\u1eefng chai r\u01b0\u1ee3u vang th\u00f4ng th\u01b0\u1eddng m\u00e0 ch\u00fang ta hay g\u1eb7p, \u0111\u00e2y c\u0169ng l\u00e0 m\u1ed9t \u0111i\u1ec3m t\u1ea1o n\u00ean s\u1ef1 \u0111\u1eb7c bi\u1ec7t c\u1ee7a chai r\u01b0\u1ee3u vang n\u00e0y.<\/span><\/p>\n<p><span style=\"font-family: arial, helvetica, sans-serif; font-size: 12pt; color: #000000;\"><strong>Argese Rosso<\/strong> ngo\u00e0i thi\u1ebft k\u1ebf \u0111\u1eb7c bi\u1ec7t v\u00e0 b\u1eaft m\u1eaft ra c\u00f2n c\u00f3 nhi\u1ec1u t\u1ea7ng l\u1edbp h\u01b0\u01a1ng th\u01a1m n\u1ed3ng n\u00e0n, quy\u1ebfn r\u0169 v\u00e0 lan t\u1ecfa, kh\u1edfi \u0111\u1ea7u m\u00e0 th\u1ef1c kh\u00e1ch d\u1ec5 nh\u1eadn bi\u1ebft \u0111\u01b0\u1ee3c nh\u1ea5t l\u00e0 h\u01b0\u01a1ng th\u01a1m t\u01b0\u01a1i m\u1edbi c\u1ee7a nhi\u1ec1u lo\u1ea1i tr\u00e1i c\u00e2y, c\u00f9ng h\u01b0\u01a1ng v\u1ecb ng\u1ecdt ng\u00e0o c\u1ee7a c\u00e1c lo\u1ea1i m\u1ee9t, ti\u1ebfp \u0111\u1ebfn khi th\u01b0\u1edfng th\u1ee9c, th\u1ef1c kh\u00e1ch c\u00f3 th\u1ec3 nh\u1eadn bi\u1ebft \u0111\u01b0\u1ee3c l\u00e0n h\u01b0\u01a1ng th\u01a1m nh\u1eb9 nh\u00e0ng v\u00e0 s\u00e2u s\u1eafc c\u1ee7a cam th\u1ea3o, vani r\u1ea5t l\u00f4i cu\u1ed1n. V\u00e0 cu\u1ed1i c\u00f9ng l\u00e0 l\u00e0n h\u01b0\u01a1ng th\u01a1m ph\u1ea3ng ph\u1ea5t, l\u00fac \u1ea9n l\u00fac hi\u1ec7n, ch\u1ec9 c\u00f3 nh\u1eefng th\u1ef1c kh\u00e1ch th\u1ef1c s\u1ef1 s\u00e0nh vang m\u1edbi c\u00f3 th\u1ec3 c\u1ea3m nh\u1eadn \u0111\u01b0\u1ee3c \u0111\u00f3 l\u00e0 h\u01b0\u01a1ng th\u01a1m c\u1ee7a gia v\u1ecb v\u00e0 h\u01b0\u01a1ng g\u1ed7 s\u1ed3i thanh l\u1ecbch.<\/span><\/p>\n<p><span style=\"font-family: arial, helvetica, sans-serif; font-size: 12pt; color: #000000;\">R\u01b0\u1ee3u\u00a0c\u00f3 c\u1ea5u tr\u00fac t\u01b0\u01a1ng \u0111\u1ed1i ch\u1eb7t ch\u1ebd v\u1edbi n\u1ed3ng \u0111\u1ed9 c\u1ed3n \u0111\u1ea1t m\u1ee9c 18%, \u0111\u00e2y l\u00e0 chai r\u01b0\u1ee3u vang ph\u00f9 h\u1ee3p v\u1edbi nh\u1eefng th\u1ef1c kh\u00e1ch \u01b0a th\u00edch s\u1ef1 m\u1ea1o hi\u1ec3m, s\u1ef1 m\u1ea1nh m\u1ebd c\u00f3 trong ch\u1ea5t r\u01b0\u1ee3u. V\u1edbi h\u00e0m l\u01b0\u1ee3ng tannin cao c\u00f9ng \u0111\u1ed9 axit c\u00e2n b\u1eb1ng m\u1ed9t c\u00e1ch ho\u00e0n h\u1ea3o, r\u01b0\u1ee3u \u0111\u00e3 mang \u0111\u1ebfn cho th\u1ef1c kh\u00e1ch m\u1ed9t s\u1ef1 b\u1ea5t ng\u1edd ho\u00e0n to\u00e0n th\u00fa v\u1ecb. Tuy r\u01b0\u1ee3u c\u00f3 n\u1ed3ng \u0111\u1ed9 c\u1ed3n t\u01b0\u01a1ng \u0111\u1ed1i cao nh\u01b0ng l\u1ea1i mang \u0111\u1ebfn cho th\u1ef1c kh\u00e1ch c\u1ea3m nh\u1eadn \u0111\u01b0\u1ee3c s\u1ef1 \u00eam \u0111\u1ec1m s\u00e2u l\u1eafng v\u1edbi h\u1eadu v\u1ecb ng\u1ecdt ng\u00e0o v\u00e0 \u1ea5n t\u01b0\u1ee3ng c\u1ee7a h\u01b0\u01a1ng th\u01a1m lan t\u1ecfa v\u00e0 dai d\u1eb3ng m\u00e3i kh\u00f4ng tan.<\/span><\/p>\n<p><strong><span style=\"font-family: arial, helvetica, sans-serif; font-size: 12pt; color: #000000;\">Th\u01b0\u1edfng th\u1ee9c r\u01b0\u1ee3u vang\u00a0Argese Rosso<\/span><\/strong><\/p>\n<p><span style=\"font-family: arial, helvetica, sans-serif; font-size: 12pt; color: #000000;\">\u0110\u1ec3 c\u00f3 th\u1ec3 c\u1ea3m nh\u1eadn \u0111\u01b0\u1ee3c h\u1ebft h\u01b0\u01a1ng v\u1ecb th\u01a1m ngon v\u00e0 \u0111\u1eb7c tr\u01b0ng c\u1ee7a chai <strong>r\u01b0\u1ee3u vang\u00a0Argese Rosso<\/strong> n\u00e0y th\u00ec trong qu\u00e1 tr\u00ecnh th\u01b0\u1edfng th\u1ee9c b\u1ea1n n\u00ean ch\u00fa \u00fd v\u00e0i \u0111i\u1ec3m sau: K\u1ebf h\u1ee3p r\u01b0\u1ee3u v\u1edbi c\u00e1c m\u00f3n \u0103n truy\u1ec1n th\u1ed1ng t\u1eeb th\u1ecbt \u0111\u1ecf nh\u01b0 b\u00f2 , l\u1ee3n, c\u1eebu, ho\u1eb7c c\u00e1c m\u00f3n \u0103n nh\u1eb9 nh\u01b0 ph\u00f4 mai, th\u1ecbt ngu\u1ed9i hay tr\u00e1i c\u00e2y t\u01b0\u01a1i c\u0169ng l\u00e0 l\u1ef1a ch\u1ecdn ho\u00e0n h\u1ea3o.<\/span><\/p>\n<p><span style=\"font-family: arial, helvetica, sans-serif; font-size: 12pt; color: #000000;\">Ng\u00e2m l\u1ea1nh r\u01b0\u1ee3u 30p tr\u01b0\u1edbc khi th\u01b0\u1edfng th\u1ee9c<\/span><\/p>\n<p><span style=\"font-family: arial, helvetica, sans-serif; font-size: 12pt; color: #000000;\">M\u1edf n\u00fat chai v\u00e0 cho r\u01b0\u1ee3u ra decanter kho\u1ea3ng 30 \u0111\u1ebfn 60p \u0111\u1ec3 h\u01b0\u01a1ng v\u1ecb r\u01b0\u1ee3u b\u00f9ng n\u1ed5<\/span><\/p>\n<p><span style=\"font-family: arial, helvetica, sans-serif; font-size: 12pt; color: #000000;\">Th\u01b0\u1edfng th\u1ee9c r\u01b0\u1ee3u \u1edf nhi\u1ec7t \u0111\u1ed9 kho\u1ea3ng 16 \u0111\u1ebfn 18 \u0111\u1ed9 C l\u00e0 ph\u00f9 h\u1ee3p nh\u1ea5t.<\/span><\/p>\n<p><span style=\"font-family: arial, helvetica, sans-serif; font-size: 12pt; color: #000000;\">Ch\u00fa \u00fd : B\u1ea3o qu\u1ea3n r\u01b0\u1ee3u trong nhi\u1ec7t \u0111\u1ed9 m\u00e1t, tr\u00e1nh \u00e1nh s\u00e1ng tr\u1ef1c ti\u1ebfp s\u1ebd l\u00e0m \u1ea3nh h\u01b0\u01a1ng \u0111\u1ebfn ch\u1ea5t l\u01b0\u1ee3ng r\u01b0\u1ee3u, c\u00f3 m\u1ed9t \u0111i\u1ec1u \u0111\u1ea1c bi\u1ec7t l\u00e0 chai r\u01b0\u1ee3u vang n\u00e0y s\u1ebd \u0111\u1ec3 \u0111\u01b0\u1ee3c r\u1ea5t l\u00e2u, kho\u1ea3ng 6 \u0111\u1ebfn 7 n\u0103m n\u1ebfu \u0111\u01b0\u1ee3c b\u1ea3o qu\u1ea3n m\u1ed9t c\u00e1ch t\u1ed1t nh\u1ea5t.<\/span><\/p>\n<p><span style=\"font-size: 12pt;\">\u25ba Xem Th\u00eam Chai R\u01b0\u1ee3u Vang N\u1ed5i Ti\u1ebfng Nh\u1ea5t C\u1ee7a H\u00e3ng Velenosi: <strong><a href=\"https:\/\/ruouvang24h.vn\/ruou-vang-ludi\">R\u01b0\u1ee3u Vang Ludi<\/a><\/strong><\/span><\/p>\n<p>&nbsp;<\/p>\n","protected":false},"excerpt":{"rendered":"<p>\u00a0R\u01b0\u1ee3u vang Argese Rosso \u0111\u01b0\u1ee3c bi\u1ebft \u0111\u1ebfn l\u00e0 m\u1ed9t chai r\u01b0\u1ee3u vang c\u00f3 n\u1ed3ng \u0111\u1ed9 cao l\u00ean t\u1edbi 18% v\u00e0 l\u00e0 m\u1ed9t chai r\u01b0\u1ee3u vang \u0111i\u1ec3n h\u00ecnh c\u1ee7a n\u01b0\u1edbc \u00dd, r\u01b0\u1ee3u \u0111\u01b0\u1ee3c l\u00e0m t\u1eeb 100% gi\u1ed1ng nho Primitivo n\u1ed5i ti\u1ebfng b\u1edfi nh\u00e0 s\u1ea3n xu\u1ea5t Tenute Girolamo l\u1eebng danh, chai r\u01b0\u1ee3u vang n\u00e0y mang trong m\u00ecnh [&hellip;]<\/p>\n","protected":false},"featured_media":5573,"comment_status":"closed","ping_status":"closed","template":"","meta":[],"class_list":{"0":"post-5568","1":"product","2":"type-product","3":"status-publish","4":"has-post-thumbnail","6":"product_cat-ruou-vang-y","8":"first","9":"instock","10":"shipping-taxable","11":"purchasable","12":"product-type-simple"},"_links":{"self":[{"href":"http:\/\/winelove.vn\/9xweb\/index.php?rest_route=\/wp\/v2\/product\/5568"}],"collection":[{"href":"http:\/\/winelove.vn\/9xweb\/index.php?rest_route=\/wp\/v2\/product"}],"about":[{"href":"http:\/\/winelove.vn\/9xweb\/index.php?rest_route=\/wp\/v2\/types\/product"}],"replies":[{"embeddable":true,"href":"http:\/\/winelove.vn\/9xweb\/index.php?rest_route=%2Fwp%2Fv2%2Fcomments&post=5568"}],"wp:featuredmedia":[{"embeddable":true,"href":"http:\/\/winelove.vn\/9xweb\/index.php?rest_route=\/wp\/v2\/media\/5573"}],"wp:attachment":[{"href":"http:\/\/winelove.vn\/9xweb\/index.php?rest_route=%2Fwp%2Fv2%2Fmedia&parent=5568"}],"curies":[{"name":"wp","href":"https:\/\/api.w.org\/{rel}","templated":true}]}}