{"id":5814,"date":"2019-08-09T15:18:13","date_gmt":"2019-08-09T08:18:13","guid":{"rendered":"http:\/\/winelove.vn\/9xweb\/?post_type=product&#038;p=5814"},"modified":"2023-05-09T15:46:17","modified_gmt":"2023-05-09T08:46:17","slug":"ruou-vang-ciu-ciu-tebaldo","status":"publish","type":"product","link":"http:\/\/winelove.vn\/9xweb\/?product=ruou-vang-ciu-ciu-tebaldo","title":{"rendered":"R\u01b0\u1ee3u vang Ci\u00f9 Ci\u00f9 Tebaldo 5.4% ABV* &#8211; GI\u00c1 T\u1ed0T"},"content":{"rendered":"<p><span style=\"font-family: arial, helvetica, sans-serif; font-size: 12pt; color: #000000;\"><strong>R\u01b0\u1ee3u vang \u00dd<\/strong> ph\u00e1t tri\u1ec3n m\u1ea1nh m\u1ebd v\u1edbi hai d\u00f2ng vang n\u1ed5i b\u1eadt l\u00e0 r\u01b0\u1ee3u vang tr\u1eafng v\u00e0 r\u01b0\u1ee3u vang \u0111\u1ecf. Kh\u00f4ng n\u1ed5i tr\u1ed9i b\u1eb1ng r\u01b0\u1ee3u vang \u0111\u1ecf nh\u01b0ng r\u01b0\u1ee3u vang tr\u1eafng v\u1eabn c\u00f3 m\u1ed9t s\u1ee9c m\u1ea1nh \u0111\u1eb7c bi\u1ec7t, l\u00f4i cu\u1ed1n, quy\u1ebfn r\u0169 c\u00e1c gi\u00e1c quan c\u1ee7a ng\u01b0\u1eddi th\u01b0\u1edfng th\u1ee9c. V\u1edbi n\u1ed3ng \u0111\u1ed9 13,5% r\u01b0\u1ee3u vang Ci\u00f9 Ci\u00f9 Tebaldo l\u00e0 m\u1ed9t trong nh\u1eefng chai r\u01b0\u1ee3u nh\u01b0 th\u1ebf.Nh\u00e0 s\u1ea3n xu\u1ea5t C\u00ecu C\u00ecu \u0111\u00e3 t\u1ea1o n\u00ean chai r\u01b0\u1ee3u \u1ea5y nh\u1edd s\u1ef1 k\u1ebft h\u1ee3p ba gi\u1ed1ng nho Chardonnay, Pinot Gris, Sauvignon.<\/span><\/p>\n<p><img loading=\"lazy\" decoding=\"async\" class=\"aligncenter size-full wp-image-6151\" src=\"http:\/\/winelove.vn\/9xweb\/wp-content\/uploads\/2019\/07\/R\u01b0\u1ee3u-vang-Ci\u00f9-Ci\u00f9-Tebaldo-1.jpg\" alt=\"R\u01b0\u1ee3u vang Ci\u00f9 Ci\u00f9 Tebaldo\" width=\"600\" height=\"600\" srcset=\"http:\/\/winelove.vn\/9xweb\/wp-content\/uploads\/2019\/07\/R\u01b0\u1ee3u-vang-Ci\u00f9-Ci\u00f9-Tebaldo-1.jpg 600w, http:\/\/winelove.vn\/9xweb\/wp-content\/uploads\/2019\/07\/R\u01b0\u1ee3u-vang-Ci\u00f9-Ci\u00f9-Tebaldo-1-150x150.jpg 150w, http:\/\/winelove.vn\/9xweb\/wp-content\/uploads\/2019\/07\/R\u01b0\u1ee3u-vang-Ci\u00f9-Ci\u00f9-Tebaldo-1-300x300.jpg 300w, http:\/\/winelove.vn\/9xweb\/wp-content\/uploads\/2019\/07\/R\u01b0\u1ee3u-vang-Ci\u00f9-Ci\u00f9-Tebaldo-1-45x45.jpg 45w, http:\/\/winelove.vn\/9xweb\/wp-content\/uploads\/2019\/07\/R\u01b0\u1ee3u-vang-Ci\u00f9-Ci\u00f9-Tebaldo-1-100x100.jpg 100w\" sizes=\"(max-width: 600px) 100vw, 600px\" \/><\/p>\n<h2><span style=\"font-size: 14pt;\"><strong><span style=\"font-family: arial, helvetica, sans-serif; color: #000000;\">Gi\u00e1 r\u01b0\u1ee3u vang Ci\u00f9 Ci\u00f9 Tebaldo<\/span><\/strong><\/span><\/h2>\n<p><span style=\"font-family: arial, helvetica, sans-serif; font-size: 12pt; color: #000000;\">L\u00e0 d\u00f2ng vang tr\u1eafng quen thu\u1ed9c, \u0111\u01b0\u1ee3c s\u1eed d\u1ee5ng nhi\u1ec1u tr\u00ean c\u00e1c b\u00e0n ti\u1ec7c kh\u00f4ng ch\u1ec9 c\u1ee7a ri\u00eang g\u00ec n\u01b0\u1edbc \u00dd m\u00e0 \u0111\u00e3 ph\u00e1t tri\u1ec3n ra to\u00e0n khu v\u1ef1c, xu\u1ea5t kh\u1ea9u \u0111i nhi\u1ec1u n\u01b0\u1edbc tr\u00ean th\u1ebf gi\u1edbi trong \u0111\u00f3 c\u00f3 Vi\u1ec7t Nam.<\/span><\/p>\n<p><span style=\"font-family: arial, helvetica, sans-serif; font-size: 12pt; color: #000000;\">N\u1ebfu n\u00f3i v\u1ec1 gi\u00e1 th\u00e0nh c\u1ee7a r\u01b0\u1ee3u th\u00ec<strong> r\u01b0\u1ee3u<\/strong>\u00a0s\u1edf h\u1eefu m\u1ed9t m\u1ee9c gi\u00e1 kh\u00e1 ph\u00f9 h\u1ee3p. M\u1ee9c gi\u00e1 \u1ea5y dao \u0111\u1ed9ng trong kho\u1ea3ng t\u1eeb 300.000 \u0111\u1ebfn 400.000 VN\u0110 n\u00ean r\u01b0\u1ee3u lu\u00f4n \u0111\u01b0\u1ee3c \u0111\u00e1nh gi\u00e1 cao, \u0111\u01b0\u1ee3c s\u1eed d\u1ee5ng v\u00e0 l\u1ef1a ch\u1ecdn nhi\u1ec1u.<\/span><\/p>\n<h2><strong><span style=\"font-family: arial, helvetica, sans-serif; font-size: 14pt; color: #000000;\">Gi\u1edbi thi\u1ec7u r\u01b0\u1ee3u vang Ci\u00f9 Ci\u00f9 Tebaldo<\/span><\/strong><\/h2>\n<p><span style=\"font-family: arial, helvetica, sans-serif; font-size: 12pt; color: #000000;\">S\u1edf h\u1eefu m\u1ed9t m\u00e0u v\u00e0ng r\u01a1m nh\u1eb9 nh\u00e0ng, \u1ea5n t\u01b0\u1ee3ng c\u00f9ng v\u1edbi h\u01b0\u01a1ng th\u01a1m ph\u1ee9c t\u1ea1p c\u1ee7a c\u00e1c lo\u1ea1i tr\u00e1i c\u00e2y<strong> r\u01b0\u1ee3u vang Ci\u00f9 Ci\u00f9 Tebaldo<\/strong> \u0111\u00e3 l\u00e0m n\u1ed5i b\u1eadt l\u00ean m\u1ed9t th\u01b0\u01a1ng hi\u1ec7u m\u1edbi, l\u00e0 s\u1ef1 l\u1ef1a ch\u1ecdn t\u1ed1i \u01b0u v\u00e0 hi\u1ec7u qu\u1ea3 nh\u1ea5t cho nh\u1eefng b\u1eefa ti\u1ec7c, s\u1ef1 ki\u1ec7n \u0111\u1eb7c bi\u1ec7t quan tr\u1ecdng. H\u01a1n th\u1ebf r\u01b0\u1ee3u c\u00f2n c\u00f3 th\u1ec3 \u0111\u01b0\u1ee3c s\u1eed d\u1ee5ng nh\u01b0 m\u1ed9t m\u00f3n qu\u00e0 t\u1eb7ng, qu\u00e0 bi\u1ebfu cho b\u1ea1n b\u00e8, \u0111\u1ed3ng nghi\u1ec7p v\u00e0 ng\u01b0\u1eddi th\u00e2n m\u1ed7i d\u1ecbp l\u1ec5, t\u1ebft cu\u1ed1i n\u0103m.<\/span><\/p>\n<p><span style=\"font-family: arial, helvetica, sans-serif; font-size: 12pt; color: #000000;\">Ph\u00e1t tri\u1ec3n v\u00e0 tr\u01b0\u1edfng th\u00e0nh t\u1eeb v\u00f9ng Chianti, Tuscany v\u00f9ng \u0111\u1ea5t c\u00f3 nhi\u1ec1u kinh nghi\u1ec7m trong s\u1ea3n xu\u1ea5t r\u01b0\u1ee3u. B\u1ea5t c\u1ee9 ai ngay t\u1eeb l\u1ea7n \u0111\u1ea7u ti\u1ebfp x\u00fac v\u1edbi r\u01b0\u1ee3u \u0111\u1ec1u b\u1ecb m\u00ea ho\u1eb7c b\u1edfi m\u00e0u s\u1eafc t\u1ef1 nhi\u00ean, thu\u1ea7n khi\u1ebft, h\u01b0\u01a1ng v\u1ecb ng\u1ecdt ng\u00e0o, quy\u1ebfn r\u0169 h\u00e0i h\u00f2a c\u00f9ng v\u1ecb chua nh\u1eb9 nh\u00e0ng, d\u1ecbu d\u00e0ng tr\u00ean v\u00f2ng mi\u1ec7ng.<\/span><\/p>\n<h2><strong><span style=\"font-family: arial, helvetica, sans-serif; font-size: 14pt; color: #000000;\">\u0110\u1eb7c \u0111i\u1ec3m c\u1ee7a r\u01b0\u1ee3u vang Ci\u00f9 Ci\u00f9 Tebaldo<\/span><\/strong><\/h2>\n<p><span style=\"font-family: arial, helvetica, sans-serif; font-size: 12pt; color: #000000;\">L\u00e0 chai r\u01b0\u1ee3u s\u1eed d\u1ee5ng \u0111\u1ebfn ba gi\u1ed1ng nho c\u1ee7a ni\u00ean v\u1ee5 nho 2017, ni\u00ean v\u1ee5 nho c\u00f3 s\u1ef1 ph\u00e1t tri\u1ec3n m\u1ea1nh m\u1ebd c\u1ee7a gi\u1ed1ng nho Chardonnay v\u1edbi c\u00e1 t\u00ednh c\u1ee7a nho Pinot Gris v\u00e0 gia v\u1ecb l\u00e0 nho Sauvignon. Ba gi\u1ed1ng nho \u1ea5y \u0111\u00e3 mang l\u1ea1i cho r\u01b0\u1ee3u n\u1ed3ng \u0111\u1ed9 axit t\u1ef1 nhi\u00ean kh\u00f4ng qu\u00e1 cao c\u00f9ng l\u01b0\u1ee3ng tannin v\u1eeba \u0111\u1ee7 h\u00e0i h\u00f2a c\u00f9ng c\u1ea5u tr\u00fac v\u1eefng ch\u1eafc khi\u1ebfn cho th\u1ef1c kh\u00e1ch \u0111\u01b0\u1ee3c tr\u1ea3i nghi\u1ec7m, \u0111\u01b0\u1ee3c kh\u00e1m ph\u00e1 nh\u1eefng \u0111i\u1ec1u th\u00fa v\u1ecb, ch\u00e2n th\u1ef1c nh\u1ea5t v\u1ec1 m\u1ed9t lo\u1ea1i r\u01b0\u1ee3u v\u1edbi nh\u1eefng v\u1ebb \u0111\u1eb9p ri\u00eang.<\/span><\/p>\n<p><span style=\"font-family: arial, helvetica, sans-serif; font-size: 12pt; color: #000000;\">Ngay trong v\u00f2m mi\u1ec7ng, t\u1eeb ng\u1ee5m r\u01b0\u1ee3u \u0111\u1ea7u ti\u00ean khi th\u01b0\u1edfng th\u1ee9c b\u1ea1n s\u1ebd c\u1ea3m nh\u1eadn \u0111\u01b0\u1ee3c h\u01b0\u01a1ng v\u1ecb c\u1ee7a c\u00e1c lo\u1ea1i nho, c\u00e1c lo\u1ea1i tr\u00e1i c\u00e2y, c\u00e1c lo\u1ea1i gia v\u1ecb. \u0110\u1eb7c bi\u1ec7t, \u1edf \u0111\u00f3 c\u00f2n c\u00f3 s\u1ef1 ph\u00e1t tri\u1ec3n c\u1ee7a h\u01b0\u01a1ng hoa c\u1ecf thi\u00ean nhi\u00ean tr\u1ebb trung, t\u01b0\u01a1i m\u00e1t.<\/span><\/p>\n<h2><strong><span style=\"font-family: arial, helvetica, sans-serif; font-size: 14pt; color: #000000;\">Qu\u00e1 tr\u00ecnh s\u1ea3n xu\u1ea5t r\u01b0\u1ee3u vang Ci\u00f9 Ci\u00f9 Tebaldo<\/span><\/strong><\/h2>\n<p><span style=\"font-family: arial, helvetica, sans-serif; font-size: 12pt; color: #000000;\">Nh\u1eefng tr\u00e1i nho \u0111\u01b0\u1ee3c l\u1ef1a ch\u1ecdn h\u00e1i th\u1ee7 c\u00f4ng b\u1eb1ng tay mang v\u1ec1 nh\u00e0 m\u00e1y s\u01a1 ch\u1ebf, l\u1ef1a ch\u1ecdn c\u1ea9n th\u1eadn, k\u1ef9 l\u01b0\u1ee1ng r\u1ed3i \u00e9p nh\u1eb9 l\u1ea5y n\u01b0\u1edbc nho. Sau \u0111\u00f3 kh\u00f4ng ph\u1ee5 thu\u1ed9c qu\u00e1 nhi\u1ec1u v\u00e0o h\u00f3a ch\u1ea5t v\u00e0 b\u1ed9t m\u00e0u, n\u01b0\u1edbc nho \u0111\u01b0\u1ee3c l\u00ean men t\u1ef1 nhi\u00ean trong nh\u1eefng th\u00f9ng g\u1ed7 s\u1ed3i 12 th\u00e1ng v\u00e0 ti\u1ebfp t\u1ee5c ph\u00e1t tri\u1ec3n th\u00eam 6 th\u00e1ng trong chai th\u1ee7y tinh tr\u01b0\u1edbc khi \u0111\u01b0\u1ee3c mang b\u00e1n.<\/span><\/p>\n<h2><strong><span style=\"font-family: arial, helvetica, sans-serif; font-size: 14pt; color: #000000;\">Th\u01b0\u1edfng th\u1ee9c r\u01b0\u1ee3u vang Ci\u00f9 Ci\u00f9 Tebaldo<\/span><\/strong><\/h2>\n<p><span style=\"font-family: arial, helvetica, sans-serif; font-size: 12pt; color: #000000;\">B\u1ea1n c\u1ea7n l\u01b0u t\u00e2m m\u1ed9t \u0111i\u1ec1u l\u00e0 trong th\u1ef1c \u0111\u01a1n c\u1ee7a c\u00e1c b\u1eefa ti\u1ec7c c\u00f3 s\u1eed d\u1ee5ng r\u01b0\u1ee3u vang Ci\u00f9 Ci\u00f9 Tebaldo l\u00e0m th\u1ee9c u\u1ed1ng th\u00ec h\u00e3y l\u1ef1a ch\u1ecdn k\u1ebft h\u1ee3p c\u00f9ng v\u1edbi c\u00e1c m\u00f3n \u0103n \u0111\u01b0\u1ee3c ch\u1ebf bi\u1ebfn t\u1eeb c\u00e1c lo\u1ea1i h\u1ea3i s\u1ea3n, c\u00e1c lo\u1ea1i salad rau c\u1ee7 \u1edf nhi\u1ec7t \u0111\u1ed9 t\u1eeb 10 \u2013 12 \u0111\u1ed9 C \u0111\u1ec3 r\u01b0\u1ee3u c\u00f3 th\u1ec3 \u0111\u1ea1t \u0111\u01b0\u1ee3c h\u01b0\u01a1ng v\u1ecb t\u1ed1t nh\u1ea5t xen l\u1eabn c\u00f9ng v\u1ecb \u0111\u1eadm \u0111\u00e0 c\u1ee7a th\u1ee9c \u0103n.<\/span><\/p>\n","protected":false},"excerpt":{"rendered":"<p>R\u01b0\u1ee3u vang \u00dd ph\u00e1t tri\u1ec3n m\u1ea1nh m\u1ebd v\u1edbi hai d\u00f2ng vang n\u1ed5i b\u1eadt l\u00e0 r\u01b0\u1ee3u vang tr\u1eafng v\u00e0 r\u01b0\u1ee3u vang \u0111\u1ecf. Kh\u00f4ng n\u1ed5i tr\u1ed9i b\u1eb1ng r\u01b0\u1ee3u vang \u0111\u1ecf nh\u01b0ng r\u01b0\u1ee3u vang tr\u1eafng v\u1eabn c\u00f3 m\u1ed9t s\u1ee9c m\u1ea1nh \u0111\u1eb7c bi\u1ec7t, l\u00f4i cu\u1ed1n, quy\u1ebfn r\u0169 c\u00e1c gi\u00e1c quan c\u1ee7a ng\u01b0\u1eddi th\u01b0\u1edfng th\u1ee9c. V\u1edbi n\u1ed3ng \u0111\u1ed9 13,5% r\u01b0\u1ee3u [&hellip;]<\/p>\n","protected":false},"featured_media":6150,"comment_status":"closed","ping_status":"closed","template":"","meta":[],"class_list":{"0":"post-5814","1":"product","2":"type-product","3":"status-publish","4":"has-post-thumbnail","6":"product_cat-ruou-vang-y","8":"first","9":"instock","10":"shipping-taxable","11":"purchasable","12":"product-type-simple"},"_links":{"self":[{"href":"http:\/\/winelove.vn\/9xweb\/index.php?rest_route=\/wp\/v2\/product\/5814"}],"collection":[{"href":"http:\/\/winelove.vn\/9xweb\/index.php?rest_route=\/wp\/v2\/product"}],"about":[{"href":"http:\/\/winelove.vn\/9xweb\/index.php?rest_route=\/wp\/v2\/types\/product"}],"replies":[{"embeddable":true,"href":"http:\/\/winelove.vn\/9xweb\/index.php?rest_route=%2Fwp%2Fv2%2Fcomments&post=5814"}],"wp:featuredmedia":[{"embeddable":true,"href":"http:\/\/winelove.vn\/9xweb\/index.php?rest_route=\/wp\/v2\/media\/6150"}],"wp:attachment":[{"href":"http:\/\/winelove.vn\/9xweb\/index.php?rest_route=%2Fwp%2Fv2%2Fmedia&parent=5814"}],"curies":[{"name":"wp","href":"https:\/\/api.w.org\/{rel}","templated":true}]}}