{"id":5826,"date":"2019-08-08T13:42:56","date_gmt":"2019-08-08T06:42:56","guid":{"rendered":"http:\/\/winelove.vn\/9xweb\/?post_type=product&#038;p=5826"},"modified":"2023-05-22T15:17:09","modified_gmt":"2023-05-22T08:17:09","slug":"ruou-vang-luce-brunello-di-montalcino","status":"publish","type":"product","link":"http:\/\/winelove.vn\/9xweb\/?product=ruou-vang-luce-brunello-di-montalcino","title":{"rendered":"R\u01b0\u1ee3u vang Luce Brunello Di Montalcino 5.4% ABV* &#8211; MUA 6 T\u1eb6NG 1"},"content":{"rendered":"<p><span style=\"font-family: arial, helvetica, sans-serif; font-size: 12pt; color: #000000;\">Nh\u1eafc \u0111\u1ebfn nh\u1eefng chai r\u01b0\u1ee3u vang cao c\u1ea5p c\u1ee7a \u0111\u1ea5t n\u01b0\u1edbc <a href=\"http:\/\/winelove.vn\/9xweb\/danh-muc\/ruou-vang-y\/\"><strong>\u00dd<\/strong><\/a> th\u00ec c\u00f3 l\u1ebd c\u00e1i t\u00ean r\u01b0\u1ee3u vang Luce Brunello Di Montalcino kh\u00f4ng th\u1ec3 kh\u00f4ng nh\u1eafc \u0111\u1ebfn. R\u01b0\u1ee3u \u0111\u1ec3 l\u1ea1i \u1ea5n t\u01b0\u1ee3ng v\u00f4 c\u00f9ng \u0111\u1eb7c bi\u1ec7t \u0111\u1ed1i v\u1edbi nh\u1eefng ai \u0111\u00e3 t\u1eebng c\u00f3 c\u01a1 h\u1ed9i \u0111\u01b0\u1ee3c th\u01b0\u1edfng th\u1ee9c vang. R\u01b0\u1ee3u \u0111\u01b0\u1ee3c l\u00e0m t\u1eeb gi\u1ed1ng nho Sangiovese mang n\u1ed3ng \u0111\u1ed9 15.5%.<\/span><\/p>\n<p><img loading=\"lazy\" decoding=\"async\" class=\"aligncenter size-full wp-image-6110\" src=\"http:\/\/winelove.vn\/9xweb\/wp-content\/uploads\/2019\/07\/R\u01b0\u1ee3u-vang-Luce-Brunello-Di-Montalcino-1.jpg\" alt=\"R\u01b0\u1ee3u vang Luce Brunello Di Montalcino\" width=\"600\" height=\"600\" srcset=\"http:\/\/winelove.vn\/9xweb\/wp-content\/uploads\/2019\/07\/R\u01b0\u1ee3u-vang-Luce-Brunello-Di-Montalcino-1.jpg 600w, http:\/\/winelove.vn\/9xweb\/wp-content\/uploads\/2019\/07\/R\u01b0\u1ee3u-vang-Luce-Brunello-Di-Montalcino-1-150x150.jpg 150w, http:\/\/winelove.vn\/9xweb\/wp-content\/uploads\/2019\/07\/R\u01b0\u1ee3u-vang-Luce-Brunello-Di-Montalcino-1-300x300.jpg 300w, http:\/\/winelove.vn\/9xweb\/wp-content\/uploads\/2019\/07\/R\u01b0\u1ee3u-vang-Luce-Brunello-Di-Montalcino-1-45x45.jpg 45w, http:\/\/winelove.vn\/9xweb\/wp-content\/uploads\/2019\/07\/R\u01b0\u1ee3u-vang-Luce-Brunello-Di-Montalcino-1-100x100.jpg 100w\" sizes=\"(max-width: 600px) 100vw, 600px\" \/><\/p>\n<h2><strong><span style=\"font-family: arial, helvetica, sans-serif; font-size: 14pt; color: #000000;\">Gi\u00e1 r\u01b0\u1ee3u vang Luce Brunello Di Montalcino<\/span><\/strong><\/h2>\n<p><span style=\"font-family: arial, helvetica, sans-serif; font-size: 12pt; color: #000000;\">M\u1ed9t chai r\u01b0\u1ee3u vang c\u00f3 ch\u1ea5t l\u01b0\u1ee3ng v\u00f4 c\u00f9ng tuy\u1ec7t h\u1ea3o v\u00e0 \u0111\u1eb3ng c\u1ea5p th\u00ec t\u1ea5t nhi\u00ean ch\u00fang c\u0169ng s\u1ebd s\u1edf h\u1eefu m\u1ed9t m\u1ee9c gi\u00e1 \u0111\u1eb3ng c\u1ea5p t\u01b0\u01a1ng \u0111\u01b0\u01a1ng. V\u00e0 Luce Brunello Di Montalcino ch\u00ednh l\u00e0 m\u1ed9t trong nh\u1eefng chai vang nh\u01b0 v\u1eady.<\/span><\/p>\n<p><span style=\"font-family: arial, helvetica, sans-serif; font-size: 12pt; color: #000000;\">V\u1edbi m\u1ee9c gi\u00e1 2.800.000 \u0111\u1ed3ng\/ chai, b\u1ea1n s\u1ebd nh\u1eadn ngay ra \u0111\u01b0\u1ee3c s\u1ef1 sang tr\u1ecdng v\u00e0 \u0111\u1eb3ng c\u1ea5p c\u00f3 trong r\u01b0\u1ee3u. \u0110\u00e2y s\u1ebd l\u00e0 s\u1ef1 l\u1ef1a ch\u1ecdn tuy\u1ec7t v\u1eddi nh\u1ea5t d\u00e0nh cho b\u1ea1n \u0111\u1ec3 l\u00e0m nh\u1eefng m\u00f3n qu\u00e0 bi\u1ebfu t\u1eb7ng sang tr\u1ecdng \u0111\u1ea7y \u00fd ngh\u0129a.<\/span><\/p>\n<h2><strong><span style=\"font-family: arial, helvetica, sans-serif; font-size: 14pt; color: #000000;\">Gi\u1edbi thi\u1ec7u v\u1ec1 r\u01b0\u1ee3u vang Luce Brunello Di Montalcino<\/span><\/strong><\/h2>\n<p><span style=\"font-family: arial, helvetica, sans-serif; font-size: 12pt; color: #000000;\">T\u1ef1 bao gi\u1edd r\u01b0\u1ee3u vang \u00dd \u0111\u00e3 \u0111i v\u00e0o l\u00f2ng ng\u01b0\u1eddi m\u1ed9t c\u00e1ch h\u1ebft s\u1ee9c t\u1ef1 nhi\u00ean, ch\u00fang c\u00f3 s\u1ee9c lan t\u1ecfa r\u1ed9ng l\u1edbn \u1edf h\u1ea7u kh\u1eafp th\u1ecb tr\u01b0\u1eddng c\u00e1c n\u01b0\u1edbc trong \u0111\u00f3 c\u00f3 Vi\u1ec7t Nam. T\u1ea5t c\u1ea3 nh\u1eefng chai vang c\u00f3 ngu\u1ed3n g\u1ed1c t\u1eeb qu\u1ed1c gia n\u00e0y \u0111\u1ec1u mang \u0111\u1eadm ch\u1ea5t \u00dd m\u00e0 kh\u00f4ng d\u00f2ng vang n\u00e0o c\u00f3 th\u1ec3 so s\u00e1nh \u0111\u01b0\u1ee3c v\u1edbi n\u00f3.<\/span><\/p>\n<p><span style=\"font-family: arial, helvetica, sans-serif; font-size: 12pt; color: #000000;\">Luce Brunello Di Montalcino ra \u0111\u1eddi l\u00e0 ni\u1ec1m t\u1ef1 h\u00e0o c\u1ee7a nh\u00e0 s\u1ea3n xu\u1ea5t \u0111\u1ed3ng th\u1eddi l\u00e0 nh\u1eefng th\u00e0nh qu\u1ea3 l\u1edbn lao c\u1ee7a ng\u01b0\u1eddi d\u00e2n lao \u0111\u1ed9ng.<\/span><\/p>\n<h2><strong><span style=\"font-family: arial, helvetica, sans-serif; font-size: 14pt; color: #000000;\">\u0110\u1eb7c \u0111i\u1ec3m c\u1ee7a r\u01b0\u1ee3u vang Luce Brunello Di Montalcino<\/span><\/strong><\/h2>\n<p><span style=\"font-family: arial, helvetica, sans-serif; font-size: 12pt; color: #000000;\">R\u01b0\u1ee3u mang nh\u1eefng n\u00e9t \u0111\u1eb7c tr\u01b0ng r\u1ea5t ri\u00eang th\u1ec3 hi\u1ec7n th\u00f4ng qua m\u00e0u s\u1eafc, n\u1ed3ng \u0111\u1ed9 v\u00e0 h\u01b0\u01a1ng v\u1ecb c\u00f3 trong n\u00f3.<\/span><\/p>\n<p><span style=\"font-family: arial, helvetica, sans-serif; font-size: 12pt; color: #000000;\">Gi\u1ed1ng nho Sangiovese \u0111\u01b0\u1ee3c nh\u00e0 s\u1ea3n xu\u1ea5t l\u1ef1a ch\u1ecdn l\u00e0m nguy\u00ean li\u1ec7u ch\u00ednh \u0111\u1ec3 l\u00e0m n\u00ean d\u00f2ng r\u01b0\u1ee3u vang n\u00e0y. \u0110\u00e2y l\u00e0 m\u1ed9t trong s\u1ed1 nh\u1eefng gi\u1ed1ng nho \u0111\u1eb7c tr\u01b0ng c\u1ee7a v\u00f9ng Tuscany \u2013 n\u01a1i h\u1ed9i t\u1ee5 \u0111\u1ea7y \u0111\u1ee7 nh\u1eefng l\u1ee3i th\u1ebf c\u1ee7a thi\u00ean nhi\u00ean, th\u1ed5 nh\u01b0\u1ee1ng v\u00e0 kh\u00ed h\u1eadu \u0111\u00e3 t\u1ea1o \u0111i\u1ec1u ki\u1ec7n \u0111\u1ec3 mang \u0111\u1ebfn cho gi\u1ed1ng nho c\u00f3 h\u01b0\u01a1ng v\u1ecb tr\u00f2n tr\u1ecba nh\u1ea5t g\u00f3p ph\u1ea7n l\u00e0m n\u00ean s\u1ef1 th\u00e0nh c\u00f4ng cho h\u01b0\u01a1ng v\u1ecb c\u1ee7a r\u01b0\u1ee3u vang.<\/span><\/p>\n<p><span style=\"font-family: arial, helvetica, sans-serif; font-size: 12pt; color: #000000;\">M\u00e0u c\u1ee7a r\u01b0\u1ee3u hi\u1ec7n l\u00ean l\u00e0 m\u1ed9t m\u00e0u \u0111\u1ecf ruby t\u01b0\u01a1i t\u1eafn nh\u01b0 t\u1ecfa s\u00e1ng s\u1eafc \u0111\u1eb9p c\u1ee7a m\u00ecnh tr\u01b0\u1edbc mu\u00f4n v\u00e0n v\u1ea1t v\u1eadt<\/span><\/p>\n<p><span style=\"font-family: arial, helvetica, sans-serif; font-size: 12pt; color: #000000;\">V\u1edbi n\u1ed3ng \u0111\u1ed9 c\u1ed3n c\u00f3 trong r\u01b0\u1ee3u \u0111\u1ea1t \u1edf m\u1ee9c 15.5%, r\u01b0\u1ee3u mang \u0111\u1ebfn m\u1ed9t c\u1ea5u tr\u00fac c\u00e2n b\u1eb1ng v\u00e0 l\u01b0\u1ee3ng tanin m\u1ec1m m\u1ea1i.<\/span><\/p>\n<h2><strong><span style=\"font-family: arial, helvetica, sans-serif; font-size: 14pt; color: #000000;\">Quy tr\u00ecnh s\u1ea3n xu\u1ea5t r\u01b0\u1ee3u vang Luce Brunello Di Montalcino<\/span><\/strong><\/h2>\n<p><span style=\"font-family: arial, helvetica, sans-serif; font-size: 12pt; color: #000000;\">Nh\u1edd v\u00e0o \u00e1p d\u1ee5ng ph\u01b0\u01a1ng ph\u00e1p s\u1ea3n xu\u1ea5t r\u01b0\u1ee3u vang truy\u1ec1n th\u1ed1ng m\u00e0 r\u01b0\u1ee3u c\u00f3 \u0111\u01b0\u1ee3c nh\u1eefng \u0111\u1eb7c tr\u01b0ng r\u1ea5t ri\u00eang \u0111\u1eadm \u0111\u00e0 c\u00f3 trong h\u01b0\u01a1ng v\u1ecb c\u1ee7a r\u01b0\u1ee3u.<\/span><\/p>\n<p><span style=\"font-family: arial, helvetica, sans-serif; font-size: 12pt; color: #000000;\">Nho khi \u0111\u00e3 \u0111\u1ea1t \u0111\u01b0\u1ee3c y\u00eau c\u1ea7u c\u1ee7a nh\u00e0 s\u1ea3n xu\u1ea5t ch\u00fang s\u1ebd \u0111\u01b0\u1ee3c h\u00e1i b\u1eb1ng ch\u00ednh \u0111\u00f4i b\u00e0n tay c\u1ee7a nh\u1eefng ng\u01b0\u1eddi l\u00e0m ngh\u1ec1 s\u1ea3n xu\u1ea5t r\u01b0\u1ee3u vang. Sau \u0111\u00f3 ng\u01b0\u1eddi ta mang nho v\u1ec1 nh\u00e0 m\u00e1y \u0111\u1ec3 ti\u1ebfn h\u00e0nh ch\u1ecdn l\u1ecdc, c\u1eaft b\u1ecf ph\u1ea7n cu\u1ed1ng nho r\u1ed3i s\u01a1 ch\u1ebf \u0111em \u0111i \u00e9p l\u1ea5y n\u01b0\u1edbc.<\/span><\/p>\n<p><span style=\"font-family: arial, helvetica, sans-serif; font-size: 12pt; color: #000000;\">Ti\u1ebfp theo ng\u01b0\u1eddi ta mang nho v\u00e0o trong nh\u1eefng chi\u1ebfc th\u00f9ng b\u1eb1ng g\u1ed7 s\u1ed3i \u0111\u1ec3 l\u00ean men \u1ee7 r\u01b0\u1ee3u trong th\u1eddi gian k\u00e9o d\u00e0i kho\u1ea3ng 2 n\u0103m. K\u1ebft th\u00fac qu\u00e1 tr\u00ecnh l\u00ean men, r\u01b0\u1ee3u \u0111\u01b0\u1ee3c mang ra \u0111\u00f3ng chai v\u00e0 \u0111\u1ec3 \u1ed5n \u0111\u1ecbnh trong chai th\u00eam 1 n\u0103m n\u1eefa r\u1ed3i m\u1edbi b\u00e1n ra b\u00ean ngo\u00e0i th\u1ecb tr\u01b0\u1eddng ti\u00eau th\u1ee5.<\/span><\/p>\n<h2><strong><span style=\"font-family: arial, helvetica, sans-serif; font-size: 14pt; color: #000000;\">Th\u01b0\u1edfng th\u1ee9c r\u01b0\u1ee3u vang Luce Brunello Di Montalcino<\/span><\/strong><\/h2>\n<p><span style=\"font-family: arial, helvetica, sans-serif; font-size: 12pt; color: #000000;\">B\u1ea1n c\u00f3 th\u1ec3 l\u1ef1a ch\u1ecdn m\u1ed9t s\u1ed1 m\u00f3n \u0103n nh\u01b0 th\u1ecbt b\u00f2, th\u1ecbt c\u1eebu, th\u1ecbt n\u01b0\u1edbng hay nh\u1eefng m\u00f3n phomai tr\u01b0\u1edfng th\u00e0nh \u0111\u1ec3 th\u01b0\u1edfng th\u1ee9c k\u00e8m c\u00f9ng v\u1edbi r\u01b0\u1ee3u. \u0110\u1ed3ng th\u1eddi n\u00ean d\u00f9ng r\u01b0\u1ee3u khi ch\u00fang \u1edf 18 \u0111\u1ebfn 20 \u0111\u1ed9 C \u0111\u1ec3 mang \u0111\u1ebfn s\u1ef1 t\u01b0\u01a1i m\u00e1t c\u1ee7a vang.<\/span><\/p>\n<p>&nbsp;<\/p>\n","protected":false},"excerpt":{"rendered":"<p>Nh\u1eafc \u0111\u1ebfn nh\u1eefng chai r\u01b0\u1ee3u vang cao c\u1ea5p c\u1ee7a \u0111\u1ea5t n\u01b0\u1edbc \u00dd th\u00ec c\u00f3 l\u1ebd c\u00e1i t\u00ean r\u01b0\u1ee3u vang Luce Brunello Di Montalcino kh\u00f4ng th\u1ec3 kh\u00f4ng nh\u1eafc \u0111\u1ebfn. R\u01b0\u1ee3u \u0111\u1ec3 l\u1ea1i \u1ea5n t\u01b0\u1ee3ng v\u00f4 c\u00f9ng \u0111\u1eb7c bi\u1ec7t \u0111\u1ed1i v\u1edbi nh\u1eefng ai \u0111\u00e3 t\u1eebng c\u00f3 c\u01a1 h\u1ed9i \u0111\u01b0\u1ee3c th\u01b0\u1edfng th\u1ee9c vang. R\u01b0\u1ee3u \u0111\u01b0\u1ee3c l\u00e0m t\u1eeb gi\u1ed1ng [&hellip;]<\/p>\n","protected":false},"featured_media":6109,"comment_status":"closed","ping_status":"closed","template":"","meta":[],"class_list":{"0":"post-5826","1":"product","2":"type-product","3":"status-publish","4":"has-post-thumbnail","6":"product_cat-ruou-vang-y","8":"first","9":"instock","10":"shipping-taxable","11":"purchasable","12":"product-type-simple"},"_links":{"self":[{"href":"http:\/\/winelove.vn\/9xweb\/index.php?rest_route=\/wp\/v2\/product\/5826"}],"collection":[{"href":"http:\/\/winelove.vn\/9xweb\/index.php?rest_route=\/wp\/v2\/product"}],"about":[{"href":"http:\/\/winelove.vn\/9xweb\/index.php?rest_route=\/wp\/v2\/types\/product"}],"replies":[{"embeddable":true,"href":"http:\/\/winelove.vn\/9xweb\/index.php?rest_route=%2Fwp%2Fv2%2Fcomments&post=5826"}],"wp:featuredmedia":[{"embeddable":true,"href":"http:\/\/winelove.vn\/9xweb\/index.php?rest_route=\/wp\/v2\/media\/6109"}],"wp:attachment":[{"href":"http:\/\/winelove.vn\/9xweb\/index.php?rest_route=%2Fwp%2Fv2%2Fmedia&parent=5826"}],"curies":[{"name":"wp","href":"https:\/\/api.w.org\/{rel}","templated":true}]}}