{"id":5873,"date":"2019-07-29T23:08:10","date_gmt":"2019-07-29T16:08:10","guid":{"rendered":"http:\/\/winelove.vn\/9xweb\/?post_type=product&#038;p=5873"},"modified":"2022-10-28T12:52:18","modified_gmt":"2022-10-28T05:52:18","slug":"ruou-vang-cantina-la-salute-baldassare","status":"publish","type":"product","link":"http:\/\/winelove.vn\/9xweb\/?product=ruou-vang-cantina-la-salute-baldassare","title":{"rendered":"R\u01b0\u1ee3u Vang Cantina La Salute Baldassare 5.4% ABV*"},"content":{"rendered":"<p><em><span style=\"font-family: arial, helvetica, sans-serif; font-size: 12pt; color: #000000;\"><strong>R\u01b0\u1ee3u vang Cantina La Salute Baldassare<\/strong> l\u00e0 d\u00f2ng vang c\u00f3 ch\u1ea5t l\u01b0\u1ee3ng t\u1ed1t \u0111\u01b0\u1ee3c b\u00e1n t\u1ea1i nhi\u1ec1u c\u00e1c qu\u1ed1c gia v\u00e0 v\u00f9ng l\u00e3nh th\u1ed5. T\u1ea1i n\u01a1i m\u00e0 r\u01b0\u1ee3u xu\u1ea5t hi\u1ec7n lu\u00f4n thu h\u00fat \u0111\u00f4ng \u0111\u1ea3o kh\u00e1ch h\u00e0ng s\u0103n \u0111\u00f3n v\u00e0 th\u01b0\u1edfng th\u1ee9c h\u01b0\u01a1ng v\u1ecb c\u1ee7a n\u00f3. R\u01b0\u1ee3u c\u00f3 xu\u1ea5t x\u1ee9 t\u1ea1i Italia, do nh\u00e0 s\u1ea3n xu\u1ea5t Cantina La Salute t\u1ea1o n\u00ean. R\u01b0\u1ee3u \u0111\u01b0\u1ee3c l\u00e0m t\u1eeb h\u1ed7n h\u1ee3p hai lo\u1ea1i nho l\u00e0 Merlot v\u00e0 Raboso Plave, n\u1ed3ng \u0111\u1ed9 c\u1ed3n \u1edf m\u1ee9c 14 %.<\/span><\/em><\/p>\n<p><img loading=\"lazy\" decoding=\"async\" class=\"aligncenter size-full wp-image-5949\" src=\"http:\/\/winelove.vn\/9xweb\/wp-content\/uploads\/2019\/07\/R\u01b0\u1ee3u-Vang-Cantina-La-Salute-Baldassare-1.jpg\" alt=\"R\u01b0\u1ee3u Vang Cantina La Salute Baldassare\" width=\"600\" height=\"600\" srcset=\"http:\/\/winelove.vn\/9xweb\/wp-content\/uploads\/2019\/07\/R\u01b0\u1ee3u-Vang-Cantina-La-Salute-Baldassare-1.jpg 600w, http:\/\/winelove.vn\/9xweb\/wp-content\/uploads\/2019\/07\/R\u01b0\u1ee3u-Vang-Cantina-La-Salute-Baldassare-1-150x150.jpg 150w, http:\/\/winelove.vn\/9xweb\/wp-content\/uploads\/2019\/07\/R\u01b0\u1ee3u-Vang-Cantina-La-Salute-Baldassare-1-300x300.jpg 300w, http:\/\/winelove.vn\/9xweb\/wp-content\/uploads\/2019\/07\/R\u01b0\u1ee3u-Vang-Cantina-La-Salute-Baldassare-1-45x45.jpg 45w, http:\/\/winelove.vn\/9xweb\/wp-content\/uploads\/2019\/07\/R\u01b0\u1ee3u-Vang-Cantina-La-Salute-Baldassare-1-100x100.jpg 100w\" sizes=\"(max-width: 600px) 100vw, 600px\" \/><\/p>\n<h2><span style=\"font-size: 14pt;\"><strong><span style=\"font-family: arial, helvetica, sans-serif; color: #000000;\">Gi\u00e1 r\u01b0\u1ee3u vang Cantina La Salute Baldassare<\/span><\/strong><\/span><\/h2>\n<p><span style=\"font-family: arial, helvetica, sans-serif; font-size: 12pt; color: #000000;\">Ngo\u00e0i ch\u1ea5t l\u01b0\u1ee3ng c\u1ee7a r\u01b0\u1ee3u th\u00ec gi\u00e1 th\u00e0nh c\u0169ng l\u00e0 m\u1ed9t y\u1ebfu t\u1ed1 nh\u1eadn \u0111\u01b0\u1ee3c s\u1ef1 quan t\u00e2m c\u1ee7a nhi\u1ec1u kh\u00e1ch h\u00e0ng. M\u1ed9t s\u1ea3n ph\u1ea9m v\u1eeba c\u00f3 ch\u1ea5t l\u01b0\u1ee3ng tuy\u1ec7t v\u1eddi m\u00e0 gi\u00e1 th\u00e0nh l\u1ea1i ph\u00f9 h\u1ee3p v\u1edbi t\u00fai ti\u1ec1n c\u1ee7a ng\u01b0\u1eddi ti\u00eau d\u00f9ng s\u1ebd \u0111\u01b0\u1ee3c l\u1ef1a ch\u1ecdn nhi\u1ec1u. Ch\u1ec9 v\u1edbi s\u1ed1 ti\u1ec1n l\u00e0 800.000 \u0111\u1ed3ng\/chai l\u00e0 b\u1ea1n \u0111\u00e3 s\u1edf h\u1eefu chai r\u01b0\u1ee3u vang th\u01a1m ngon n\u00e0y \u0111\u1ec3 c\u00f9ng gia \u0111\u00ecnh b\u1ea1n b\u00e8 th\u01b0\u1edfng th\u1ee9c.<\/span><\/p>\n<h2><span style=\"font-size: 14pt;\"><strong><span style=\"font-family: arial, helvetica, sans-serif; color: #000000;\">Gi\u1edbi thi\u1ec7u v\u1ec1 r\u01b0\u1ee3u vang Cantina La Salute Baldassare<\/span><\/strong><\/span><\/h2>\n<p><span style=\"font-family: arial, helvetica, sans-serif; font-size: 12pt; color: #000000;\">Kh\u00f4ng ph\u1ea3i l\u00e0 d\u00f2ng vang qu\u00e1 sang tr\u1ecdng v\u00e0 \u0111\u1eb3ng c\u1ea5p nh\u01b0ng t\u1eeb khi r\u01b0\u1ee3u\u00a0xu\u1ea5t hi\u1ec7n tr\u00ean th\u1ecb tr\u01b0\u1eddng r\u01b0\u1ee3u \u0111\u00e3 l\u00e0m th\u1ed5n th\u1ee9c nhi\u1ec1u tr\u00e1i tim y\u00eau vang.<\/span><\/p>\n<p><span style=\"font-family: arial, helvetica, sans-serif; font-size: 12pt; color: #000000;\">R\u01b0\u1ee3u c\u00f3 xu\u1ea5t x\u1ee9 t\u1ea1i \u0111\u1ea5t n\u01b0\u1edbc <a href=\"http:\/\/winelove.vn\/9xweb\/danh-muc\/ruou-vang-y\/\"><strong>\u00dd<\/strong><\/a> do nh\u00e0 s\u1ea3n xu\u1ea5t Cantina La Salute t\u1ea1o n\u00ean. \u0110\u00e2y l\u00e0 nh\u00e0 s\u1ea3n xu\u1ea5t c\u00f3 t\u00ean tu\u1ed5i t\u1ea1i \u0111\u1ea5t n\u01b0\u1edbc n\u00e0y. Nh\u1eefng s\u1ea3n ph\u1ea9m m\u00e0 h\u1ecd t\u1ea1o ra lu\u00f4n \u0111\u01b0\u1ee3c kh\u00e1ch h\u00e0ng v\u00e0 c\u00e1c chuy\u00ean gia \u0111\u00e1nh gi\u00e1 r\u1ea5t cao.<\/span><\/p>\n<h2><span style=\"font-size: 14pt;\"><strong><span style=\"font-family: arial, helvetica, sans-serif; color: #000000;\">\u0110\u1eb7c \u0111i\u1ec3m c\u1ee7a r\u01b0\u1ee3u vang Cantina La Salute Baldassare<\/span><\/strong><\/span><\/h2>\n<p><span style=\"font-family: arial, helvetica, sans-serif; font-size: 12pt; color: #000000;\">R\u01b0\u1ee3u l\u00e0 s\u1ef1 k\u1ebft h\u1ee3p ho\u00e0n h\u1ea3o c\u1ee7a hai gi\u1ed1ng nho l\u00e0 Merlot v\u00e0 Raboso Plave c\u1ee7a v\u00f9ng Veneto c\u1ee7a n\u01b0\u1edbc \u00dd. V\u00ec th\u1ebf r\u01b0\u1ee3u mang m\u1ed9t phong c\u00e1ch kh\u00e1 kh\u00e1c bi\u1ec7t so v\u1edbi c\u00e1c d\u00f2ng vang kh\u00e1c xu\u1ea5t hi\u1ec7n tr\u00ean th\u1ecb tr\u01b0\u1eddng.<\/span><\/p>\n<p><span style=\"font-family: arial, helvetica, sans-serif; font-size: 12pt; color: #000000;\">H\u01b0\u01a1ng v\u1ecb c\u1ee7a r\u01b0\u1ee3u lu\u00f4n l\u00e0m h\u00e0i l\u00f2ng nh\u1eefng ng\u01b0\u1eddi c\u00f3 c\u01a1 h\u1ed9i th\u01b0\u1edfng th\u1ee9c n\u00f3 b\u1edfi r\u01b0\u1ee3u ra \u0111\u1eddi l\u00e0 s\u1ef1 c\u1ed9ng h\u01b0\u1edfng c\u1ee7a tr\u00e1i nho, m\u00e2m x\u00f4i v\u00e0 h\u01b0\u01a1ng hoa th\u01a1m ng\u00e1t. Tuy l\u00e0 d\u00f2ng vang c\u00f3 tu\u1ed5i \u0111\u1eddi c\u00f2n kh\u00e1 non nh\u01b0ng v\u1edbi nh\u1eefng g\u00ec m\u00e0 r\u01b0\u1ee3u \u0111\u00f3ng g\u00f3p t\u1eeb khi xu\u1ea5t hi\u1ec7n tr\u00ean th\u1ecb tr\u01b0\u1eddng \u0111\u00e1ng \u0111\u1ec3 ng\u01b0\u1eddi ti\u00eau d\u00f9ng ph\u1ea3i l\u01b0u t\u00e2m.<\/span><\/p>\n<p><span style=\"font-family: arial, helvetica, sans-serif; font-size: 12pt; color: #000000;\">N\u1ed3ng \u0111\u1ed9 c\u1ed3n c\u1ee7a r\u01b0\u1ee3u \u1edf m\u1ee9c 14 % mang l\u1ea1i m\u1ed9t s\u1ef1 c\u00e2n b\u1eb1ng, h\u00e0i h\u00f2a trong c\u1ea5u tr\u00fac s\u1ebd t\u1ea1o c\u1ea3m gi\u00e1c d\u1ec5 u\u1ed1ng, d\u01b0 v\u1ecb \u0111\u1ecdng l\u1ea1i d\u00e0i l\u00e2u sau khi th\u01b0\u1edfng th\u1ee9c.<\/span><\/p>\n<h2><span style=\"font-size: 14pt;\"><strong><span style=\"font-family: arial, helvetica, sans-serif; color: #000000;\">Quy tr\u00ecnh s\u1ea3n xu\u1ea5t r\u01b0\u1ee3u vang Cantina La Salute Baldassare<\/span><\/strong><\/span><\/h2>\n<p><span style=\"font-family: arial, helvetica, sans-serif; font-size: 12pt; color: #000000;\">\u0110\u1ec3 \u0111\u1ebfn \u0111\u01b0\u1ee3c v\u1edbi ng\u01b0\u1eddi ti\u00eau d\u00f9ng r\u01b0\u1ee3u\u00a0ph\u1ea3i tr\u1ea3i qua m\u1ed9t quy tr\u00ecnh v\u00f4 c\u00f9ng kh\u1eaft khe, nghi\u00eam ng\u1eb7t c\u1ee7a nh\u00e0 s\u1ea3n xu\u1ea5t Cantina La Salute. Nho sau khi \u0111\u01b0\u1ee3c thu ho\u1ea1ch b\u1eb1ng tay t\u1ea1i v\u01b0\u1eddn s\u1ebd \u0111\u01b0\u1ee3c v\u1eadn chuy\u1ec3n v\u1ec1 nh\u00e0 m\u00e1y l\u1ef1a ch\u1ecdn nh\u1eefng tr\u00e1i nho \u0111\u1ea1t y\u00eau c\u1ea7u sau \u0111\u00f3 \u0111em \u0111i \u00e9p l\u1ea5y d\u1ecbch nho v\u00e0 l\u00ean men trong nh\u1eefng chi\u1ebfc th\u00f9ng g\u1ed7 s\u1ed3i c\u1ee7a Ph\u00e1p trong m\u1ed9t th\u1eddi gian d\u00e0i. Khi r\u01b0\u1ee3u \u0111\u00e3 \u0111\u1ea1t y\u00eau c\u1ea7u nh\u00e0 s\u1ea3n xu\u1ea5t \u0111em ch\u00fang \u0111i \u0111\u00f3ng chai v\u00e0 mang \u0111i ti\u00eau th\u1ee5 t\u1ea1i th\u1ecb tr\u01b0\u1eddng.<\/span><\/p>\n<h2><span style=\"font-size: 14pt;\"><strong><span style=\"font-family: arial, helvetica, sans-serif; color: #000000;\">Th\u01b0\u1edfng th\u1ee9c r\u01b0\u1ee3u vang Cantina La Salute Baldassare<\/span><\/strong><\/span><\/h2>\n<p><span style=\"font-family: arial, helvetica, sans-serif; font-size: 12pt; color: #000000;\">R\u01b0\u1ee3u ph\u00f9 h\u1ee3p cho b\u1eefa c\u01a1m qu\u00e2y qu\u1ea7n c\u1ee7a gia \u0111\u00ecnh v\u00e0o d\u1ecbp cu\u1ed1i tu\u1ea7n, ho\u1eb7c c\u0169ng c\u00f3 th\u1ec3 l\u1ef1a ch\u1ecdn cho ti\u1ec7c sinh nh\u1eadt, g\u1eb7p g\u1ee1 b\u1ea1n b\u00e8 ho\u1eb7c ti\u1ebfp \u0111\u1ed1i t\u00e1c.<\/span><\/p>\n<p><span style=\"font-family: arial, helvetica, sans-serif; font-size: 12pt; color: #000000;\">Tr\u01b0\u1edbc khi th\u01b0\u1edfng th\u1ee9c r\u01b0\u1ee3u ch\u00fang ta n\u00ean cho r\u01b0\u1ee3u v\u00e0o trong m\u1ed9t x\u00f4 \u0111\u00e1 \u01b0\u1edbp kho\u1ea3ng 30 ph\u00fat. R\u01b0\u1ee3u th\u00edch h\u1ee3p \u0103n v\u1edbi nh\u1eefng m\u00f3n \u0103n ch\u00ednh ho\u1eb7c \u0103n k\u00e8m c\u00f9ng m\u1ed9t s\u1ed1 lo\u1ea1i th\u1ecbt \u0111\u1ecf trong \u0111i\u1ec1u ki\u1ec7n nhi\u1ec7t \u0111\u1ed9 t\u1eeb 18 \u2013 20 \u0111\u1ed9 C.<\/span><\/p>\n<p><span style=\"font-family: arial, helvetica, sans-serif; font-size: 12pt; color: #000000;\">\u0110\u1ec3 r\u01b0\u1ee3u lu\u00f4n gi\u1eef \u0111\u01b0\u1ee3c m\u00e0u s\u1eafc v\u00e0 \u0111\u1ed9 th\u01a1m ngon b\u1ea1n c\u1ea7n b\u1ea3o qu\u1ea3n n\u00f3 n\u01a1i kh\u00f4 r\u00e1o tho\u00e1ng m\u00e1t, kh\u00f4ng n\u00ean l\u1ef1a ch\u1ecdn nh\u1eefng n\u01a1i c\u00f3 nhi\u1ec7t \u0111\u1ed9 qu\u00e1 cao ho\u1eb7c qu\u00e1 th\u1ea5p s\u1ebd \u1ea3nh h\u01b0\u1edfng \u0111\u1ebfn tu\u1ed5i th\u1ecd c\u1ee7a chai r\u01b0\u1ee3u.<\/span><\/p>\n<p><span style=\"font-size: 12pt;\"><span style=\"color: #ff0000;\">\u25ba<\/span> Xem Th\u00eam S\u1ea3n Ph\u1ea9m R\u01b0\u1ee3u Vang H\u00f3t \u0110\u1ebfn T\u1eeb H\u00e3ng 47 Anno Domini: <\/span><a href=\"https:\/\/ruouvang24h.vn\/ruou-vang-le-argille-cabernet-di-cabernet\"><strong>R\u01b0\u1ee3u Vang Le Argille Cabernet Di Cabernet<\/strong><\/a><\/p>\n","protected":false},"excerpt":{"rendered":"<p>R\u01b0\u1ee3u vang Cantina La Salute Baldassare l\u00e0 d\u00f2ng vang c\u00f3 ch\u1ea5t l\u01b0\u1ee3ng t\u1ed1t \u0111\u01b0\u1ee3c b\u00e1n t\u1ea1i nhi\u1ec1u c\u00e1c qu\u1ed1c gia v\u00e0 v\u00f9ng l\u00e3nh th\u1ed5. T\u1ea1i n\u01a1i m\u00e0 r\u01b0\u1ee3u xu\u1ea5t hi\u1ec7n lu\u00f4n thu h\u00fat \u0111\u00f4ng \u0111\u1ea3o kh\u00e1ch h\u00e0ng s\u0103n \u0111\u00f3n v\u00e0 th\u01b0\u1edfng th\u1ee9c h\u01b0\u01a1ng v\u1ecb c\u1ee7a n\u00f3. R\u01b0\u1ee3u c\u00f3 xu\u1ea5t x\u1ee9 t\u1ea1i Italia, do nh\u00e0 s\u1ea3n [&hellip;]<\/p>\n","protected":false},"featured_media":5948,"comment_status":"closed","ping_status":"closed","template":"","meta":[],"class_list":{"0":"post-5873","1":"product","2":"type-product","3":"status-publish","4":"has-post-thumbnail","6":"product_cat-ruou-vang-y","8":"first","9":"instock","10":"shipping-taxable","11":"purchasable","12":"product-type-simple"},"_links":{"self":[{"href":"http:\/\/winelove.vn\/9xweb\/index.php?rest_route=\/wp\/v2\/product\/5873"}],"collection":[{"href":"http:\/\/winelove.vn\/9xweb\/index.php?rest_route=\/wp\/v2\/product"}],"about":[{"href":"http:\/\/winelove.vn\/9xweb\/index.php?rest_route=\/wp\/v2\/types\/product"}],"replies":[{"embeddable":true,"href":"http:\/\/winelove.vn\/9xweb\/index.php?rest_route=%2Fwp%2Fv2%2Fcomments&post=5873"}],"wp:featuredmedia":[{"embeddable":true,"href":"http:\/\/winelove.vn\/9xweb\/index.php?rest_route=\/wp\/v2\/media\/5948"}],"wp:attachment":[{"href":"http:\/\/winelove.vn\/9xweb\/index.php?rest_route=%2Fwp%2Fv2%2Fmedia&parent=5873"}],"curies":[{"name":"wp","href":"https:\/\/api.w.org\/{rel}","templated":true}]}}