{"id":6020,"date":"2019-08-04T00:00:43","date_gmt":"2019-08-03T17:00:43","guid":{"rendered":"http:\/\/winelove.vn\/9xweb\/?post_type=product&#038;p=6020"},"modified":"2023-05-22T15:17:24","modified_gmt":"2023-05-22T08:17:24","slug":"ruou-vang-forcola-merlot-sale-lon","status":"publish","type":"product","link":"http:\/\/winelove.vn\/9xweb\/?product=ruou-vang-forcola-merlot-sale-lon","title":{"rendered":"R\u01b0\u1ee3u Vang Forcola Merlot 5.4% ABV* &#8211; Sale L\u1edbn"},"content":{"rendered":"<p><span style=\"font-family: arial, helvetica, sans-serif; font-size: 12pt; color: #000000;\">Nh\u00e0 s\u1ea3n xu\u1ea5t Cantina La Salute l\u1ea1i ti\u1ebfp t\u1ee5c cho ra nh\u1eefng si\u00eau ph\u1ea9m r\u01b0\u1ee3u vang \u0111\u1ecf tr\u00ean th\u1ecb tr\u01b0\u1eddng vang <a href=\"http:\/\/winelove.vn\/9xweb\/danh-muc\/ruou-vang-y\/\"><strong>\u00dd<\/strong><\/a>. V\u00f9ng Veneto \u0111\u01b0\u1ee3c l\u1ef1a ch\u1ecdn l\u00e0 n\u01a1i nu\u00f4i d\u01b0\u1ee1ng d\u01b0\u1ee1ng nh\u1eefng c\u00e2y nho Merlot \u0111\u1ec3 l\u00e0m ra <strong>r\u01b0\u1ee3u vang Forcola Merlot<\/strong> h\u1ea3o h\u1ea1ng \u0111ang l\u00e0m m\u01b0a l\u00e0m gi\u00f3 tr\u00ean th\u1ecb tr\u01b0\u1eddng th\u1ebf gi\u1edbi. Ch\u1ec9 v\u1edbi n\u1ed3ng \u0111\u1ed9 12% n\u00f3 \u0111\u00e3 th\u1ef1c s\u1ef1 khi\u1ebfn ng\u01b0\u1eddi d\u00f9ng y\u00eau th\u00edch v\u00e0 qu\u00fd tr\u1ecdng.\u00a0<\/span><\/p>\n<p><img loading=\"lazy\" decoding=\"async\" class=\"aligncenter size-full wp-image-6052\" src=\"http:\/\/winelove.vn\/9xweb\/wp-content\/uploads\/2019\/07\/R\u01b0\u1ee3u-Vang-Forcola-Merlot-1.jpg\" alt=\"R\u01b0\u1ee3u Vang Forcola Merlot\" width=\"600\" height=\"600\" srcset=\"http:\/\/winelove.vn\/9xweb\/wp-content\/uploads\/2019\/07\/R\u01b0\u1ee3u-Vang-Forcola-Merlot-1.jpg 600w, http:\/\/winelove.vn\/9xweb\/wp-content\/uploads\/2019\/07\/R\u01b0\u1ee3u-Vang-Forcola-Merlot-1-150x150.jpg 150w, http:\/\/winelove.vn\/9xweb\/wp-content\/uploads\/2019\/07\/R\u01b0\u1ee3u-Vang-Forcola-Merlot-1-300x300.jpg 300w, http:\/\/winelove.vn\/9xweb\/wp-content\/uploads\/2019\/07\/R\u01b0\u1ee3u-Vang-Forcola-Merlot-1-45x45.jpg 45w, http:\/\/winelove.vn\/9xweb\/wp-content\/uploads\/2019\/07\/R\u01b0\u1ee3u-Vang-Forcola-Merlot-1-100x100.jpg 100w\" sizes=\"(max-width: 600px) 100vw, 600px\" \/><\/p>\n<h2><span style=\"font-size: 14pt;\"><strong><span style=\"font-family: arial, helvetica, sans-serif; color: #000000;\">Gi\u00e1 r\u01b0\u1ee3u vang Forcola Merlot<\/span><\/strong><\/span><\/h2>\n<p><span style=\"font-family: arial, helvetica, sans-serif; font-size: 12pt; color: #000000;\">Forcola Merlot \u0111\u00e3 tr\u01b0\u1edfng th\u00e0nh t\u1eeb n\u01b0\u1edbc \u00dd, tuy nhi\u00ean, s\u1ef1 ph\u00e1t tri\u1ec3n c\u1ee7a n\u00f3 kh\u00f4ng d\u1eebng l\u1ea1i t\u1ea1i 1 qu\u1ed1c gia v\u00e0 c\u00f2n \u0111i \u0111\u1ebfn nhi\u1ec1u n\u01a1i tr\u00ean th\u1ebf gi\u1edbi. \u0110i\u1ec1u m\u00e0 kh\u00e1ch h\u00e0ng y\u00eau th\u00edch nh\u1ea5t \u1edf r\u01b0\u1ee3u l\u00e0 n\u00f3 c\u00f3 m\u1ed9t m\u1ee9c gi\u00e1 tuy\u1ec7t v\u1eddi, ph\u00f9 h\u1ee3p v\u1edbi thu nh\u1eadp b\u00ecnh qu\u00e2n c\u1ee7a ng\u01b0\u1eddi d\u00f9ng v\u00e0 ch\u1ea5t l\u01b0\u1ee3ng th\u00ec c\u1ef1c k\u1ef3 cao c\u1ea5p. Ch\u1ec9 v\u1edbi 330.000 \u0111\u1ed3ng b\u1ea1n \u0111\u00e3 c\u00f3 \u0111\u01b0\u1ee3c m\u1ed9t chai vang <strong>Forcola Merlot<\/strong> \u0111\u1ec3 th\u01b0\u1edfng th\u1ee9c c\u00f9ng gia \u0111\u00ecnh trong b\u1eefa t\u1ed1i, trong c\u00e1c b\u1eefa ti\u1ec7c,\u2026<\/span><\/p>\n<h2><span style=\"font-size: 14pt;\"><strong><span style=\"font-family: arial, helvetica, sans-serif; color: #000000;\">Gi\u1edbi thi\u1ec7u v\u1ec1 r\u01b0\u1ee3u vang Forcola Merlot<\/span><\/strong><\/span><\/h2>\n<p><span style=\"font-family: arial, helvetica, sans-serif; font-size: 12pt; color: #000000;\">\u0110i d\u1ecdc l\u00e3nh th\u1ed5 c\u1ee7a n\u01b0\u1edbc \u00dd b\u1ea1n s\u1ebd b\u1ecb \u1ea5n t\u01b0\u1ee3ng ngay l\u1eadp t\u1ee9c b\u1edfi nh\u1eefng v\u00f9ng tr\u1ed3ng nho b\u1ea1t ng\u00e0n. Veneto ch\u1eafc ch\u1eafn l\u00e0 n\u01a1i m\u00e0 b\u1ea1n s\u1ebd d\u1eebng ch\u00e2n l\u1ea1i \u0111\u1ec3 tham quan. \u0110\u00e2y l\u00e0 v\u00f9ng tr\u1ed3ng nho v\u00e0 s\u1ea3n xu\u1ea5t r\u01b0\u1ee3u vang c\u00f3 di\u1ec7n t\u00edch l\u1edbn b\u1eadc nh\u1ea5t t\u1ea1i \u00dd. Nh\u1eefng chai vang \u1edf n\u01a1i \u0111\u00e2y \u0111\u1ec1u \u0111\u01b0\u1ee3c s\u1ea3n xu\u1ea5t \u1edf \u0111\u00e2y trong quy tr\u00ecnh s\u1ea3n xu\u1ea5t kh\u00e9p k\u00edn, b\u00e0i b\u1ea3n v\u00e0 \u0111em \u0111\u1ebfn ch\u1ea5t l\u01b0\u1ee3ng vang tuy\u1ec7t h\u1ea3o, <strong>Forcola Merlot<\/strong> l\u00e0 minh ch\u1ee9ng s\u1ed1ng cho \u0111i\u1ec1u \u0111\u00f3.<\/span><\/p>\n<h2><span style=\"font-size: 14pt;\"><strong><span style=\"font-family: arial, helvetica, sans-serif; color: #000000;\">\u0110\u1eb7c \u0111i\u1ec3m c\u1ee7a r\u01b0\u1ee3u vang Forcola Merlot<\/span><\/strong><\/span><\/h2>\n<p><span style=\"font-family: arial, helvetica, sans-serif; font-size: 12pt; color: #000000;\">V\u1edbi chai vang \u0111\u1ecf n\u00e0y, b\u1ea1n s\u1ebd b\u1ecb b\u1eaft m\u1eaft ngay l\u1ea7n g\u1eb7p \u0111\u1ea7u ti\u00ean v\u1edbi m\u00e0u vang \u0111\u1ecf th\u1eabm cu\u1ed1n h\u00fat. V\u1ecf chai th\u1ee7y tinh b\u00ean ngo\u00e0i c\u0169ng h\u1ed7 tr\u1ee3 s\u1ea3n ph\u1ea9m to\u00e1t l\u00ean n\u00e9t thanh l\u1ecbch, cao c\u1ea5p. N\u1ed3ng \u0111\u1ed9 12% kh\u00e1 nh\u1eb9 nh\u00e0ng ph\u00f9 h\u1ee3p v\u1edbi c\u1ea3 n\u1eef gi\u1edbi n\u00ean n\u00f3 thu h\u00fat \u0111\u01b0\u1ee3c t\u1eadp kh\u00e1ch h\u00e0ng l\u1edbn h\u01a1n nh\u1eefng chai r\u01b0\u1ee3u vang n\u1ed3ng \u0111\u1ed9 cao th\u00f4ng th\u01b0\u1eddng. Khi n\u1ebfm r\u01b0\u1ee3u, b\u1ea1n s\u1ebd b\u1ecb \u1ea5n t\u01b0\u1ee3ng b\u1edfi v\u1ecb hoa qu\u1ea3 th\u01a1m ngon, v\u1ecb nho Merlot, qu\u1ea3 m\u00e2m x\u00f4i, qu\u1ea3 vi\u1ec7t qu\u1ea5t, qu\u1ea3 \u0111\u00e0o ch\u00edn. C\u00f9ng v\u1edbi hoa qu\u1ea3 ch\u00edn m\u1ecdng, v\u1ecb tannin m\u1ec1m c\u0169ng quy\u1ec7n v\u00e0o t\u00e1c \u0111\u1ed9ng m\u1ea1nh l\u00ean v\u1ecb gi\u00e1c c\u1ee7a b\u1ea1n khi\u1ebfn b\u1ea1n c\u1ea3m th\u1ea5y th\u00edch th\u00fa v\u00e0 ng\u1ea1c nhi\u00ean.<\/span><\/p>\n<h2><span style=\"font-size: 14pt;\"><strong><span style=\"font-family: arial, helvetica, sans-serif; color: #000000;\">Quy tr\u00ecnh s\u1ea3n xu\u1ea5t r\u01b0\u1ee3u vang Forcola Merlot<\/span><\/strong><\/span><\/h2>\n<p><span style=\"font-family: arial, helvetica, sans-serif; font-size: 12pt; color: #000000;\">V\u00f9ng s\u1ea3n xu\u1ea5t Veneto l\u00e0 n\u01a1i l\u00e0m ra nh\u1eefng chai r\u01b0\u1ee3u vang tuy\u1ec7t h\u1ea3o n\u00e0y. Tr\u00e1i nho Merlot \u0111\u01b0\u1ee3c thu ho\u1ea1ch c\u00f9ng m\u1ed9t l\u00fac khi ch\u00fang \u0111\u1ea1t \u0111\u1ed9 ch\u00edn v\u1eeba ph\u1ea3i, t\u1ef7 l\u1ec7 \u0111\u01b0\u1eddng v\u00e0 axit t\u1ef1 nhi\u00ean \u0111\u00fang nh\u01b0 nh\u00e0 s\u1ea3n xu\u1ea5t y\u00eau c\u1ea7u. T\u1eeb v\u01b0\u1eddn nho v\u1ec1 \u0111\u1ebfn nh\u00e0 m\u00e1y l\u00e0 c\u1ea3 m\u1ed9t \u0111o\u1ea1n \u0111\u01b0\u1eddng d\u00e0i, nho s\u1ebd \u0111\u01b0\u1ee3c v\u1eadn chuy\u1ec3n c\u1ea9n th\u1eadn \u0111\u1ea3m b\u1ea3o kh\u00f4ng c\u00f3 b\u1ea5t c\u1ee9 m\u1ed9t ch\u00fat sai s\u00f3t n\u00e0o. Nh\u1eefng tr\u00e1i nho ho\u00e0n h\u1ea3o s\u1ebd mang \u0111i s\u01a1 ch\u1ebf, \u00e9p, l\u00ean men v\u00e0 ng\u00e2m \u1ee7 trong c\u00e1c th\u00f9ng th\u00e9p kh\u00f4ng g\u1ec9. Nh\u1edd c\u00f4ng \u0111o\u1ea1n n\u00e0y m\u00e0 <strong>Forcola Merlot<\/strong> m\u1edbi th\u1ef1c s\u1ef1 d\u1eady v\u1ecb th\u01a1m ngon.<\/span><\/p>\n<h2><span style=\"font-size: 14pt;\"><strong><span style=\"font-family: arial, helvetica, sans-serif; color: #000000;\">C\u00e1ch th\u01b0\u1edfng th\u1ee9c r\u01b0\u1ee3u vang Forcola Merlot<\/span><\/strong><\/span><\/h2>\n<p><span style=\"font-family: arial, helvetica, sans-serif; font-size: 12pt; color: #000000;\">Nh\u1eefng m\u00f3n ngon t\u1eeb s\u01b0\u1eddn b\u00f2, th\u1ecbt c\u1eebu v\u00e0 c\u00e1c lo\u1ea1i h\u1ea3i s\u1ea3n s\u1ebd l\u00e0 \u0111i\u1ec1u tuy\u1ec7t v\u1eddi nh\u1ea5t v\u1edbi <strong>Forcola Merlot<\/strong>. V\u1ecb vang l\u00fac n\u00e0y nh\u01b0 \u0111\u01b0\u1ee3c k\u00edch th\u00edch, tr\u1edf n\u00ean ho\u00e0n h\u1ea3o v\u00e0 s\u00e2u s\u1eafc h\u01a1n h\u1eb3n. \u0110\u1ed3ng th\u1eddi, b\u1ea1n n\u00ean \u01b0\u1edbp l\u1ea1nh vang tr\u01b0\u1edbc khi th\u01b0\u1edfng th\u1ee9c. Nh\u1edb l\u00e0 \u01b0\u1edbp l\u1ea1nh ch\u1ee9 \u0111\u1eebng cho \u0111\u00e1 v\u00e0o nh\u00e9. Ch\u1ec9 c\u1ea7n nh\u01b0 v\u1eady l\u00e0 b\u1ea1n \u0111\u00e3 c\u00f3 cho m\u00ecnh m\u1ed9t b\u1eefa \u0103n h\u1ea5p d\u1eabn.<\/span><\/p>\n","protected":false},"excerpt":{"rendered":"<p>Nh\u00e0 s\u1ea3n xu\u1ea5t Cantina La Salute l\u1ea1i ti\u1ebfp t\u1ee5c cho ra nh\u1eefng si\u00eau ph\u1ea9m r\u01b0\u1ee3u vang \u0111\u1ecf tr\u00ean th\u1ecb tr\u01b0\u1eddng vang \u00dd. V\u00f9ng Veneto \u0111\u01b0\u1ee3c l\u1ef1a ch\u1ecdn l\u00e0 n\u01a1i nu\u00f4i d\u01b0\u1ee1ng d\u01b0\u1ee1ng nh\u1eefng c\u00e2y nho Merlot \u0111\u1ec3 l\u00e0m ra r\u01b0\u1ee3u vang Forcola Merlot h\u1ea3o h\u1ea1ng \u0111ang l\u00e0m m\u01b0a l\u00e0m gi\u00f3 tr\u00ean th\u1ecb tr\u01b0\u1eddng th\u1ebf gi\u1edbi. [&hellip;]<\/p>\n","protected":false},"featured_media":6051,"comment_status":"closed","ping_status":"closed","template":"","meta":[],"class_list":{"0":"post-6020","1":"product","2":"type-product","3":"status-publish","4":"has-post-thumbnail","6":"product_cat-ruou-vang-y","8":"first","9":"instock","10":"shipping-taxable","11":"purchasable","12":"product-type-simple"},"_links":{"self":[{"href":"http:\/\/winelove.vn\/9xweb\/index.php?rest_route=\/wp\/v2\/product\/6020"}],"collection":[{"href":"http:\/\/winelove.vn\/9xweb\/index.php?rest_route=\/wp\/v2\/product"}],"about":[{"href":"http:\/\/winelove.vn\/9xweb\/index.php?rest_route=\/wp\/v2\/types\/product"}],"replies":[{"embeddable":true,"href":"http:\/\/winelove.vn\/9xweb\/index.php?rest_route=%2Fwp%2Fv2%2Fcomments&post=6020"}],"wp:featuredmedia":[{"embeddable":true,"href":"http:\/\/winelove.vn\/9xweb\/index.php?rest_route=\/wp\/v2\/media\/6051"}],"wp:attachment":[{"href":"http:\/\/winelove.vn\/9xweb\/index.php?rest_route=%2Fwp%2Fv2%2Fmedia&parent=6020"}],"curies":[{"name":"wp","href":"https:\/\/api.w.org\/{rel}","templated":true}]}}