{"id":6168,"date":"2019-08-15T22:46:58","date_gmt":"2019-08-15T15:46:58","guid":{"rendered":"http:\/\/winelove.vn\/9xweb\/?post_type=product&#038;p=6168"},"modified":"2022-10-31T21:57:17","modified_gmt":"2022-10-31T14:57:17","slug":"ruou-vang-aves-del-sur-clasico-sauvignon-blanc","status":"publish","type":"product","link":"http:\/\/winelove.vn\/9xweb\/?product=ruou-vang-aves-del-sur-clasico-sauvignon-blanc","title":{"rendered":"R\u01b0\u1ee3u vang Aves Del Sur Clasico Sauvignon Blanc 5.4% ABV*"},"content":{"rendered":"<p><span style=\"font-family: arial, helvetica, sans-serif; font-size: 12pt; color: #000000;\">B\u1ea1n \u0111\u00e3 bao gi\u1edd r\u01a1i v\u00e0o s\u1ef1 ph\u00e2n v\u00e2n kh\u00f4ng bi\u1ebft l\u1ef1a ch\u1ecdn m\u1ed9t lo\u1ea1i \u0111\u1ed3 u\u1ed1ng n\u00e0o cho gia \u0111\u00ecnh v\u00e0o d\u1ecbp cu\u1ed1i tu\u1ea7n ch\u01b0a. N\u1ebfu \u0111i\u1ec1u \u0111\u00f3 \u0111\u00e3 x\u1ea3y ra v\u1edbi b\u1ea1n th\u00ec gi\u1edd \u0111\u00e2y b\u1ea1n kh\u00f4ng n\u00ean qu\u00e1 lo l\u1eafng, h\u00e3y \u0111\u1ebfn v\u1edbi <strong>r\u01b0\u1ee3u vang chile Aves Del Sur Clasico Sauvignon Blanc<\/strong> c\u1ee7a \u0111\u1ea5t n\u01b0\u1edbc <a href=\"http:\/\/winelove.vn\/9xweb\/danh-muc\/ruou-vang-chile\/\"><strong>Chile<\/strong><\/a>. \u0110\u00e2y l\u00e0 th\u1ee9 \u0111\u1ed3 u\u1ed1ng c\u00f3 kh\u1ea3 n\u0103ng t\u0103ng c\u01b0\u1eddng s\u1ee9c kh\u1ecfe, k\u00edch th\u00edch ngon mi\u1ec7ng v\u00e0 ti\u00eau h\u00f3a t\u1ed1t. R\u01b0\u1ee3u c\u00f3 n\u1ed3ng \u0111\u1ed9 c\u1ed3n \u1edf m\u1ee9c 13 %, \u0111\u01b0\u1ee3c l\u00e0m t\u1eeb gi\u1ed1ng nho Sauvignon Blanc.<\/span><\/p>\n<p><img loading=\"lazy\" decoding=\"async\" class=\"aligncenter size-full wp-image-6173\" src=\"http:\/\/winelove.vn\/9xweb\/wp-content\/uploads\/2019\/08\/R\u01b0\u1ee3u-vang-Aves-Del-Sur-Clasico-Sauvignon-Blanc-1.jpg\" alt=\"R\u01b0\u1ee3u vang Aves Del Sur Clasico Sauvignon Blanc\" width=\"600\" height=\"600\" srcset=\"http:\/\/winelove.vn\/9xweb\/wp-content\/uploads\/2019\/08\/R\u01b0\u1ee3u-vang-Aves-Del-Sur-Clasico-Sauvignon-Blanc-1.jpg 600w, http:\/\/winelove.vn\/9xweb\/wp-content\/uploads\/2019\/08\/R\u01b0\u1ee3u-vang-Aves-Del-Sur-Clasico-Sauvignon-Blanc-1-150x150.jpg 150w, http:\/\/winelove.vn\/9xweb\/wp-content\/uploads\/2019\/08\/R\u01b0\u1ee3u-vang-Aves-Del-Sur-Clasico-Sauvignon-Blanc-1-300x300.jpg 300w, http:\/\/winelove.vn\/9xweb\/wp-content\/uploads\/2019\/08\/R\u01b0\u1ee3u-vang-Aves-Del-Sur-Clasico-Sauvignon-Blanc-1-45x45.jpg 45w, http:\/\/winelove.vn\/9xweb\/wp-content\/uploads\/2019\/08\/R\u01b0\u1ee3u-vang-Aves-Del-Sur-Clasico-Sauvignon-Blanc-1-100x100.jpg 100w\" sizes=\"(max-width: 600px) 100vw, 600px\" \/><\/p>\n<h2><strong><span style=\"font-family: arial, helvetica, sans-serif; font-size: 14pt; color: #000000;\">Gi\u00e1 r\u01b0\u1ee3u vang Aves Del Sur Clasico Sauvignon Blanc<\/span><\/strong><\/h2>\n<p><span style=\"font-family: arial, helvetica, sans-serif; font-size: 12pt; color: #000000;\">Xu\u1ea5t hi\u1ec7n tr\u00ean th\u1ecb tr\u01b0\u1eddng kh\u00f4ng qu\u00e1 sang tr\u1ecdng v\u00e0 \u0111\u1eb3ng c\u1ea5p tuy nhi\u00ean r\u01b0\u1ee3u l\u1ea1i c\u00f3 m\u1ed9t s\u1ef1 lan t\u1ecfa m\u1ea1nh m\u1ebd khi\u1ebfn cho nhi\u1ec1u kh\u00e1ch h\u00e0ng b\u00e0ng ho\u00e0ng, ng\u1ea1c nhi\u00ean v\u1edbi ch\u1ea5t l\u01b0\u1ee3ng tuy\u1ec7t v\u1eddi do r\u01b0\u1ee3u mang l\u1ea1i. C\u00e0ng ng\u1ea1c nhi\u00ean h\u01a1n n\u1eefa khi ch\u1ec9 v\u1edbi s\u1ed1 ti\u1ec1n kho\u1ea3ng 266.000 \u0111\u1ed3ng b\u1ea1n \u0111\u00e3 s\u1edf h\u1eefu \u0111\u01b0\u1ee3c m\u1ed9t chai vang th\u01a1m ngon, m\u1edbi l\u1ea1 mang t\u00ean Aves Del Sur Clasico Sauvignon Blanc.<\/span><\/p>\n<h2><strong><span style=\"font-family: arial, helvetica, sans-serif; font-size: 14pt; color: #000000;\">Gi\u1edbi thi\u1ec7u v\u1ec1 r\u01b0\u1ee3u vang Aves Del Sur Clasico Sauvignon Blanc<\/span><\/strong><\/h2>\n<p><span style=\"font-family: arial, helvetica, sans-serif; font-size: 12pt; color: #000000;\">Nh\u1eafc t\u1edbi nh\u00e0 s\u1ea3n xu\u1ea5t Vina Del PedRegal ng\u01b0\u1eddi y\u00eau chu\u1ed9ng r\u01b0\u1ee3u vang lu\u00f4n ngh\u0129 t\u1edbi m\u1ed9t nh\u00e0 s\u1ea3n xu\u1ea5t c\u00f3 c\u00f4ng r\u1ea5t l\u1edbn trong vi\u1ec7c g\u00e2y d\u1ef1ng th\u01b0\u01a1ng hi\u1ec7u r\u01b0\u1ee3u vang cho \u0111\u1ea5t n\u01b0\u1edbc Chile. C\u00e1c s\u1ea3n ph\u1ea9m c\u1ee7a nh\u00e0 s\u1ea3n xu\u1ea5t n\u00e0y lu\u00f4n \u0111\u00e1p \u1ee9ng \u0111\u01b0\u1ee3c y\u00eau c\u1ea7u t\u1eeb kh\u00e1ch h\u00e0ng c\u00f3 m\u1ee9c thu nh\u1eadp th\u1ea5p, trung b\u00ecnh cho \u0111\u1ebfn nh\u1eefng kh\u00e1ch h\u00e0ng c\u00f3 m\u1ee9c thu nh\u1eadp kh\u1ee7ng.<\/span><\/p>\n<p><span style=\"font-family: arial, helvetica, sans-serif; font-size: 12pt; color: #000000;\">R\u01b0\u1ee3u\u00a0lu\u00f4n l\u00e0 s\u1ef1 l\u1ef1a ch\u1ecdn h\u00e0ng \u0111\u1ea7u tr\u00ean to\u00e0n th\u1ebf gi\u1edbi cho nh\u1eefng gia \u0111\u00ecnh c\u00f3 thu nh\u1eadp t\u1eeb trung b\u00ecnh tr\u1edf xu\u1ed1ng. M\u1eb7c d\u00f9 ch\u1ec9 c\u00f3 m\u1ee9c gi\u00e1 b\u00ecnh d\u00e2n tuy nhi\u00ean qu\u00fd v\u1ecb ho\u00e0n to\u00e0n c\u00f3 th\u1ec3 y\u00ean t\u00e2m v\u1ec1 ch\u1ea5t l\u01b0\u1ee3ng do r\u01b0\u1ee3u mang l\u1ea1i.<\/span><\/p>\n<h2><strong><span style=\"font-family: arial, helvetica, sans-serif; font-size: 14pt; color: #000000;\">\u0110\u1eb7c \u0111i\u1ec3m c\u1ee7a r\u01b0\u1ee3u vang Aves Del Sur Clasico Sauvignon Blanc<\/span><\/strong><\/h2>\n<p><span style=\"font-family: arial, helvetica, sans-serif; font-size: 12pt; color: #000000;\">R\u01b0\u1ee3u c\u00f3 n\u1ed3ng \u0111\u1ed9 c\u1ed3n \u1edf m\u1ee9c 13 %, theo ng\u01b0\u1eddi ti\u00eau d\u00f9ng v\u00e0 c\u00e1c chuy\u00ean gia \u0111\u00e1nh gi\u00e1 \u0111\u00e2y l\u00e0 m\u1ed9t n\u1ed3ng \u0111\u1ed9 c\u1ed3n \u1edf m\u1ee9c v\u1eeba ph\u1ea3i, d\u1ec5 th\u01b0\u1edfng th\u1ee9c \u0111em \u0111\u1ebfn cho kh\u00f4ng gian c\u1ee7a b\u1ea1n s\u1ef1 \u00eam \u00e1i, nh\u1eb9 nh\u00e0ng v\u00e0 \u1ea5m c\u00fang.<\/span><\/p>\n<p><span style=\"font-family: arial, helvetica, sans-serif; font-size: 12pt; color: #000000;\">Nh\u00e0 s\u1ea3n xu\u1ea5t c\u00f3 con m\u1eaft th\u1eadt tinh t\u01b0\u1eddng, v\u1edbi m\u1ed7i lo\u1ea1i r\u01b0\u1ee3u vang h\u1ecd l\u1ea1i ch\u1ecdn m\u1ed9t nguy\u00ean li\u1ec7u kh\u00e1c nhau \u0111\u1ec3 s\u1ea3n xu\u1ea5t \u0111\u1ec3 tr\u00e1nh g\u00e2y s\u1ef1 nh\u00e0m ch\u00e1n cho kh\u00e1ch h\u00e0ng. V\u1edbi r\u01b0\u1ee3u nh\u00e0 s\u1ea3n xu\u1ea5t n\u00e0y \u0111\u00e3 l\u1ef1a ch\u1ecdn gi\u1ed1ng nho Sauvignon Blanc \u0111\u1ec3 cho ra \u0111\u1eddi nh\u1eefng chai vang \u0111\u01b0\u1ee3c th\u1ecb tr\u01b0\u1eddng v\u00f4 c\u00f9ng y\u00eau m\u1ebfn nh\u01b0 hi\u1ec7n nay.<\/span><\/p>\n<p><span style=\"font-family: arial, helvetica, sans-serif; font-size: 12pt; color: #000000;\">M\u1ed9t \u0111\u1eb7c \u0111i\u1ec3m d\u1ec5 nh\u1eadn bi\u1ebft c\u1ee7a chai vang n\u00e0y \u0111\u00f3 ch\u00ednh l\u00e0 m\u00e0u tr\u1eafng thu\u1ea7n khi\u1ebft c\u1ee7a r\u01b0\u1ee3u thu m\u00ecnh trong nh\u1eefng chi\u1ebfc v\u1ecf chai c\u00f3 d\u00e1n nh\u00e3n m\u1ed9t ch\u00fa chim \u0111em \u0111\u1ebfn m\u1ed9t s\u1ef1 kh\u00e1c bi\u1ec7t l\u1edbn so v\u1edbi c\u00e1c d\u00f2ng vang kh\u00e1c xu\u1ea5t hi\u1ec7n tr\u00ean th\u1ecb tr\u01b0\u1eddng. S\u1ef1 xu\u1ea5t hi\u1ec7n c\u1ee7a c\u00e1c lo\u1ea1i tr\u00e1i c\u00e2y nh\u01b0 \u0111\u00e0o, cam, qu\u00fdt, l\u00ea, t\u00e1o c\u1ed9ng h\u01b0\u1edfng c\u00f9ng h\u01b0\u01a1ng th\u01a1m c\u1ee7a hoa tr\u1eafng l\u00e0m t\u0103ng th\u00eam d\u01b0 v\u1ecb, \u0111\u1ed9 th\u01a1m ngon cho r\u01b0\u1ee3u; ngay t\u1eeb nh\u1eefng ph\u00fat gi\u00e2y \u0111\u1ea7u ti\u00ean khi b\u1ea1n m\u1edf n\u1eafp chai b\u1ea1n s\u1ebd ho\u00e0n to\u00e0n b\u1ecb chinh ph\u1ee5c b\u1edfi h\u01b0\u01a1ng th\u01a1m do r\u01b0\u1ee3u mang l\u1ea1i.<\/span><\/p>\n<h2><strong><span style=\"font-family: arial, helvetica, sans-serif; font-size: 14pt; color: #000000;\">Quy tr\u00ecnh s\u1ea3n xu\u1ea5t r\u01b0\u1ee3u vang Aves Del Sur Clasico Sauvignon Blanc<\/span><\/strong><\/h2>\n<p><span style=\"font-family: arial, helvetica, sans-serif; font-size: 12pt; color: #000000;\">V\u1edbi b\u1ea5t c\u1ee9 m\u1ed9t s\u1ea3n ph\u1ea9m n\u00e0o th\u00ec quy tr\u00ecnh lu\u00f4n l\u00e0 m\u1ed9t y\u1ebfu t\u1ed1t c\u00f3 t\u00ednh ch\u1ea5t r\u1ea5t quan tr\u1ecdng cho s\u1ef1 th\u00e0nh c\u00f4ng c\u1ee7a s\u1ea3n ph\u1ea9m \u0111\u00f3. R\u01b0\u1ee3u c\u0169ng v\u1eady ch\u00fang ph\u1ea3i tr\u1ea3i qua qu\u00e1 tr\u00ecnh ng\u00e2m \u1ee7 d\u00e0i v\u1edbi c\u00f4ng \u0111o\u1ea1n \u0111\u1ea7u ti\u00ean l\u00e0 h\u00e1i nho b\u1eb1ng tay t\u1ea1i v\u01b0\u1eddn, sau \u0111\u00f3 nho \u0111\u01b0\u1ee3c v\u1eadn chuy\u1ec3n v\u1ec1 nh\u00e0 m\u00e1y, t\u1ea1i \u0111\u00e2y nh\u1eefng ch\u00f9m nho ngon nh\u1ea5t s\u1ebd \u0111\u01b0\u1ee3c l\u1ef1a ch\u1ecdn \u0111\u1ec3 mang \u0111i \u00e9p l\u1ea5y n\u01b0\u1edbc\u2019 ph\u1ea7n n\u01b0\u1edbc nho n\u00e0y s\u1ebd \u0111\u01b0\u1ee3c ti\u1ebfp t\u1ee5c ng\u00e2m c\u00f9ng v\u1edbi v\u1ecf cho \u0111\u1ebfn khi \u0111\u1ea3m b\u1ea3o m\u00e0u s\u1eafc cho r\u01b0\u1ee3u; c\u00f4ng \u0111o\u1ea1n ti\u1ebfp theo l\u00e0 cho ph\u1ea7n d\u1ecbch n\u01b0\u1edbc nho l\u00ean men v\u00e0 \u1ee7 trong nh\u1eefng th\u00f9ng g\u1ed7 s\u1ed3i c\u1ee7a Ph\u00e1p t\u1eeb 2 n\u0103m tr\u1edf l\u00ean. Cu\u1ed1i c\u00f9ng l\u00e0 vi\u1ec7c \u0111\u00f3ng chai, d\u00e1n nh\u00e3n v\u00e0 xu\u1ea5t kh\u1ea9u.<\/span><\/p>\n<h2><strong><span style=\"font-family: arial, helvetica, sans-serif; font-size: 14pt; color: #000000;\">Th\u01b0\u1edfng th\u1ee9c r\u01b0\u1ee3u vang Aves Del Sur Clasico Sauvignon Blanc<\/span><\/strong><\/h2>\n<p><span style=\"font-family: arial, helvetica, sans-serif; font-size: 12pt; color: #000000;\">\u0110i\u1ec1u m\u00e0 t\u01b0\u1edfng ch\u1eebng d\u1ec5 nh\u1eefng l\u1ea1i kh\u00f4ng h\u1ec1 d\u1ec5 v\u1edbi nhi\u1ec1u kh\u00e1ch h\u00e0ng \u0111\u00f3 l\u00e0 vi\u1ec7c l\u00e0m th\u1ebf n\u00e0o \u0111\u1ec3 th\u01b0\u1edfng th\u1ee9c r\u01b0\u1ee3u vang \u0111\u01b0\u1ee3c ngon h\u01a1n. Nh\u1eefng m\u00f3n \u0103n nh\u01b0 c\u00e1 h\u1ed3i, c\u00e1 ng\u1eeb, salad s\u1ebd l\u00e0m t\u0103ng th\u00eam \u0111\u1ed9 ngon c\u1ee7a r\u01b0\u1ee3u khi b\u1ea1n k\u1ebft h\u1ee3p v\u1edbi nhau.<\/span><\/p>\n<p><strong><span style=\"font-size: 12pt; color: #ff0000;\">\u25ba <\/span>Xem Th\u00eam : <span style=\"color: #0000ff;\"><a style=\"color: #0000ff;\" href=\"https:\/\/ruouvang24h.vn\/ruou-vang-mancura\">R\u01b0\u1ee3u Vang Mancura<\/a><\/span><\/strong><\/p>\n","protected":false},"excerpt":{"rendered":"<p>B\u1ea1n \u0111\u00e3 bao gi\u1edd r\u01a1i v\u00e0o s\u1ef1 ph\u00e2n v\u00e2n kh\u00f4ng bi\u1ebft l\u1ef1a ch\u1ecdn m\u1ed9t lo\u1ea1i \u0111\u1ed3 u\u1ed1ng n\u00e0o cho gia \u0111\u00ecnh v\u00e0o d\u1ecbp cu\u1ed1i tu\u1ea7n ch\u01b0a. N\u1ebfu \u0111i\u1ec1u \u0111\u00f3 \u0111\u00e3 x\u1ea3y ra v\u1edbi b\u1ea1n th\u00ec gi\u1edd \u0111\u00e2y b\u1ea1n kh\u00f4ng n\u00ean qu\u00e1 lo l\u1eafng, h\u00e3y \u0111\u1ebfn v\u1edbi r\u01b0\u1ee3u vang chile Aves Del Sur Clasico Sauvignon Blanc [&hellip;]<\/p>\n","protected":false},"featured_media":6172,"comment_status":"closed","ping_status":"closed","template":"","meta":[],"class_list":{"0":"post-6168","1":"product","2":"type-product","3":"status-publish","4":"has-post-thumbnail","6":"product_cat-ruou-vang-chile","8":"first","9":"instock","10":"shipping-taxable","11":"purchasable","12":"product-type-simple"},"_links":{"self":[{"href":"http:\/\/winelove.vn\/9xweb\/index.php?rest_route=\/wp\/v2\/product\/6168"}],"collection":[{"href":"http:\/\/winelove.vn\/9xweb\/index.php?rest_route=\/wp\/v2\/product"}],"about":[{"href":"http:\/\/winelove.vn\/9xweb\/index.php?rest_route=\/wp\/v2\/types\/product"}],"replies":[{"embeddable":true,"href":"http:\/\/winelove.vn\/9xweb\/index.php?rest_route=%2Fwp%2Fv2%2Fcomments&post=6168"}],"wp:featuredmedia":[{"embeddable":true,"href":"http:\/\/winelove.vn\/9xweb\/index.php?rest_route=\/wp\/v2\/media\/6172"}],"wp:attachment":[{"href":"http:\/\/winelove.vn\/9xweb\/index.php?rest_route=%2Fwp%2Fv2%2Fmedia&parent=6168"}],"curies":[{"name":"wp","href":"https:\/\/api.w.org\/{rel}","templated":true}]}}