{"id":6261,"date":"2019-11-08T00:12:27","date_gmt":"2019-11-07T17:12:27","guid":{"rendered":"http:\/\/winelove.vn\/9xweb\/?post_type=product&#038;p=6261"},"modified":"2022-10-28T12:43:15","modified_gmt":"2022-10-28T05:43:15","slug":"ruou-vang-trinity","status":"publish","type":"product","link":"http:\/\/winelove.vn\/9xweb\/?product=ruou-vang-trinity","title":{"rendered":"R\u01b0\u1ee3u Vang TRINITY Primitivo 5.4% ABV*"},"content":{"rendered":"<p><em><span style=\"font-size: 12pt;\">N\u00f3i \u0111\u1ebfn nh\u1eefng chai vang th\u01a1m ngon h\u1ea3o h\u1ea1ng c\u1ee7a n\u01b0\u1edbc \u00dd th\u00ec c\u00f3 l\u1ebd kh\u00f4ng th\u1ec3 kh\u00f4ng k\u1ec3 \u0111\u1ebfn chai <strong>r\u01b0\u1ee3u vang Trinity Primitivo<\/strong>. R\u01b0\u1ee3u \u0111\u00e3 tr\u1edf th\u00e0nh m\u1ed9t m\u00f3n \u0103n tinh th\u1ea7n kh\u00f4ng th\u1ec3 thi\u1ebfu d\u00e0nh cho nh\u1eefng t\u00edn \u0111\u1ed3 y\u00eau vang v\u00e0 l\u00e0 ng\u01b0\u1eddi b\u1ea1n \u0111\u1ed3ng h\u00e0nh \u0111\u1ec3 mang \u0111\u1ebfn cho nh\u1eefng b\u1eefa ti\u1ec7c m\u1ed9t b\u1ea7u kh\u00f4ng kh\u00ed \u0111\u1ea7y vui t\u01b0\u01a1i v\u00e0 s\u00f4i \u0111\u1ed9ng nh\u1ea5t.<\/span><\/em><\/p>\n<p><img loading=\"lazy\" decoding=\"async\" class=\"aligncenter size-full wp-image-6263\" src=\"http:\/\/winelove.vn\/9xweb\/wp-content\/uploads\/2019\/11\/R\u01b0\u1ee3u-Vang-TRINITY-Primitivo-1.jpg\" alt=\"R\u01b0\u1ee3u Vang TRINITY Primitivo\" width=\"600\" height=\"600\" srcset=\"http:\/\/winelove.vn\/9xweb\/wp-content\/uploads\/2019\/11\/R\u01b0\u1ee3u-Vang-TRINITY-Primitivo-1.jpg 600w, http:\/\/winelove.vn\/9xweb\/wp-content\/uploads\/2019\/11\/R\u01b0\u1ee3u-Vang-TRINITY-Primitivo-1-150x150.jpg 150w, http:\/\/winelove.vn\/9xweb\/wp-content\/uploads\/2019\/11\/R\u01b0\u1ee3u-Vang-TRINITY-Primitivo-1-300x300.jpg 300w, http:\/\/winelove.vn\/9xweb\/wp-content\/uploads\/2019\/11\/R\u01b0\u1ee3u-Vang-TRINITY-Primitivo-1-45x45.jpg 45w, http:\/\/winelove.vn\/9xweb\/wp-content\/uploads\/2019\/11\/R\u01b0\u1ee3u-Vang-TRINITY-Primitivo-1-100x100.jpg 100w\" sizes=\"(max-width: 600px) 100vw, 600px\" \/><\/p>\n<h2><span style=\"font-size: 14pt;\"><strong>Gi\u1edbi thi\u1ec7u v\u1ec1 r\u01b0\u1ee3u vang Trinity Primitivo<\/strong><\/span><\/h2>\n<p><span style=\"font-size: 12pt;\"><strong>\u25ba <\/strong>Xu\u1ea5t s\u1ee9: C\u00f3 ngu\u1ed3n g\u1ed1c xu\u1ea5t th\u00e2n t\u1eeb \u0111\u1ea5t n\u01b0\u1edbc Italia \u2013 m\u1ed9t qu\u1ed1c gia c\u00f3 truy\u1ec1n th\u1ed1ng kh\u00e1 l\u00e2u \u0111\u1eddi v\u00e0 b\u1ec1n v\u1eefng v\u1ec1 l\u0129nh v\u1ef1c s\u1ea3n xu\u1ea5t r\u01b0\u1ee3u vang \u0111\u1ea7y t\u00ean tu\u1ed5i tr\u00ean th\u1ecb tr\u01b0\u1eddng \u0111\u01b0\u1ee3c nhi\u1ec1u ng\u01b0\u1eddi d\u00f9ng r\u01b0\u1ee3u bi\u1ebft \u0111\u1ebfn. Do \u0111\u00f3 r\u01b0\u1ee3u mang \u0111\u1eadm ch\u1ea5t <a href=\"http:\/\/winelove.vn\/9xweb\/danh-muc\/ruou-vang-y\/\"><strong>Vang \u00dd<\/strong><\/a>, th\u1ec3 hi\u1ec7n \u0111\u01b0\u1ee3c nh\u1eefng t\u00e2m huy\u1ebft v\u00e0 l\u00f2ng y\u00eau ngh\u1ec1 c\u1ee7a nh\u1eefng ng\u01b0\u1eddi l\u00e0m ngh\u1ec1 s\u1ea3n xu\u1ea5t r\u01b0\u1ee3u vang n\u01a1i \u0111\u00e2y. R\u01b0\u1ee3u x\u1ee9ng \u0111\u00e1ng l\u00e0 ni\u1ec1m t\u1ef1 h\u00e0o c\u1ee7a \u0111\u1ea5t n\u01b0\u1edbc v\u00e0 con ng\u01b0\u1eddi Italia h\u00f9ng v\u0129.<\/span><\/p>\n<p><span style=\"font-size: 12pt;\"><strong>\u25ba <\/strong>H\u00e3ng s\u1ea3n xu\u1ea5t: Feudi Salentini l\u00e0 h\u00e3ng s\u1ea3n xu\u1ea5t r\u01b0\u1ee3u vang l\u00e0m n\u00ean s\u1ef1 th\u00e0nh c\u00f4ng c\u1ee7a chai vang vang Trinity Primitivo n\u00e0y. B\u1eb1ng t\u1ea5t c\u1ea3 nh\u1eefng kinh nghi\u1ec7m v\u1ed1n c\u00f3 c\u1ee7a m\u00ecnh, c\u0169ng nh\u01b0 l\u00f2ng y\u00eau ngh\u1ec1, nh\u1eefng nh\u00e0 l\u00e0m r\u01b0\u1ee3u \u0111\u00e3 kh\u1eb3ng \u0111\u1ecbnh \u0111\u01b0\u1ee3c v\u1ecb tr\u00ed c\u0169ng nh\u01b0 ch\u1ed7 \u0111\u1ee9ng c\u1ee7a m\u00ecnh tr\u00ean th\u1ecb tr\u01b0\u1eddng r\u01b0\u1ee3u vang th\u1ebf gi\u1edbi \u0111\u1ec3 \u0111\u01b0a h\u00e3ng s\u1ea3n xu\u1ea5t \u0111i h\u1ebft t\u1eeb nh\u1eefng th\u00e0nh c\u00f4ng n\u00e0y \u0111\u1ebfn th\u00e0nh c\u00f4ng kh\u00e1c, l\u00e0m n\u00ean nh\u1eefng chai vang t\u00ean tu\u1ed5i m\u00e0 nhi\u1ec1u d\u00f2ng vang kh\u00f4ng th\u1ec3 so s\u00e1nh \u0111\u01b0\u1ee3c v\u1edbi n\u00f3.<\/span><\/p>\n<p><span style=\"font-size: 12pt;\"><strong>\u25ba <\/strong>Gi\u1ed1ng nho: Vi\u1ec7c l\u1ef1a ch\u1ecdn nh\u1eefng tr\u00e1i nho Primitivo \u0111\u1ec3 l\u00e0m nguy\u00ean li\u1ec7u ch\u00ednh cho vi\u1ec7c s\u1ea3n xu\u1ea5t nh\u1eefng chai vang n\u00e0y l\u00e0 s\u1ef1 l\u1ef1a ch\u1ecdn ho\u00e0n h\u1ea3o c\u1ee7a nh\u00e0 s\u1ea3n xu\u1ea5t. Ch\u00ednh t\u1eeb nh\u1eefng tr\u00e1i nho \u1ea5y \u0111\u00e3 mang \u0111\u1ebfn cho chai vang c\u00f3 h\u01b0\u01a1ng v\u1ecb ng\u1ecdt ng\u00e0o \u0111\u1eadm \u0111\u00e0 c\u1ee7a nho, \u0111\u00f3 l\u00e0 th\u00e0nh qu\u1ea3 c\u1ee7a thi\u00ean nhi\u00ean \u0111\u1ea5t tr\u1eddi \u00dd \u0111\u00e3 ban t\u1eb7ng.<\/span><\/p>\n<p><span style=\"font-size: 12pt;\"><strong>\u25ba <\/strong>N\u1ed3ng \u0111\u1ed9L: 18.5% l\u00e0 n\u1ed3ng \u0111\u1ed9 kh\u00e1 m\u1ea1nh \u0111\u1ec3 cho nh\u1eefng ng\u01b0\u1eddi th\u01b0\u1edfng th\u1ee9c r\u01b0\u1ee3u c\u00f3 \u0111\u01b0\u1ee3c nh\u1eefng c\u1ea3m gi\u00e1c m\u1ea1nh m\u1ebd nh\u1ea5t. \u0110\u1eb7c bi\u1ec7t v\u1edbi n\u1ed3ng \u0111\u1ed9 \u1ea5y s\u1ebd mang \u0111\u1ebfn cho nh\u1eefng b\u1eefa ti\u1ec7c vui m\u1ed9t kh\u00f4ng kh\u00ed v\u00f4 c\u00f9ng s\u00f4i \u0111\u1ed9ng v\u00e0 \u0111\u1ea7y nhi\u1ec7t huy\u1ebft. T\u1eeb ch\u00ednh \u0111\u1eb7c \u0111i\u1ec3m n\u00e0y l\u00e0m cho r\u01b0\u1ee3u th\u00edch h\u1ee3p v\u1edbi ph\u00e1i m\u1ea1nh c\u1ee7a m\u1ed9t n\u1eeda th\u1ebf gi\u1edbi.<\/span><\/p>\n<p><span style=\"font-size: 12pt;\"><strong>\u25ba <\/strong>M\u00e0u s\u1eafc: Ki\u1ec3u d\u00e1ng sang tr\u1ecdng c\u1ee7a chai vang k\u1ebft h\u1ee3p v\u1edbi m\u00e0u \u0111\u1ecf c\u1ee7a r\u01b0\u1ee3u c\u00e0ng l\u00e0m t\u0103ng th\u00eam s\u1ef1 \u0111\u1eb3ng c\u1ea5p cho r\u01b0\u1ee3u. V\u1edbi \u0111\u1eb7c \u0111i\u1ec3m n\u00e0y, r\u01b0\u1ee3u s\u1ebd l\u00e0 nh\u1eefng m\u00f3n qu\u00e0 bi\u1ebfu t\u1eb7ng \u0111\u1ea7y \u00fd ngh\u0129a \u0111\u1ec3 b\u1ea1n d\u00e0nh t\u1eb7ng cho s\u1ebfp, \u0111\u1ed3ng nghi\u1ec7p, ng\u01b0\u1eddi th\u00e2n v\u00e0 b\u1ea1n b\u00e8 trong nh\u1eefng d\u1ecbp \u0111\u1eb7c bi\u1ec7t l\u1ec5 t\u1ebft cu\u1ed1i n\u0103m.<\/span><\/p>\n<p><span style=\"font-size: 12pt;\"><strong>\u25ba <\/strong>Quy c\u00e1ch: 6 chai\/ th\u00f9ng<\/span><\/p>\n<h2><span style=\"font-size: 14pt;\"><strong>Ghi ch\u00fa \u2013 n\u1ebfm th\u1eed v\u00e0 m\u00f9i v\u1ecb c\u1ee7a r\u01b0\u1ee3u vang Trinity Primitivo<\/strong><\/span><\/h2>\n<p><span style=\"font-size: 12pt;\">H\u01b0\u01a1ng v\u1ecb c\u1ee7a <span style=\"color: #000000;\">r\u01b0\u1ee3u vang Trinity<\/span> s\u1ebd mang \u0111\u1ebfn cho b\u1ea1n \u0111i h\u1ebft t\u1eeb nh\u1eefng b\u1ea5t ng\u1edd n\u00e0y \u0111\u1ebfn b\u1ea5t ng\u1edd kh\u00e1c. S\u1edf d\u0129 r\u01b0\u1ee3u tr\u1edf n\u00ean \u0111\u1eb7c bi\u1ec7t \u0111\u1ebfn nh\u01b0 v\u1eady l\u00e0 b\u1edfi v\u00ec ch\u00fang mang h\u01b0\u01a1ng th\u01a1m ng\u1ecdt ng\u00e0o t\u1eeb s\u1ef1 k\u1ebft tinh c\u1ee7a m\u1ed9t s\u1ed1 tr\u00e1i c\u00e2y nh\u01b0 tr\u00e1i m\u00e2m x\u00f4i, m\u1eadn ch\u00edn, c\u00e1c lo\u00e0i hoa ch\u00edn \u0111\u1ecf ho\u1eb7c ch\u00fat h\u01b0\u01a1ng t\u1eeb caf\u00e9 \u0111\u1eadm \u0111\u00e0. B\u00ean c\u1ea1nh \u0111\u00f3 c\u00f2n thoang tho\u1ea3ng ch\u00fat h\u01b0\u01a1ng th\u01a1m t\u1eeb v\u1ecb c\u1ee7a \u0111inh h\u01b0\u01a1ng hay c\u1ee7a da thu\u1ed9c\u2026M\u1ecdi th\u1ee9 l\u00e0m t\u00f4n l\u00ean v\u1ebb \u0111\u1eb9p quy\u1ebfn r\u0169 c\u0169ng nh\u01b0 s\u1ef1 \u0111\u1eb3ng c\u1ea5p c\u00f3 trong chai r\u01b0\u1ee3u vang h\u1ea3o h\u1ea1ng n\u00e0y.<\/span><\/p>\n<h2><span style=\"font-size: 14pt;\"><strong>Quy tr\u00ecnh s\u1ea3n xu\u1ea5t r\u01b0\u1ee3u vang Trinity Primitivo<\/strong><\/span><\/h2>\n<p><span style=\"font-size: 12pt;\">Nh\u1eefng tr\u00e1i nho Primitivo \u0111\u01b0\u1ee3c tr\u1ed3ng \u1edf nh\u1eefng v\u01b0\u1eddn nho c\u00f3 quy m\u00f4 l\u1edbn v\u1edbi g\u1ed1c nho l\u00e2u n\u0103m \u0111\u00e3 mang \u0111\u1ebfn v\u1ecb nho tr\u00f2n tr\u1ecba v\u00e0 \u0111\u1eadm \u0111\u00e0. Ch\u00fang \u0111\u01b0\u1ee3c nh\u00e0 s\u1ea3n xu\u1ea5t thu ho\u1ea1ch mang v\u1ec1 nh\u00e0 m\u00e1y \u0111\u1ec3 ch\u1ecdn l\u1ecdc s\u01a1 ch\u1ebf m\u1ed9t c\u00e1ch k\u1ef9 c\u00e0ng l\u00e0m nguy\u00ean li\u1ec7u ch\u1ebf bi\u1ebfn r\u01b0\u1ee3u.<\/span><\/p>\n<p><span style=\"font-size: 12pt;\"><strong>\u25ba <\/strong>\u0110\u01b0a nho v\u00e0o h\u1ec7 th\u1ed1ng \u00e9p l\u1ea5y n\u01b0\u1edbc<\/span><\/p>\n<p><span style=\"font-size: 12pt;\"><strong>\u25ba <\/strong>Ti\u1ebfn h\u00e0nh ng\u00e2m \u1ee7 l\u00ean men r\u01b0\u1ee3u trong nh\u1eefng chi\u1ebfc th\u00f9ng b\u1eb1ng g\u1ed7 s\u1ed3i th\u1eddi gian k\u00e9o d\u00e0i kho\u1ea3ng 2 n\u0103m<\/span><\/p>\n<p><span style=\"font-size: 12pt;\"><strong>\u25ba <\/strong>Mang r\u01b0\u1ee3u ra \u0111\u00f3ng chai th\u00e0nh ph\u1ea9m r\u1ed3i b\u00e1n ra b\u00ean ngo\u00e0i th\u1ecb tr\u01b0\u1eddng.<\/span><\/p>\n<h2><span style=\"font-size: 14pt;\"><strong>Th\u01b0\u1edfng th\u1ee9c r\u01b0\u1ee3u vang Trinity Primitivo<\/strong><\/span><\/h2>\n<p><span style=\"font-size: 12pt;\">B\u1ea1n c\u00f3 th\u1ec3 th\u01b0\u1edfng th\u1ee9c r\u01b0\u1ee3u vang Trinity Primitivo mang \u0111\u1ebfn h\u01b0\u01a1ng v\u1ecb ngon v\u00e0 \u0111\u1eadm \u0111\u00e0 nh\u1ea5t khi b\u1ea1n bi\u1ebft c\u00e1ch k\u1ebft h\u1ee3p s\u1eed d\u1ee5ng ch\u00fang v\u1edbi nh\u1eefng m\u00f3n \u0103n c\u0103n b\u1ea3n nh\u01b0 m\u00f3n n\u01b0\u1edbng, b\u00f2 b\u00edt t\u1ebf hay c\u00e1c m\u00f3n \u0111\u01b0\u1ee3c ch\u1ebf bi\u1ebfn t\u1eeb th\u1ecbt \u0111\u1ecf\u2026\u0110\u1eb7c bi\u1ec7t b\u1ea1n n\u00ean d\u00f9ng r\u01b0\u1ee3u khi ch\u00fang \u1edf t\u1eeb 16 cho \u0111\u1ebfn 18 \u0111\u1ed9.<\/span><\/p>\n<p><span style=\"font-size: 12pt;\"><span style=\"color: #ff0000;\">\u25ba<\/span> Xem Th\u00eam Chai R\u01b0\u1ee3u Vang N\u1ed5i Ti\u1ebfng Nh\u1ea5t C\u1ee7a H\u00e3ng San Marzano :<\/span> <strong><span style=\"color: #ff0000;\"><a style=\"color: #ff0000;\" href=\"https:\/\/ruouvang24h.vn\/ruou-vang-vindoro-negroamaro\">R\u01b0\u1ee3u Vang Con C\u00f4ng Vindoro<\/a><\/span><\/strong><\/p>\n","protected":false},"excerpt":{"rendered":"<p>N\u00f3i \u0111\u1ebfn nh\u1eefng chai vang th\u01a1m ngon h\u1ea3o h\u1ea1ng c\u1ee7a n\u01b0\u1edbc \u00dd th\u00ec c\u00f3 l\u1ebd kh\u00f4ng th\u1ec3 kh\u00f4ng k\u1ec3 \u0111\u1ebfn chai r\u01b0\u1ee3u vang Trinity Primitivo. R\u01b0\u1ee3u \u0111\u00e3 tr\u1edf th\u00e0nh m\u1ed9t m\u00f3n \u0103n tinh th\u1ea7n kh\u00f4ng th\u1ec3 thi\u1ebfu d\u00e0nh cho nh\u1eefng t\u00edn \u0111\u1ed3 y\u00eau vang v\u00e0 l\u00e0 ng\u01b0\u1eddi b\u1ea1n \u0111\u1ed3ng h\u00e0nh \u0111\u1ec3 mang \u0111\u1ebfn cho nh\u1eefng [&hellip;]<\/p>\n","protected":false},"featured_media":6262,"comment_status":"closed","ping_status":"closed","template":"","meta":[],"class_list":{"0":"post-6261","1":"product","2":"type-product","3":"status-publish","4":"has-post-thumbnail","6":"product_cat-ruou-vang-y","8":"first","9":"instock","10":"shipping-taxable","11":"purchasable","12":"product-type-simple"},"_links":{"self":[{"href":"http:\/\/winelove.vn\/9xweb\/index.php?rest_route=\/wp\/v2\/product\/6261"}],"collection":[{"href":"http:\/\/winelove.vn\/9xweb\/index.php?rest_route=\/wp\/v2\/product"}],"about":[{"href":"http:\/\/winelove.vn\/9xweb\/index.php?rest_route=\/wp\/v2\/types\/product"}],"replies":[{"embeddable":true,"href":"http:\/\/winelove.vn\/9xweb\/index.php?rest_route=%2Fwp%2Fv2%2Fcomments&post=6261"}],"wp:featuredmedia":[{"embeddable":true,"href":"http:\/\/winelove.vn\/9xweb\/index.php?rest_route=\/wp\/v2\/media\/6262"}],"wp:attachment":[{"href":"http:\/\/winelove.vn\/9xweb\/index.php?rest_route=%2Fwp%2Fv2%2Fmedia&parent=6261"}],"curies":[{"name":"wp","href":"https:\/\/api.w.org\/{rel}","templated":true}]}}