{"id":6387,"date":"2020-03-12T22:56:36","date_gmt":"2020-03-12T15:56:36","guid":{"rendered":"http:\/\/winelove.vn\/9xweb\/?post_type=product&#038;p=6387"},"modified":"2023-05-08T14:37:51","modified_gmt":"2023-05-08T07:37:51","slug":"ruou-vang-la-closerie-de-fourtet-2013","status":"publish","type":"product","link":"http:\/\/winelove.vn\/9xweb\/?product=ruou-vang-la-closerie-de-fourtet-2013","title":{"rendered":"R\u01b0\u1ee3u Vang La Closerie De Fourtet 2013 5.4% ABV*"},"content":{"rendered":"<p><span style=\"font-size: 12pt;\">Sinh ra t\u1ea1i m\u1ed9t qu\u1ed1c gia c\u00f3 n\u1ec1n c\u00f4ng nghi\u1ec7p s\u1ea3n xu\u1ea5t r\u01b0\u1ee3u vang h\u00e0ng \u0111\u1ea7u tr\u00ean th\u1ebf gi\u1edbi l\u00e0 Ph\u00e1p, <strong>R\u01b0\u1ee3u Vang La Closerie De Fourtet 2013<\/strong> \u0111\u00e3 kh\u1eb3ng \u0111\u1ecbnh \u0111\u01b0\u1ee3c ch\u1ed7 \u0111\u1ee9ng v\u00e0 v\u1ecb th\u1ebf t\u1ea1i th\u1ecb tr\u01b0\u1eddng th\u1ebf gi\u1edbi. R\u01b0\u1ee3u xu\u1ea5t hi\u1ec7n t\u1ea1i r\u1ea5t nhi\u1ec1u qu\u1ed1c gia v\u00e0 v\u00f9ng l\u00e3nh th\u1ed5, \u0111\u1eb7c bi\u1ec7t ch\u00fang c\u00f2n th\u01b0\u1eddng xuy\u00ean hi\u1ec7n di\u1ec7n t\u1ea1i nh\u1eefng b\u1eefa ti\u1ec7c sang tr\u1ecdng nh\u01b0 ti\u1ec7c sinh nh\u1eadt, ti\u1ec7c t\u00e2n gia, h\u1ecdp l\u1edbp, sum h\u1ee3p gia \u0111\u00ecnh v\u00e0o cu\u1ed1i n\u0103m.<\/span><\/p>\n<p><span style=\"font-size: 12pt;\"><img loading=\"lazy\" decoding=\"async\" class=\"aligncenter size-full wp-image-6389\" src=\"http:\/\/winelove.vn\/9xweb\/wp-content\/uploads\/2020\/03\/R\u01b0\u1ee3u-Vang-La-Closerie-De-Fourtet-2013-1.jpg\" alt=\"R\u01b0\u1ee3u Vang La Closerie De Fourtet 2013\" width=\"600\" height=\"600\" srcset=\"http:\/\/winelove.vn\/9xweb\/wp-content\/uploads\/2020\/03\/R\u01b0\u1ee3u-Vang-La-Closerie-De-Fourtet-2013-1.jpg 600w, http:\/\/winelove.vn\/9xweb\/wp-content\/uploads\/2020\/03\/R\u01b0\u1ee3u-Vang-La-Closerie-De-Fourtet-2013-1-150x150.jpg 150w, http:\/\/winelove.vn\/9xweb\/wp-content\/uploads\/2020\/03\/R\u01b0\u1ee3u-Vang-La-Closerie-De-Fourtet-2013-1-300x300.jpg 300w, http:\/\/winelove.vn\/9xweb\/wp-content\/uploads\/2020\/03\/R\u01b0\u1ee3u-Vang-La-Closerie-De-Fourtet-2013-1-45x45.jpg 45w, http:\/\/winelove.vn\/9xweb\/wp-content\/uploads\/2020\/03\/R\u01b0\u1ee3u-Vang-La-Closerie-De-Fourtet-2013-1-100x100.jpg 100w\" sizes=\"(max-width: 600px) 100vw, 600px\" \/><\/span><\/p>\n<h2><span style=\"font-size: 14pt;\"><strong>Th\u00f4ng tin v\u1ec1 R\u01b0\u1ee3u Vang La Closerie De Fourtet 2013<\/strong><\/span><\/h2>\n<p><span style=\"font-size: 12pt;\">\u25ba <strong>Xu\u1ea5t s\u1ee9: <\/strong><a href=\"https:\/\/ruouvang24h.vn\/ruou-vang-phap\">Ph\u00e1p<\/a><\/span><\/p>\n<p><span style=\"font-size: 12pt;\"><strong>\u25ba V\u00f9ng L\u00e0m Vang:<\/strong> <a href=\"https:\/\/ruouvang24h.vn\/tu-khoa\/bordeaux\">Bordeaux<\/a><\/span><\/p>\n<p><span style=\"font-size: 12pt;\"><strong>\u25ba Nh\u00e0 s\u1ea3n xu\u1ea5t:<\/strong> Clos Fourtet<\/span><\/p>\n<p><span style=\"font-size: 12pt;\">\u25ba <strong>Lo\u1ea1i vang:<\/strong> R\u01b0\u1ee3u Vang \u0110\u1ecf<\/span><\/p>\n<p><span style=\"font-size: 12pt;\"><strong>\u25ba Gi\u1ed1ng nho:<\/strong> Merlot 90%, Cabernet Sauvignon 10%<\/span><\/p>\n<p><span style=\"font-size: 12pt;\"><strong>\u25ba N\u1ed3ng \u0111\u1ed9:<\/strong> 13,5 %<\/span><\/p>\n<p><span style=\"font-size: 12pt;\"><strong>\u25ba Dung T\u00edch:<\/strong> 750 ML<\/span><\/p>\n<p><span style=\"font-size: 12pt;\"><strong>\u25ba C\u1ea5p \u0110\u1ed9:<\/strong> Saint Emilion Grand Cru<\/span><\/p>\n<p><span style=\"font-size: 12pt;\"><strong>\u25ba Nhi\u1ec7t \u0111\u1ed9 ph\u1ee5c v\u1ee5:<\/strong> 14 \u2013 18 \u0111\u1ed9 C<\/span><\/p>\n<p><span style=\"font-size: 12pt;\"><strong>\u25ba M\u00f3n \u0103n k\u1ebft h\u1ee3p:<\/strong> Th\u1ecbt \u0111\u1ecf, th\u1ecbt n\u01b0\u1edbng, x\u00fac x\u00edch, pho m\u00e1t, M\u1ef3 \u00fd&#8230;<\/span><\/p>\n<p><span style=\"font-size: 12pt;\">\u25ba <strong>Quy c\u00e1ch:<\/strong> 6 chai\/th\u00f9ng<\/span><\/p>\n<h2><span style=\"font-size: 14pt;\"><strong>Ghi ch\u00fa, n\u1ebfm th\u1eed, h\u01b0\u01a1ng v\u1ecb c\u1ee7a R\u01b0\u1ee3u Vang La Closerie De Fourtet 2013<\/strong><\/span><\/h2>\n<p><span style=\"font-size: 12pt;\">Thi\u1ebft k\u1ebf c\u1ee7a r\u01b0\u1ee3u tr\u1ecdn v\u1eb9n trong chai th\u1ee7y tinh c\u00f3 dung t\u00edch l\u00e0 750 ml, n\u1ed3ng \u0111\u1ed9 c\u1ed3n c\u1ee7a r\u01b0\u1ee3u l\u00e0 13 % v\u1edbi c\u1ea5u tr\u00fac \u1ed5n \u0111\u1ecbnh, tanin m\u1ec1m m\u1ea1i,c\u00e2n b\u1eb1ng; d\u01b0 v\u1ecb dai d\u1eb3ng s\u1ebd \u0111em l\u1ea1i cho b\u1eefa ti\u1ec7c c\u1ee7a b\u1ea1n nhi\u1ec1u m\u00e0u s\u1eafc v\u00e0 h\u01b0\u01a1ng v\u1ecb.<\/span><\/p>\n<p><span style=\"font-size: 12pt;\">R\u01b0\u1ee3u c\u00f3 m\u00e0u \u0111\u1ecf \u0111\u1eadm sang tr\u1ecdng, quy\u1ebfn r\u0169; h\u01b0\u01a1ng v\u1ecb l\u00e0 s\u1ef1 h\u00f2a quy\u1ec7n c\u1ee7a nhi\u1ec1u lo\u1ea1i tr\u00e1i c\u00e2y ch\u00edn \u0111\u1ecf, ph\u1ea3ng ph\u1ea5t h\u01b0\u01a1ng th\u01a1m c\u1ee7a cafe, tanin, g\u1ed7 g\u1ed3i ch\u1eafc ch\u1eafn s\u1ebd mang l\u1ea1i th\u00e0nh c\u00f4ng t\u1ea1i n\u01a1i m\u00e0 n\u00f3 xu\u1ea5t hi\u1ec7n.<\/span><\/p>\n<p><span style=\"font-size: 12pt;\">S\u1ed1 \u0111i\u1ec3m m\u00e0 c\u00e1c chuy\u00ean gia r\u01b0\u1ee3u \u0111\u00e1nh gi\u00e1 v\u1edbi lo\u1ea1i r\u01b0\u1ee3u vang n\u00e0y l\u00e0 89\/100 \u0111i\u1ec3m. Tr\u01b0\u1edbc khi xu\u1ea5t hi\u1ec7n tr\u00ean th\u1ecb tr\u01b0\u1eddng r\u01b0\u1ee3u \u0111\u00e3 ph\u1ea3i tr\u1ea3i qua m\u1ed9t quy tr\u00ecnh s\u1ea3n xu\u1ea5t d\u00e0i. \u0110\u1ea7u ti\u00ean l\u00e0 thu ho\u1ea1ch nho, ph\u00e2n lo\u1ea1i nho, r\u1eeda s\u1ea1ch v\u00e0 t\u00e1ch b\u1ecf cu\u1ed1ng r\u1ed3i cho v\u00e0o h\u1ec7 th\u1ed1ng \u00e9p l\u1ea5y d\u1ecbch nho. Ph\u1ea7n d\u1ecbch nho n\u00e0y s\u1ebd \u0111\u01b0\u1ee3c \u1ee7, l\u00ean men v\u00e0 l\u00e3o h\u00f3a t\u1ea1i th\u00f9ng g\u1ed7 s\u1ed3i v\u1edbi th\u1eddi gian t\u1eeb 18 th\u00e1ng tr\u1edf l\u00ean. Khi \u0111\u00e3 \u0111\u1ea1t \u0111\u01b0\u1ee3c m\u00e0u s\u1eafc v\u00e0 h\u01b0\u01a1ng v\u1ecb r\u01b0\u1ee3u m\u1edbi \u0111\u01b0\u1ee3c \u0111em \u0111i \u0111\u00f3ng chai v\u00e0 ti\u00eau th\u1ee5.<\/span><\/p>\n","protected":false},"excerpt":{"rendered":"<p>Sinh ra t\u1ea1i m\u1ed9t qu\u1ed1c gia c\u00f3 n\u1ec1n c\u00f4ng nghi\u1ec7p s\u1ea3n xu\u1ea5t r\u01b0\u1ee3u vang h\u00e0ng \u0111\u1ea7u tr\u00ean th\u1ebf gi\u1edbi l\u00e0 Ph\u00e1p, R\u01b0\u1ee3u Vang La Closerie De Fourtet 2013 \u0111\u00e3 kh\u1eb3ng \u0111\u1ecbnh \u0111\u01b0\u1ee3c ch\u1ed7 \u0111\u1ee9ng v\u00e0 v\u1ecb th\u1ebf t\u1ea1i th\u1ecb tr\u01b0\u1eddng th\u1ebf gi\u1edbi. R\u01b0\u1ee3u xu\u1ea5t hi\u1ec7n t\u1ea1i r\u1ea5t nhi\u1ec1u qu\u1ed1c gia v\u00e0 v\u00f9ng l\u00e3nh th\u1ed5, \u0111\u1eb7c [&hellip;]<\/p>\n","protected":false},"featured_media":6388,"comment_status":"closed","ping_status":"closed","template":"","meta":[],"class_list":{"0":"post-6387","1":"product","2":"type-product","3":"status-publish","4":"has-post-thumbnail","6":"product_cat-ruou-vang-phap","8":"first","9":"instock","10":"shipping-taxable","11":"purchasable","12":"product-type-simple"},"_links":{"self":[{"href":"http:\/\/winelove.vn\/9xweb\/index.php?rest_route=\/wp\/v2\/product\/6387"}],"collection":[{"href":"http:\/\/winelove.vn\/9xweb\/index.php?rest_route=\/wp\/v2\/product"}],"about":[{"href":"http:\/\/winelove.vn\/9xweb\/index.php?rest_route=\/wp\/v2\/types\/product"}],"replies":[{"embeddable":true,"href":"http:\/\/winelove.vn\/9xweb\/index.php?rest_route=%2Fwp%2Fv2%2Fcomments&post=6387"}],"wp:featuredmedia":[{"embeddable":true,"href":"http:\/\/winelove.vn\/9xweb\/index.php?rest_route=\/wp\/v2\/media\/6388"}],"wp:attachment":[{"href":"http:\/\/winelove.vn\/9xweb\/index.php?rest_route=%2Fwp%2Fv2%2Fmedia&parent=6387"}],"curies":[{"name":"wp","href":"https:\/\/api.w.org\/{rel}","templated":true}]}}