{"id":6391,"date":"2020-05-21T15:48:31","date_gmt":"2020-05-21T08:48:31","guid":{"rendered":"http:\/\/winelove.vn\/9xweb\/?post_type=product&#038;p=6391"},"modified":"2023-05-08T14:43:49","modified_gmt":"2023-05-08T07:43:49","slug":"ruou-vang-phap-vieux-chateau-saint-andre","status":"publish","type":"product","link":"http:\/\/winelove.vn\/9xweb\/?product=ruou-vang-phap-vieux-chateau-saint-andre","title":{"rendered":"R\u01b0\u1ee3u Vang Ph\u00e1p Vieux Chateau Saint Andre 5.4% ABV*"},"content":{"rendered":"<p><span style=\"font-size: 12pt;\">B\u1ea1n \u0111ang mu\u1ed1n t\u00ecm m\u1ed9t lo\u1ea1i \u0111\u1ed3 u\u1ed1ng c\u00f3 ch\u1ea5t l\u01b0\u1ee3ng m\u00e0 gi\u00e1 th\u00e0nh l\u1ea1i ph\u00f9 h\u1ee3p v\u1edbi t\u00fai ti\u1ec1n c\u1ee7a b\u1ea3n th\u00e2n th\u00ec ch\u00fang t\u00f4i khuy\u00ean b\u1ea1n n\u00ean ch\u1ecdn cho m\u00ecnh v\u00e0 gia \u0111\u00ecnh lo\u1ea1i . R\u01b0\u1ee3u \u0111\u00e3 \u0111\u01b0\u1ee3c c\u00e1c chuy\u00ean gia v\u00e0 ng\u01b0\u1eddi ti\u00eau d\u00f9ng \u0111\u00e1nh gi\u00e1 r\u1ea5t cao, ph\u00f9 h\u1ee3p v\u1edbi kh\u1ea9u v\u1ecb c\u1ee7a nhi\u1ec1u \u0111\u1ed1i t\u01b0\u1ee3ng kh\u00e1ch h\u00e0ng.<\/span><\/p>\n<h2><span style=\"font-size: 14pt;\"><strong>Th\u00f4ng tin v\u1ec1 R\u01b0\u1ee3u Vang Ph\u00e1p Vieux Chateau Saint Andre<\/strong><\/span><\/h2>\n<p><span style=\"font-size: 12pt;\">\u25ba <strong>Xu\u1ea5t s\u1ee9: <\/strong><a href=\"http:\/\/winelove.vn\/9xweb\/danh-muc\/ruou-vang-phap\/\">Ph\u00e1p<\/a><\/span><\/p>\n<p><span style=\"font-size: 12pt;\"><strong>\u25ba V\u00f9ng L\u00e0m Vang:<\/strong> Bordeaux<\/span><\/p>\n<p><span style=\"font-size: 12pt;\"><strong>\u25ba Nh\u00e0 s\u1ea3n xu\u1ea5t:<\/strong> Berrouet<\/span><\/p>\n<p><span style=\"font-size: 12pt;\">\u25ba <strong>Lo\u1ea1i vang:<\/strong> R\u01b0\u1ee3u Vang \u0110\u1ecf<\/span><\/p>\n<p><span style=\"font-size: 12pt;\">\u25ba <strong>Gi\u1ed1ng nho: <\/strong>Merlot,Cabernet Franc,Cabernet Sauvignon<\/span><\/p>\n<p><span style=\"font-size: 12pt;\"><strong>\u25ba N\u1ed3ng \u0111\u1ed9:<\/strong> 13,5 %<\/span><\/p>\n<p><span style=\"font-size: 12pt;\"><strong>\u25ba Dung T\u00edch:<\/strong> 750 ML<\/span><\/p>\n<p><span style=\"font-size: 12pt;\"><strong>\u25ba C\u1ea5p \u0110\u1ed9:<\/strong> Saint Emilion<\/span><\/p>\n<p><span style=\"font-size: 12pt;\"><strong>\u25ba Nhi\u1ec7t \u0111\u1ed9 ph\u1ee5c v\u1ee5:<\/strong> 12 &#8211; 18 \u0111\u1ed9 C<\/span><\/p>\n<p><span style=\"font-size: 12pt;\"><strong>\u25ba M\u00f3n \u0103n k\u1ebft h\u1ee3p:<\/strong> Th\u1ecbt \u0111\u1ecf, th\u1ecbt n\u01b0\u1edbng, x\u00fac x\u00edch, pho m\u00e1t, th\u1ecbt c\u1eebu n\u01b0\u1edbng, B\u00f2 H\u1ea7m&#8230;<\/span><\/p>\n<p><span style=\"font-size: 12pt;\">\u25ba <strong>Quy c\u00e1ch:<\/strong> 6 chai\/th\u00f9ng<\/span><\/p>\n<h2><span style=\"font-size: 14pt;\"><strong>Ghi ch\u00fa, n\u1ebfm th\u1eed, h\u01b0\u01a1ng v\u1ecb c\u1ee7a R\u01b0\u1ee3u Vang Ph\u00e1p Vieux Chateau Saint Andre<\/strong><\/span><\/h2>\n<p><span style=\"font-size: 12pt;\">R\u01b0\u1ee3u lu\u00f4n l\u00e0 s\u1ef1 l\u1ef1a ch\u1ecdn h\u00e0ng \u0111\u1ea7u cho nh\u1eefng b\u1eefa ti\u1ec7c sum v\u1ea7y, ti\u1ec7c sinh nh\u1eadt, c\u01b0\u1edbi h\u1ecfi, h\u1ecdp l\u1edbp ho\u1eb7c th\u1eadm ch\u00ed c\u00f3 th\u1ec3 s\u1eed d\u1ee5ng r\u01b0\u1ee3u l\u00e0m qu\u00e0 t\u1eb7ng \u0111\u1ec1u r\u1ea5t th\u00edch h\u1ee3p. Quy tr\u00ecnh \u0111\u1ec3 s\u1ea3n xu\u1ea5t ra chai vang n\u00e0y \u0111\u01b0\u1ee3c nh\u00e0 s\u1ea3n xu\u1ea5t cung c\u1ea5p c\u0169ng kh\u00f4ng h\u1ec1 \u0111\u01a1n gi\u1ea3n. \u0110\u1ea7u ti\u00ean l\u00e0 vi\u1ec7c thu ho\u1ea1ch nho, sau \u0111\u00f3 ph\u00e2n lo\u1ea1i nho v\u00e0 t\u00e1ch b\u1ecf cu\u1ed1ng r\u1ed3i s\u1eeda s\u1ea1ch cho v\u00e0o h\u1ec7 th\u1ed1ng \u00e9p l\u1ea5y ph\u1ea7n d\u1ecbch nho. Ph\u1ea7n d\u1ecbch nho n\u00e0y s\u1ebd th\u1ef1c hi\u1ec7n c\u00f4ng \u0111o\u1ea1n \u1ee7, l\u00ean men, l\u00e3o h\u00f3a trong nh\u1eefng chi\u1ebfc th\u00f9ng g\u1ed7 s\u1ed3i c\u1ee7a Ph\u00e1p v\u1edbi th\u1eddi gian t\u1eeb 1 \u2013 2 n\u0103m sau \u0111\u00f3 m\u1edbi \u0111\u01b0\u1ee3c \u0111em \u0111i \u0111\u00f3ng chai v\u00e0 ti\u00eau th\u1ee5.<\/span><\/p>\n<p><span style=\"font-size: 12pt;\">R\u01b0\u1ee3u s\u1ebd ngon h\u01a1n khi u\u1ed1ng l\u1ea1nh v\u00ec v\u1eady qu\u00fd v\u1ecb n\u00ean \u01b0\u1edbp chai r\u01b0\u1ee3u trong x\u00f4 \u0111\u00e1 tr\u01b0\u1edbc 30 ph\u00fat sau \u0111\u00f3 m\u1edbi th\u01b0\u1edfng th\u1ee9c. V\u1edbi n\u1ed3ng \u0111\u1ed9 c\u1ed3n l\u00e0 13 %, \u0111\u01b0\u1ee3c \u0111\u00f3ng trong chai th\u1ee7y tinh c\u00f3 dung t\u00edch l\u00e0 750 ml, tanin m\u1ec1m m\u1ea1i, c\u1ea5u tr\u00fac \u1ed5n \u0111\u1ecbnh c\u00e2n b\u1eb1ng.<\/span><\/p>\n<p><span style=\"font-size: 12pt;\">R\u01b0\u1ee3u l\u00e0 s\u1ef1 ph\u1ee9c h\u1ee3p c\u1ee7a nhi\u1ec1u lo\u1ea1i tr\u00e1i c\u00e2y t\u01b0\u01a1i ngon, \u0111\u1ecf m\u1ecdng nh\u01b0 nho, anh \u0111\u00e0o, m\u00e2m x\u00f4i, d\u00e2u \u0111en h\u00f2a quy\u1ec7n c\u00f9ng m\u1ed9t s\u1ed1 lo\u1ea1i nguy\u00ean li\u1ec7u cao c\u1ea5p c\u00f3 th\u1ec3 k\u1ec3 \u0111\u1ebfn nh\u01b0 h\u01b0\u01a1ng g\u1ed7 s\u1ed3i, h\u01b0\u01a1ng cafe, h\u1ea1t ti\u00eau t\u1ea1o n\u00ean m\u1ed9t \u0111\u1ed3 u\u1ed1ng th\u01a1m ngon, h\u1ea5p d\u1eabn ch\u1eafc ch\u1eafn b\u1ea1n s\u1ebd kh\u00f4ng th\u1ec3 n\u00e0o c\u01b0\u1ee1ng l\u1ea1i \u0111\u01b0\u1ee3c khi ti\u1ebfp x\u00fac.<\/span><\/p>\n","protected":false},"excerpt":{"rendered":"<p>B\u1ea1n \u0111ang mu\u1ed1n t\u00ecm m\u1ed9t lo\u1ea1i \u0111\u1ed3 u\u1ed1ng c\u00f3 ch\u1ea5t l\u01b0\u1ee3ng m\u00e0 gi\u00e1 th\u00e0nh l\u1ea1i ph\u00f9 h\u1ee3p v\u1edbi t\u00fai ti\u1ec1n c\u1ee7a b\u1ea3n th\u00e2n th\u00ec ch\u00fang t\u00f4i khuy\u00ean b\u1ea1n n\u00ean ch\u1ecdn cho m\u00ecnh v\u00e0 gia \u0111\u00ecnh lo\u1ea1i . R\u01b0\u1ee3u \u0111\u00e3 \u0111\u01b0\u1ee3c c\u00e1c chuy\u00ean gia v\u00e0 ng\u01b0\u1eddi ti\u00eau d\u00f9ng \u0111\u00e1nh gi\u00e1 r\u1ea5t cao, ph\u00f9 h\u1ee3p v\u1edbi kh\u1ea9u [&hellip;]<\/p>\n","protected":false},"featured_media":6434,"comment_status":"closed","ping_status":"closed","template":"","meta":[],"class_list":{"0":"post-6391","1":"product","2":"type-product","3":"status-publish","4":"has-post-thumbnail","6":"product_cat-ruou-vang-phap","8":"first","9":"instock","10":"shipping-taxable","11":"purchasable","12":"product-type-simple"},"_links":{"self":[{"href":"http:\/\/winelove.vn\/9xweb\/index.php?rest_route=\/wp\/v2\/product\/6391"}],"collection":[{"href":"http:\/\/winelove.vn\/9xweb\/index.php?rest_route=\/wp\/v2\/product"}],"about":[{"href":"http:\/\/winelove.vn\/9xweb\/index.php?rest_route=\/wp\/v2\/types\/product"}],"replies":[{"embeddable":true,"href":"http:\/\/winelove.vn\/9xweb\/index.php?rest_route=%2Fwp%2Fv2%2Fcomments&post=6391"}],"wp:featuredmedia":[{"embeddable":true,"href":"http:\/\/winelove.vn\/9xweb\/index.php?rest_route=\/wp\/v2\/media\/6434"}],"wp:attachment":[{"href":"http:\/\/winelove.vn\/9xweb\/index.php?rest_route=%2Fwp%2Fv2%2Fmedia&parent=6391"}],"curies":[{"name":"wp","href":"https:\/\/api.w.org\/{rel}","templated":true}]}}