{"id":6405,"date":"2020-03-24T12:21:32","date_gmt":"2020-03-24T05:21:32","guid":{"rendered":"http:\/\/winelove.vn\/9xweb\/?post_type=product&#038;p=6405"},"modified":"2023-05-08T14:32:51","modified_gmt":"2023-05-08T07:32:51","slug":"ruou-vang-chateau-noaillac-medoc","status":"publish","type":"product","link":"http:\/\/winelove.vn\/9xweb\/?product=ruou-vang-chateau-noaillac-medoc","title":{"rendered":"R\u01b0\u1ee3u Vang Ph\u00e1p Chateau Noaillac Medoc 5.4% ABV*"},"content":{"rendered":"<p>Ph\u00e1p l\u00e0 m\u1ed9t qu\u1ed1c gia trong ti\u1ec1m th\u1ee9c c\u1ee7a con ng\u01b0\u1eddi v\u1edbi l\u1ecbch s\u1eed b\u1ec1 d\u00e0y v\u1ec1 l\u0129nh v\u1ef1c s\u1ea3n xu\u1ea5t r\u01b0\u1ee3u vang \u0111\u01b0\u1ee3c nhi\u1ec1u ng\u01b0\u1eddi bi\u1ebft \u0111\u1ebfn. Khi nh\u1eafc \u0111\u1ebfn r\u01b0\u1ee3u vang c\u1ee7a qu\u1ed1c gia n\u00e0y th\u00ec c\u00f3 l\u1ebd c\u00e1i t\u00ean <strong>R\u01b0\u1ee3u Vang Ph\u00e1p Chateau Noaillac Medoc<\/strong> kh\u00f4ng c\u00f2n tr\u1edf n\u00ean xa l\u1ea1 \u0111\u1ed1i v\u1edbi h\u1ecd. R\u01b0\u1ee3u \u0111\u01b0\u1ee3c l\u00e0m t\u1eeb gi\u1ed1ng nho Cabernet Sauvignon, Merlot, Petit Verdot mang n\u1ed3ng \u0111\u1ed9 13%.<\/p>\n<h2><span style=\"font-size: 14pt;\"><strong>Th\u00f4ng tin v\u1ec1 R\u01b0\u1ee3u Vang Ph\u00e1p Chateau Noaillac Medoc<\/strong><\/span><\/h2>\n<p>\u25ba<strong>Xu\u1ea5t s\u1ee9:<\/strong> <a href=\"http:\/\/winelove.vn\/9xweb\/danh-muc\/ruou-vang-phap\/\">Ph\u00e1p<\/a><\/p>\n<p>\u25ba<strong>Nh\u00e0 s\u1ea3n xu\u1ea5t:<\/strong> Chateau Noaillac<\/p>\n<p>\u25ba<strong>Gi\u1ed1ng nho:<\/strong> Cabernet Sauvignon, Merlot, Petit Verdot<\/p>\n<p>\u25ba<strong>N\u1ed3ng \u0111\u1ed9:<\/strong> 13%<\/p>\n<p>\u25ba<strong>Lo\u1ea1i vang:<\/strong> Vang \u0111\u1ecf<\/p>\n<p>\u25ba<strong>Quy c\u00e1ch:<\/strong> 6 chai\/th\u00f9ng<\/p>\n<h2><span style=\"font-size: 14pt;\"><strong>Ghi ch\u00fa n\u1ebfm th\u1eed, h\u01b0\u01a1ng v\u1ecb c\u1ee7a R\u01b0\u1ee3u Vang Ph\u00e1p Chateau Noaillac Medoc<\/strong><\/span><\/h2>\n<p>B\u00ean c\u1ea1nh nh\u1eefng chai r\u01b0\u1ee3u vang cao c\u1ea5p th\u01b0\u1ee3ng h\u1ea1ng th\u00ec nh\u1eefng chai vang b\u00ecnh d\u00e2n \u0111\u1ea1i tr\u00e0 \u0111\u1ebfn t\u1eeb \u0111\u1ea5t n\u01b0\u1edbc Ph\u00e1p c\u0169ng c\u00f3 s\u1ee9c lan t\u1ecfa tr\u00ean th\u1ecb tr\u01b0\u1eddng hi\u1ec7n nay \u0111\u01b0\u1ee3c nhi\u1ec1u ng\u01b0\u1eddi ti\u00eau d\u00f9ng y\u00eau th\u00edch v\u00e0 l\u1ef1a ch\u1ecdn. B\u1ea1n c\u00f3 th\u1ec3 bi\u1ebft \u0111\u1ebfn t\u00ean tu\u1ed5i c\u1ee7a chai\u00a0Chateau Noaillac Medoc v\u00e0 th\u1ef1c s\u1ef1 c\u1ea3m th\u1ea5y ng\u1ee1 ng\u00e0ng khi th\u01b0\u1edfng th\u1ee9c ch\u00fang.<\/p>\n<p>Kh\u00f4ng ph\u1ea3i ch\u1ec9 c\u00f3 nh\u1eefng chai vang cao c\u1ea5p m\u1edbi c\u00f3 kh\u1ea3 n\u0103ng chinh ph\u1ee5c ng\u01b0\u1eddi d\u00f9ng m\u00e0 ngay c\u1ea3 nh\u1eefng chai vang \u0111\u1ea1i tr\u00e0 b\u00ecnh d\u00e2n ch\u00fang c\u0169ng c\u00f3 s\u1ee9c \u1ea3nh h\u01b0\u1edfng kh\u00e1 m\u1ea1nh tr\u00ean th\u1ecb tr\u01b0\u1eddng r\u01b0\u1ee3u vang th\u1ebf gi\u1edbi hi\u1ec7n nay. Nh\u00e0 s\u1ea3n xu\u1ea5t \u0111\u00e3 r\u1ea5t th\u00e0nh c\u00f4ng khi k\u1ebft h\u1ee3p gi\u1ed1ng nho Cabernet Sauvignon, Merlot, Petit Verdot l\u00e0m n\u00ean chai vang n\u00e0y b\u1edfi n\u1ed3ng \u0111\u1ed9 nh\u1eb9 nh\u00e0ng v\u1eeba ph\u1ea3i 13%.<\/p>\n<p>Khi nh\u1ea5p m\u00f4i ly r\u01b0\u1ee3u vang, m\u1ed9t lo\u1ea1t h\u01b0\u01a1ng v\u1ecb nh\u01b0 t\u1ea5n c\u00f4ng trong v\u00f2m h\u1ecdng \u0111\u1ec3 t\u1ecfa ra th\u1ee9 h\u01b0\u01a1ng th\u01a1m t\u1eeb m\u1eadn ch\u00edn, t\u1eeb d\u00e2u t\u00e2y, c\u1ee7a tr\u00e1i m\u00e2m x\u00f4i hay h\u01b0\u01a1ng th\u01a1m t\u1eeb thu\u1ed1c l\u00e1 v\u00e0 tuy\u1ebft t\u00f9ng. \u0110\u1eb7c bi\u1ec7t h\u01a1n n\u1eefa, \u0111\u01b0\u1ee3c tr\u1ea3i qua m\u1ed9t qu\u00e1 tr\u00ecnh l\u00ean men ng\u00e2m \u1ee7 trong th\u00f9ng g\u1ed7 s\u1ed3i Ph\u00e1p c\u00e0ng l\u00e0m t\u0103ng th\u00eam s\u1ee9c h\u1ea5p d\u1eabn c\u00f3 trong h\u01b0\u01a1ng v\u1ecb c\u1ee7a chai vang. R\u01b0\u1ee3u \u0111\u01b0\u1ee3c l\u00ean men ng\u00e2m \u1ee7 v\u1edbi th\u1eddi gian c\u00f3 th\u1ec3 l\u00ean \u0111\u1ebfn 1 n\u0103m ho\u1eb7c nhi\u1ec1u h\u01a1n t\u00f9y theo t\u1eebng m\u1ee5c \u0111\u00edch c\u1ee7a nh\u00e0 s\u1ea3n xu\u1ea5t. Ch\u00ednh v\u00ec \u0111i\u1ec1u \u0111\u00f3, chai vang s\u1edf h\u1eefu \u0111\u01b0\u1ee3c m\u1ed9t th\u1ee9 h\u01b0\u01a1ng v\u1ecb r\u1ea5t ri\u00eang v\u00e0 m\u1edbi m\u1ebb. R\u01b0\u1ee3u l\u00e0 c\u1eeda s\u1ed5 t\u00e2m h\u1ed3n, l\u00e0 ng\u01b0\u1eddi b\u1ea1n tri k\u1ef7 kh\u00f4ng th\u1ec3 thi\u1ebfu \u0111\u1ec3 \u0111\u1ed3ng h\u00e0nh trong m\u1ecdi cu\u1ed9c vui.<\/p>\n","protected":false},"excerpt":{"rendered":"<p>Ph\u00e1p l\u00e0 m\u1ed9t qu\u1ed1c gia trong ti\u1ec1m th\u1ee9c c\u1ee7a con ng\u01b0\u1eddi v\u1edbi l\u1ecbch s\u1eed b\u1ec1 d\u00e0y v\u1ec1 l\u0129nh v\u1ef1c s\u1ea3n xu\u1ea5t r\u01b0\u1ee3u vang \u0111\u01b0\u1ee3c nhi\u1ec1u ng\u01b0\u1eddi bi\u1ebft \u0111\u1ebfn. Khi nh\u1eafc \u0111\u1ebfn r\u01b0\u1ee3u vang c\u1ee7a qu\u1ed1c gia n\u00e0y th\u00ec c\u00f3 l\u1ebd c\u00e1i t\u00ean R\u01b0\u1ee3u Vang Ph\u00e1p Chateau Noaillac Medoc kh\u00f4ng c\u00f2n tr\u1edf n\u00ean xa l\u1ea1 \u0111\u1ed1i [&hellip;]<\/p>\n","protected":false},"featured_media":6407,"comment_status":"closed","ping_status":"closed","template":"","meta":[],"class_list":{"0":"post-6405","1":"product","2":"type-product","3":"status-publish","4":"has-post-thumbnail","6":"product_cat-ruou-vang-phap","8":"first","9":"instock","10":"shipping-taxable","11":"purchasable","12":"product-type-simple"},"_links":{"self":[{"href":"http:\/\/winelove.vn\/9xweb\/index.php?rest_route=\/wp\/v2\/product\/6405"}],"collection":[{"href":"http:\/\/winelove.vn\/9xweb\/index.php?rest_route=\/wp\/v2\/product"}],"about":[{"href":"http:\/\/winelove.vn\/9xweb\/index.php?rest_route=\/wp\/v2\/types\/product"}],"replies":[{"embeddable":true,"href":"http:\/\/winelove.vn\/9xweb\/index.php?rest_route=%2Fwp%2Fv2%2Fcomments&post=6405"}],"wp:featuredmedia":[{"embeddable":true,"href":"http:\/\/winelove.vn\/9xweb\/index.php?rest_route=\/wp\/v2\/media\/6407"}],"wp:attachment":[{"href":"http:\/\/winelove.vn\/9xweb\/index.php?rest_route=%2Fwp%2Fv2%2Fmedia&parent=6405"}],"curies":[{"name":"wp","href":"https:\/\/api.w.org\/{rel}","templated":true}]}}