{"id":6521,"date":"2020-12-23T23:12:49","date_gmt":"2020-12-23T16:12:49","guid":{"rendered":"http:\/\/winelove.vn\/9xweb\/?post_type=product&#038;p=6521"},"modified":"2023-05-08T04:18:26","modified_gmt":"2023-05-07T21:18:26","slug":"ruou-champagne-valdo-oro-blanc-de-blancs-extra-dry","status":"publish","type":"product","link":"http:\/\/winelove.vn\/9xweb\/?product=ruou-champagne-valdo-oro-blanc-de-blancs-extra-dry","title":{"rendered":"R\u01b0\u1ee3u Champagne Valdo Oro Blanc De Blancs Extra Dry 5.4% ABV*"},"content":{"rendered":"<p>L\u00e0 m\u1ed9t trong nh\u1eefng lo\u1ea1i r\u01b0\u1ee3u Champagne kh\u00e1 \u0111\u01b0\u1ee3c \u01b0a chu\u1ed9ng tr\u00ean th\u1ebf gi\u1edbi v\u00e0 th\u00edch h\u1ee3p cho nhi\u1ec1u th\u1ef1c kh\u00e1ch \u1edf c\u00e1c \u0111\u1ed9 tu\u1ed5i kh\u00e1c nhau, <strong>R\u01b0\u1ee3u Champagne Valdo Oro Blanc De Blancs Extra Dry<\/strong> c\u1ee7a th\u01b0\u01a1ng hi\u1ec7u Prosecco Valdo ng\u00e0y c\u00e0ng kh\u1eb3ng \u0111\u1ecbnh \u0111\u01b0\u1ee3c v\u1ecb tr\u00ed c\u1ee7a m\u00ecnh trong l\u00f2ng ng\u01b0\u1eddi ti\u00eau d\u00f9ng. V\u1edbi n\u1ed3ng \u0111\u1ed9 11% nh\u1eb9 nh\u00e0ng v\u00e0 h\u01b0\u01a1ng v\u1ecb phong ph\u00fa lo\u1ea1i r\u01b0\u1ee3u vang n\u00e0y h\u1ee9a h\u1eb9n s\u1ebd khi\u1ebfn cho b\u1ea1n v\u00f4 c\u00f9ng v\u1eeba \u00fd.<\/p>\n<p><strong>Th\u00f4ng Tin V\u1ec1 R\u01b0\u1ee3u Champagne Valdo Oro Blanc De Blancs Extra Dry<\/strong><\/p>\n<p>\u25ba\u00a0<strong>Xu\u1ea5t X\u1ee9:<\/strong>\u00a0<a href=\"http:\/\/winelove.vn\/9xweb\/danh-muc\/ruou-vang-y\/\">\u00dd<\/a><\/p>\n<p>\u25ba\u00a0<strong>Th\u01b0\u01a1ng Hi\u1ec7u<\/strong>:\u00a0Prosecco Valdo<\/p>\n<p>\u25ba <strong>V\u00f9ng L\u00e0m Vang<\/strong>:\u00a0Valdobbiadene Hill<\/p>\n<p>\u25ba\u00a0<strong>Lo\u1ea1i Vang:<\/strong> Champagne<\/p>\n<p>\u25ba\u00a0<strong>Gi\u1ed1ng Nho:\u00a0<\/strong>Blend<\/p>\n<p>\u25ba\u00a0<strong>N\u1ed3ng \u0110\u1ed9:<\/strong>\u00a011%<\/p>\n<p>\u25ba <strong>Dung T\u00edch:<\/strong> 750 ML<\/p>\n<p>\u25ba\u00a0<strong>M\u00e0u S\u1eafc:<\/strong>\u00a0V\u00e0ng r\u01a1m nh\u1ea1t xen ch\u00fat m\u00e0u xanh l\u1ee5c<\/p>\n<p>\u25ba<strong> Nhi\u1ec7t \u0110\u1ed9 Ph\u1ee5c V\u1ee5:\u00a0<\/strong>Vang s\u1ebd ngon nh\u1ea5t khi \u1edf nhi\u1ec7t \u0111\u1ed9 t\u1eeb 14 &#8211; 16 \u0111\u1ed9.<\/p>\n<p>\u25ba\u00a0<strong>Quy C\u00e1ch:<\/strong>\u00a06 Chai \/ Th\u00f9ng<\/p>\n<h2><span style=\"font-size: 14pt;\"><strong>M\u00f4 T\u1ea3 H\u01b0\u01a1ng V\u1ecb C\u1ee7a R\u01b0\u1ee3u Champagne Valdo Oro Blanc De Blancs Extra Dry<\/strong><\/span><\/h2>\n<p>Trong c\u00e1c b\u1eefa ti\u1ec7c li\u00ean hoan, sinh nh\u1eadt, h\u1ed9i ngh\u1ecb hay c\u00e1c bu\u1ed5i h\u1ecdp m\u1eb7t gia \u0111\u00ecnh th\u00ec vi\u1ec7c t\u00ecm \u0111\u01b0\u1ee3c lo\u1ea1i r\u01b0\u1ee3u vang ph\u00f9 h\u1ee3p kh\u1ea9u v\u1ecb c\u1ee7a t\u1ea5t c\u1ea3 m\u1ecdi ng\u01b0\u1eddi l\u00e0 \u0111i\u1ec1u \u0111\u01b0\u1ee3c nhi\u1ec1u ng\u01b0\u1eddi quan t\u00e2m. Nh\u1ea5t l\u00e0 v\u1edbi ng\u01b0\u1eddi cao tu\u1ed5i, tr\u1ebb nh\u1ecf hay ph\u1ee5 n\u1eef kh\u00f4ng u\u1ed1ng \u0111\u01b0\u1ee3c r\u01b0\u1ee3u vang n\u1ed3ng \u0111\u1ed9 cao th\u00ec ch\u1ecdn lo\u1ea1i vang v\u1eeba c\u00f3 n\u1ed3ng \u0111\u1ed9 th\u1ea5p v\u1eeba c\u00f3 h\u01b0\u01a1ng v\u1ecb th\u01a1m ngon l\u00e0 \u0111i\u1ec1u v\u00f4 c\u00f9ng quan tr\u1ecdng.<\/p>\n<p>Ch\u00ednh v\u00ec th\u1ebf m\u00e0 khi ch\u00ednh th\u1ee9c \u0111\u01b0\u1ee3c b\u00e0y b\u00e1n t\u1ea1i Vi\u1ec7t Nam, r\u01b0\u1ee3u \u0111\u01b0\u1ee3c s\u1ea3n xu\u1ea5t b\u1edfi th\u01b0\u01a1ng hi\u1ec7u Prosecco Valdo \u0111\u00e3 nh\u1eadn \u0111\u01b0\u1ee3c s\u1ef1 y\u00eau th\u00edch c\u1ee7a nhi\u1ec1u \u0111\u1ed1i t\u01b0\u1ee3ng kh\u00e1ch h\u00e0ng. V\u00ec \u0111\u00e2y l\u00e0 lo\u1ea1i r\u01b0\u1ee3u vang n\u1ed5 c\u00f3 n\u1ed3ng \u0111\u1ed9 ch\u1ec9 l\u00e0 11% c\u00f9ng v\u1edbi l\u01b0\u1ee3ng acid v\u1eeba \u0111\u1ee7 n\u00ean th\u00edch h\u1ee3p v\u1edbi nhi\u1ec1u ng\u01b0\u1eddi th\u01b0\u1edfng th\u1ee9c.<\/p>\n<p>B\u00ean c\u1ea1nh \u0111\u00f3 th\u00ec lo\u1ea1i r\u01b0\u1ee3u vang n\u1ed5 n\u00e0y c\u00f2n c\u00f3 m\u00e0u v\u00e0ng r\u01a1m nh\u1ea1t \u0111i\u1ec3m xuy\u1ebft th\u00eam \u00e1nh m\u00e0u xanh l\u1ee5c n\u00ean nh\u00ecn r\u1ea5t thanh tao, trong s\u00e1ng v\u00e0 thu\u1ea7n khi\u1ebft. Nh\u1ea5t l\u00e0 khi r\u01b0\u1ee3u \u0111\u01b0\u1ee3c r\u00f3t ra ly v\u00e0 \u0111\u01b0\u1ee3c c\u1ea3m nh\u1eadn d\u01b0\u1edbi \u00e1nh s\u00e1ng m\u1eb7t tr\u1eddi chi\u1ebfu v\u00e0o th\u00ec b\u1ea1n l\u1ea1i c\u00e0ng th\u1ea5y v\u1ebb \u0111\u1eb9p tinh t\u1ebf c\u1ee7a m\u00e0u r\u01b0\u1ee3u.<\/p>\n<p>\u0110\u1eb7c bi\u1ec7t v\u1edbi vi\u1ec7c \u0111\u1ec3 gi\u1ed1ng nho Blend l\u00e0m ch\u1ee7 \u0111\u1ea1o v\u00e0 k\u1ebft h\u1ee3p v\u1edbi m\u1ed9t s\u1ed1 lo\u1ea1i hoa qu\u1ea3 nhi\u1ec7t \u0111\u1edbi m\u00e0 r\u00f5 n\u00e9t nh\u1ea5t l\u00e0 m\u00f9i h\u01b0\u01a1ng c\u1ee7a qu\u1ea3 t\u00e1o xanh \u0111\u00e3 khi\u1ebfn cho h\u01b0\u01a1ng v\u1ecb c\u1ee7a lo\u1ea1i r\u01b0\u1ee3u n\u00e0y ng\u1eadp tr\u00e0n s\u1ef1 s\u1ea3ng kho\u00e1i ngay khi v\u00e0o b\u00ean trong khoang mi\u1ec7ng.<\/p>\n<p>V\u00e0 m\u00f9i h\u01b0\u01a1ng c\u1ee7a g\u1ed7 s\u1ed3i c\u00f9ng h\u01b0\u01a1ng vani, thoang tho\u1ea3ng ch\u00fat h\u01b0\u01a1ng hoa t\u1ef1 nhi\u00ean c\u00f2n l\u1eafng \u0111\u1ecdng th\u1eadt s\u00e2u \u1edf trong c\u1ed5 h\u1ecdng gi\u00fap b\u1ea1n c\u1ea3m nh\u1eadn d\u01b0 v\u1ecb b\u1ec1n l\u00e2u khi th\u01b0\u1edfng th\u1ee9c lo\u1ea1i vang n\u1ed5 n\u00e0y.<\/p>\n","protected":false},"excerpt":{"rendered":"<p>L\u00e0 m\u1ed9t trong nh\u1eefng lo\u1ea1i r\u01b0\u1ee3u Champagne kh\u00e1 \u0111\u01b0\u1ee3c \u01b0a chu\u1ed9ng tr\u00ean th\u1ebf gi\u1edbi v\u00e0 th\u00edch h\u1ee3p cho nhi\u1ec1u th\u1ef1c kh\u00e1ch \u1edf c\u00e1c \u0111\u1ed9 tu\u1ed5i kh\u00e1c nhau, R\u01b0\u1ee3u Champagne Valdo Oro Blanc De Blancs Extra Dry c\u1ee7a th\u01b0\u01a1ng hi\u1ec7u Prosecco Valdo ng\u00e0y c\u00e0ng kh\u1eb3ng \u0111\u1ecbnh \u0111\u01b0\u1ee3c v\u1ecb tr\u00ed c\u1ee7a m\u00ecnh trong l\u00f2ng ng\u01b0\u1eddi ti\u00eau d\u00f9ng. [&hellip;]<\/p>\n","protected":false},"featured_media":6522,"comment_status":"closed","ping_status":"closed","template":"","meta":[],"class_list":{"0":"post-6521","1":"product","2":"type-product","3":"status-publish","4":"has-post-thumbnail","6":"product_cat-ruou-vang-y","8":"first","9":"instock","10":"shipping-taxable","11":"purchasable","12":"product-type-simple"},"_links":{"self":[{"href":"http:\/\/winelove.vn\/9xweb\/index.php?rest_route=\/wp\/v2\/product\/6521"}],"collection":[{"href":"http:\/\/winelove.vn\/9xweb\/index.php?rest_route=\/wp\/v2\/product"}],"about":[{"href":"http:\/\/winelove.vn\/9xweb\/index.php?rest_route=\/wp\/v2\/types\/product"}],"replies":[{"embeddable":true,"href":"http:\/\/winelove.vn\/9xweb\/index.php?rest_route=%2Fwp%2Fv2%2Fcomments&post=6521"}],"wp:featuredmedia":[{"embeddable":true,"href":"http:\/\/winelove.vn\/9xweb\/index.php?rest_route=\/wp\/v2\/media\/6522"}],"wp:attachment":[{"href":"http:\/\/winelove.vn\/9xweb\/index.php?rest_route=%2Fwp%2Fv2%2Fmedia&parent=6521"}],"curies":[{"name":"wp","href":"https:\/\/api.w.org\/{rel}","templated":true}]}}